{"id":5004,"date":"2021-06-19T13:16:21","date_gmt":"2021-06-19T10:16:21","guid":{"rendered":"https:\/\/seldacenter.com\/?page_id=5004"},"modified":"2021-06-19T13:16:21","modified_gmt":"2021-06-19T10:16:21","slug":"genital-cerrahi-estetik","status":"publish","type":"page","link":"https:\/\/seldacenter.com\/sq\/genital-cerrahi-estetik\/","title":{"rendered":"Genital Cerrahi (Estetik)"},"content":{"rendered":"<div data-elementor-type=\"wp-post\" data-elementor-id=\"5004\" class=\"elementor elementor-5004\" data-elementor-post-type=\"page\">\n\t\t\t\t\t\t<section class=\"elementor-section elementor-top-section elementor-element elementor-element-0936fe0 elementor-section-full_width elementor-section-stretched elementor-section-height-default elementor-section-height-default\" data-id=\"0936fe0\" data-element_type=\"section\" data-settings=\"{&quot;shape_divider_top&quot;:&quot;book&quot;,&quot;shape_divider_top_negative&quot;:&quot;yes&quot;,&quot;shape_divider_bottom&quot;:&quot;book&quot;,&quot;shape_divider_bottom_negative&quot;:&quot;yes&quot;,&quot;stretch_section&quot;:&quot;section-stretched&quot;,&quot;background_background&quot;:&quot;classic&quot;}\">\n\t\t\t\t\t\t\t<div class=\"elementor-background-overlay\"><\/div>\n\t\t\t\t\t\t<div class=\"elementor-shape elementor-shape-top\" aria-hidden=\"true\" data-negative=\"true\">\n\t\t\t<svg xmlns=\"http:\/\/www.w3.org\/2000\/svg\" viewbox=\"0 0 1000 100\" preserveaspectratio=\"none\">\n\t<path class=\"elementor-shape-fill\" d=\"M806,94.7C619.5,90,500,20.3,500,1.7c-1,18.6-117.5,88.3-306,93C92,97.2,0,97.9,0,97.9v-0l0,0v2.3h1000v-2.3 C1000,97.7,920.3,97.6,806,94.7z M350,65.1L350,65.1L350,65.1L350,65.1z\"\/>\n<\/svg>\n\t\t<\/div>\n\t\t\t\t<div class=\"elementor-shape elementor-shape-bottom\" aria-hidden=\"true\" data-negative=\"true\">\n\t\t\t<svg xmlns=\"http:\/\/www.w3.org\/2000\/svg\" viewbox=\"0 0 1000 100\" preserveaspectratio=\"none\">\n\t<path class=\"elementor-shape-fill\" d=\"M806,94.7C619.5,90,500,20.3,500,1.7c-1,18.6-117.5,88.3-306,93C92,97.2,0,97.9,0,97.9v-0l0,0v2.3h1000v-2.3 C1000,97.7,920.3,97.6,806,94.7z M350,65.1L350,65.1L350,65.1L350,65.1z\"\/>\n<\/svg>\n\t\t<\/div>\n\t\t\t\t\t<div class=\"elementor-container elementor-column-gap-no\">\n\t\t\t\t\t<div class=\"elementor-column elementor-col-100 elementor-top-column elementor-element elementor-element-14fd617\" data-id=\"14fd617\" data-element_type=\"column\">\n\t\t\t<div class=\"elementor-widget-wrap elementor-element-populated\">\n\t\t\t\t\t\t<div class=\"elementor-element elementor-element-07b84c3 elementor-widget elementor-widget-heading\" data-id=\"07b84c3\" data-element_type=\"widget\" data-widget_type=\"heading.default\">\n\t\t\t\t<div class=\"elementor-widget-container\">\n\t\t\t\t\t<h2 class=\"elementor-heading-title elementor-size-default\">Genital Cerrahi (Estetik)<\/h2>\t\t\t\t<\/div>\n\t\t\t\t<\/div>\n\t\t\t\t<div class=\"elementor-element elementor-element-54f49f5 elementor-widget-divider--view-line elementor-widget elementor-widget-divider\" data-id=\"54f49f5\" data-element_type=\"widget\" data-widget_type=\"divider.default\">\n\t\t\t\t<div class=\"elementor-widget-container\">\n\t\t\t\t\t\t\t<div class=\"elementor-divider\">\n\t\t\t<span class=\"elementor-divider-separator\">\n\t\t\t\t\t\t<\/span>\n\t\t<\/div>\n\t\t\t\t\t\t<\/div>\n\t\t\t\t<\/div>\n\t\t\t\t\t<\/div>\n\t\t<\/div>\n\t\t\t\t\t<\/div>\n\t\t<\/section>\n\t\t\t\t<section class=\"elementor-section elementor-top-section elementor-element elementor-element-6dcf152a elementor-section-full_width elementor-section-content-middle elementor-section-stretched elementor-section-height-default elementor-section-height-default\" data-id=\"6dcf152a\" data-element_type=\"section\" data-settings=\"{&quot;shape_divider_top&quot;:&quot;book&quot;,&quot;shape_divider_top_negative&quot;:&quot;yes&quot;,&quot;shape_divider_bottom&quot;:&quot;book&quot;,&quot;shape_divider_bottom_negative&quot;:&quot;yes&quot;,&quot;stretch_section&quot;:&quot;section-stretched&quot;}\">\n\t\t\t\t\t<div class=\"elementor-shape elementor-shape-top\" aria-hidden=\"true\" data-negative=\"true\">\n\t\t\t<svg xmlns=\"http:\/\/www.w3.org\/2000\/svg\" viewbox=\"0 0 1000 100\" preserveaspectratio=\"none\">\n\t<path class=\"elementor-shape-fill\" d=\"M806,94.7C619.5,90,500,20.3,500,1.7c-1,18.6-117.5,88.3-306,93C92,97.2,0,97.9,0,97.9v-0l0,0v2.3h1000v-2.3 C1000,97.7,920.3,97.6,806,94.7z M350,65.1L350,65.1L350,65.1L350,65.1z\"\/>\n<\/svg>\n\t\t<\/div>\n\t\t\t\t<div class=\"elementor-shape elementor-shape-bottom\" aria-hidden=\"true\" data-negative=\"true\">\n\t\t\t<svg xmlns=\"http:\/\/www.w3.org\/2000\/svg\" viewbox=\"0 0 1000 100\" preserveaspectratio=\"none\">\n\t<path class=\"elementor-shape-fill\" d=\"M806,94.7C619.5,90,500,20.3,500,1.7c-1,18.6-117.5,88.3-306,93C92,97.2,0,97.9,0,97.9v-0l0,0v2.3h1000v-2.3 C1000,97.7,920.3,97.6,806,94.7z M350,65.1L350,65.1L350,65.1L350,65.1z\"\/>\n<\/svg>\n\t\t<\/div>\n\t\t\t\t\t<div class=\"elementor-container elementor-column-gap-no\">\n\t\t\t\t\t<div class=\"elementor-column elementor-col-50 elementor-top-column elementor-element elementor-element-3e4420b7\" data-id=\"3e4420b7\" data-element_type=\"column\">\n\t\t\t<div class=\"elementor-widget-wrap elementor-element-populated\">\n\t\t\t\t\t\t<section class=\"elementor-section elementor-inner-section elementor-element elementor-element-9f6af43 elementor-section-content-middle elementor-section-boxed elementor-section-height-default elementor-section-height-default\" data-id=\"9f6af43\" data-element_type=\"section\">\n\t\t\t\t\t\t<div class=\"elementor-container elementor-column-gap-default\">\n\t\t\t\t\t<div class=\"elementor-column elementor-col-100 elementor-inner-column elementor-element elementor-element-661302bd\" data-id=\"661302bd\" data-element_type=\"column\" data-settings=\"{&quot;background_background&quot;:&quot;classic&quot;}\">\n\t\t\t<div class=\"elementor-widget-wrap elementor-element-populated\">\n\t\t\t\t\t\t<div class=\"elementor-element elementor-element-53926fd2 elementor-widget elementor-widget-heading\" data-id=\"53926fd2\" data-element_type=\"widget\" data-widget_type=\"heading.default\">\n\t\t\t\t<div class=\"elementor-widget-container\">\n\t\t\t\t\t<h2 class=\"elementor-heading-title elementor-size-default\">Genital Cerrahi (Estetik)<\/h2>\t\t\t\t<\/div>\n\t\t\t\t<\/div>\n\t\t\t\t<div class=\"elementor-element elementor-element-412c3295 elementor-widget-divider--view-line elementor-widget elementor-widget-divider\" data-id=\"412c3295\" data-element_type=\"widget\" data-widget_type=\"divider.default\">\n\t\t\t\t<div class=\"elementor-widget-container\">\n\t\t\t\t\t\t\t<div class=\"elementor-divider\">\n\t\t\t<span class=\"elementor-divider-separator\">\n\t\t\t\t\t\t<\/span>\n\t\t<\/div>\n\t\t\t\t\t\t<\/div>\n\t\t\t\t<\/div>\n\t\t\t\t<div class=\"elementor-element elementor-element-2fea7a75 elementor-widget elementor-widget-spacer\" data-id=\"2fea7a75\" data-element_type=\"widget\" data-widget_type=\"spacer.default\">\n\t\t\t\t<div class=\"elementor-widget-container\">\n\t\t\t\t\t\t\t<div class=\"elementor-spacer\">\n\t\t\t<div class=\"elementor-spacer-inner\"><\/div>\n\t\t<\/div>\n\t\t\t\t\t\t<\/div>\n\t\t\t\t<\/div>\n\t\t\t\t<div class=\"elementor-element elementor-element-5071e89b elementor-widget elementor-widget-text-editor\" data-id=\"5071e89b\" data-element_type=\"widget\" data-widget_type=\"text-editor.default\">\n\t\t\t\t<div class=\"elementor-widget-container\">\n\t\t\t\t\t\t\t\t\t<p>Vajinan\u0131n istedi\u011finiz g\u00f6r\u00fcn\u00fcme ula\u015fmas\u0131 amac\u0131yla Genital Cerrahi (Estetik) uygulamas\u0131na yer verilmektedir. B\u00f6ylece kal\u0131c\u0131 sonu\u00e7lar\u0131 elde etmeniz i\u00e7in gerekli ad\u0131mlar at\u0131lmaktad\u0131r. Sizler de enfeksiyon, ka\u015f\u0131nt\u0131, ak\u0131nt\u0131 gibi \u00e7e\u015fitli sorunlar\u0131 ya\u015fad\u0131\u011f\u0131n\u0131zda hemen uzman doktorunuzla g\u00f6r\u00fc\u015febilirsiniz. B\u00f6ylece genital b\u00f6lgede ya\u015fad\u0131\u011f\u0131n\u0131z sorunlar\u0131n kal\u0131c\u0131 olarak \u00e7\u00f6z\u00fcme ula\u015faca\u011f\u0131n\u0131 aktar\u0131yoruz. Psikolojik a\u00e7\u0131dan ciddi zararlar\u0131 g\u00f6rmenize neden olacak bu durumlar\u0131 gizlemek yerine \u00e7\u00f6z\u00fcm aray\u0131\u015f\u0131na girmelisiniz. Ger\u00e7ekle\u015ftirilecek olan cerrahi y\u00f6ntemler sayesinde sorunlar\u0131n\u0131z\u0131n t\u00fcr\u00fcne g\u00f6re hareket edilmektedir. Yap\u0131lacak operasyonlardan sonra evde uyman\u0131z gereken tedavi s\u00fcre\u00e7lerini ba\u015far\u0131yla tamamlaman\u0131z da m\u00fcmk\u00fcn olacakt\u0131r.<\/p>\t\t\t\t\t\t\t\t<\/div>\n\t\t\t\t<\/div>\n\t\t\t\t\t<\/div>\n\t\t<\/div>\n\t\t\t\t\t<\/div>\n\t\t<\/section>\n\t\t\t\t\t<\/div>\n\t\t<\/div>\n\t\t\t\t<div class=\"elementor-column elementor-col-50 elementor-top-column elementor-element elementor-element-7b4b55a1\" data-id=\"7b4b55a1\" data-element_type=\"column\" data-settings=\"{&quot;background_background&quot;:&quot;classic&quot;}\">\n\t\t\t<div class=\"elementor-widget-wrap elementor-element-populated\">\n\t\t\t\t\t\t<div class=\"elementor-element elementor-element-50e8b352 elementor-widget elementor-widget-spacer\" data-id=\"50e8b352\" data-element_type=\"widget\" data-widget_type=\"spacer.default\">\n\t\t\t\t<div class=\"elementor-widget-container\">\n\t\t\t\t\t\t\t<div class=\"elementor-spacer\">\n\t\t\t<div class=\"elementor-spacer-inner\"><\/div>\n\t\t<\/div>\n\t\t\t\t\t\t<\/div>\n\t\t\t\t<\/div>\n\t\t\t\t\t<\/div>\n\t\t<\/div>\n\t\t\t\t\t<\/div>\n\t\t<\/section>\n\t\t\t\t<section class=\"elementor-section elementor-top-section elementor-element elementor-element-18028a2 elementor-section-full_width elementor-section-stretched elementor-section-height-default elementor-section-height-default\" data-id=\"18028a2\" data-element_type=\"section\" data-settings=\"{&quot;stretch_section&quot;:&quot;section-stretched&quot;}\">\n\t\t\t\t\t\t<div class=\"elementor-container elementor-column-gap-default\">\n\t\t\t\t\t<div class=\"elementor-column elementor-col-100 elementor-top-column elementor-element elementor-element-1f37e22\" data-id=\"1f37e22\" data-element_type=\"column\">\n\t\t\t<div class=\"elementor-widget-wrap elementor-element-populated\">\n\t\t\t\t\t\t<section class=\"elementor-section elementor-inner-section elementor-element elementor-element-c290278 elementor-section-content-middle elementor-section-full_width elementor-section-height-default elementor-section-height-default\" data-id=\"c290278\" data-element_type=\"section\">\n\t\t\t\t\t\t<div class=\"elementor-container elementor-column-gap-default\">\n\t\t\t\t\t<div class=\"elementor-column elementor-col-100 elementor-inner-column elementor-element elementor-element-7cf6af4\" data-id=\"7cf6af4\" data-element_type=\"column\" data-settings=\"{&quot;background_background&quot;:&quot;classic&quot;}\">\n\t\t\t<div class=\"elementor-widget-wrap elementor-element-populated\">\n\t\t\t\t\t\t<div class=\"elementor-element elementor-element-07a5f37 elementor-widget elementor-widget-heading\" data-id=\"07a5f37\" data-element_type=\"widget\" data-widget_type=\"heading.default\">\n\t\t\t\t<div class=\"elementor-widget-container\">\n\t\t\t\t\t<h2 class=\"elementor-heading-title elementor-size-xl\">Genital Cerrahi (Estetik) i\u00e7in dikkat edilmesi gerekenler nelerdir?<\/h2>\t\t\t\t<\/div>\n\t\t\t\t<\/div>\n\t\t\t\t<div class=\"elementor-element elementor-element-e2b7193 elementor-widget-divider--view-line elementor-widget elementor-widget-divider\" data-id=\"e2b7193\" data-element_type=\"widget\" data-widget_type=\"divider.default\">\n\t\t\t\t<div class=\"elementor-widget-container\">\n\t\t\t\t\t\t\t<div class=\"elementor-divider\">\n\t\t\t<span class=\"elementor-divider-separator\">\n\t\t\t\t\t\t<\/span>\n\t\t<\/div>\n\t\t\t\t\t\t<\/div>\n\t\t\t\t<\/div>\n\t\t\t\t<div class=\"elementor-element elementor-element-255f9b8 elementor-widget elementor-widget-spacer\" data-id=\"255f9b8\" data-element_type=\"widget\" data-widget_type=\"spacer.default\">\n\t\t\t\t<div class=\"elementor-widget-container\">\n\t\t\t\t\t\t\t<div class=\"elementor-spacer\">\n\t\t\t<div class=\"elementor-spacer-inner\"><\/div>\n\t\t<\/div>\n\t\t\t\t\t\t<\/div>\n\t\t\t\t<\/div>\n\t\t\t\t<div class=\"elementor-element elementor-element-fbad7a7 elementor-widget elementor-widget-text-editor\" data-id=\"fbad7a7\" data-element_type=\"widget\" data-widget_type=\"text-editor.default\">\n\t\t\t\t<div class=\"elementor-widget-container\">\n\t\t\t\t\t\t\t\t\t<p>Operasyonun ne \u015fekilde yap\u0131laca\u011f\u0131n\u0131 doktorunuz en iyi bi\u00e7imde belirleyecektir. Dudaklar\u0131n b\u00fcy\u00fck veya k\u00fc\u00e7\u00fck olmas\u0131 halinde Labiaplastik i\u015flemi ger\u00e7ekle\u015ftirilirken, daha kal\u0131n ve dolgun k\u0131s\u0131mlar\u0131n \u015fekillendirilmesinde ise Labium uygulamas\u0131na yer verilmektedir. Ki\u015filerin ya\u015flanmadan veya \u00e7e\u015fitli sebeplerden dolay\u0131 ya\u015fad\u0131klar\u0131 sarkmalardan ve ak\u0131nt\u0131 probleminden kurtulabilmek i\u00e7in nelere dikkat etmeniz gerekti\u011fini \u00f6\u011frenmelisiniz. Yap\u0131lacak i\u015flemlerin \u00e7e\u015fitlerine g\u00f6re farkl\u0131 tavsiyeler bulunmaktad\u0131r. Doktorunuz m\u00fcdahale \u00f6ncesinde uyman\u0131z gereken kurallara dair gerekli bilgileri vereceklerdir. G\u00fcnl\u00fck ya\u015fam\u0131n\u0131za d\u00f6nece\u011finiz 2 ayl\u0131k s\u00fcre\u00e7te baz\u0131 yasaklara uyman\u0131z gerekmektedir.<\/p>\t\t\t\t\t\t\t\t<\/div>\n\t\t\t\t<\/div>\n\t\t\t\t<div class=\"elementor-element elementor-element-f2e7565 elementor-widget elementor-widget-spacer\" data-id=\"f2e7565\" data-element_type=\"widget\" data-widget_type=\"spacer.default\">\n\t\t\t\t<div class=\"elementor-widget-container\">\n\t\t\t\t\t\t\t<div class=\"elementor-spacer\">\n\t\t\t<div class=\"elementor-spacer-inner\"><\/div>\n\t\t<\/div>\n\t\t\t\t\t\t<\/div>\n\t\t\t\t<\/div>\n\t\t\t\t<div class=\"elementor-element elementor-element-f95befe elementor-widget elementor-widget-heading\" data-id=\"f95befe\" data-element_type=\"widget\" data-widget_type=\"heading.default\">\n\t\t\t\t<div class=\"elementor-widget-container\">\n\t\t\t\t\t<h4 class=\"elementor-heading-title elementor-size-large\">Genital Cerrahi (Estetik)operasyonu sonras\u0131nda nelere dikkat edilmesi gerekmektedir?<\/h4>\t\t\t\t<\/div>\n\t\t\t\t<\/div>\n\t\t\t\t<div class=\"elementor-element elementor-element-06ffc81 elementor-widget-divider--view-line elementor-widget elementor-widget-divider\" data-id=\"06ffc81\" data-element_type=\"widget\" data-widget_type=\"divider.default\">\n\t\t\t\t<div class=\"elementor-widget-container\">\n\t\t\t\t\t\t\t<div class=\"elementor-divider\">\n\t\t\t<span class=\"elementor-divider-separator\">\n\t\t\t\t\t\t<\/span>\n\t\t<\/div>\n\t\t\t\t\t\t<\/div>\n\t\t\t\t<\/div>\n\t\t\t\t<div class=\"elementor-element elementor-element-c193187 elementor-widget elementor-widget-text-editor\" data-id=\"c193187\" data-element_type=\"widget\" data-widget_type=\"text-editor.default\">\n\t\t\t\t<div class=\"elementor-widget-container\">\n\t\t\t\t\t\t\t\t\t<p>Hastaya uygulanacak <strong>Genital Cerrahi (Estetik)<\/strong> i\u015fleminden sonra belirli bir s\u00fcre cinsel ili\u015fkiye girilmemesi gerekmektedir. Yakla\u015f\u0131k 2 ayl\u0131k s\u00fcre\u00e7te bu yasa\u011fa uygun \u015fekilde hareket eden ki\u015filerde komplikasyon ya\u015fanma riski olduk\u00e7a d\u00fc\u015f\u00fckt\u00fcr. E\u011fer bu s\u00fcre\u00e7ten erken bir zaman diliminde cinsel ili\u015fkiye girerseniz, bas\u0131n\u00e7 uygulanmas\u0131n\u0131n yara olan b\u00f6lge i\u00e7in verimsiz sonu\u00e7lar\u0131 do\u011furaca\u011f\u0131n\u0131 aktarmaktay\u0131z.<\/p>\t\t\t\t\t\t\t\t<\/div>\n\t\t\t\t<\/div>\n\t\t\t\t\t<\/div>\n\t\t<\/div>\n\t\t\t\t\t<\/div>\n\t\t<\/section>\n\t\t\t\t\t<\/div>\n\t\t<\/div>\n\t\t\t\t\t<\/div>\n\t\t<\/section>\n\t\t\t\t<\/div>","protected":false},"excerpt":{"rendered":"<p>Genital Cerrahi (Estetik) Genital Cerrahi (Estetik) Vajinan\u0131n istedi\u011finiz g\u00f6r\u00fcn\u00fcme ula\u015fmas\u0131 amac\u0131yla Genital Cerrahi (Estetik) uygulamas\u0131na yer verilmektedir. B\u00f6ylece kal\u0131c\u0131 sonu\u00e7lar\u0131 elde etmeniz i\u00e7in gerekli ad\u0131mlar at\u0131lmaktad\u0131r. Sizler de enfeksiyon, ka\u015f\u0131nt\u0131, ak\u0131nt\u0131 gibi \u00e7e\u015fitli sorunlar\u0131 ya\u015fad\u0131\u011f\u0131n\u0131zda hemen uzman doktorunuzla g\u00f6r\u00fc\u015febilirsiniz. B\u00f6ylece genital b\u00f6lgede ya\u015fad\u0131\u011f\u0131n\u0131z sorunlar\u0131n kal\u0131c\u0131 olarak \u00e7\u00f6z\u00fcme ula\u015faca\u011f\u0131n\u0131 aktar\u0131yoruz. Psikolojik a\u00e7\u0131dan ciddi zararlar\u0131 g\u00f6rmenize neden [&hellip;]<\/p>\n","protected":false},"author":2,"featured_media":0,"parent":0,"menu_order":0,"comment_status":"closed","ping_status":"closed","template":"elementor_header_footer","meta":{"postBodyMargin":[],"postBodyPadding":[],"postBodyBackground":{"backgroundType":"classic","gradient":""},"footnotes":""},"class_list":["post-5004","page","type-page","status-publish","hentry"],"_links":{"self":[{"href":"https:\/\/seldacenter.com\/sq\/wp-json\/wp\/v2\/pages\/5004","targetHints":{"allow":["GET"]}}],"collection":[{"href":"https:\/\/seldacenter.com\/sq\/wp-json\/wp\/v2\/pages"}],"about":[{"href":"https:\/\/seldacenter.com\/sq\/wp-json\/wp\/v2\/types\/page"}],"author":[{"embeddable":true,"href":"https:\/\/seldacenter.com\/sq\/wp-json\/wp\/v2\/users\/2"}],"replies":[{"embeddable":true,"href":"https:\/\/seldacenter.com\/sq\/wp-json\/wp\/v2\/comments?post=5004"}],"version-history":[{"count":0,"href":"https:\/\/seldacenter.com\/sq\/wp-json\/wp\/v2\/pages\/5004\/revisions"}],"wp:attachment":[{"href":"https:\/\/seldacenter.com\/sq\/wp-json\/wp\/v2\/media?parent=5004"}],"curies":[{"name":"wp","href":"https:\/\/api.w.org\/{rel}","templated":true}]}}