{"id":3889,"date":"2019-06-13T17:53:46","date_gmt":"2019-06-13T14:53:46","guid":{"rendered":"https:\/\/seldacenter.com\/?page_id=3889"},"modified":"2023-11-28T21:10:46","modified_gmt":"2023-11-28T21:10:46","slug":"mezoterapi-2","status":"publish","type":"page","link":"https:\/\/seldacenter.com\/sq\/mezoterapi-2\/","title":{"rendered":"Mezoterapia"},"content":{"rendered":"<div data-elementor-type=\"wp-post\" data-elementor-id=\"3889\" class=\"elementor elementor-3889\" data-elementor-post-type=\"page\">\n\t\t\t\t\t\t<section class=\"elementor-section elementor-top-section elementor-element elementor-element-b9aa95a elementor-section-content-middle elementor-section-boxed elementor-section-height-default elementor-section-height-default\" data-id=\"b9aa95a\" data-element_type=\"section\">\n\t\t\t\t\t\t<div class=\"elementor-container elementor-column-gap-default\">\n\t\t\t\t\t<div class=\"elementor-column elementor-col-50 elementor-top-column elementor-element elementor-element-ce223ad\" data-id=\"ce223ad\" data-element_type=\"column\" data-settings=\"{&quot;background_background&quot;:&quot;classic&quot;}\">\n\t\t\t<div class=\"elementor-widget-wrap elementor-element-populated\">\n\t\t\t\t\t\t<div class=\"elementor-element elementor-element-c729216 elementor-widget elementor-widget-image\" data-id=\"c729216\" data-element_type=\"widget\" data-widget_type=\"image.default\">\n\t\t\t\t<div class=\"elementor-widget-container\">\n\t\t\t\t\t\t\t\t\t\t\t\t\t\t\t<img fetchpriority=\"high\" decoding=\"async\" width=\"1920\" height=\"1080\" src=\"https:\/\/seldacenter.com\/wp-content\/uploads\/2023\/11\/sac-mezoterapisi.jpg.webp\" class=\"attachment-full size-full wp-image-13197\" alt=\"\" srcset=\"https:\/\/seldacenter.com\/wp-content\/uploads\/2023\/11\/sac-mezoterapisi.jpg.webp 1920w, https:\/\/seldacenter.com\/wp-content\/uploads\/2023\/11\/sac-mezoterapisi.jpg-600x338.webp 600w, https:\/\/seldacenter.com\/wp-content\/uploads\/2023\/11\/sac-mezoterapisi.jpg-300x169.webp 300w, https:\/\/seldacenter.com\/wp-content\/uploads\/2023\/11\/sac-mezoterapisi.jpg-1024x576.webp 1024w, https:\/\/seldacenter.com\/wp-content\/uploads\/2023\/11\/sac-mezoterapisi.jpg-768x432.webp 768w, https:\/\/seldacenter.com\/wp-content\/uploads\/2023\/11\/sac-mezoterapisi.jpg-1536x864.webp 1536w\" sizes=\"(max-width: 1920px) 100vw, 1920px\" \/>\t\t\t\t\t\t\t\t\t\t\t\t\t\t\t<\/div>\n\t\t\t\t<\/div>\n\t\t\t\t\t<\/div>\n\t\t<\/div>\n\t\t\t\t<div class=\"elementor-column elementor-col-50 elementor-top-column elementor-element elementor-element-3315447\" data-id=\"3315447\" data-element_type=\"column\">\n\t\t\t<div class=\"elementor-widget-wrap elementor-element-populated\">\n\t\t\t\t\t\t<div class=\"elementor-element elementor-element-8e4718f elementor-widget-divider--view-line_text elementor-widget-divider--element-align-left elementor-widget elementor-widget-divider\" data-id=\"8e4718f\" data-element_type=\"widget\" data-widget_type=\"divider.default\">\n\t\t\t\t<div class=\"elementor-widget-container\">\n\t\t\t\t\t\t\t<div class=\"elementor-divider\">\n\t\t\t<span class=\"elementor-divider-separator\">\n\t\t\t\t\t\t\t<h3 class=\"elementor-divider__text elementor-divider__element\">\n\t\t\t\tMezoterapia\t\t\t\t<\/h3>\n\t\t\t\t\t\t<\/span>\n\t\t<\/div>\n\t\t\t\t\t\t<\/div>\n\t\t\t\t<\/div>\n\t\t\t\t<div class=\"elementor-element elementor-element-3ce17f0 elementor-align-left elementor-icon-list--layout-traditional elementor-list-item-link-full_width elementor-widget elementor-widget-icon-list\" data-id=\"3ce17f0\" data-element_type=\"widget\" data-widget_type=\"icon-list.default\">\n\t\t\t\t<div class=\"elementor-widget-container\">\n\t\t\t\t\t\t\t<ul class=\"elementor-icon-list-items\">\n\t\t\t\t\t\t\t<li class=\"elementor-icon-list-item\">\n\t\t\t\t\t\t\t\t\t\t\t<span class=\"elementor-icon-list-icon\">\n\t\t\t\t\t\t\t<svg aria-hidden=\"true\" class=\"e-font-icon-svg e-far-hospital\" viewbox=\"0 0 448 512\" xmlns=\"http:\/\/www.w3.org\/2000\/svg\"><path d=\"M128 244v-40c0-6.627 5.373-12 12-12h40c6.627 0 12 5.373 12 12v40c0 6.627-5.373 12-12 12h-40c-6.627 0-12-5.373-12-12zm140 12h40c6.627 0 12-5.373 12-12v-40c0-6.627-5.373-12-12-12h-40c-6.627 0-12 5.373-12 12v40c0 6.627 5.373 12 12 12zm-76 84v-40c0-6.627-5.373-12-12-12h-40c-6.627 0-12 5.373-12 12v40c0 6.627 5.373 12 12 12h40c6.627 0 12-5.373 12-12zm76 12h40c6.627 0 12-5.373 12-12v-40c0-6.627-5.373-12-12-12h-40c-6.627 0-12 5.373-12 12v40c0 6.627 5.373 12 12 12zm180 124v36H0v-36c0-6.627 5.373-12 12-12h19.5V85.035C31.5 73.418 42.245 64 55.5 64H144V24c0-13.255 10.745-24 24-24h112c13.255 0 24 10.745 24 24v40h88.5c13.255 0 24 9.418 24 21.035V464H436c6.627 0 12 5.373 12 12zM79.5 463H192v-67c0-6.627 5.373-12 12-12h40c6.627 0 12 5.373 12 12v67h112.5V112H304v24c0 13.255-10.745 24-24 24H168c-13.255 0-24-10.745-24-24v-24H79.5v351zM266 64h-26V38a6 6 0 0 0-6-6h-20a6 6 0 0 0-6 6v26h-26a6 6 0 0 0-6 6v20a6 6 0 0 0 6 6h26v26a6 6 0 0 0 6 6h20a6 6 0 0 0 6-6V96h26a6 6 0 0 0 6-6V70a6 6 0 0 0-6-6z\"><\/path><\/svg>\t\t\t\t\t\t<\/span>\n\t\t\t\t\t\t\t\t\t\t<span class=\"elementor-icon-list-text\">Q\u00ebndrimi n\u00eb spital: 1 dit\u00eb<\/span>\n\t\t\t\t\t\t\t\t\t<\/li>\n\t\t\t\t\t\t\t\t<li class=\"elementor-icon-list-item\">\n\t\t\t\t\t\t\t\t\t\t\t<span class=\"elementor-icon-list-icon\">\n\t\t\t\t\t\t\t<svg aria-hidden=\"true\" class=\"e-font-icon-svg e-far-clock\" viewbox=\"0 0 512 512\" xmlns=\"http:\/\/www.w3.org\/2000\/svg\"><path d=\"M256 8C119 8 8 119 8 256s111 248 248 248 248-111 248-248S393 8 256 8zm0 448c-110.5 0-200-89.5-200-200S145.5 56 256 56s200 89.5 200 200-89.5 200-200 200zm61.8-104.4l-84.9-61.7c-3.1-2.3-4.9-5.9-4.9-9.7V116c0-6.6 5.4-12 12-12h32c6.6 0 12 5.4 12 12v141.7l66.8 48.6c5.4 3.9 6.5 11.4 2.6 16.8L334.6 349c-3.9 5.3-11.4 6.5-16.8 2.6z\"><\/path><\/svg>\t\t\t\t\t\t<\/span>\n\t\t\t\t\t\t\t\t\t\t<span class=\"elementor-icon-list-text\">Koha e Funksionimit: 2-4 Or\u00eb<\/span>\n\t\t\t\t\t\t\t\t\t<\/li>\n\t\t\t\t\t\t\t\t<li class=\"elementor-icon-list-item\">\n\t\t\t\t\t\t\t\t\t\t\t<span class=\"elementor-icon-list-icon\">\n\t\t\t\t\t\t\t<svg aria-hidden=\"true\" class=\"e-font-icon-svg e-fas-syringe\" viewbox=\"0 0 512 512\" xmlns=\"http:\/\/www.w3.org\/2000\/svg\"><path d=\"M201.5 174.8l55.7 55.8c3.1 3.1 3.1 8.2 0 11.3l-11.3 11.3c-3.1 3.1-8.2 3.1-11.3 0l-55.7-55.8-45.3 45.3 55.8 55.8c3.1 3.1 3.1 8.2 0 11.3l-11.3 11.3c-3.1 3.1-8.2 3.1-11.3 0L111 265.2l-26.4 26.4c-17.3 17.3-25.6 41.1-23 65.4l7.1 63.6L2.3 487c-3.1 3.1-3.1 8.2 0 11.3l11.3 11.3c3.1 3.1 8.2 3.1 11.3 0l66.3-66.3 63.6 7.1c23.9 2.6 47.9-5.4 65.4-23l181.9-181.9-135.7-135.7-64.9 65zm308.2-93.3L430.5 2.3c-3.1-3.1-8.2-3.1-11.3 0l-11.3 11.3c-3.1 3.1-3.1 8.2 0 11.3l28.3 28.3-45.3 45.3-56.6-56.6-17-17c-3.1-3.1-8.2-3.1-11.3 0l-33.9 33.9c-3.1 3.1-3.1 8.2 0 11.3l17 17L424.8 223l17 17c3.1 3.1 8.2 3.1 11.3 0l33.9-34c3.1-3.1 3.1-8.2 0-11.3l-73.5-73.5 45.3-45.3 28.3 28.3c3.1 3.1 8.2 3.1 11.3 0l11.3-11.3c3.1-3.2 3.1-8.2 0-11.4z\"><\/path><\/svg>\t\t\t\t\t\t<\/span>\n\t\t\t\t\t\t\t\t\t\t<span class=\"elementor-icon-list-text\">Anestezi: E p\u00ebrgjithshme<\/span>\n\t\t\t\t\t\t\t\t\t<\/li>\n\t\t\t\t\t\t\t\t<li class=\"elementor-icon-list-item\">\n\t\t\t\t\t\t\t\t\t\t\t<span class=\"elementor-icon-list-icon\">\n\t\t\t\t\t\t\t<svg aria-hidden=\"true\" class=\"e-font-icon-svg e-far-heart\" viewbox=\"0 0 512 512\" xmlns=\"http:\/\/www.w3.org\/2000\/svg\"><path d=\"M458.4 64.3C400.6 15.7 311.3 23 256 79.3 200.7 23 111.4 15.6 53.6 64.3-21.6 127.6-10.6 230.8 43 285.5l175.4 178.7c10 10.2 23.4 15.9 37.6 15.9 14.3 0 27.6-5.6 37.6-15.8L469 285.6c53.5-54.7 64.7-157.9-10.6-221.3zm-23.6 187.5L259.4 430.5c-2.4 2.4-4.4 2.4-6.8 0L77.2 251.8c-36.5-37.2-43.9-107.6 7.3-150.7 38.9-32.7 98.9-27.8 136.5 10.5l35 35.7 35-35.7c37.8-38.5 97.8-43.2 136.5-10.6 51.1 43.1 43.5 113.9 7.3 150.8z\"><\/path><\/svg>\t\t\t\t\t\t<\/span>\n\t\t\t\t\t\t\t\t\t\t<span class=\"elementor-icon-list-text\">Koha e Rim\u00ebk\u00ebmbjes: 1-2 Jav\u00eb<\/span>\n\t\t\t\t\t\t\t\t\t<\/li>\n\t\t\t\t\t\t<\/ul>\n\t\t\t\t\t\t<\/div>\n\t\t\t\t<\/div>\n\t\t\t\t<div class=\"elementor-element elementor-element-1c8b815 elementor-align-justify elementor-widget elementor-widget-button\" data-id=\"1c8b815\" data-element_type=\"widget\" data-widget_type=\"button.default\">\n\t\t\t\t<div class=\"elementor-widget-container\">\n\t\t\t\t\t\t\t\t\t<div class=\"elementor-button-wrapper\">\n\t\t\t\t\t<a class=\"elementor-button elementor-button-link elementor-size-sm elementor-animation-buzz\" href=\"https:\/\/seldacenter.com\/sq\/\">\n\t\t\t\t\t\t<span class=\"elementor-button-content-wrapper\">\n\t\t\t\t\t\t\t\t\t<span class=\"elementor-button-text\">Rezervoni nj\u00eb takim tani<\/span>\n\t\t\t\t\t<\/span>\n\t\t\t\t\t<\/a>\n\t\t\t\t<\/div>\n\t\t\t\t\t\t\t\t<\/div>\n\t\t\t\t<\/div>\n\t\t\t\t\t<\/div>\n\t\t<\/div>\n\t\t\t\t\t<\/div>\n\t\t<\/section>\n\t\t\t\t<section class=\"elementor-section elementor-top-section elementor-element elementor-element-be0c16e elementor-section-boxed elementor-section-height-default elementor-section-height-default\" data-id=\"be0c16e\" data-element_type=\"section\">\n\t\t\t\t\t\t<div class=\"elementor-container elementor-column-gap-default\">\n\t\t\t\t\t<div class=\"elementor-column elementor-col-100 elementor-top-column elementor-element elementor-element-2fc89ff\" data-id=\"2fc89ff\" data-element_type=\"column\">\n\t\t\t<div class=\"elementor-widget-wrap elementor-element-populated\">\n\t\t\t\t\t\t<div class=\"elementor-element elementor-element-41337025 elementor-widget elementor-widget-text-editor\" data-id=\"41337025\" data-element_type=\"widget\" data-widget_type=\"text-editor.default\">\n\t\t\t\t<div class=\"elementor-widget-container\">\n\t\t\t\t\t\t\t\t\t<p>Individ\u00ebt q\u00eb p\u00ebrjetojn\u00eb r\u00ebnie t\u00eb tep\u00ebrt t\u00eb flok\u00ebve p\u00ebr shkak t\u00eb arsyeve metabolike, sezonale dhe t\u00eb lidhura me stresin, si dhe ata me flok\u00eb t\u00eb brisht\u00eb, t\u00eb pajet\u00eb dhe me pamje t\u00eb zbeht\u00eb, mund t\u00eb p\u00ebrfitojn\u00eb nga mesoterapia e flok\u00ebve.<\/p>\t\t\t\t\t\t\t\t<\/div>\n\t\t\t\t<\/div>\n\t\t\t\t<div class=\"elementor-element elementor-element-4b8f662b elementor-widget elementor-widget-text-editor\" data-id=\"4b8f662b\" data-element_type=\"widget\" data-widget_type=\"text-editor.default\">\n\t\t\t\t<div class=\"elementor-widget-container\">\n\t\t\t\t\t\t\t\t\t<p>P\u00ebrzierje t\u00eb ve\u00e7anta p\u00ebrgatiten sipas struktur\u00ebs s\u00eb flok\u00ebve t\u00eb individit dhe shkall\u00ebs s\u00eb r\u00ebnies dhe d\u00ebmtimit t\u00eb tyre. K\u00ebto p\u00ebrzierje p\u00ebrmbajn\u00eb element\u00eb q\u00eb rrisin qarkullimin e gjakut. Ekspert\u00ebt q\u00eb kryejn\u00eb mezoterapin\u00eb mund t\u00eb shtojn\u00eb produkte t\u00eb ndryshme n\u00eb p\u00ebrzierje n\u00eb var\u00ebsi t\u00eb llojit t\u00eb flok\u00ebve t\u00eb pacientit. P\u00ebrzierja e p\u00ebrgatitur vendoset brenda nj\u00eb pistolete mezoterapie. Ky mjet b\u00ebn t\u00eb mundur aplikimin e trajtimit m\u00eb leht\u00eb dhe n\u00eb m\u00ebnyr\u00eb t\u00eb barabart\u00eb n\u00eb t\u00eb gjith\u00eb skalpin e kok\u00ebs.<\/p>\t\t\t\t\t\t\t\t<\/div>\n\t\t\t\t<\/div>\n\t\t\t\t<div class=\"elementor-element elementor-element-7996aaa2 elementor-widget elementor-widget-text-editor\" data-id=\"7996aaa2\" data-element_type=\"widget\" data-widget_type=\"text-editor.default\">\n\t\t\t\t<div class=\"elementor-widget-container\">\n\t\t\t\t\t\t\t\t\t<table width=\"640\"><tbody><tr><td width=\"320\"><p>Ky proces p\u00ebrs\u00ebritet nga kirurgu i transplantit t\u00eb flok\u00ebve derisa t\u00eb mblidhen nj\u00ebsi folikulare t\u00eb mjaftueshme p\u00ebr transplantin e planifikuar t\u00eb flok\u00ebve. Kjo procedur\u00eb mund t\u00eb zgjas\u00eb 6 or\u00eb ose m\u00eb shum\u00eb dhe mund t\u00eb kryhet gjat\u00eb dy dit\u00ebve radhazi n\u00eb seanca m\u00eb t\u00eb m\u00ebdha. Plag\u00ebt e donator\u00ebve, me madh\u00ebsi af\u00ebrsisht 1 mm, sh\u00ebrohen plot\u00ebsisht brenda shtat\u00eb deri n\u00eb dhjet\u00eb dit\u00eb.<\/p><p>P\u00ebrpara se t\u00eb merren shartet, krijohen &quot;zona t\u00eb vogla marr\u00ebse&quot; n\u00eb zon\u00ebn e tullacimit t\u00eb kok\u00ebs duke p\u00ebrdorur nj\u00eb instrument me maj\u00eb t\u00eb holl\u00eb. Shartet vendosen m\u00eb pas n\u00eb k\u00ebto zona marr\u00ebse, ku do t\u00eb zhvillohen n\u00eb folikula t\u00eb sh\u00ebndetshme q\u00eb prodhojn\u00eb flok\u00eb.<\/p><\/td><\/tr><\/tbody><\/table>\t\t\t\t\t\t\t\t<\/div>\n\t\t\t\t<\/div>\n\t\t\t\t\t<\/div>\n\t\t<\/div>\n\t\t\t\t\t<\/div>\n\t\t<\/section>\n\t\t\t\t<\/div>","protected":false},"excerpt":{"rendered":"<p>Mezoterpi Hastanede Kal\u0131\u015f S\u00fcresi: 1 G\u00fcn Operasyon S\u00fcresi: 2-4 Saat Anestezi: Genel \u0130yile\u015fme S\u00fcresi: 1-2 Hafta Hemen Randevu Al\u0131n Metabolik, mevsimsel ve strese ba\u011fl\u0131 nedenlerle sa\u00e7lar\u0131nda a\u015f\u0131r\u0131 d\u00f6k\u00fclme sorunu ya\u015fayanlar, sa\u00e7lar\u0131nda k\u0131r\u0131lma, cans\u0131z ve mat g\u00f6r\u00fcnme sorunu olan ki\u015filer sa\u00e7 mezoterapisinden yararlanabilirler. Ki\u015finin sa\u00e7 yap\u0131s\u0131na, d\u00f6k\u00fclme ve y\u0131pranma oran\u0131na g\u00f6re \u00f6zel kar\u0131\u015f\u0131mlar haz\u0131rlan\u0131r. Bu kar\u0131\u015f\u0131mlar\u0131n [&hellip;]<\/p>\n","protected":false},"author":2,"featured_media":0,"parent":0,"menu_order":0,"comment_status":"closed","ping_status":"closed","template":"elementor_header_footer","meta":{"postBodyMargin":[],"postBodyPadding":[],"postBodyBackground":{"backgroundType":"classic","gradient":""},"footnotes":""},"class_list":["post-3889","page","type-page","status-publish","hentry"],"_links":{"self":[{"href":"https:\/\/seldacenter.com\/sq\/wp-json\/wp\/v2\/pages\/3889","targetHints":{"allow":["GET"]}}],"collection":[{"href":"https:\/\/seldacenter.com\/sq\/wp-json\/wp\/v2\/pages"}],"about":[{"href":"https:\/\/seldacenter.com\/sq\/wp-json\/wp\/v2\/types\/page"}],"author":[{"embeddable":true,"href":"https:\/\/seldacenter.com\/sq\/wp-json\/wp\/v2\/users\/2"}],"replies":[{"embeddable":true,"href":"https:\/\/seldacenter.com\/sq\/wp-json\/wp\/v2\/comments?post=3889"}],"version-history":[{"count":6,"href":"https:\/\/seldacenter.com\/sq\/wp-json\/wp\/v2\/pages\/3889\/revisions"}],"predecessor-version":[{"id":13225,"href":"https:\/\/seldacenter.com\/sq\/wp-json\/wp\/v2\/pages\/3889\/revisions\/13225"}],"wp:attachment":[{"href":"https:\/\/seldacenter.com\/sq\/wp-json\/wp\/v2\/media?parent=3889"}],"curies":[{"name":"wp","href":"https:\/\/api.w.org\/{rel}","templated":true}]}}