{"id":14067,"date":"2024-03-01T11:09:18","date_gmt":"2024-03-01T11:09:18","guid":{"rendered":"https:\/\/seldacenter.com\/?page_id=14067"},"modified":"2024-03-02T02:05:50","modified_gmt":"2024-03-02T02:05:50","slug":"6-aylik-mide-balonu","status":"publish","type":"page","link":"https:\/\/seldacenter.com\/sq\/6-aylik-mide-balonu\/","title":{"rendered":"Balon gastrik 6-mujor"},"content":{"rendered":"<div data-elementor-type=\"wp-page\" data-elementor-id=\"14067\" class=\"elementor elementor-14067\" data-elementor-post-type=\"page\">\n\t\t\t\t\t\t<section class=\"elementor-section elementor-top-section elementor-element elementor-element-c3eebec elementor-section-boxed elementor-section-height-default elementor-section-height-default\" data-id=\"c3eebec\" data-element_type=\"section\">\n\t\t\t\t\t\t<div class=\"elementor-container elementor-column-gap-default\">\n\t\t\t\t\t<div class=\"elementor-column elementor-col-50 elementor-top-column elementor-element elementor-element-4eecceb\" data-id=\"4eecceb\" data-element_type=\"column\" data-settings=\"{&quot;background_background&quot;:&quot;classic&quot;}\">\n\t\t\t<div class=\"elementor-widget-wrap elementor-element-populated\">\n\t\t\t\t\t\t<div class=\"elementor-element elementor-element-a7e6d65 elementor-widget elementor-widget-image\" data-id=\"a7e6d65\" data-element_type=\"widget\" data-widget_type=\"image.default\">\n\t\t\t\t<div class=\"elementor-widget-container\">\n\t\t\t\t\t\t\t\t\t\t\t\t\t\t\t<img fetchpriority=\"high\" decoding=\"async\" width=\"996\" height=\"664\" src=\"https:\/\/seldacenter.com\/wp-content\/uploads\/2024\/03\/young-woman-with-beautiful-body-measure-tape_1150-14455.jpg\" class=\"attachment-full size-full wp-image-14236\" alt=\"\" srcset=\"https:\/\/seldacenter.com\/wp-content\/uploads\/2024\/03\/young-woman-with-beautiful-body-measure-tape_1150-14455.jpg 996w, https:\/\/seldacenter.com\/wp-content\/uploads\/2024\/03\/young-woman-with-beautiful-body-measure-tape_1150-14455-600x400.jpg 600w, https:\/\/seldacenter.com\/wp-content\/uploads\/2024\/03\/young-woman-with-beautiful-body-measure-tape_1150-14455-300x200.jpg 300w, https:\/\/seldacenter.com\/wp-content\/uploads\/2024\/03\/young-woman-with-beautiful-body-measure-tape_1150-14455-768x512.jpg 768w\" sizes=\"(max-width: 996px) 100vw, 996px\" \/>\t\t\t\t\t\t\t\t\t\t\t\t\t\t\t<\/div>\n\t\t\t\t<\/div>\n\t\t\t\t\t<\/div>\n\t\t<\/div>\n\t\t\t\t<div class=\"elementor-column elementor-col-50 elementor-top-column elementor-element elementor-element-d751127\" data-id=\"d751127\" data-element_type=\"column\">\n\t\t\t<div class=\"elementor-widget-wrap elementor-element-populated\">\n\t\t\t\t\t\t<div class=\"elementor-element elementor-element-db2d515 elementor-widget-divider--view-line_text elementor-widget-divider--element-align-left elementor-widget elementor-widget-divider\" data-id=\"db2d515\" data-element_type=\"widget\" data-widget_type=\"divider.default\">\n\t\t\t\t<div class=\"elementor-widget-container\">\n\t\t\t\t\t\t\t<div class=\"elementor-divider\">\n\t\t\t<span class=\"elementor-divider-separator\">\n\t\t\t\t\t\t\t<h3 class=\"elementor-divider__text elementor-divider__element\">\n\t\t\t\tBalon gastrik 6-mujor\t\t\t\t<\/h3>\n\t\t\t\t\t\t<\/span>\n\t\t<\/div>\n\t\t\t\t\t\t<\/div>\n\t\t\t\t<\/div>\n\t\t\t\t<div class=\"elementor-element elementor-element-7557b4f elementor-align-left elementor-icon-list--layout-traditional elementor-list-item-link-full_width elementor-widget elementor-widget-icon-list\" data-id=\"7557b4f\" data-element_type=\"widget\" data-widget_type=\"icon-list.default\">\n\t\t\t\t<div class=\"elementor-widget-container\">\n\t\t\t\t\t\t\t<ul class=\"elementor-icon-list-items\">\n\t\t\t\t\t\t\t<li class=\"elementor-icon-list-item\">\n\t\t\t\t\t\t\t\t\t\t\t<span class=\"elementor-icon-list-icon\">\n\t\t\t\t\t\t\t<svg aria-hidden=\"true\" class=\"e-font-icon-svg e-far-hospital\" viewbox=\"0 0 448 512\" xmlns=\"http:\/\/www.w3.org\/2000\/svg\"><path d=\"M128 244v-40c0-6.627 5.373-12 12-12h40c6.627 0 12 5.373 12 12v40c0 6.627-5.373 12-12 12h-40c-6.627 0-12-5.373-12-12zm140 12h40c6.627 0 12-5.373 12-12v-40c0-6.627-5.373-12-12-12h-40c-6.627 0-12 5.373-12 12v40c0 6.627 5.373 12 12 12zm-76 84v-40c0-6.627-5.373-12-12-12h-40c-6.627 0-12 5.373-12 12v40c0 6.627 5.373 12 12 12h40c6.627 0 12-5.373 12-12zm76 12h40c6.627 0 12-5.373 12-12v-40c0-6.627-5.373-12-12-12h-40c-6.627 0-12 5.373-12 12v40c0 6.627 5.373 12 12 12zm180 124v36H0v-36c0-6.627 5.373-12 12-12h19.5V85.035C31.5 73.418 42.245 64 55.5 64H144V24c0-13.255 10.745-24 24-24h112c13.255 0 24 10.745 24 24v40h88.5c13.255 0 24 9.418 24 21.035V464H436c6.627 0 12 5.373 12 12zM79.5 463H192v-67c0-6.627 5.373-12 12-12h40c6.627 0 12 5.373 12 12v67h112.5V112H304v24c0 13.255-10.745 24-24 24H168c-13.255 0-24-10.745-24-24v-24H79.5v351zM266 64h-26V38a6 6 0 0 0-6-6h-20a6 6 0 0 0-6 6v26h-26a6 6 0 0 0-6 6v20a6 6 0 0 0 6 6h26v26a6 6 0 0 0 6 6h20a6 6 0 0 0 6-6V96h26a6 6 0 0 0 6-6V70a6 6 0 0 0-6-6z\"><\/path><\/svg>\t\t\t\t\t\t<\/span>\n\t\t\t\t\t\t\t\t\t\t<span class=\"elementor-icon-list-text\">Q\u00ebndrimi n\u00eb spital: Nuk k\u00ebrkohet<\/span>\n\t\t\t\t\t\t\t\t\t<\/li>\n\t\t\t\t\t\t\t\t<li class=\"elementor-icon-list-item\">\n\t\t\t\t\t\t\t\t\t\t\t<span class=\"elementor-icon-list-icon\">\n\t\t\t\t\t\t\t<svg aria-hidden=\"true\" class=\"e-font-icon-svg e-far-clock\" viewbox=\"0 0 512 512\" xmlns=\"http:\/\/www.w3.org\/2000\/svg\"><path d=\"M256 8C119 8 8 119 8 256s111 248 248 248 248-111 248-248S393 8 256 8zm0 448c-110.5 0-200-89.5-200-200S145.5 56 256 56s200 89.5 200 200-89.5 200-200 200zm61.8-104.4l-84.9-61.7c-3.1-2.3-4.9-5.9-4.9-9.7V116c0-6.6 5.4-12 12-12h32c6.6 0 12 5.4 12 12v141.7l66.8 48.6c5.4 3.9 6.5 11.4 2.6 16.8L334.6 349c-3.9 5.3-11.4 6.5-16.8 2.6z\"><\/path><\/svg>\t\t\t\t\t\t<\/span>\n\t\t\t\t\t\t\t\t\t\t<span class=\"elementor-icon-list-text\">Koha e Funksionimit: 1 Or\u00eb<\/span>\n\t\t\t\t\t\t\t\t\t<\/li>\n\t\t\t\t\t\t\t\t<li class=\"elementor-icon-list-item\">\n\t\t\t\t\t\t\t\t\t\t\t<span class=\"elementor-icon-list-icon\">\n\t\t\t\t\t\t\t<svg aria-hidden=\"true\" class=\"e-font-icon-svg e-fas-syringe\" viewbox=\"0 0 512 512\" xmlns=\"http:\/\/www.w3.org\/2000\/svg\"><path d=\"M201.5 174.8l55.7 55.8c3.1 3.1 3.1 8.2 0 11.3l-11.3 11.3c-3.1 3.1-8.2 3.1-11.3 0l-55.7-55.8-45.3 45.3 55.8 55.8c3.1 3.1 3.1 8.2 0 11.3l-11.3 11.3c-3.1 3.1-8.2 3.1-11.3 0L111 265.2l-26.4 26.4c-17.3 17.3-25.6 41.1-23 65.4l7.1 63.6L2.3 487c-3.1 3.1-3.1 8.2 0 11.3l11.3 11.3c3.1 3.1 8.2 3.1 11.3 0l66.3-66.3 63.6 7.1c23.9 2.6 47.9-5.4 65.4-23l181.9-181.9-135.7-135.7-64.9 65zm308.2-93.3L430.5 2.3c-3.1-3.1-8.2-3.1-11.3 0l-11.3 11.3c-3.1 3.1-3.1 8.2 0 11.3l28.3 28.3-45.3 45.3-56.6-56.6-17-17c-3.1-3.1-8.2-3.1-11.3 0l-33.9 33.9c-3.1 3.1-3.1 8.2 0 11.3l17 17L424.8 223l17 17c3.1 3.1 8.2 3.1 11.3 0l33.9-34c3.1-3.1 3.1-8.2 0-11.3l-73.5-73.5 45.3-45.3 28.3 28.3c3.1 3.1 8.2 3.1 11.3 0l11.3-11.3c3.1-3.2 3.1-8.2 0-11.4z\"><\/path><\/svg>\t\t\t\t\t\t<\/span>\n\t\t\t\t\t\t\t\t\t\t<span class=\"elementor-icon-list-text\">Anestezi: Nuk k\u00ebrkohet<\/span>\n\t\t\t\t\t\t\t\t\t<\/li>\n\t\t\t\t\t\t\t\t<li class=\"elementor-icon-list-item\">\n\t\t\t\t\t\t\t\t\t\t\t<span class=\"elementor-icon-list-icon\">\n\t\t\t\t\t\t\t<svg aria-hidden=\"true\" class=\"e-font-icon-svg e-far-heart\" viewbox=\"0 0 512 512\" xmlns=\"http:\/\/www.w3.org\/2000\/svg\"><path d=\"M458.4 64.3C400.6 15.7 311.3 23 256 79.3 200.7 23 111.4 15.6 53.6 64.3-21.6 127.6-10.6 230.8 43 285.5l175.4 178.7c10 10.2 23.4 15.9 37.6 15.9 14.3 0 27.6-5.6 37.6-15.8L469 285.6c53.5-54.7 64.7-157.9-10.6-221.3zm-23.6 187.5L259.4 430.5c-2.4 2.4-4.4 2.4-6.8 0L77.2 251.8c-36.5-37.2-43.9-107.6 7.3-150.7 38.9-32.7 98.9-27.8 136.5 10.5l35 35.7 35-35.7c37.8-38.5 97.8-43.2 136.5-10.6 51.1 43.1 43.5 113.9 7.3 150.8z\"><\/path><\/svg>\t\t\t\t\t\t<\/span>\n\t\t\t\t\t\t\t\t\t\t<span class=\"elementor-icon-list-text\">Koha e Rim\u00ebk\u00ebmbjes: 6-12 Muaj<\/span>\n\t\t\t\t\t\t\t\t\t<\/li>\n\t\t\t\t\t\t<\/ul>\n\t\t\t\t\t\t<\/div>\n\t\t\t\t<\/div>\n\t\t\t\t<div class=\"elementor-element elementor-element-6e84f98 elementor-align-justify elementor-widget elementor-widget-button\" data-id=\"6e84f98\" data-element_type=\"widget\" data-widget_type=\"button.default\">\n\t\t\t\t<div class=\"elementor-widget-container\">\n\t\t\t\t\t\t\t\t\t<div class=\"elementor-button-wrapper\">\n\t\t\t\t\t<a class=\"elementor-button elementor-button-link elementor-size-sm elementor-animation-buzz\" href=\"https:\/\/seldacenter.com\/sq\/\">\n\t\t\t\t\t\t<span class=\"elementor-button-content-wrapper\">\n\t\t\t\t\t\t\t\t\t<span class=\"elementor-button-text\">Rezervoni nj\u00eb takim tani<\/span>\n\t\t\t\t\t<\/span>\n\t\t\t\t\t<\/a>\n\t\t\t\t<\/div>\n\t\t\t\t\t\t\t\t<\/div>\n\t\t\t\t<\/div>\n\t\t\t\t\t<\/div>\n\t\t<\/div>\n\t\t\t\t\t<\/div>\n\t\t<\/section>\n\t\t\t\t<section class=\"elementor-section elementor-top-section elementor-element elementor-element-5c7e714e elementor-section-boxed elementor-section-height-default elementor-section-height-default\" data-id=\"5c7e714e\" data-element_type=\"section\">\n\t\t\t\t\t\t<div class=\"elementor-container elementor-column-gap-default\">\n\t\t\t\t\t<div class=\"elementor-column elementor-col-100 elementor-top-column elementor-element elementor-element-2c16c882\" data-id=\"2c16c882\" data-element_type=\"column\">\n\t\t\t<div class=\"elementor-widget-wrap elementor-element-populated\">\n\t\t\t\t\t\t<div class=\"elementor-element elementor-element-39dedfd6 elementor-widget elementor-widget-text-editor\" data-id=\"39dedfd6\" data-element_type=\"widget\" data-widget_type=\"text-editor.default\">\n\t\t\t\t<div class=\"elementor-widget-container\">\n\t\t\t\t\t\t\t\t\tProblemet me obezitetin dhe pesh\u00ebn jan\u00eb b\u00ebr\u00eb nj\u00eb problem i zakonsh\u00ebm sot. Ekzistojn\u00eb shum\u00eb metoda t\u00eb ndryshme p\u00ebr t\u00eb adresuar k\u00ebt\u00eb problem, nj\u00ebra prej t\u00eb cilave \u00ebsht\u00eb procedura 6-mujore e balonit gastrik. E p\u00ebrshtatshme p\u00ebr individ\u00eb me nj\u00eb Indeks t\u00eb Mas\u00ebs Trupore (BMI) midis 27 dhe 40, kjo metod\u00eb bazohet n\u00eb parimin e mb\u00ebshtetjes s\u00eb humbjes s\u00eb pesh\u00ebs me nj\u00eb balon\u00eb t\u00eb vendosur n\u00eb stomak p\u00ebr nj\u00eb periudh\u00eb specifike.\n\n<strong>\u00c7far\u00eb \u00ebsht\u00eb dhe si funksionon?<\/strong>\n\nNj\u00eb tullumbace gastrike 6-mujore futet n\u00eb stomak n\u00ebp\u00ebrmjet endoskopis\u00eb dhe q\u00ebndron aty p\u00ebr 6 muaj. Gjat\u00eb k\u00ebsaj kohe, v\u00ebllimi i stomakut rritet, duke e ndihmuar personin t\u00eb haj\u00eb m\u00eb pak dhe k\u00ebshtu t\u00eb humbas\u00eb pesh\u00eb. Prania e tullumbaces\u00eb n\u00eb stomak e b\u00ebn personin t\u00eb ndihet i ngopur m\u00eb shpejt, duke \u00e7uar k\u00ebshtu n\u00eb nj\u00eb konsum m\u00eb t\u00eb ul\u00ebt kalorish.\n\n<strong>Avantazhet dhe Disavantazhet<\/strong>\n\nP\u00ebrpar\u00ebsit\u00eb e nj\u00eb baloni gastrik 6-mujor p\u00ebrfshijn\u00eb \u00e7mimin e p\u00ebrballuesh\u00ebm dhe rezultatet efektive. \u00cbsht\u00eb m\u00eb efektiv nga ana e kostos sesa metodat e tjera t\u00eb humbjes s\u00eb pesh\u00ebs dhe mund t\u00eb siguroj\u00eb nj\u00eb humbje peshe prej 15-20 kilogram\u00ebsh n\u00eb vet\u00ebm 6 muaj. Megjithat\u00eb, ka disa shqet\u00ebsime t\u00eb mundshme gjat\u00eb k\u00ebtij procesi. Vendosja dhe heqja endoskopike e balonit mund t\u00eb rris\u00eb mund\u00ebsin\u00eb e t\u00eb p\u00ebrzierave dhe dhimbjeve t\u00eb barkut gjat\u00eb periudh\u00ebs s\u00eb p\u00ebrshtatjes. Megjithat\u00eb, k\u00ebto efekte an\u00ebsore jan\u00eb p\u00ebrgjith\u00ebsisht afatshkurtra dhe t\u00eb lehta.\n\n<strong>P\u00ebr k\u00eb \u00ebsht\u00eb i p\u00ebrshtatsh\u00ebm?<\/strong>\n\nNj\u00eb balon gastrik 6-mujor \u00ebsht\u00eb nj\u00eb opsion i p\u00ebrshtatsh\u00ebm p\u00ebr individ\u00ebt me nj\u00eb BMI midis 27 dhe 40. Mund t\u00eb jet\u00eb nj\u00eb zgjidhje ideale, ve\u00e7an\u00ebrisht p\u00ebr pacient\u00ebt q\u00eb duhet t\u00eb humbasin nj\u00eb sasi m\u00eb t\u00eb vog\u00ebl peshe. Megjithat\u00eb, si me \u00e7do procedur\u00eb mjek\u00ebsore, \u00ebsht\u00eb thelb\u00ebsore t\u00eb konsultoheni me nj\u00eb specialist p\u00ebrpara se t\u00eb zgjidhni k\u00ebt\u00eb metod\u00eb.\n\n<strong>P\u00ebrfundim<\/strong>\n\nNj\u00eb balon gastrik 6-mujor \u00ebsht\u00eb nj\u00eb mund\u00ebsi efektive dhe me kosto efektive p\u00ebr individ\u00ebt q\u00eb kan\u00eb probleme me pesh\u00ebn dhe k\u00ebrkojn\u00eb mb\u00ebshtetje n\u00eb udh\u00ebtimin e tyre p\u00ebr humbje peshe. Megjithat\u00eb, \u00ebsht\u00eb thelb\u00ebsore t\u00eb jeni n\u00ebn mbik\u00ebqyrjen e nj\u00eb mjeku t\u00eb kualifikuar para dhe gjat\u00eb procedur\u00ebs. Duke marr\u00eb parasysh avantazhet dhe disavantazhet e balon\u00ebs, duhet t\u00eb zgjidhet metoda m\u00eb e p\u00ebrshtatshme e humbjes s\u00eb pesh\u00ebs p\u00ebr nevojat e individit.\t\t\t\t\t\t\t\t<\/div>\n\t\t\t\t<\/div>\n\t\t\t\t\t<\/div>\n\t\t<\/div>\n\t\t\t\t\t<\/div>\n\t\t<\/section>\n\t\t\t\t<\/div>","protected":false},"excerpt":{"rendered":"<p>6 Ayl\u0131k Mide Balonu Hastanede Kal\u0131\u015f S\u00fcresi: Gerekli De\u011fil Operasyon S\u00fcresi: 1 Saat Anestezi: Gerekli De\u011fil \u0130yile\u015fme S\u00fcresi: 6-12 Ay Hemen Randevu Al\u0131n Obezite ve kilo sorunlar\u0131 g\u00fcn\u00fcm\u00fczde pek \u00e7ok ki\u015finin kar\u015f\u0131la\u015ft\u0131\u011f\u0131 bir durum haline gelmi\u015ftir. Bu durumun \u00e7\u00f6z\u00fcm\u00fc i\u00e7in bir\u00e7ok farkl\u0131 y\u00f6ntem bulunmaktad\u0131r ve bunlardan biri de 6 ayl\u0131k mide balonu uygulamas\u0131d\u0131r. Beden Kitle [&hellip;]<\/p>\n","protected":false},"author":2,"featured_media":0,"parent":0,"menu_order":0,"comment_status":"closed","ping_status":"closed","template":"","meta":{"postBodyMargin":[],"postBodyPadding":[],"postBodyBackground":{"backgroundType":"classic","gradient":""},"footnotes":""},"class_list":["post-14067","page","type-page","status-publish","hentry"],"_links":{"self":[{"href":"https:\/\/seldacenter.com\/sq\/wp-json\/wp\/v2\/pages\/14067","targetHints":{"allow":["GET"]}}],"collection":[{"href":"https:\/\/seldacenter.com\/sq\/wp-json\/wp\/v2\/pages"}],"about":[{"href":"https:\/\/seldacenter.com\/sq\/wp-json\/wp\/v2\/types\/page"}],"author":[{"embeddable":true,"href":"https:\/\/seldacenter.com\/sq\/wp-json\/wp\/v2\/users\/2"}],"replies":[{"embeddable":true,"href":"https:\/\/seldacenter.com\/sq\/wp-json\/wp\/v2\/comments?post=14067"}],"version-history":[{"count":10,"href":"https:\/\/seldacenter.com\/sq\/wp-json\/wp\/v2\/pages\/14067\/revisions"}],"predecessor-version":[{"id":14245,"href":"https:\/\/seldacenter.com\/sq\/wp-json\/wp\/v2\/pages\/14067\/revisions\/14245"}],"wp:attachment":[{"href":"https:\/\/seldacenter.com\/sq\/wp-json\/wp\/v2\/media?parent=14067"}],"curies":[{"name":"wp","href":"https:\/\/api.w.org\/{rel}","templated":true}]}}