{"id":14061,"date":"2024-03-01T11:06:58","date_gmt":"2024-03-01T11:06:58","guid":{"rendered":"https:\/\/seldacenter.com\/?page_id=14061"},"modified":"2024-03-02T02:05:13","modified_gmt":"2024-03-02T02:05:13","slug":"yutulabilir-mide-balonu","status":"publish","type":"page","link":"https:\/\/seldacenter.com\/sq\/yutulabilir-mide-balonu\/","title":{"rendered":"Balon gastrik i g\u00eblltitsh\u00ebm"},"content":{"rendered":"<div data-elementor-type=\"wp-page\" data-elementor-id=\"14061\" class=\"elementor elementor-14061\" data-elementor-post-type=\"page\">\n\t\t\t\t\t\t<section class=\"elementor-section elementor-top-section elementor-element elementor-element-7524788 elementor-section-boxed elementor-section-height-default elementor-section-height-default\" data-id=\"7524788\" data-element_type=\"section\">\n\t\t\t\t\t\t<div class=\"elementor-container elementor-column-gap-default\">\n\t\t\t\t\t<div class=\"elementor-column elementor-col-50 elementor-top-column elementor-element elementor-element-5f62ba5\" data-id=\"5f62ba5\" data-element_type=\"column\" data-settings=\"{&quot;background_background&quot;:&quot;classic&quot;}\">\n\t\t\t<div class=\"elementor-widget-wrap elementor-element-populated\">\n\t\t\t\t\t\t<div class=\"elementor-element elementor-element-4af494c elementor-widget elementor-widget-image\" data-id=\"4af494c\" data-element_type=\"widget\" data-widget_type=\"image.default\">\n\t\t\t\t<div class=\"elementor-widget-container\">\n\t\t\t\t\t\t\t\t\t\t\t\t\t\t\t<img fetchpriority=\"high\" decoding=\"async\" width=\"1152\" height=\"896\" src=\"https:\/\/seldacenter.com\/wp-content\/uploads\/2024\/03\/image-15.png\" class=\"attachment-full size-full wp-image-14112\" alt=\"\" srcset=\"https:\/\/seldacenter.com\/wp-content\/uploads\/2024\/03\/image-15.png 1152w, https:\/\/seldacenter.com\/wp-content\/uploads\/2024\/03\/image-15-600x467.png 600w, https:\/\/seldacenter.com\/wp-content\/uploads\/2024\/03\/image-15-300x233.png 300w, https:\/\/seldacenter.com\/wp-content\/uploads\/2024\/03\/image-15-1024x796.png 1024w, https:\/\/seldacenter.com\/wp-content\/uploads\/2024\/03\/image-15-768x597.png 768w\" sizes=\"(max-width: 1152px) 100vw, 1152px\" \/>\t\t\t\t\t\t\t\t\t\t\t\t\t\t\t<\/div>\n\t\t\t\t<\/div>\n\t\t\t\t\t<\/div>\n\t\t<\/div>\n\t\t\t\t<div class=\"elementor-column elementor-col-50 elementor-top-column elementor-element elementor-element-0b45723\" data-id=\"0b45723\" data-element_type=\"column\">\n\t\t\t<div class=\"elementor-widget-wrap elementor-element-populated\">\n\t\t\t\t\t\t<div class=\"elementor-element elementor-element-05f1b48 elementor-widget-divider--view-line_text elementor-widget-divider--element-align-left elementor-widget elementor-widget-divider\" data-id=\"05f1b48\" data-element_type=\"widget\" data-widget_type=\"divider.default\">\n\t\t\t\t<div class=\"elementor-widget-container\">\n\t\t\t\t\t\t\t<div class=\"elementor-divider\">\n\t\t\t<span class=\"elementor-divider-separator\">\n\t\t\t\t\t\t\t<h3 class=\"elementor-divider__text elementor-divider__element\">\n\t\t\t\tBalon gastrik i g\u00eblltitsh\u00ebm\t\t\t\t<\/h3>\n\t\t\t\t\t\t<\/span>\n\t\t<\/div>\n\t\t\t\t\t\t<\/div>\n\t\t\t\t<\/div>\n\t\t\t\t<div class=\"elementor-element elementor-element-1899e82 elementor-align-left elementor-icon-list--layout-traditional elementor-list-item-link-full_width elementor-widget elementor-widget-icon-list\" data-id=\"1899e82\" data-element_type=\"widget\" data-widget_type=\"icon-list.default\">\n\t\t\t\t<div class=\"elementor-widget-container\">\n\t\t\t\t\t\t\t<ul class=\"elementor-icon-list-items\">\n\t\t\t\t\t\t\t<li class=\"elementor-icon-list-item\">\n\t\t\t\t\t\t\t\t\t\t\t<span class=\"elementor-icon-list-icon\">\n\t\t\t\t\t\t\t<svg aria-hidden=\"true\" class=\"e-font-icon-svg e-far-hospital\" viewbox=\"0 0 448 512\" xmlns=\"http:\/\/www.w3.org\/2000\/svg\"><path d=\"M128 244v-40c0-6.627 5.373-12 12-12h40c6.627 0 12 5.373 12 12v40c0 6.627-5.373 12-12 12h-40c-6.627 0-12-5.373-12-12zm140 12h40c6.627 0 12-5.373 12-12v-40c0-6.627-5.373-12-12-12h-40c-6.627 0-12 5.373-12 12v40c0 6.627 5.373 12 12 12zm-76 84v-40c0-6.627-5.373-12-12-12h-40c-6.627 0-12 5.373-12 12v40c0 6.627 5.373 12 12 12h40c6.627 0 12-5.373 12-12zm76 12h40c6.627 0 12-5.373 12-12v-40c0-6.627-5.373-12-12-12h-40c-6.627 0-12 5.373-12 12v40c0 6.627 5.373 12 12 12zm180 124v36H0v-36c0-6.627 5.373-12 12-12h19.5V85.035C31.5 73.418 42.245 64 55.5 64H144V24c0-13.255 10.745-24 24-24h112c13.255 0 24 10.745 24 24v40h88.5c13.255 0 24 9.418 24 21.035V464H436c6.627 0 12 5.373 12 12zM79.5 463H192v-67c0-6.627 5.373-12 12-12h40c6.627 0 12 5.373 12 12v67h112.5V112H304v24c0 13.255-10.745 24-24 24H168c-13.255 0-24-10.745-24-24v-24H79.5v351zM266 64h-26V38a6 6 0 0 0-6-6h-20a6 6 0 0 0-6 6v26h-26a6 6 0 0 0-6 6v20a6 6 0 0 0 6 6h26v26a6 6 0 0 0 6 6h20a6 6 0 0 0 6-6V96h26a6 6 0 0 0 6-6V70a6 6 0 0 0-6-6z\"><\/path><\/svg>\t\t\t\t\t\t<\/span>\n\t\t\t\t\t\t\t\t\t\t<span class=\"elementor-icon-list-text\">Q\u00ebndrimi n\u00eb spital: Nuk k\u00ebrkohet<\/span>\n\t\t\t\t\t\t\t\t\t<\/li>\n\t\t\t\t\t\t\t\t<li class=\"elementor-icon-list-item\">\n\t\t\t\t\t\t\t\t\t\t\t<span class=\"elementor-icon-list-icon\">\n\t\t\t\t\t\t\t<svg aria-hidden=\"true\" class=\"e-font-icon-svg e-far-clock\" viewbox=\"0 0 512 512\" xmlns=\"http:\/\/www.w3.org\/2000\/svg\"><path d=\"M256 8C119 8 8 119 8 256s111 248 248 248 248-111 248-248S393 8 256 8zm0 448c-110.5 0-200-89.5-200-200S145.5 56 256 56s200 89.5 200 200-89.5 200-200 200zm61.8-104.4l-84.9-61.7c-3.1-2.3-4.9-5.9-4.9-9.7V116c0-6.6 5.4-12 12-12h32c6.6 0 12 5.4 12 12v141.7l66.8 48.6c5.4 3.9 6.5 11.4 2.6 16.8L334.6 349c-3.9 5.3-11.4 6.5-16.8 2.6z\"><\/path><\/svg>\t\t\t\t\t\t<\/span>\n\t\t\t\t\t\t\t\t\t\t<span class=\"elementor-icon-list-text\">Koha e Funksionimit: 1 Or\u00eb<\/span>\n\t\t\t\t\t\t\t\t\t<\/li>\n\t\t\t\t\t\t\t\t<li class=\"elementor-icon-list-item\">\n\t\t\t\t\t\t\t\t\t\t\t<span class=\"elementor-icon-list-icon\">\n\t\t\t\t\t\t\t<svg aria-hidden=\"true\" class=\"e-font-icon-svg e-fas-syringe\" viewbox=\"0 0 512 512\" xmlns=\"http:\/\/www.w3.org\/2000\/svg\"><path d=\"M201.5 174.8l55.7 55.8c3.1 3.1 3.1 8.2 0 11.3l-11.3 11.3c-3.1 3.1-8.2 3.1-11.3 0l-55.7-55.8-45.3 45.3 55.8 55.8c3.1 3.1 3.1 8.2 0 11.3l-11.3 11.3c-3.1 3.1-8.2 3.1-11.3 0L111 265.2l-26.4 26.4c-17.3 17.3-25.6 41.1-23 65.4l7.1 63.6L2.3 487c-3.1 3.1-3.1 8.2 0 11.3l11.3 11.3c3.1 3.1 8.2 3.1 11.3 0l66.3-66.3 63.6 7.1c23.9 2.6 47.9-5.4 65.4-23l181.9-181.9-135.7-135.7-64.9 65zm308.2-93.3L430.5 2.3c-3.1-3.1-8.2-3.1-11.3 0l-11.3 11.3c-3.1 3.1-3.1 8.2 0 11.3l28.3 28.3-45.3 45.3-56.6-56.6-17-17c-3.1-3.1-8.2-3.1-11.3 0l-33.9 33.9c-3.1 3.1-3.1 8.2 0 11.3l17 17L424.8 223l17 17c3.1 3.1 8.2 3.1 11.3 0l33.9-34c3.1-3.1 3.1-8.2 0-11.3l-73.5-73.5 45.3-45.3 28.3 28.3c3.1 3.1 8.2 3.1 11.3 0l11.3-11.3c3.1-3.2 3.1-8.2 0-11.4z\"><\/path><\/svg>\t\t\t\t\t\t<\/span>\n\t\t\t\t\t\t\t\t\t\t<span class=\"elementor-icon-list-text\">Anestezi: Nuk k\u00ebrkohet<\/span>\n\t\t\t\t\t\t\t\t\t<\/li>\n\t\t\t\t\t\t\t\t<li class=\"elementor-icon-list-item\">\n\t\t\t\t\t\t\t\t\t\t\t<span class=\"elementor-icon-list-icon\">\n\t\t\t\t\t\t\t<svg aria-hidden=\"true\" class=\"e-font-icon-svg e-far-heart\" viewbox=\"0 0 512 512\" xmlns=\"http:\/\/www.w3.org\/2000\/svg\"><path d=\"M458.4 64.3C400.6 15.7 311.3 23 256 79.3 200.7 23 111.4 15.6 53.6 64.3-21.6 127.6-10.6 230.8 43 285.5l175.4 178.7c10 10.2 23.4 15.9 37.6 15.9 14.3 0 27.6-5.6 37.6-15.8L469 285.6c53.5-54.7 64.7-157.9-10.6-221.3zm-23.6 187.5L259.4 430.5c-2.4 2.4-4.4 2.4-6.8 0L77.2 251.8c-36.5-37.2-43.9-107.6 7.3-150.7 38.9-32.7 98.9-27.8 136.5 10.5l35 35.7 35-35.7c37.8-38.5 97.8-43.2 136.5-10.6 51.1 43.1 43.5 113.9 7.3 150.8z\"><\/path><\/svg>\t\t\t\t\t\t<\/span>\n\t\t\t\t\t\t\t\t\t\t<span class=\"elementor-icon-list-text\">Koha e Rim\u00ebk\u00ebmbjes: 6-12 Muaj<\/span>\n\t\t\t\t\t\t\t\t\t<\/li>\n\t\t\t\t\t\t<\/ul>\n\t\t\t\t\t\t<\/div>\n\t\t\t\t<\/div>\n\t\t\t\t<div class=\"elementor-element elementor-element-f877f1c elementor-align-justify elementor-widget elementor-widget-button\" data-id=\"f877f1c\" data-element_type=\"widget\" data-widget_type=\"button.default\">\n\t\t\t\t<div class=\"elementor-widget-container\">\n\t\t\t\t\t\t\t\t\t<div class=\"elementor-button-wrapper\">\n\t\t\t\t\t<a class=\"elementor-button elementor-button-link elementor-size-sm elementor-animation-buzz\" href=\"https:\/\/seldacenter.com\/sq\/\">\n\t\t\t\t\t\t<span class=\"elementor-button-content-wrapper\">\n\t\t\t\t\t\t\t\t\t<span class=\"elementor-button-text\">Rezervoni nj\u00eb takim tani<\/span>\n\t\t\t\t\t<\/span>\n\t\t\t\t\t<\/a>\n\t\t\t\t<\/div>\n\t\t\t\t\t\t\t\t<\/div>\n\t\t\t\t<\/div>\n\t\t\t\t\t<\/div>\n\t\t<\/div>\n\t\t\t\t\t<\/div>\n\t\t<\/section>\n\t\t\t\t<section class=\"elementor-section elementor-top-section elementor-element elementor-element-6837e676 elementor-section-boxed elementor-section-height-default elementor-section-height-default\" data-id=\"6837e676\" data-element_type=\"section\">\n\t\t\t\t\t\t<div class=\"elementor-container elementor-column-gap-default\">\n\t\t\t\t\t<div class=\"elementor-column elementor-col-100 elementor-top-column elementor-element elementor-element-2626cab3\" data-id=\"2626cab3\" data-element_type=\"column\">\n\t\t\t<div class=\"elementor-widget-wrap elementor-element-populated\">\n\t\t\t\t\t\t<div class=\"elementor-element elementor-element-4cf70a5b elementor-widget elementor-widget-text-editor\" data-id=\"4cf70a5b\" data-element_type=\"widget\" data-widget_type=\"text-editor.default\">\n\t\t\t\t<div class=\"elementor-widget-container\">\n\t\t\t\t\t\t\t\t\tObeziteti dhe problemet me pesh\u00ebn po shtohen n\u00eb dit\u00ebt e sotme dhe paraqesin rreziqe serioze p\u00ebr sh\u00ebndetin. Megjithat\u00eb, me p\u00ebrparimin e teknologjis\u00eb, metodat e humbjes s\u00eb pesh\u00ebs po b\u00ebhen m\u00eb t\u00eb lehta, m\u00eb efektive dhe m\u00eb t\u00eb sigurta. Nj\u00eb nga k\u00ebto metoda, baloni gastrik i g\u00eblltitsh\u00ebm, ka fituar popullaritet koh\u00ebt e fundit dhe \u00ebsht\u00eb b\u00ebr\u00eb nj\u00eb opsion i preferuar p\u00ebr shum\u00eb njer\u00ebz.\n\n<strong>\u00c7far\u00eb \u00ebsht\u00eb nj\u00eb balon gastrik i g\u00eblltitsh\u00ebm?<\/strong>\n\nNj\u00eb tullumbace gastrike e g\u00eblltitshme, si\u00e7 sugjeron edhe emri, \u00ebsht\u00eb nj\u00eb pajisje q\u00eb g\u00eblltitet dhe vendoset n\u00eb stomak p\u00ebr t\u00eb mb\u00ebshtetur procesin e humbjes s\u00eb pesh\u00ebs. I prodhuar duke p\u00ebrdorur teknologji t\u00eb lart\u00eb, ky tullumbace vjen n\u00eb form\u00eb kapsule t\u00eb kompresuar. Nuk k\u00ebrkon endoskopi ose anestezi, duke e b\u00ebr\u00eb procedur\u00ebn shum\u00eb t\u00eb leht\u00eb dhe t\u00eb sigurt.\n\n<strong>Si funksionon?<\/strong>\n\nNj\u00eb tullumbace gastrike e g\u00eblltitshme, pasi futet n\u00eb stomak, pompohet me aj\u00ebr ose l\u00ebng, duke rritur v\u00ebllimin e stomakut. Ky v\u00ebllim i rritur e ndihmon personin t\u00eb haj\u00eb m\u00eb pak dhe t\u00eb ndihet i ngopur m\u00eb shpejt. Gjithashtu zvog\u00eblon oreksin duke ushtruar presion n\u00eb muret e stomakut.\n\n<strong>Cilat jan\u00eb avantazhet?<\/strong>\n\nBaloni gastrik i g\u00eblltitsh\u00ebm ka shum\u00eb p\u00ebrpar\u00ebsi. Kryesorja nd\u00ebr to \u00ebsht\u00eb se nuk k\u00ebrkon endoskopi ose anestezi gjat\u00eb vendosjes. Gjithashtu nuk k\u00ebrkon heqje dhe gjasat e efekteve an\u00ebsore jan\u00eb jasht\u00ebzakonisht t\u00eb ul\u00ebta. Baloni mbetet n\u00eb stomak p\u00ebr af\u00ebrsisht 4 muaj, pas t\u00eb cilave zbrazet dhe nxirret jasht\u00eb trupit vet\u00eb. Gjat\u00eb k\u00ebsaj kohe, mund t\u00eb arrihet nj\u00eb humbje mbres\u00ebl\u00ebn\u00ebse peshe prej 15-20 kilogram\u00ebsh.\n\n<strong>P\u00ebr k\u00eb \u00ebsht\u00eb i p\u00ebrshtatsh\u00ebm?<\/strong>\n\nBaloni gastrik i g\u00eblltitsh\u00ebm \u00ebsht\u00eb i p\u00ebrshtatsh\u00ebm p\u00ebr individ\u00eb me nj\u00eb BMI (Indeks t\u00eb Mas\u00ebs Trupore) midis 27 dhe 40 vje\u00e7, t\u00eb mosh\u00ebs 18-65 vje\u00e7. Megjithat\u00eb, si me \u00e7do metod\u00eb humbjeje peshe, gjendja sh\u00ebndet\u00ebsore e individit dhe k\u00ebshilla e mjekut jan\u00eb t\u00eb r\u00ebnd\u00ebsishme.\n\n<strong>P\u00ebrfundim<\/strong>\n\nBaloni gastrik i g\u00eblltitsh\u00ebm dallohet si nj\u00eb opsion efektiv dhe i sigurt n\u00eb procesin e humbjes s\u00eb pesh\u00ebs. Leht\u00ebsia e vendosjes, rreziku i ul\u00ebt i efekteve an\u00ebsore dhe rezultatet efektive jan\u00eb avantazhe t\u00eb m\u00ebdha p\u00ebr ata q\u00eb zgjedhin k\u00ebt\u00eb metod\u00eb. [Imazhi n\u00eb krye]\t\t\t\t\t\t\t\t<\/div>\n\t\t\t\t<\/div>\n\t\t\t\t\t<\/div>\n\t\t<\/div>\n\t\t\t\t\t<\/div>\n\t\t<\/section>\n\t\t\t\t<\/div>","protected":false},"excerpt":{"rendered":"<p>Yutulabilir Mide Balonu Hastanede Kal\u0131\u015f S\u00fcresi: Gerekli De\u011fil Operasyon S\u00fcresi: 1 Saat Anestezi: Gerekli De\u011fil \u0130yile\u015fme S\u00fcresi: 6-12 Ay Hemen Randevu Al\u0131n G\u00fcn\u00fcm\u00fczde obezite ve kilo sorunlar\u0131 giderek artmakta ve sa\u011fl\u0131k \u00fczerinde ciddi riskler olu\u015fturmaktad\u0131r. Ancak teknolojinin geli\u015fmesiyle birlikte kilo verme y\u00f6ntemleri de daha kolay, etkili ve g\u00fcvenli hale gelmektedir. Bu y\u00f6ntemlerden biri olan yutulabilir [&hellip;]<\/p>\n","protected":false},"author":2,"featured_media":0,"parent":0,"menu_order":0,"comment_status":"closed","ping_status":"closed","template":"","meta":{"postBodyMargin":[],"postBodyPadding":[],"postBodyBackground":{"backgroundType":"classic","gradient":""},"footnotes":""},"class_list":["post-14061","page","type-page","status-publish","hentry"],"_links":{"self":[{"href":"https:\/\/seldacenter.com\/sq\/wp-json\/wp\/v2\/pages\/14061","targetHints":{"allow":["GET"]}}],"collection":[{"href":"https:\/\/seldacenter.com\/sq\/wp-json\/wp\/v2\/pages"}],"about":[{"href":"https:\/\/seldacenter.com\/sq\/wp-json\/wp\/v2\/types\/page"}],"author":[{"embeddable":true,"href":"https:\/\/seldacenter.com\/sq\/wp-json\/wp\/v2\/users\/2"}],"replies":[{"embeddable":true,"href":"https:\/\/seldacenter.com\/sq\/wp-json\/wp\/v2\/comments?post=14061"}],"version-history":[{"count":7,"href":"https:\/\/seldacenter.com\/sq\/wp-json\/wp\/v2\/pages\/14061\/revisions"}],"predecessor-version":[{"id":14242,"href":"https:\/\/seldacenter.com\/sq\/wp-json\/wp\/v2\/pages\/14061\/revisions\/14242"}],"wp:attachment":[{"href":"https:\/\/seldacenter.com\/sq\/wp-json\/wp\/v2\/media?parent=14061"}],"curies":[{"name":"wp","href":"https:\/\/api.w.org\/{rel}","templated":true}]}}