{"id":13963,"date":"2024-02-28T18:53:24","date_gmt":"2024-02-28T18:53:24","guid":{"rendered":"https:\/\/seldacenter.com\/?page_id=13963"},"modified":"2024-03-02T02:21:38","modified_gmt":"2024-03-02T02:21:38","slug":"yuz-mezoterapi","status":"publish","type":"page","link":"https:\/\/seldacenter.com\/sq\/yuz-mezoterapi\/","title":{"rendered":"Mezoterapia e fytyr\u00ebs"},"content":{"rendered":"<div data-elementor-type=\"wp-page\" data-elementor-id=\"13963\" class=\"elementor elementor-13963\" data-elementor-post-type=\"page\">\n\t\t\t\t\t\t<section class=\"elementor-section elementor-top-section elementor-element elementor-element-644bc1a elementor-section-boxed elementor-section-height-default elementor-section-height-default\" data-id=\"644bc1a\" data-element_type=\"section\">\n\t\t\t\t\t\t<div class=\"elementor-container elementor-column-gap-default\">\n\t\t\t\t\t<div class=\"elementor-column elementor-col-50 elementor-top-column elementor-element elementor-element-98fc826\" data-id=\"98fc826\" data-element_type=\"column\" data-settings=\"{&quot;background_background&quot;:&quot;classic&quot;}\">\n\t\t\t<div class=\"elementor-widget-wrap elementor-element-populated\">\n\t\t\t\t\t\t<div class=\"elementor-element elementor-element-1d058fc elementor-widget elementor-widget-image\" data-id=\"1d058fc\" data-element_type=\"widget\" data-widget_type=\"image.default\">\n\t\t\t\t<div class=\"elementor-widget-container\">\n\t\t\t\t\t\t\t\t\t\t\t\t\t\t\t<img fetchpriority=\"high\" decoding=\"async\" width=\"1152\" height=\"896\" src=\"https:\/\/seldacenter.com\/wp-content\/uploads\/2024\/03\/image-15-1.png\" class=\"attachment-full size-full wp-image-14128\" alt=\"\" srcset=\"https:\/\/seldacenter.com\/wp-content\/uploads\/2024\/03\/image-15-1.png 1152w, https:\/\/seldacenter.com\/wp-content\/uploads\/2024\/03\/image-15-1-600x467.png 600w, https:\/\/seldacenter.com\/wp-content\/uploads\/2024\/03\/image-15-1-300x233.png 300w, https:\/\/seldacenter.com\/wp-content\/uploads\/2024\/03\/image-15-1-1024x796.png 1024w, https:\/\/seldacenter.com\/wp-content\/uploads\/2024\/03\/image-15-1-768x597.png 768w\" sizes=\"(max-width: 1152px) 100vw, 1152px\" \/>\t\t\t\t\t\t\t\t\t\t\t\t\t\t\t<\/div>\n\t\t\t\t<\/div>\n\t\t\t\t\t<\/div>\n\t\t<\/div>\n\t\t\t\t<div class=\"elementor-column elementor-col-50 elementor-top-column elementor-element elementor-element-94d0062\" data-id=\"94d0062\" data-element_type=\"column\">\n\t\t\t<div class=\"elementor-widget-wrap elementor-element-populated\">\n\t\t\t\t\t\t<div class=\"elementor-element elementor-element-2759fd5 elementor-widget-divider--view-line_text elementor-widget-divider--element-align-left elementor-widget elementor-widget-divider\" data-id=\"2759fd5\" data-element_type=\"widget\" data-widget_type=\"divider.default\">\n\t\t\t\t<div class=\"elementor-widget-container\">\n\t\t\t\t\t\t\t<div class=\"elementor-divider\">\n\t\t\t<span class=\"elementor-divider-separator\">\n\t\t\t\t\t\t\t<h3 class=\"elementor-divider__text elementor-divider__element\">\n\t\t\t\tMezoterapia e fytyr\u00ebs\t\t\t\t<\/h3>\n\t\t\t\t\t\t<\/span>\n\t\t<\/div>\n\t\t\t\t\t\t<\/div>\n\t\t\t\t<\/div>\n\t\t\t\t<div class=\"elementor-element elementor-element-f237888 elementor-align-left elementor-icon-list--layout-traditional elementor-list-item-link-full_width elementor-widget elementor-widget-icon-list\" data-id=\"f237888\" data-element_type=\"widget\" data-widget_type=\"icon-list.default\">\n\t\t\t\t<div class=\"elementor-widget-container\">\n\t\t\t\t\t\t\t<ul class=\"elementor-icon-list-items\">\n\t\t\t\t\t\t\t<li class=\"elementor-icon-list-item\">\n\t\t\t\t\t\t\t\t\t\t\t<span class=\"elementor-icon-list-icon\">\n\t\t\t\t\t\t\t<svg aria-hidden=\"true\" class=\"e-font-icon-svg e-far-hospital\" viewbox=\"0 0 448 512\" xmlns=\"http:\/\/www.w3.org\/2000\/svg\"><path d=\"M128 244v-40c0-6.627 5.373-12 12-12h40c6.627 0 12 5.373 12 12v40c0 6.627-5.373 12-12 12h-40c-6.627 0-12-5.373-12-12zm140 12h40c6.627 0 12-5.373 12-12v-40c0-6.627-5.373-12-12-12h-40c-6.627 0-12 5.373-12 12v40c0 6.627 5.373 12 12 12zm-76 84v-40c0-6.627-5.373-12-12-12h-40c-6.627 0-12 5.373-12 12v40c0 6.627 5.373 12 12 12h40c6.627 0 12-5.373 12-12zm76 12h40c6.627 0 12-5.373 12-12v-40c0-6.627-5.373-12-12-12h-40c-6.627 0-12 5.373-12 12v40c0 6.627 5.373 12 12 12zm180 124v36H0v-36c0-6.627 5.373-12 12-12h19.5V85.035C31.5 73.418 42.245 64 55.5 64H144V24c0-13.255 10.745-24 24-24h112c13.255 0 24 10.745 24 24v40h88.5c13.255 0 24 9.418 24 21.035V464H436c6.627 0 12 5.373 12 12zM79.5 463H192v-67c0-6.627 5.373-12 12-12h40c6.627 0 12 5.373 12 12v67h112.5V112H304v24c0 13.255-10.745 24-24 24H168c-13.255 0-24-10.745-24-24v-24H79.5v351zM266 64h-26V38a6 6 0 0 0-6-6h-20a6 6 0 0 0-6 6v26h-26a6 6 0 0 0-6 6v20a6 6 0 0 0 6 6h26v26a6 6 0 0 0 6 6h20a6 6 0 0 0 6-6V96h26a6 6 0 0 0 6-6V70a6 6 0 0 0-6-6z\"><\/path><\/svg>\t\t\t\t\t\t<\/span>\n\t\t\t\t\t\t\t\t\t\t<span class=\"elementor-icon-list-text\">Q\u00ebndrimi n\u00eb spital: Nuk k\u00ebrkohet<\/span>\n\t\t\t\t\t\t\t\t\t<\/li>\n\t\t\t\t\t\t\t\t<li class=\"elementor-icon-list-item\">\n\t\t\t\t\t\t\t\t\t\t\t<span class=\"elementor-icon-list-icon\">\n\t\t\t\t\t\t\t<svg aria-hidden=\"true\" class=\"e-font-icon-svg e-far-clock\" viewbox=\"0 0 512 512\" xmlns=\"http:\/\/www.w3.org\/2000\/svg\"><path d=\"M256 8C119 8 8 119 8 256s111 248 248 248 248-111 248-248S393 8 256 8zm0 448c-110.5 0-200-89.5-200-200S145.5 56 256 56s200 89.5 200 200-89.5 200-200 200zm61.8-104.4l-84.9-61.7c-3.1-2.3-4.9-5.9-4.9-9.7V116c0-6.6 5.4-12 12-12h32c6.6 0 12 5.4 12 12v141.7l66.8 48.6c5.4 3.9 6.5 11.4 2.6 16.8L334.6 349c-3.9 5.3-11.4 6.5-16.8 2.6z\"><\/path><\/svg>\t\t\t\t\t\t<\/span>\n\t\t\t\t\t\t\t\t\t\t<span class=\"elementor-icon-list-text\">Koha e Funksionimit: 40 Minuta<\/span>\n\t\t\t\t\t\t\t\t\t<\/li>\n\t\t\t\t\t\t\t\t<li class=\"elementor-icon-list-item\">\n\t\t\t\t\t\t\t\t\t\t\t<span class=\"elementor-icon-list-icon\">\n\t\t\t\t\t\t\t<svg aria-hidden=\"true\" class=\"e-font-icon-svg e-fas-syringe\" viewbox=\"0 0 512 512\" xmlns=\"http:\/\/www.w3.org\/2000\/svg\"><path d=\"M201.5 174.8l55.7 55.8c3.1 3.1 3.1 8.2 0 11.3l-11.3 11.3c-3.1 3.1-8.2 3.1-11.3 0l-55.7-55.8-45.3 45.3 55.8 55.8c3.1 3.1 3.1 8.2 0 11.3l-11.3 11.3c-3.1 3.1-8.2 3.1-11.3 0L111 265.2l-26.4 26.4c-17.3 17.3-25.6 41.1-23 65.4l7.1 63.6L2.3 487c-3.1 3.1-3.1 8.2 0 11.3l11.3 11.3c3.1 3.1 8.2 3.1 11.3 0l66.3-66.3 63.6 7.1c23.9 2.6 47.9-5.4 65.4-23l181.9-181.9-135.7-135.7-64.9 65zm308.2-93.3L430.5 2.3c-3.1-3.1-8.2-3.1-11.3 0l-11.3 11.3c-3.1 3.1-3.1 8.2 0 11.3l28.3 28.3-45.3 45.3-56.6-56.6-17-17c-3.1-3.1-8.2-3.1-11.3 0l-33.9 33.9c-3.1 3.1-3.1 8.2 0 11.3l17 17L424.8 223l17 17c3.1 3.1 8.2 3.1 11.3 0l33.9-34c3.1-3.1 3.1-8.2 0-11.3l-73.5-73.5 45.3-45.3 28.3 28.3c3.1 3.1 8.2 3.1 11.3 0l11.3-11.3c3.1-3.2 3.1-8.2 0-11.4z\"><\/path><\/svg>\t\t\t\t\t\t<\/span>\n\t\t\t\t\t\t\t\t\t\t<span class=\"elementor-icon-list-text\">Anestezi: Nuk k\u00ebrkohet<\/span>\n\t\t\t\t\t\t\t\t\t<\/li>\n\t\t\t\t\t\t\t\t<li class=\"elementor-icon-list-item\">\n\t\t\t\t\t\t\t\t\t\t\t<span class=\"elementor-icon-list-icon\">\n\t\t\t\t\t\t\t<svg aria-hidden=\"true\" class=\"e-font-icon-svg e-far-heart\" viewbox=\"0 0 512 512\" xmlns=\"http:\/\/www.w3.org\/2000\/svg\"><path d=\"M458.4 64.3C400.6 15.7 311.3 23 256 79.3 200.7 23 111.4 15.6 53.6 64.3-21.6 127.6-10.6 230.8 43 285.5l175.4 178.7c10 10.2 23.4 15.9 37.6 15.9 14.3 0 27.6-5.6 37.6-15.8L469 285.6c53.5-54.7 64.7-157.9-10.6-221.3zm-23.6 187.5L259.4 430.5c-2.4 2.4-4.4 2.4-6.8 0L77.2 251.8c-36.5-37.2-43.9-107.6 7.3-150.7 38.9-32.7 98.9-27.8 136.5 10.5l35 35.7 35-35.7c37.8-38.5 97.8-43.2 136.5-10.6 51.1 43.1 43.5 113.9 7.3 150.8z\"><\/path><\/svg>\t\t\t\t\t\t<\/span>\n\t\t\t\t\t\t\t\t\t\t<span class=\"elementor-icon-list-text\">Koha e Rim\u00ebk\u00ebmbjes: I menj\u00ebhersh\u00ebm<\/span>\n\t\t\t\t\t\t\t\t\t<\/li>\n\t\t\t\t\t\t<\/ul>\n\t\t\t\t\t\t<\/div>\n\t\t\t\t<\/div>\n\t\t\t\t<div class=\"elementor-element elementor-element-6a03217 elementor-align-justify elementor-widget elementor-widget-button\" data-id=\"6a03217\" data-element_type=\"widget\" data-widget_type=\"button.default\">\n\t\t\t\t<div class=\"elementor-widget-container\">\n\t\t\t\t\t\t\t\t\t<div class=\"elementor-button-wrapper\">\n\t\t\t\t\t<a class=\"elementor-button elementor-button-link elementor-size-sm elementor-animation-buzz\" href=\"https:\/\/seldacenter.com\/sq\/\">\n\t\t\t\t\t\t<span class=\"elementor-button-content-wrapper\">\n\t\t\t\t\t\t\t\t\t<span class=\"elementor-button-text\">Rezervoni nj\u00eb takim tani<\/span>\n\t\t\t\t\t<\/span>\n\t\t\t\t\t<\/a>\n\t\t\t\t<\/div>\n\t\t\t\t\t\t\t\t<\/div>\n\t\t\t\t<\/div>\n\t\t\t\t\t<\/div>\n\t\t<\/div>\n\t\t\t\t\t<\/div>\n\t\t<\/section>\n\t\t\t\t<section class=\"elementor-section elementor-top-section elementor-element elementor-element-20721915 elementor-section-boxed elementor-section-height-default elementor-section-height-default\" data-id=\"20721915\" data-element_type=\"section\">\n\t\t\t\t\t\t<div class=\"elementor-container elementor-column-gap-default\">\n\t\t\t\t\t<div class=\"elementor-column elementor-col-100 elementor-top-column elementor-element elementor-element-3ddf068a\" data-id=\"3ddf068a\" data-element_type=\"column\">\n\t\t\t<div class=\"elementor-widget-wrap elementor-element-populated\">\n\t\t\t\t\t\t<div class=\"elementor-element elementor-element-28c848a elementor-widget elementor-widget-text-editor\" data-id=\"28c848a\" data-element_type=\"widget\" data-widget_type=\"text-editor.default\">\n\t\t\t\t<div class=\"elementor-widget-container\">\n\t\t\t\t\t\t\t\t\tSot, t\u00eb kesh l\u00ebkur\u00eb rinore dhe t\u00eb sh\u00ebndetshme \u00ebsht\u00eb nj\u00eb d\u00ebshir\u00eb e zakonshme p\u00ebr shum\u00eb njer\u00ebz. Mezoterapia e fytyr\u00ebs dallohet si nj\u00eb metod\u00eb efektive dhe popullore p\u00ebr arritjen e k\u00ebtij q\u00ebllimi. Mezoterapia e fytyr\u00ebs \u00ebsht\u00eb nj\u00eb procedur\u00eb kozmetike minimalisht invazive q\u00eb p\u00ebrdoret p\u00ebr t\u00eb rigjall\u00ebruar, hidratuar dhe rigjall\u00ebruar l\u00ebkur\u00ebn. Ajo ofron nj\u00eb s\u00ebr\u00eb avantazhesh q\u00eb e b\u00ebjn\u00eb l\u00ebkur\u00ebn t\u00eb duket m\u00eb e re dhe m\u00eb e sh\u00ebndetshme. Kjo teknik\u00eb p\u00ebrfshin injektimin e nj\u00eb kokteji ose serumi t\u00eb ve\u00e7ant\u00eb n\u00eb shtresat e poshtme t\u00eb l\u00ebkur\u00ebs. Ky serum \u00ebsht\u00eb formuluar posa\u00e7\u00ebrisht n\u00eb var\u00ebsi t\u00eb nevojave t\u00eb l\u00ebkur\u00ebs dhe problemeve q\u00eb duhen trajtuar. Zakonisht p\u00ebrmban p\u00ebrb\u00ebr\u00ebs aktiv\u00eb si vitamina, minerale, aminoacide dhe acid hialuronik q\u00eb mb\u00ebshtesin rinovimin e l\u00ebkur\u00ebs. Mezoterapia e fytyr\u00ebs ofron p\u00ebrfitime t\u00eb shumta, duke p\u00ebrfshir\u00eb zvog\u00eblimin e rrudhave, rritjen e elasticitetit, korrigjimin e tonit t\u00eb l\u00ebkur\u00ebs dhe zvog\u00eblimin e njollave dhe shenjave t\u00eb akneve. Ajo gjithashtu ruan ekuilibrin e lag\u00ebshtis\u00eb s\u00eb l\u00ebkur\u00ebs, rrit shk\u00eblqimin e l\u00ebkur\u00ebs dhe n\u00eb p\u00ebrgjith\u00ebsi ofron nj\u00eb pamje m\u00eb t\u00eb re dhe m\u00eb t\u00eb gjall\u00eb. Ky trajtim synon problemet e l\u00ebkur\u00ebs duke vepruar direkt n\u00ebn sip\u00ebrfaqen e l\u00ebkur\u00ebs. Ai fillon procesin natyror t\u00eb sh\u00ebrimit t\u00eb l\u00ebkur\u00ebs dhe inkurajon rinovimin e l\u00ebkur\u00ebs. Seancat e mezoterapis\u00eb zakonisht p\u00ebrs\u00ebriten \u00e7do disa jav\u00eb, duke siguruar p\u00ebrmir\u00ebsim gradual dhe afatgjat\u00eb t\u00eb l\u00ebkur\u00ebs. Mezoterapia e fytyr\u00ebs \u00ebsht\u00eb nj\u00eb procedur\u00eb kozmetike e sigurt dhe efektive. Megjithat\u00eb, \u00ebsht\u00eb e r\u00ebnd\u00ebsishme q\u00eb personi q\u00eb kryen k\u00ebt\u00eb procedur\u00eb t\u00eb jet\u00eb nj\u00eb profesionist i kujdesit sh\u00ebndet\u00ebsor me p\u00ebrvoj\u00eb ose kirurg estetik. Kur kryhet si\u00e7 duhet, mezoterapia e fytyr\u00ebs ofron nj\u00eb rezultat natyral dhe t\u00eb ekuilibruar, duke i rikthyer l\u00ebkur\u00ebs rinin\u00eb dhe vitalitetin. Si p\u00ebrfundim, mezoterapia e fytyr\u00ebs \u00ebsht\u00eb nj\u00eb mund\u00ebsi efektive p\u00ebr t\u00eb b\u00ebr\u00eb hapin e par\u00eb drejt nj\u00eb l\u00ebkure rinore dhe t\u00eb sh\u00ebndetshme. Fal\u00eb serumeve t\u00eb formuluara posa\u00e7\u00ebrisht p\u00ebr t\u00eb p\u00ebrmbushur nevojat e l\u00ebkur\u00ebs, l\u00ebkura rigjenerohet, hidratohet dhe rigjall\u00ebrohet. Megjithat\u00eb, \u00ebsht\u00eb thelb\u00ebsore q\u00eb personi q\u00eb kryen k\u00ebt\u00eb procedur\u00eb t\u00eb jet\u00eb nj\u00eb profesionist i kujdesit sh\u00ebndet\u00ebsor me p\u00ebrvoj\u00eb dhe ekspert. Mezoterapia e fytyr\u00ebs trajton me sukses shum\u00eb probleme t\u00eb l\u00ebkur\u00ebs, duke \u00e7uar n\u00eb nj\u00eb l\u00ebkur\u00eb t\u00eb sh\u00ebndetshme dhe rinore.\t\t\t\t\t\t\t\t<\/div>\n\t\t\t\t<\/div>\n\t\t\t\t\t<\/div>\n\t\t<\/div>\n\t\t\t\t\t<\/div>\n\t\t<\/section>\n\t\t\t\t<\/div>","protected":false},"excerpt":{"rendered":"<p>Y\u00fcz Mezoterapi Hastanede Kal\u0131\u015f S\u00fcresi: Gerekli De\u011fil Operasyon S\u00fcresi: 40 Dakika Anestezi: Gerekli De\u011fil \u0130yile\u015fme S\u00fcresi: Hemen Hemen Randevu Al\u0131n G\u00fcn\u00fcm\u00fczde, gen\u00e7 ve sa\u011fl\u0131kl\u0131 bir cilde sahip olmak pek \u00e7ok ki\u015finin ortak arzusudur. Y\u00fcz mezoterapisi, bu amaca ula\u015fmada etkili ve pop\u00fcler bir y\u00f6ntem olarak \u00f6ne \u00e7\u0131kmaktad\u0131r. Y\u00fcz mezoterapisi, cildin gen\u00e7le\u015ftirilmesi, nemlendirilmesi ve canland\u0131r\u0131lmas\u0131 i\u00e7in kullan\u0131lan [&hellip;]<\/p>\n","protected":false},"author":2,"featured_media":0,"parent":0,"menu_order":0,"comment_status":"closed","ping_status":"closed","template":"","meta":{"postBodyMargin":[],"postBodyPadding":[],"postBodyBackground":{"backgroundType":"classic","gradient":""},"footnotes":""},"class_list":["post-13963","page","type-page","status-publish","hentry"],"_links":{"self":[{"href":"https:\/\/seldacenter.com\/sq\/wp-json\/wp\/v2\/pages\/13963","targetHints":{"allow":["GET"]}}],"collection":[{"href":"https:\/\/seldacenter.com\/sq\/wp-json\/wp\/v2\/pages"}],"about":[{"href":"https:\/\/seldacenter.com\/sq\/wp-json\/wp\/v2\/types\/page"}],"author":[{"embeddable":true,"href":"https:\/\/seldacenter.com\/sq\/wp-json\/wp\/v2\/users\/2"}],"replies":[{"embeddable":true,"href":"https:\/\/seldacenter.com\/sq\/wp-json\/wp\/v2\/comments?post=13963"}],"version-history":[{"count":10,"href":"https:\/\/seldacenter.com\/sq\/wp-json\/wp\/v2\/pages\/13963\/revisions"}],"predecessor-version":[{"id":14255,"href":"https:\/\/seldacenter.com\/sq\/wp-json\/wp\/v2\/pages\/13963\/revisions\/14255"}],"wp:attachment":[{"href":"https:\/\/seldacenter.com\/sq\/wp-json\/wp\/v2\/media?parent=13963"}],"curies":[{"name":"wp","href":"https:\/\/api.w.org\/{rel}","templated":true}]}}