{"id":13950,"date":"2024-02-28T18:50:29","date_gmt":"2024-02-28T18:50:29","guid":{"rendered":"https:\/\/seldacenter.com\/?page_id=13950"},"modified":"2024-03-02T01:57:01","modified_gmt":"2024-03-02T01:57:01","slug":"e-max-crowns","status":"publish","type":"page","link":"https:\/\/seldacenter.com\/sq\/e-max-crowns\/","title":{"rendered":"Kurora E-Max"},"content":{"rendered":"<div data-elementor-type=\"wp-page\" data-elementor-id=\"13950\" class=\"elementor elementor-13950\" data-elementor-post-type=\"page\">\n\t\t\t\t\t\t<section class=\"elementor-section elementor-top-section elementor-element elementor-element-d678c3c elementor-section-boxed elementor-section-height-default elementor-section-height-default\" data-id=\"d678c3c\" data-element_type=\"section\">\n\t\t\t\t\t\t<div class=\"elementor-container elementor-column-gap-default\">\n\t\t\t\t\t<div class=\"elementor-column elementor-col-50 elementor-top-column elementor-element elementor-element-f36996b\" data-id=\"f36996b\" data-element_type=\"column\" data-settings=\"{&quot;background_background&quot;:&quot;classic&quot;}\">\n\t\t\t<div class=\"elementor-widget-wrap elementor-element-populated\">\n\t\t\t\t\t\t<div class=\"elementor-element elementor-element-b877bd3 elementor-widget elementor-widget-image\" data-id=\"b877bd3\" data-element_type=\"widget\" data-widget_type=\"image.default\">\n\t\t\t\t<div class=\"elementor-widget-container\">\n\t\t\t\t\t\t\t\t\t\t\t\t\t\t\t<img fetchpriority=\"high\" decoding=\"async\" width=\"996\" height=\"664\" src=\"https:\/\/seldacenter.com\/wp-content\/uploads\/2024\/03\/dentist-with-smile_144627-891.jpg\" class=\"attachment-full size-full wp-image-14211\" alt=\"\" srcset=\"https:\/\/seldacenter.com\/wp-content\/uploads\/2024\/03\/dentist-with-smile_144627-891.jpg 996w, https:\/\/seldacenter.com\/wp-content\/uploads\/2024\/03\/dentist-with-smile_144627-891-600x400.jpg 600w, https:\/\/seldacenter.com\/wp-content\/uploads\/2024\/03\/dentist-with-smile_144627-891-300x200.jpg 300w, https:\/\/seldacenter.com\/wp-content\/uploads\/2024\/03\/dentist-with-smile_144627-891-768x512.jpg 768w\" sizes=\"(max-width: 996px) 100vw, 996px\" \/>\t\t\t\t\t\t\t\t\t\t\t\t\t\t\t<\/div>\n\t\t\t\t<\/div>\n\t\t\t\t\t<\/div>\n\t\t<\/div>\n\t\t\t\t<div class=\"elementor-column elementor-col-50 elementor-top-column elementor-element elementor-element-ae8111c\" data-id=\"ae8111c\" data-element_type=\"column\">\n\t\t\t<div class=\"elementor-widget-wrap elementor-element-populated\">\n\t\t\t\t\t\t<div class=\"elementor-element elementor-element-7475c8c elementor-widget-divider--view-line_text elementor-widget-divider--element-align-left elementor-widget elementor-widget-divider\" data-id=\"7475c8c\" data-element_type=\"widget\" data-widget_type=\"divider.default\">\n\t\t\t\t<div class=\"elementor-widget-container\">\n\t\t\t\t\t\t\t<div class=\"elementor-divider\">\n\t\t\t<span class=\"elementor-divider-separator\">\n\t\t\t\t\t\t\t<h3 class=\"elementor-divider__text elementor-divider__element\">\n\t\t\t\tKurora E-Max\t\t\t\t<\/h3>\n\t\t\t\t\t\t<\/span>\n\t\t<\/div>\n\t\t\t\t\t\t<\/div>\n\t\t\t\t<\/div>\n\t\t\t\t<div class=\"elementor-element elementor-element-0d9a67a elementor-align-left elementor-icon-list--layout-traditional elementor-list-item-link-full_width elementor-widget elementor-widget-icon-list\" data-id=\"0d9a67a\" data-element_type=\"widget\" data-widget_type=\"icon-list.default\">\n\t\t\t\t<div class=\"elementor-widget-container\">\n\t\t\t\t\t\t\t<ul class=\"elementor-icon-list-items\">\n\t\t\t\t\t\t\t<li class=\"elementor-icon-list-item\">\n\t\t\t\t\t\t\t\t\t\t\t<span class=\"elementor-icon-list-icon\">\n\t\t\t\t\t\t\t<svg aria-hidden=\"true\" class=\"e-font-icon-svg e-far-hospital\" viewbox=\"0 0 448 512\" xmlns=\"http:\/\/www.w3.org\/2000\/svg\"><path d=\"M128 244v-40c0-6.627 5.373-12 12-12h40c6.627 0 12 5.373 12 12v40c0 6.627-5.373 12-12 12h-40c-6.627 0-12-5.373-12-12zm140 12h40c6.627 0 12-5.373 12-12v-40c0-6.627-5.373-12-12-12h-40c-6.627 0-12 5.373-12 12v40c0 6.627 5.373 12 12 12zm-76 84v-40c0-6.627-5.373-12-12-12h-40c-6.627 0-12 5.373-12 12v40c0 6.627 5.373 12 12 12h40c6.627 0 12-5.373 12-12zm76 12h40c6.627 0 12-5.373 12-12v-40c0-6.627-5.373-12-12-12h-40c-6.627 0-12 5.373-12 12v40c0 6.627 5.373 12 12 12zm180 124v36H0v-36c0-6.627 5.373-12 12-12h19.5V85.035C31.5 73.418 42.245 64 55.5 64H144V24c0-13.255 10.745-24 24-24h112c13.255 0 24 10.745 24 24v40h88.5c13.255 0 24 9.418 24 21.035V464H436c6.627 0 12 5.373 12 12zM79.5 463H192v-67c0-6.627 5.373-12 12-12h40c6.627 0 12 5.373 12 12v67h112.5V112H304v24c0 13.255-10.745 24-24 24H168c-13.255 0-24-10.745-24-24v-24H79.5v351zM266 64h-26V38a6 6 0 0 0-6-6h-20a6 6 0 0 0-6 6v26h-26a6 6 0 0 0-6 6v20a6 6 0 0 0 6 6h26v26a6 6 0 0 0 6 6h20a6 6 0 0 0 6-6V96h26a6 6 0 0 0 6-6V70a6 6 0 0 0-6-6z\"><\/path><\/svg>\t\t\t\t\t\t<\/span>\n\t\t\t\t\t\t\t\t\t\t<span class=\"elementor-icon-list-text\">Q\u00ebndrimi n\u00eb spital: Nuk k\u00ebrkohet<\/span>\n\t\t\t\t\t\t\t\t\t<\/li>\n\t\t\t\t\t\t\t\t<li class=\"elementor-icon-list-item\">\n\t\t\t\t\t\t\t\t\t\t\t<span class=\"elementor-icon-list-icon\">\n\t\t\t\t\t\t\t<svg aria-hidden=\"true\" class=\"e-font-icon-svg e-far-clock\" viewbox=\"0 0 512 512\" xmlns=\"http:\/\/www.w3.org\/2000\/svg\"><path d=\"M256 8C119 8 8 119 8 256s111 248 248 248 248-111 248-248S393 8 256 8zm0 448c-110.5 0-200-89.5-200-200S145.5 56 256 56s200 89.5 200 200-89.5 200-200 200zm61.8-104.4l-84.9-61.7c-3.1-2.3-4.9-5.9-4.9-9.7V116c0-6.6 5.4-12 12-12h32c6.6 0 12 5.4 12 12v141.7l66.8 48.6c5.4 3.9 6.5 11.4 2.6 16.8L334.6 349c-3.9 5.3-11.4 6.5-16.8 2.6z\"><\/path><\/svg>\t\t\t\t\t\t<\/span>\n\t\t\t\t\t\t\t\t\t\t<span class=\"elementor-icon-list-text\">Koha e Funksionimit: 6-8 Or\u00eb<\/span>\n\t\t\t\t\t\t\t\t\t<\/li>\n\t\t\t\t\t\t\t\t<li class=\"elementor-icon-list-item\">\n\t\t\t\t\t\t\t\t\t\t\t<span class=\"elementor-icon-list-icon\">\n\t\t\t\t\t\t\t<svg aria-hidden=\"true\" class=\"e-font-icon-svg e-fas-syringe\" viewbox=\"0 0 512 512\" xmlns=\"http:\/\/www.w3.org\/2000\/svg\"><path d=\"M201.5 174.8l55.7 55.8c3.1 3.1 3.1 8.2 0 11.3l-11.3 11.3c-3.1 3.1-8.2 3.1-11.3 0l-55.7-55.8-45.3 45.3 55.8 55.8c3.1 3.1 3.1 8.2 0 11.3l-11.3 11.3c-3.1 3.1-8.2 3.1-11.3 0L111 265.2l-26.4 26.4c-17.3 17.3-25.6 41.1-23 65.4l7.1 63.6L2.3 487c-3.1 3.1-3.1 8.2 0 11.3l11.3 11.3c3.1 3.1 8.2 3.1 11.3 0l66.3-66.3 63.6 7.1c23.9 2.6 47.9-5.4 65.4-23l181.9-181.9-135.7-135.7-64.9 65zm308.2-93.3L430.5 2.3c-3.1-3.1-8.2-3.1-11.3 0l-11.3 11.3c-3.1 3.1-3.1 8.2 0 11.3l28.3 28.3-45.3 45.3-56.6-56.6-17-17c-3.1-3.1-8.2-3.1-11.3 0l-33.9 33.9c-3.1 3.1-3.1 8.2 0 11.3l17 17L424.8 223l17 17c3.1 3.1 8.2 3.1 11.3 0l33.9-34c3.1-3.1 3.1-8.2 0-11.3l-73.5-73.5 45.3-45.3 28.3 28.3c3.1 3.1 8.2 3.1 11.3 0l11.3-11.3c3.1-3.2 3.1-8.2 0-11.4z\"><\/path><\/svg>\t\t\t\t\t\t<\/span>\n\t\t\t\t\t\t\t\t\t\t<span class=\"elementor-icon-list-text\">Anestezi: Lokale<\/span>\n\t\t\t\t\t\t\t\t\t<\/li>\n\t\t\t\t\t\t\t\t<li class=\"elementor-icon-list-item\">\n\t\t\t\t\t\t\t\t\t\t\t<span class=\"elementor-icon-list-icon\">\n\t\t\t\t\t\t\t<svg aria-hidden=\"true\" class=\"e-font-icon-svg e-far-heart\" viewbox=\"0 0 512 512\" xmlns=\"http:\/\/www.w3.org\/2000\/svg\"><path d=\"M458.4 64.3C400.6 15.7 311.3 23 256 79.3 200.7 23 111.4 15.6 53.6 64.3-21.6 127.6-10.6 230.8 43 285.5l175.4 178.7c10 10.2 23.4 15.9 37.6 15.9 14.3 0 27.6-5.6 37.6-15.8L469 285.6c53.5-54.7 64.7-157.9-10.6-221.3zm-23.6 187.5L259.4 430.5c-2.4 2.4-4.4 2.4-6.8 0L77.2 251.8c-36.5-37.2-43.9-107.6 7.3-150.7 38.9-32.7 98.9-27.8 136.5 10.5l35 35.7 35-35.7c37.8-38.5 97.8-43.2 136.5-10.6 51.1 43.1 43.5 113.9 7.3 150.8z\"><\/path><\/svg>\t\t\t\t\t\t<\/span>\n\t\t\t\t\t\t\t\t\t\t<span class=\"elementor-icon-list-text\">Koha e Rim\u00ebk\u00ebmbjes: I menj\u00ebhersh\u00ebm<\/span>\n\t\t\t\t\t\t\t\t\t<\/li>\n\t\t\t\t\t\t<\/ul>\n\t\t\t\t\t\t<\/div>\n\t\t\t\t<\/div>\n\t\t\t\t<div class=\"elementor-element elementor-element-73efc41 elementor-align-justify elementor-widget elementor-widget-button\" data-id=\"73efc41\" data-element_type=\"widget\" data-widget_type=\"button.default\">\n\t\t\t\t<div class=\"elementor-widget-container\">\n\t\t\t\t\t\t\t\t\t<div class=\"elementor-button-wrapper\">\n\t\t\t\t\t<a class=\"elementor-button elementor-button-link elementor-size-sm elementor-animation-buzz\" href=\"https:\/\/seldacenter.com\/sq\/\">\n\t\t\t\t\t\t<span class=\"elementor-button-content-wrapper\">\n\t\t\t\t\t\t\t\t\t<span class=\"elementor-button-text\">Rezervoni nj\u00eb takim tani<\/span>\n\t\t\t\t\t<\/span>\n\t\t\t\t\t<\/a>\n\t\t\t\t<\/div>\n\t\t\t\t\t\t\t\t<\/div>\n\t\t\t\t<\/div>\n\t\t\t\t\t<\/div>\n\t\t<\/div>\n\t\t\t\t\t<\/div>\n\t\t<\/section>\n\t\t\t\t<section class=\"elementor-section elementor-top-section elementor-element elementor-element-6f03656e elementor-section-boxed elementor-section-height-default elementor-section-height-default\" data-id=\"6f03656e\" data-element_type=\"section\">\n\t\t\t\t\t\t<div class=\"elementor-container elementor-column-gap-default\">\n\t\t\t\t\t<div class=\"elementor-column elementor-col-100 elementor-top-column elementor-element elementor-element-78bf85d4\" data-id=\"78bf85d4\" data-element_type=\"column\">\n\t\t\t<div class=\"elementor-widget-wrap elementor-element-populated\">\n\t\t\t\t\t\t<div class=\"elementor-element elementor-element-3a9f7349 elementor-widget elementor-widget-text-editor\" data-id=\"3a9f7349\" data-element_type=\"widget\" data-widget_type=\"text-editor.default\">\n\t\t\t\t<div class=\"elementor-widget-container\">\n\t\t\t\t\t\t\t\t\tP\u00ebrparimi i teknologjis\u00eb ka hapur der\u00ebn p\u00ebr inovacione mbres\u00ebl\u00ebn\u00ebse n\u00eb fush\u00ebn e stomatologjis\u00eb. Nj\u00eb nga k\u00ebto inovacione jan\u00eb fasetat e porcelanit estetike dhe t\u00eb q\u00ebndrueshme t\u00eb quajtura kurora E-Max. N\u00eb k\u00ebt\u00eb artikull, do t\u00eb p\u00ebrqendrohemi n\u00eb detaje n\u00eb tema t\u00eb tilla si \u00e7far\u00eb jan\u00eb kurorat E-Max, avantazhet e tyre, si aplikohen dhe p\u00ebr k\u00eb jan\u00eb t\u00eb p\u00ebrshtatshme.\n\n<strong>\u00c7far\u00eb jan\u00eb kurorat E-Max?<\/strong>\n\nKurorat E-Max jan\u00eb fasetat e b\u00ebra nga porcelani disilikat litiumi. Dentist\u00ebt pohojn\u00eb se ky material i ve\u00e7ant\u00eb prej porcelani ofron performanc\u00eb superiore n\u00eb aspektin e estetik\u00ebs dhe q\u00ebndrueshm\u00ebris\u00eb. T\u00eb p\u00ebrdorura ve\u00e7an\u00ebrisht n\u00eb dh\u00ebmb\u00ebt e p\u00ebrparm\u00eb, kurorat E-Max ofrojn\u00eb nj\u00eb pamje estetike shum\u00eb t\u00eb ngjashme me dh\u00ebmb\u00ebt natyral\u00eb.\n\n<strong>Avantazhet<\/strong>\n\n<strong>1. Pamje Natyrale<\/strong>\n\nKurorat E-Max imitojn\u00eb transparenc\u00ebn e dh\u00ebmb\u00ebve natyral\u00eb, duke lejuar q\u00eb drita t\u00eb kaloj\u00eb p\u00ebrmes tyre nj\u00ebsoj si dh\u00ebmb\u00ebt natyral\u00eb. Kjo ve\u00e7ori i ndihmon dh\u00ebmb\u00ebt t\u00eb arrijn\u00eb nj\u00eb pamje natyrale dhe estetikisht t\u00eb k\u00ebndshme.\n\n<strong>2. Q\u00ebndrueshm\u00ebria<\/strong>\n\nMateriali i disilikatit t\u00eb litiumit u jep kurorave E-Max nj\u00eb ve\u00e7ori q\u00eb u siguron dh\u00ebmb\u00ebve q\u00ebndrueshm\u00ebri t\u00eb lart\u00eb. Ato mund t&#039;i rezistojn\u00eb aktiviteteve t\u00eb p\u00ebrditshme dhe ofrojn\u00eb nj\u00eb zgjidhje afatgjat\u00eb.\n\n<strong>3. Biokompatibil<\/strong>\n\nKurorat E-Max p\u00ebrmbajn\u00eb disilikat litiumi, i cili konsiderohet nj\u00eb material biokompatibil. Ai minimizon rrezikun e reaksioneve alergjike dhe rrit biokompatibilitetin.\n\n<strong>4. Paraqitje minimale<\/strong>\n\nKurorat E-Max p\u00ebrfshijn\u00eb limim minimal gjat\u00eb aplikimit. Kjo do t\u00eb thot\u00eb nj\u00eb proces trajtimi m\u00eb pak invaziv dhe ruajtje m\u00eb t\u00eb madhe t\u00eb indeve t\u00eb sh\u00ebndetshme t\u00eb dh\u00ebmb\u00ebve.\n\n<strong>5. Stabiliteti i ngjyr\u00ebs<\/strong>\n\nFakti q\u00eb nuk ndryshon ngjyr\u00eb me kalimin e koh\u00ebs i ndihmon kurorat E-Max t\u00eb ruajn\u00eb pamjen e tyre estetike afatgjat\u00eb.\n\n<strong>Procesi i Aplikimit<\/strong>\n\n<strong>1. Inspektimi dhe Planifikimi<\/strong>\n\nPas nj\u00eb ekzaminimi t\u00eb detajuar t\u00eb pacientit, krijohet nj\u00eb plan trajtimi. Kurorat E-Max p\u00ebrgatiten sipas p\u00ebrzgjedhjes s\u00eb ngjyr\u00ebs dhe gjendjes s\u00eb dh\u00ebmb\u00ebve.\n\n<strong>2. Faza e P\u00ebrgatitjes<\/strong>\n\nDh\u00ebmb\u00ebt limohen minimalisht dhe merren gjurm\u00ebt. K\u00ebto gjurm\u00eb d\u00ebrgohen n\u00eb nj\u00eb laborator dentar p\u00ebr t\u00eb prodhuar kurora t\u00eb personalizuara.\n\n<strong>3. Vendosja<\/strong>\n\nKurorat e p\u00ebrgatitura E-Max vendosen n\u00eb dh\u00ebmb\u00ebt e pacientit nga dentisti. Kontrollohet ngjyra dhe p\u00ebrshtatshm\u00ebria, dhe b\u00ebhen rregullime n\u00ebse \u00ebsht\u00eb e nevojshme.\n\n<strong>4. Ngjitja<\/strong>\n\nKurorat fiksohen p\u00ebrgjithmon\u00eb n\u00eb dh\u00ebmb\u00eb duke p\u00ebrdorur ngjit\u00ebs t\u00eb ve\u00e7ant\u00eb. Pas procesit t\u00eb ngjitjes, pacienti mund t\u00eb kthehet n\u00eb aktivitetet e tij normale t\u00eb p\u00ebrditshme.\n\n<strong>P\u00ebr k\u00eb \u00ebsht\u00eb i p\u00ebrshtatsh\u00ebm?<\/strong>\n\nKurorat E-Max jan\u00eb nj\u00eb opsion i p\u00ebrshtatsh\u00ebm p\u00ebr k\u00ebdo q\u00eb ka shqet\u00ebsime estetike dhe d\u00ebshiron t\u00eb p\u00ebrmir\u00ebsoj\u00eb pamjen e dh\u00ebmb\u00ebve t\u00eb tij. Meqen\u00ebse p\u00ebrdoren ve\u00e7an\u00ebrisht n\u00eb dh\u00ebmb\u00ebt e p\u00ebrparm\u00eb, pacient\u00ebt me pritje t\u00eb larta estetike mund ta marrin n\u00eb konsiderat\u00eb k\u00ebt\u00eb metod\u00eb trajtimi.\n\n<strong>P\u00ebrfundim<\/strong>\n\nKurorat E-Max ofrojn\u00eb zgjidhjen perfekte p\u00ebr pacient\u00ebt q\u00eb k\u00ebrkojn\u00eb si estetik\u00eb ashtu edhe q\u00ebndrueshm\u00ebri. N\u00ebp\u00ebrmjet konsultave me dentistin tuaj, ne mund t\u00eb krijojm\u00eb nj\u00eb plan trajtimi t\u00eb personalizuar p\u00ebr t&#039;ju ndihmuar t\u00eb arrini nj\u00eb buz\u00ebqeshje t\u00eb sh\u00ebndetshme, natyrale dhe estetikisht t\u00eb k\u00ebndshme. Buz\u00ebqeshja mund t\u00eb p\u00ebrmir\u00ebsoj\u00eb jo vet\u00ebm pamjen tuaj, por edhe vet\u00ebbesimin tuaj. Me kurorat E-Max, ju mund t\u00eb b\u00ebni nj\u00eb hap tjet\u00ebr m\u00eb af\u00ebr buz\u00ebqeshjes s\u00eb \u00ebndrrave tuaja. [Titulli i Imazhit]\t\t\t\t\t\t\t\t<\/div>\n\t\t\t\t<\/div>\n\t\t\t\t\t<\/div>\n\t\t<\/div>\n\t\t\t\t\t<\/div>\n\t\t<\/section>\n\t\t\t\t<\/div>","protected":false},"excerpt":{"rendered":"<p>E-Max Crowns Hastanede Kal\u0131\u015f S\u00fcresi: Gerekli De\u011fil Operasyon S\u00fcresi: 6-8 Saat Anestezi: Lokal \u0130yile\u015fme S\u00fcresi: Hemen Hemen Randevu Al\u0131n Geli\u015fen teknoloji, di\u015f hekimli\u011fi alan\u0131nda da etkileyici yeniliklere kap\u0131 aralam\u0131\u015ft\u0131r. Bu yeniliklerden biri de E-Max crowns olarak adland\u0131r\u0131lan estetik ve dayan\u0131kl\u0131 porselen kaplamalard\u0131r. Bu makalede, E-Max crowns&#8217;\u0131n nedir, avantajlar\u0131 nelerdir, nas\u0131l uygulan\u0131r ve kimler i\u00e7in uygun [&hellip;]<\/p>\n","protected":false},"author":2,"featured_media":0,"parent":0,"menu_order":0,"comment_status":"closed","ping_status":"closed","template":"","meta":{"postBodyMargin":[],"postBodyPadding":[],"postBodyBackground":{"backgroundType":"classic","gradient":""},"footnotes":""},"class_list":["post-13950","page","type-page","status-publish","hentry"],"_links":{"self":[{"href":"https:\/\/seldacenter.com\/sq\/wp-json\/wp\/v2\/pages\/13950","targetHints":{"allow":["GET"]}}],"collection":[{"href":"https:\/\/seldacenter.com\/sq\/wp-json\/wp\/v2\/pages"}],"about":[{"href":"https:\/\/seldacenter.com\/sq\/wp-json\/wp\/v2\/types\/page"}],"author":[{"embeddable":true,"href":"https:\/\/seldacenter.com\/sq\/wp-json\/wp\/v2\/users\/2"}],"replies":[{"embeddable":true,"href":"https:\/\/seldacenter.com\/sq\/wp-json\/wp\/v2\/comments?post=13950"}],"version-history":[{"count":10,"href":"https:\/\/seldacenter.com\/sq\/wp-json\/wp\/v2\/pages\/13950\/revisions"}],"predecessor-version":[{"id":14217,"href":"https:\/\/seldacenter.com\/sq\/wp-json\/wp\/v2\/pages\/13950\/revisions\/14217"}],"wp:attachment":[{"href":"https:\/\/seldacenter.com\/sq\/wp-json\/wp\/v2\/media?parent=13950"}],"curies":[{"name":"wp","href":"https:\/\/api.w.org\/{rel}","templated":true}]}}