{"id":13945,"date":"2024-02-28T18:49:12","date_gmt":"2024-02-28T18:49:12","guid":{"rendered":"https:\/\/seldacenter.com\/?page_id=13945"},"modified":"2024-03-02T02:24:31","modified_gmt":"2024-03-02T02:24:31","slug":"cilt-bakimi","status":"publish","type":"page","link":"https:\/\/seldacenter.com\/sq\/cilt-bakimi\/","title":{"rendered":"Kujdesi p\u00ebr l\u00ebkur\u00ebn"},"content":{"rendered":"<div data-elementor-type=\"wp-page\" data-elementor-id=\"13945\" class=\"elementor elementor-13945\" data-elementor-post-type=\"page\">\n\t\t\t\t\t\t<section class=\"elementor-section elementor-top-section elementor-element elementor-element-baac741 elementor-section-boxed elementor-section-height-default elementor-section-height-default\" data-id=\"baac741\" data-element_type=\"section\">\n\t\t\t\t\t\t<div class=\"elementor-container elementor-column-gap-default\">\n\t\t\t\t\t<div class=\"elementor-column elementor-col-50 elementor-top-column elementor-element elementor-element-8dcb548\" data-id=\"8dcb548\" data-element_type=\"column\" data-settings=\"{&quot;background_background&quot;:&quot;classic&quot;}\">\n\t\t\t<div class=\"elementor-widget-wrap elementor-element-populated\">\n\t\t\t\t\t\t<div class=\"elementor-element elementor-element-724b6a8 elementor-widget elementor-widget-image\" data-id=\"724b6a8\" data-element_type=\"widget\" data-widget_type=\"image.default\">\n\t\t\t\t<div class=\"elementor-widget-container\">\n\t\t\t\t\t\t\t\t\t\t\t\t\t\t\t<img fetchpriority=\"high\" decoding=\"async\" width=\"996\" height=\"664\" src=\"https:\/\/seldacenter.com\/wp-content\/uploads\/2024\/03\/cosmetologist-applying-mask-face-client-beauty-salon_1303-16756.jpg\" class=\"attachment-full size-full wp-image-14260\" alt=\"\" srcset=\"https:\/\/seldacenter.com\/wp-content\/uploads\/2024\/03\/cosmetologist-applying-mask-face-client-beauty-salon_1303-16756.jpg 996w, https:\/\/seldacenter.com\/wp-content\/uploads\/2024\/03\/cosmetologist-applying-mask-face-client-beauty-salon_1303-16756-600x400.jpg 600w, https:\/\/seldacenter.com\/wp-content\/uploads\/2024\/03\/cosmetologist-applying-mask-face-client-beauty-salon_1303-16756-300x200.jpg 300w, https:\/\/seldacenter.com\/wp-content\/uploads\/2024\/03\/cosmetologist-applying-mask-face-client-beauty-salon_1303-16756-768x512.jpg 768w\" sizes=\"(max-width: 996px) 100vw, 996px\" \/>\t\t\t\t\t\t\t\t\t\t\t\t\t\t\t<\/div>\n\t\t\t\t<\/div>\n\t\t\t\t\t<\/div>\n\t\t<\/div>\n\t\t\t\t<div class=\"elementor-column elementor-col-50 elementor-top-column elementor-element elementor-element-e72dd63\" data-id=\"e72dd63\" data-element_type=\"column\">\n\t\t\t<div class=\"elementor-widget-wrap elementor-element-populated\">\n\t\t\t\t\t\t<div class=\"elementor-element elementor-element-efc506f elementor-widget-divider--view-line_text elementor-widget-divider--element-align-left elementor-widget elementor-widget-divider\" data-id=\"efc506f\" data-element_type=\"widget\" data-widget_type=\"divider.default\">\n\t\t\t\t<div class=\"elementor-widget-container\">\n\t\t\t\t\t\t\t<div class=\"elementor-divider\">\n\t\t\t<span class=\"elementor-divider-separator\">\n\t\t\t\t\t\t\t<h3 class=\"elementor-divider__text elementor-divider__element\">\n\t\t\t\tKujdesi p\u00ebr l\u00ebkur\u00ebn\t\t\t\t<\/h3>\n\t\t\t\t\t\t<\/span>\n\t\t<\/div>\n\t\t\t\t\t\t<\/div>\n\t\t\t\t<\/div>\n\t\t\t\t<div class=\"elementor-element elementor-element-c51e319 elementor-align-left elementor-icon-list--layout-traditional elementor-list-item-link-full_width elementor-widget elementor-widget-icon-list\" data-id=\"c51e319\" data-element_type=\"widget\" data-widget_type=\"icon-list.default\">\n\t\t\t\t<div class=\"elementor-widget-container\">\n\t\t\t\t\t\t\t<ul class=\"elementor-icon-list-items\">\n\t\t\t\t\t\t\t<li class=\"elementor-icon-list-item\">\n\t\t\t\t\t\t\t\t\t\t\t<span class=\"elementor-icon-list-icon\">\n\t\t\t\t\t\t\t<svg aria-hidden=\"true\" class=\"e-font-icon-svg e-far-hospital\" viewbox=\"0 0 448 512\" xmlns=\"http:\/\/www.w3.org\/2000\/svg\"><path d=\"M128 244v-40c0-6.627 5.373-12 12-12h40c6.627 0 12 5.373 12 12v40c0 6.627-5.373 12-12 12h-40c-6.627 0-12-5.373-12-12zm140 12h40c6.627 0 12-5.373 12-12v-40c0-6.627-5.373-12-12-12h-40c-6.627 0-12 5.373-12 12v40c0 6.627 5.373 12 12 12zm-76 84v-40c0-6.627-5.373-12-12-12h-40c-6.627 0-12 5.373-12 12v40c0 6.627 5.373 12 12 12h40c6.627 0 12-5.373 12-12zm76 12h40c6.627 0 12-5.373 12-12v-40c0-6.627-5.373-12-12-12h-40c-6.627 0-12 5.373-12 12v40c0 6.627 5.373 12 12 12zm180 124v36H0v-36c0-6.627 5.373-12 12-12h19.5V85.035C31.5 73.418 42.245 64 55.5 64H144V24c0-13.255 10.745-24 24-24h112c13.255 0 24 10.745 24 24v40h88.5c13.255 0 24 9.418 24 21.035V464H436c6.627 0 12 5.373 12 12zM79.5 463H192v-67c0-6.627 5.373-12 12-12h40c6.627 0 12 5.373 12 12v67h112.5V112H304v24c0 13.255-10.745 24-24 24H168c-13.255 0-24-10.745-24-24v-24H79.5v351zM266 64h-26V38a6 6 0 0 0-6-6h-20a6 6 0 0 0-6 6v26h-26a6 6 0 0 0-6 6v20a6 6 0 0 0 6 6h26v26a6 6 0 0 0 6 6h20a6 6 0 0 0 6-6V96h26a6 6 0 0 0 6-6V70a6 6 0 0 0-6-6z\"><\/path><\/svg>\t\t\t\t\t\t<\/span>\n\t\t\t\t\t\t\t\t\t\t<span class=\"elementor-icon-list-text\">Q\u00ebndrimi n\u00eb spital: Nuk k\u00ebrkohet<\/span>\n\t\t\t\t\t\t\t\t\t<\/li>\n\t\t\t\t\t\t\t\t<li class=\"elementor-icon-list-item\">\n\t\t\t\t\t\t\t\t\t\t\t<span class=\"elementor-icon-list-icon\">\n\t\t\t\t\t\t\t<svg aria-hidden=\"true\" class=\"e-font-icon-svg e-far-clock\" viewbox=\"0 0 512 512\" xmlns=\"http:\/\/www.w3.org\/2000\/svg\"><path d=\"M256 8C119 8 8 119 8 256s111 248 248 248 248-111 248-248S393 8 256 8zm0 448c-110.5 0-200-89.5-200-200S145.5 56 256 56s200 89.5 200 200-89.5 200-200 200zm61.8-104.4l-84.9-61.7c-3.1-2.3-4.9-5.9-4.9-9.7V116c0-6.6 5.4-12 12-12h32c6.6 0 12 5.4 12 12v141.7l66.8 48.6c5.4 3.9 6.5 11.4 2.6 16.8L334.6 349c-3.9 5.3-11.4 6.5-16.8 2.6z\"><\/path><\/svg>\t\t\t\t\t\t<\/span>\n\t\t\t\t\t\t\t\t\t\t<span class=\"elementor-icon-list-text\">Koha e Funksionimit: 40 Minuta<\/span>\n\t\t\t\t\t\t\t\t\t<\/li>\n\t\t\t\t\t\t\t\t<li class=\"elementor-icon-list-item\">\n\t\t\t\t\t\t\t\t\t\t\t<span class=\"elementor-icon-list-icon\">\n\t\t\t\t\t\t\t<svg aria-hidden=\"true\" class=\"e-font-icon-svg e-fas-syringe\" viewbox=\"0 0 512 512\" xmlns=\"http:\/\/www.w3.org\/2000\/svg\"><path d=\"M201.5 174.8l55.7 55.8c3.1 3.1 3.1 8.2 0 11.3l-11.3 11.3c-3.1 3.1-8.2 3.1-11.3 0l-55.7-55.8-45.3 45.3 55.8 55.8c3.1 3.1 3.1 8.2 0 11.3l-11.3 11.3c-3.1 3.1-8.2 3.1-11.3 0L111 265.2l-26.4 26.4c-17.3 17.3-25.6 41.1-23 65.4l7.1 63.6L2.3 487c-3.1 3.1-3.1 8.2 0 11.3l11.3 11.3c3.1 3.1 8.2 3.1 11.3 0l66.3-66.3 63.6 7.1c23.9 2.6 47.9-5.4 65.4-23l181.9-181.9-135.7-135.7-64.9 65zm308.2-93.3L430.5 2.3c-3.1-3.1-8.2-3.1-11.3 0l-11.3 11.3c-3.1 3.1-3.1 8.2 0 11.3l28.3 28.3-45.3 45.3-56.6-56.6-17-17c-3.1-3.1-8.2-3.1-11.3 0l-33.9 33.9c-3.1 3.1-3.1 8.2 0 11.3l17 17L424.8 223l17 17c3.1 3.1 8.2 3.1 11.3 0l33.9-34c3.1-3.1 3.1-8.2 0-11.3l-73.5-73.5 45.3-45.3 28.3 28.3c3.1 3.1 8.2 3.1 11.3 0l11.3-11.3c3.1-3.2 3.1-8.2 0-11.4z\"><\/path><\/svg>\t\t\t\t\t\t<\/span>\n\t\t\t\t\t\t\t\t\t\t<span class=\"elementor-icon-list-text\">Anestezi: Nuk k\u00ebrkohet<\/span>\n\t\t\t\t\t\t\t\t\t<\/li>\n\t\t\t\t\t\t\t\t<li class=\"elementor-icon-list-item\">\n\t\t\t\t\t\t\t\t\t\t\t<span class=\"elementor-icon-list-icon\">\n\t\t\t\t\t\t\t<svg aria-hidden=\"true\" class=\"e-font-icon-svg e-far-heart\" viewbox=\"0 0 512 512\" xmlns=\"http:\/\/www.w3.org\/2000\/svg\"><path d=\"M458.4 64.3C400.6 15.7 311.3 23 256 79.3 200.7 23 111.4 15.6 53.6 64.3-21.6 127.6-10.6 230.8 43 285.5l175.4 178.7c10 10.2 23.4 15.9 37.6 15.9 14.3 0 27.6-5.6 37.6-15.8L469 285.6c53.5-54.7 64.7-157.9-10.6-221.3zm-23.6 187.5L259.4 430.5c-2.4 2.4-4.4 2.4-6.8 0L77.2 251.8c-36.5-37.2-43.9-107.6 7.3-150.7 38.9-32.7 98.9-27.8 136.5 10.5l35 35.7 35-35.7c37.8-38.5 97.8-43.2 136.5-10.6 51.1 43.1 43.5 113.9 7.3 150.8z\"><\/path><\/svg>\t\t\t\t\t\t<\/span>\n\t\t\t\t\t\t\t\t\t\t<span class=\"elementor-icon-list-text\">Koha e Rim\u00ebk\u00ebmbjes: I menj\u00ebhersh\u00ebm<\/span>\n\t\t\t\t\t\t\t\t\t<\/li>\n\t\t\t\t\t\t<\/ul>\n\t\t\t\t\t\t<\/div>\n\t\t\t\t<\/div>\n\t\t\t\t<div class=\"elementor-element elementor-element-8f837d4 elementor-align-justify elementor-widget elementor-widget-button\" data-id=\"8f837d4\" data-element_type=\"widget\" data-widget_type=\"button.default\">\n\t\t\t\t<div class=\"elementor-widget-container\">\n\t\t\t\t\t\t\t\t\t<div class=\"elementor-button-wrapper\">\n\t\t\t\t\t<a class=\"elementor-button elementor-button-link elementor-size-sm elementor-animation-buzz\" href=\"https:\/\/seldacenter.com\/sq\/\">\n\t\t\t\t\t\t<span class=\"elementor-button-content-wrapper\">\n\t\t\t\t\t\t\t\t\t<span class=\"elementor-button-text\">Rezervoni nj\u00eb takim tani<\/span>\n\t\t\t\t\t<\/span>\n\t\t\t\t\t<\/a>\n\t\t\t\t<\/div>\n\t\t\t\t\t\t\t\t<\/div>\n\t\t\t\t<\/div>\n\t\t\t\t\t<\/div>\n\t\t<\/div>\n\t\t\t\t\t<\/div>\n\t\t<\/section>\n\t\t\t\t<section class=\"elementor-section elementor-top-section elementor-element elementor-element-4aec3351 elementor-section-boxed elementor-section-height-default elementor-section-height-default\" data-id=\"4aec3351\" data-element_type=\"section\">\n\t\t\t\t\t\t<div class=\"elementor-container elementor-column-gap-default\">\n\t\t\t\t\t<div class=\"elementor-column elementor-col-100 elementor-top-column elementor-element elementor-element-18032cd1\" data-id=\"18032cd1\" data-element_type=\"column\">\n\t\t\t<div class=\"elementor-widget-wrap elementor-element-populated\">\n\t\t\t\t\t\t<div class=\"elementor-element elementor-element-735b2962 elementor-widget elementor-widget-text-editor\" data-id=\"735b2962\" data-element_type=\"widget\" data-widget_type=\"text-editor.default\">\n\t\t\t\t<div class=\"elementor-widget-container\">\n\t\t\t\t\t\t\t\t\tSot, l\u00ebkura e sh\u00ebndetshme dhe e bukur \u00ebsht\u00eb nj\u00eb element thelb\u00ebsor q\u00eb rrit vet\u00ebbesimin dhe p\u00ebrmir\u00ebson cil\u00ebsin\u00eb e p\u00ebrgjithshme t\u00eb jet\u00ebs. Qendra Selda \u00ebsht\u00eb nj\u00eb qend\u00ebr e specializuar n\u00eb kujdesin e l\u00ebkur\u00ebs, e dalluar p\u00ebr sh\u00ebrbimet e saj inovative dhe me cil\u00ebsi t\u00eb lart\u00eb. Sh\u00ebrbimet e kujdesit t\u00eb l\u00ebkur\u00ebs t\u00eb ofruara n\u00eb Qendr\u00ebn Selda p\u00ebrdorin teknologjit\u00eb m\u00eb t\u00eb fundit dhe metodat efektive p\u00ebr t\u00eb mbrojtur, rigjall\u00ebruar dhe rigjall\u00ebruar sh\u00ebndetin e l\u00ebkur\u00ebs. \u00c7do trajtim i kujdesit t\u00eb l\u00ebkur\u00ebs n\u00eb Qendr\u00ebn Selda \u00ebsht\u00eb i p\u00ebrshtatur sipas llojit t\u00eb l\u00ebkur\u00ebs dhe nevojave t\u00eb individit. Specialist\u00ebt me p\u00ebrvoj\u00eb t\u00eb qendr\u00ebs kryejn\u00eb analiza t\u00eb l\u00ebkur\u00ebs p\u00ebr t\u00eb vler\u00ebsuar struktur\u00ebn e l\u00ebkur\u00ebs s\u00eb personit dhe p\u00ebr t\u00eb p\u00ebrcaktuar metodat m\u00eb t\u00eb p\u00ebrshtatshme t\u00eb kujdesit. Sh\u00ebrbimet e kujdesit t\u00eb l\u00ebkur\u00ebs p\u00ebrfshijn\u00eb fusha t\u00eb ndryshme si pastrimi, hidratimi, trajtimet kund\u00ebr plakjes, trajtimet e akneve, trajtimet dhe rigjall\u00ebrimi i l\u00ebkur\u00ebs. Sh\u00ebrbimet e kujdesit t\u00eb l\u00ebkur\u00ebs n\u00eb Qendr\u00ebn Selda mb\u00ebshteten nga teknologjia m\u00eb e fundit dhe produktet m\u00eb efektive. Pajisjet dhe produktet e p\u00ebrdorura nga qendra jan\u00eb testuar dermatologjikisht dhe jan\u00eb gjetur t\u00eb sigurta. Kjo siguron q\u00eb klient\u00ebt t\u00eb p\u00ebrfitojn\u00eb nga sh\u00ebrbime t\u00eb sh\u00ebndetshme dhe t\u00eb besueshme t\u00eb kujdesit t\u00eb l\u00ebkur\u00ebs. Seancat e kujdesit t\u00eb l\u00ebkur\u00ebs zhvillohen n\u00eb nj\u00eb mjedis relaksues dhe t\u00eb rehatsh\u00ebm. Dhomat e trajtimit n\u00eb Qendr\u00ebn Selda, t\u00eb p\u00ebrgatitura posa\u00e7\u00ebrisht p\u00ebr klient\u00ebt, ofrojn\u00eb nj\u00eb atmosfer\u00eb qet\u00ebsuese. Me prekjen profesionale t\u00eb ekspert\u00ebve, klient\u00ebt relaksohen si fizikisht ashtu edhe mend\u00ebrisht. Sh\u00ebrbimet e kujdesit p\u00ebr l\u00ebkur\u00ebn n\u00eb Qendr\u00ebn Selda jo vet\u00ebm q\u00eb e zbukurojn\u00eb l\u00ebkur\u00ebn, por edhe mb\u00ebshtesin sh\u00ebndetin e saj. Kujdesi i duhur dhe i rregullt i l\u00ebkur\u00ebs e mban l\u00ebkur\u00ebn t\u00eb re dhe t\u00eb sh\u00ebndetshme, zvog\u00eblon shenjat e plakjes dhe trajton problemet e l\u00ebkur\u00ebs. Si rezultat, sh\u00ebrbimet e kujdesit p\u00ebr l\u00ebkur\u00ebn n\u00eb Qendr\u00ebn Selda jan\u00eb nj\u00eb mund\u00ebsi ideale p\u00ebr k\u00ebdo q\u00eb k\u00ebrkon l\u00ebkur\u00eb t\u00eb sh\u00ebndetshme dhe t\u00eb bukur. Ekspert\u00eb me p\u00ebrvoj\u00eb, t\u00eb mb\u00ebshtetur nga teknologjia m\u00eb e fundit dhe produktet efektive, u ofrojn\u00eb klient\u00ebve rezultate t\u00eb shk\u00eblqyera gjat\u00eb seancave t\u00eb kujdesit p\u00ebr l\u00ebkur\u00ebn. Qendra Selda \u00ebsht\u00eb nj\u00eb qend\u00ebr kryesore q\u00eb ofron sh\u00ebrbime t\u00eb besueshme dhe me cil\u00ebsi t\u00eb lart\u00eb p\u00ebr kujdesin e l\u00ebkur\u00ebs.\t\t\t\t\t\t\t\t<\/div>\n\t\t\t\t<\/div>\n\t\t\t\t\t<\/div>\n\t\t<\/div>\n\t\t\t\t\t<\/div>\n\t\t<\/section>\n\t\t\t\t<\/div>","protected":false},"excerpt":{"rendered":"<p>Cilt Bak\u0131m\u0131 Hastanede Kal\u0131\u015f S\u00fcresi: Gerekli De\u011fil Operasyon S\u00fcresi: 40 Dakika Anestezi: Gerekli De\u011fil \u0130yile\u015fme S\u00fcresi: Hemen Hemen Randevu Al\u0131n G\u00fcn\u00fcm\u00fczde, sa\u011fl\u0131kl\u0131 ve g\u00fczel bir cilt, ki\u015finin kendine olan g\u00fcvenini art\u0131ran ve genel ya\u015fam kalitesini iyile\u015ftiren \u00f6nemli bir unsurdur. Selda Center, cilt bak\u0131m\u0131 konusunda uzmanla\u015fm\u0131\u015f, yenilik\u00e7i ve kaliteli hizmetleriyle dikkat \u00e7eken bir merkezdir. Selda Center&#8217;da [&hellip;]<\/p>\n","protected":false},"author":2,"featured_media":0,"parent":0,"menu_order":0,"comment_status":"closed","ping_status":"closed","template":"","meta":{"postBodyMargin":[],"postBodyPadding":[],"postBodyBackground":{"backgroundType":"classic","gradient":""},"footnotes":""},"class_list":["post-13945","page","type-page","status-publish","hentry"],"_links":{"self":[{"href":"https:\/\/seldacenter.com\/sq\/wp-json\/wp\/v2\/pages\/13945","targetHints":{"allow":["GET"]}}],"collection":[{"href":"https:\/\/seldacenter.com\/sq\/wp-json\/wp\/v2\/pages"}],"about":[{"href":"https:\/\/seldacenter.com\/sq\/wp-json\/wp\/v2\/types\/page"}],"author":[{"embeddable":true,"href":"https:\/\/seldacenter.com\/sq\/wp-json\/wp\/v2\/users\/2"}],"replies":[{"embeddable":true,"href":"https:\/\/seldacenter.com\/sq\/wp-json\/wp\/v2\/comments?post=13945"}],"version-history":[{"count":10,"href":"https:\/\/seldacenter.com\/sq\/wp-json\/wp\/v2\/pages\/13945\/revisions"}],"predecessor-version":[{"id":14263,"href":"https:\/\/seldacenter.com\/sq\/wp-json\/wp\/v2\/pages\/13945\/revisions\/14263"}],"wp:attachment":[{"href":"https:\/\/seldacenter.com\/sq\/wp-json\/wp\/v2\/media?parent=13945"}],"curies":[{"name":"wp","href":"https:\/\/api.w.org\/{rel}","templated":true}]}}