{"id":13687,"date":"2024-02-21T23:22:09","date_gmt":"2024-02-21T23:22:09","guid":{"rendered":"https:\/\/seldacenter.com\/?page_id=13687"},"modified":"2024-02-25T06:00:15","modified_gmt":"2024-02-25T06:00:15","slug":"sac-lazeri-nedir-2","status":"publish","type":"page","link":"https:\/\/seldacenter.com\/sq\/sac-lazeri-nedir-2\/","title":{"rendered":"\u00c7far\u00eb \u00ebsht\u00eb heqja e qimeve me lazer?"},"content":{"rendered":"<div data-elementor-type=\"wp-page\" data-elementor-id=\"13687\" class=\"elementor elementor-13687\" data-elementor-post-type=\"page\">\n\t\t\t\t\t\t<section class=\"elementor-section elementor-top-section elementor-element elementor-element-d68dfde elementor-section-boxed elementor-section-height-default elementor-section-height-default\" data-id=\"d68dfde\" data-element_type=\"section\">\n\t\t\t\t\t\t<div class=\"elementor-container elementor-column-gap-default\">\n\t\t\t\t\t<div class=\"elementor-column elementor-col-50 elementor-top-column elementor-element elementor-element-a034619\" data-id=\"a034619\" data-element_type=\"column\" data-settings=\"{&quot;background_background&quot;:&quot;classic&quot;}\">\n\t\t\t<div class=\"elementor-widget-wrap elementor-element-populated\">\n\t\t\t\t\t\t<div class=\"elementor-element elementor-element-7d93861 elementor-widget elementor-widget-image\" data-id=\"7d93861\" data-element_type=\"widget\" data-widget_type=\"image.default\">\n\t\t\t\t<div class=\"elementor-widget-container\">\n\t\t\t\t\t\t\t\t\t\t\t\t\t\t\t<img decoding=\"async\" src=\"https:\/\/seldacenter.com\/wp-content\/uploads\/2022\/08\/sac-ekimi-scaled.jpg\" title=\"\" alt=\"sa\u00e7 ekimi\" loading=\"lazy\" \/>\t\t\t\t\t\t\t\t\t\t\t\t\t\t\t<\/div>\n\t\t\t\t<\/div>\n\t\t\t\t\t<\/div>\n\t\t<\/div>\n\t\t\t\t<div class=\"elementor-column elementor-col-50 elementor-top-column elementor-element elementor-element-4f83392\" data-id=\"4f83392\" data-element_type=\"column\">\n\t\t\t<div class=\"elementor-widget-wrap elementor-element-populated\">\n\t\t\t\t\t\t<div class=\"elementor-element elementor-element-3a415a1 elementor-widget-divider--view-line_text elementor-widget-divider--element-align-left elementor-widget elementor-widget-divider\" data-id=\"3a415a1\" data-element_type=\"widget\" data-widget_type=\"divider.default\">\n\t\t\t\t<div class=\"elementor-widget-container\">\n\t\t\t\t\t\t\t<div class=\"elementor-divider\">\n\t\t\t<span class=\"elementor-divider-separator\">\n\t\t\t\t\t\t\t<h3 class=\"elementor-divider__text elementor-divider__element\">\n\t\t\t\tLazer p\u00ebr flok\u00eb\t\t\t\t<\/h3>\n\t\t\t\t\t\t<\/span>\n\t\t<\/div>\n\t\t\t\t\t\t<\/div>\n\t\t\t\t<\/div>\n\t\t\t\t<div class=\"elementor-element elementor-element-7e9f881 elementor-align-left elementor-icon-list--layout-traditional elementor-list-item-link-full_width elementor-widget elementor-widget-icon-list\" data-id=\"7e9f881\" data-element_type=\"widget\" data-widget_type=\"icon-list.default\">\n\t\t\t\t<div class=\"elementor-widget-container\">\n\t\t\t\t\t\t\t<ul class=\"elementor-icon-list-items\">\n\t\t\t\t\t\t\t<li class=\"elementor-icon-list-item\">\n\t\t\t\t\t\t\t\t\t\t\t<span class=\"elementor-icon-list-icon\">\n\t\t\t\t\t\t\t<svg aria-hidden=\"true\" class=\"e-font-icon-svg e-far-hospital\" viewbox=\"0 0 448 512\" xmlns=\"http:\/\/www.w3.org\/2000\/svg\"><path d=\"M128 244v-40c0-6.627 5.373-12 12-12h40c6.627 0 12 5.373 12 12v40c0 6.627-5.373 12-12 12h-40c-6.627 0-12-5.373-12-12zm140 12h40c6.627 0 12-5.373 12-12v-40c0-6.627-5.373-12-12-12h-40c-6.627 0-12 5.373-12 12v40c0 6.627 5.373 12 12 12zm-76 84v-40c0-6.627-5.373-12-12-12h-40c-6.627 0-12 5.373-12 12v40c0 6.627 5.373 12 12 12h40c6.627 0 12-5.373 12-12zm76 12h40c6.627 0 12-5.373 12-12v-40c0-6.627-5.373-12-12-12h-40c-6.627 0-12 5.373-12 12v40c0 6.627 5.373 12 12 12zm180 124v36H0v-36c0-6.627 5.373-12 12-12h19.5V85.035C31.5 73.418 42.245 64 55.5 64H144V24c0-13.255 10.745-24 24-24h112c13.255 0 24 10.745 24 24v40h88.5c13.255 0 24 9.418 24 21.035V464H436c6.627 0 12 5.373 12 12zM79.5 463H192v-67c0-6.627 5.373-12 12-12h40c6.627 0 12 5.373 12 12v67h112.5V112H304v24c0 13.255-10.745 24-24 24H168c-13.255 0-24-10.745-24-24v-24H79.5v351zM266 64h-26V38a6 6 0 0 0-6-6h-20a6 6 0 0 0-6 6v26h-26a6 6 0 0 0-6 6v20a6 6 0 0 0 6 6h26v26a6 6 0 0 0 6 6h20a6 6 0 0 0 6-6V96h26a6 6 0 0 0 6-6V70a6 6 0 0 0-6-6z\"><\/path><\/svg>\t\t\t\t\t\t<\/span>\n\t\t\t\t\t\t\t\t\t\t<span class=\"elementor-icon-list-text\">Q\u00ebndrimi n\u00eb spital: Nuk k\u00ebrkohet<\/span>\n\t\t\t\t\t\t\t\t\t<\/li>\n\t\t\t\t\t\t\t\t<li class=\"elementor-icon-list-item\">\n\t\t\t\t\t\t\t\t\t\t\t<span class=\"elementor-icon-list-icon\">\n\t\t\t\t\t\t\t<svg aria-hidden=\"true\" class=\"e-font-icon-svg e-far-clock\" viewbox=\"0 0 512 512\" xmlns=\"http:\/\/www.w3.org\/2000\/svg\"><path d=\"M256 8C119 8 8 119 8 256s111 248 248 248 248-111 248-248S393 8 256 8zm0 448c-110.5 0-200-89.5-200-200S145.5 56 256 56s200 89.5 200 200-89.5 200-200 200zm61.8-104.4l-84.9-61.7c-3.1-2.3-4.9-5.9-4.9-9.7V116c0-6.6 5.4-12 12-12h32c6.6 0 12 5.4 12 12v141.7l66.8 48.6c5.4 3.9 6.5 11.4 2.6 16.8L334.6 349c-3.9 5.3-11.4 6.5-16.8 2.6z\"><\/path><\/svg>\t\t\t\t\t\t<\/span>\n\t\t\t\t\t\t\t\t\t\t<span class=\"elementor-icon-list-text\">Koha e Funksionimit: 6-8 Or\u00eb<\/span>\n\t\t\t\t\t\t\t\t\t<\/li>\n\t\t\t\t\t\t\t\t<li class=\"elementor-icon-list-item\">\n\t\t\t\t\t\t\t\t\t\t\t<span class=\"elementor-icon-list-icon\">\n\t\t\t\t\t\t\t<svg aria-hidden=\"true\" class=\"e-font-icon-svg e-fas-syringe\" viewbox=\"0 0 512 512\" xmlns=\"http:\/\/www.w3.org\/2000\/svg\"><path d=\"M201.5 174.8l55.7 55.8c3.1 3.1 3.1 8.2 0 11.3l-11.3 11.3c-3.1 3.1-8.2 3.1-11.3 0l-55.7-55.8-45.3 45.3 55.8 55.8c3.1 3.1 3.1 8.2 0 11.3l-11.3 11.3c-3.1 3.1-8.2 3.1-11.3 0L111 265.2l-26.4 26.4c-17.3 17.3-25.6 41.1-23 65.4l7.1 63.6L2.3 487c-3.1 3.1-3.1 8.2 0 11.3l11.3 11.3c3.1 3.1 8.2 3.1 11.3 0l66.3-66.3 63.6 7.1c23.9 2.6 47.9-5.4 65.4-23l181.9-181.9-135.7-135.7-64.9 65zm308.2-93.3L430.5 2.3c-3.1-3.1-8.2-3.1-11.3 0l-11.3 11.3c-3.1 3.1-3.1 8.2 0 11.3l28.3 28.3-45.3 45.3-56.6-56.6-17-17c-3.1-3.1-8.2-3.1-11.3 0l-33.9 33.9c-3.1 3.1-3.1 8.2 0 11.3l17 17L424.8 223l17 17c3.1 3.1 8.2 3.1 11.3 0l33.9-34c3.1-3.1 3.1-8.2 0-11.3l-73.5-73.5 45.3-45.3 28.3 28.3c3.1 3.1 8.2 3.1 11.3 0l11.3-11.3c3.1-3.2 3.1-8.2 0-11.4z\"><\/path><\/svg>\t\t\t\t\t\t<\/span>\n\t\t\t\t\t\t\t\t\t\t<span class=\"elementor-icon-list-text\">Anestezi: Lokale<\/span>\n\t\t\t\t\t\t\t\t\t<\/li>\n\t\t\t\t\t\t\t\t<li class=\"elementor-icon-list-item\">\n\t\t\t\t\t\t\t\t\t\t\t<span class=\"elementor-icon-list-icon\">\n\t\t\t\t\t\t\t<svg aria-hidden=\"true\" class=\"e-font-icon-svg e-far-heart\" viewbox=\"0 0 512 512\" xmlns=\"http:\/\/www.w3.org\/2000\/svg\"><path d=\"M458.4 64.3C400.6 15.7 311.3 23 256 79.3 200.7 23 111.4 15.6 53.6 64.3-21.6 127.6-10.6 230.8 43 285.5l175.4 178.7c10 10.2 23.4 15.9 37.6 15.9 14.3 0 27.6-5.6 37.6-15.8L469 285.6c53.5-54.7 64.7-157.9-10.6-221.3zm-23.6 187.5L259.4 430.5c-2.4 2.4-4.4 2.4-6.8 0L77.2 251.8c-36.5-37.2-43.9-107.6 7.3-150.7 38.9-32.7 98.9-27.8 136.5 10.5l35 35.7 35-35.7c37.8-38.5 97.8-43.2 136.5-10.6 51.1 43.1 43.5 113.9 7.3 150.8z\"><\/path><\/svg>\t\t\t\t\t\t<\/span>\n\t\t\t\t\t\t\t\t\t\t<span class=\"elementor-icon-list-text\">Koha e Rim\u00ebk\u00ebmbjes: 6-12 Muaj<\/span>\n\t\t\t\t\t\t\t\t\t<\/li>\n\t\t\t\t\t\t<\/ul>\n\t\t\t\t\t\t<\/div>\n\t\t\t\t<\/div>\n\t\t\t\t<div class=\"elementor-element elementor-element-dc56b13 elementor-align-justify elementor-widget elementor-widget-button\" data-id=\"dc56b13\" data-element_type=\"widget\" data-widget_type=\"button.default\">\n\t\t\t\t<div class=\"elementor-widget-container\">\n\t\t\t\t\t\t\t\t\t<div class=\"elementor-button-wrapper\">\n\t\t\t\t\t<a class=\"elementor-button elementor-button-link elementor-size-sm elementor-animation-buzz\" href=\"https:\/\/seldacenter.com\/sq\/\">\n\t\t\t\t\t\t<span class=\"elementor-button-content-wrapper\">\n\t\t\t\t\t\t\t\t\t<span class=\"elementor-button-text\">Rezervoni nj\u00eb takim tani<\/span>\n\t\t\t\t\t<\/span>\n\t\t\t\t\t<\/a>\n\t\t\t\t<\/div>\n\t\t\t\t\t\t\t\t<\/div>\n\t\t\t\t<\/div>\n\t\t\t\t\t<\/div>\n\t\t<\/div>\n\t\t\t\t\t<\/div>\n\t\t<\/section>\n\t\t\t\t<section class=\"elementor-section elementor-top-section elementor-element elementor-element-559ad978 elementor-section-boxed elementor-section-height-default elementor-section-height-default\" data-id=\"559ad978\" data-element_type=\"section\">\n\t\t\t\t\t\t<div class=\"elementor-container elementor-column-gap-default\">\n\t\t\t\t\t<div class=\"elementor-column elementor-col-100 elementor-top-column elementor-element elementor-element-3bb340b9\" data-id=\"3bb340b9\" data-element_type=\"column\">\n\t\t\t<div class=\"elementor-widget-wrap elementor-element-populated\">\n\t\t\t\t\t\t<div class=\"elementor-element elementor-element-50d3c1df elementor-widget elementor-widget-text-editor\" data-id=\"50d3c1df\" data-element_type=\"widget\" data-widget_type=\"text-editor.default\">\n\t\t\t\t<div class=\"elementor-widget-container\">\n\t\t\t\t\t\t\t\t\tFlok\u00ebt jan\u00eb nj\u00eb faktor i r\u00ebnd\u00ebsish\u00ebm n\u00eb pamjen estetike si t\u00eb grave ashtu edhe t\u00eb burrave. Megjithat\u00eb, kushtet e pash\u00ebndetshme t\u00eb jetes\u00ebs, stresi, faktor\u00ebt gjenetik\u00eb dhe problemet e ndryshme sh\u00ebndet\u00ebsore t\u00eb shkaktuara nga jeta moderne mund t\u00eb shkaktojn\u00eb r\u00ebnien e flok\u00ebve. R\u00ebnia e flok\u00ebve mund t\u00eb ndikoj\u00eb n\u00eb motivimin dhe vet\u00ebbesimin e njer\u00ebzve, duke ulur cil\u00ebsin\u00eb e jet\u00ebs s\u00eb tyre. N\u00eb k\u00ebt\u00eb kontekst, depilimi me lazer ofron nj\u00eb zgjidhje efektive p\u00ebr ata q\u00eb duan t\u00eb forcojn\u00eb flok\u00ebt e tyre dhe t\u00eb ndalojn\u00eb r\u00ebnien e tyre.\n\n<strong>\u00c7far\u00eb \u00ebsht\u00eb heqja e qimeve me lazer?<\/strong>\n\nTrajtimi me lazer p\u00ebr flok\u00ebt \u00ebsht\u00eb nj\u00eb metod\u00eb q\u00eb p\u00ebrdor pajisje lazeri, nj\u00eb produkt i teknologjis\u00eb moderne, p\u00ebr t\u00eb rritur qarkullimin e gjakut n\u00eb skalpin e kok\u00ebs, duke forcuar flok\u00ebt dhe duke nxitur rritjen e sh\u00ebndetshme. Kjo metod\u00eb ofron nj\u00eb zgjidhje efektive kund\u00ebr r\u00ebnies s\u00eb flok\u00ebve duke stimuluar rritjen e flok\u00ebve t\u00eb rinj n\u00eb zonat tullace. Trajtimi me lazer p\u00ebr flok\u00ebt stimulon folikulat e flok\u00ebve duke aplikuar drit\u00eb lazeri me nivel t\u00eb ul\u00ebt ose drita LED n\u00eb skalpin e kok\u00ebs. Ky stimulim rrit aktivitetin qelizor, p\u00ebrshpejton qarkullimin e gjakut dhe rigjall\u00ebron folikulat e flok\u00ebve, duke zvog\u00ebluar r\u00ebnien e flok\u00ebve. Ai gjithashtu trash fijet e holluara t\u00eb flok\u00ebve dhe mb\u00ebshtet nj\u00eb pamje t\u00eb sh\u00ebndetshme t\u00eb flok\u00ebve.\n\n<strong>Si aplikohet trajtimi me lazer p\u00ebr heqjen e qimeve?<\/strong>\n\nTrajtimi me lazer i flok\u00ebve p\u00ebrfshin hapat e m\u00ebposht\u00ebm:\n<ol>\n \t<li><strong>Konsultim dhe Analiz\u00eb e Flok\u00ebve:<\/strong> Nj\u00eb dermatolog specialist do t\u00eb vler\u00ebsoj\u00eb struktur\u00ebn e flok\u00ebve t\u00eb individit dhe shkall\u00ebn e r\u00ebnies s\u00eb tyre.<\/li>\n \t<li><strong>Planifikimi i Trajtimit:<\/strong> Nj\u00eb plan trajtimi i personalizuar p\u00ebrcaktohet bazuar n\u00eb analiz\u00ebn e flok\u00ebve. Gjithashtu p\u00ebrcaktohet numri dhe frekuenca e seancave.<\/li>\n \t<li><strong>P\u00ebrgatitja:<\/strong> L\u00ebkura e kok\u00ebs pastrohet dhe kanale t\u00eb vogla hapen me nj\u00eb dermapen p\u00ebr t\u00eb aplikuar nj\u00eb serum q\u00eb p\u00ebrshpejton ushqyerjen e flok\u00ebve.<\/li>\n \t<li><strong>Aplikimi i lazerit:<\/strong> Rrezet lazer aplikohen n\u00eb kapilar\u00ebt jofunksional\u00eb n\u00ebn skalp p\u00ebr t\u00eb rritur qarkullimin e gjakut.<\/li>\n \t<li><strong>P\u00ebrfundimi dhe Mir\u00ebmbajtja:<\/strong> Pas procedur\u00ebs, dermapeni dhe serumi p\u00ebrdoren p\u00ebr t\u00eb rritur efektivitetin e trajtimit me lazer.<\/li>\n \t<li><strong>Koh\u00ebzgjatja dhe Frekuenca e Seanc\u00ebs:<\/strong> Fillimisht, trajtimi p\u00ebrb\u00ebhet nga dy seanca 20-minut\u00ebshe n\u00eb jav\u00eb. Rezultate t\u00eb dukshme mund t\u00eb shihen pas gjithsej 10 seancave.<\/li>\n<\/ol>\n<strong>Trajtimi me lazer p\u00ebr flok\u00ebt dhe avantazhet e tij:<\/strong>\n<ul>\n \t<li><strong>Pa dhimbje dhe i sigurt:<\/strong> Trajtimi me lazer p\u00ebr flok\u00ebt \u00ebsht\u00eb nj\u00eb procedur\u00eb pa dhimbje dhe n\u00eb p\u00ebrgjith\u00ebsi ka efekte an\u00ebsore minimale.<\/li>\n \t<li><strong>Flok\u00eb t\u00eb trash\u00eb dhe me shk\u00eblqim:<\/strong> Trajtimi forcon folikulat e flok\u00ebve, duke nxitur rritjen e flok\u00ebve t\u00eb trash\u00eb dhe me shk\u00eblqim.<\/li>\n \t<li><strong>P\u00ebrdorim i kombinuar me transplantimin e flok\u00ebve:<\/strong> Trajtimi me lazer p\u00ebr flok\u00ebt mund t\u00eb p\u00ebrdoret para dhe pas transplantimit t\u00eb flok\u00ebve p\u00ebr t\u00eb ndihmuar n\u00eb arritjen e rezultateve m\u00eb efektive.<\/li>\n<\/ul>\n<strong>Trajtimi i flok\u00ebve me lazer dhe grat\u00eb:<\/strong>\n\nR\u00ebnia e flok\u00ebve tek grat\u00eb shpesh shkaktohet nga gjenetika, hormonet dhe t\u00eb ushqyerit. Depilimi me lazer ofron nj\u00eb zgjidhje efektive p\u00ebr r\u00ebnien e flok\u00ebve tek grat\u00eb. Trajtimi p\u00ebrdoret p\u00ebr t\u00eb ndaluar r\u00ebnien e flok\u00ebve, p\u00ebr t\u00eb forcuar dhe rigjall\u00ebruar flok\u00ebt. Mund t\u00eb kombinohet me trajtime t\u00eb tjera t\u00eb p\u00ebrdorura kund\u00ebr r\u00ebnies s\u00eb flok\u00ebve dhe \u00ebsht\u00eb i p\u00ebrshtatsh\u00ebm p\u00ebr rikthimin e sh\u00ebndetit t\u00eb flok\u00ebve tek grat\u00eb. Si p\u00ebrfundim, depilimi me lazer \u00ebsht\u00eb nj\u00eb metod\u00eb inovative e sjell\u00eb nga teknologjia moderne q\u00eb mund t\u00eb ndihmoj\u00eb n\u00eb luftimin e r\u00ebnies s\u00eb flok\u00ebve n\u00eb nj\u00eb m\u00ebnyr\u00eb t\u00eb sh\u00ebndetshme, t\u00eb sigurt dhe efektive. Nj\u00eb p\u00ebrmir\u00ebsim dhe forcim i duksh\u00ebm i flok\u00ebve mund t\u00eb arrihet pas aplikimit. \u00cbsht\u00eb e r\u00ebnd\u00ebsishme t\u00eb konsultoheni me nj\u00eb dermatolog specialist para trajtimit.\t\t\t\t\t\t\t\t<\/div>\n\t\t\t\t<\/div>\n\t\t\t\t\t<\/div>\n\t\t<\/div>\n\t\t\t\t\t<\/div>\n\t\t<\/section>\n\t\t\t\t<\/div>","protected":false},"excerpt":{"rendered":"<p>Sa\u00e7 Lazeri Hastanede Kal\u0131\u015f S\u00fcresi: Gerekli De\u011fil Operasyon S\u00fcresi: 6-8 Saat Anestezi: Lokal \u0130yile\u015fme S\u00fcresi: 6-12 Ay Hemen Randevu Al\u0131n Sa\u00e7lar, hem kad\u0131nlar\u0131n hem de erkeklerin estetik g\u00f6r\u00fcn\u00fcmlerini belirleyen \u00f6nemli bir unsurdur. Ancak modern ya\u015fam\u0131n getirdi\u011fi sa\u011fl\u0131ks\u0131z ko\u015fullar, stres, genetik fakt\u00f6rler ve \u00e7e\u015fitli sa\u011fl\u0131k sorunlar\u0131, sa\u00e7 d\u00f6k\u00fclmesine neden olabilmektedir. Sa\u00e7 kayb\u0131, insanlar\u0131n motivasyon ve \u00f6zg\u00fcvenini [&hellip;]<\/p>\n","protected":false},"author":2,"featured_media":0,"parent":0,"menu_order":0,"comment_status":"closed","ping_status":"closed","template":"","meta":{"postBodyMargin":[],"postBodyPadding":[],"postBodyBackground":{"backgroundType":"classic","gradient":""},"footnotes":""},"class_list":["post-13687","page","type-page","status-publish","hentry"],"_links":{"self":[{"href":"https:\/\/seldacenter.com\/sq\/wp-json\/wp\/v2\/pages\/13687","targetHints":{"allow":["GET"]}}],"collection":[{"href":"https:\/\/seldacenter.com\/sq\/wp-json\/wp\/v2\/pages"}],"about":[{"href":"https:\/\/seldacenter.com\/sq\/wp-json\/wp\/v2\/types\/page"}],"author":[{"embeddable":true,"href":"https:\/\/seldacenter.com\/sq\/wp-json\/wp\/v2\/users\/2"}],"replies":[{"embeddable":true,"href":"https:\/\/seldacenter.com\/sq\/wp-json\/wp\/v2\/comments?post=13687"}],"version-history":[{"count":4,"href":"https:\/\/seldacenter.com\/sq\/wp-json\/wp\/v2\/pages\/13687\/revisions"}],"predecessor-version":[{"id":13847,"href":"https:\/\/seldacenter.com\/sq\/wp-json\/wp\/v2\/pages\/13687\/revisions\/13847"}],"wp:attachment":[{"href":"https:\/\/seldacenter.com\/sq\/wp-json\/wp\/v2\/media?parent=13687"}],"curies":[{"name":"wp","href":"https:\/\/api.w.org\/{rel}","templated":true}]}}