{"id":13685,"date":"2024-02-21T23:21:40","date_gmt":"2024-02-21T23:21:40","guid":{"rendered":"https:\/\/seldacenter.com\/?page_id=13685"},"modified":"2024-03-02T01:29:00","modified_gmt":"2024-03-02T01:29:00","slug":"rinoplasti-2","status":"publish","type":"page","link":"https:\/\/seldacenter.com\/sq\/rinoplasti-2\/","title":{"rendered":"Rinoplastik\u00eb"},"content":{"rendered":"<div data-elementor-type=\"wp-page\" data-elementor-id=\"13685\" class=\"elementor elementor-13685\" data-elementor-post-type=\"page\">\n\t\t\t\t\t\t<section class=\"elementor-section elementor-top-section elementor-element elementor-element-cd7d854 elementor-section-boxed elementor-section-height-default elementor-section-height-default\" data-id=\"cd7d854\" data-element_type=\"section\">\n\t\t\t\t\t\t<div class=\"elementor-container elementor-column-gap-default\">\n\t\t\t\t\t<div class=\"elementor-column elementor-col-50 elementor-top-column elementor-element elementor-element-d9da8ec\" data-id=\"d9da8ec\" data-element_type=\"column\" data-settings=\"{&quot;background_background&quot;:&quot;classic&quot;}\">\n\t\t\t<div class=\"elementor-widget-wrap elementor-element-populated\">\n\t\t\t\t\t\t<div class=\"elementor-element elementor-element-400b60a elementor-widget elementor-widget-image\" data-id=\"400b60a\" data-element_type=\"widget\" data-widget_type=\"image.default\">\n\t\t\t\t<div class=\"elementor-widget-container\">\n\t\t\t\t\t\t\t\t\t\t\t\t\t\t\t<img fetchpriority=\"high\" decoding=\"async\" width=\"996\" height=\"664\" src=\"https:\/\/seldacenter.com\/wp-content\/uploads\/2024\/03\/side-view-doctor-checking-patient-before-rhinoplasty_23-2149352174.jpg\" class=\"attachment-full size-full wp-image-14172\" alt=\"\" srcset=\"https:\/\/seldacenter.com\/wp-content\/uploads\/2024\/03\/side-view-doctor-checking-patient-before-rhinoplasty_23-2149352174.jpg 996w, https:\/\/seldacenter.com\/wp-content\/uploads\/2024\/03\/side-view-doctor-checking-patient-before-rhinoplasty_23-2149352174-600x400.jpg 600w, https:\/\/seldacenter.com\/wp-content\/uploads\/2024\/03\/side-view-doctor-checking-patient-before-rhinoplasty_23-2149352174-300x200.jpg 300w, https:\/\/seldacenter.com\/wp-content\/uploads\/2024\/03\/side-view-doctor-checking-patient-before-rhinoplasty_23-2149352174-768x512.jpg 768w\" sizes=\"(max-width: 996px) 100vw, 996px\" \/>\t\t\t\t\t\t\t\t\t\t\t\t\t\t\t<\/div>\n\t\t\t\t<\/div>\n\t\t\t\t\t<\/div>\n\t\t<\/div>\n\t\t\t\t<div class=\"elementor-column elementor-col-50 elementor-top-column elementor-element elementor-element-6d27f7e\" data-id=\"6d27f7e\" data-element_type=\"column\">\n\t\t\t<div class=\"elementor-widget-wrap elementor-element-populated\">\n\t\t\t\t\t\t<div class=\"elementor-element elementor-element-1dd6386 elementor-widget-divider--view-line_text elementor-widget-divider--element-align-left elementor-widget elementor-widget-divider\" data-id=\"1dd6386\" data-element_type=\"widget\" data-widget_type=\"divider.default\">\n\t\t\t\t<div class=\"elementor-widget-container\">\n\t\t\t\t\t\t\t<div class=\"elementor-divider\">\n\t\t\t<span class=\"elementor-divider-separator\">\n\t\t\t\t\t\t\t<h3 class=\"elementor-divider__text elementor-divider__element\">\n\t\t\t\tRinoplastik\u00eb\t\t\t\t<\/h3>\n\t\t\t\t\t\t<\/span>\n\t\t<\/div>\n\t\t\t\t\t\t<\/div>\n\t\t\t\t<\/div>\n\t\t\t\t<div class=\"elementor-element elementor-element-931061c elementor-align-left elementor-icon-list--layout-traditional elementor-list-item-link-full_width elementor-widget elementor-widget-icon-list\" data-id=\"931061c\" data-element_type=\"widget\" data-widget_type=\"icon-list.default\">\n\t\t\t\t<div class=\"elementor-widget-container\">\n\t\t\t\t\t\t\t<ul class=\"elementor-icon-list-items\">\n\t\t\t\t\t\t\t<li class=\"elementor-icon-list-item\">\n\t\t\t\t\t\t\t\t\t\t\t<span class=\"elementor-icon-list-icon\">\n\t\t\t\t\t\t\t<svg aria-hidden=\"true\" class=\"e-font-icon-svg e-far-hospital\" viewbox=\"0 0 448 512\" xmlns=\"http:\/\/www.w3.org\/2000\/svg\"><path d=\"M128 244v-40c0-6.627 5.373-12 12-12h40c6.627 0 12 5.373 12 12v40c0 6.627-5.373 12-12 12h-40c-6.627 0-12-5.373-12-12zm140 12h40c6.627 0 12-5.373 12-12v-40c0-6.627-5.373-12-12-12h-40c-6.627 0-12 5.373-12 12v40c0 6.627 5.373 12 12 12zm-76 84v-40c0-6.627-5.373-12-12-12h-40c-6.627 0-12 5.373-12 12v40c0 6.627 5.373 12 12 12h40c6.627 0 12-5.373 12-12zm76 12h40c6.627 0 12-5.373 12-12v-40c0-6.627-5.373-12-12-12h-40c-6.627 0-12 5.373-12 12v40c0 6.627 5.373 12 12 12zm180 124v36H0v-36c0-6.627 5.373-12 12-12h19.5V85.035C31.5 73.418 42.245 64 55.5 64H144V24c0-13.255 10.745-24 24-24h112c13.255 0 24 10.745 24 24v40h88.5c13.255 0 24 9.418 24 21.035V464H436c6.627 0 12 5.373 12 12zM79.5 463H192v-67c0-6.627 5.373-12 12-12h40c6.627 0 12 5.373 12 12v67h112.5V112H304v24c0 13.255-10.745 24-24 24H168c-13.255 0-24-10.745-24-24v-24H79.5v351zM266 64h-26V38a6 6 0 0 0-6-6h-20a6 6 0 0 0-6 6v26h-26a6 6 0 0 0-6 6v20a6 6 0 0 0 6 6h26v26a6 6 0 0 0 6 6h20a6 6 0 0 0 6-6V96h26a6 6 0 0 0 6-6V70a6 6 0 0 0-6-6z\"><\/path><\/svg>\t\t\t\t\t\t<\/span>\n\t\t\t\t\t\t\t\t\t\t<span class=\"elementor-icon-list-text\">Q\u00ebndrimi n\u00eb spital: 1 dit\u00eb<\/span>\n\t\t\t\t\t\t\t\t\t<\/li>\n\t\t\t\t\t\t\t\t<li class=\"elementor-icon-list-item\">\n\t\t\t\t\t\t\t\t\t\t\t<span class=\"elementor-icon-list-icon\">\n\t\t\t\t\t\t\t<svg aria-hidden=\"true\" class=\"e-font-icon-svg e-far-clock\" viewbox=\"0 0 512 512\" xmlns=\"http:\/\/www.w3.org\/2000\/svg\"><path d=\"M256 8C119 8 8 119 8 256s111 248 248 248 248-111 248-248S393 8 256 8zm0 448c-110.5 0-200-89.5-200-200S145.5 56 256 56s200 89.5 200 200-89.5 200-200 200zm61.8-104.4l-84.9-61.7c-3.1-2.3-4.9-5.9-4.9-9.7V116c0-6.6 5.4-12 12-12h32c6.6 0 12 5.4 12 12v141.7l66.8 48.6c5.4 3.9 6.5 11.4 2.6 16.8L334.6 349c-3.9 5.3-11.4 6.5-16.8 2.6z\"><\/path><\/svg>\t\t\t\t\t\t<\/span>\n\t\t\t\t\t\t\t\t\t\t<span class=\"elementor-icon-list-text\">Koha e Funksionimit: 6-8 Or\u00eb<\/span>\n\t\t\t\t\t\t\t\t\t<\/li>\n\t\t\t\t\t\t\t\t<li class=\"elementor-icon-list-item\">\n\t\t\t\t\t\t\t\t\t\t\t<span class=\"elementor-icon-list-icon\">\n\t\t\t\t\t\t\t<svg aria-hidden=\"true\" class=\"e-font-icon-svg e-fas-syringe\" viewbox=\"0 0 512 512\" xmlns=\"http:\/\/www.w3.org\/2000\/svg\"><path d=\"M201.5 174.8l55.7 55.8c3.1 3.1 3.1 8.2 0 11.3l-11.3 11.3c-3.1 3.1-8.2 3.1-11.3 0l-55.7-55.8-45.3 45.3 55.8 55.8c3.1 3.1 3.1 8.2 0 11.3l-11.3 11.3c-3.1 3.1-8.2 3.1-11.3 0L111 265.2l-26.4 26.4c-17.3 17.3-25.6 41.1-23 65.4l7.1 63.6L2.3 487c-3.1 3.1-3.1 8.2 0 11.3l11.3 11.3c3.1 3.1 8.2 3.1 11.3 0l66.3-66.3 63.6 7.1c23.9 2.6 47.9-5.4 65.4-23l181.9-181.9-135.7-135.7-64.9 65zm308.2-93.3L430.5 2.3c-3.1-3.1-8.2-3.1-11.3 0l-11.3 11.3c-3.1 3.1-3.1 8.2 0 11.3l28.3 28.3-45.3 45.3-56.6-56.6-17-17c-3.1-3.1-8.2-3.1-11.3 0l-33.9 33.9c-3.1 3.1-3.1 8.2 0 11.3l17 17L424.8 223l17 17c3.1 3.1 8.2 3.1 11.3 0l33.9-34c3.1-3.1 3.1-8.2 0-11.3l-73.5-73.5 45.3-45.3 28.3 28.3c3.1 3.1 8.2 3.1 11.3 0l11.3-11.3c3.1-3.2 3.1-8.2 0-11.4z\"><\/path><\/svg>\t\t\t\t\t\t<\/span>\n\t\t\t\t\t\t\t\t\t\t<span class=\"elementor-icon-list-text\">Anestezi: E p\u00ebrgjithshme<\/span>\n\t\t\t\t\t\t\t\t\t<\/li>\n\t\t\t\t\t\t\t\t<li class=\"elementor-icon-list-item\">\n\t\t\t\t\t\t\t\t\t\t\t<span class=\"elementor-icon-list-icon\">\n\t\t\t\t\t\t\t<svg aria-hidden=\"true\" class=\"e-font-icon-svg e-far-heart\" viewbox=\"0 0 512 512\" xmlns=\"http:\/\/www.w3.org\/2000\/svg\"><path d=\"M458.4 64.3C400.6 15.7 311.3 23 256 79.3 200.7 23 111.4 15.6 53.6 64.3-21.6 127.6-10.6 230.8 43 285.5l175.4 178.7c10 10.2 23.4 15.9 37.6 15.9 14.3 0 27.6-5.6 37.6-15.8L469 285.6c53.5-54.7 64.7-157.9-10.6-221.3zm-23.6 187.5L259.4 430.5c-2.4 2.4-4.4 2.4-6.8 0L77.2 251.8c-36.5-37.2-43.9-107.6 7.3-150.7 38.9-32.7 98.9-27.8 136.5 10.5l35 35.7 35-35.7c37.8-38.5 97.8-43.2 136.5-10.6 51.1 43.1 43.5 113.9 7.3 150.8z\"><\/path><\/svg>\t\t\t\t\t\t<\/span>\n\t\t\t\t\t\t\t\t\t\t<span class=\"elementor-icon-list-text\">Koha e Rim\u00ebk\u00ebmbjes: 6-12 Muaj<\/span>\n\t\t\t\t\t\t\t\t\t<\/li>\n\t\t\t\t\t\t<\/ul>\n\t\t\t\t\t\t<\/div>\n\t\t\t\t<\/div>\n\t\t\t\t<div class=\"elementor-element elementor-element-13ec053 elementor-align-justify elementor-widget elementor-widget-button\" data-id=\"13ec053\" data-element_type=\"widget\" data-widget_type=\"button.default\">\n\t\t\t\t<div class=\"elementor-widget-container\">\n\t\t\t\t\t\t\t\t\t<div class=\"elementor-button-wrapper\">\n\t\t\t\t\t<a class=\"elementor-button elementor-button-link elementor-size-sm elementor-animation-buzz\" href=\"https:\/\/seldacenter.com\/sq\/\">\n\t\t\t\t\t\t<span class=\"elementor-button-content-wrapper\">\n\t\t\t\t\t\t\t\t\t<span class=\"elementor-button-text\">Rezervoni nj\u00eb takim tani<\/span>\n\t\t\t\t\t<\/span>\n\t\t\t\t\t<\/a>\n\t\t\t\t<\/div>\n\t\t\t\t\t\t\t\t<\/div>\n\t\t\t\t<\/div>\n\t\t\t\t\t<\/div>\n\t\t<\/div>\n\t\t\t\t\t<\/div>\n\t\t<\/section>\n\t\t\t\t<section class=\"elementor-section elementor-top-section elementor-element elementor-element-6d321162 elementor-section-boxed elementor-section-height-default elementor-section-height-default\" data-id=\"6d321162\" data-element_type=\"section\">\n\t\t\t\t\t\t<div class=\"elementor-container elementor-column-gap-default\">\n\t\t\t\t\t<div class=\"elementor-column elementor-col-100 elementor-top-column elementor-element elementor-element-37bec56d\" data-id=\"37bec56d\" data-element_type=\"column\">\n\t\t\t<div class=\"elementor-widget-wrap elementor-element-populated\">\n\t\t\t\t\t\t<div class=\"elementor-element elementor-element-f4bf81 elementor-widget elementor-widget-text-editor\" data-id=\"f4bf81\" data-element_type=\"widget\" data-widget_type=\"text-editor.default\">\n\t\t\t\t<div class=\"elementor-widget-container\">\n\t\t\t\t\t\t\t\t\tRinoplastika, e njohur gjithashtu si &quot;kirurgji e hund\u00ebs&quot;, \u00ebsht\u00eb nj\u00eb procedur\u00eb kirurgjikale q\u00eb synon ndryshimin e form\u00ebs dhe pamjes s\u00eb hund\u00ebs. E kryer p\u00ebr t\u00eb adresuar si shqet\u00ebsimet estetike ashtu edhe problemet e frym\u00ebmarrjes, ky operacion zakonisht kryhet kirurgjikalisht dhe p\u00ebrfshin ndryshime n\u00eb form\u00ebn, madh\u00ebsin\u00eb dhe proporcionin e hund\u00ebs me fytyr\u00ebn. Rinoplastika kryhet duke p\u00ebrdorur dy teknika kryesore: rinoplastik\u00eb t\u00eb mbyllur dhe t\u00eb hapur. N\u00eb rinoplastik\u00ebn e mbyllur, kirurgu hyn n\u00eb hund\u00eb nga brenda dhe t\u00eb gjitha prerjet b\u00ebhen brenda hund\u00ebs, duke mos l\u00ebn\u00eb shenja t\u00eb dukshme. N\u00eb rinoplastik\u00ebn e hapur, kirurgu b\u00ebn nj\u00eb prerje t\u00eb vog\u00ebl n\u00ebn l\u00ebkur\u00ebn e hund\u00ebs p\u00ebr t\u00eb ekspozuar k\u00ebrcin dhe indet midis vrimave t\u00eb hund\u00ebs. T\u00eb dyja teknikat preferohen n\u00eb situata specifike dhe ndryshojn\u00eb n\u00eb var\u00ebsi t\u00eb preferenc\u00ebs s\u00eb kirurgut dhe nevojave t\u00eb pacientit. Rinoplastika kryhet p\u00ebrgjith\u00ebsisht p\u00ebr arsyet e m\u00ebposhtme:\n<ol>\n \t<li>Shqet\u00ebsime estetike: Rinoplastika mund t\u00eb kryhet p\u00ebr shkak t\u00eb ndryshimeve t\u00eb pad\u00ebshiruara n\u00eb form\u00ebn ose madh\u00ebsin\u00eb e hund\u00ebs. K\u00ebto p\u00ebrfshijn\u00eb gjendje t\u00eb tilla si maja e varur e hund\u00ebs, gunga ose lakim n\u00eb ur\u00ebn e hund\u00ebs, ose nj\u00eb maj\u00eb hunde q\u00eb \u00ebsht\u00eb shum\u00eb e gjer\u00eb ose shum\u00eb e ngusht\u00eb.<\/li>\n \t<li>Probleme me frym\u00ebmarrjen: Disa njer\u00ebz mund t\u00eb p\u00ebrjetojn\u00eb probleme me frym\u00ebmarrjen p\u00ebr shkak t\u00eb nj\u00eb septumi t\u00eb devijuar nazal, rritjes s\u00eb tep\u00ebrt t\u00eb k\u00ebrcit nazal ose problemeve t\u00eb tjera anatomike. Rinoplastika mund t\u00eb ndihmoj\u00eb n\u00eb korrigjimin e k\u00ebtyre problemeve.<\/li>\n<\/ol>\nPas operacionit t\u00eb rinoplastik\u00ebs, pacient\u00ebt mund t\u00eb p\u00ebrjetojn\u00eb \u00ebnjtje, mavijosje dhe shqet\u00ebsim t\u00eb leht\u00eb. Nd\u00ebrsa procesi i rikuperimit ndryshon nga personi n\u00eb person, aktivitetet shoq\u00ebrore zakonisht mund t\u00eb rifillojn\u00eb brenda pak jav\u00ebsh dhe rezultatet b\u00ebhen m\u00eb t\u00eb dukshme me kalimin e koh\u00ebs. Megjithat\u00eb, kirurgjia e rinoplastik\u00ebs gjithmon\u00eb p\u00ebrfshin rreziqe dhe mund t\u00eb ndodhin rezultate t\u00eb pad\u00ebshirueshme. Prandaj, \u00ebsht\u00eb e r\u00ebnd\u00ebsishme q\u00eb kushdo q\u00eb po mendon p\u00ebr rinoplastik\u00eb t\u00eb zhvilloj\u00eb nj\u00eb diskutim t\u00eb detajuar me nj\u00eb kirurg plastik, duke adresuar si pritjet ashtu edhe rreziqet. Si p\u00ebrfundim, rinoplastika \u00ebsht\u00eb nj\u00eb procedur\u00eb kirurgjikale q\u00eb ndihmon n\u00eb ndryshimin e form\u00ebs dhe pamjes s\u00eb hund\u00ebs p\u00ebr arsye si estetike ashtu edhe funksionale. Kur kryhet si\u00e7 duhet, ajo mund t\u00eb p\u00ebrmir\u00ebsoj\u00eb k\u00ebnaq\u00ebsin\u00eb e pacient\u00ebve me hund\u00ebt e tyre dhe t\u00eb korrigjoj\u00eb problemet e frym\u00ebmarrjes.\t\t\t\t\t\t\t\t<\/div>\n\t\t\t\t<\/div>\n\t\t\t\t\t<\/div>\n\t\t<\/div>\n\t\t\t\t\t<\/div>\n\t\t<\/section>\n\t\t\t\t<\/div>","protected":false},"excerpt":{"rendered":"<p>Rinoplasti Hastanede Kal\u0131\u015f S\u00fcresi: 1 G\u00fcn Operasyon S\u00fcresi: 6-8 Saat Anestezi: Genel \u0130yile\u015fme S\u00fcresi: 6-12 Ay Hemen Randevu Al\u0131n Rinoplasti, genellikle &#8220;burun esteti\u011fi&#8221; olarak da bilinen bir cerrahi i\u015flemdir ve burun \u015feklini ve g\u00f6r\u00fcn\u00fcm\u00fcn\u00fc de\u011fi\u015ftirmeyi ama\u00e7lar. Hem estetik kayg\u0131lar hem de solunum problemlerini d\u00fczeltmek i\u00e7in yap\u0131lan bu operasyon, genellikle cerrahi olarak ger\u00e7ekle\u015ftirilir ve burunun \u015fekli, [&hellip;]<\/p>\n","protected":false},"author":2,"featured_media":0,"parent":0,"menu_order":0,"comment_status":"closed","ping_status":"closed","template":"","meta":{"postBodyMargin":[],"postBodyPadding":[],"postBodyBackground":{"backgroundType":"classic","gradient":""},"footnotes":""},"class_list":["post-13685","page","type-page","status-publish","hentry"],"_links":{"self":[{"href":"https:\/\/seldacenter.com\/sq\/wp-json\/wp\/v2\/pages\/13685","targetHints":{"allow":["GET"]}}],"collection":[{"href":"https:\/\/seldacenter.com\/sq\/wp-json\/wp\/v2\/pages"}],"about":[{"href":"https:\/\/seldacenter.com\/sq\/wp-json\/wp\/v2\/types\/page"}],"author":[{"embeddable":true,"href":"https:\/\/seldacenter.com\/sq\/wp-json\/wp\/v2\/users\/2"}],"replies":[{"embeddable":true,"href":"https:\/\/seldacenter.com\/sq\/wp-json\/wp\/v2\/comments?post=13685"}],"version-history":[{"count":10,"href":"https:\/\/seldacenter.com\/sq\/wp-json\/wp\/v2\/pages\/13685\/revisions"}],"predecessor-version":[{"id":14175,"href":"https:\/\/seldacenter.com\/sq\/wp-json\/wp\/v2\/pages\/13685\/revisions\/14175"}],"wp:attachment":[{"href":"https:\/\/seldacenter.com\/sq\/wp-json\/wp\/v2\/media?parent=13685"}],"curies":[{"name":"wp","href":"https:\/\/api.w.org\/{rel}","templated":true}]}}