{"id":13683,"date":"2024-02-21T23:21:16","date_gmt":"2024-02-21T23:21:16","guid":{"rendered":"https:\/\/seldacenter.com\/?page_id=13683"},"modified":"2024-03-02T01:54:40","modified_gmt":"2024-03-02T01:54:40","slug":"lamine-dis-kaplamalari","status":"publish","type":"page","link":"https:\/\/seldacenter.com\/sq\/lamine-dis-kaplamalari\/","title":{"rendered":"Fasetat Dentare t\u00eb Laminuara"},"content":{"rendered":"<div data-elementor-type=\"wp-page\" data-elementor-id=\"13683\" class=\"elementor elementor-13683\" data-elementor-post-type=\"page\">\n\t\t\t\t\t\t<section class=\"elementor-section elementor-top-section elementor-element elementor-element-1f6966e elementor-section-boxed elementor-section-height-default elementor-section-height-default\" data-id=\"1f6966e\" data-element_type=\"section\">\n\t\t\t\t\t\t<div class=\"elementor-container elementor-column-gap-default\">\n\t\t\t\t\t<div class=\"elementor-column elementor-col-50 elementor-top-column elementor-element elementor-element-456b288\" data-id=\"456b288\" data-element_type=\"column\" data-settings=\"{&quot;background_background&quot;:&quot;classic&quot;}\">\n\t\t\t<div class=\"elementor-widget-wrap elementor-element-populated\">\n\t\t\t\t\t\t<div class=\"elementor-element elementor-element-02dbd4b elementor-widget elementor-widget-image\" data-id=\"02dbd4b\" data-element_type=\"widget\" data-widget_type=\"image.default\">\n\t\t\t\t<div class=\"elementor-widget-container\">\n\t\t\t\t\t\t\t\t\t\t\t\t\t\t\t<img fetchpriority=\"high\" decoding=\"async\" width=\"740\" height=\"493\" src=\"https:\/\/seldacenter.com\/wp-content\/uploads\/2024\/03\/woman-holding-tablet_144627-597-1.jpg\" class=\"attachment-full size-full wp-image-14189\" alt=\"\" srcset=\"https:\/\/seldacenter.com\/wp-content\/uploads\/2024\/03\/woman-holding-tablet_144627-597-1.jpg 740w, https:\/\/seldacenter.com\/wp-content\/uploads\/2024\/03\/woman-holding-tablet_144627-597-1-600x400.jpg 600w, https:\/\/seldacenter.com\/wp-content\/uploads\/2024\/03\/woman-holding-tablet_144627-597-1-300x200.jpg 300w\" sizes=\"(max-width: 740px) 100vw, 740px\" \/>\t\t\t\t\t\t\t\t\t\t\t\t\t\t\t<\/div>\n\t\t\t\t<\/div>\n\t\t\t\t\t<\/div>\n\t\t<\/div>\n\t\t\t\t<div class=\"elementor-column elementor-col-50 elementor-top-column elementor-element elementor-element-082f7c9\" data-id=\"082f7c9\" data-element_type=\"column\">\n\t\t\t<div class=\"elementor-widget-wrap elementor-element-populated\">\n\t\t\t\t\t\t<div class=\"elementor-element elementor-element-e9c303c elementor-widget-divider--view-line_text elementor-widget-divider--element-align-left elementor-widget elementor-widget-divider\" data-id=\"e9c303c\" data-element_type=\"widget\" data-widget_type=\"divider.default\">\n\t\t\t\t<div class=\"elementor-widget-container\">\n\t\t\t\t\t\t\t<div class=\"elementor-divider\">\n\t\t\t<span class=\"elementor-divider-separator\">\n\t\t\t\t\t\t\t<h3 class=\"elementor-divider__text elementor-divider__element\">\n\t\t\t\tFasetat Dentare t\u00eb Laminuara\t\t\t\t<\/h3>\n\t\t\t\t\t\t<\/span>\n\t\t<\/div>\n\t\t\t\t\t\t<\/div>\n\t\t\t\t<\/div>\n\t\t\t\t<div class=\"elementor-element elementor-element-41f6474 elementor-align-left elementor-icon-list--layout-traditional elementor-list-item-link-full_width elementor-widget elementor-widget-icon-list\" data-id=\"41f6474\" data-element_type=\"widget\" data-widget_type=\"icon-list.default\">\n\t\t\t\t<div class=\"elementor-widget-container\">\n\t\t\t\t\t\t\t<ul class=\"elementor-icon-list-items\">\n\t\t\t\t\t\t\t<li class=\"elementor-icon-list-item\">\n\t\t\t\t\t\t\t\t\t\t\t<span class=\"elementor-icon-list-icon\">\n\t\t\t\t\t\t\t<svg aria-hidden=\"true\" class=\"e-font-icon-svg e-far-hospital\" viewbox=\"0 0 448 512\" xmlns=\"http:\/\/www.w3.org\/2000\/svg\"><path d=\"M128 244v-40c0-6.627 5.373-12 12-12h40c6.627 0 12 5.373 12 12v40c0 6.627-5.373 12-12 12h-40c-6.627 0-12-5.373-12-12zm140 12h40c6.627 0 12-5.373 12-12v-40c0-6.627-5.373-12-12-12h-40c-6.627 0-12 5.373-12 12v40c0 6.627 5.373 12 12 12zm-76 84v-40c0-6.627-5.373-12-12-12h-40c-6.627 0-12 5.373-12 12v40c0 6.627 5.373 12 12 12h40c6.627 0 12-5.373 12-12zm76 12h40c6.627 0 12-5.373 12-12v-40c0-6.627-5.373-12-12-12h-40c-6.627 0-12 5.373-12 12v40c0 6.627 5.373 12 12 12zm180 124v36H0v-36c0-6.627 5.373-12 12-12h19.5V85.035C31.5 73.418 42.245 64 55.5 64H144V24c0-13.255 10.745-24 24-24h112c13.255 0 24 10.745 24 24v40h88.5c13.255 0 24 9.418 24 21.035V464H436c6.627 0 12 5.373 12 12zM79.5 463H192v-67c0-6.627 5.373-12 12-12h40c6.627 0 12 5.373 12 12v67h112.5V112H304v24c0 13.255-10.745 24-24 24H168c-13.255 0-24-10.745-24-24v-24H79.5v351zM266 64h-26V38a6 6 0 0 0-6-6h-20a6 6 0 0 0-6 6v26h-26a6 6 0 0 0-6 6v20a6 6 0 0 0 6 6h26v26a6 6 0 0 0 6 6h20a6 6 0 0 0 6-6V96h26a6 6 0 0 0 6-6V70a6 6 0 0 0-6-6z\"><\/path><\/svg>\t\t\t\t\t\t<\/span>\n\t\t\t\t\t\t\t\t\t\t<span class=\"elementor-icon-list-text\">Q\u00ebndrimi n\u00eb spital: Nuk k\u00ebrkohet<\/span>\n\t\t\t\t\t\t\t\t\t<\/li>\n\t\t\t\t\t\t\t\t<li class=\"elementor-icon-list-item\">\n\t\t\t\t\t\t\t\t\t\t\t<span class=\"elementor-icon-list-icon\">\n\t\t\t\t\t\t\t<svg aria-hidden=\"true\" class=\"e-font-icon-svg e-far-clock\" viewbox=\"0 0 512 512\" xmlns=\"http:\/\/www.w3.org\/2000\/svg\"><path d=\"M256 8C119 8 8 119 8 256s111 248 248 248 248-111 248-248S393 8 256 8zm0 448c-110.5 0-200-89.5-200-200S145.5 56 256 56s200 89.5 200 200-89.5 200-200 200zm61.8-104.4l-84.9-61.7c-3.1-2.3-4.9-5.9-4.9-9.7V116c0-6.6 5.4-12 12-12h32c6.6 0 12 5.4 12 12v141.7l66.8 48.6c5.4 3.9 6.5 11.4 2.6 16.8L334.6 349c-3.9 5.3-11.4 6.5-16.8 2.6z\"><\/path><\/svg>\t\t\t\t\t\t<\/span>\n\t\t\t\t\t\t\t\t\t\t<span class=\"elementor-icon-list-text\">Koha e Funksionimit: 6-8 Or\u00eb<\/span>\n\t\t\t\t\t\t\t\t\t<\/li>\n\t\t\t\t\t\t\t\t<li class=\"elementor-icon-list-item\">\n\t\t\t\t\t\t\t\t\t\t\t<span class=\"elementor-icon-list-icon\">\n\t\t\t\t\t\t\t<svg aria-hidden=\"true\" class=\"e-font-icon-svg e-fas-syringe\" viewbox=\"0 0 512 512\" xmlns=\"http:\/\/www.w3.org\/2000\/svg\"><path d=\"M201.5 174.8l55.7 55.8c3.1 3.1 3.1 8.2 0 11.3l-11.3 11.3c-3.1 3.1-8.2 3.1-11.3 0l-55.7-55.8-45.3 45.3 55.8 55.8c3.1 3.1 3.1 8.2 0 11.3l-11.3 11.3c-3.1 3.1-8.2 3.1-11.3 0L111 265.2l-26.4 26.4c-17.3 17.3-25.6 41.1-23 65.4l7.1 63.6L2.3 487c-3.1 3.1-3.1 8.2 0 11.3l11.3 11.3c3.1 3.1 8.2 3.1 11.3 0l66.3-66.3 63.6 7.1c23.9 2.6 47.9-5.4 65.4-23l181.9-181.9-135.7-135.7-64.9 65zm308.2-93.3L430.5 2.3c-3.1-3.1-8.2-3.1-11.3 0l-11.3 11.3c-3.1 3.1-3.1 8.2 0 11.3l28.3 28.3-45.3 45.3-56.6-56.6-17-17c-3.1-3.1-8.2-3.1-11.3 0l-33.9 33.9c-3.1 3.1-3.1 8.2 0 11.3l17 17L424.8 223l17 17c3.1 3.1 8.2 3.1 11.3 0l33.9-34c3.1-3.1 3.1-8.2 0-11.3l-73.5-73.5 45.3-45.3 28.3 28.3c3.1 3.1 8.2 3.1 11.3 0l11.3-11.3c3.1-3.2 3.1-8.2 0-11.4z\"><\/path><\/svg>\t\t\t\t\t\t<\/span>\n\t\t\t\t\t\t\t\t\t\t<span class=\"elementor-icon-list-text\">Anestezi: Lokale<\/span>\n\t\t\t\t\t\t\t\t\t<\/li>\n\t\t\t\t\t\t\t\t<li class=\"elementor-icon-list-item\">\n\t\t\t\t\t\t\t\t\t\t\t<span class=\"elementor-icon-list-icon\">\n\t\t\t\t\t\t\t<svg aria-hidden=\"true\" class=\"e-font-icon-svg e-far-heart\" viewbox=\"0 0 512 512\" xmlns=\"http:\/\/www.w3.org\/2000\/svg\"><path d=\"M458.4 64.3C400.6 15.7 311.3 23 256 79.3 200.7 23 111.4 15.6 53.6 64.3-21.6 127.6-10.6 230.8 43 285.5l175.4 178.7c10 10.2 23.4 15.9 37.6 15.9 14.3 0 27.6-5.6 37.6-15.8L469 285.6c53.5-54.7 64.7-157.9-10.6-221.3zm-23.6 187.5L259.4 430.5c-2.4 2.4-4.4 2.4-6.8 0L77.2 251.8c-36.5-37.2-43.9-107.6 7.3-150.7 38.9-32.7 98.9-27.8 136.5 10.5l35 35.7 35-35.7c37.8-38.5 97.8-43.2 136.5-10.6 51.1 43.1 43.5 113.9 7.3 150.8z\"><\/path><\/svg>\t\t\t\t\t\t<\/span>\n\t\t\t\t\t\t\t\t\t\t<span class=\"elementor-icon-list-text\">Koha e Rim\u00ebk\u00ebmbjes: 6-12 Muaj<\/span>\n\t\t\t\t\t\t\t\t\t<\/li>\n\t\t\t\t\t\t<\/ul>\n\t\t\t\t\t\t<\/div>\n\t\t\t\t<\/div>\n\t\t\t\t<div class=\"elementor-element elementor-element-2d74dd0 elementor-align-justify elementor-widget elementor-widget-button\" data-id=\"2d74dd0\" data-element_type=\"widget\" data-widget_type=\"button.default\">\n\t\t\t\t<div class=\"elementor-widget-container\">\n\t\t\t\t\t\t\t\t\t<div class=\"elementor-button-wrapper\">\n\t\t\t\t\t<a class=\"elementor-button elementor-button-link elementor-size-sm elementor-animation-buzz\" href=\"https:\/\/seldacenter.com\/sq\/\">\n\t\t\t\t\t\t<span class=\"elementor-button-content-wrapper\">\n\t\t\t\t\t\t\t\t\t<span class=\"elementor-button-text\">Rezervoni nj\u00eb takim tani<\/span>\n\t\t\t\t\t<\/span>\n\t\t\t\t\t<\/a>\n\t\t\t\t<\/div>\n\t\t\t\t\t\t\t\t<\/div>\n\t\t\t\t<\/div>\n\t\t\t\t\t<\/div>\n\t\t<\/div>\n\t\t\t\t\t<\/div>\n\t\t<\/section>\n\t\t\t\t<section class=\"elementor-section elementor-top-section elementor-element elementor-element-6882f638 elementor-section-boxed elementor-section-height-default elementor-section-height-default\" data-id=\"6882f638\" data-element_type=\"section\">\n\t\t\t\t\t\t<div class=\"elementor-container elementor-column-gap-default\">\n\t\t\t\t\t<div class=\"elementor-column elementor-col-100 elementor-top-column elementor-element elementor-element-16ae130e\" data-id=\"16ae130e\" data-element_type=\"column\">\n\t\t\t<div class=\"elementor-widget-wrap elementor-element-populated\">\n\t\t\t\t\t\t<div class=\"elementor-element elementor-element-4ee31618 elementor-widget elementor-widget-text-editor\" data-id=\"4ee31618\" data-element_type=\"widget\" data-widget_type=\"text-editor.default\">\n\t\t\t\t<div class=\"elementor-widget-container\">\n\t\t\t\t\t\t\t\t\tFasetat e laminuara jan\u00eb nj\u00eb procedur\u00eb q\u00eb ka fituar popullaritet t\u00eb madh n\u00eb fush\u00ebn e stomatologjis\u00eb estetike vitet e fundit. K\u00ebto faseta jan\u00eb shtresa t\u00eb holla prej porcelani ose rr\u00ebshire kompozite q\u00eb ngjiten n\u00eb sip\u00ebrfaqet e p\u00ebrparme t\u00eb dh\u00ebmb\u00ebve. Fasetat e laminuara p\u00ebrdoren p\u00ebr t\u00eb p\u00ebrmir\u00ebsuar ngjyr\u00ebn, form\u00ebn, madh\u00ebsin\u00eb dhe shtrirjen e dh\u00ebmb\u00ebve dhe p\u00ebr t\u00eb mbuluar pap\u00ebrsosm\u00ebrit\u00eb e pad\u00ebshiruara. Ato jan\u00eb nj\u00eb zgjidhje ideale p\u00ebr shum\u00eb njer\u00ebz q\u00eb duan t\u00eb arrijn\u00eb nj\u00eb buz\u00ebqeshje estetikisht t\u00eb k\u00ebndshme. Fasetat e laminuara kan\u00eb disa p\u00ebrpar\u00ebsi. S\u00eb pari, ato ofrojn\u00eb nj\u00eb pamje shum\u00eb t\u00eb ngjashme me struktur\u00ebn natyrale t\u00eb dh\u00ebmb\u00ebve. Porcelani ose materialet kompozite kan\u00eb nj\u00eb transmetim drite mjaft t\u00eb ngjash\u00ebm me dh\u00ebmb\u00ebt e v\u00ebrtet\u00eb, gj\u00eb q\u00eb \u00ebsht\u00eb e r\u00ebnd\u00ebsishme p\u00ebr arritjen e nj\u00eb buz\u00ebqeshjeje natyrale. Gjithashtu, fasetat e laminuara ofrojn\u00eb nj\u00eb gam\u00eb t\u00eb gjer\u00eb ngjyrash dhe nuancash p\u00ebr t\u00eb personalizuar ngjyr\u00ebn dhe form\u00ebn e dh\u00ebmb\u00ebve, k\u00ebshtu q\u00eb ato mund t\u00eb p\u00ebrshtaten posa\u00e7\u00ebrisht p\u00ebr secilin pacient. Fasetat e laminuara mund t\u00eb p\u00ebrdoren p\u00ebr t\u00eb zgjidhur shum\u00eb probleme kozmetike. K\u00ebto p\u00ebrfshijn\u00eb njolla, njoll\u00eb, dh\u00ebmb\u00eb t\u00eb thyer ose t\u00eb \u00e7ar\u00eb, boshll\u00ebqe, dh\u00ebmb\u00eb t\u00eb shtremb\u00ebr ose dh\u00ebmb\u00eb q\u00eb jan\u00eb tep\u00ebr t\u00eb gjat\u00eb ose t\u00eb shkurt\u00ebr. Procesi i fasetimit zakonisht p\u00ebrfundon n\u00eb disa vizita. Gjat\u00eb vizit\u00ebs s\u00eb par\u00eb, dentisti p\u00ebrcakton ngjyr\u00ebn dhe form\u00ebn e dh\u00ebmb\u00ebve dhe merr nj\u00eb p\u00ebrshtypje. Gjat\u00eb vizitave pasuese, fasetat laminate prodhohen me porosi dhe ngjiten n\u00eb dh\u00ebmb\u00eb. Fasetat laminate jan\u00eb gjithashtu t\u00eb q\u00ebndrueshme dhe jet\u00ebgjata. Me kujdesin e duhur, jet\u00ebgjat\u00ebsia e fasetave laminate \u00ebsht\u00eb p\u00ebrgjith\u00ebsisht midis 10-15 vjet\u00ebsh. Megjithat\u00eb, kjo periudh\u00eb mund t\u00eb ndryshoj\u00eb n\u00eb var\u00ebsi t\u00eb higjien\u00ebs orale t\u00eb pacientit, zakoneve dietike dhe faktor\u00ebve t\u00eb tjer\u00eb. Si p\u00ebrfundim, fasetat laminate jan\u00eb nj\u00eb p\u00ebrparim i madh n\u00eb fush\u00ebn e stomatologjis\u00eb estetike dhe nj\u00eb m\u00ebnyr\u00eb efektive p\u00ebr shum\u00eb njer\u00ebz p\u00ebr t\u00eb arritur nj\u00eb buz\u00ebqeshje t\u00eb p\u00ebrsosur. Me pamjen e tyre natyrale, gam\u00ebn e gjer\u00eb t\u00eb ngjyrave dhe nuancave, si dhe q\u00ebndrueshm\u00ebrin\u00eb, ato ndihmojn\u00eb shum\u00eb njer\u00ebz t\u00eb arrijn\u00eb buz\u00ebqeshjen q\u00eb d\u00ebshirojn\u00eb. Megjithat\u00eb, si \u00e7do trajtim dentar, fasetat laminate mund t\u00eb mos jen\u00eb efektive n\u00ebse nuk kryhen nga nj\u00eb dentist profesionist, k\u00ebshtu q\u00eb \u00e7do pacient duhet t&#039;i n\u00ebnshtrohet nj\u00eb procesi t\u00eb plot\u00eb konsultimi dhe vler\u00ebsimi.\t\t\t\t\t\t\t\t<\/div>\n\t\t\t\t<\/div>\n\t\t\t\t\t<\/div>\n\t\t<\/div>\n\t\t\t\t\t<\/div>\n\t\t<\/section>\n\t\t\t\t<\/div>","protected":false},"excerpt":{"rendered":"<p>Lamine Di\u015f Kaplamalar\u0131 Hastanede Kal\u0131\u015f S\u00fcresi: Gerekli De\u011fil Operasyon S\u00fcresi: 6-8 Saat Anestezi: Lokal \u0130yile\u015fme S\u00fcresi: 6-12 Ay Hemen Randevu Al\u0131n Lamine di\u015f kaplamalar\u0131, estetik di\u015f hekimli\u011fi alan\u0131nda son y\u0131llarda b\u00fcy\u00fck pop\u00fclerlik kazanan bir uygulamad\u0131r. Bu kaplamalar, di\u015flerin \u00f6n y\u00fczeylerine yap\u0131\u015ft\u0131r\u0131lan ince porselen veya kompozit re\u00e7ine tabakalard\u0131r. Lamine di\u015f kaplamalar\u0131, di\u015flerin rengini, \u015feklini, boyutunu ve [&hellip;]<\/p>\n","protected":false},"author":2,"featured_media":0,"parent":0,"menu_order":0,"comment_status":"closed","ping_status":"closed","template":"","meta":{"postBodyMargin":[],"postBodyPadding":[],"postBodyBackground":{"backgroundType":"classic","gradient":""},"footnotes":""},"class_list":["post-13683","page","type-page","status-publish","hentry"],"_links":{"self":[{"href":"https:\/\/seldacenter.com\/sq\/wp-json\/wp\/v2\/pages\/13683","targetHints":{"allow":["GET"]}}],"collection":[{"href":"https:\/\/seldacenter.com\/sq\/wp-json\/wp\/v2\/pages"}],"about":[{"href":"https:\/\/seldacenter.com\/sq\/wp-json\/wp\/v2\/types\/page"}],"author":[{"embeddable":true,"href":"https:\/\/seldacenter.com\/sq\/wp-json\/wp\/v2\/users\/2"}],"replies":[{"embeddable":true,"href":"https:\/\/seldacenter.com\/sq\/wp-json\/wp\/v2\/comments?post=13683"}],"version-history":[{"count":7,"href":"https:\/\/seldacenter.com\/sq\/wp-json\/wp\/v2\/pages\/13683\/revisions"}],"predecessor-version":[{"id":14207,"href":"https:\/\/seldacenter.com\/sq\/wp-json\/wp\/v2\/pages\/13683\/revisions\/14207"}],"wp:attachment":[{"href":"https:\/\/seldacenter.com\/sq\/wp-json\/wp\/v2\/media?parent=13683"}],"curies":[{"name":"wp","href":"https:\/\/api.w.org\/{rel}","templated":true}]}}