{"id":13681,"date":"2024-02-21T23:18:48","date_gmt":"2024-02-21T23:18:48","guid":{"rendered":"https:\/\/seldacenter.com\/?page_id=13681"},"modified":"2024-03-02T01:34:04","modified_gmt":"2024-03-02T01:34:04","slug":"otoplasti","status":"publish","type":"page","link":"https:\/\/seldacenter.com\/sq\/otoplasti\/","title":{"rendered":"Otoplastik\u00eb"},"content":{"rendered":"<div data-elementor-type=\"wp-page\" data-elementor-id=\"13681\" class=\"elementor elementor-13681\" data-elementor-post-type=\"page\">\n\t\t\t\t\t\t<section class=\"elementor-section elementor-top-section elementor-element elementor-element-41538fd elementor-section-boxed elementor-section-height-default elementor-section-height-default\" data-id=\"41538fd\" data-element_type=\"section\">\n\t\t\t\t\t\t<div class=\"elementor-container elementor-column-gap-default\">\n\t\t\t\t\t<div class=\"elementor-column elementor-col-50 elementor-top-column elementor-element elementor-element-8e2d9eb\" data-id=\"8e2d9eb\" data-element_type=\"column\" data-settings=\"{&quot;background_background&quot;:&quot;classic&quot;}\">\n\t\t\t<div class=\"elementor-widget-wrap elementor-element-populated\">\n\t\t\t\t\t\t<div class=\"elementor-element elementor-element-24d559d elementor-widget elementor-widget-image\" data-id=\"24d559d\" data-element_type=\"widget\" data-widget_type=\"image.default\">\n\t\t\t\t<div class=\"elementor-widget-container\">\n\t\t\t\t\t\t\t\t\t\t\t\t\t\t\t<img fetchpriority=\"high\" decoding=\"async\" width=\"996\" height=\"664\" src=\"https:\/\/seldacenter.com\/wp-content\/uploads\/2024\/03\/cute-girl-pulling-her-ear-tired-listening-lies-excuses_176420-25707.jpg\" class=\"attachment-full size-full wp-image-14176\" alt=\"\" srcset=\"https:\/\/seldacenter.com\/wp-content\/uploads\/2024\/03\/cute-girl-pulling-her-ear-tired-listening-lies-excuses_176420-25707.jpg 996w, https:\/\/seldacenter.com\/wp-content\/uploads\/2024\/03\/cute-girl-pulling-her-ear-tired-listening-lies-excuses_176420-25707-600x400.jpg 600w, https:\/\/seldacenter.com\/wp-content\/uploads\/2024\/03\/cute-girl-pulling-her-ear-tired-listening-lies-excuses_176420-25707-300x200.jpg 300w, https:\/\/seldacenter.com\/wp-content\/uploads\/2024\/03\/cute-girl-pulling-her-ear-tired-listening-lies-excuses_176420-25707-768x512.jpg 768w\" sizes=\"(max-width: 996px) 100vw, 996px\" \/>\t\t\t\t\t\t\t\t\t\t\t\t\t\t\t<\/div>\n\t\t\t\t<\/div>\n\t\t\t\t\t<\/div>\n\t\t<\/div>\n\t\t\t\t<div class=\"elementor-column elementor-col-50 elementor-top-column elementor-element elementor-element-5c6289e\" data-id=\"5c6289e\" data-element_type=\"column\">\n\t\t\t<div class=\"elementor-widget-wrap elementor-element-populated\">\n\t\t\t\t\t\t<div class=\"elementor-element elementor-element-6378143 elementor-widget-divider--view-line_text elementor-widget-divider--element-align-left elementor-widget elementor-widget-divider\" data-id=\"6378143\" data-element_type=\"widget\" data-widget_type=\"divider.default\">\n\t\t\t\t<div class=\"elementor-widget-container\">\n\t\t\t\t\t\t\t<div class=\"elementor-divider\">\n\t\t\t<span class=\"elementor-divider-separator\">\n\t\t\t\t\t\t\t<h3 class=\"elementor-divider__text elementor-divider__element\">\n\t\t\t\tOtoplastik\u00eb\t\t\t\t<\/h3>\n\t\t\t\t\t\t<\/span>\n\t\t<\/div>\n\t\t\t\t\t\t<\/div>\n\t\t\t\t<\/div>\n\t\t\t\t<div class=\"elementor-element elementor-element-60eb70b elementor-align-left elementor-icon-list--layout-traditional elementor-list-item-link-full_width elementor-widget elementor-widget-icon-list\" data-id=\"60eb70b\" data-element_type=\"widget\" data-widget_type=\"icon-list.default\">\n\t\t\t\t<div class=\"elementor-widget-container\">\n\t\t\t\t\t\t\t<ul class=\"elementor-icon-list-items\">\n\t\t\t\t\t\t\t<li class=\"elementor-icon-list-item\">\n\t\t\t\t\t\t\t\t\t\t\t<span class=\"elementor-icon-list-icon\">\n\t\t\t\t\t\t\t<svg aria-hidden=\"true\" class=\"e-font-icon-svg e-far-hospital\" viewbox=\"0 0 448 512\" xmlns=\"http:\/\/www.w3.org\/2000\/svg\"><path d=\"M128 244v-40c0-6.627 5.373-12 12-12h40c6.627 0 12 5.373 12 12v40c0 6.627-5.373 12-12 12h-40c-6.627 0-12-5.373-12-12zm140 12h40c6.627 0 12-5.373 12-12v-40c0-6.627-5.373-12-12-12h-40c-6.627 0-12 5.373-12 12v40c0 6.627 5.373 12 12 12zm-76 84v-40c0-6.627-5.373-12-12-12h-40c-6.627 0-12 5.373-12 12v40c0 6.627 5.373 12 12 12h40c6.627 0 12-5.373 12-12zm76 12h40c6.627 0 12-5.373 12-12v-40c0-6.627-5.373-12-12-12h-40c-6.627 0-12 5.373-12 12v40c0 6.627 5.373 12 12 12zm180 124v36H0v-36c0-6.627 5.373-12 12-12h19.5V85.035C31.5 73.418 42.245 64 55.5 64H144V24c0-13.255 10.745-24 24-24h112c13.255 0 24 10.745 24 24v40h88.5c13.255 0 24 9.418 24 21.035V464H436c6.627 0 12 5.373 12 12zM79.5 463H192v-67c0-6.627 5.373-12 12-12h40c6.627 0 12 5.373 12 12v67h112.5V112H304v24c0 13.255-10.745 24-24 24H168c-13.255 0-24-10.745-24-24v-24H79.5v351zM266 64h-26V38a6 6 0 0 0-6-6h-20a6 6 0 0 0-6 6v26h-26a6 6 0 0 0-6 6v20a6 6 0 0 0 6 6h26v26a6 6 0 0 0 6 6h20a6 6 0 0 0 6-6V96h26a6 6 0 0 0 6-6V70a6 6 0 0 0-6-6z\"><\/path><\/svg>\t\t\t\t\t\t<\/span>\n\t\t\t\t\t\t\t\t\t\t<span class=\"elementor-icon-list-text\">Q\u00ebndrimi n\u00eb spital: Nuk k\u00ebrkohet<\/span>\n\t\t\t\t\t\t\t\t\t<\/li>\n\t\t\t\t\t\t\t\t<li class=\"elementor-icon-list-item\">\n\t\t\t\t\t\t\t\t\t\t\t<span class=\"elementor-icon-list-icon\">\n\t\t\t\t\t\t\t<svg aria-hidden=\"true\" class=\"e-font-icon-svg e-far-clock\" viewbox=\"0 0 512 512\" xmlns=\"http:\/\/www.w3.org\/2000\/svg\"><path d=\"M256 8C119 8 8 119 8 256s111 248 248 248 248-111 248-248S393 8 256 8zm0 448c-110.5 0-200-89.5-200-200S145.5 56 256 56s200 89.5 200 200-89.5 200-200 200zm61.8-104.4l-84.9-61.7c-3.1-2.3-4.9-5.9-4.9-9.7V116c0-6.6 5.4-12 12-12h32c6.6 0 12 5.4 12 12v141.7l66.8 48.6c5.4 3.9 6.5 11.4 2.6 16.8L334.6 349c-3.9 5.3-11.4 6.5-16.8 2.6z\"><\/path><\/svg>\t\t\t\t\t\t<\/span>\n\t\t\t\t\t\t\t\t\t\t<span class=\"elementor-icon-list-text\">Koha e Funksionimit: 6-8 Or\u00eb<\/span>\n\t\t\t\t\t\t\t\t\t<\/li>\n\t\t\t\t\t\t\t\t<li class=\"elementor-icon-list-item\">\n\t\t\t\t\t\t\t\t\t\t\t<span class=\"elementor-icon-list-icon\">\n\t\t\t\t\t\t\t<svg aria-hidden=\"true\" class=\"e-font-icon-svg e-fas-syringe\" viewbox=\"0 0 512 512\" xmlns=\"http:\/\/www.w3.org\/2000\/svg\"><path d=\"M201.5 174.8l55.7 55.8c3.1 3.1 3.1 8.2 0 11.3l-11.3 11.3c-3.1 3.1-8.2 3.1-11.3 0l-55.7-55.8-45.3 45.3 55.8 55.8c3.1 3.1 3.1 8.2 0 11.3l-11.3 11.3c-3.1 3.1-8.2 3.1-11.3 0L111 265.2l-26.4 26.4c-17.3 17.3-25.6 41.1-23 65.4l7.1 63.6L2.3 487c-3.1 3.1-3.1 8.2 0 11.3l11.3 11.3c3.1 3.1 8.2 3.1 11.3 0l66.3-66.3 63.6 7.1c23.9 2.6 47.9-5.4 65.4-23l181.9-181.9-135.7-135.7-64.9 65zm308.2-93.3L430.5 2.3c-3.1-3.1-8.2-3.1-11.3 0l-11.3 11.3c-3.1 3.1-3.1 8.2 0 11.3l28.3 28.3-45.3 45.3-56.6-56.6-17-17c-3.1-3.1-8.2-3.1-11.3 0l-33.9 33.9c-3.1 3.1-3.1 8.2 0 11.3l17 17L424.8 223l17 17c3.1 3.1 8.2 3.1 11.3 0l33.9-34c3.1-3.1 3.1-8.2 0-11.3l-73.5-73.5 45.3-45.3 28.3 28.3c3.1 3.1 8.2 3.1 11.3 0l11.3-11.3c3.1-3.2 3.1-8.2 0-11.4z\"><\/path><\/svg>\t\t\t\t\t\t<\/span>\n\t\t\t\t\t\t\t\t\t\t<span class=\"elementor-icon-list-text\">Anestezi: Lokale<\/span>\n\t\t\t\t\t\t\t\t\t<\/li>\n\t\t\t\t\t\t\t\t<li class=\"elementor-icon-list-item\">\n\t\t\t\t\t\t\t\t\t\t\t<span class=\"elementor-icon-list-icon\">\n\t\t\t\t\t\t\t<svg aria-hidden=\"true\" class=\"e-font-icon-svg e-far-heart\" viewbox=\"0 0 512 512\" xmlns=\"http:\/\/www.w3.org\/2000\/svg\"><path d=\"M458.4 64.3C400.6 15.7 311.3 23 256 79.3 200.7 23 111.4 15.6 53.6 64.3-21.6 127.6-10.6 230.8 43 285.5l175.4 178.7c10 10.2 23.4 15.9 37.6 15.9 14.3 0 27.6-5.6 37.6-15.8L469 285.6c53.5-54.7 64.7-157.9-10.6-221.3zm-23.6 187.5L259.4 430.5c-2.4 2.4-4.4 2.4-6.8 0L77.2 251.8c-36.5-37.2-43.9-107.6 7.3-150.7 38.9-32.7 98.9-27.8 136.5 10.5l35 35.7 35-35.7c37.8-38.5 97.8-43.2 136.5-10.6 51.1 43.1 43.5 113.9 7.3 150.8z\"><\/path><\/svg>\t\t\t\t\t\t<\/span>\n\t\t\t\t\t\t\t\t\t\t<span class=\"elementor-icon-list-text\">Koha e Rim\u00ebk\u00ebmbjes: 6-12 Muaj<\/span>\n\t\t\t\t\t\t\t\t\t<\/li>\n\t\t\t\t\t\t<\/ul>\n\t\t\t\t\t\t<\/div>\n\t\t\t\t<\/div>\n\t\t\t\t<div class=\"elementor-element elementor-element-c2f9d78 elementor-align-justify elementor-widget elementor-widget-button\" data-id=\"c2f9d78\" data-element_type=\"widget\" data-widget_type=\"button.default\">\n\t\t\t\t<div class=\"elementor-widget-container\">\n\t\t\t\t\t\t\t\t\t<div class=\"elementor-button-wrapper\">\n\t\t\t\t\t<a class=\"elementor-button elementor-button-link elementor-size-sm elementor-animation-buzz\" href=\"https:\/\/seldacenter.com\/sq\/\">\n\t\t\t\t\t\t<span class=\"elementor-button-content-wrapper\">\n\t\t\t\t\t\t\t\t\t<span class=\"elementor-button-text\">Rezervoni nj\u00eb takim tani<\/span>\n\t\t\t\t\t<\/span>\n\t\t\t\t\t<\/a>\n\t\t\t\t<\/div>\n\t\t\t\t\t\t\t\t<\/div>\n\t\t\t\t<\/div>\n\t\t\t\t\t<\/div>\n\t\t<\/div>\n\t\t\t\t\t<\/div>\n\t\t<\/section>\n\t\t\t\t<section class=\"elementor-section elementor-top-section elementor-element elementor-element-412b5cb4 elementor-section-boxed elementor-section-height-default elementor-section-height-default\" data-id=\"412b5cb4\" data-element_type=\"section\">\n\t\t\t\t\t\t<div class=\"elementor-container elementor-column-gap-default\">\n\t\t\t\t\t<div class=\"elementor-column elementor-col-100 elementor-top-column elementor-element elementor-element-1f05119b\" data-id=\"1f05119b\" data-element_type=\"column\">\n\t\t\t<div class=\"elementor-widget-wrap elementor-element-populated\">\n\t\t\t\t\t\t<div class=\"elementor-element elementor-element-7d0c3747 elementor-widget elementor-widget-text-editor\" data-id=\"7d0c3747\" data-element_type=\"widget\" data-widget_type=\"text-editor.default\">\n\t\t\t\t<div class=\"elementor-widget-container\">\n\t\t\t\t\t\t\t\t\tOtoplastika, q\u00eb fjal\u00eb p\u00ebr fjal\u00eb do t\u00eb thot\u00eb &quot;estetik\u00eb veshi&quot;, \u00ebsht\u00eb nj\u00eb procedur\u00eb kirurgjikale. Ky operacion estetik p\u00ebrfshin riform\u00ebsimin e veshit, ose llap\u00ebs s\u00eb veshit, p\u00ebr t\u00eb arritur nj\u00eb pamje m\u00eb natyrale dhe estetikisht t\u00eb k\u00ebndshme. Ekzistojn\u00eb shum\u00eb teknika dhe metoda t\u00eb ndryshme kirurgjikale p\u00ebr otoplastik\u00eb, dhe k\u00ebto teknika aplikohen me sukses vet\u00ebm nga nj\u00eb num\u00ebr i kufizuar kirurg\u00ebsh. Otoplastika n\u00eb p\u00ebrgjith\u00ebsi ofron nj\u00eb zgjidhje p\u00ebr individ\u00ebt e pak\u00ebnaqur me form\u00ebn e vesh\u00ebve t\u00eb tyre. Vesh\u00ebt e dal\u00eb ose t\u00eb m\u00ebdhenj, mungesa ose dob\u00ebsia e antiheliksit dhe gjendjet patologjike si hipertrofia e konk\u00ebs s\u00eb kavumit mund t\u00eb korrigjohen duke p\u00ebrdorur teknika t\u00eb ndryshme t\u00eb otoplastik\u00ebs, duke dh\u00ebn\u00eb rezultate natyrale dhe t\u00eb k\u00ebnaqshme p\u00ebr pacientin. Ky operacion estetik kryhet m\u00eb s\u00eb miri tek f\u00ebmij\u00ebt parashkollor\u00eb, zakonisht rreth mosh\u00ebs 5 vje\u00e7. Kjo ndodh sepse vesh\u00ebt e dal\u00eb mund t\u00eb jen\u00eb nj\u00eb burim talljeje gjat\u00eb mosh\u00ebs shkollore, duke ndikuar negativisht n\u00eb psikologjin\u00eb e nj\u00eb f\u00ebmije. Kirurgjia e otoplastik\u00ebs zakonisht kryhet n\u00ebn anestezi t\u00eb p\u00ebrgjithshme dhe zgjat af\u00ebrsisht 1-2 or\u00eb. Nj\u00eb prerje b\u00ebhet pas veshit p\u00ebr t\u00eb p\u00ebrcaktuar form\u00ebn e d\u00ebshiruar t\u00eb veshit, dhe kirurgjia kryhet duke p\u00ebrdorur teknika t\u00eb qepjes. Gjat\u00eb operacionit, kryhet heqja e k\u00ebrcit n\u00ebse \u00ebsht\u00eb e nevojshme, dhe b\u00ebhet nj\u00eb p\u00ebrpjekje p\u00ebr t\u00eb arritur nj\u00eb vesh me pamje natyrale dhe estetikisht t\u00eb k\u00ebndsh\u00ebm. Pas operacionit, prerja pas veshit mbyllet me qepje, duke rezultuar n\u00eb nj\u00eb shenj\u00eb p\u00ebrgjith\u00ebsisht t\u00eb padukshme dhe mezi t\u00eb dukshme. Higjiena dhe sterilizimi i duhur gjat\u00eb dhe pas operacionit minimizojn\u00eb rrezikun e infeksionit. Cil\u00ebsia dhe p\u00ebrshtatshm\u00ebria e qepjeve t\u00eb p\u00ebrdorura parandalojn\u00eb probleme t\u00eb tilla si rihapja e veshit, ri-dalja n\u00eb pah ose deformimi. Fashot postoperative, kontrolli i duhur i gjakderdhjes dhe ndjekja postoperative parandalojn\u00eb formimin e hematom\u00ebs. Fashot dhe kontrollet postoperative zakonisht zgjasin 10 dit\u00eb; pasi t\u00eb hiqen qepjet n\u00eb dit\u00ebn e dhjet\u00eb, pacienti mund t\u00eb kthehet n\u00eb jet\u00ebn e tij t\u00eb p\u00ebrditshme shoq\u00ebrore. Vet\u00ebm p\u00ebrdorimi i nj\u00eb fashe elastike t\u00eb kok\u00ebs gjat\u00eb nat\u00ebs mund t\u00eb rekomandohet p\u00ebr rezultate m\u00eb t\u00eb mira. Otoplastika \u00ebsht\u00eb nj\u00eb procedur\u00eb efektive kirurgjikale estetike q\u00eb i ndihmon pacient\u00ebt t\u00eb ndihen m\u00eb mir\u00eb me veten dhe t\u00eb arrijn\u00eb nj\u00eb pamje rinore dhe natyrale. Nj\u00eb ekzaminim i detajuar dhe planifikim kirurgjikal para operacionit jan\u00eb t\u00eb r\u00ebnd\u00ebsish\u00ebm p\u00ebr t\u00eb p\u00ebrmbushur pritjet e pacient\u00ebve.\t\t\t\t\t\t\t\t<\/div>\n\t\t\t\t<\/div>\n\t\t\t\t\t<\/div>\n\t\t<\/div>\n\t\t\t\t\t<\/div>\n\t\t<\/section>\n\t\t\t\t<\/div>","protected":false},"excerpt":{"rendered":"<p>Otoplasti Hastanede Kal\u0131\u015f S\u00fcresi: Gerekli De\u011fil Operasyon S\u00fcresi: 6-8 Saat Anestezi: Lokal \u0130yile\u015fme S\u00fcresi: 6-12 Ay Hemen Randevu Al\u0131n Otoplasti, kelime anlam\u0131yla &#8220;kulak esteti\u011fi&#8221; olarak ifade edilen bir cerrahi i\u015flemdir. Bu estetik operasyon, kulak kep\u00e7esinin, yani aurikulan\u0131n \u015feklinin yeniden d\u00fczenlenerek daha do\u011fal ve estetik bir g\u00f6r\u00fcn\u00fcm kazand\u0131r\u0131lmas\u0131 i\u015flemidir. Otoplasti i\u00e7in bir\u00e7ok farkl\u0131 ameliyat tekni\u011fi ve [&hellip;]<\/p>\n","protected":false},"author":2,"featured_media":0,"parent":0,"menu_order":0,"comment_status":"closed","ping_status":"closed","template":"","meta":{"postBodyMargin":[],"postBodyPadding":[],"postBodyBackground":{"backgroundType":"classic","gradient":""},"footnotes":""},"class_list":["post-13681","page","type-page","status-publish","hentry"],"_links":{"self":[{"href":"https:\/\/seldacenter.com\/sq\/wp-json\/wp\/v2\/pages\/13681","targetHints":{"allow":["GET"]}}],"collection":[{"href":"https:\/\/seldacenter.com\/sq\/wp-json\/wp\/v2\/pages"}],"about":[{"href":"https:\/\/seldacenter.com\/sq\/wp-json\/wp\/v2\/types\/page"}],"author":[{"embeddable":true,"href":"https:\/\/seldacenter.com\/sq\/wp-json\/wp\/v2\/users\/2"}],"replies":[{"embeddable":true,"href":"https:\/\/seldacenter.com\/sq\/wp-json\/wp\/v2\/comments?post=13681"}],"version-history":[{"count":7,"href":"https:\/\/seldacenter.com\/sq\/wp-json\/wp\/v2\/pages\/13681\/revisions"}],"predecessor-version":[{"id":14179,"href":"https:\/\/seldacenter.com\/sq\/wp-json\/wp\/v2\/pages\/13681\/revisions\/14179"}],"wp:attachment":[{"href":"https:\/\/seldacenter.com\/sq\/wp-json\/wp\/v2\/media?parent=13681"}],"curies":[{"name":"wp","href":"https:\/\/api.w.org\/{rel}","templated":true}]}}