{"id":13671,"date":"2024-02-21T23:16:09","date_gmt":"2024-02-21T23:16:09","guid":{"rendered":"https:\/\/seldacenter.com\/?page_id=13671"},"modified":"2024-02-25T06:23:57","modified_gmt":"2024-02-25T06:23:57","slug":"mide-balonu-2","status":"publish","type":"page","link":"https:\/\/seldacenter.com\/sq\/mide-balonu-2\/","title":{"rendered":"Balon gastrik"},"content":{"rendered":"<div data-elementor-type=\"wp-page\" data-elementor-id=\"13671\" class=\"elementor elementor-13671\" data-elementor-post-type=\"page\">\n\t\t\t\t\t\t<section class=\"elementor-section elementor-top-section elementor-element elementor-element-ea12260 elementor-section-boxed elementor-section-height-default elementor-section-height-default\" data-id=\"ea12260\" data-element_type=\"section\">\n\t\t\t\t\t\t<div class=\"elementor-container elementor-column-gap-default\">\n\t\t\t\t\t<div class=\"elementor-column elementor-col-50 elementor-top-column elementor-element elementor-element-05e5b31\" data-id=\"05e5b31\" data-element_type=\"column\" data-settings=\"{&quot;background_background&quot;:&quot;classic&quot;}\">\n\t\t\t<div class=\"elementor-widget-wrap elementor-element-populated\">\n\t\t\t\t\t\t\t<\/div>\n\t\t<\/div>\n\t\t\t\t<div class=\"elementor-column elementor-col-50 elementor-top-column elementor-element elementor-element-a531ee9\" data-id=\"a531ee9\" data-element_type=\"column\">\n\t\t\t<div class=\"elementor-widget-wrap elementor-element-populated\">\n\t\t\t\t\t\t<div class=\"elementor-element elementor-element-f8fbcf6 elementor-widget-divider--view-line_text elementor-widget-divider--element-align-left elementor-widget elementor-widget-divider\" data-id=\"f8fbcf6\" data-element_type=\"widget\" data-widget_type=\"divider.default\">\n\t\t\t\t<div class=\"elementor-widget-container\">\n\t\t\t\t\t\t\t<div class=\"elementor-divider\">\n\t\t\t<span class=\"elementor-divider-separator\">\n\t\t\t\t\t\t\t<h3 class=\"elementor-divider__text elementor-divider__element\">\n\t\t\t\tBalon gastrik\t\t\t\t<\/h3>\n\t\t\t\t\t\t<\/span>\n\t\t<\/div>\n\t\t\t\t\t\t<\/div>\n\t\t\t\t<\/div>\n\t\t\t\t<div class=\"elementor-element elementor-element-1bbe128 elementor-align-left elementor-icon-list--layout-traditional elementor-list-item-link-full_width elementor-widget elementor-widget-icon-list\" data-id=\"1bbe128\" data-element_type=\"widget\" data-widget_type=\"icon-list.default\">\n\t\t\t\t<div class=\"elementor-widget-container\">\n\t\t\t\t\t\t\t<ul class=\"elementor-icon-list-items\">\n\t\t\t\t\t\t\t<li class=\"elementor-icon-list-item\">\n\t\t\t\t\t\t\t\t\t\t\t<span class=\"elementor-icon-list-icon\">\n\t\t\t\t\t\t\t<svg aria-hidden=\"true\" class=\"e-font-icon-svg e-far-hospital\" viewbox=\"0 0 448 512\" xmlns=\"http:\/\/www.w3.org\/2000\/svg\"><path d=\"M128 244v-40c0-6.627 5.373-12 12-12h40c6.627 0 12 5.373 12 12v40c0 6.627-5.373 12-12 12h-40c-6.627 0-12-5.373-12-12zm140 12h40c6.627 0 12-5.373 12-12v-40c0-6.627-5.373-12-12-12h-40c-6.627 0-12 5.373-12 12v40c0 6.627 5.373 12 12 12zm-76 84v-40c0-6.627-5.373-12-12-12h-40c-6.627 0-12 5.373-12 12v40c0 6.627 5.373 12 12 12h40c6.627 0 12-5.373 12-12zm76 12h40c6.627 0 12-5.373 12-12v-40c0-6.627-5.373-12-12-12h-40c-6.627 0-12 5.373-12 12v40c0 6.627 5.373 12 12 12zm180 124v36H0v-36c0-6.627 5.373-12 12-12h19.5V85.035C31.5 73.418 42.245 64 55.5 64H144V24c0-13.255 10.745-24 24-24h112c13.255 0 24 10.745 24 24v40h88.5c13.255 0 24 9.418 24 21.035V464H436c6.627 0 12 5.373 12 12zM79.5 463H192v-67c0-6.627 5.373-12 12-12h40c6.627 0 12 5.373 12 12v67h112.5V112H304v24c0 13.255-10.745 24-24 24H168c-13.255 0-24-10.745-24-24v-24H79.5v351zM266 64h-26V38a6 6 0 0 0-6-6h-20a6 6 0 0 0-6 6v26h-26a6 6 0 0 0-6 6v20a6 6 0 0 0 6 6h26v26a6 6 0 0 0 6 6h20a6 6 0 0 0 6-6V96h26a6 6 0 0 0 6-6V70a6 6 0 0 0-6-6z\"><\/path><\/svg>\t\t\t\t\t\t<\/span>\n\t\t\t\t\t\t\t\t\t\t<span class=\"elementor-icon-list-text\">Q\u00ebndrimi n\u00eb spital: Nuk k\u00ebrkohet<\/span>\n\t\t\t\t\t\t\t\t\t<\/li>\n\t\t\t\t\t\t\t\t<li class=\"elementor-icon-list-item\">\n\t\t\t\t\t\t\t\t\t\t\t<span class=\"elementor-icon-list-icon\">\n\t\t\t\t\t\t\t<svg aria-hidden=\"true\" class=\"e-font-icon-svg e-far-clock\" viewbox=\"0 0 512 512\" xmlns=\"http:\/\/www.w3.org\/2000\/svg\"><path d=\"M256 8C119 8 8 119 8 256s111 248 248 248 248-111 248-248S393 8 256 8zm0 448c-110.5 0-200-89.5-200-200S145.5 56 256 56s200 89.5 200 200-89.5 200-200 200zm61.8-104.4l-84.9-61.7c-3.1-2.3-4.9-5.9-4.9-9.7V116c0-6.6 5.4-12 12-12h32c6.6 0 12 5.4 12 12v141.7l66.8 48.6c5.4 3.9 6.5 11.4 2.6 16.8L334.6 349c-3.9 5.3-11.4 6.5-16.8 2.6z\"><\/path><\/svg>\t\t\t\t\t\t<\/span>\n\t\t\t\t\t\t\t\t\t\t<span class=\"elementor-icon-list-text\">Koha e Funksionimit: 6-8 Or\u00eb<\/span>\n\t\t\t\t\t\t\t\t\t<\/li>\n\t\t\t\t\t\t\t\t<li class=\"elementor-icon-list-item\">\n\t\t\t\t\t\t\t\t\t\t\t<span class=\"elementor-icon-list-icon\">\n\t\t\t\t\t\t\t<svg aria-hidden=\"true\" class=\"e-font-icon-svg e-fas-syringe\" viewbox=\"0 0 512 512\" xmlns=\"http:\/\/www.w3.org\/2000\/svg\"><path d=\"M201.5 174.8l55.7 55.8c3.1 3.1 3.1 8.2 0 11.3l-11.3 11.3c-3.1 3.1-8.2 3.1-11.3 0l-55.7-55.8-45.3 45.3 55.8 55.8c3.1 3.1 3.1 8.2 0 11.3l-11.3 11.3c-3.1 3.1-8.2 3.1-11.3 0L111 265.2l-26.4 26.4c-17.3 17.3-25.6 41.1-23 65.4l7.1 63.6L2.3 487c-3.1 3.1-3.1 8.2 0 11.3l11.3 11.3c3.1 3.1 8.2 3.1 11.3 0l66.3-66.3 63.6 7.1c23.9 2.6 47.9-5.4 65.4-23l181.9-181.9-135.7-135.7-64.9 65zm308.2-93.3L430.5 2.3c-3.1-3.1-8.2-3.1-11.3 0l-11.3 11.3c-3.1 3.1-3.1 8.2 0 11.3l28.3 28.3-45.3 45.3-56.6-56.6-17-17c-3.1-3.1-8.2-3.1-11.3 0l-33.9 33.9c-3.1 3.1-3.1 8.2 0 11.3l17 17L424.8 223l17 17c3.1 3.1 8.2 3.1 11.3 0l33.9-34c3.1-3.1 3.1-8.2 0-11.3l-73.5-73.5 45.3-45.3 28.3 28.3c3.1 3.1 8.2 3.1 11.3 0l11.3-11.3c3.1-3.2 3.1-8.2 0-11.4z\"><\/path><\/svg>\t\t\t\t\t\t<\/span>\n\t\t\t\t\t\t\t\t\t\t<span class=\"elementor-icon-list-text\">Anestezi: Lokale<\/span>\n\t\t\t\t\t\t\t\t\t<\/li>\n\t\t\t\t\t\t\t\t<li class=\"elementor-icon-list-item\">\n\t\t\t\t\t\t\t\t\t\t\t<span class=\"elementor-icon-list-icon\">\n\t\t\t\t\t\t\t<svg aria-hidden=\"true\" class=\"e-font-icon-svg e-far-heart\" viewbox=\"0 0 512 512\" xmlns=\"http:\/\/www.w3.org\/2000\/svg\"><path d=\"M458.4 64.3C400.6 15.7 311.3 23 256 79.3 200.7 23 111.4 15.6 53.6 64.3-21.6 127.6-10.6 230.8 43 285.5l175.4 178.7c10 10.2 23.4 15.9 37.6 15.9 14.3 0 27.6-5.6 37.6-15.8L469 285.6c53.5-54.7 64.7-157.9-10.6-221.3zm-23.6 187.5L259.4 430.5c-2.4 2.4-4.4 2.4-6.8 0L77.2 251.8c-36.5-37.2-43.9-107.6 7.3-150.7 38.9-32.7 98.9-27.8 136.5 10.5l35 35.7 35-35.7c37.8-38.5 97.8-43.2 136.5-10.6 51.1 43.1 43.5 113.9 7.3 150.8z\"><\/path><\/svg>\t\t\t\t\t\t<\/span>\n\t\t\t\t\t\t\t\t\t\t<span class=\"elementor-icon-list-text\">Koha e Rim\u00ebk\u00ebmbjes: 6-12 Muaj<\/span>\n\t\t\t\t\t\t\t\t\t<\/li>\n\t\t\t\t\t\t<\/ul>\n\t\t\t\t\t\t<\/div>\n\t\t\t\t<\/div>\n\t\t\t\t<div class=\"elementor-element elementor-element-f650fc2 elementor-align-justify elementor-widget elementor-widget-button\" data-id=\"f650fc2\" data-element_type=\"widget\" data-widget_type=\"button.default\">\n\t\t\t\t<div class=\"elementor-widget-container\">\n\t\t\t\t\t\t\t\t\t<div class=\"elementor-button-wrapper\">\n\t\t\t\t\t<a class=\"elementor-button elementor-button-link elementor-size-sm elementor-animation-buzz\" href=\"https:\/\/seldacenter.com\/sq\/\">\n\t\t\t\t\t\t<span class=\"elementor-button-content-wrapper\">\n\t\t\t\t\t\t\t\t\t<span class=\"elementor-button-text\">Rezervoni nj\u00eb takim tani<\/span>\n\t\t\t\t\t<\/span>\n\t\t\t\t\t<\/a>\n\t\t\t\t<\/div>\n\t\t\t\t\t\t\t\t<\/div>\n\t\t\t\t<\/div>\n\t\t\t\t\t<\/div>\n\t\t<\/div>\n\t\t\t\t\t<\/div>\n\t\t<\/section>\n\t\t\t\t<section class=\"elementor-section elementor-top-section elementor-element elementor-element-1f155491 elementor-section-boxed elementor-section-height-default elementor-section-height-default\" data-id=\"1f155491\" data-element_type=\"section\">\n\t\t\t\t\t\t<div class=\"elementor-container elementor-column-gap-default\">\n\t\t\t\t\t<div class=\"elementor-column elementor-col-100 elementor-top-column elementor-element elementor-element-69a5267f\" data-id=\"69a5267f\" data-element_type=\"column\">\n\t\t\t<div class=\"elementor-widget-wrap elementor-element-populated\">\n\t\t\t\t\t\t<div class=\"elementor-element elementor-element-5e128659 elementor-widget elementor-widget-text-editor\" data-id=\"5e128659\" data-element_type=\"widget\" data-widget_type=\"text-editor.default\">\n\t\t\t\t<div class=\"elementor-widget-container\">\n\t\t\t\t\t\t\t\t\tMenaxhimi i pesh\u00ebs \u00ebsht\u00eb nj\u00eb \u00e7\u00ebshtje e r\u00ebnd\u00ebsishme q\u00eb ndikon n\u00eb cil\u00ebsin\u00eb e jet\u00ebs p\u00ebr shum\u00eb individ\u00eb sot. N\u00eb k\u00ebt\u00eb kontekst, baloni gastrik \u00ebsht\u00eb nj\u00eb zgjidhje jo-kirurgjikale q\u00eb po b\u00ebhet gjithnj\u00eb e m\u00eb popullore p\u00ebr humbjen e pesh\u00ebs dhe menaxhimin e obezitetit. Ky artikull do t\u00eb trajtoj\u00eb tema t\u00eb tilla si \u00e7far\u00eb \u00ebsht\u00eb nj\u00eb balon gastrik, si vendoset, p\u00ebr k\u00eb \u00ebsht\u00eb i p\u00ebrshtatsh\u00ebm, avantazhet e tij dhe pikat q\u00eb duhen marr\u00eb n\u00eb konsiderat\u00eb.\n\n<strong>\u00c7far\u00eb \u00ebsht\u00eb nj\u00eb balon gastrik?<\/strong>\n\nNj\u00eb balon gastrik \u00ebsht\u00eb nj\u00eb balon q\u00eb vendoset n\u00eb stomak endoskopikisht pa nd\u00ebrhyrje kirurgjikale ose qepje. Ai z\u00eb nj\u00eb hap\u00ebsir\u00eb n\u00eb stomak, duke e b\u00ebr\u00eb m\u00eb t\u00eb leht\u00eb t\u00eb ndiheni t\u00eb ngopur m\u00eb shpejt dhe t\u00eb ndiqni nj\u00eb diet\u00eb. Kjo metod\u00eb \u00ebsht\u00eb nj\u00eb mund\u00ebsi efektive trajtimi q\u00eb mb\u00ebshtet humbjen e pesh\u00ebs dhe ndihmon individ\u00ebt q\u00eb luftojn\u00eb me obezitetin.\n\n<strong>Si futet nj\u00eb balon gastrik?<\/strong>\n\nBalonat gastrike futen p\u00ebrgjith\u00ebsisht n\u00eb dy m\u00ebnyra: endoskopikisht dhe si kapsula t\u00eb g\u00eblltitshme. Balonat gastrike t\u00eb futura endoskopikisht vendosen n\u00eb stomakun e pacientit n\u00eb nj\u00eb nj\u00ebsi endoskopie. Kjo procedur\u00eb zakonisht zgjat 15 minuta dhe pacient\u00ebt jan\u00eb t\u00eb qet\u00ebsuar gjat\u00eb procedur\u00ebs n\u00eb m\u00ebnyr\u00eb q\u00eb t\u00eb mos ndiejn\u00eb dhimbje ose shqet\u00ebsim. Metoda tjet\u00ebr jan\u00eb balonat gastrike t\u00eb g\u00eblltitshme. K\u00ebto balona g\u00eblltiten me ndihm\u00ebn e ujit dhe fryhen me nj\u00eb l\u00ebng t\u00eb ve\u00e7ant\u00eb pasi pozicioni i tyre p\u00ebrcaktohet me an\u00eb t\u00eb rrezeve X.\n\n<strong>P\u00ebr k\u00eb \u00ebsht\u00eb i p\u00ebrshtatsh\u00ebm?<\/strong>\n\nBalonat gastrike jan\u00eb t\u00eb p\u00ebrshtatshme p\u00ebr individ\u00eb t\u00eb mosh\u00ebs 18-55 vje\u00e7 me nj\u00eb indeks t\u00eb mas\u00ebs trupore (BMI) mbi 27 t\u00eb cil\u00ebt nuk kan\u00eb pasur sukses n\u00eb humbjen e pesh\u00ebs p\u00ebrmes diet\u00ebs dhe ushtrimeve. Megjithat\u00eb, kjo metod\u00eb nuk rekomandohet p\u00ebr individ\u00eb me ul\u00e7er\u00eb t\u00eb r\u00ebnd\u00eb n\u00eb stomak, s\u00ebmundje n\u00eb t\u00eb cilat \u00ebsht\u00eb hequr nj\u00eb pjes\u00eb ose i gjith\u00eb stomaku ose hernie hiatale t\u00eb r\u00ebnd\u00ebsishme.\n\n<strong>Avantazhet dhe Pikat p\u00ebr t&#039;u Konsideruar<\/strong>\n\nAvantazhet:\n<ol>\n \t<li><strong>Nj\u00eb opsion jo-kirurgjikal:<\/strong> Nj\u00eb balon gastrik \u00ebsht\u00eb nj\u00eb metod\u00eb jo-kirurgjikale e kontrollit t\u00eb pesh\u00ebs q\u00eb nuk k\u00ebrkon nd\u00ebrhyrje kirurgjikale.<\/li>\n \t<li><strong>Rezultate t\u00eb shpejta:<\/strong> Humbja e pesh\u00ebs mund t\u00eb filloj\u00eb me shpejt\u00ebsi pas vendosjes s\u00eb balonit gastrik, gj\u00eb q\u00eb mund t\u00eb rris\u00eb motivimin.<\/li>\n \t<li><strong>Nj\u00eb proces i ricikluesh\u00ebm:<\/strong> Baloni gastrik mund t\u00eb hiqet n\u00ebse d\u00ebshirohet, q\u00eb do t\u00eb thot\u00eb se procedura \u00ebsht\u00eb e kthyeshme.<\/li>\n<\/ol>\nPikat p\u00ebr t&#039;u marr\u00eb n\u00eb konsiderat\u00eb:\n<ol>\n \t<li><strong>Mbik\u00ebqyrja e Ekspert\u00ebve:<\/strong> Vendosja e balon\u00ebs gastrik duhet t\u00eb kryhet nga nj\u00eb profesionist i kualifikuar i kujdesit sh\u00ebndet\u00ebsor, duke marr\u00eb parasysh gjendjen e p\u00ebrgjithshme sh\u00ebndet\u00ebsore t\u00eb pacientit.<\/li>\n \t<li><strong>Nj\u00eb zgjidhje e p\u00ebrkohshme:<\/strong> Efekti i nj\u00eb baloni gastrik \u00ebsht\u00eb i p\u00ebrkohsh\u00ebm dhe duhet t\u00eb hiqet pas nj\u00eb periudhe t\u00eb caktuar.<\/li>\n \t<li><strong>Efektet an\u00ebsore dhe rreziqet:<\/strong> Disa efekte an\u00ebsore, t\u00eb tilla si t\u00eb p\u00ebrziera dhe t\u00eb vjella, mund t\u00eb shfaqen pas procedur\u00ebs. Megjithat\u00eb, k\u00ebto rreziqe jan\u00eb p\u00ebrgjith\u00ebsisht t\u00eb ul\u00ebta.<\/li>\n<\/ol>\n<strong>Balon gastrik dhe kontroll i pesh\u00ebs<\/strong>\n\nNj\u00eb balon gastrik rrit v\u00ebllimin e stomakut, duke krijuar nj\u00eb ndjesi plot\u00ebsie. Kjo e b\u00ebn individin t\u00eb haj\u00eb m\u00eb pak, duke filluar procesin e humbjes s\u00eb pesh\u00ebs. Megjithat\u00eb, vet\u00ebm nj\u00eb balon gastrik nuk \u00ebsht\u00eb nj\u00eb zgjidhje e mrekullueshme. Ruajtja e humbjes s\u00eb pesh\u00ebs k\u00ebrkon miratimin e nj\u00eb ushqyerjeje t\u00eb ekuilibruar dhe zakoneve t\u00eb rregullta t\u00eb ushtrimeve.\n\n<strong>N\u00eb p\u00ebrfundim<\/strong>\n\nBalonat gastrike dallohen si nj\u00eb opsion efektiv dhe i sigurt p\u00ebr kontrollin e pesh\u00ebs. Megjithat\u00eb, meqen\u00ebse gjendja sh\u00ebndet\u00ebsore e secilit individ \u00ebsht\u00eb e ndryshme, \u00ebsht\u00eb e r\u00ebnd\u00ebsishme t\u00eb konsultoheni me nj\u00eb mjek specialist p\u00ebrpara se t&#039;i n\u00ebnshtroheni operacionit t\u00eb balon\u00ebs gastrik. Individ\u00ebt q\u00eb duan t\u00eb arrijn\u00eb humbje peshe me nj\u00eb balon\u00eb gastrik mund t\u00eb kontaktojn\u00eb mjek\u00eb specialist\u00eb p\u00ebr t\u00eb krijuar nj\u00eb vler\u00ebsim dhe plan trajtimi t\u00eb detajuar.\t\t\t\t\t\t\t\t<\/div>\n\t\t\t\t<\/div>\n\t\t\t\t\t<\/div>\n\t\t<\/div>\n\t\t\t\t\t<\/div>\n\t\t<\/section>\n\t\t\t\t<\/div>","protected":false},"excerpt":{"rendered":"<p>Mide Balonu Hastanede Kal\u0131\u015f S\u00fcresi: Gerekli De\u011fil Operasyon S\u00fcresi: 6-8 Saat Anestezi: Lokal \u0130yile\u015fme S\u00fcresi: 6-12 Ay Hemen Randevu Al\u0131n G\u00fcn\u00fcm\u00fczde kilo kontrol\u00fc, pek \u00e7ok bireyin ya\u015fam kalitesini etkileyen \u00f6nemli bir konudur. Bu ba\u011flamda, mide balonu, kilo kayb\u0131 ve obezite y\u00f6netimi konusunda giderek daha pop\u00fcler hale gelen ameliyats\u0131z bir \u00e7\u00f6z\u00fcmd\u00fcr. Bu makalede, mide balonunun nedir, [&hellip;]<\/p>\n","protected":false},"author":2,"featured_media":0,"parent":0,"menu_order":0,"comment_status":"closed","ping_status":"closed","template":"","meta":{"postBodyMargin":[],"postBodyPadding":[],"postBodyBackground":{"backgroundType":"classic","gradient":""},"footnotes":""},"class_list":["post-13671","page","type-page","status-publish","hentry"],"_links":{"self":[{"href":"https:\/\/seldacenter.com\/sq\/wp-json\/wp\/v2\/pages\/13671","targetHints":{"allow":["GET"]}}],"collection":[{"href":"https:\/\/seldacenter.com\/sq\/wp-json\/wp\/v2\/pages"}],"about":[{"href":"https:\/\/seldacenter.com\/sq\/wp-json\/wp\/v2\/types\/page"}],"author":[{"embeddable":true,"href":"https:\/\/seldacenter.com\/sq\/wp-json\/wp\/v2\/users\/2"}],"replies":[{"embeddable":true,"href":"https:\/\/seldacenter.com\/sq\/wp-json\/wp\/v2\/comments?post=13671"}],"version-history":[{"count":4,"href":"https:\/\/seldacenter.com\/sq\/wp-json\/wp\/v2\/pages\/13671\/revisions"}],"predecessor-version":[{"id":13928,"href":"https:\/\/seldacenter.com\/sq\/wp-json\/wp\/v2\/pages\/13671\/revisions\/13928"}],"wp:attachment":[{"href":"https:\/\/seldacenter.com\/sq\/wp-json\/wp\/v2\/media?parent=13671"}],"curies":[{"name":"wp","href":"https:\/\/api.w.org\/{rel}","templated":true}]}}