{"id":13615,"date":"2024-02-17T19:01:04","date_gmt":"2024-02-17T19:01:04","guid":{"rendered":"https:\/\/seldacenter.com\/yeniyapi\/?page_id=13615"},"modified":"2024-03-02T01:11:42","modified_gmt":"2024-03-02T01:11:42","slug":"bisektomi","status":"publish","type":"page","link":"https:\/\/seldacenter.com\/sq\/bisektomi\/","title":{"rendered":"Biektomi"},"content":{"rendered":"<div data-elementor-type=\"wp-page\" data-elementor-id=\"13615\" class=\"elementor elementor-13615\" data-elementor-post-type=\"page\">\n\t\t\t\t\t\t<section class=\"elementor-section elementor-top-section elementor-element elementor-element-a088df7 elementor-section-boxed elementor-section-height-default elementor-section-height-default\" data-id=\"a088df7\" data-element_type=\"section\">\n\t\t\t\t\t\t<div class=\"elementor-container elementor-column-gap-default\">\n\t\t\t\t\t<div class=\"elementor-column elementor-col-50 elementor-top-column elementor-element elementor-element-023dbba\" data-id=\"023dbba\" data-element_type=\"column\" data-settings=\"{&quot;background_background&quot;:&quot;classic&quot;}\">\n\t\t\t<div class=\"elementor-widget-wrap elementor-element-populated\">\n\t\t\t\t\t\t<div class=\"elementor-element elementor-element-5bf18df elementor-widget elementor-widget-image\" data-id=\"5bf18df\" data-element_type=\"widget\" data-widget_type=\"image.default\">\n\t\t\t\t<div class=\"elementor-widget-container\">\n\t\t\t\t\t\t\t\t\t\t\t\t\t\t\t<img fetchpriority=\"high\" decoding=\"async\" width=\"1024\" height=\"683\" src=\"https:\/\/seldacenter.com\/wp-content\/uploads\/2024\/03\/OIG1.59lNuKE_4BXqX-1.jpeg\" class=\"attachment-full size-full wp-image-14164\" alt=\"\" srcset=\"https:\/\/seldacenter.com\/wp-content\/uploads\/2024\/03\/OIG1.59lNuKE_4BXqX-1.jpeg 1024w, https:\/\/seldacenter.com\/wp-content\/uploads\/2024\/03\/OIG1.59lNuKE_4BXqX-1-600x400.jpeg 600w, https:\/\/seldacenter.com\/wp-content\/uploads\/2024\/03\/OIG1.59lNuKE_4BXqX-1-300x200.jpeg 300w, https:\/\/seldacenter.com\/wp-content\/uploads\/2024\/03\/OIG1.59lNuKE_4BXqX-1-768x512.jpeg 768w\" sizes=\"(max-width: 1024px) 100vw, 1024px\" \/>\t\t\t\t\t\t\t\t\t\t\t\t\t\t\t<\/div>\n\t\t\t\t<\/div>\n\t\t\t\t\t<\/div>\n\t\t<\/div>\n\t\t\t\t<div class=\"elementor-column elementor-col-50 elementor-top-column elementor-element elementor-element-49d40e2\" data-id=\"49d40e2\" data-element_type=\"column\">\n\t\t\t<div class=\"elementor-widget-wrap elementor-element-populated\">\n\t\t\t\t\t\t<div class=\"elementor-element elementor-element-a1aa936 elementor-widget-divider--view-line_text elementor-widget-divider--element-align-left elementor-widget elementor-widget-divider\" data-id=\"a1aa936\" data-element_type=\"widget\" data-widget_type=\"divider.default\">\n\t\t\t\t<div class=\"elementor-widget-container\">\n\t\t\t\t\t\t\t<div class=\"elementor-divider\">\n\t\t\t<span class=\"elementor-divider-separator\">\n\t\t\t\t\t\t\t<h3 class=\"elementor-divider__text elementor-divider__element\">\n\t\t\t\tBiektomi\t\t\t\t<\/h3>\n\t\t\t\t\t\t<\/span>\n\t\t<\/div>\n\t\t\t\t\t\t<\/div>\n\t\t\t\t<\/div>\n\t\t\t\t<div class=\"elementor-element elementor-element-eeb4620 elementor-align-left elementor-icon-list--layout-traditional elementor-list-item-link-full_width elementor-widget elementor-widget-icon-list\" data-id=\"eeb4620\" data-element_type=\"widget\" data-widget_type=\"icon-list.default\">\n\t\t\t\t<div class=\"elementor-widget-container\">\n\t\t\t\t\t\t\t<ul class=\"elementor-icon-list-items\">\n\t\t\t\t\t\t\t<li class=\"elementor-icon-list-item\">\n\t\t\t\t\t\t\t\t\t\t\t<span class=\"elementor-icon-list-icon\">\n\t\t\t\t\t\t\t<svg aria-hidden=\"true\" class=\"e-font-icon-svg e-far-hospital\" viewbox=\"0 0 448 512\" xmlns=\"http:\/\/www.w3.org\/2000\/svg\"><path d=\"M128 244v-40c0-6.627 5.373-12 12-12h40c6.627 0 12 5.373 12 12v40c0 6.627-5.373 12-12 12h-40c-6.627 0-12-5.373-12-12zm140 12h40c6.627 0 12-5.373 12-12v-40c0-6.627-5.373-12-12-12h-40c-6.627 0-12 5.373-12 12v40c0 6.627 5.373 12 12 12zm-76 84v-40c0-6.627-5.373-12-12-12h-40c-6.627 0-12 5.373-12 12v40c0 6.627 5.373 12 12 12h40c6.627 0 12-5.373 12-12zm76 12h40c6.627 0 12-5.373 12-12v-40c0-6.627-5.373-12-12-12h-40c-6.627 0-12 5.373-12 12v40c0 6.627 5.373 12 12 12zm180 124v36H0v-36c0-6.627 5.373-12 12-12h19.5V85.035C31.5 73.418 42.245 64 55.5 64H144V24c0-13.255 10.745-24 24-24h112c13.255 0 24 10.745 24 24v40h88.5c13.255 0 24 9.418 24 21.035V464H436c6.627 0 12 5.373 12 12zM79.5 463H192v-67c0-6.627 5.373-12 12-12h40c6.627 0 12 5.373 12 12v67h112.5V112H304v24c0 13.255-10.745 24-24 24H168c-13.255 0-24-10.745-24-24v-24H79.5v351zM266 64h-26V38a6 6 0 0 0-6-6h-20a6 6 0 0 0-6 6v26h-26a6 6 0 0 0-6 6v20a6 6 0 0 0 6 6h26v26a6 6 0 0 0 6 6h20a6 6 0 0 0 6-6V96h26a6 6 0 0 0 6-6V70a6 6 0 0 0-6-6z\"><\/path><\/svg>\t\t\t\t\t\t<\/span>\n\t\t\t\t\t\t\t\t\t\t<span class=\"elementor-icon-list-text\">Q\u00ebndrimi n\u00eb spital: Nuk k\u00ebrkohet<\/span>\n\t\t\t\t\t\t\t\t\t<\/li>\n\t\t\t\t\t\t\t\t<li class=\"elementor-icon-list-item\">\n\t\t\t\t\t\t\t\t\t\t\t<span class=\"elementor-icon-list-icon\">\n\t\t\t\t\t\t\t<svg aria-hidden=\"true\" class=\"e-font-icon-svg e-far-clock\" viewbox=\"0 0 512 512\" xmlns=\"http:\/\/www.w3.org\/2000\/svg\"><path d=\"M256 8C119 8 8 119 8 256s111 248 248 248 248-111 248-248S393 8 256 8zm0 448c-110.5 0-200-89.5-200-200S145.5 56 256 56s200 89.5 200 200-89.5 200-200 200zm61.8-104.4l-84.9-61.7c-3.1-2.3-4.9-5.9-4.9-9.7V116c0-6.6 5.4-12 12-12h32c6.6 0 12 5.4 12 12v141.7l66.8 48.6c5.4 3.9 6.5 11.4 2.6 16.8L334.6 349c-3.9 5.3-11.4 6.5-16.8 2.6z\"><\/path><\/svg>\t\t\t\t\t\t<\/span>\n\t\t\t\t\t\t\t\t\t\t<span class=\"elementor-icon-list-text\">Koha e Funksionimit: 6-8 Or\u00eb<\/span>\n\t\t\t\t\t\t\t\t\t<\/li>\n\t\t\t\t\t\t\t\t<li class=\"elementor-icon-list-item\">\n\t\t\t\t\t\t\t\t\t\t\t<span class=\"elementor-icon-list-icon\">\n\t\t\t\t\t\t\t<svg aria-hidden=\"true\" class=\"e-font-icon-svg e-fas-syringe\" viewbox=\"0 0 512 512\" xmlns=\"http:\/\/www.w3.org\/2000\/svg\"><path d=\"M201.5 174.8l55.7 55.8c3.1 3.1 3.1 8.2 0 11.3l-11.3 11.3c-3.1 3.1-8.2 3.1-11.3 0l-55.7-55.8-45.3 45.3 55.8 55.8c3.1 3.1 3.1 8.2 0 11.3l-11.3 11.3c-3.1 3.1-8.2 3.1-11.3 0L111 265.2l-26.4 26.4c-17.3 17.3-25.6 41.1-23 65.4l7.1 63.6L2.3 487c-3.1 3.1-3.1 8.2 0 11.3l11.3 11.3c3.1 3.1 8.2 3.1 11.3 0l66.3-66.3 63.6 7.1c23.9 2.6 47.9-5.4 65.4-23l181.9-181.9-135.7-135.7-64.9 65zm308.2-93.3L430.5 2.3c-3.1-3.1-8.2-3.1-11.3 0l-11.3 11.3c-3.1 3.1-3.1 8.2 0 11.3l28.3 28.3-45.3 45.3-56.6-56.6-17-17c-3.1-3.1-8.2-3.1-11.3 0l-33.9 33.9c-3.1 3.1-3.1 8.2 0 11.3l17 17L424.8 223l17 17c3.1 3.1 8.2 3.1 11.3 0l33.9-34c3.1-3.1 3.1-8.2 0-11.3l-73.5-73.5 45.3-45.3 28.3 28.3c3.1 3.1 8.2 3.1 11.3 0l11.3-11.3c3.1-3.2 3.1-8.2 0-11.4z\"><\/path><\/svg>\t\t\t\t\t\t<\/span>\n\t\t\t\t\t\t\t\t\t\t<span class=\"elementor-icon-list-text\">Anestezi: Lokale<\/span>\n\t\t\t\t\t\t\t\t\t<\/li>\n\t\t\t\t\t\t\t\t<li class=\"elementor-icon-list-item\">\n\t\t\t\t\t\t\t\t\t\t\t<span class=\"elementor-icon-list-icon\">\n\t\t\t\t\t\t\t<svg aria-hidden=\"true\" class=\"e-font-icon-svg e-far-heart\" viewbox=\"0 0 512 512\" xmlns=\"http:\/\/www.w3.org\/2000\/svg\"><path d=\"M458.4 64.3C400.6 15.7 311.3 23 256 79.3 200.7 23 111.4 15.6 53.6 64.3-21.6 127.6-10.6 230.8 43 285.5l175.4 178.7c10 10.2 23.4 15.9 37.6 15.9 14.3 0 27.6-5.6 37.6-15.8L469 285.6c53.5-54.7 64.7-157.9-10.6-221.3zm-23.6 187.5L259.4 430.5c-2.4 2.4-4.4 2.4-6.8 0L77.2 251.8c-36.5-37.2-43.9-107.6 7.3-150.7 38.9-32.7 98.9-27.8 136.5 10.5l35 35.7 35-35.7c37.8-38.5 97.8-43.2 136.5-10.6 51.1 43.1 43.5 113.9 7.3 150.8z\"><\/path><\/svg>\t\t\t\t\t\t<\/span>\n\t\t\t\t\t\t\t\t\t\t<span class=\"elementor-icon-list-text\">Koha e Rim\u00ebk\u00ebmbjes: 6-12 Muaj<\/span>\n\t\t\t\t\t\t\t\t\t<\/li>\n\t\t\t\t\t\t<\/ul>\n\t\t\t\t\t\t<\/div>\n\t\t\t\t<\/div>\n\t\t\t\t<div class=\"elementor-element elementor-element-bd127fe elementor-align-justify elementor-widget elementor-widget-button\" data-id=\"bd127fe\" data-element_type=\"widget\" data-widget_type=\"button.default\">\n\t\t\t\t<div class=\"elementor-widget-container\">\n\t\t\t\t\t\t\t\t\t<div class=\"elementor-button-wrapper\">\n\t\t\t\t\t<a class=\"elementor-button elementor-button-link elementor-size-sm elementor-animation-buzz\" href=\"https:\/\/seldacenter.com\/sq\/\">\n\t\t\t\t\t\t<span class=\"elementor-button-content-wrapper\">\n\t\t\t\t\t\t\t\t\t<span class=\"elementor-button-text\">Rezervoni nj\u00eb takim tani<\/span>\n\t\t\t\t\t<\/span>\n\t\t\t\t\t<\/a>\n\t\t\t\t<\/div>\n\t\t\t\t\t\t\t\t<\/div>\n\t\t\t\t<\/div>\n\t\t\t\t\t<\/div>\n\t\t<\/div>\n\t\t\t\t\t<\/div>\n\t\t<\/section>\n\t\t\t\t<section class=\"elementor-section elementor-top-section elementor-element elementor-element-25d6e46b elementor-section-boxed elementor-section-height-default elementor-section-height-default\" data-id=\"25d6e46b\" data-element_type=\"section\">\n\t\t\t\t\t\t<div class=\"elementor-container elementor-column-gap-default\">\n\t\t\t\t\t<div class=\"elementor-column elementor-col-100 elementor-top-column elementor-element elementor-element-2337d06e\" data-id=\"2337d06e\" data-element_type=\"column\">\n\t\t\t<div class=\"elementor-widget-wrap elementor-element-populated\">\n\t\t\t\t\t\t<div class=\"elementor-element elementor-element-261e854c elementor-widget elementor-widget-text-editor\" data-id=\"261e854c\" data-element_type=\"widget\" data-widget_type=\"text-editor.default\">\n\t\t\t\t<div class=\"elementor-widget-container\">\n\t\t\t\t\t\t\t\t\tHeqja e dhjamit bukal (Bikektomia) \u00ebsht\u00eb nj\u00eb nga operacionet kozmetike t\u00eb preferuara nga individ\u00ebt q\u00eb synojn\u00eb nj\u00eb pamje ideale t\u00eb fytyr\u00ebs. Ky operacion kryhet p\u00ebr t&#039;i b\u00ebr\u00eb tiparet e fytyr\u00ebs m\u00eb proporcionale. N\u00eb disa raste, edhe n\u00ebse nj\u00eb person \u00ebsht\u00eb n\u00eb pesh\u00ebn e tij ideale, sasia e dhjamit n\u00eb fytyr\u00eb mund t\u00eb jap\u00eb p\u00ebrshtypjen e mbipesh\u00ebs. Indi dhjamor n\u00eb mes t\u00eb faqeve quhet ind dhjamor bukal. I vendosur anatomikisht n\u00eb zon\u00ebn posht\u00eb moll\u00ebzave, ky ind dhjamor \u00ebsht\u00eb i vendosur midis muskujve t\u00eb fytyr\u00ebs dhe mendohet se kontribuon n\u00eb funksionet e thithjes tek foshnjat. Megjithat\u00eb, indi dhjamor bukal n\u00eb p\u00ebrgjith\u00ebsi tenton t\u00eb zvog\u00eblohet me mosh\u00ebn. Indi dhjamor bukal konsiderohet nj\u00eb element i r\u00ebnd\u00ebsish\u00ebm i estetik\u00ebs s\u00eb fytyr\u00ebs. Si rezultat i rritjes s\u00eb k\u00ebtij indi, tiparet e fytyr\u00ebs mund t\u00eb b\u00ebhen m\u00eb t\u00eb rrumbullak\u00ebta, faqet mund t\u00eb varen dhe mund t\u00eb ndodh\u00eb nj\u00eb pamje e fytyr\u00ebs s\u00eb nj\u00eb f\u00ebmije. Heqja e indit dhjamor n\u00eb faqe, e njohur si &quot;lipektomi e pjesshme bukale&quot;, konsiderohet nj\u00eb nd\u00ebrhyrje e r\u00ebnd\u00ebsishme kirurgjikale p\u00ebr sa i p\u00ebrket tipareve t\u00eb fytyr\u00ebs dhe estetik\u00ebs. Mbulesat dhjamore brenda faqeve mund t\u00eb b\u00ebjn\u00eb q\u00eb nj\u00eb person t\u00eb duket mbipesh\u00eb ose m\u00eb i vjet\u00ebr.\n\n<strong>Kush \u00ebsht\u00eb nj\u00eb kandidat i p\u00ebrshtatsh\u00ebm p\u00ebr biektomi?<\/strong>\n\nBiektomia mund t\u00eb kryhet tek individ\u00eb t\u00eb t\u00eb gjitha moshave dhe gjinive, por mosha minimale e pranuar p\u00ebrgjith\u00ebsisht \u00ebsht\u00eb 25 vje\u00e7. Tek individ\u00ebt n\u00ebn k\u00ebt\u00eb mosh\u00eb, efektet mund t\u00eb mos jen\u00eb aq t\u00eb theksuara pasi tiparet e tyre t\u00eb fytyr\u00ebs nuk jan\u00eb zhvilluar ende plot\u00ebsisht. Biektomia \u00ebsht\u00eb e p\u00ebrshtatshme p\u00ebr individ\u00eb me yndyr\u00eb t\u00eb tep\u00ebrt n\u00eb faqe, tipare t\u00eb paqarta t\u00eb fytyr\u00ebs, nj\u00eb pamje t\u00eb sh\u00ebndosh\u00eb, ata q\u00eb duken mbipesh\u00eb ose ata me tipare t\u00eb trasha t\u00eb fytyr\u00ebs. Operacioni kryhet duke synuar raportin e art\u00eb, duke mprehur tiparet e fytyr\u00ebs s\u00eb personit dhe duke i b\u00ebr\u00eb moll\u00ebzat dhe vij\u00ebn e nofull\u00ebs m\u00eb t\u00eb spikatura. Kandidat\u00ebt e p\u00ebrshtatsh\u00ebm p\u00ebr k\u00ebt\u00eb procedur\u00eb estetike n\u00eb p\u00ebrgjith\u00ebsi kan\u00eb karakteristikat e m\u00ebposhtme:\n<ul>\n \t<li>T\u00eb qenit fizikisht i sh\u00ebndetsh\u00ebm<\/li>\n \t<li>T\u00eb kesh nj\u00eb pesh\u00eb t\u00eb sh\u00ebndetshme trupore<\/li>\n \t<li>T\u00eb kesh nj\u00eb struktur\u00eb t\u00eb rrumbullak\u00ebt dhe t\u00eb plot\u00eb t\u00eb fytyr\u00ebs<\/li>\n \t<li>T\u00eb jesh realist n\u00eb lidhje me pritjet pas operacionit.<\/li>\n \t<li>Mosp\u00ebrdorimi i duhanit<\/li>\n<\/ul>\nMegjithat\u00eb, ky operacion mund t\u00eb mos jet\u00eb i p\u00ebrshtatsh\u00ebm p\u00ebr t\u00eb gjith\u00eb. Mund t\u00eb mos jet\u00eb i p\u00ebrshtatsh\u00ebm p\u00ebr ata q\u00eb kan\u00eb tipare delikate t\u00eb fytyr\u00ebs ose p\u00ebr ata q\u00eb kan\u00eb humbur tashm\u00eb indin dhjamor t\u00eb faqeve me kalimin e mosh\u00ebs. Duhet gjithashtu t\u00eb theksohet se tek individ\u00ebt e moshuar, ky operacion mund t&#039;i b\u00ebj\u00eb shenjat e plakjes m\u00eb t\u00eb theksuara.\n\n<strong>Si kryhet nj\u00eb biektomi?<\/strong>\n\nKirurgjia e biektomis\u00eb zakonisht kryhet n\u00ebn anestezi lokale. Megjithat\u00eb, anestezia e p\u00ebrgjithshme mund t\u00eb preferohet n\u00ebse kryhet nj\u00ebkoh\u00ebsisht me nj\u00eb procedur\u00eb tjet\u00ebr t\u00eb kirurgjis\u00eb plastike. Gjat\u00eb operacionit, b\u00ebhet nj\u00eb prerje prej af\u00ebrsisht 1 cm n\u00eb pjes\u00ebn e brendshme t\u00eb faqes. Hyhet n\u00eb indi dhjamor bukal dhe hiqet nj\u00eb pjes\u00eb e caktuar e k\u00ebtij indi. E nj\u00ebjta procedur\u00eb p\u00ebrs\u00ebritet p\u00ebr faqen tjet\u00ebr p\u00ebr t\u00eb arritur nj\u00eb pamje simetrike. N\u00eb t\u00eb nj\u00ebjt\u00ebn koh\u00eb, nj\u00eb pjes\u00eb e indit dhjamor t\u00eb hequr mund t\u00eb shtohet n\u00eb k\u00ebt\u00eb zon\u00eb p\u00ebr t\u00eb theksuar moll\u00ebzat, duke i b\u00ebr\u00eb tiparet e fytyr\u00ebs m\u00eb t\u00eb mprehta dhe m\u00eb t\u00eb p\u00ebrcaktuara. P\u00ebr p\u00ebrfundimin me sukses t\u00eb operacionit, \u00ebsht\u00eb e r\u00ebnd\u00ebsishme q\u00eb pacient\u00ebt t\u00eb informojn\u00eb rregullisht mjekun e tyre para dhe pas ekzaminimit. P\u00ebrve\u00e7 k\u00ebsaj, p\u00ebrdorimi i antibiotik\u00ebve, v\u00ebmendja ndaj higjien\u00ebs orale dhe respektimi i udh\u00ebzimeve t\u00eb tjera t\u00eb kujdesit t\u00eb rekomanduara nga mjeku n\u00eb periudh\u00ebn pas operacionit ndikojn\u00eb pozitivisht n\u00eb procesin e sh\u00ebrimit.\n\n<strong>Gj\u00ebrat q\u00eb duhen marr\u00eb n\u00eb konsiderat\u00eb para nj\u00eb operacioni biektomie<\/strong>\n\nPara operacionit t\u00eb biektomis\u00eb, \u00ebsht\u00eb e r\u00ebnd\u00ebsishme q\u00eb pacient\u00ebt t&#039;i shprehin qart\u00eb mjekut t\u00eb tyre pritjet dhe q\u00ebllimet e tyre pas operacionit. Ata gjithashtu duhet t\u00eb ndajn\u00eb informacion n\u00eb lidhje me s\u00ebmundjet kronike, ila\u00e7et q\u00eb marrin dhe p\u00ebrdorimin e alkoolit dhe duhanit. Ky informacion e udh\u00ebzon mjekun n\u00eb lidhje me rreziqet pas operacionit dhe procesin e mundsh\u00ebm t\u00eb rikuperimit. Gjat\u00eb ekzaminimit, mjeku do t\u00eb ekzaminoj\u00eb fytyr\u00ebn e pacientit p\u00ebr t\u00eb kuptuar pamjen e d\u00ebshiruar. \u00cbsht\u00eb thelb\u00ebsore q\u00eb pacient\u00ebt t\u00eb mos nd\u00ebrpresin ila\u00e7et e tyre t\u00eb p\u00ebrdorura rregullisht dhe t\u00eb ndjekin rekomandimet e mjekut t\u00eb tyre para dhe pas operacionit.\n\n<strong>Gj\u00ebra q\u00eb duhen marr\u00eb n\u00eb konsiderat\u00eb pas operacionit t\u00eb biektomis\u00eb<\/strong>\n\nPas nj\u00eb biektomie, pacient\u00ebt zakonisht lirohen menj\u00ebher\u00eb nga spitali dhe mund t\u00eb kthehen n\u00eb aktivitetet e tyre t\u00eb p\u00ebrditshme. Ndjekja e antibiotik\u00ebve, higjien\u00ebs orale dhe udh\u00ebzimeve t\u00eb tjera t\u00eb kujdesit pas operacionit mund t\u00eb p\u00ebrshpejtoj\u00eb procesin e sh\u00ebrimit. Fasha t\u00eb ftohta mund t\u00eb aplikohen gjithashtu p\u00ebr t\u00eb zvog\u00ebluar \u00ebnjtjen dhe mavijosjet. Faktor\u00eb t\u00eb tjer\u00eb t\u00eb r\u00ebnd\u00ebsish\u00ebm q\u00eb duhen marr\u00eb n\u00eb konsiderat\u00eb pas operacionit p\u00ebrfshijn\u00eb mospirjen e duhanit, kufizimin e konsumit t\u00eb alkoolit dhe mosmungesimin e kontrolleve t\u00eb rregullta. Ndjekja e plot\u00eb e t\u00eb gjitha udh\u00ebzimeve t\u00eb dh\u00ebna nga mjeku \u00ebsht\u00eb thelb\u00ebsore p\u00ebr nj\u00eb sh\u00ebrim t\u00eb suksessh\u00ebm. Biektomia ofron nj\u00eb zgjidhje efektive p\u00ebr ata q\u00eb duan t\u00eb nxjerrin n\u00eb pah tiparet e fytyr\u00ebs s\u00eb tyre dhe t\u00eb arrijn\u00eb nj\u00eb pamje m\u00eb estetike. Megjithat\u00eb, si \u00e7do kirurgji kozmetike, biektomia jep rezultatet m\u00eb t\u00eb mira kur kryhet sakt\u00eb nga duar eksperte dhe te kandidat\u00eb t\u00eb p\u00ebrshtatsh\u00ebm. \u00cbsht\u00eb e r\u00ebnd\u00ebsishme p\u00ebr ata q\u00eb duan t\u00eb arrijn\u00eb nj\u00eb pamje ideale t\u00eb fytyr\u00ebs t\u00eb ken\u00eb nj\u00eb konsult\u00eb t\u00eb detajuar me nj\u00eb kirurg plastik ekspert para operacionit t\u00eb biektomis\u00eb p\u00ebr t\u00eb p\u00ebrcaktuar n\u00ebse operacioni \u00ebsht\u00eb i p\u00ebrshtatsh\u00ebm p\u00ebr ta.\t\t\t\t\t\t\t\t<\/div>\n\t\t\t\t<\/div>\n\t\t\t\t\t<\/div>\n\t\t<\/div>\n\t\t\t\t\t<\/div>\n\t\t<\/section>\n\t\t\t\t<\/div>","protected":false},"excerpt":{"rendered":"<p>Bi\u015fektomi Hastanede Kal\u0131\u015f S\u00fcresi: Gerekli De\u011fil Operasyon S\u00fcresi: 6-8 Saat Anestezi: Lokal \u0130yile\u015fme S\u00fcresi: 6-12 Ay Hemen Randevu Al\u0131n Bi\u015fektomi, ideal bir y\u00fcz g\u00f6r\u00fcn\u00fcm\u00fc hedefleyen ki\u015filerin tercih etti\u011fi estetik operasyonlardan biridir. Bu operasyon, y\u00fcz hatlar\u0131n\u0131 daha orant\u0131l\u0131 hale getirmek amac\u0131yla uygulan\u0131r. Baz\u0131 durumlarda, ki\u015fi ideal kiloda olsa bile y\u00fczdeki ya\u011f oran\u0131 nedeniyle kilolu bir izlenim [&hellip;]<\/p>\n","protected":false},"author":2,"featured_media":0,"parent":0,"menu_order":0,"comment_status":"closed","ping_status":"closed","template":"","meta":{"postBodyMargin":[],"postBodyPadding":[],"postBodyBackground":{"backgroundType":"classic","gradient":""},"footnotes":""},"class_list":["post-13615","page","type-page","status-publish","hentry"],"_links":{"self":[{"href":"https:\/\/seldacenter.com\/sq\/wp-json\/wp\/v2\/pages\/13615","targetHints":{"allow":["GET"]}}],"collection":[{"href":"https:\/\/seldacenter.com\/sq\/wp-json\/wp\/v2\/pages"}],"about":[{"href":"https:\/\/seldacenter.com\/sq\/wp-json\/wp\/v2\/types\/page"}],"author":[{"embeddable":true,"href":"https:\/\/seldacenter.com\/sq\/wp-json\/wp\/v2\/users\/2"}],"replies":[{"embeddable":true,"href":"https:\/\/seldacenter.com\/sq\/wp-json\/wp\/v2\/comments?post=13615"}],"version-history":[{"count":7,"href":"https:\/\/seldacenter.com\/sq\/wp-json\/wp\/v2\/pages\/13615\/revisions"}],"predecessor-version":[{"id":14167,"href":"https:\/\/seldacenter.com\/sq\/wp-json\/wp\/v2\/pages\/13615\/revisions\/14167"}],"wp:attachment":[{"href":"https:\/\/seldacenter.com\/sq\/wp-json\/wp\/v2\/media?parent=13615"}],"curies":[{"name":"wp","href":"https:\/\/api.w.org\/{rel}","templated":true}]}}