{"id":13613,"date":"2024-02-17T19:00:31","date_gmt":"2024-02-17T19:00:31","guid":{"rendered":"https:\/\/seldacenter.com\/yeniyapi\/?page_id=13613"},"modified":"2024-03-02T00:36:01","modified_gmt":"2024-03-02T00:36:01","slug":"alt-goz-kapagi-ameliyati","status":"publish","type":"page","link":"https:\/\/seldacenter.com\/sq\/alt-goz-kapagi-ameliyati\/","title":{"rendered":"Kirurgjia e qepall\u00ebs s\u00eb poshtme"},"content":{"rendered":"<div data-elementor-type=\"wp-page\" data-elementor-id=\"13613\" class=\"elementor elementor-13613\" data-elementor-post-type=\"page\">\n\t\t\t\t\t\t<section class=\"elementor-section elementor-top-section elementor-element elementor-element-fc9c5f8 elementor-section-boxed elementor-section-height-default elementor-section-height-default\" data-id=\"fc9c5f8\" data-element_type=\"section\">\n\t\t\t\t\t\t<div class=\"elementor-container elementor-column-gap-default\">\n\t\t\t\t\t<div class=\"elementor-column elementor-col-50 elementor-top-column elementor-element elementor-element-b99204d\" data-id=\"b99204d\" data-element_type=\"column\" data-settings=\"{&quot;background_background&quot;:&quot;classic&quot;}\">\n\t\t\t<div class=\"elementor-widget-wrap elementor-element-populated\">\n\t\t\t\t\t\t<div class=\"elementor-element elementor-element-4c622c1 elementor-widget elementor-widget-image\" data-id=\"4c622c1\" data-element_type=\"widget\" data-widget_type=\"image.default\">\n\t\t\t\t<div class=\"elementor-widget-container\">\n\t\t\t\t\t\t\t\t\t\t\t\t\t\t\t<img fetchpriority=\"high\" decoding=\"async\" width=\"996\" height=\"664\" src=\"https:\/\/seldacenter.com\/wp-content\/uploads\/2024\/03\/woman-with-marks-cosmetic-treatment-wearing-surgical-cap_107420-74117.jpg\" class=\"attachment-full size-full wp-image-14148\" alt=\"\" srcset=\"https:\/\/seldacenter.com\/wp-content\/uploads\/2024\/03\/woman-with-marks-cosmetic-treatment-wearing-surgical-cap_107420-74117.jpg 996w, https:\/\/seldacenter.com\/wp-content\/uploads\/2024\/03\/woman-with-marks-cosmetic-treatment-wearing-surgical-cap_107420-74117-600x400.jpg 600w, https:\/\/seldacenter.com\/wp-content\/uploads\/2024\/03\/woman-with-marks-cosmetic-treatment-wearing-surgical-cap_107420-74117-300x200.jpg 300w, https:\/\/seldacenter.com\/wp-content\/uploads\/2024\/03\/woman-with-marks-cosmetic-treatment-wearing-surgical-cap_107420-74117-768x512.jpg 768w\" sizes=\"(max-width: 996px) 100vw, 996px\" \/>\t\t\t\t\t\t\t\t\t\t\t\t\t\t\t<\/div>\n\t\t\t\t<\/div>\n\t\t\t\t\t<\/div>\n\t\t<\/div>\n\t\t\t\t<div class=\"elementor-column elementor-col-50 elementor-top-column elementor-element elementor-element-4df5137\" data-id=\"4df5137\" data-element_type=\"column\">\n\t\t\t<div class=\"elementor-widget-wrap elementor-element-populated\">\n\t\t\t\t\t\t<div class=\"elementor-element elementor-element-f7b567e elementor-widget-divider--view-line_text elementor-widget-divider--element-align-left elementor-widget elementor-widget-divider\" data-id=\"f7b567e\" data-element_type=\"widget\" data-widget_type=\"divider.default\">\n\t\t\t\t<div class=\"elementor-widget-container\">\n\t\t\t\t\t\t\t<div class=\"elementor-divider\">\n\t\t\t<span class=\"elementor-divider-separator\">\n\t\t\t\t\t\t\t<h3 class=\"elementor-divider__text elementor-divider__element\">\n\t\t\t\tQepalla e Poshtme\t\t\t\t<\/h3>\n\t\t\t\t\t\t<\/span>\n\t\t<\/div>\n\t\t\t\t\t\t<\/div>\n\t\t\t\t<\/div>\n\t\t\t\t<div class=\"elementor-element elementor-element-b6fc3c1 elementor-align-left elementor-icon-list--layout-traditional elementor-list-item-link-full_width elementor-widget elementor-widget-icon-list\" data-id=\"b6fc3c1\" data-element_type=\"widget\" data-widget_type=\"icon-list.default\">\n\t\t\t\t<div class=\"elementor-widget-container\">\n\t\t\t\t\t\t\t<ul class=\"elementor-icon-list-items\">\n\t\t\t\t\t\t\t<li class=\"elementor-icon-list-item\">\n\t\t\t\t\t\t\t\t\t\t\t<span class=\"elementor-icon-list-icon\">\n\t\t\t\t\t\t\t<svg aria-hidden=\"true\" class=\"e-font-icon-svg e-far-hospital\" viewbox=\"0 0 448 512\" xmlns=\"http:\/\/www.w3.org\/2000\/svg\"><path d=\"M128 244v-40c0-6.627 5.373-12 12-12h40c6.627 0 12 5.373 12 12v40c0 6.627-5.373 12-12 12h-40c-6.627 0-12-5.373-12-12zm140 12h40c6.627 0 12-5.373 12-12v-40c0-6.627-5.373-12-12-12h-40c-6.627 0-12 5.373-12 12v40c0 6.627 5.373 12 12 12zm-76 84v-40c0-6.627-5.373-12-12-12h-40c-6.627 0-12 5.373-12 12v40c0 6.627 5.373 12 12 12h40c6.627 0 12-5.373 12-12zm76 12h40c6.627 0 12-5.373 12-12v-40c0-6.627-5.373-12-12-12h-40c-6.627 0-12 5.373-12 12v40c0 6.627 5.373 12 12 12zm180 124v36H0v-36c0-6.627 5.373-12 12-12h19.5V85.035C31.5 73.418 42.245 64 55.5 64H144V24c0-13.255 10.745-24 24-24h112c13.255 0 24 10.745 24 24v40h88.5c13.255 0 24 9.418 24 21.035V464H436c6.627 0 12 5.373 12 12zM79.5 463H192v-67c0-6.627 5.373-12 12-12h40c6.627 0 12 5.373 12 12v67h112.5V112H304v24c0 13.255-10.745 24-24 24H168c-13.255 0-24-10.745-24-24v-24H79.5v351zM266 64h-26V38a6 6 0 0 0-6-6h-20a6 6 0 0 0-6 6v26h-26a6 6 0 0 0-6 6v20a6 6 0 0 0 6 6h26v26a6 6 0 0 0 6 6h20a6 6 0 0 0 6-6V96h26a6 6 0 0 0 6-6V70a6 6 0 0 0-6-6z\"><\/path><\/svg>\t\t\t\t\t\t<\/span>\n\t\t\t\t\t\t\t\t\t\t<span class=\"elementor-icon-list-text\">Q\u00ebndrimi n\u00eb spital: 1 dit\u00eb<\/span>\n\t\t\t\t\t\t\t\t\t<\/li>\n\t\t\t\t\t\t\t\t<li class=\"elementor-icon-list-item\">\n\t\t\t\t\t\t\t\t\t\t\t<span class=\"elementor-icon-list-icon\">\n\t\t\t\t\t\t\t<svg aria-hidden=\"true\" class=\"e-font-icon-svg e-far-clock\" viewbox=\"0 0 512 512\" xmlns=\"http:\/\/www.w3.org\/2000\/svg\"><path d=\"M256 8C119 8 8 119 8 256s111 248 248 248 248-111 248-248S393 8 256 8zm0 448c-110.5 0-200-89.5-200-200S145.5 56 256 56s200 89.5 200 200-89.5 200-200 200zm61.8-104.4l-84.9-61.7c-3.1-2.3-4.9-5.9-4.9-9.7V116c0-6.6 5.4-12 12-12h32c6.6 0 12 5.4 12 12v141.7l66.8 48.6c5.4 3.9 6.5 11.4 2.6 16.8L334.6 349c-3.9 5.3-11.4 6.5-16.8 2.6z\"><\/path><\/svg>\t\t\t\t\t\t<\/span>\n\t\t\t\t\t\t\t\t\t\t<span class=\"elementor-icon-list-text\">Koha e Funksionimit: 6-8 Or\u00eb<\/span>\n\t\t\t\t\t\t\t\t\t<\/li>\n\t\t\t\t\t\t\t\t<li class=\"elementor-icon-list-item\">\n\t\t\t\t\t\t\t\t\t\t\t<span class=\"elementor-icon-list-icon\">\n\t\t\t\t\t\t\t<svg aria-hidden=\"true\" class=\"e-font-icon-svg e-fas-syringe\" viewbox=\"0 0 512 512\" xmlns=\"http:\/\/www.w3.org\/2000\/svg\"><path d=\"M201.5 174.8l55.7 55.8c3.1 3.1 3.1 8.2 0 11.3l-11.3 11.3c-3.1 3.1-8.2 3.1-11.3 0l-55.7-55.8-45.3 45.3 55.8 55.8c3.1 3.1 3.1 8.2 0 11.3l-11.3 11.3c-3.1 3.1-8.2 3.1-11.3 0L111 265.2l-26.4 26.4c-17.3 17.3-25.6 41.1-23 65.4l7.1 63.6L2.3 487c-3.1 3.1-3.1 8.2 0 11.3l11.3 11.3c3.1 3.1 8.2 3.1 11.3 0l66.3-66.3 63.6 7.1c23.9 2.6 47.9-5.4 65.4-23l181.9-181.9-135.7-135.7-64.9 65zm308.2-93.3L430.5 2.3c-3.1-3.1-8.2-3.1-11.3 0l-11.3 11.3c-3.1 3.1-3.1 8.2 0 11.3l28.3 28.3-45.3 45.3-56.6-56.6-17-17c-3.1-3.1-8.2-3.1-11.3 0l-33.9 33.9c-3.1 3.1-3.1 8.2 0 11.3l17 17L424.8 223l17 17c3.1 3.1 8.2 3.1 11.3 0l33.9-34c3.1-3.1 3.1-8.2 0-11.3l-73.5-73.5 45.3-45.3 28.3 28.3c3.1 3.1 8.2 3.1 11.3 0l11.3-11.3c3.1-3.2 3.1-8.2 0-11.4z\"><\/path><\/svg>\t\t\t\t\t\t<\/span>\n\t\t\t\t\t\t\t\t\t\t<span class=\"elementor-icon-list-text\">Anestezi: E p\u00ebrgjithshme<\/span>\n\t\t\t\t\t\t\t\t\t<\/li>\n\t\t\t\t\t\t\t\t<li class=\"elementor-icon-list-item\">\n\t\t\t\t\t\t\t\t\t\t\t<span class=\"elementor-icon-list-icon\">\n\t\t\t\t\t\t\t<svg aria-hidden=\"true\" class=\"e-font-icon-svg e-far-heart\" viewbox=\"0 0 512 512\" xmlns=\"http:\/\/www.w3.org\/2000\/svg\"><path d=\"M458.4 64.3C400.6 15.7 311.3 23 256 79.3 200.7 23 111.4 15.6 53.6 64.3-21.6 127.6-10.6 230.8 43 285.5l175.4 178.7c10 10.2 23.4 15.9 37.6 15.9 14.3 0 27.6-5.6 37.6-15.8L469 285.6c53.5-54.7 64.7-157.9-10.6-221.3zm-23.6 187.5L259.4 430.5c-2.4 2.4-4.4 2.4-6.8 0L77.2 251.8c-36.5-37.2-43.9-107.6 7.3-150.7 38.9-32.7 98.9-27.8 136.5 10.5l35 35.7 35-35.7c37.8-38.5 97.8-43.2 136.5-10.6 51.1 43.1 43.5 113.9 7.3 150.8z\"><\/path><\/svg>\t\t\t\t\t\t<\/span>\n\t\t\t\t\t\t\t\t\t\t<span class=\"elementor-icon-list-text\">Koha e Rim\u00ebk\u00ebmbjes: 6-12 Muaj<\/span>\n\t\t\t\t\t\t\t\t\t<\/li>\n\t\t\t\t\t\t<\/ul>\n\t\t\t\t\t\t<\/div>\n\t\t\t\t<\/div>\n\t\t\t\t<div class=\"elementor-element elementor-element-5e596e3 elementor-align-justify elementor-widget elementor-widget-button\" data-id=\"5e596e3\" data-element_type=\"widget\" data-widget_type=\"button.default\">\n\t\t\t\t<div class=\"elementor-widget-container\">\n\t\t\t\t\t\t\t\t\t<div class=\"elementor-button-wrapper\">\n\t\t\t\t\t<a class=\"elementor-button elementor-button-link elementor-size-sm elementor-animation-buzz\" href=\"https:\/\/seldacenter.com\/sq\/\">\n\t\t\t\t\t\t<span class=\"elementor-button-content-wrapper\">\n\t\t\t\t\t\t\t\t\t<span class=\"elementor-button-text\">Rezervoni nj\u00eb takim tani<\/span>\n\t\t\t\t\t<\/span>\n\t\t\t\t\t<\/a>\n\t\t\t\t<\/div>\n\t\t\t\t\t\t\t\t<\/div>\n\t\t\t\t<\/div>\n\t\t\t\t\t<\/div>\n\t\t<\/div>\n\t\t\t\t\t<\/div>\n\t\t<\/section>\n\t\t\t\t<section class=\"elementor-section elementor-top-section elementor-element elementor-element-2fbc577f elementor-section-boxed elementor-section-height-default elementor-section-height-default\" data-id=\"2fbc577f\" data-element_type=\"section\">\n\t\t\t\t\t\t<div class=\"elementor-container elementor-column-gap-default\">\n\t\t\t\t\t<div class=\"elementor-column elementor-col-100 elementor-top-column elementor-element elementor-element-20a25bb0\" data-id=\"20a25bb0\" data-element_type=\"column\">\n\t\t\t<div class=\"elementor-widget-wrap elementor-element-populated\">\n\t\t\t\t\t\t<div class=\"elementor-element elementor-element-258b3b6c elementor-widget elementor-widget-text-editor\" data-id=\"258b3b6c\" data-element_type=\"widget\" data-widget_type=\"text-editor.default\">\n\t\t\t\t<div class=\"elementor-widget-container\">\n\t\t\t\t\t\t\t\t\tNd\u00ebrsa plakemi, n\u00eb trupin ton\u00eb ndodhin shum\u00eb ndryshime. Nj\u00eb nga zonat m\u00eb t\u00eb dukshme ku shihen k\u00ebto ndryshime \u00ebsht\u00eb fytyra dhe zona p\u00ebrreth syve. Qeskat, varja, rrudhat dhe zhvendosjet n\u00eb indin dhjamor, ve\u00e7an\u00ebrisht n\u00eb qepall\u00ebn e poshtme, mund t\u00eb kontribuojn\u00eb n\u00eb nj\u00eb pamje t\u00eb plakur. Megjithat\u00eb, n\u00eb dit\u00ebt e sotme, \u00ebsht\u00eb e mundur t\u00eb korrigjohen k\u00ebto shenja me procedura kirurgjikale estetike. Kirurgjia e qepall\u00ebs s\u00eb poshtme \u00ebsht\u00eb nj\u00eb zgjidhje efektive q\u00eb i rikthen rinin\u00eb dhe vitalitetin syve tuaj.\n\n<strong>Shenjat e plakjes n\u00eb qepall\u00ebn e poshtme:<\/strong>\n\nShenjat e plakjes n\u00eb qepall\u00ebn e poshtme zakonisht shkaktohen nga efektet e mosh\u00ebs t\u00eb kombinuara me faktor\u00ebt gjenetik\u00eb. Simptomat e m\u00ebposhtme mund t\u00eb jen\u00eb shenja t\u00eb plakjes n\u00eb qepall\u00ebn e poshtme:\n<ol>\n \t<li><strong>Mbledhja dhe lirimi:<\/strong> Qeskat q\u00eb formohen n\u00ebn sy b\u00ebjn\u00eb q\u00eb qepalla e poshtme t\u00eb humbas\u00eb pamjen e saj rinore dhe t\u00eb fresk\u00ebt.<\/li>\n \t<li><strong>Brazdat u formuan:<\/strong> Formimi i nj\u00eb brazde q\u00eb p\u00ebrcakton qeset posht\u00eb syve tregon dob\u00ebsim t\u00eb strukturave rreth syve.<\/li>\n \t<li><strong>Depresione n\u00eb faqe:<\/strong> Depresionet n\u00eb zon\u00ebn e faqeve t\u00eb shkaktuara nga graviteti mund t\u00eb k\u00ebrkojn\u00eb nd\u00ebrhyrje kirurgjikale t\u00eb qepall\u00ebs s\u00eb poshtme.<\/li>\n \t<li><strong>Dob\u00ebsim dhe rrudhat:<\/strong> Hollimi i l\u00ebkur\u00ebs dhe rrudhat rreth syve jan\u00eb shenja t\u00eb dukshme t\u00eb plakjes.<\/li>\n \t<li><strong>Vijat e K\u00ebmb\u00ebs s\u00eb Korbit:<\/strong> Vijat e form\u00ebs s\u00eb \u201ck\u00ebmb\u00ebve t\u00eb sorr\u00ebs\u201d rreth syve mund t\u00eb b\u00ebhen m\u00eb t\u00eb theksuara me kalimin e koh\u00ebs.<\/li>\n \t<li><strong>Dob\u00ebsimi i muskujve t\u00eb qepall\u00ebs:<\/strong> Dob\u00ebsimi i muskujve t\u00eb qepallave mund t\u00eb p\u00ebrkeq\u00ebsoj\u00eb problemet estetike rreth syve.<\/li>\n<\/ol>\n<strong>Vendimi p\u00ebr estetik\u00ebn e qepall\u00ebs s\u00eb poshtme:<\/strong>\n\nKur vendosni p\u00ebr kirurgjin\u00eb e qepall\u00ebs s\u00eb poshtme, \u00ebsht\u00eb e r\u00ebnd\u00ebsishme t\u00eb vler\u00ebsoni fytyr\u00ebn e pacientit n\u00eb t\u00ebr\u00ebsi. Nj\u00eb ekzaminim fizik luan nj\u00eb rol ky\u00e7 n\u00eb p\u00ebrcaktimin e predispozitave gjenetike dhe se si procesi i plakjes ndikon n\u00eb fytyr\u00eb. Plakja n\u00eb qepall\u00ebn e poshtme n\u00eb p\u00ebrgjith\u00ebsi duhet t\u00eb merret n\u00eb konsiderat\u00eb n\u00eb lidhje me shenjat e plakjes n\u00eb zon\u00ebn e faqeve. Prandaj, kirurgjia e qepall\u00ebs s\u00eb poshtme shpesh kryhet n\u00eb lidhje me nj\u00eb ngritje t\u00eb mesit t\u00eb fytyr\u00ebs.\n\n<strong>Procedura estetike e qepall\u00ebs s\u00eb poshtme:<\/strong>\n\nKirurgjia e qepall\u00ebs s\u00eb poshtme zakonisht fillon me nj\u00eb prerje t\u00eb b\u00ebr\u00eb n\u00ebn qepall\u00ebn e poshtme. L\u00ebkura dhe muskujt e qepall\u00ebs ngrihen p\u00ebrmes k\u00ebsaj prerjeje dhe jast\u00ebk\u00ebt dhjamor riform\u00ebsohen. Kjo procedur\u00eb synon t\u00eb eliminoj\u00eb qeskat dhe grop\u00ebzat n\u00ebn sy. Kirurgjia endoskopike mund t\u00eb p\u00ebrdoret gjithashtu p\u00ebr t\u00eb korrigjuar indin dhjamor n\u00eb zon\u00ebn e faqeve. Procedura zakonisht kryhet n\u00ebn anestezi t\u00eb p\u00ebrgjithshme dhe mund t\u00eb zgjas\u00eb 2-4 or\u00eb.\n\n<strong>Kujdesi pas operacionit pas operacionit t\u00eb qepall\u00ebs s\u00eb poshtme:<\/strong>\n\nProcesi i rikuperimit pas operacionit t\u00eb qepall\u00ebs s\u00eb poshtme \u00ebsht\u00eb p\u00ebrgjith\u00ebsisht i shpejt\u00eb. \u00cbnjtja dhe mavijosjet zhduken brenda disa jav\u00ebve t\u00eb para dhe shenjat b\u00ebhen m\u00eb pak t\u00eb dukshme. Edhe pse procesi i rikuperimit ndryshon nga personi n\u00eb person, pacient\u00ebt zakonisht mund t\u00eb kthehen n\u00eb aktivitetet e tyre normale t\u00eb p\u00ebrditshme pas nj\u00eb operacioni q\u00eb zakonisht zgjat 2-4 or\u00eb.\n\n<strong>P\u00ebrfundim:<\/strong>\n\nKirurgjia e qepall\u00ebs s\u00eb poshtme \u00ebsht\u00eb nj\u00eb mund\u00ebsi efektive p\u00ebr t\u00eb zvog\u00ebluar efektet e plakjes dhe p\u00ebr t\u00eb arritur nj\u00eb pamje rinore. Procedura rinovon t\u00eb gjith\u00eb fytyr\u00ebn duke korrigjuar qeskat, grop\u00ebzat dhe rrudhat n\u00eb qepall\u00ebn e poshtme. Nj\u00eb ekzaminim dhe vler\u00ebsim i detajuar para operacionit \u00ebsht\u00eb nj\u00eb hap kritik n\u00eb arritjen e rezultateve m\u00eb t\u00eb mira.\t\t\t\t\t\t\t\t<\/div>\n\t\t\t\t<\/div>\n\t\t\t\t\t<\/div>\n\t\t<\/div>\n\t\t\t\t\t<\/div>\n\t\t<\/section>\n\t\t\t\t<\/div>","protected":false},"excerpt":{"rendered":"<p>Alt G\u00f6z Kapa\u011f\u0131 Hastanede Kal\u0131\u015f S\u00fcresi: 1 G\u00fcn Operasyon S\u00fcresi: 6-8 Saat Anestezi: Genel \u0130yile\u015fme S\u00fcresi: 6-12 Ay Hemen Randevu Al\u0131n Ya\u015f\u0131n ilerlemesiyle birlikte, v\u00fccudumuzda pek \u00e7ok de\u011fi\u015fiklik meydana gelir. Bu de\u011fi\u015fikliklerin en belirgin oldu\u011fu b\u00f6lgelerden biri de y\u00fcz ve g\u00f6z \u00e7evresidir. \u00d6zellikle alt g\u00f6z kapa\u011f\u0131nda ortaya \u00e7\u0131kan torbalanma, sarkma, k\u0131r\u0131\u015f\u0131kl\u0131klar ve ya\u011f dokusundaki kaymalar, [&hellip;]<\/p>\n","protected":false},"author":2,"featured_media":0,"parent":0,"menu_order":0,"comment_status":"closed","ping_status":"closed","template":"","meta":{"postBodyMargin":[],"postBodyPadding":[],"postBodyBackground":{"backgroundType":"classic","gradient":""},"footnotes":""},"class_list":["post-13613","page","type-page","status-publish","hentry"],"_links":{"self":[{"href":"https:\/\/seldacenter.com\/sq\/wp-json\/wp\/v2\/pages\/13613","targetHints":{"allow":["GET"]}}],"collection":[{"href":"https:\/\/seldacenter.com\/sq\/wp-json\/wp\/v2\/pages"}],"about":[{"href":"https:\/\/seldacenter.com\/sq\/wp-json\/wp\/v2\/types\/page"}],"author":[{"embeddable":true,"href":"https:\/\/seldacenter.com\/sq\/wp-json\/wp\/v2\/users\/2"}],"replies":[{"embeddable":true,"href":"https:\/\/seldacenter.com\/sq\/wp-json\/wp\/v2\/comments?post=13613"}],"version-history":[{"count":10,"href":"https:\/\/seldacenter.com\/sq\/wp-json\/wp\/v2\/pages\/13613\/revisions"}],"predecessor-version":[{"id":14151,"href":"https:\/\/seldacenter.com\/sq\/wp-json\/wp\/v2\/pages\/13613\/revisions\/14151"}],"wp:attachment":[{"href":"https:\/\/seldacenter.com\/sq\/wp-json\/wp\/v2\/media?parent=13613"}],"curies":[{"name":"wp","href":"https:\/\/api.w.org\/{rel}","templated":true}]}}