{"id":13594,"date":"2024-02-17T18:51:29","date_gmt":"2024-02-17T18:51:29","guid":{"rendered":"https:\/\/seldacenter.com\/yeniyapi\/?page_id=13594"},"modified":"2024-03-02T02:01:27","modified_gmt":"2024-03-02T02:01:27","slug":"tup-mide-ameliyati","status":"publish","type":"page","link":"https:\/\/seldacenter.com\/sq\/tup-mide-ameliyati\/","title":{"rendered":"Kirurgjia e M\u00ebng\u00ebs Gastrike"},"content":{"rendered":"<div data-elementor-type=\"wp-page\" data-elementor-id=\"13594\" class=\"elementor elementor-13594\" data-elementor-post-type=\"page\">\n\t\t\t\t\t\t<section class=\"elementor-section elementor-top-section elementor-element elementor-element-533ea1d elementor-section-boxed elementor-section-height-default elementor-section-height-default\" data-id=\"533ea1d\" data-element_type=\"section\">\n\t\t\t\t\t\t<div class=\"elementor-container elementor-column-gap-default\">\n\t\t\t\t\t<div class=\"elementor-column elementor-col-50 elementor-top-column elementor-element elementor-element-dff7ab6\" data-id=\"dff7ab6\" data-element_type=\"column\" data-settings=\"{&quot;background_background&quot;:&quot;classic&quot;}\">\n\t\t\t<div class=\"elementor-widget-wrap elementor-element-populated\">\n\t\t\t\t\t\t<div class=\"elementor-element elementor-element-d2cb36b elementor-widget elementor-widget-image\" data-id=\"d2cb36b\" data-element_type=\"widget\" data-widget_type=\"image.default\">\n\t\t\t\t<div class=\"elementor-widget-container\">\n\t\t\t\t\t\t\t\t\t\t\t\t\t\t\t<img fetchpriority=\"high\" decoding=\"async\" width=\"1152\" height=\"896\" src=\"https:\/\/seldacenter.com\/wp-content\/uploads\/2024\/03\/image-15.png\" class=\"attachment-full size-full wp-image-14112\" alt=\"\" srcset=\"https:\/\/seldacenter.com\/wp-content\/uploads\/2024\/03\/image-15.png 1152w, https:\/\/seldacenter.com\/wp-content\/uploads\/2024\/03\/image-15-600x467.png 600w, https:\/\/seldacenter.com\/wp-content\/uploads\/2024\/03\/image-15-300x233.png 300w, https:\/\/seldacenter.com\/wp-content\/uploads\/2024\/03\/image-15-1024x796.png 1024w, https:\/\/seldacenter.com\/wp-content\/uploads\/2024\/03\/image-15-768x597.png 768w\" sizes=\"(max-width: 1152px) 100vw, 1152px\" \/>\t\t\t\t\t\t\t\t\t\t\t\t\t\t\t<\/div>\n\t\t\t\t<\/div>\n\t\t\t\t\t<\/div>\n\t\t<\/div>\n\t\t\t\t<div class=\"elementor-column elementor-col-50 elementor-top-column elementor-element elementor-element-9ee2532\" data-id=\"9ee2532\" data-element_type=\"column\">\n\t\t\t<div class=\"elementor-widget-wrap elementor-element-populated\">\n\t\t\t\t\t\t<div class=\"elementor-element elementor-element-bcaf91e elementor-widget-divider--view-line_text elementor-widget-divider--element-align-left elementor-widget elementor-widget-divider\" data-id=\"bcaf91e\" data-element_type=\"widget\" data-widget_type=\"divider.default\">\n\t\t\t\t<div class=\"elementor-widget-container\">\n\t\t\t\t\t\t\t<div class=\"elementor-divider\">\n\t\t\t<span class=\"elementor-divider-separator\">\n\t\t\t\t\t\t\t<h3 class=\"elementor-divider__text elementor-divider__element\">\n\t\t\t\tM\u00ebng\u00eb gastrike\t\t\t\t<\/h3>\n\t\t\t\t\t\t<\/span>\n\t\t<\/div>\n\t\t\t\t\t\t<\/div>\n\t\t\t\t<\/div>\n\t\t\t\t<div class=\"elementor-element elementor-element-3eb4883 elementor-align-left elementor-icon-list--layout-traditional elementor-list-item-link-full_width elementor-widget elementor-widget-icon-list\" data-id=\"3eb4883\" data-element_type=\"widget\" data-widget_type=\"icon-list.default\">\n\t\t\t\t<div class=\"elementor-widget-container\">\n\t\t\t\t\t\t\t<ul class=\"elementor-icon-list-items\">\n\t\t\t\t\t\t\t<li class=\"elementor-icon-list-item\">\n\t\t\t\t\t\t\t\t\t\t\t<span class=\"elementor-icon-list-icon\">\n\t\t\t\t\t\t\t<svg aria-hidden=\"true\" class=\"e-font-icon-svg e-far-hospital\" viewbox=\"0 0 448 512\" xmlns=\"http:\/\/www.w3.org\/2000\/svg\"><path d=\"M128 244v-40c0-6.627 5.373-12 12-12h40c6.627 0 12 5.373 12 12v40c0 6.627-5.373 12-12 12h-40c-6.627 0-12-5.373-12-12zm140 12h40c6.627 0 12-5.373 12-12v-40c0-6.627-5.373-12-12-12h-40c-6.627 0-12 5.373-12 12v40c0 6.627 5.373 12 12 12zm-76 84v-40c0-6.627-5.373-12-12-12h-40c-6.627 0-12 5.373-12 12v40c0 6.627 5.373 12 12 12h40c6.627 0 12-5.373 12-12zm76 12h40c6.627 0 12-5.373 12-12v-40c0-6.627-5.373-12-12-12h-40c-6.627 0-12 5.373-12 12v40c0 6.627 5.373 12 12 12zm180 124v36H0v-36c0-6.627 5.373-12 12-12h19.5V85.035C31.5 73.418 42.245 64 55.5 64H144V24c0-13.255 10.745-24 24-24h112c13.255 0 24 10.745 24 24v40h88.5c13.255 0 24 9.418 24 21.035V464H436c6.627 0 12 5.373 12 12zM79.5 463H192v-67c0-6.627 5.373-12 12-12h40c6.627 0 12 5.373 12 12v67h112.5V112H304v24c0 13.255-10.745 24-24 24H168c-13.255 0-24-10.745-24-24v-24H79.5v351zM266 64h-26V38a6 6 0 0 0-6-6h-20a6 6 0 0 0-6 6v26h-26a6 6 0 0 0-6 6v20a6 6 0 0 0 6 6h26v26a6 6 0 0 0 6 6h20a6 6 0 0 0 6-6V96h26a6 6 0 0 0 6-6V70a6 6 0 0 0-6-6z\"><\/path><\/svg>\t\t\t\t\t\t<\/span>\n\t\t\t\t\t\t\t\t\t\t<span class=\"elementor-icon-list-text\">Q\u00ebndrimi n\u00eb spital: 3 dit\u00eb<\/span>\n\t\t\t\t\t\t\t\t\t<\/li>\n\t\t\t\t\t\t\t\t<li class=\"elementor-icon-list-item\">\n\t\t\t\t\t\t\t\t\t\t\t<span class=\"elementor-icon-list-icon\">\n\t\t\t\t\t\t\t<svg aria-hidden=\"true\" class=\"e-font-icon-svg e-far-clock\" viewbox=\"0 0 512 512\" xmlns=\"http:\/\/www.w3.org\/2000\/svg\"><path d=\"M256 8C119 8 8 119 8 256s111 248 248 248 248-111 248-248S393 8 256 8zm0 448c-110.5 0-200-89.5-200-200S145.5 56 256 56s200 89.5 200 200-89.5 200-200 200zm61.8-104.4l-84.9-61.7c-3.1-2.3-4.9-5.9-4.9-9.7V116c0-6.6 5.4-12 12-12h32c6.6 0 12 5.4 12 12v141.7l66.8 48.6c5.4 3.9 6.5 11.4 2.6 16.8L334.6 349c-3.9 5.3-11.4 6.5-16.8 2.6z\"><\/path><\/svg>\t\t\t\t\t\t<\/span>\n\t\t\t\t\t\t\t\t\t\t<span class=\"elementor-icon-list-text\">Koha e Funksionimit: 6-8 Or\u00eb<\/span>\n\t\t\t\t\t\t\t\t\t<\/li>\n\t\t\t\t\t\t\t\t<li class=\"elementor-icon-list-item\">\n\t\t\t\t\t\t\t\t\t\t\t<span class=\"elementor-icon-list-icon\">\n\t\t\t\t\t\t\t<svg aria-hidden=\"true\" class=\"e-font-icon-svg e-fas-syringe\" viewbox=\"0 0 512 512\" xmlns=\"http:\/\/www.w3.org\/2000\/svg\"><path d=\"M201.5 174.8l55.7 55.8c3.1 3.1 3.1 8.2 0 11.3l-11.3 11.3c-3.1 3.1-8.2 3.1-11.3 0l-55.7-55.8-45.3 45.3 55.8 55.8c3.1 3.1 3.1 8.2 0 11.3l-11.3 11.3c-3.1 3.1-8.2 3.1-11.3 0L111 265.2l-26.4 26.4c-17.3 17.3-25.6 41.1-23 65.4l7.1 63.6L2.3 487c-3.1 3.1-3.1 8.2 0 11.3l11.3 11.3c3.1 3.1 8.2 3.1 11.3 0l66.3-66.3 63.6 7.1c23.9 2.6 47.9-5.4 65.4-23l181.9-181.9-135.7-135.7-64.9 65zm308.2-93.3L430.5 2.3c-3.1-3.1-8.2-3.1-11.3 0l-11.3 11.3c-3.1 3.1-3.1 8.2 0 11.3l28.3 28.3-45.3 45.3-56.6-56.6-17-17c-3.1-3.1-8.2-3.1-11.3 0l-33.9 33.9c-3.1 3.1-3.1 8.2 0 11.3l17 17L424.8 223l17 17c3.1 3.1 8.2 3.1 11.3 0l33.9-34c3.1-3.1 3.1-8.2 0-11.3l-73.5-73.5 45.3-45.3 28.3 28.3c3.1 3.1 8.2 3.1 11.3 0l11.3-11.3c3.1-3.2 3.1-8.2 0-11.4z\"><\/path><\/svg>\t\t\t\t\t\t<\/span>\n\t\t\t\t\t\t\t\t\t\t<span class=\"elementor-icon-list-text\">Anestezi: E p\u00ebrgjithshme<\/span>\n\t\t\t\t\t\t\t\t\t<\/li>\n\t\t\t\t\t\t\t\t<li class=\"elementor-icon-list-item\">\n\t\t\t\t\t\t\t\t\t\t\t<span class=\"elementor-icon-list-icon\">\n\t\t\t\t\t\t\t<svg aria-hidden=\"true\" class=\"e-font-icon-svg e-far-heart\" viewbox=\"0 0 512 512\" xmlns=\"http:\/\/www.w3.org\/2000\/svg\"><path d=\"M458.4 64.3C400.6 15.7 311.3 23 256 79.3 200.7 23 111.4 15.6 53.6 64.3-21.6 127.6-10.6 230.8 43 285.5l175.4 178.7c10 10.2 23.4 15.9 37.6 15.9 14.3 0 27.6-5.6 37.6-15.8L469 285.6c53.5-54.7 64.7-157.9-10.6-221.3zm-23.6 187.5L259.4 430.5c-2.4 2.4-4.4 2.4-6.8 0L77.2 251.8c-36.5-37.2-43.9-107.6 7.3-150.7 38.9-32.7 98.9-27.8 136.5 10.5l35 35.7 35-35.7c37.8-38.5 97.8-43.2 136.5-10.6 51.1 43.1 43.5 113.9 7.3 150.8z\"><\/path><\/svg>\t\t\t\t\t\t<\/span>\n\t\t\t\t\t\t\t\t\t\t<span class=\"elementor-icon-list-text\">Koha e Rim\u00ebk\u00ebmbjes: 1-3 Muaj<\/span>\n\t\t\t\t\t\t\t\t\t<\/li>\n\t\t\t\t\t\t<\/ul>\n\t\t\t\t\t\t<\/div>\n\t\t\t\t<\/div>\n\t\t\t\t<div class=\"elementor-element elementor-element-eca676d elementor-align-justify elementor-widget elementor-widget-button\" data-id=\"eca676d\" data-element_type=\"widget\" data-widget_type=\"button.default\">\n\t\t\t\t<div class=\"elementor-widget-container\">\n\t\t\t\t\t\t\t\t\t<div class=\"elementor-button-wrapper\">\n\t\t\t\t\t<a class=\"elementor-button elementor-button-link elementor-size-sm elementor-animation-buzz\" href=\"https:\/\/seldacenter.com\/sq\/\">\n\t\t\t\t\t\t<span class=\"elementor-button-content-wrapper\">\n\t\t\t\t\t\t\t\t\t<span class=\"elementor-button-text\">Rezervoni nj\u00eb takim tani<\/span>\n\t\t\t\t\t<\/span>\n\t\t\t\t\t<\/a>\n\t\t\t\t<\/div>\n\t\t\t\t\t\t\t\t<\/div>\n\t\t\t\t<\/div>\n\t\t\t\t\t<\/div>\n\t\t<\/div>\n\t\t\t\t\t<\/div>\n\t\t<\/section>\n\t\t\t\t<section class=\"elementor-section elementor-top-section elementor-element elementor-element-2328e8fd elementor-section-boxed elementor-section-height-default elementor-section-height-default\" data-id=\"2328e8fd\" data-element_type=\"section\">\n\t\t\t\t\t\t<div class=\"elementor-container elementor-column-gap-default\">\n\t\t\t\t\t<div class=\"elementor-column elementor-col-100 elementor-top-column elementor-element elementor-element-53482022\" data-id=\"53482022\" data-element_type=\"column\">\n\t\t\t<div class=\"elementor-widget-wrap elementor-element-populated\">\n\t\t\t\t\t\t<div class=\"elementor-element elementor-element-70a6a0d elementor-widget elementor-widget-text-editor\" data-id=\"70a6a0d\" data-element_type=\"widget\" data-widget_type=\"text-editor.default\">\n\t\t\t\t<div class=\"elementor-widget-container\">\n\t\t\t\t\t\t\t\t\t<strong>\u00c7far\u00eb \u00ebsht\u00eb kirurgjia e m\u00ebng\u00ebs gastrike?<\/strong>\n\nKirurgjia e m\u00ebng\u00ebs gastrike, e njohur edhe si &quot;kirurgjia e reduktimit t\u00eb stomakut&quot;, \u00ebsht\u00eb nj\u00eb procedur\u00eb kirurgjikale q\u00eb kryhet zakonisht sot. Kjo nd\u00ebrhyrje kirurgjikale ofron rezultate efektive n\u00eb trajtimin e obezitetit.\n\n<strong>Procedura kirurgjikale<\/strong>\n<ul>\n \t<li><strong>Ndryshimet n\u00eb form\u00ebn e stomakut:<\/strong> N\u00eb gastrektomin\u00eb me m\u00ebng\u00eb, stomaku n\u00eb thelb transformohet n\u00eb nj\u00eb tub t\u00eb gjat\u00eb dhe t\u00eb holl\u00eb. Duke p\u00ebrdorur nj\u00eb metod\u00eb laparoskopike, 80% e stomakut pritet dhe hiqet, gj\u00eb q\u00eb \u00e7on n\u00eb nj\u00eb zvog\u00eblim t\u00eb v\u00ebllimit t\u00eb stomakut.<\/li>\n \t<li><strong>Kufizimi i marrjes s\u00eb ushqimit:<\/strong> Ky riform\u00ebsim i stomakut kufizon ndjesh\u00ebm marrjen e ushqimit. P\u00ebr m\u00eb tep\u00ebr, operacioni ka nj\u00eb efekt t\u00eb leht\u00eb n\u00eb uljen e p\u00ebrthithjes s\u00eb ushqimit.<\/li>\n \t<li><strong>Ulja e oreksit dhe thyerja e rezistenc\u00ebs ndaj insulin\u00ebs:<\/strong> Njer\u00ebzit q\u00eb i n\u00ebnshtrohen operacionit t\u00eb m\u00ebng\u00ebs gastrik p\u00ebrjetojn\u00eb ulje t\u00eb oreksit dhe humbje peshe. P\u00ebr m\u00eb tep\u00ebr, rezistenca ndaj insulin\u00ebs p\u00ebrmir\u00ebsohet edhe para se t\u00eb zhvillohet.<\/li>\n<\/ul>\n<strong>Koh\u00ebzgjatja e operacionit<\/strong>\n<ul>\n \t<li>Kirurgjia e m\u00ebng\u00ebs gastrike zakonisht zgjat rreth 1.5 or\u00eb. Rreziqet postoperative jan\u00eb t\u00eb ul\u00ebta dhe efektet an\u00ebsore t\u00eb pad\u00ebshiruara jan\u00eb minimale.<\/li>\n<\/ul>\n<strong>Kirurgjia m\u00eb e zakonshme e reduktimit gastrik<\/strong>\n<ul>\n \t<li>Kirurgjia kirurgjikale p\u00ebr zvog\u00eblimin e stomakut q\u00eb kryhet m\u00eb shpesh sot \u00ebsht\u00eb &quot;gastrektomia e m\u00ebng\u00ebs&quot; ose &quot;kirurgjia e m\u00ebng\u00ebs gastrike&quot; si\u00e7 njihet n\u00eb mjek\u00ebsi. Kjo nd\u00ebrhyrje kirurgjikale, e cila ka nj\u00eb histori 15-vje\u00e7are, preferohet sepse efektiviteti i saj \u00ebsht\u00eb provuar dhe nivelet e riskut t\u00eb saj jan\u00eb t\u00eb ul\u00ebta.<\/li>\n \t<li>Nj\u00eb lloj tjet\u00ebr i kirurgjis\u00eb s\u00eb zvog\u00eblimit t\u00eb stomakut \u00ebsht\u00eb kirurgjia e &quot;bypass-it gastrik&quot;. Megjithat\u00eb, kjo metod\u00eb nuk preferohet p\u00ebrve\u00e7 n\u00eb rrethana t\u00eb ve\u00e7anta.<\/li>\n<\/ul>\n<strong>P\u00ebr k\u00eb \u00ebsht\u00eb i p\u00ebrshtatsh\u00ebm?<\/strong>\n\nKandidat\u00ebt e p\u00ebrshtatsh\u00ebm p\u00ebr kirurgji gastrektomie me m\u00ebng\u00eb p\u00ebrfshijn\u00eb:\n<ul>\n \t<li>Individ\u00eb me nj\u00eb indeks t\u00eb mas\u00ebs trupore (BMI) mbi 40 kg\/m\u00b2.<\/li>\n \t<li>Individ\u00eb me nj\u00eb BMI midis 35-40 q\u00eb jan\u00eb mbipesh\u00eb dhe kan\u00eb probleme t\u00eb tilla si diabeti i tipit 2, hipertensioni dhe apnea e gjumit.<\/li>\n \t<li>Individ\u00eb me nj\u00eb BMI midis 30-35 q\u00eb kan\u00eb diabet t\u00eb tipit 2 t\u00eb diagnostikuar rishtazi dhe probleme metabolike (sipas p\u00ebrcaktimit t\u00eb mjekut).<\/li>\n<\/ul>\n<strong>Kufizime moshe<\/strong>\n<ul>\n \t<li>Kirurgjia e m\u00ebng\u00ebs gastrike kryhet tek individ\u00ebt e mosh\u00ebs 18 deri n\u00eb 65 vje\u00e7. P\u00eblqimi i prind\u00ebrve \u00ebsht\u00eb i nevojsh\u00ebm p\u00ebr ata n\u00ebn 18 vje\u00e7, dhe nj\u00eb vler\u00ebsim sh\u00ebndet\u00ebsor kryhet p\u00ebr ata mbi 65 vje\u00e7.<\/li>\n<\/ul>\n<strong>Dhimbje dhe shenja pas operacionit<\/strong>\n<ul>\n \t<li>Kirurgjia laparoskopike kryhet p\u00ebrmes prerjeve t\u00eb vogla, k\u00ebshtu q\u00eb dhimbja \u00ebsht\u00eb minimale. Shenjat zbehen brenda pak muajsh.<\/li>\n<\/ul>\n<strong>Humbja e pesh\u00ebs dhe monitorimi<\/strong>\n<ul>\n \t<li>Pacient\u00ebt q\u00eb i n\u00ebnshtrohen operacionit t\u00eb m\u00ebng\u00ebs gastrik humbasin 60% t\u00eb pesh\u00ebs s\u00eb tyre t\u00eb tep\u00ebrt brenda 5 viteve nga operacioni. Megjithat\u00eb, plot\u00ebsimi i vazhduesh\u00ebm i vitaminave dhe mineraleve mund t\u00eb jet\u00eb i nevojsh\u00ebm pas operacionit.<\/li>\n<\/ul>\n<strong>Kirurgji p\u00ebr Rifitim dhe Rishikimin e Peshes<\/strong>\n<ul>\n \t<li>Shkalla e rifitimit t\u00eb pesh\u00ebs \u00ebsht\u00eb rreth 15 p\u00ebrqind. N\u00eb k\u00ebt\u00eb rast, mund t\u00eb jen\u00eb t\u00eb nevojshme nd\u00ebrhyrje kirurgjikale p\u00ebr rikthim. K\u00ebto nd\u00ebrhyrje kirurgjikale duhet t\u00eb kryhen nga kirurg\u00eb me p\u00ebrvoj\u00eb.<\/li>\n<\/ul>\n<strong>Ndjekja dhe Mb\u00ebshtetja<\/strong>\n<ul>\n \t<li>Pacient\u00ebt q\u00eb i n\u00ebnshtrohen gastrektomis\u00eb s\u00eb m\u00ebng\u00ebs ndiqen gjat\u00eb gjith\u00eb jet\u00ebs nga nj\u00eb ekip obeziteti. Kjo qasje \u00ebsht\u00eb e r\u00ebnd\u00ebsishme p\u00ebr mbrojtjen e sh\u00ebndetit t\u00eb pacientit dhe nd\u00ebrhyrjen kur \u00ebsht\u00eb e nevojshme.<\/li>\n<\/ul>\nKirurgjia &quot;m\u00ebng\u00eb gastrike&quot; \u00ebsht\u00eb nj\u00eb mund\u00ebsi efektive p\u00ebr menaxhimin e pesh\u00ebs dhe luftimin e obezitetit, por pacient\u00ebt k\u00ebrkojn\u00eb ndjekje dhe mb\u00ebshtetje t\u00eb rregullt para dhe pas operacionit.\t\t\t\t\t\t\t\t<\/div>\n\t\t\t\t<\/div>\n\t\t\t\t\t<\/div>\n\t\t<\/div>\n\t\t\t\t\t<\/div>\n\t\t<\/section>\n\t\t\t\t<\/div>","protected":false},"excerpt":{"rendered":"<p>Gastric Sleeve Hastanede Kal\u0131\u015f S\u00fcresi: 3 G\u00fcn Operasyon S\u00fcresi: 6-8 Saat Anestezi: Genel \u0130yile\u015fme S\u00fcresi: 1-3 Ay Hemen Randevu Al\u0131n T\u00fcp Mide Ameliyat\u0131 Nedir? G\u00fcn\u00fcm\u00fczde yayg\u0131n olarak uygulanan cerrahi giri\u015fimlerden biri olan t\u00fcp mide ameliyat\u0131, &#8220;mide k\u00fc\u00e7\u00fcltme ameliyat\u0131&#8221; olarak bilinir. Bu ameliyat, obezite tedavisinde etkili sonu\u00e7lar sa\u011flar. Ameliyat S\u00fcreci Mide \u015eeklinin De\u011fi\u015fimi: T\u00fcp mide ameliyat\u0131nda, [&hellip;]<\/p>\n","protected":false},"author":2,"featured_media":0,"parent":0,"menu_order":0,"comment_status":"closed","ping_status":"closed","template":"","meta":{"postBodyMargin":[],"postBodyPadding":[],"postBodyBackground":{"backgroundType":"classic","gradient":""},"footnotes":""},"class_list":["post-13594","page","type-page","status-publish","hentry"],"_links":{"self":[{"href":"https:\/\/seldacenter.com\/sq\/wp-json\/wp\/v2\/pages\/13594","targetHints":{"allow":["GET"]}}],"collection":[{"href":"https:\/\/seldacenter.com\/sq\/wp-json\/wp\/v2\/pages"}],"about":[{"href":"https:\/\/seldacenter.com\/sq\/wp-json\/wp\/v2\/types\/page"}],"author":[{"embeddable":true,"href":"https:\/\/seldacenter.com\/sq\/wp-json\/wp\/v2\/users\/2"}],"replies":[{"embeddable":true,"href":"https:\/\/seldacenter.com\/sq\/wp-json\/wp\/v2\/comments?post=13594"}],"version-history":[{"count":13,"href":"https:\/\/seldacenter.com\/sq\/wp-json\/wp\/v2\/pages\/13594\/revisions"}],"predecessor-version":[{"id":14231,"href":"https:\/\/seldacenter.com\/sq\/wp-json\/wp\/v2\/pages\/13594\/revisions\/14231"}],"wp:attachment":[{"href":"https:\/\/seldacenter.com\/sq\/wp-json\/wp\/v2\/media?parent=13594"}],"curies":[{"name":"wp","href":"https:\/\/api.w.org\/{rel}","templated":true}]}}