{"id":13592,"date":"2024-02-17T18:50:53","date_gmt":"2024-02-17T18:50:53","guid":{"rendered":"https:\/\/seldacenter.com\/yeniyapi\/?page_id=13592"},"modified":"2024-03-02T02:04:21","modified_gmt":"2024-03-02T02:04:21","slug":"mide-balonu-tedavisi","status":"publish","type":"page","link":"https:\/\/seldacenter.com\/sq\/mide-balonu-tedavisi\/","title":{"rendered":"Trajtim me balon\u00eb gastrik"},"content":{"rendered":"<div data-elementor-type=\"wp-page\" data-elementor-id=\"13592\" class=\"elementor elementor-13592\" data-elementor-post-type=\"page\">\n\t\t\t\t\t\t<section class=\"elementor-section elementor-top-section elementor-element elementor-element-bc3bb02 elementor-section-boxed elementor-section-height-default elementor-section-height-default\" data-id=\"bc3bb02\" data-element_type=\"section\">\n\t\t\t\t\t\t<div class=\"elementor-container elementor-column-gap-default\">\n\t\t\t\t\t<div class=\"elementor-column elementor-col-50 elementor-top-column elementor-element elementor-element-42986ce\" data-id=\"42986ce\" data-element_type=\"column\" data-settings=\"{&quot;background_background&quot;:&quot;classic&quot;}\">\n\t\t\t<div class=\"elementor-widget-wrap elementor-element-populated\">\n\t\t\t\t\t\t<div class=\"elementor-element elementor-element-ad6b78a elementor-widget elementor-widget-image\" data-id=\"ad6b78a\" data-element_type=\"widget\" data-widget_type=\"image.default\">\n\t\t\t\t<div class=\"elementor-widget-container\">\n\t\t\t\t\t\t\t\t\t\t\t\t\t\t\t<img fetchpriority=\"high\" decoding=\"async\" width=\"996\" height=\"664\" src=\"https:\/\/seldacenter.com\/wp-content\/uploads\/2024\/03\/young-woman-with-beautiful-body-measure-tape_1150-14455.jpg\" class=\"attachment-full size-full wp-image-14236\" alt=\"\" srcset=\"https:\/\/seldacenter.com\/wp-content\/uploads\/2024\/03\/young-woman-with-beautiful-body-measure-tape_1150-14455.jpg 996w, https:\/\/seldacenter.com\/wp-content\/uploads\/2024\/03\/young-woman-with-beautiful-body-measure-tape_1150-14455-600x400.jpg 600w, https:\/\/seldacenter.com\/wp-content\/uploads\/2024\/03\/young-woman-with-beautiful-body-measure-tape_1150-14455-300x200.jpg 300w, https:\/\/seldacenter.com\/wp-content\/uploads\/2024\/03\/young-woman-with-beautiful-body-measure-tape_1150-14455-768x512.jpg 768w\" sizes=\"(max-width: 996px) 100vw, 996px\" \/>\t\t\t\t\t\t\t\t\t\t\t\t\t\t\t<\/div>\n\t\t\t\t<\/div>\n\t\t\t\t\t<\/div>\n\t\t<\/div>\n\t\t\t\t<div class=\"elementor-column elementor-col-50 elementor-top-column elementor-element elementor-element-4932214\" data-id=\"4932214\" data-element_type=\"column\">\n\t\t\t<div class=\"elementor-widget-wrap elementor-element-populated\">\n\t\t\t\t\t\t<div class=\"elementor-element elementor-element-7aefc33 elementor-widget-divider--view-line_text elementor-widget-divider--element-align-left elementor-widget elementor-widget-divider\" data-id=\"7aefc33\" data-element_type=\"widget\" data-widget_type=\"divider.default\">\n\t\t\t\t<div class=\"elementor-widget-container\">\n\t\t\t\t\t\t\t<div class=\"elementor-divider\">\n\t\t\t<span class=\"elementor-divider-separator\">\n\t\t\t\t\t\t\t<h3 class=\"elementor-divider__text elementor-divider__element\">\n\t\t\t\tTrajtim me balon\u00eb gastrik\t\t\t\t<\/h3>\n\t\t\t\t\t\t<\/span>\n\t\t<\/div>\n\t\t\t\t\t\t<\/div>\n\t\t\t\t<\/div>\n\t\t\t\t<div class=\"elementor-element elementor-element-cdab09f elementor-align-left elementor-icon-list--layout-traditional elementor-list-item-link-full_width elementor-widget elementor-widget-icon-list\" data-id=\"cdab09f\" data-element_type=\"widget\" data-widget_type=\"icon-list.default\">\n\t\t\t\t<div class=\"elementor-widget-container\">\n\t\t\t\t\t\t\t<ul class=\"elementor-icon-list-items\">\n\t\t\t\t\t\t\t<li class=\"elementor-icon-list-item\">\n\t\t\t\t\t\t\t\t\t\t\t<span class=\"elementor-icon-list-icon\">\n\t\t\t\t\t\t\t<svg aria-hidden=\"true\" class=\"e-font-icon-svg e-far-hospital\" viewbox=\"0 0 448 512\" xmlns=\"http:\/\/www.w3.org\/2000\/svg\"><path d=\"M128 244v-40c0-6.627 5.373-12 12-12h40c6.627 0 12 5.373 12 12v40c0 6.627-5.373 12-12 12h-40c-6.627 0-12-5.373-12-12zm140 12h40c6.627 0 12-5.373 12-12v-40c0-6.627-5.373-12-12-12h-40c-6.627 0-12 5.373-12 12v40c0 6.627 5.373 12 12 12zm-76 84v-40c0-6.627-5.373-12-12-12h-40c-6.627 0-12 5.373-12 12v40c0 6.627 5.373 12 12 12h40c6.627 0 12-5.373 12-12zm76 12h40c6.627 0 12-5.373 12-12v-40c0-6.627-5.373-12-12-12h-40c-6.627 0-12 5.373-12 12v40c0 6.627 5.373 12 12 12zm180 124v36H0v-36c0-6.627 5.373-12 12-12h19.5V85.035C31.5 73.418 42.245 64 55.5 64H144V24c0-13.255 10.745-24 24-24h112c13.255 0 24 10.745 24 24v40h88.5c13.255 0 24 9.418 24 21.035V464H436c6.627 0 12 5.373 12 12zM79.5 463H192v-67c0-6.627 5.373-12 12-12h40c6.627 0 12 5.373 12 12v67h112.5V112H304v24c0 13.255-10.745 24-24 24H168c-13.255 0-24-10.745-24-24v-24H79.5v351zM266 64h-26V38a6 6 0 0 0-6-6h-20a6 6 0 0 0-6 6v26h-26a6 6 0 0 0-6 6v20a6 6 0 0 0 6 6h26v26a6 6 0 0 0 6 6h20a6 6 0 0 0 6-6V96h26a6 6 0 0 0 6-6V70a6 6 0 0 0-6-6z\"><\/path><\/svg>\t\t\t\t\t\t<\/span>\n\t\t\t\t\t\t\t\t\t\t<span class=\"elementor-icon-list-text\">Q\u00ebndrimi n\u00eb spital: Nuk k\u00ebrkohet<\/span>\n\t\t\t\t\t\t\t\t\t<\/li>\n\t\t\t\t\t\t\t\t<li class=\"elementor-icon-list-item\">\n\t\t\t\t\t\t\t\t\t\t\t<span class=\"elementor-icon-list-icon\">\n\t\t\t\t\t\t\t<svg aria-hidden=\"true\" class=\"e-font-icon-svg e-far-clock\" viewbox=\"0 0 512 512\" xmlns=\"http:\/\/www.w3.org\/2000\/svg\"><path d=\"M256 8C119 8 8 119 8 256s111 248 248 248 248-111 248-248S393 8 256 8zm0 448c-110.5 0-200-89.5-200-200S145.5 56 256 56s200 89.5 200 200-89.5 200-200 200zm61.8-104.4l-84.9-61.7c-3.1-2.3-4.9-5.9-4.9-9.7V116c0-6.6 5.4-12 12-12h32c6.6 0 12 5.4 12 12v141.7l66.8 48.6c5.4 3.9 6.5 11.4 2.6 16.8L334.6 349c-3.9 5.3-11.4 6.5-16.8 2.6z\"><\/path><\/svg>\t\t\t\t\t\t<\/span>\n\t\t\t\t\t\t\t\t\t\t<span class=\"elementor-icon-list-text\">Koha e Funksionimit: 1 Or\u00eb<\/span>\n\t\t\t\t\t\t\t\t\t<\/li>\n\t\t\t\t\t\t\t\t<li class=\"elementor-icon-list-item\">\n\t\t\t\t\t\t\t\t\t\t\t<span class=\"elementor-icon-list-icon\">\n\t\t\t\t\t\t\t<svg aria-hidden=\"true\" class=\"e-font-icon-svg e-fas-syringe\" viewbox=\"0 0 512 512\" xmlns=\"http:\/\/www.w3.org\/2000\/svg\"><path d=\"M201.5 174.8l55.7 55.8c3.1 3.1 3.1 8.2 0 11.3l-11.3 11.3c-3.1 3.1-8.2 3.1-11.3 0l-55.7-55.8-45.3 45.3 55.8 55.8c3.1 3.1 3.1 8.2 0 11.3l-11.3 11.3c-3.1 3.1-8.2 3.1-11.3 0L111 265.2l-26.4 26.4c-17.3 17.3-25.6 41.1-23 65.4l7.1 63.6L2.3 487c-3.1 3.1-3.1 8.2 0 11.3l11.3 11.3c3.1 3.1 8.2 3.1 11.3 0l66.3-66.3 63.6 7.1c23.9 2.6 47.9-5.4 65.4-23l181.9-181.9-135.7-135.7-64.9 65zm308.2-93.3L430.5 2.3c-3.1-3.1-8.2-3.1-11.3 0l-11.3 11.3c-3.1 3.1-3.1 8.2 0 11.3l28.3 28.3-45.3 45.3-56.6-56.6-17-17c-3.1-3.1-8.2-3.1-11.3 0l-33.9 33.9c-3.1 3.1-3.1 8.2 0 11.3l17 17L424.8 223l17 17c3.1 3.1 8.2 3.1 11.3 0l33.9-34c3.1-3.1 3.1-8.2 0-11.3l-73.5-73.5 45.3-45.3 28.3 28.3c3.1 3.1 8.2 3.1 11.3 0l11.3-11.3c3.1-3.2 3.1-8.2 0-11.4z\"><\/path><\/svg>\t\t\t\t\t\t<\/span>\n\t\t\t\t\t\t\t\t\t\t<span class=\"elementor-icon-list-text\">Anestezi: Nuk k\u00ebrkohet<\/span>\n\t\t\t\t\t\t\t\t\t<\/li>\n\t\t\t\t\t\t\t\t<li class=\"elementor-icon-list-item\">\n\t\t\t\t\t\t\t\t\t\t\t<span class=\"elementor-icon-list-icon\">\n\t\t\t\t\t\t\t<svg aria-hidden=\"true\" class=\"e-font-icon-svg e-far-heart\" viewbox=\"0 0 512 512\" xmlns=\"http:\/\/www.w3.org\/2000\/svg\"><path d=\"M458.4 64.3C400.6 15.7 311.3 23 256 79.3 200.7 23 111.4 15.6 53.6 64.3-21.6 127.6-10.6 230.8 43 285.5l175.4 178.7c10 10.2 23.4 15.9 37.6 15.9 14.3 0 27.6-5.6 37.6-15.8L469 285.6c53.5-54.7 64.7-157.9-10.6-221.3zm-23.6 187.5L259.4 430.5c-2.4 2.4-4.4 2.4-6.8 0L77.2 251.8c-36.5-37.2-43.9-107.6 7.3-150.7 38.9-32.7 98.9-27.8 136.5 10.5l35 35.7 35-35.7c37.8-38.5 97.8-43.2 136.5-10.6 51.1 43.1 43.5 113.9 7.3 150.8z\"><\/path><\/svg>\t\t\t\t\t\t<\/span>\n\t\t\t\t\t\t\t\t\t\t<span class=\"elementor-icon-list-text\">Koha e Rim\u00ebk\u00ebmbjes: 6-12 Muaj<\/span>\n\t\t\t\t\t\t\t\t\t<\/li>\n\t\t\t\t\t\t<\/ul>\n\t\t\t\t\t\t<\/div>\n\t\t\t\t<\/div>\n\t\t\t\t<div class=\"elementor-element elementor-element-de613ed elementor-align-justify elementor-widget elementor-widget-button\" data-id=\"de613ed\" data-element_type=\"widget\" data-widget_type=\"button.default\">\n\t\t\t\t<div class=\"elementor-widget-container\">\n\t\t\t\t\t\t\t\t\t<div class=\"elementor-button-wrapper\">\n\t\t\t\t\t<a class=\"elementor-button elementor-button-link elementor-size-sm elementor-animation-buzz\" href=\"https:\/\/seldacenter.com\/sq\/\">\n\t\t\t\t\t\t<span class=\"elementor-button-content-wrapper\">\n\t\t\t\t\t\t\t\t\t<span class=\"elementor-button-text\">Rezervoni nj\u00eb takim tani<\/span>\n\t\t\t\t\t<\/span>\n\t\t\t\t\t<\/a>\n\t\t\t\t<\/div>\n\t\t\t\t\t\t\t\t<\/div>\n\t\t\t\t<\/div>\n\t\t\t\t\t<\/div>\n\t\t<\/div>\n\t\t\t\t\t<\/div>\n\t\t<\/section>\n\t\t\t\t<section class=\"elementor-section elementor-top-section elementor-element elementor-element-3065fefe elementor-section-boxed elementor-section-height-default elementor-section-height-default\" data-id=\"3065fefe\" data-element_type=\"section\">\n\t\t\t\t\t\t<div class=\"elementor-container elementor-column-gap-default\">\n\t\t\t\t\t<div class=\"elementor-column elementor-col-100 elementor-top-column elementor-element elementor-element-24a9fc5c\" data-id=\"24a9fc5c\" data-element_type=\"column\">\n\t\t\t<div class=\"elementor-widget-wrap elementor-element-populated\">\n\t\t\t\t\t\t<div class=\"elementor-element elementor-element-53a98bba elementor-widget elementor-widget-text-editor\" data-id=\"53a98bba\" data-element_type=\"widget\" data-widget_type=\"text-editor.default\">\n\t\t\t\t<div class=\"elementor-widget-container\">\n\t\t\t\t\t\t\t\t\tBalonat gastrike jan\u00eb nj\u00eb metod\u00eb efektive q\u00eb ofron mund\u00ebsi t\u00eb ndryshme p\u00ebr kontrollin e pesh\u00ebs dhe menaxhimin e obezitetit. Llojet e balonave gastrike si Elipse, Medsil dhe Orbera u ofrojn\u00eb p\u00ebrdoruesve mund\u00ebsi trajtimi t\u00eb personalizuara dhe t\u00eb p\u00ebrshtatshme. Ja informacioni i detajuar rreth k\u00ebtyre llojeve t\u00eb balonave gastrike:\n\n<strong>1. Balon gastrik elips<\/strong>\n\n<strong>Balon gastrik me elips\u00eb,<\/strong> Ky \u00ebsht\u00eb nj\u00eb lloj baloni gastrik q\u00eb mund t\u00eb g\u00eblltitet me uj\u00eb. I prodhuar duke p\u00ebrdorur teknologji t\u00eb lart\u00eb, ky balon p\u00ebrgatitet duke e kompresuar at\u00eb n\u00eb form\u00eb kapsule. Endoskopia dhe anestezia nuk k\u00ebrkohen p\u00ebr futje. Baloni gastrik Elipse nuk k\u00ebrkon heqje dhe gjasat e efekteve an\u00ebsore jan\u00eb jasht\u00ebzakonisht t\u00eb ul\u00ebta. Duke q\u00ebndruar n\u00eb stomak p\u00ebr 4 muaj, baloni zbrazet spontanisht dhe nxirret jasht\u00eb trupit n\u00eb fund t\u00eb afatit t\u00eb tij. Mund t\u00eb implantohet tek individ\u00ebt me nj\u00eb BMI midis 27-40, t\u00eb mosh\u00ebs 18-65 vje\u00e7. Me k\u00ebt\u00eb balon\u00eb, \u00ebsht\u00eb e mundur nj\u00eb humbje peshe prej 15-20 kg n\u00eb 4 muaj.\n\n<strong>2. Baloni gastrik Medsil<\/strong>\n\n<strong>Baloni gastrik Medsil,<\/strong> Nj\u00eb balon gastrik \u00ebsht\u00eb nj\u00eb balon q\u00eb futet me an\u00eb t\u00eb endoskopis\u00eb dhe lihet n\u00eb stomak p\u00ebr 6 muaj. \u00cbsht\u00eb ideal p\u00ebr individ\u00ebt me nj\u00eb Indeks t\u00eb Mas\u00ebs Trupore (BMI) midis 27 dhe 40. Nj\u00eb humbje peshe prej 15-20 kg mund t\u00eb arrihet brenda periudh\u00ebs 6-mujore. P\u00ebr shkak t\u00eb futjes dhe heqjes s\u00eb tij endoskopike, mund t\u00eb shfaqen disa shqet\u00ebsime gjat\u00eb periudh\u00ebs s\u00eb p\u00ebrshtatjes. Megjithat\u00eb, baloni gastrik 6-mujor \u00ebsht\u00eb nj\u00eb opsion m\u00eb i p\u00ebrballuesh\u00ebm, duke e b\u00ebr\u00eb at\u00eb nj\u00eb zgjedhje t\u00eb preferuar p\u00ebr pacient\u00ebt q\u00eb duhet t\u00eb humbin m\u00eb pak pesh\u00eb.\n\n<strong>3. Baloni gastrik Orbera<\/strong>\n\n<strong>Baloni gastrik Orbera,<\/strong> Nj\u00eb balon gastrik \u00ebsht\u00eb nj\u00eb balon q\u00eb futet dhe hiqet endoskopikisht dhe mbetet n\u00eb stomak p\u00ebr 12 muaj. \u00cbsht\u00eb i p\u00ebrshtatsh\u00ebm p\u00ebr pacient\u00ebt me nj\u00eb Indeks t\u00eb Mas\u00ebs Trupore (BMI) mbi 27, por edhe m\u00eb ideal p\u00ebr ata me nj\u00eb BMI mbi 30. Nj\u00eb humbje peshe prej 20-30 kg mund t\u00eb arrihet gjat\u00eb periudh\u00ebs nj\u00ebvje\u00e7are t\u00eb balon\u00ebs. K\u00ebto lloje balonash gastrik ofrojn\u00eb avantazhe t\u00eb ndryshme p\u00ebr p\u00ebrdoruesit e tyre. Megjithat\u00eb, \u00ebsht\u00eb e r\u00ebnd\u00ebsishme t\u00eb konsultoheni me nj\u00eb profesionist t\u00eb kujdesit sh\u00ebndet\u00ebsor n\u00eb lidhje me llojin e balon\u00ebs gastrik q\u00eb duhet t\u00eb zgjidhni. P\u00ebrzgjedhja ideale e balon\u00ebs gastrik duhet t\u00eb p\u00ebrcaktohet bazuar n\u00eb gjendjen sh\u00ebndet\u00ebsore t\u00eb individit, sasin\u00eb e synuar t\u00eb humbjes s\u00eb pesh\u00ebs dhe preferencat personale.\t\t\t\t\t\t\t\t<\/div>\n\t\t\t\t<\/div>\n\t\t\t\t\t<\/div>\n\t\t<\/div>\n\t\t\t\t\t<\/div>\n\t\t<\/section>\n\t\t\t\t<\/div>","protected":false},"excerpt":{"rendered":"<p>Mide Balonu Tedavisi Hastanede Kal\u0131\u015f S\u00fcresi: Gerekli De\u011fil Operasyon S\u00fcresi: 1 Saat Anestezi: Gerekli De\u011fil \u0130yile\u015fme S\u00fcresi: 6-12 Ay Hemen Randevu Al\u0131n Mide balonu, kilo kontrol\u00fc ve obezite y\u00f6netiminde farkl\u0131 se\u00e7enekler sunan etkili bir y\u00f6ntemdir. Elipse, Medsil ve Orbera gibi mide balonu \u00e7e\u015fitleri, kullan\u0131c\u0131lar\u0131na ki\u015fiselle\u015ftirilmi\u015f ve uygun tedavi se\u00e7enekleri sunar. \u0130\u015fte bu mide balonu \u00e7e\u015fitleri [&hellip;]<\/p>\n","protected":false},"author":2,"featured_media":0,"parent":0,"menu_order":0,"comment_status":"closed","ping_status":"closed","template":"","meta":{"postBodyMargin":[],"postBodyPadding":[],"postBodyBackground":{"backgroundType":"classic","gradient":""},"footnotes":""},"class_list":["post-13592","page","type-page","status-publish","hentry"],"_links":{"self":[{"href":"https:\/\/seldacenter.com\/sq\/wp-json\/wp\/v2\/pages\/13592","targetHints":{"allow":["GET"]}}],"collection":[{"href":"https:\/\/seldacenter.com\/sq\/wp-json\/wp\/v2\/pages"}],"about":[{"href":"https:\/\/seldacenter.com\/sq\/wp-json\/wp\/v2\/types\/page"}],"author":[{"embeddable":true,"href":"https:\/\/seldacenter.com\/sq\/wp-json\/wp\/v2\/users\/2"}],"replies":[{"embeddable":true,"href":"https:\/\/seldacenter.com\/sq\/wp-json\/wp\/v2\/comments?post=13592"}],"version-history":[{"count":13,"href":"https:\/\/seldacenter.com\/sq\/wp-json\/wp\/v2\/pages\/13592\/revisions"}],"predecessor-version":[{"id":14239,"href":"https:\/\/seldacenter.com\/sq\/wp-json\/wp\/v2\/pages\/13592\/revisions\/14239"}],"wp:attachment":[{"href":"https:\/\/seldacenter.com\/sq\/wp-json\/wp\/v2\/media?parent=13592"}],"curies":[{"name":"wp","href":"https:\/\/api.w.org\/{rel}","templated":true}]}}