{"id":13590,"date":"2024-02-17T18:49:52","date_gmt":"2024-02-17T18:49:52","guid":{"rendered":"https:\/\/seldacenter.com\/yeniyapi\/?page_id=13590"},"modified":"2024-03-02T02:30:14","modified_gmt":"2024-03-02T02:30:14","slug":"yuz-prp","status":"publish","type":"page","link":"https:\/\/seldacenter.com\/sq\/yuz-prp\/","title":{"rendered":"PRP p\u00ebr fytyr\u00ebn"},"content":{"rendered":"<div data-elementor-type=\"wp-page\" data-elementor-id=\"13590\" class=\"elementor elementor-13590\" data-elementor-post-type=\"page\">\n\t\t\t\t\t\t<section class=\"elementor-section elementor-top-section elementor-element elementor-element-a323fd0 elementor-section-boxed elementor-section-height-default elementor-section-height-default\" data-id=\"a323fd0\" data-element_type=\"section\">\n\t\t\t\t\t\t<div class=\"elementor-container elementor-column-gap-default\">\n\t\t\t\t\t<div class=\"elementor-column elementor-col-50 elementor-top-column elementor-element elementor-element-0f16831\" data-id=\"0f16831\" data-element_type=\"column\" data-settings=\"{&quot;background_background&quot;:&quot;classic&quot;}\">\n\t\t\t<div class=\"elementor-widget-wrap elementor-element-populated\">\n\t\t\t\t\t\t<div class=\"elementor-element elementor-element-a3d2a81 elementor-widget elementor-widget-image\" data-id=\"a3d2a81\" data-element_type=\"widget\" data-widget_type=\"image.default\">\n\t\t\t\t<div class=\"elementor-widget-container\">\n\t\t\t\t\t\t\t\t\t\t\t\t\t\t\t<img fetchpriority=\"high\" decoding=\"async\" width=\"996\" height=\"664\" src=\"https:\/\/seldacenter.com\/wp-content\/uploads\/2024\/03\/close-up-doctor-checking-patient_23-2149103552.jpg\" class=\"attachment-full size-full wp-image-14264\" alt=\"\" srcset=\"https:\/\/seldacenter.com\/wp-content\/uploads\/2024\/03\/close-up-doctor-checking-patient_23-2149103552.jpg 996w, https:\/\/seldacenter.com\/wp-content\/uploads\/2024\/03\/close-up-doctor-checking-patient_23-2149103552-600x400.jpg 600w, https:\/\/seldacenter.com\/wp-content\/uploads\/2024\/03\/close-up-doctor-checking-patient_23-2149103552-300x200.jpg 300w, https:\/\/seldacenter.com\/wp-content\/uploads\/2024\/03\/close-up-doctor-checking-patient_23-2149103552-768x512.jpg 768w\" sizes=\"(max-width: 996px) 100vw, 996px\" \/>\t\t\t\t\t\t\t\t\t\t\t\t\t\t\t<\/div>\n\t\t\t\t<\/div>\n\t\t\t\t\t<\/div>\n\t\t<\/div>\n\t\t\t\t<div class=\"elementor-column elementor-col-50 elementor-top-column elementor-element elementor-element-99dcb46\" data-id=\"99dcb46\" data-element_type=\"column\">\n\t\t\t<div class=\"elementor-widget-wrap elementor-element-populated\">\n\t\t\t\t\t\t<div class=\"elementor-element elementor-element-dace4bc elementor-widget-divider--view-line_text elementor-widget-divider--element-align-left elementor-widget elementor-widget-divider\" data-id=\"dace4bc\" data-element_type=\"widget\" data-widget_type=\"divider.default\">\n\t\t\t\t<div class=\"elementor-widget-container\">\n\t\t\t\t\t\t\t<div class=\"elementor-divider\">\n\t\t\t<span class=\"elementor-divider-separator\">\n\t\t\t\t\t\t\t<h3 class=\"elementor-divider__text elementor-divider__element\">\n\t\t\t\tTrajtim PRP p\u00ebr fytyr\u00ebn\t\t\t\t<\/h3>\n\t\t\t\t\t\t<\/span>\n\t\t<\/div>\n\t\t\t\t\t\t<\/div>\n\t\t\t\t<\/div>\n\t\t\t\t<div class=\"elementor-element elementor-element-a21051c elementor-align-left elementor-icon-list--layout-traditional elementor-list-item-link-full_width elementor-widget elementor-widget-icon-list\" data-id=\"a21051c\" data-element_type=\"widget\" data-widget_type=\"icon-list.default\">\n\t\t\t\t<div class=\"elementor-widget-container\">\n\t\t\t\t\t\t\t<ul class=\"elementor-icon-list-items\">\n\t\t\t\t\t\t\t<li class=\"elementor-icon-list-item\">\n\t\t\t\t\t\t\t\t\t\t\t<span class=\"elementor-icon-list-icon\">\n\t\t\t\t\t\t\t<svg aria-hidden=\"true\" class=\"e-font-icon-svg e-far-hospital\" viewbox=\"0 0 448 512\" xmlns=\"http:\/\/www.w3.org\/2000\/svg\"><path d=\"M128 244v-40c0-6.627 5.373-12 12-12h40c6.627 0 12 5.373 12 12v40c0 6.627-5.373 12-12 12h-40c-6.627 0-12-5.373-12-12zm140 12h40c6.627 0 12-5.373 12-12v-40c0-6.627-5.373-12-12-12h-40c-6.627 0-12 5.373-12 12v40c0 6.627 5.373 12 12 12zm-76 84v-40c0-6.627-5.373-12-12-12h-40c-6.627 0-12 5.373-12 12v40c0 6.627 5.373 12 12 12h40c6.627 0 12-5.373 12-12zm76 12h40c6.627 0 12-5.373 12-12v-40c0-6.627-5.373-12-12-12h-40c-6.627 0-12 5.373-12 12v40c0 6.627 5.373 12 12 12zm180 124v36H0v-36c0-6.627 5.373-12 12-12h19.5V85.035C31.5 73.418 42.245 64 55.5 64H144V24c0-13.255 10.745-24 24-24h112c13.255 0 24 10.745 24 24v40h88.5c13.255 0 24 9.418 24 21.035V464H436c6.627 0 12 5.373 12 12zM79.5 463H192v-67c0-6.627 5.373-12 12-12h40c6.627 0 12 5.373 12 12v67h112.5V112H304v24c0 13.255-10.745 24-24 24H168c-13.255 0-24-10.745-24-24v-24H79.5v351zM266 64h-26V38a6 6 0 0 0-6-6h-20a6 6 0 0 0-6 6v26h-26a6 6 0 0 0-6 6v20a6 6 0 0 0 6 6h26v26a6 6 0 0 0 6 6h20a6 6 0 0 0 6-6V96h26a6 6 0 0 0 6-6V70a6 6 0 0 0-6-6z\"><\/path><\/svg>\t\t\t\t\t\t<\/span>\n\t\t\t\t\t\t\t\t\t\t<span class=\"elementor-icon-list-text\">Q\u00ebndrimi n\u00eb spital: Nuk k\u00ebrkohet<\/span>\n\t\t\t\t\t\t\t\t\t<\/li>\n\t\t\t\t\t\t\t\t<li class=\"elementor-icon-list-item\">\n\t\t\t\t\t\t\t\t\t\t\t<span class=\"elementor-icon-list-icon\">\n\t\t\t\t\t\t\t<svg aria-hidden=\"true\" class=\"e-font-icon-svg e-far-clock\" viewbox=\"0 0 512 512\" xmlns=\"http:\/\/www.w3.org\/2000\/svg\"><path d=\"M256 8C119 8 8 119 8 256s111 248 248 248 248-111 248-248S393 8 256 8zm0 448c-110.5 0-200-89.5-200-200S145.5 56 256 56s200 89.5 200 200-89.5 200-200 200zm61.8-104.4l-84.9-61.7c-3.1-2.3-4.9-5.9-4.9-9.7V116c0-6.6 5.4-12 12-12h32c6.6 0 12 5.4 12 12v141.7l66.8 48.6c5.4 3.9 6.5 11.4 2.6 16.8L334.6 349c-3.9 5.3-11.4 6.5-16.8 2.6z\"><\/path><\/svg>\t\t\t\t\t\t<\/span>\n\t\t\t\t\t\t\t\t\t\t<span class=\"elementor-icon-list-text\">Koha e Funksionimit: 40 Minuta<\/span>\n\t\t\t\t\t\t\t\t\t<\/li>\n\t\t\t\t\t\t\t\t<li class=\"elementor-icon-list-item\">\n\t\t\t\t\t\t\t\t\t\t\t<span class=\"elementor-icon-list-icon\">\n\t\t\t\t\t\t\t<svg aria-hidden=\"true\" class=\"e-font-icon-svg e-fas-syringe\" viewbox=\"0 0 512 512\" xmlns=\"http:\/\/www.w3.org\/2000\/svg\"><path d=\"M201.5 174.8l55.7 55.8c3.1 3.1 3.1 8.2 0 11.3l-11.3 11.3c-3.1 3.1-8.2 3.1-11.3 0l-55.7-55.8-45.3 45.3 55.8 55.8c3.1 3.1 3.1 8.2 0 11.3l-11.3 11.3c-3.1 3.1-8.2 3.1-11.3 0L111 265.2l-26.4 26.4c-17.3 17.3-25.6 41.1-23 65.4l7.1 63.6L2.3 487c-3.1 3.1-3.1 8.2 0 11.3l11.3 11.3c3.1 3.1 8.2 3.1 11.3 0l66.3-66.3 63.6 7.1c23.9 2.6 47.9-5.4 65.4-23l181.9-181.9-135.7-135.7-64.9 65zm308.2-93.3L430.5 2.3c-3.1-3.1-8.2-3.1-11.3 0l-11.3 11.3c-3.1 3.1-3.1 8.2 0 11.3l28.3 28.3-45.3 45.3-56.6-56.6-17-17c-3.1-3.1-8.2-3.1-11.3 0l-33.9 33.9c-3.1 3.1-3.1 8.2 0 11.3l17 17L424.8 223l17 17c3.1 3.1 8.2 3.1 11.3 0l33.9-34c3.1-3.1 3.1-8.2 0-11.3l-73.5-73.5 45.3-45.3 28.3 28.3c3.1 3.1 8.2 3.1 11.3 0l11.3-11.3c3.1-3.2 3.1-8.2 0-11.4z\"><\/path><\/svg>\t\t\t\t\t\t<\/span>\n\t\t\t\t\t\t\t\t\t\t<span class=\"elementor-icon-list-text\">Anestezi: Nuk k\u00ebrkohet<\/span>\n\t\t\t\t\t\t\t\t\t<\/li>\n\t\t\t\t\t\t\t\t<li class=\"elementor-icon-list-item\">\n\t\t\t\t\t\t\t\t\t\t\t<span class=\"elementor-icon-list-icon\">\n\t\t\t\t\t\t\t<svg aria-hidden=\"true\" class=\"e-font-icon-svg e-far-heart\" viewbox=\"0 0 512 512\" xmlns=\"http:\/\/www.w3.org\/2000\/svg\"><path d=\"M458.4 64.3C400.6 15.7 311.3 23 256 79.3 200.7 23 111.4 15.6 53.6 64.3-21.6 127.6-10.6 230.8 43 285.5l175.4 178.7c10 10.2 23.4 15.9 37.6 15.9 14.3 0 27.6-5.6 37.6-15.8L469 285.6c53.5-54.7 64.7-157.9-10.6-221.3zm-23.6 187.5L259.4 430.5c-2.4 2.4-4.4 2.4-6.8 0L77.2 251.8c-36.5-37.2-43.9-107.6 7.3-150.7 38.9-32.7 98.9-27.8 136.5 10.5l35 35.7 35-35.7c37.8-38.5 97.8-43.2 136.5-10.6 51.1 43.1 43.5 113.9 7.3 150.8z\"><\/path><\/svg>\t\t\t\t\t\t<\/span>\n\t\t\t\t\t\t\t\t\t\t<span class=\"elementor-icon-list-text\">Koha e Rim\u00ebk\u00ebmbjes: I menj\u00ebhersh\u00ebm<\/span>\n\t\t\t\t\t\t\t\t\t<\/li>\n\t\t\t\t\t\t<\/ul>\n\t\t\t\t\t\t<\/div>\n\t\t\t\t<\/div>\n\t\t\t\t<div class=\"elementor-element elementor-element-6510383 elementor-align-justify elementor-widget elementor-widget-button\" data-id=\"6510383\" data-element_type=\"widget\" data-widget_type=\"button.default\">\n\t\t\t\t<div class=\"elementor-widget-container\">\n\t\t\t\t\t\t\t\t\t<div class=\"elementor-button-wrapper\">\n\t\t\t\t\t<a class=\"elementor-button elementor-button-link elementor-size-sm elementor-animation-buzz\" href=\"https:\/\/seldacenter.com\/sq\/\">\n\t\t\t\t\t\t<span class=\"elementor-button-content-wrapper\">\n\t\t\t\t\t\t\t\t\t<span class=\"elementor-button-text\">Rezervoni nj\u00eb takim tani<\/span>\n\t\t\t\t\t<\/span>\n\t\t\t\t\t<\/a>\n\t\t\t\t<\/div>\n\t\t\t\t\t\t\t\t<\/div>\n\t\t\t\t<\/div>\n\t\t\t\t\t<\/div>\n\t\t<\/div>\n\t\t\t\t\t<\/div>\n\t\t<\/section>\n\t\t\t\t<section class=\"elementor-section elementor-top-section elementor-element elementor-element-4d0e101e elementor-section-boxed elementor-section-height-default elementor-section-height-default\" data-id=\"4d0e101e\" data-element_type=\"section\">\n\t\t\t\t\t\t<div class=\"elementor-container elementor-column-gap-default\">\n\t\t\t\t\t<div class=\"elementor-column elementor-col-100 elementor-top-column elementor-element elementor-element-2d3505f0\" data-id=\"2d3505f0\" data-element_type=\"column\">\n\t\t\t<div class=\"elementor-widget-wrap elementor-element-populated\">\n\t\t\t\t\t\t<div class=\"elementor-element elementor-element-434aac17 elementor-widget elementor-widget-text-editor\" data-id=\"434aac17\" data-element_type=\"widget\" data-widget_type=\"text-editor.default\">\n\t\t\t\t<div class=\"elementor-widget-container\">\n\t\t\t\t\t\t\t\t\tSot, teknologjit\u00eb q\u00eb p\u00ebrparojn\u00eb me shpejt\u00ebsi n\u00eb fush\u00ebn e estetik\u00ebs dhe bukuris\u00eb ofrojn\u00eb shum\u00eb mund\u00ebsi p\u00ebr ata q\u00eb duan t\u00eb arrijn\u00eb nj\u00eb pamje t\u00eb l\u00ebkur\u00ebs rinore dhe t\u00eb sh\u00ebndetshme. Nj\u00eb nga k\u00ebto mund\u00ebsi \u00ebsht\u00eb terapia me Plazm\u00eb t\u00eb Pasur me Trombocite (PRP). Trajtimi i fytyr\u00ebs me PRP \u00ebsht\u00eb nj\u00eb metod\u00eb bukurie dhe rigjenerimi q\u00eb p\u00ebrfshin injektimin e plazm\u00ebs s\u00eb pasur me trombocite, t\u00eb marr\u00eb nga gjaku i vet\u00eb pacientit, n\u00eb l\u00ebkur\u00eb. N\u00eb k\u00ebt\u00eb artikull, do t\u00eb p\u00ebrqendrohemi n\u00eb detajet e trajtimit t\u00eb fytyr\u00ebs me PRP dhe efektet e tij n\u00eb rigjenerimin e l\u00ebkur\u00ebs.\n\n<strong>\u00c7far\u00eb \u00ebsht\u00eb PRP p\u00ebr fytyr\u00ebn?<\/strong>\n\nPRP \u00ebsht\u00eb nj\u00eb lloj plazme q\u00eb p\u00ebrmban nj\u00eb p\u00ebrqendrim t\u00eb lart\u00eb t\u00eb trombociteve nga gjaku i vet\u00eb nj\u00eb personi. Trombocitet jan\u00eb qeliza n\u00eb trup q\u00eb mund\u00ebsojn\u00eb mpiksjen e gjakut pas l\u00ebndimit dhe shkaktojn\u00eb sh\u00ebrimin. N\u00eb trajtimin PRP t\u00eb fytyr\u00ebs, kjo plazm\u00eb e pasur me trombocite merret p\u00ebrmes nj\u00eb procesi t\u00eb ve\u00e7ant\u00eb. M\u00eb pas injektohet n\u00eb l\u00ebkur\u00eb p\u00ebr ta rigjall\u00ebruar at\u00eb.\n\n<strong>Si aplikohet PRP-ja n\u00eb fytyr\u00eb?<\/strong>\n\nTrajtimi i fytyr\u00ebs PRP zakonisht p\u00ebrfshin hapat e m\u00ebposht\u00ebm:\n\n<strong>Hapi 1: Mbledhja e gjakut<\/strong>\n\nS\u00eb pari, pacientit i merret nj\u00eb most\u00ebr e vog\u00ebl gjaku, zakonisht nga krahu ose b\u00ebrryli.\n\n<strong>Hapi 2: P\u00ebrgatitja e PRP-s\u00eb<\/strong>\n\nMostra e mbledhur e gjakut p\u00ebrpunohet duke p\u00ebrdorur nj\u00eb proces t\u00eb quajtur centrifugim. N\u00eb k\u00ebt\u00eb proces, p\u00ebrb\u00ebr\u00ebsit e ndrysh\u00ebm t\u00eb gjakut ndahen dhe merret plazma e pasur me trombocite.\n\n<strong>Hapi 3: Injeksion<\/strong>\n\nPRP-ja e p\u00ebrgatitur injektohet n\u00eb fytyr\u00eb duke p\u00ebrdorur gjilp\u00ebra t\u00eb holla speciale. Pikat e injektimit zakonisht p\u00ebrqendrohen n\u00eb zonat ku nevojitet p\u00ebrt\u00ebritje e l\u00ebkur\u00ebs ose p\u00ebrmir\u00ebsim i zonave specifike.\n\n<strong>Hapi 4: Procesi i Rim\u00ebk\u00ebmbjes<\/strong>\n\nTrajtimi PRP i fytyr\u00ebs n\u00eb p\u00ebrgjith\u00ebsi ofron nj\u00eb proces t\u00eb shpejt\u00eb sh\u00ebrimi. Pas trajtimit mund t\u00eb shfaqet \u00ebnjtje ose skuqje e leht\u00eb, por kjo zakonisht zhduket shpejt.\n\n<strong>Avantazhet e trajtimit PRP t\u00eb fytyr\u00ebs<\/strong>\n\n<strong>1. Rip\u00ebrt\u00ebritje e l\u00ebkur\u00ebs<\/strong>\n\nTrajtimi PRP i fytyr\u00ebs mund t\u00eb p\u00ebrmir\u00ebsoj\u00eb elasticitetin e l\u00ebkur\u00ebs dhe t\u00eb ndihmoj\u00eb n\u00eb zvog\u00eblimin e vijave t\u00eb holla dhe rrudhave duke stimuluar prodhimin e kolagjenit.\n\n<strong>2. P\u00ebrmir\u00ebsimi i Tonit dhe Tekstur\u00ebs s\u00eb L\u00ebkur\u00ebs<\/strong>\n\nPRP mund t\u00eb nj\u00ebtrajtoj\u00eb ngjyr\u00ebn e l\u00ebkur\u00ebs dhe t\u00eb ndihmoj\u00eb l\u00ebkur\u00ebn t\u00eb arrij\u00eb nj\u00eb struktur\u00eb m\u00eb t\u00eb l\u00ebmuar.\n\n<strong>3. Reduktimi i njollave dhe njollave<\/strong>\n\nInjeksionet PRP mund t\u00eb jen\u00eb efektive kund\u00ebr njollave t\u00eb diellit ose problemeve t\u00eb pigmentimit, duke kontribuar n\u00eb nj\u00eb ton m\u00eb t\u00eb nj\u00ebtrajtsh\u00ebm t\u00eb l\u00ebkur\u00ebs.\n\n<strong>4. Nj\u00eb metod\u00eb natyrale dhe e sigurt<\/strong>\n\nTrajtimi i fytyr\u00ebs PRP n\u00eb p\u00ebrgjith\u00ebsi konsiderohet nj\u00eb metod\u00eb natyrale dhe e sigurt sepse p\u00ebrdor produkte t\u00eb nxjerra nga gjaku i vet\u00eb pacientit.\n\n<strong>5. Rim\u00ebk\u00ebmbje e shpejt\u00eb<\/strong>\n\nTrajtimi k\u00ebrkon nj\u00eb periudh\u00eb minimale rikuperimi dhe individ\u00ebt zakonisht mund t\u00eb kthehen menj\u00ebher\u00eb n\u00eb aktivitetet e tyre t\u00eb p\u00ebrditshme.\n\n<strong>Kush \u00ebsht\u00eb nj\u00eb kandidat i p\u00ebrshtatsh\u00ebm p\u00ebr trajtimin PRP t\u00eb fytyr\u00ebs?<\/strong>\n\nTrajtimi i fytyr\u00ebs PRP \u00ebsht\u00eb p\u00ebrgjith\u00ebsisht i p\u00ebrshtatsh\u00ebm p\u00ebr kushtet e m\u00ebposhtme:\n<ul>\n \t<li>\n    D\u00ebshira p\u00ebr t\u00eb zvog\u00ebluar vijat e holla dhe rrudhat.<\/li>\n \t<li>\n    \u00c7rregullime t\u00eb ngjyr\u00ebs s\u00eb l\u00ebkur\u00ebs ose probleme me pigmentimin<\/li>\n \t<li>\n    D\u00ebshira p\u00ebr nj\u00eb l\u00ebkur\u00eb t\u00eb rigjall\u00ebruar.<\/li>\n \t<li>\n    Humbja e elasticitetit ose problemet e varjes<\/li>\n<\/ul>\nMegjithat\u00eb, mund t\u00eb mos jet\u00eb i p\u00ebrshtatsh\u00ebm p\u00ebr t\u00eb gjith\u00eb, dhe duhet t\u00eb merret n\u00eb konsiderat\u00eb historia sh\u00ebndet\u00ebsore e individit dhe lloji i l\u00ebkur\u00ebs.\n\n<strong>N\u00eb p\u00ebrfundim<\/strong>\n\nTrajtimi PRP i fytyr\u00ebs shquhet si nj\u00eb metod\u00eb natyrale p\u00ebrt\u00ebritjeje. Megjithat\u00eb, si me \u00e7do procedur\u00eb estetike, \u00ebsht\u00eb e r\u00ebnd\u00ebsishme q\u00eb ata q\u00eb e konsiderojn\u00eb k\u00ebt\u00eb trajtim t\u00eb konsultohen me nj\u00eb profesionist t\u00eb kualifikuar t\u00eb kujdesit sh\u00ebndet\u00ebsor. Lloji i l\u00ebkur\u00ebs s\u00eb \u00e7do individi \u00ebsht\u00eb i ndrysh\u00ebm, k\u00ebshtu q\u00eb krijimi i nj\u00eb plani trajtimi t\u00eb personalizuar \u00ebsht\u00eb thelb\u00ebsor p\u00ebr arritjen e rezultateve m\u00eb efektive.\t\t\t\t\t\t\t\t<\/div>\n\t\t\t\t<\/div>\n\t\t\t\t\t<\/div>\n\t\t<\/div>\n\t\t\t\t\t<\/div>\n\t\t<\/section>\n\t\t\t\t<\/div>","protected":false},"excerpt":{"rendered":"<p>Y\u00fcz PRP Tedavisi Hastanede Kal\u0131\u015f S\u00fcresi: Gerekli De\u011fil Operasyon S\u00fcresi: 40 Dakika Anestezi: Gerekli De\u011fil \u0130yile\u015fme S\u00fcresi: Hemen Hemen Randevu Al\u0131n G\u00fcn\u00fcm\u00fczde, estetik ve g\u00fczellik alan\u0131nda h\u0131zla geli\u015fen teknolojiler, gen\u00e7 ve sa\u011fl\u0131kl\u0131 bir cilt g\u00f6r\u00fcn\u00fcm\u00fc elde etmek isteyen ki\u015filere bir\u00e7ok se\u00e7enek sunmaktad\u0131r. Bu se\u00e7eneklerden biri de Platelet-Rich Plasma (PRP) tedavisidir. Y\u00fcz PRP tedavisi, ki\u015finin kendi [&hellip;]<\/p>\n","protected":false},"author":2,"featured_media":0,"parent":0,"menu_order":0,"comment_status":"closed","ping_status":"closed","template":"","meta":{"postBodyMargin":[],"postBodyPadding":[],"postBodyBackground":{"backgroundType":"classic","gradient":""},"footnotes":""},"class_list":["post-13590","page","type-page","status-publish","hentry"],"_links":{"self":[{"href":"https:\/\/seldacenter.com\/sq\/wp-json\/wp\/v2\/pages\/13590","targetHints":{"allow":["GET"]}}],"collection":[{"href":"https:\/\/seldacenter.com\/sq\/wp-json\/wp\/v2\/pages"}],"about":[{"href":"https:\/\/seldacenter.com\/sq\/wp-json\/wp\/v2\/types\/page"}],"author":[{"embeddable":true,"href":"https:\/\/seldacenter.com\/sq\/wp-json\/wp\/v2\/users\/2"}],"replies":[{"embeddable":true,"href":"https:\/\/seldacenter.com\/sq\/wp-json\/wp\/v2\/comments?post=13590"}],"version-history":[{"count":10,"href":"https:\/\/seldacenter.com\/sq\/wp-json\/wp\/v2\/pages\/13590\/revisions"}],"predecessor-version":[{"id":14267,"href":"https:\/\/seldacenter.com\/sq\/wp-json\/wp\/v2\/pages\/13590\/revisions\/14267"}],"wp:attachment":[{"href":"https:\/\/seldacenter.com\/sq\/wp-json\/wp\/v2\/media?parent=13590"}],"curies":[{"name":"wp","href":"https:\/\/api.w.org\/{rel}","templated":true}]}}