{"id":13588,"date":"2024-02-17T18:49:20","date_gmt":"2024-02-17T18:49:20","guid":{"rendered":"https:\/\/seldacenter.com\/yeniyapi\/?page_id=13588"},"modified":"2024-02-17T18:49:21","modified_gmt":"2024-02-17T18:49:21","slug":"yuz-germe-ameliyati","status":"publish","type":"page","link":"https:\/\/seldacenter.com\/sq\/yuz-germe-ameliyati\/","title":{"rendered":"Y\u00fcz Germe Ameliyat\u0131"},"content":{"rendered":"<p><strong>Y\u00fcz Germe Ameliyat\u0131: Gen\u00e7 ve Canl\u0131 Bir G\u00f6r\u00fcn\u00fcm \u0130\u00e7in Etkili \u00c7\u00f6z\u00fcm<\/strong><\/p>\n<p>Y\u00fcz germe ameliyat\u0131, ya\u015fl\u0131l\u0131k belirtileriyle ba\u015fa \u00e7\u0131kmak ve daha gen\u00e7, canl\u0131 bir g\u00f6r\u00fcn\u00fcm elde etmek isteyenler i\u00e7in etkili bir \u00e7\u00f6z\u00fcm sunan bir cerrahi i\u015flemdir. \u0130\u015fte y\u00fcz germe ameliyat\u0131 hakk\u0131nda merak edilenler:<\/p>\n<p>Y\u00fcz Germe Ameliyat\u0131 Nas\u0131l Yap\u0131l\u0131r?<\/p>\n<p>Y\u00fcz germe ameliyat\u0131, ki\u015finin ihtiya\u00e7lar\u0131na ve deformasyonun tespit edildi\u011fi b\u00f6lgelere y\u00f6nelik bir planlama ile ger\u00e7ekle\u015ftirilir. Derideki sarkma ve gev\u015femelerin yan\u0131 s\u0131ra mimik kaslar\u0131na ve ba\u011f dokular\u0131na m\u00fcdahale edilir. Derin dokular\u0131n \u00fc\u00e7 boyutlu olarak \u015fekillendirilmesi, do\u011fal ve kal\u0131c\u0131 sonu\u00e7lar elde etmeyi sa\u011flar. Kesi yerleri genellikle sa\u00e7 \u00e7izgisine ve kulak \u00f6n\u00fcne yerle\u015ftirilir, bu da izlerin zamanla g\u00f6r\u00fcnmez hale gelmesine olanak tan\u0131r.<\/p>\n<p>Y\u00fcz Germe Ameliyat\u0131n\u0131n Avantajlar\u0131<\/p>\n<ul>\n<li>T\u00fcm cilt katmanlar\u0131n\u0131 etkiler, derin dokulara ula\u015f\u0131r.<\/li>\n<li>Gen\u00e7le\u015fme s\u00fcrecini 5 ila 10 y\u0131l aras\u0131nda s\u00fcrd\u00fcrebilir.<\/li>\n<li>Endoskopik y\u00f6ntemlerle minimal izlerle ger\u00e7ekle\u015ftirilebilir.<\/li>\n<li>H\u0131zl\u0131 iyile\u015fme s\u00fcreci ve minimal morluklar.<\/li>\n<\/ul>\n<p>Y\u00fcz Germe Ameliyat\u0131 Kal\u0131c\u0131l\u0131k S\u00fcresi<\/p>\n<p>Yap\u0131lan do\u011fru bir planlama ve ki\u015finin ya\u015fam tarz\u0131na ba\u011fl\u0131 olarak, y\u00fcz germe ameliyat\u0131n\u0131n etkileri genellikle 5 ila 10 y\u0131l aras\u0131nda kal\u0131c\u0131 olabilir. Ancak sigara, alkol t\u00fcketimi, stres, yetersiz beslenme gibi fakt\u00f6rler kal\u0131c\u0131l\u0131k s\u00fcresini etkileyebilir. Sa\u011fl\u0131kl\u0131 bir ya\u015fam tarz\u0131yla desteklenen ameliyat sonu\u00e7lar\u0131 daha uzun s\u00fcre korunabilir.<\/p>\n<p>Y\u00fcz Germe Ameliyat\u0131 Sonras\u0131 S\u00fcre\u00e7<\/p>\n<ul>\n<li>Hastanede kalma s\u00fcresi genellikle bir iki g\u00fcnd\u00fcr.<\/li>\n<li>Morluklar ve \u00f6demler 48 ila 72 saat i\u00e7inde azalmaya ba\u015flar.<\/li>\n<li>7 ila 10 g\u00fcn i\u00e7inde hasta i\u015fine d\u00f6nebilir.<\/li>\n<li>Tam iyile\u015fme s\u00fcreci 1,5-2 ay s\u00fcrebilir.<\/li>\n<\/ul>\n<p>Y\u00fcz Germe Ameliyat\u0131 Fiyatlar\u0131<\/p>\n<p>Y\u00fcz germe ameliyatlar\u0131n\u0131n fiyatlar\u0131, yap\u0131lacak i\u015fleme ve kullan\u0131lacak malzemelere g\u00f6re de\u011fi\u015fiklik g\u00f6sterebilir.<\/p>","protected":false},"excerpt":{"rendered":"<p>Y\u00fcz Germe Ameliyat\u0131: Gen\u00e7 ve Canl\u0131 Bir G\u00f6r\u00fcn\u00fcm \u0130\u00e7in Etkili \u00c7\u00f6z\u00fcm Y\u00fcz germe ameliyat\u0131, ya\u015fl\u0131l\u0131k belirtileriyle ba\u015fa \u00e7\u0131kmak ve daha gen\u00e7, canl\u0131 bir g\u00f6r\u00fcn\u00fcm elde etmek isteyenler i\u00e7in etkili bir \u00e7\u00f6z\u00fcm sunan bir cerrahi i\u015flemdir. \u0130\u015fte y\u00fcz germe ameliyat\u0131 hakk\u0131nda merak edilenler: Y\u00fcz Germe Ameliyat\u0131 Nas\u0131l Yap\u0131l\u0131r? Y\u00fcz germe ameliyat\u0131, ki\u015finin ihtiya\u00e7lar\u0131na ve deformasyonun tespit [&hellip;]<\/p>\n","protected":false},"author":2,"featured_media":0,"parent":0,"menu_order":0,"comment_status":"closed","ping_status":"closed","template":"","meta":{"postBodyMargin":[],"postBodyPadding":[],"postBodyBackground":{"backgroundType":"classic","gradient":""},"footnotes":""},"class_list":["post-13588","page","type-page","status-publish","hentry"],"_links":{"self":[{"href":"https:\/\/seldacenter.com\/sq\/wp-json\/wp\/v2\/pages\/13588","targetHints":{"allow":["GET"]}}],"collection":[{"href":"https:\/\/seldacenter.com\/sq\/wp-json\/wp\/v2\/pages"}],"about":[{"href":"https:\/\/seldacenter.com\/sq\/wp-json\/wp\/v2\/types\/page"}],"author":[{"embeddable":true,"href":"https:\/\/seldacenter.com\/sq\/wp-json\/wp\/v2\/users\/2"}],"replies":[{"embeddable":true,"href":"https:\/\/seldacenter.com\/sq\/wp-json\/wp\/v2\/comments?post=13588"}],"version-history":[{"count":1,"href":"https:\/\/seldacenter.com\/sq\/wp-json\/wp\/v2\/pages\/13588\/revisions"}],"predecessor-version":[{"id":13589,"href":"https:\/\/seldacenter.com\/sq\/wp-json\/wp\/v2\/pages\/13588\/revisions\/13589"}],"wp:attachment":[{"href":"https:\/\/seldacenter.com\/sq\/wp-json\/wp\/v2\/media?parent=13588"}],"curies":[{"name":"wp","href":"https:\/\/api.w.org\/{rel}","templated":true}]}}