{"id":13586,"date":"2024-02-17T18:48:13","date_gmt":"2024-02-17T18:48:13","guid":{"rendered":"https:\/\/seldacenter.com\/yeniyapi\/?page_id=13586"},"modified":"2024-03-02T02:11:53","modified_gmt":"2024-03-02T02:11:53","slug":"ip-aski","status":"publish","type":"page","link":"https:\/\/seldacenter.com\/sq\/ip-aski\/","title":{"rendered":"Var\u00ebse litari"},"content":{"rendered":"<div data-elementor-type=\"wp-page\" data-elementor-id=\"13586\" class=\"elementor elementor-13586\" data-elementor-post-type=\"page\">\n\t\t\t\t\t\t<section class=\"elementor-section elementor-top-section elementor-element elementor-element-fb7f8d7 elementor-section-boxed elementor-section-height-default elementor-section-height-default\" data-id=\"fb7f8d7\" data-element_type=\"section\">\n\t\t\t\t\t\t<div class=\"elementor-container elementor-column-gap-default\">\n\t\t\t\t\t<div class=\"elementor-column elementor-col-50 elementor-top-column elementor-element elementor-element-6a8adaa\" data-id=\"6a8adaa\" data-element_type=\"column\" data-settings=\"{&quot;background_background&quot;:&quot;classic&quot;}\">\n\t\t\t<div class=\"elementor-widget-wrap elementor-element-populated\">\n\t\t\t\t\t\t<div class=\"elementor-element elementor-element-6dd491f elementor-widget elementor-widget-image\" data-id=\"6dd491f\" data-element_type=\"widget\" data-widget_type=\"image.default\">\n\t\t\t\t<div class=\"elementor-widget-container\">\n\t\t\t\t\t\t\t\t\t\t\t\t\t\t\t<img fetchpriority=\"high\" decoding=\"async\" width=\"935\" height=\"642\" src=\"https:\/\/seldacenter.com\/wp-content\/uploads\/2024\/03\/woman-with-perfect-clean-skin-lifting-arrows_114963-15977-1.jpg\" class=\"attachment-full size-full wp-image-14153\" alt=\"\" srcset=\"https:\/\/seldacenter.com\/wp-content\/uploads\/2024\/03\/woman-with-perfect-clean-skin-lifting-arrows_114963-15977-1.jpg 935w, https:\/\/seldacenter.com\/wp-content\/uploads\/2024\/03\/woman-with-perfect-clean-skin-lifting-arrows_114963-15977-1-600x412.jpg 600w, https:\/\/seldacenter.com\/wp-content\/uploads\/2024\/03\/woman-with-perfect-clean-skin-lifting-arrows_114963-15977-1-300x206.jpg 300w, https:\/\/seldacenter.com\/wp-content\/uploads\/2024\/03\/woman-with-perfect-clean-skin-lifting-arrows_114963-15977-1-768x527.jpg 768w\" sizes=\"(max-width: 935px) 100vw, 935px\" \/>\t\t\t\t\t\t\t\t\t\t\t\t\t\t\t<\/div>\n\t\t\t\t<\/div>\n\t\t\t\t\t<\/div>\n\t\t<\/div>\n\t\t\t\t<div class=\"elementor-column elementor-col-50 elementor-top-column elementor-element elementor-element-3a3dba7\" data-id=\"3a3dba7\" data-element_type=\"column\">\n\t\t\t<div class=\"elementor-widget-wrap elementor-element-populated\">\n\t\t\t\t\t\t<div class=\"elementor-element elementor-element-f69e554 elementor-widget-divider--view-line_text elementor-widget-divider--element-align-left elementor-widget elementor-widget-divider\" data-id=\"f69e554\" data-element_type=\"widget\" data-widget_type=\"divider.default\">\n\t\t\t\t<div class=\"elementor-widget-container\">\n\t\t\t\t\t\t\t<div class=\"elementor-divider\">\n\t\t\t<span class=\"elementor-divider-separator\">\n\t\t\t\t\t\t\t<h3 class=\"elementor-divider__text elementor-divider__element\">\n\t\t\t\tVar\u00ebse litari\t\t\t\t<\/h3>\n\t\t\t\t\t\t<\/span>\n\t\t<\/div>\n\t\t\t\t\t\t<\/div>\n\t\t\t\t<\/div>\n\t\t\t\t<div class=\"elementor-element elementor-element-6fd4f14 elementor-align-left elementor-icon-list--layout-traditional elementor-list-item-link-full_width elementor-widget elementor-widget-icon-list\" data-id=\"6fd4f14\" data-element_type=\"widget\" data-widget_type=\"icon-list.default\">\n\t\t\t\t<div class=\"elementor-widget-container\">\n\t\t\t\t\t\t\t<ul class=\"elementor-icon-list-items\">\n\t\t\t\t\t\t\t<li class=\"elementor-icon-list-item\">\n\t\t\t\t\t\t\t\t\t\t\t<span class=\"elementor-icon-list-icon\">\n\t\t\t\t\t\t\t<svg aria-hidden=\"true\" class=\"e-font-icon-svg e-far-hospital\" viewbox=\"0 0 448 512\" xmlns=\"http:\/\/www.w3.org\/2000\/svg\"><path d=\"M128 244v-40c0-6.627 5.373-12 12-12h40c6.627 0 12 5.373 12 12v40c0 6.627-5.373 12-12 12h-40c-6.627 0-12-5.373-12-12zm140 12h40c6.627 0 12-5.373 12-12v-40c0-6.627-5.373-12-12-12h-40c-6.627 0-12 5.373-12 12v40c0 6.627 5.373 12 12 12zm-76 84v-40c0-6.627-5.373-12-12-12h-40c-6.627 0-12 5.373-12 12v40c0 6.627 5.373 12 12 12h40c6.627 0 12-5.373 12-12zm76 12h40c6.627 0 12-5.373 12-12v-40c0-6.627-5.373-12-12-12h-40c-6.627 0-12 5.373-12 12v40c0 6.627 5.373 12 12 12zm180 124v36H0v-36c0-6.627 5.373-12 12-12h19.5V85.035C31.5 73.418 42.245 64 55.5 64H144V24c0-13.255 10.745-24 24-24h112c13.255 0 24 10.745 24 24v40h88.5c13.255 0 24 9.418 24 21.035V464H436c6.627 0 12 5.373 12 12zM79.5 463H192v-67c0-6.627 5.373-12 12-12h40c6.627 0 12 5.373 12 12v67h112.5V112H304v24c0 13.255-10.745 24-24 24H168c-13.255 0-24-10.745-24-24v-24H79.5v351zM266 64h-26V38a6 6 0 0 0-6-6h-20a6 6 0 0 0-6 6v26h-26a6 6 0 0 0-6 6v20a6 6 0 0 0 6 6h26v26a6 6 0 0 0 6 6h20a6 6 0 0 0 6-6V96h26a6 6 0 0 0 6-6V70a6 6 0 0 0-6-6z\"><\/path><\/svg>\t\t\t\t\t\t<\/span>\n\t\t\t\t\t\t\t\t\t\t<span class=\"elementor-icon-list-text\">Q\u00ebndrimi n\u00eb spital: Nuk k\u00ebrkohet<\/span>\n\t\t\t\t\t\t\t\t\t<\/li>\n\t\t\t\t\t\t\t\t<li class=\"elementor-icon-list-item\">\n\t\t\t\t\t\t\t\t\t\t\t<span class=\"elementor-icon-list-icon\">\n\t\t\t\t\t\t\t<svg aria-hidden=\"true\" class=\"e-font-icon-svg e-far-clock\" viewbox=\"0 0 512 512\" xmlns=\"http:\/\/www.w3.org\/2000\/svg\"><path d=\"M256 8C119 8 8 119 8 256s111 248 248 248 248-111 248-248S393 8 256 8zm0 448c-110.5 0-200-89.5-200-200S145.5 56 256 56s200 89.5 200 200-89.5 200-200 200zm61.8-104.4l-84.9-61.7c-3.1-2.3-4.9-5.9-4.9-9.7V116c0-6.6 5.4-12 12-12h32c6.6 0 12 5.4 12 12v141.7l66.8 48.6c5.4 3.9 6.5 11.4 2.6 16.8L334.6 349c-3.9 5.3-11.4 6.5-16.8 2.6z\"><\/path><\/svg>\t\t\t\t\t\t<\/span>\n\t\t\t\t\t\t\t\t\t\t<span class=\"elementor-icon-list-text\">Koha e Funksionimit: 40 Minuta<\/span>\n\t\t\t\t\t\t\t\t\t<\/li>\n\t\t\t\t\t\t\t\t<li class=\"elementor-icon-list-item\">\n\t\t\t\t\t\t\t\t\t\t\t<span class=\"elementor-icon-list-icon\">\n\t\t\t\t\t\t\t<svg aria-hidden=\"true\" class=\"e-font-icon-svg e-fas-syringe\" viewbox=\"0 0 512 512\" xmlns=\"http:\/\/www.w3.org\/2000\/svg\"><path d=\"M201.5 174.8l55.7 55.8c3.1 3.1 3.1 8.2 0 11.3l-11.3 11.3c-3.1 3.1-8.2 3.1-11.3 0l-55.7-55.8-45.3 45.3 55.8 55.8c3.1 3.1 3.1 8.2 0 11.3l-11.3 11.3c-3.1 3.1-8.2 3.1-11.3 0L111 265.2l-26.4 26.4c-17.3 17.3-25.6 41.1-23 65.4l7.1 63.6L2.3 487c-3.1 3.1-3.1 8.2 0 11.3l11.3 11.3c3.1 3.1 8.2 3.1 11.3 0l66.3-66.3 63.6 7.1c23.9 2.6 47.9-5.4 65.4-23l181.9-181.9-135.7-135.7-64.9 65zm308.2-93.3L430.5 2.3c-3.1-3.1-8.2-3.1-11.3 0l-11.3 11.3c-3.1 3.1-3.1 8.2 0 11.3l28.3 28.3-45.3 45.3-56.6-56.6-17-17c-3.1-3.1-8.2-3.1-11.3 0l-33.9 33.9c-3.1 3.1-3.1 8.2 0 11.3l17 17L424.8 223l17 17c3.1 3.1 8.2 3.1 11.3 0l33.9-34c3.1-3.1 3.1-8.2 0-11.3l-73.5-73.5 45.3-45.3 28.3 28.3c3.1 3.1 8.2 3.1 11.3 0l11.3-11.3c3.1-3.2 3.1-8.2 0-11.4z\"><\/path><\/svg>\t\t\t\t\t\t<\/span>\n\t\t\t\t\t\t\t\t\t\t<span class=\"elementor-icon-list-text\">Anestezi: Lokale<\/span>\n\t\t\t\t\t\t\t\t\t<\/li>\n\t\t\t\t\t\t\t\t<li class=\"elementor-icon-list-item\">\n\t\t\t\t\t\t\t\t\t\t\t<span class=\"elementor-icon-list-icon\">\n\t\t\t\t\t\t\t<svg aria-hidden=\"true\" class=\"e-font-icon-svg e-far-heart\" viewbox=\"0 0 512 512\" xmlns=\"http:\/\/www.w3.org\/2000\/svg\"><path d=\"M458.4 64.3C400.6 15.7 311.3 23 256 79.3 200.7 23 111.4 15.6 53.6 64.3-21.6 127.6-10.6 230.8 43 285.5l175.4 178.7c10 10.2 23.4 15.9 37.6 15.9 14.3 0 27.6-5.6 37.6-15.8L469 285.6c53.5-54.7 64.7-157.9-10.6-221.3zm-23.6 187.5L259.4 430.5c-2.4 2.4-4.4 2.4-6.8 0L77.2 251.8c-36.5-37.2-43.9-107.6 7.3-150.7 38.9-32.7 98.9-27.8 136.5 10.5l35 35.7 35-35.7c37.8-38.5 97.8-43.2 136.5-10.6 51.1 43.1 43.5 113.9 7.3 150.8z\"><\/path><\/svg>\t\t\t\t\t\t<\/span>\n\t\t\t\t\t\t\t\t\t\t<span class=\"elementor-icon-list-text\">Koha e Rim\u00ebk\u00ebmbjes: I menj\u00ebhersh\u00ebm<\/span>\n\t\t\t\t\t\t\t\t\t<\/li>\n\t\t\t\t\t\t<\/ul>\n\t\t\t\t\t\t<\/div>\n\t\t\t\t<\/div>\n\t\t\t\t<div class=\"elementor-element elementor-element-1423351 elementor-align-justify elementor-widget elementor-widget-button\" data-id=\"1423351\" data-element_type=\"widget\" data-widget_type=\"button.default\">\n\t\t\t\t<div class=\"elementor-widget-container\">\n\t\t\t\t\t\t\t\t\t<div class=\"elementor-button-wrapper\">\n\t\t\t\t\t<a class=\"elementor-button elementor-button-link elementor-size-sm elementor-animation-buzz\" href=\"https:\/\/seldacenter.com\/sq\/\">\n\t\t\t\t\t\t<span class=\"elementor-button-content-wrapper\">\n\t\t\t\t\t\t\t\t\t<span class=\"elementor-button-text\">Rezervoni nj\u00eb takim tani<\/span>\n\t\t\t\t\t<\/span>\n\t\t\t\t\t<\/a>\n\t\t\t\t<\/div>\n\t\t\t\t\t\t\t\t<\/div>\n\t\t\t\t<\/div>\n\t\t\t\t\t<\/div>\n\t\t<\/div>\n\t\t\t\t\t<\/div>\n\t\t<\/section>\n\t\t\t\t<section class=\"elementor-section elementor-top-section elementor-element elementor-element-4d002184 elementor-section-boxed elementor-section-height-default elementor-section-height-default\" data-id=\"4d002184\" data-element_type=\"section\">\n\t\t\t\t\t\t<div class=\"elementor-container elementor-column-gap-default\">\n\t\t\t\t\t<div class=\"elementor-column elementor-col-100 elementor-top-column elementor-element elementor-element-59cfe99e\" data-id=\"59cfe99e\" data-element_type=\"column\">\n\t\t\t<div class=\"elementor-widget-wrap elementor-element-populated\">\n\t\t\t\t\t\t<div class=\"elementor-element elementor-element-e4423cf elementor-widget elementor-widget-text-editor\" data-id=\"e4423cf\" data-element_type=\"widget\" data-widget_type=\"text-editor.default\">\n\t\t\t\t<div class=\"elementor-widget-container\">\n\t\t\t\t\t\t\t\t\tSot, bota e estetik\u00ebs \u00ebsht\u00eb vazhdimisht n\u00eb zhvillim dhe e mbushur me zgjidhje inovative. Nj\u00eb nga k\u00ebto inovacione \u00ebsht\u00eb nj\u00eb procedur\u00eb estetike e quajtur &quot;ngritje fijesh&quot;, e p\u00ebrdorur p\u00ebr t\u00eb arritur nj\u00eb pamje rinore dhe t\u00eb gjall\u00eb. Metoda e ngritjes me fije ofron nj\u00eb mund\u00ebsi efektive p\u00ebr shtr\u00ebngimin e indeve t\u00eb varura dhe forcimin e l\u00ebkur\u00ebs pa pasur nevoj\u00eb p\u00ebr nd\u00ebrhyrje kirurgjikale.\n\n<strong>\u00c7far\u00eb \u00ebsht\u00eb nj\u00eb litar me rrip?<\/strong>\n\nLifting me fije \u00ebsht\u00eb nj\u00eb procedur\u00eb estetike q\u00eb synon t\u00eb korrigjoj\u00eb varjen dhe vijat n\u00eb sip\u00ebrfaqen e l\u00ebkur\u00ebs duke vendosur fije t\u00eb holla n\u00ebn l\u00ebkur\u00eb. K\u00ebto fije zakonisht b\u00ebhen nga materiale biokompatibile si polipropileni, acidi polilaktik ose PDO (polidioksanoni). Pasi vendosen n\u00ebn l\u00ebkur\u00eb, fijet shtrihen p\u00ebr t\u00eb ngritur dhe shtr\u00ebnguar l\u00ebkur\u00ebn lart. Kjo p\u00ebrcakton konturet e fytyr\u00ebs, shtr\u00ebngon indet e varura dhe krijon nj\u00eb pamje m\u00eb rinore.\n\n<strong>Si aplikohet nj\u00eb ngritje me rrip?<\/strong>\n<ol>\n \t<li><strong>Inspektimi dhe Planifikimi:<\/strong> N\u00eb faz\u00ebn e par\u00eb, nj\u00eb mjek specialist estetik ekzaminon pacientin dhe vler\u00ebson d\u00ebshirat e tij. M\u00eb pas ai vendos se cilat zona do t\u00eb trajtohen.<\/li>\n \t<li><strong>Anestezi:<\/strong> Kirurgjia e ngritjes s\u00eb fijeve zakonisht kryhet n\u00ebn anestezi lokale. Kjo siguron nj\u00eb p\u00ebrvoj\u00eb t\u00eb rehatshme p\u00ebr pacientin.<\/li>\n \t<li><strong>Vendosja e litarit:<\/strong> Fijet vendosen n\u00ebn l\u00ebkur\u00eb duke p\u00ebrdorur nj\u00eb gjilp\u00ebr\u00eb ose kanul\u00eb me maj\u00eb t\u00eb holl\u00eb. Pozicioni i fijeve p\u00ebrcaktohet me kujdes n\u00eb zonat strategjike q\u00eb do t\u00eb shtr\u00ebngojn\u00eb l\u00ebkur\u00ebn.<\/li>\n \t<li><strong>Shtrirja dhe Form\u00ebsimi:<\/strong> Fijet e t\u00ebrheqin l\u00ebkur\u00ebn lart dhe e shtr\u00ebngojn\u00eb at\u00eb. Ky hap krijon nj\u00eb efekt ngrit\u00ebs t\u00eb menj\u00ebhersh\u00ebm dhe p\u00ebrcakton konturet e fytyr\u00ebs.<\/li>\n \t<li><strong>Prerja dhe Rregullimi:<\/strong> Pasi fijet vendosen n\u00eb l\u00ebkur\u00eb, gjat\u00ebsia e tep\u00ebrt shkurtohet dhe b\u00ebhen rregullime p\u00ebr t&#039;i lejuar ato t\u00eb vendosen natyrsh\u00ebm n\u00eb indet posht\u00eb l\u00ebkur\u00ebs.<\/li>\n \t<li><strong>Rim\u00ebk\u00ebmbja dhe Rezultatet:<\/strong> Pacienti mund t\u00eb kthehet n\u00eb jet\u00ebn e p\u00ebrditshme menj\u00ebher\u00eb pas procedur\u00ebs s\u00eb heqjes s\u00eb fijeve. Procesi i rikuperimit \u00ebsht\u00eb p\u00ebrgjith\u00ebsisht i shkurt\u00ebr dhe i rehatsh\u00ebm. Rezultatet jan\u00eb t\u00eb dukshme menj\u00ebher\u00eb dhe b\u00ebhen m\u00eb t\u00eb dukshme me kalimin e koh\u00ebs.<\/li>\n<\/ol>\n<strong>Avantazhet dhe Pikat p\u00ebr t&#039;u Konsideruar<\/strong>\n\n<strong>Avantazhet:<\/strong>\n<ul>\n \t<li>Nj\u00eb procedur\u00eb e shpejt\u00eb dhe efektive.<\/li>\n \t<li>\u00cbsht\u00eb m\u00eb pak invazive sesa kirurgjia.<\/li>\n \t<li>Periudh\u00eb e shkurt\u00ebr rikuperimi.<\/li>\n<\/ul>\n<strong>Pikat p\u00ebr t&#039;u v\u00ebn\u00eb re:<\/strong>\n<ul>\n \t<li>Aplikimi duhet t&#039;u besohet duarve t\u00eb ekspert\u00ebve.<\/li>\n \t<li>Materiali i litarit duhet t\u00eb zgjidhet sakt\u00eb.<\/li>\n \t<li>Lidh\u00ebset thithen pas nj\u00eb periudhe t\u00eb caktuar, k\u00ebshtu q\u00eb p\u00ebrdorimi i vazhduesh\u00ebm mund t\u00eb jet\u00eb i nevojsh\u00ebm.<\/li>\n<\/ul>\n<strong>Si p\u00ebrfundim\u2026<\/strong>\n\nLifting me fije ofron nj\u00eb zgjidhje efektive estetike p\u00ebr ata q\u00eb k\u00ebrkojn\u00eb nj\u00eb pamje rinore dhe t\u00eb gjall\u00eb. Megjithat\u00eb, si \u00e7do procedur\u00eb estetike, kjo metod\u00eb duhet t\u00eb kryhet nga ekspert\u00eb, me materialet e duhura dhe pas nj\u00eb vler\u00ebsimi t\u00eb personalizuar.\t\t\t\t\t\t\t\t<\/div>\n\t\t\t\t<\/div>\n\t\t\t\t\t<\/div>\n\t\t<\/div>\n\t\t\t\t\t<\/div>\n\t\t<\/section>\n\t\t\t\t<\/div>","protected":false},"excerpt":{"rendered":"<p>\u0130p Ask\u0131 Hastanede Kal\u0131\u015f S\u00fcresi: Gerekli De\u011fil Operasyon S\u00fcresi: 40 Dakika Anestezi: Lokal \u0130yile\u015fme S\u00fcresi: Hemen Hemen Randevu Al\u0131n G\u00fcn\u00fcm\u00fczde estetik d\u00fcnyas\u0131 s\u00fcrekli olarak geli\u015fmekte ve yenilik\u00e7i \u00e7\u00f6z\u00fcmlerle dolup ta\u015fmaktad\u0131r. Bu yeniliklerden biri de &#8220;ip ask\u0131&#8221; olarak adland\u0131r\u0131lan, gen\u00e7 ve canl\u0131 bir g\u00f6r\u00fcn\u00fcm elde etmek amac\u0131yla kullan\u0131lan estetik bir prosed\u00fcrd\u00fcr. \u0130p ask\u0131 y\u00f6ntemi, cerrahi m\u00fcdahaleye [&hellip;]<\/p>\n","protected":false},"author":2,"featured_media":0,"parent":0,"menu_order":0,"comment_status":"closed","ping_status":"closed","template":"","meta":{"postBodyMargin":[],"postBodyPadding":[],"postBodyBackground":{"backgroundType":"classic","gradient":""},"footnotes":""},"class_list":["post-13586","page","type-page","status-publish","hentry"],"_links":{"self":[{"href":"https:\/\/seldacenter.com\/sq\/wp-json\/wp\/v2\/pages\/13586","targetHints":{"allow":["GET"]}}],"collection":[{"href":"https:\/\/seldacenter.com\/sq\/wp-json\/wp\/v2\/pages"}],"about":[{"href":"https:\/\/seldacenter.com\/sq\/wp-json\/wp\/v2\/types\/page"}],"author":[{"embeddable":true,"href":"https:\/\/seldacenter.com\/sq\/wp-json\/wp\/v2\/users\/2"}],"replies":[{"embeddable":true,"href":"https:\/\/seldacenter.com\/sq\/wp-json\/wp\/v2\/comments?post=13586"}],"version-history":[{"count":10,"href":"https:\/\/seldacenter.com\/sq\/wp-json\/wp\/v2\/pages\/13586\/revisions"}],"predecessor-version":[{"id":14248,"href":"https:\/\/seldacenter.com\/sq\/wp-json\/wp\/v2\/pages\/13586\/revisions\/14248"}],"wp:attachment":[{"href":"https:\/\/seldacenter.com\/sq\/wp-json\/wp\/v2\/media?parent=13586"}],"curies":[{"name":"wp","href":"https:\/\/api.w.org\/{rel}","templated":true}]}}