{"id":13584,"date":"2024-02-17T18:47:27","date_gmt":"2024-02-17T18:47:27","guid":{"rendered":"https:\/\/seldacenter.com\/yeniyapi\/?page_id=13584"},"modified":"2024-03-02T02:20:18","modified_gmt":"2024-03-02T02:20:18","slug":"genclik-asisi-2","status":"publish","type":"page","link":"https:\/\/seldacenter.com\/sq\/genclik-asisi-2\/","title":{"rendered":"Vaksina p\u00ebr t\u00eb rinj"},"content":{"rendered":"<div data-elementor-type=\"wp-page\" data-elementor-id=\"13584\" class=\"elementor elementor-13584\" data-elementor-post-type=\"page\">\n\t\t\t\t\t\t<section class=\"elementor-section elementor-top-section elementor-element elementor-element-288f984 elementor-section-boxed elementor-section-height-default elementor-section-height-default\" data-id=\"288f984\" data-element_type=\"section\">\n\t\t\t\t\t\t<div class=\"elementor-container elementor-column-gap-default\">\n\t\t\t\t\t<div class=\"elementor-column elementor-col-50 elementor-top-column elementor-element elementor-element-3709b96\" data-id=\"3709b96\" data-element_type=\"column\" data-settings=\"{&quot;background_background&quot;:&quot;classic&quot;}\">\n\t\t\t<div class=\"elementor-widget-wrap elementor-element-populated\">\n\t\t\t\t\t\t<div class=\"elementor-element elementor-element-12a4141 elementor-widget elementor-widget-image\" data-id=\"12a4141\" data-element_type=\"widget\" data-widget_type=\"image.default\">\n\t\t\t\t<div class=\"elementor-widget-container\">\n\t\t\t\t\t\t\t\t\t\t\t\t\t\t\t<img fetchpriority=\"high\" decoding=\"async\" width=\"996\" height=\"664\" src=\"https:\/\/seldacenter.com\/wp-content\/uploads\/2024\/03\/front-view-women-posing-together_23-2149452492.jpg\" class=\"attachment-full size-full wp-image-14249\" alt=\"\" srcset=\"https:\/\/seldacenter.com\/wp-content\/uploads\/2024\/03\/front-view-women-posing-together_23-2149452492.jpg 996w, https:\/\/seldacenter.com\/wp-content\/uploads\/2024\/03\/front-view-women-posing-together_23-2149452492-600x400.jpg 600w, https:\/\/seldacenter.com\/wp-content\/uploads\/2024\/03\/front-view-women-posing-together_23-2149452492-300x200.jpg 300w, https:\/\/seldacenter.com\/wp-content\/uploads\/2024\/03\/front-view-women-posing-together_23-2149452492-768x512.jpg 768w\" sizes=\"(max-width: 996px) 100vw, 996px\" \/>\t\t\t\t\t\t\t\t\t\t\t\t\t\t\t<\/div>\n\t\t\t\t<\/div>\n\t\t\t\t\t<\/div>\n\t\t<\/div>\n\t\t\t\t<div class=\"elementor-column elementor-col-50 elementor-top-column elementor-element elementor-element-970bbd6\" data-id=\"970bbd6\" data-element_type=\"column\">\n\t\t\t<div class=\"elementor-widget-wrap elementor-element-populated\">\n\t\t\t\t\t\t<div class=\"elementor-element elementor-element-2f9b875 elementor-widget-divider--view-line_text elementor-widget-divider--element-align-left elementor-widget elementor-widget-divider\" data-id=\"2f9b875\" data-element_type=\"widget\" data-widget_type=\"divider.default\">\n\t\t\t\t<div class=\"elementor-widget-container\">\n\t\t\t\t\t\t\t<div class=\"elementor-divider\">\n\t\t\t<span class=\"elementor-divider-separator\">\n\t\t\t\t\t\t\t<h3 class=\"elementor-divider__text elementor-divider__element\">\n\t\t\t\tVaksina p\u00ebr t\u00eb rinj\t\t\t\t<\/h3>\n\t\t\t\t\t\t<\/span>\n\t\t<\/div>\n\t\t\t\t\t\t<\/div>\n\t\t\t\t<\/div>\n\t\t\t\t<div class=\"elementor-element elementor-element-a4e5643 elementor-align-left elementor-icon-list--layout-traditional elementor-list-item-link-full_width elementor-widget elementor-widget-icon-list\" data-id=\"a4e5643\" data-element_type=\"widget\" data-widget_type=\"icon-list.default\">\n\t\t\t\t<div class=\"elementor-widget-container\">\n\t\t\t\t\t\t\t<ul class=\"elementor-icon-list-items\">\n\t\t\t\t\t\t\t<li class=\"elementor-icon-list-item\">\n\t\t\t\t\t\t\t\t\t\t\t<span class=\"elementor-icon-list-icon\">\n\t\t\t\t\t\t\t<svg aria-hidden=\"true\" class=\"e-font-icon-svg e-far-hospital\" viewbox=\"0 0 448 512\" xmlns=\"http:\/\/www.w3.org\/2000\/svg\"><path d=\"M128 244v-40c0-6.627 5.373-12 12-12h40c6.627 0 12 5.373 12 12v40c0 6.627-5.373 12-12 12h-40c-6.627 0-12-5.373-12-12zm140 12h40c6.627 0 12-5.373 12-12v-40c0-6.627-5.373-12-12-12h-40c-6.627 0-12 5.373-12 12v40c0 6.627 5.373 12 12 12zm-76 84v-40c0-6.627-5.373-12-12-12h-40c-6.627 0-12 5.373-12 12v40c0 6.627 5.373 12 12 12h40c6.627 0 12-5.373 12-12zm76 12h40c6.627 0 12-5.373 12-12v-40c0-6.627-5.373-12-12-12h-40c-6.627 0-12 5.373-12 12v40c0 6.627 5.373 12 12 12zm180 124v36H0v-36c0-6.627 5.373-12 12-12h19.5V85.035C31.5 73.418 42.245 64 55.5 64H144V24c0-13.255 10.745-24 24-24h112c13.255 0 24 10.745 24 24v40h88.5c13.255 0 24 9.418 24 21.035V464H436c6.627 0 12 5.373 12 12zM79.5 463H192v-67c0-6.627 5.373-12 12-12h40c6.627 0 12 5.373 12 12v67h112.5V112H304v24c0 13.255-10.745 24-24 24H168c-13.255 0-24-10.745-24-24v-24H79.5v351zM266 64h-26V38a6 6 0 0 0-6-6h-20a6 6 0 0 0-6 6v26h-26a6 6 0 0 0-6 6v20a6 6 0 0 0 6 6h26v26a6 6 0 0 0 6 6h20a6 6 0 0 0 6-6V96h26a6 6 0 0 0 6-6V70a6 6 0 0 0-6-6z\"><\/path><\/svg>\t\t\t\t\t\t<\/span>\n\t\t\t\t\t\t\t\t\t\t<span class=\"elementor-icon-list-text\">Q\u00ebndrimi n\u00eb spital: Nuk k\u00ebrkohet<\/span>\n\t\t\t\t\t\t\t\t\t<\/li>\n\t\t\t\t\t\t\t\t<li class=\"elementor-icon-list-item\">\n\t\t\t\t\t\t\t\t\t\t\t<span class=\"elementor-icon-list-icon\">\n\t\t\t\t\t\t\t<svg aria-hidden=\"true\" class=\"e-font-icon-svg e-far-clock\" viewbox=\"0 0 512 512\" xmlns=\"http:\/\/www.w3.org\/2000\/svg\"><path d=\"M256 8C119 8 8 119 8 256s111 248 248 248 248-111 248-248S393 8 256 8zm0 448c-110.5 0-200-89.5-200-200S145.5 56 256 56s200 89.5 200 200-89.5 200-200 200zm61.8-104.4l-84.9-61.7c-3.1-2.3-4.9-5.9-4.9-9.7V116c0-6.6 5.4-12 12-12h32c6.6 0 12 5.4 12 12v141.7l66.8 48.6c5.4 3.9 6.5 11.4 2.6 16.8L334.6 349c-3.9 5.3-11.4 6.5-16.8 2.6z\"><\/path><\/svg>\t\t\t\t\t\t<\/span>\n\t\t\t\t\t\t\t\t\t\t<span class=\"elementor-icon-list-text\">Koha e Funksionimit: 40 Minuta<\/span>\n\t\t\t\t\t\t\t\t\t<\/li>\n\t\t\t\t\t\t\t\t<li class=\"elementor-icon-list-item\">\n\t\t\t\t\t\t\t\t\t\t\t<span class=\"elementor-icon-list-icon\">\n\t\t\t\t\t\t\t<svg aria-hidden=\"true\" class=\"e-font-icon-svg e-fas-syringe\" viewbox=\"0 0 512 512\" xmlns=\"http:\/\/www.w3.org\/2000\/svg\"><path d=\"M201.5 174.8l55.7 55.8c3.1 3.1 3.1 8.2 0 11.3l-11.3 11.3c-3.1 3.1-8.2 3.1-11.3 0l-55.7-55.8-45.3 45.3 55.8 55.8c3.1 3.1 3.1 8.2 0 11.3l-11.3 11.3c-3.1 3.1-8.2 3.1-11.3 0L111 265.2l-26.4 26.4c-17.3 17.3-25.6 41.1-23 65.4l7.1 63.6L2.3 487c-3.1 3.1-3.1 8.2 0 11.3l11.3 11.3c3.1 3.1 8.2 3.1 11.3 0l66.3-66.3 63.6 7.1c23.9 2.6 47.9-5.4 65.4-23l181.9-181.9-135.7-135.7-64.9 65zm308.2-93.3L430.5 2.3c-3.1-3.1-8.2-3.1-11.3 0l-11.3 11.3c-3.1 3.1-3.1 8.2 0 11.3l28.3 28.3-45.3 45.3-56.6-56.6-17-17c-3.1-3.1-8.2-3.1-11.3 0l-33.9 33.9c-3.1 3.1-3.1 8.2 0 11.3l17 17L424.8 223l17 17c3.1 3.1 8.2 3.1 11.3 0l33.9-34c3.1-3.1 3.1-8.2 0-11.3l-73.5-73.5 45.3-45.3 28.3 28.3c3.1 3.1 8.2 3.1 11.3 0l11.3-11.3c3.1-3.2 3.1-8.2 0-11.4z\"><\/path><\/svg>\t\t\t\t\t\t<\/span>\n\t\t\t\t\t\t\t\t\t\t<span class=\"elementor-icon-list-text\">Anestezi: Nuk k\u00ebrkohet<\/span>\n\t\t\t\t\t\t\t\t\t<\/li>\n\t\t\t\t\t\t\t\t<li class=\"elementor-icon-list-item\">\n\t\t\t\t\t\t\t\t\t\t\t<span class=\"elementor-icon-list-icon\">\n\t\t\t\t\t\t\t<svg aria-hidden=\"true\" class=\"e-font-icon-svg e-far-heart\" viewbox=\"0 0 512 512\" xmlns=\"http:\/\/www.w3.org\/2000\/svg\"><path d=\"M458.4 64.3C400.6 15.7 311.3 23 256 79.3 200.7 23 111.4 15.6 53.6 64.3-21.6 127.6-10.6 230.8 43 285.5l175.4 178.7c10 10.2 23.4 15.9 37.6 15.9 14.3 0 27.6-5.6 37.6-15.8L469 285.6c53.5-54.7 64.7-157.9-10.6-221.3zm-23.6 187.5L259.4 430.5c-2.4 2.4-4.4 2.4-6.8 0L77.2 251.8c-36.5-37.2-43.9-107.6 7.3-150.7 38.9-32.7 98.9-27.8 136.5 10.5l35 35.7 35-35.7c37.8-38.5 97.8-43.2 136.5-10.6 51.1 43.1 43.5 113.9 7.3 150.8z\"><\/path><\/svg>\t\t\t\t\t\t<\/span>\n\t\t\t\t\t\t\t\t\t\t<span class=\"elementor-icon-list-text\">Koha e Rim\u00ebk\u00ebmbjes: I menj\u00ebhersh\u00ebm<\/span>\n\t\t\t\t\t\t\t\t\t<\/li>\n\t\t\t\t\t\t<\/ul>\n\t\t\t\t\t\t<\/div>\n\t\t\t\t<\/div>\n\t\t\t\t<div class=\"elementor-element elementor-element-a13d1a5 elementor-align-justify elementor-widget elementor-widget-button\" data-id=\"a13d1a5\" data-element_type=\"widget\" data-widget_type=\"button.default\">\n\t\t\t\t<div class=\"elementor-widget-container\">\n\t\t\t\t\t\t\t\t\t<div class=\"elementor-button-wrapper\">\n\t\t\t\t\t<a class=\"elementor-button elementor-button-link elementor-size-sm elementor-animation-buzz\" href=\"https:\/\/seldacenter.com\/sq\/\">\n\t\t\t\t\t\t<span class=\"elementor-button-content-wrapper\">\n\t\t\t\t\t\t\t\t\t<span class=\"elementor-button-text\">Rezervoni nj\u00eb takim tani<\/span>\n\t\t\t\t\t<\/span>\n\t\t\t\t\t<\/a>\n\t\t\t\t<\/div>\n\t\t\t\t\t\t\t\t<\/div>\n\t\t\t\t<\/div>\n\t\t\t\t\t<\/div>\n\t\t<\/div>\n\t\t\t\t\t<\/div>\n\t\t<\/section>\n\t\t\t\t<section class=\"elementor-section elementor-top-section elementor-element elementor-element-5ba18e2f elementor-section-boxed elementor-section-height-default elementor-section-height-default\" data-id=\"5ba18e2f\" data-element_type=\"section\">\n\t\t\t\t\t\t<div class=\"elementor-container elementor-column-gap-default\">\n\t\t\t\t\t<div class=\"elementor-column elementor-col-100 elementor-top-column elementor-element elementor-element-3492a5cd\" data-id=\"3492a5cd\" data-element_type=\"column\">\n\t\t\t<div class=\"elementor-widget-wrap elementor-element-populated\">\n\t\t\t\t\t\t<div class=\"elementor-element elementor-element-a5a03fa elementor-widget elementor-widget-text-editor\" data-id=\"a5a03fa\" data-element_type=\"widget\" data-widget_type=\"text-editor.default\">\n\t\t\t\t<div class=\"elementor-widget-container\">\n\t\t\t\t\t\t\t\t\t<strong>\nVaksina p\u00ebr t\u00eb Rinj (Vaksin\u00eb H-100): Rigjall\u00ebroni L\u00ebkur\u00ebn Tuaj!<\/strong>\n\nVaksina rinore \u00ebsht\u00eb nj\u00eb metod\u00eb efektive q\u00eb p\u00ebrdoret p\u00ebr t\u00eb zvog\u00ebluar efektet e plakjes dhe p\u00ebr t\u00eb rigjall\u00ebruar l\u00ebkur\u00ebn. E njohur edhe si vaksina H-100 ose Sistemi IAL, kjo vaksin\u00eb rinore synon t\u00eb arrij\u00eb nj\u00eb pamje t\u00eb sh\u00ebndetshme, rrezatuese dhe rinore duke rikthyer acidin hialuronik q\u00eb l\u00ebkura ka humbur. Ja disa pyetje t\u00eb shpeshta n\u00eb lidhje me vaksin\u00ebn rinore: Vaksina rinore dhe acidi hialuronik: Foshnjat kan\u00eb l\u00ebkur\u00eb t\u00eb sh\u00ebndetshme, t\u00eb gjall\u00eb dhe t\u00eb l\u00ebmuar sepse trupat e tyre p\u00ebrmbajn\u00eb acid hialuronik t\u00eb bollsh\u00ebm. Megjithat\u00eb, me procesin e plakjes, sasia e k\u00ebtij acidi zvog\u00eblohet dhe elasticiteti dhe aft\u00ebsia e riparimit t\u00eb l\u00ebkur\u00ebs zvog\u00eblohen. Vaksina rinore synon t\u00eb shtr\u00ebngoj\u00eb dhe rip\u00ebrt\u00ebrij\u00eb l\u00ebkur\u00ebn duke dep\u00ebrtuar n\u00eb t\u00eb me acid hialuronik t\u00eb past\u00ebr. Kush \u00ebsht\u00eb kandidat p\u00ebr Vaksin\u00ebn Rinore?\n<ul>\n \t<li>Individ\u00ebt, l\u00ebkura e t\u00eb cil\u00ebve tregon shenja t\u00eb plakjes.<\/li>\n \t<li>Ata me l\u00ebkur\u00eb t\u00eb d\u00ebmtuar (p\u00ebr shkak t\u00eb pirjes s\u00eb duhanit, alkoolit, ekspozimit n\u00eb diell, akneve, etj.).<\/li>\n \t<li>Ata q\u00eb kan\u00eb nevoj\u00eb p\u00ebr trajtime kund\u00ebr plakjes.<\/li>\n<\/ul>\nAvantazhet e vaksin\u00ebs p\u00ebr t\u00eb rinj\n<ul>\n \t<li>Nuk k\u00ebrkon nd\u00ebrhyrje kirurgjikale.<\/li>\n \t<li>Tregon rezultate t\u00eb menj\u00ebhershme.<\/li>\n \t<li>Rigjall\u00ebron dhe forcon l\u00ebkur\u00ebn me acid hialuronik.<\/li>\n \t<li>Periudh\u00eb e shkurt\u00ebr rikuperimi.<\/li>\n<\/ul>\nAcidi hialuronik dhe p\u00ebrfitimet e tij\n<ul>\n \t<li>Nj\u00eb substanc\u00eb q\u00eb gjendet natyrsh\u00ebm n\u00eb trup.<\/li>\n \t<li>I jep l\u00ebkur\u00ebs elasticitet dhe shk\u00eblqim.<\/li>\n \t<li>\u00cbsht\u00eb p\u00ebrb\u00ebr\u00ebsi kryesor aktiv n\u00eb vaksin\u00ebn p\u00ebr t\u00eb mitur.<\/li>\n \t<li>Ndihmon n\u00eb rigjall\u00ebrimin dhe rigjenerimin e l\u00ebkur\u00ebs.<\/li>\n<\/ul>\nProcesi i Aplikimit dhe Pyetjet e Shpeshta\n<ul>\n \t<li>Vaksina p\u00ebr t\u00eb rinjt\u00eb administrohet mesatarisht n\u00eb 2-3 seanca.<\/li>\n \t<li>Skuqje e leht\u00eb mund t\u00eb shfaqet pas injeksioneve t\u00eb dh\u00ebna me gjilp\u00ebra.<\/li>\n \t<li>Procesi i rikuperimit \u00ebsht\u00eb i shkurt\u00ebr dhe i rehatsh\u00ebm.<\/li>\n \t<li>Pas trajtimit, l\u00ebkura fiton vitalitet, shk\u00eblqim dhe nj\u00eb pamje rinore.<\/li>\n<\/ul>\nVaksina p\u00ebr t\u00eb Rinj dhe Qendra Selda: Aplikimet e vaksin\u00ebs p\u00ebr t\u00eb rinj duhet t\u00eb kryhen nga ekspert\u00eb dhe n\u00eb qendra t\u00eb besueshme.\t\t\t\t\t\t\t\t<\/div>\n\t\t\t\t<\/div>\n\t\t\t\t\t<\/div>\n\t\t<\/div>\n\t\t\t\t\t<\/div>\n\t\t<\/section>\n\t\t\t\t<\/div>","protected":false},"excerpt":{"rendered":"<p>Gen\u00e7lik A\u015f\u0131s\u0131 Hastanede Kal\u0131\u015f S\u00fcresi: Gerekli De\u011fil Operasyon S\u00fcresi: 40 Dakika Anestezi: Gerekli De\u011fil \u0130yile\u015fme S\u00fcresi: Hemen Hemen Randevu Al\u0131n Gen\u00e7lik A\u015f\u0131s\u0131 (H-100 A\u015f\u0131s\u0131): Cildinizi Yeniden Canland\u0131r\u0131n! Gen\u00e7lik a\u015f\u0131s\u0131, ya\u015flanman\u0131n etkilerini azaltmak ve cildi gen\u00e7le\u015ftirmek amac\u0131yla kullan\u0131lan etkili bir y\u00f6ntemdir. H-100 a\u015f\u0131s\u0131 veya IAL Sistem olarak da bilinen bu gen\u00e7lik a\u015f\u0131s\u0131, cildin kaybetti\u011fi hyal\u00fcronik asidi [&hellip;]<\/p>\n","protected":false},"author":2,"featured_media":0,"parent":0,"menu_order":0,"comment_status":"closed","ping_status":"closed","template":"","meta":{"postBodyMargin":[],"postBodyPadding":[],"postBodyBackground":{"backgroundType":"classic","gradient":""},"footnotes":""},"class_list":["post-13584","page","type-page","status-publish","hentry"],"_links":{"self":[{"href":"https:\/\/seldacenter.com\/sq\/wp-json\/wp\/v2\/pages\/13584","targetHints":{"allow":["GET"]}}],"collection":[{"href":"https:\/\/seldacenter.com\/sq\/wp-json\/wp\/v2\/pages"}],"about":[{"href":"https:\/\/seldacenter.com\/sq\/wp-json\/wp\/v2\/types\/page"}],"author":[{"embeddable":true,"href":"https:\/\/seldacenter.com\/sq\/wp-json\/wp\/v2\/users\/2"}],"replies":[{"embeddable":true,"href":"https:\/\/seldacenter.com\/sq\/wp-json\/wp\/v2\/comments?post=13584"}],"version-history":[{"count":10,"href":"https:\/\/seldacenter.com\/sq\/wp-json\/wp\/v2\/pages\/13584\/revisions"}],"predecessor-version":[{"id":14252,"href":"https:\/\/seldacenter.com\/sq\/wp-json\/wp\/v2\/pages\/13584\/revisions\/14252"}],"wp:attachment":[{"href":"https:\/\/seldacenter.com\/sq\/wp-json\/wp\/v2\/media?parent=13584"}],"curies":[{"name":"wp","href":"https:\/\/api.w.org\/{rel}","templated":true}]}}