{"id":13576,"date":"2024-02-17T18:42:23","date_gmt":"2024-02-17T18:42:23","guid":{"rendered":"https:\/\/seldacenter.com\/yeniyapi\/?page_id=13576"},"modified":"2024-03-02T01:59:16","modified_gmt":"2024-03-02T01:59:16","slug":"tek-seanslik-implant-tedavisi","status":"publish","type":"page","link":"https:\/\/seldacenter.com\/sq\/tek-seanslik-implant-tedavisi\/","title":{"rendered":"Trajtim me implante me nj\u00eb seanc\u00eb t\u00eb vetme"},"content":{"rendered":"<div data-elementor-type=\"wp-page\" data-elementor-id=\"13576\" class=\"elementor elementor-13576\" data-elementor-post-type=\"page\">\n\t\t\t\t<section class=\"elementor-section elementor-top-section elementor-element elementor-element-c5e3845 elementor-section-boxed elementor-section-height-default elementor-section-height-default\" data-id=\"c5e3845\" data-element_type=\"section\">\n\t\t\t\t\t\t<div class=\"elementor-container elementor-column-gap-default\">\n\t\t\t\t\t<div class=\"elementor-column elementor-col-50 elementor-top-column elementor-element elementor-element-c2e0c18\" data-id=\"c2e0c18\" data-element_type=\"column\" data-settings=\"{&quot;background_background&quot;:&quot;classic&quot;}\">\n\t\t\t<div class=\"elementor-widget-wrap elementor-element-populated\">\n\t\t\t\t\t\t<div class=\"elementor-element elementor-element-751866e elementor-widget elementor-widget-image\" data-id=\"751866e\" data-element_type=\"widget\" data-widget_type=\"image.default\">\n\t\t\t\t<div class=\"elementor-widget-container\">\n\t\t\t\t\t\t\t\t\t\t\t\t\t\t\t<img fetchpriority=\"high\" decoding=\"async\" width=\"996\" height=\"664\" src=\"https:\/\/seldacenter.com\/wp-content\/uploads\/2024\/03\/portrait-cheerful-nice-looking-elderly-woman-smiles-happily-makes-peace-gesture-shows-v-sign-dressed-red-jumper-with-necklace-expresses-positive-emotions_273609-50092.jpg\" class=\"attachment-full size-full wp-image-14222\" alt=\"\" srcset=\"https:\/\/seldacenter.com\/wp-content\/uploads\/2024\/03\/portrait-cheerful-nice-looking-elderly-woman-smiles-happily-makes-peace-gesture-shows-v-sign-dressed-red-jumper-with-necklace-expresses-positive-emotions_273609-50092.jpg 996w, https:\/\/seldacenter.com\/wp-content\/uploads\/2024\/03\/portrait-cheerful-nice-looking-elderly-woman-smiles-happily-makes-peace-gesture-shows-v-sign-dressed-red-jumper-with-necklace-expresses-positive-emotions_273609-50092-600x400.jpg 600w, https:\/\/seldacenter.com\/wp-content\/uploads\/2024\/03\/portrait-cheerful-nice-looking-elderly-woman-smiles-happily-makes-peace-gesture-shows-v-sign-dressed-red-jumper-with-necklace-expresses-positive-emotions_273609-50092-300x200.jpg 300w, https:\/\/seldacenter.com\/wp-content\/uploads\/2024\/03\/portrait-cheerful-nice-looking-elderly-woman-smiles-happily-makes-peace-gesture-shows-v-sign-dressed-red-jumper-with-necklace-expresses-positive-emotions_273609-50092-768x512.jpg 768w\" sizes=\"(max-width: 996px) 100vw, 996px\" \/>\t\t\t\t\t\t\t\t\t\t\t\t\t\t\t<\/div>\n\t\t\t\t<\/div>\n\t\t\t\t\t<\/div>\n\t\t<\/div>\n\t\t\t\t<div class=\"elementor-column elementor-col-50 elementor-top-column elementor-element elementor-element-de15f4d\" data-id=\"de15f4d\" data-element_type=\"column\">\n\t\t\t<div class=\"elementor-widget-wrap elementor-element-populated\">\n\t\t\t\t\t\t<div class=\"elementor-element elementor-element-9e27f06 elementor-widget-divider--view-line_text elementor-widget-divider--element-align-left elementor-widget elementor-widget-divider\" data-id=\"9e27f06\" data-element_type=\"widget\" data-widget_type=\"divider.default\">\n\t\t\t\t<div class=\"elementor-widget-container\">\n\t\t\t\t\t\t\t<div class=\"elementor-divider\">\n\t\t\t<span class=\"elementor-divider-separator\">\n\t\t\t\t\t\t\t<h3 class=\"elementor-divider__text elementor-divider__element\">\n\t\t\t\tImplant me nj\u00eb seanc\u00eb t\u00eb vetme\t\t\t\t<\/h3>\n\t\t\t\t\t\t<\/span>\n\t\t<\/div>\n\t\t\t\t\t\t<\/div>\n\t\t\t\t<\/div>\n\t\t\t\t<div class=\"elementor-element elementor-element-3d9d04f elementor-align-left elementor-icon-list--layout-traditional elementor-list-item-link-full_width elementor-widget elementor-widget-icon-list\" data-id=\"3d9d04f\" data-element_type=\"widget\" data-widget_type=\"icon-list.default\">\n\t\t\t\t<div class=\"elementor-widget-container\">\n\t\t\t\t\t\t\t<ul class=\"elementor-icon-list-items\">\n\t\t\t\t\t\t\t<li class=\"elementor-icon-list-item\">\n\t\t\t\t\t\t\t\t\t\t\t<span class=\"elementor-icon-list-icon\">\n\t\t\t\t\t\t\t<svg aria-hidden=\"true\" class=\"e-font-icon-svg e-far-hospital\" viewbox=\"0 0 448 512\" xmlns=\"http:\/\/www.w3.org\/2000\/svg\"><path d=\"M128 244v-40c0-6.627 5.373-12 12-12h40c6.627 0 12 5.373 12 12v40c0 6.627-5.373 12-12 12h-40c-6.627 0-12-5.373-12-12zm140 12h40c6.627 0 12-5.373 12-12v-40c0-6.627-5.373-12-12-12h-40c-6.627 0-12 5.373-12 12v40c0 6.627 5.373 12 12 12zm-76 84v-40c0-6.627-5.373-12-12-12h-40c-6.627 0-12 5.373-12 12v40c0 6.627 5.373 12 12 12h40c6.627 0 12-5.373 12-12zm76 12h40c6.627 0 12-5.373 12-12v-40c0-6.627-5.373-12-12-12h-40c-6.627 0-12 5.373-12 12v40c0 6.627 5.373 12 12 12zm180 124v36H0v-36c0-6.627 5.373-12 12-12h19.5V85.035C31.5 73.418 42.245 64 55.5 64H144V24c0-13.255 10.745-24 24-24h112c13.255 0 24 10.745 24 24v40h88.5c13.255 0 24 9.418 24 21.035V464H436c6.627 0 12 5.373 12 12zM79.5 463H192v-67c0-6.627 5.373-12 12-12h40c6.627 0 12 5.373 12 12v67h112.5V112H304v24c0 13.255-10.745 24-24 24H168c-13.255 0-24-10.745-24-24v-24H79.5v351zM266 64h-26V38a6 6 0 0 0-6-6h-20a6 6 0 0 0-6 6v26h-26a6 6 0 0 0-6 6v20a6 6 0 0 0 6 6h26v26a6 6 0 0 0 6 6h20a6 6 0 0 0 6-6V96h26a6 6 0 0 0 6-6V70a6 6 0 0 0-6-6z\"><\/path><\/svg>\t\t\t\t\t\t<\/span>\n\t\t\t\t\t\t\t\t\t\t<span class=\"elementor-icon-list-text\">Q\u00ebndrimi n\u00eb spital: Nuk k\u00ebrkohet<\/span>\n\t\t\t\t\t\t\t\t\t<\/li>\n\t\t\t\t\t\t\t\t<li class=\"elementor-icon-list-item\">\n\t\t\t\t\t\t\t\t\t\t\t<span class=\"elementor-icon-list-icon\">\n\t\t\t\t\t\t\t<svg aria-hidden=\"true\" class=\"e-font-icon-svg e-far-clock\" viewbox=\"0 0 512 512\" xmlns=\"http:\/\/www.w3.org\/2000\/svg\"><path d=\"M256 8C119 8 8 119 8 256s111 248 248 248 248-111 248-248S393 8 256 8zm0 448c-110.5 0-200-89.5-200-200S145.5 56 256 56s200 89.5 200 200-89.5 200-200 200zm61.8-104.4l-84.9-61.7c-3.1-2.3-4.9-5.9-4.9-9.7V116c0-6.6 5.4-12 12-12h32c6.6 0 12 5.4 12 12v141.7l66.8 48.6c5.4 3.9 6.5 11.4 2.6 16.8L334.6 349c-3.9 5.3-11.4 6.5-16.8 2.6z\"><\/path><\/svg>\t\t\t\t\t\t<\/span>\n\t\t\t\t\t\t\t\t\t\t<span class=\"elementor-icon-list-text\">Koha e Funksionimit: 6-8 Or\u00eb<\/span>\n\t\t\t\t\t\t\t\t\t<\/li>\n\t\t\t\t\t\t\t\t<li class=\"elementor-icon-list-item\">\n\t\t\t\t\t\t\t\t\t\t\t<span class=\"elementor-icon-list-icon\">\n\t\t\t\t\t\t\t<svg aria-hidden=\"true\" class=\"e-font-icon-svg e-fas-syringe\" viewbox=\"0 0 512 512\" xmlns=\"http:\/\/www.w3.org\/2000\/svg\"><path d=\"M201.5 174.8l55.7 55.8c3.1 3.1 3.1 8.2 0 11.3l-11.3 11.3c-3.1 3.1-8.2 3.1-11.3 0l-55.7-55.8-45.3 45.3 55.8 55.8c3.1 3.1 3.1 8.2 0 11.3l-11.3 11.3c-3.1 3.1-8.2 3.1-11.3 0L111 265.2l-26.4 26.4c-17.3 17.3-25.6 41.1-23 65.4l7.1 63.6L2.3 487c-3.1 3.1-3.1 8.2 0 11.3l11.3 11.3c3.1 3.1 8.2 3.1 11.3 0l66.3-66.3 63.6 7.1c23.9 2.6 47.9-5.4 65.4-23l181.9-181.9-135.7-135.7-64.9 65zm308.2-93.3L430.5 2.3c-3.1-3.1-8.2-3.1-11.3 0l-11.3 11.3c-3.1 3.1-3.1 8.2 0 11.3l28.3 28.3-45.3 45.3-56.6-56.6-17-17c-3.1-3.1-8.2-3.1-11.3 0l-33.9 33.9c-3.1 3.1-3.1 8.2 0 11.3l17 17L424.8 223l17 17c3.1 3.1 8.2 3.1 11.3 0l33.9-34c3.1-3.1 3.1-8.2 0-11.3l-73.5-73.5 45.3-45.3 28.3 28.3c3.1 3.1 8.2 3.1 11.3 0l11.3-11.3c3.1-3.2 3.1-8.2 0-11.4z\"><\/path><\/svg>\t\t\t\t\t\t<\/span>\n\t\t\t\t\t\t\t\t\t\t<span class=\"elementor-icon-list-text\">Anestezi: Lokale<\/span>\n\t\t\t\t\t\t\t\t\t<\/li>\n\t\t\t\t\t\t\t\t<li class=\"elementor-icon-list-item\">\n\t\t\t\t\t\t\t\t\t\t\t<span class=\"elementor-icon-list-icon\">\n\t\t\t\t\t\t\t<svg aria-hidden=\"true\" class=\"e-font-icon-svg e-far-heart\" viewbox=\"0 0 512 512\" xmlns=\"http:\/\/www.w3.org\/2000\/svg\"><path d=\"M458.4 64.3C400.6 15.7 311.3 23 256 79.3 200.7 23 111.4 15.6 53.6 64.3-21.6 127.6-10.6 230.8 43 285.5l175.4 178.7c10 10.2 23.4 15.9 37.6 15.9 14.3 0 27.6-5.6 37.6-15.8L469 285.6c53.5-54.7 64.7-157.9-10.6-221.3zm-23.6 187.5L259.4 430.5c-2.4 2.4-4.4 2.4-6.8 0L77.2 251.8c-36.5-37.2-43.9-107.6 7.3-150.7 38.9-32.7 98.9-27.8 136.5 10.5l35 35.7 35-35.7c37.8-38.5 97.8-43.2 136.5-10.6 51.1 43.1 43.5 113.9 7.3 150.8z\"><\/path><\/svg>\t\t\t\t\t\t<\/span>\n\t\t\t\t\t\t\t\t\t\t<span class=\"elementor-icon-list-text\">Koha e Rim\u00ebk\u00ebmbjes: 3 Muaj<\/span>\n\t\t\t\t\t\t\t\t\t<\/li>\n\t\t\t\t\t\t<\/ul>\n\t\t\t\t\t\t<\/div>\n\t\t\t\t<\/div>\n\t\t\t\t<div class=\"elementor-element elementor-element-e223c28 elementor-align-justify elementor-widget elementor-widget-button\" data-id=\"e223c28\" data-element_type=\"widget\" data-widget_type=\"button.default\">\n\t\t\t\t<div class=\"elementor-widget-container\">\n\t\t\t\t\t\t\t\t\t<div class=\"elementor-button-wrapper\">\n\t\t\t\t\t<a class=\"elementor-button elementor-button-link elementor-size-sm elementor-animation-buzz\" href=\"https:\/\/seldacenter.com\/sq\/\">\n\t\t\t\t\t\t<span class=\"elementor-button-content-wrapper\">\n\t\t\t\t\t\t\t\t\t<span class=\"elementor-button-text\">Rezervoni nj\u00eb takim tani<\/span>\n\t\t\t\t\t<\/span>\n\t\t\t\t\t<\/a>\n\t\t\t\t<\/div>\n\t\t\t\t\t\t\t\t<\/div>\n\t\t\t\t<\/div>\n\t\t\t\t\t<\/div>\n\t\t<\/div>\n\t\t\t\t\t<\/div>\n\t\t<\/section>\n\t\t\t\t<section class=\"elementor-section elementor-top-section elementor-element elementor-element-222073c3 elementor-section-boxed elementor-section-height-default elementor-section-height-default\" data-id=\"222073c3\" data-element_type=\"section\">\n\t\t\t\t\t\t<div class=\"elementor-container elementor-column-gap-default\">\n\t\t\t\t\t<div class=\"elementor-column elementor-col-100 elementor-top-column elementor-element elementor-element-2a207610\" data-id=\"2a207610\" data-element_type=\"column\">\n\t\t\t<div class=\"elementor-widget-wrap elementor-element-populated\">\n\t\t\t\t\t\t<div class=\"elementor-element elementor-element-51bc78a elementor-widget elementor-widget-text-editor\" data-id=\"51bc78a\" data-element_type=\"widget\" data-widget_type=\"text-editor.default\">\n\t\t\t\t<div class=\"elementor-widget-container\"><p><strong>Trajtimi me implante me nj\u00eb seanc\u00eb t\u00eb vetme: Nj\u00eb zgjidhje e shpejt\u00eb p\u00ebr problemet e humbjes s\u00eb dh\u00ebmb\u00ebve<\/strong><\/p><p>N\u00eb rastet e humbjes s\u00eb dh\u00ebmb\u00ebve ose edentulizmit, trajtimi tradicional me implante zakonisht p\u00ebrfshin nj\u00eb periudh\u00eb sh\u00ebrimi prej disa muajsh pas vendosjes s\u00eb implantit. Megjithat\u00eb, n\u00eb dit\u00ebt e sotme, zgjidhje m\u00eb t\u00eb shpejta si trajtimi me implante me nj\u00eb seanc\u00eb t\u00eb vetme jan\u00eb gjithashtu t\u00eb mundshme, ve\u00e7an\u00ebrisht n\u00eb p\u00ebrgjigje t\u00eb d\u00ebshir\u00ebs s\u00eb pacient\u00ebve p\u00ebr t\u00eb zvog\u00ebluar koh\u00ebn e pritjes.<\/p><p><strong>\u00c7far\u00eb \u00ebsht\u00eb nj\u00eb implant me nj\u00eb seanc\u00eb t\u00eb vetme?<\/strong><\/p><p>Trajtimi me implante me nj\u00eb seanc\u00eb do t\u00eb thot\u00eb q\u00eb implanti vendoset dhe mbi t\u00eb vendoset nj\u00eb kuror\u00eb e p\u00ebrkohshme ose e p\u00ebrhershme n\u00eb t\u00eb nj\u00ebjt\u00ebn seanc\u00eb. Kjo metod\u00eb \u00ebsht\u00eb ve\u00e7an\u00ebrisht e p\u00ebrshtatshme p\u00ebr pacient\u00ebt q\u00eb duan t\u00eb shkurtojn\u00eb periudh\u00ebn e pritjes ose q\u00eb nuk kan\u00eb fare dh\u00ebmb\u00eb. Ky trajtim kryhet duke p\u00ebrdorur teknika t\u00eb ve\u00e7anta dhe implante me cil\u00ebsi t\u00eb lart\u00eb.<\/p><p><strong>Si kryhen procedurat e implanteve dhe fasetave n\u00eb t\u00eb nj\u00ebjt\u00ebn dit\u00eb?<\/strong><\/p><ol class=\"wp-block-list\"><li><strong>Vler\u00ebsimi i pacientit:<\/strong> Hapi i par\u00eb p\u00ebrfshin nj\u00eb vler\u00ebsim t\u00eb pacientit. T\u00eb kesh trash\u00ebsi t\u00eb sh\u00ebndetshme dhe t\u00eb mjaftueshme t\u00eb kockave \u00ebsht\u00eb thelb\u00ebsore p\u00ebr suksesin e k\u00ebsaj metode t\u00eb shpejt\u00eb trajtimi.<\/li>\n\n<li><strong>Vendosja e implantit:<\/strong> N\u00eb zonat me trash\u00ebsi t\u00eb mjaftueshme t\u00eb kockave, vendosen implante t\u00eb p\u00ebrgatitura posa\u00e7\u00ebrisht p\u00ebr t\u2019u aktivizuar n\u00eb sip\u00ebrfaqe. K\u00ebto implante integrohen me kock\u00ebn m\u00eb shpejt sesa implantet konvencionale.<\/li>\n\n<li><strong>Matja dhe p\u00ebrgatitja e veshjes:<\/strong> N\u00ebse pacienti ka edentuliz\u00ebm t\u00eb pjessh\u00ebm (humbje t\u00eb dh\u00ebmb\u00ebve), menj\u00ebher\u00eb pas vendosjes s\u00eb implantit merret nj\u00eb p\u00ebrshtypje e dh\u00ebmbit me pajisjen CEREC. Nj\u00eb faset\u00eb e personalizuar prodhohet brenda gjysm\u00eb ore dhe i vendoset pacientit.<\/li>\n\n<li><strong>Planifikimi tek pacient\u00ebt pa dh\u00ebmb\u00eb:<\/strong> N\u00ebse pacienti nuk ka dh\u00ebmb\u00eb as n\u00eb nofull\u00ebn e sip\u00ebrme dhe as n\u00eb t\u00eb poshtme, s\u00eb pari kryhet nj\u00eb skanim 3D dentar me CT. Vendosja e implanteve p\u00ebrcaktohet nga imazhi i skanimit me CT. Shabllonet dhe protezat e implanteve p\u00ebrgatiten m\u00eb pas duke p\u00ebrdorur nj\u00eb printer 3D.<\/li>\n\n<li><strong>Vendosja e implantit dhe montimi i kuror\u00ebs:<\/strong> Duke p\u00ebrdorur shabllone, implantet vendosen pa dhimbje dhe m\u00eb pas kurora protetike t\u00eb p\u00ebrgatitura paraprakisht vendosen n\u00eb t\u00eb nj\u00ebjt\u00ebn seanc\u00eb.<\/li><\/ol><p><strong>Avantazhet dhe pikat p\u00ebr t&#039;u marr\u00eb n\u00eb konsiderat\u00eb:<\/strong><\/p><ul class=\"wp-block-list\"><li><strong>Zgjidhje e shpejt\u00eb:<\/strong> Trajtimi me implante me nj\u00eb seanc\u00eb t\u00eb vetme u lejon pacient\u00ebve t&#039;u kthehen dh\u00ebmb\u00ebt n\u00eb t\u00eb nj\u00ebjt\u00ebn dit\u00eb.<\/li>\n\n<li><strong>K\u00ebrkesat p\u00ebr kocka t\u00eb sh\u00ebndetshme:<\/strong> Q\u00eb kjo metod\u00eb t\u00eb jet\u00eb e suksesshme, \u00ebsht\u00eb e r\u00ebnd\u00ebsishme t\u00eb keni struktur\u00eb kockore t\u00eb mjaftueshme dhe t\u00eb sh\u00ebndetshme.<\/li>\n\n<li><strong>Teknologji dhe Implante me Cil\u00ebsi t\u00eb Lart\u00eb:<\/strong> Ky trajtim k\u00ebrkon p\u00ebrdorimin e implanteve t\u00eb specializuara dhe teknologjis\u00eb s\u00eb printimit tre-dimensional.<\/li>\n\n<li><strong>Mbik\u00ebqyrja nga nj\u00eb mjek specialist:<\/strong> Kjo metod\u00eb e shpejt\u00eb trajtimi duhet t\u00eb kryhet nga nj\u00eb dentist me p\u00ebrvoj\u00eb.<\/li><\/ul><p>Trajtimi me implante me nj\u00eb seanc\u00eb t\u00eb vetme ofron nj\u00eb zgjidhje t\u00eb shpejt\u00eb dhe efektive, por mund t\u00eb mos jet\u00eb i p\u00ebrshtatsh\u00ebm p\u00ebr \u00e7do pacient. Prandaj, fizibiliteti i k\u00ebtij opsioni trajtimi duhet t\u00eb vler\u00ebsohet s\u00eb bashku nga pacienti dhe dentisti.<\/p><\/div>\n\t\t\t\t<\/div>\n\t\t\t\t\t<\/div>\n\t\t<\/div>\n\t\t\t\t\t<\/div>\n\t\t<\/section>\t\t<\/div>","protected":false},"excerpt":{"rendered":"<p>Tek Seansl\u0131k \u0130mplant Hastanede Kal\u0131\u015f S\u00fcresi: Gerekli De\u011fil Operasyon S\u00fcresi: 6-8 Saat Anestezi: Lokal \u0130yile\u015fme S\u00fcresi: 3 Ay Hemen Randevu Al\u0131n Tek Seansl\u0131k \u0130mplant Tedavisi: Di\u015fsizlik Sorununa H\u0131zl\u0131 \u00c7\u00f6z\u00fcm Di\u015f kayb\u0131 veya di\u015fsizlik durumunda, geleneksel implant tedavisi genellikle implant\u0131n yerle\u015ftirilmesini takiben birka\u00e7 ay s\u00fcren iyile\u015fme s\u00fcrecini i\u00e7erir. Ancak g\u00fcn\u00fcm\u00fczde, \u00f6zellikle hastalar\u0131n bekleme s\u00fcresini k\u0131saltma iste\u011fi [&hellip;]<\/p>\n","protected":false},"author":2,"featured_media":0,"parent":0,"menu_order":0,"comment_status":"closed","ping_status":"closed","template":"","meta":{"postBodyMargin":[],"postBodyPadding":[],"postBodyBackground":{"backgroundType":"classic","gradient":""},"footnotes":""},"class_list":["post-13576","page","type-page","status-publish","hentry"],"_links":{"self":[{"href":"https:\/\/seldacenter.com\/sq\/wp-json\/wp\/v2\/pages\/13576","targetHints":{"allow":["GET"]}}],"collection":[{"href":"https:\/\/seldacenter.com\/sq\/wp-json\/wp\/v2\/pages"}],"about":[{"href":"https:\/\/seldacenter.com\/sq\/wp-json\/wp\/v2\/types\/page"}],"author":[{"embeddable":true,"href":"https:\/\/seldacenter.com\/sq\/wp-json\/wp\/v2\/users\/2"}],"replies":[{"embeddable":true,"href":"https:\/\/seldacenter.com\/sq\/wp-json\/wp\/v2\/comments?post=13576"}],"version-history":[{"count":13,"href":"https:\/\/seldacenter.com\/sq\/wp-json\/wp\/v2\/pages\/13576\/revisions"}],"predecessor-version":[{"id":14225,"href":"https:\/\/seldacenter.com\/sq\/wp-json\/wp\/v2\/pages\/13576\/revisions\/14225"}],"wp:attachment":[{"href":"https:\/\/seldacenter.com\/sq\/wp-json\/wp\/v2\/media?parent=13576"}],"curies":[{"name":"wp","href":"https:\/\/api.w.org\/{rel}","templated":true}]}}