{"id":13566,"date":"2024-02-17T18:35:56","date_gmt":"2024-02-17T18:35:56","guid":{"rendered":"https:\/\/seldacenter.com\/yeniyapi\/?page_id=13566"},"modified":"2024-03-02T01:44:45","modified_gmt":"2024-03-02T01:44:45","slug":"implant-tedavisi","status":"publish","type":"page","link":"https:\/\/seldacenter.com\/sq\/implant-tedavisi\/","title":{"rendered":"Trajtimi i implanteve"},"content":{"rendered":"<div data-elementor-type=\"wp-page\" data-elementor-id=\"13566\" class=\"elementor elementor-13566\" data-elementor-post-type=\"page\">\n\t\t\t\t<section class=\"elementor-section elementor-top-section elementor-element elementor-element-c70a3b0 elementor-section-boxed elementor-section-height-default elementor-section-height-default\" data-id=\"c70a3b0\" data-element_type=\"section\">\n\t\t\t\t\t\t<div class=\"elementor-container elementor-column-gap-default\">\n\t\t\t\t\t<div class=\"elementor-column elementor-col-50 elementor-top-column elementor-element elementor-element-de72405\" data-id=\"de72405\" data-element_type=\"column\" data-settings=\"{&quot;background_background&quot;:&quot;classic&quot;}\">\n\t\t\t<div class=\"elementor-widget-wrap elementor-element-populated\">\n\t\t\t\t\t\t<div class=\"elementor-element elementor-element-76fbb2d elementor-widget elementor-widget-image\" data-id=\"76fbb2d\" data-element_type=\"widget\" data-widget_type=\"image.default\">\n\t\t\t\t<div class=\"elementor-widget-container\">\n\t\t\t\t\t\t\t\t\t\t\t\t\t\t\t<img fetchpriority=\"high\" decoding=\"async\" width=\"996\" height=\"663\" src=\"https:\/\/seldacenter.com\/wp-content\/uploads\/2024\/03\/young-man-with-toothy-smile-demonstrating-his-dental-implant_259150-57670.jpg\" class=\"attachment-full size-full wp-image-14193\" alt=\"\" srcset=\"https:\/\/seldacenter.com\/wp-content\/uploads\/2024\/03\/young-man-with-toothy-smile-demonstrating-his-dental-implant_259150-57670.jpg 996w, https:\/\/seldacenter.com\/wp-content\/uploads\/2024\/03\/young-man-with-toothy-smile-demonstrating-his-dental-implant_259150-57670-600x399.jpg 600w, https:\/\/seldacenter.com\/wp-content\/uploads\/2024\/03\/young-man-with-toothy-smile-demonstrating-his-dental-implant_259150-57670-300x200.jpg 300w, https:\/\/seldacenter.com\/wp-content\/uploads\/2024\/03\/young-man-with-toothy-smile-demonstrating-his-dental-implant_259150-57670-768x511.jpg 768w\" sizes=\"(max-width: 996px) 100vw, 996px\" \/>\t\t\t\t\t\t\t\t\t\t\t\t\t\t\t<\/div>\n\t\t\t\t<\/div>\n\t\t\t\t\t<\/div>\n\t\t<\/div>\n\t\t\t\t<div class=\"elementor-column elementor-col-50 elementor-top-column elementor-element elementor-element-9c50ae6\" data-id=\"9c50ae6\" data-element_type=\"column\">\n\t\t\t<div class=\"elementor-widget-wrap elementor-element-populated\">\n\t\t\t\t\t\t<div class=\"elementor-element elementor-element-b69c40b elementor-widget-divider--view-line_text elementor-widget-divider--element-align-left elementor-widget elementor-widget-divider\" data-id=\"b69c40b\" data-element_type=\"widget\" data-widget_type=\"divider.default\">\n\t\t\t\t<div class=\"elementor-widget-container\">\n\t\t\t\t\t\t\t<div class=\"elementor-divider\">\n\t\t\t<span class=\"elementor-divider-separator\">\n\t\t\t\t\t\t\t<h3 class=\"elementor-divider__text elementor-divider__element\">\n\t\t\t\tTrajtimi i implanteve\t\t\t\t<\/h3>\n\t\t\t\t\t\t<\/span>\n\t\t<\/div>\n\t\t\t\t\t\t<\/div>\n\t\t\t\t<\/div>\n\t\t\t\t<div class=\"elementor-element elementor-element-486c34c elementor-align-left elementor-icon-list--layout-traditional elementor-list-item-link-full_width elementor-widget elementor-widget-icon-list\" data-id=\"486c34c\" data-element_type=\"widget\" data-widget_type=\"icon-list.default\">\n\t\t\t\t<div class=\"elementor-widget-container\">\n\t\t\t\t\t\t\t<ul class=\"elementor-icon-list-items\">\n\t\t\t\t\t\t\t<li class=\"elementor-icon-list-item\">\n\t\t\t\t\t\t\t\t\t\t\t<span class=\"elementor-icon-list-icon\">\n\t\t\t\t\t\t\t<svg aria-hidden=\"true\" class=\"e-font-icon-svg e-far-hospital\" viewbox=\"0 0 448 512\" xmlns=\"http:\/\/www.w3.org\/2000\/svg\"><path d=\"M128 244v-40c0-6.627 5.373-12 12-12h40c6.627 0 12 5.373 12 12v40c0 6.627-5.373 12-12 12h-40c-6.627 0-12-5.373-12-12zm140 12h40c6.627 0 12-5.373 12-12v-40c0-6.627-5.373-12-12-12h-40c-6.627 0-12 5.373-12 12v40c0 6.627 5.373 12 12 12zm-76 84v-40c0-6.627-5.373-12-12-12h-40c-6.627 0-12 5.373-12 12v40c0 6.627 5.373 12 12 12h40c6.627 0 12-5.373 12-12zm76 12h40c6.627 0 12-5.373 12-12v-40c0-6.627-5.373-12-12-12h-40c-6.627 0-12 5.373-12 12v40c0 6.627 5.373 12 12 12zm180 124v36H0v-36c0-6.627 5.373-12 12-12h19.5V85.035C31.5 73.418 42.245 64 55.5 64H144V24c0-13.255 10.745-24 24-24h112c13.255 0 24 10.745 24 24v40h88.5c13.255 0 24 9.418 24 21.035V464H436c6.627 0 12 5.373 12 12zM79.5 463H192v-67c0-6.627 5.373-12 12-12h40c6.627 0 12 5.373 12 12v67h112.5V112H304v24c0 13.255-10.745 24-24 24H168c-13.255 0-24-10.745-24-24v-24H79.5v351zM266 64h-26V38a6 6 0 0 0-6-6h-20a6 6 0 0 0-6 6v26h-26a6 6 0 0 0-6 6v20a6 6 0 0 0 6 6h26v26a6 6 0 0 0 6 6h20a6 6 0 0 0 6-6V96h26a6 6 0 0 0 6-6V70a6 6 0 0 0-6-6z\"><\/path><\/svg>\t\t\t\t\t\t<\/span>\n\t\t\t\t\t\t\t\t\t\t<span class=\"elementor-icon-list-text\">Q\u00ebndrimi n\u00eb spital: Nuk k\u00ebrkohet<\/span>\n\t\t\t\t\t\t\t\t\t<\/li>\n\t\t\t\t\t\t\t\t<li class=\"elementor-icon-list-item\">\n\t\t\t\t\t\t\t\t\t\t\t<span class=\"elementor-icon-list-icon\">\n\t\t\t\t\t\t\t<svg aria-hidden=\"true\" class=\"e-font-icon-svg e-far-clock\" viewbox=\"0 0 512 512\" xmlns=\"http:\/\/www.w3.org\/2000\/svg\"><path d=\"M256 8C119 8 8 119 8 256s111 248 248 248 248-111 248-248S393 8 256 8zm0 448c-110.5 0-200-89.5-200-200S145.5 56 256 56s200 89.5 200 200-89.5 200-200 200zm61.8-104.4l-84.9-61.7c-3.1-2.3-4.9-5.9-4.9-9.7V116c0-6.6 5.4-12 12-12h32c6.6 0 12 5.4 12 12v141.7l66.8 48.6c5.4 3.9 6.5 11.4 2.6 16.8L334.6 349c-3.9 5.3-11.4 6.5-16.8 2.6z\"><\/path><\/svg>\t\t\t\t\t\t<\/span>\n\t\t\t\t\t\t\t\t\t\t<span class=\"elementor-icon-list-text\">Koha e Funksionimit: 6-8 Or\u00eb<\/span>\n\t\t\t\t\t\t\t\t\t<\/li>\n\t\t\t\t\t\t\t\t<li class=\"elementor-icon-list-item\">\n\t\t\t\t\t\t\t\t\t\t\t<span class=\"elementor-icon-list-icon\">\n\t\t\t\t\t\t\t<svg aria-hidden=\"true\" class=\"e-font-icon-svg e-fas-syringe\" viewbox=\"0 0 512 512\" xmlns=\"http:\/\/www.w3.org\/2000\/svg\"><path d=\"M201.5 174.8l55.7 55.8c3.1 3.1 3.1 8.2 0 11.3l-11.3 11.3c-3.1 3.1-8.2 3.1-11.3 0l-55.7-55.8-45.3 45.3 55.8 55.8c3.1 3.1 3.1 8.2 0 11.3l-11.3 11.3c-3.1 3.1-8.2 3.1-11.3 0L111 265.2l-26.4 26.4c-17.3 17.3-25.6 41.1-23 65.4l7.1 63.6L2.3 487c-3.1 3.1-3.1 8.2 0 11.3l11.3 11.3c3.1 3.1 8.2 3.1 11.3 0l66.3-66.3 63.6 7.1c23.9 2.6 47.9-5.4 65.4-23l181.9-181.9-135.7-135.7-64.9 65zm308.2-93.3L430.5 2.3c-3.1-3.1-8.2-3.1-11.3 0l-11.3 11.3c-3.1 3.1-3.1 8.2 0 11.3l28.3 28.3-45.3 45.3-56.6-56.6-17-17c-3.1-3.1-8.2-3.1-11.3 0l-33.9 33.9c-3.1 3.1-3.1 8.2 0 11.3l17 17L424.8 223l17 17c3.1 3.1 8.2 3.1 11.3 0l33.9-34c3.1-3.1 3.1-8.2 0-11.3l-73.5-73.5 45.3-45.3 28.3 28.3c3.1 3.1 8.2 3.1 11.3 0l11.3-11.3c3.1-3.2 3.1-8.2 0-11.4z\"><\/path><\/svg>\t\t\t\t\t\t<\/span>\n\t\t\t\t\t\t\t\t\t\t<span class=\"elementor-icon-list-text\">Anestezi: Lokale<\/span>\n\t\t\t\t\t\t\t\t\t<\/li>\n\t\t\t\t\t\t\t\t<li class=\"elementor-icon-list-item\">\n\t\t\t\t\t\t\t\t\t\t\t<span class=\"elementor-icon-list-icon\">\n\t\t\t\t\t\t\t<svg aria-hidden=\"true\" class=\"e-font-icon-svg e-far-heart\" viewbox=\"0 0 512 512\" xmlns=\"http:\/\/www.w3.org\/2000\/svg\"><path d=\"M458.4 64.3C400.6 15.7 311.3 23 256 79.3 200.7 23 111.4 15.6 53.6 64.3-21.6 127.6-10.6 230.8 43 285.5l175.4 178.7c10 10.2 23.4 15.9 37.6 15.9 14.3 0 27.6-5.6 37.6-15.8L469 285.6c53.5-54.7 64.7-157.9-10.6-221.3zm-23.6 187.5L259.4 430.5c-2.4 2.4-4.4 2.4-6.8 0L77.2 251.8c-36.5-37.2-43.9-107.6 7.3-150.7 38.9-32.7 98.9-27.8 136.5 10.5l35 35.7 35-35.7c37.8-38.5 97.8-43.2 136.5-10.6 51.1 43.1 43.5 113.9 7.3 150.8z\"><\/path><\/svg>\t\t\t\t\t\t<\/span>\n\t\t\t\t\t\t\t\t\t\t<span class=\"elementor-icon-list-text\">Koha e Rim\u00ebk\u00ebmbjes: 3 Muaj<\/span>\n\t\t\t\t\t\t\t\t\t<\/li>\n\t\t\t\t\t\t<\/ul>\n\t\t\t\t\t\t<\/div>\n\t\t\t\t<\/div>\n\t\t\t\t<div class=\"elementor-element elementor-element-ce8bee6 elementor-align-justify elementor-widget elementor-widget-button\" data-id=\"ce8bee6\" data-element_type=\"widget\" data-widget_type=\"button.default\">\n\t\t\t\t<div class=\"elementor-widget-container\">\n\t\t\t\t\t\t\t\t\t<div class=\"elementor-button-wrapper\">\n\t\t\t\t\t<a class=\"elementor-button elementor-button-link elementor-size-sm elementor-animation-buzz\" href=\"https:\/\/seldacenter.com\/sq\/\">\n\t\t\t\t\t\t<span class=\"elementor-button-content-wrapper\">\n\t\t\t\t\t\t\t\t\t<span class=\"elementor-button-text\">Rezervoni nj\u00eb takim tani<\/span>\n\t\t\t\t\t<\/span>\n\t\t\t\t\t<\/a>\n\t\t\t\t<\/div>\n\t\t\t\t\t\t\t\t<\/div>\n\t\t\t\t<\/div>\n\t\t\t\t\t<\/div>\n\t\t<\/div>\n\t\t\t\t\t<\/div>\n\t\t<\/section>\n\t\t\t\t<section class=\"elementor-section elementor-top-section elementor-element elementor-element-4470c047 elementor-section-boxed elementor-section-height-default elementor-section-height-default\" data-id=\"4470c047\" data-element_type=\"section\">\n\t\t\t\t\t\t<div class=\"elementor-container elementor-column-gap-default\">\n\t\t\t\t\t<div class=\"elementor-column elementor-col-100 elementor-top-column elementor-element elementor-element-576bc11d\" data-id=\"576bc11d\" data-element_type=\"column\">\n\t\t\t<div class=\"elementor-widget-wrap elementor-element-populated\">\n\t\t\t\t\t\t<div class=\"elementor-element elementor-element-38cfa264 elementor-widget elementor-widget-text-editor\" data-id=\"38cfa264\" data-element_type=\"widget\" data-widget_type=\"text-editor.default\">\n\t\t\t\t<div class=\"elementor-widget-container\"><p>P\u00ebrparimi i shpejt\u00eb i teknologjis\u00eb po \u00e7on n\u00eb p\u00ebrparim t\u00eb konsideruesh\u00ebm n\u00eb fusha t\u00eb ndryshme t\u00eb mjek\u00ebsis\u00eb moderne. Stomatologjia, n\u00eb k\u00ebt\u00eb kontekst, po kalon nj\u00eb transformim t\u00eb madh me metoda inovative trajtimi q\u00eb ofrojn\u00eb zgjidhje si estetike ashtu edhe funksionale. Ky artikull do t\u00eb p\u00ebrqendrohet n\u00eb trajtimin me implante, nj\u00eb nga avantazhet kryesore t\u00eb stomatologjis\u00eb moderne, dhe metoda t\u00eb tjera t\u00eb r\u00ebnd\u00ebsishme trajtimi.<\/p><p><strong>Trajtimi i implanteve: Nj\u00eb m\u00ebnyr\u00eb p\u00ebr t\u00eb kombinuar estetik\u00ebn dhe funksionin<\/strong><\/p><p>Mungesa e dh\u00ebmb\u00ebve mund t\u00eb \u00e7oj\u00eb jo vet\u00ebm n\u00eb probleme estetike, por edhe funksionale. P\u00ebrparimet n\u00eb teknologji e kan\u00eb b\u00ebr\u00eb t\u00eb mundur trajtimin me implante, duke ofruar nj\u00eb zgjidhje p\u00ebr k\u00ebto probleme. Implantet mund t\u00eb p\u00ebrshkruhen si vida t\u00eb b\u00ebra prej titaniumi q\u00eb vendosen n\u00eb kock\u00ebn e nofull\u00ebs. Disa avantazhe t\u00eb trajtimit me implante p\u00ebrfshijn\u00eb:<\/p><ul class=\"wp-block-list\"><li><strong>Ngjashm\u00ebria me dh\u00ebmb\u00ebt natyral\u00eb:<\/strong> Dh\u00ebmbi q\u00eb mungon mund t\u00eb z\u00ebvend\u00ebsohet pa d\u00ebmtuar dh\u00ebmb\u00ebt fqinj\u00eb.<\/li>\n\n<li><strong>Funksioni Natyror:<\/strong> Implantet dentare funksionojn\u00eb si dh\u00ebmb\u00eb natyral\u00eb, duke ofruar rehati gjat\u00eb t\u00eb folurit, t\u00eb buz\u00ebqeshurit dhe t\u00eb ngr\u00ebnit.<\/li>\n\n<li><strong>Jet\u00ebgjat\u00ebsia:<\/strong> Me kujdesin dhe higjien\u00ebn e duhur, implantet mund t\u00eb zgjasin p\u00ebr shum\u00eb vite.<\/li>\n\n<li><strong>Pamja estetike:<\/strong> Ofron nj\u00eb pamje m\u00eb natyrale krahasuar me alternativa t\u00eb tjera si protezat ose urat.<\/li><\/ul><p><strong>N\u00eb cilat raste p\u00ebrdoren implantet dentare?<\/strong><\/p><ol class=\"wp-block-list\"><li><strong>Mungesa e nj\u00eb dh\u00ebmbi t\u00eb vet\u00ebm:<\/strong> Implantet dentare mund t\u00eb preferohen n\u00eb rastet kur mungon vet\u00ebm nj\u00eb dh\u00ebmb.<\/li>\n\n<li><strong>Edentuliz\u00ebm i plot\u00eb ose i pjessh\u00ebm:<\/strong> N\u00eb rastet kur mungojn\u00eb disa dh\u00ebmb\u00eb, implantet mund t\u00eb p\u00ebrdoren si proteza fikse ose t\u00eb l\u00ebvizshme.<\/li>\n\n<li><strong>Defektet e nofull\u00ebs dhe fytyr\u00ebs:<\/strong> Implantet mund t\u00eb jen\u00eb efektive n\u00eb korrigjimin e defekteve t\u00eb nofull\u00ebs ose t\u00eb fytyr\u00ebs t\u00eb shkaktuara nga arsye t\u00eb ndryshme.<\/li>\n\n<li><strong>Nofulla e atrofizuar:<\/strong> N\u00eb rastet e resorbimit t\u00eb kockave n\u00eb nofull p\u00ebr shkak t\u00eb munges\u00ebs s\u00eb dh\u00ebmb\u00ebve, mund t\u00eb aplikohet trajtimi me implante.<\/li>\n\n<li><strong>Ata q\u00eb nuk preferojn\u00eb protezat e l\u00ebvizshme:<\/strong> P\u00ebr pacient\u00ebt q\u00eb nuk duan t\u00eb p\u00ebrdorin proteza t\u00eb l\u00ebvizshme, implantet mund t\u00eb ofrojn\u00eb nj\u00eb alternativ\u00eb m\u00eb t\u00eb rehatshme.<\/li><\/ol><p><strong>Fazat e trajtimit me implante:<\/strong><\/p><ol class=\"wp-block-list\"><li><strong>Inspektimi dhe Planifikimi:<\/strong> Gjendja e p\u00ebrgjithshme e pacientit vler\u00ebsohet dhe zhvillohet nj\u00eb plan trajtimi duke p\u00ebrdorur rrezet X dhe teknika t\u00eb tjera t\u00eb imazheris\u00eb.<\/li>\n\n<li><strong>Pastrimi dhe p\u00ebrgatitja e dh\u00ebmb\u00ebve:<\/strong> Zona ku mungon dh\u00ebmbi pastrohet dhe, n\u00ebse \u00ebsht\u00eb e nevojshme, p\u00ebrgatitet kocka e nofull\u00ebs.<\/li>\n\n<li><strong>Vendosja e implantit:<\/strong> Implanti i titanit vendoset n\u00eb kock\u00ebn e nofull\u00ebs. Ky hap zakonisht kryhet n\u00ebn anestezi lokale.<\/li>\n\n<li><strong>Procesi i Rim\u00ebk\u00ebmbjes:<\/strong> Implanti pritet t\u00eb bashkohet me kock\u00ebn e nofull\u00ebs. Ky proces mund t\u00eb zgjas\u00eb disa muaj.<\/li>\n\n<li><strong>Protez\u00eb e p\u00ebrkohshme:<\/strong> P\u00ebr t\u00eb parandaluar q\u00eb pacienti t\u00eb humbas\u00eb funksionin gjat\u00eb procesit t\u00eb sh\u00ebrimit, mund t\u00eb aplikohet nj\u00eb protez\u00eb e p\u00ebrkohshme.<\/li>\n\n<li><strong>Proteza t\u00eb p\u00ebrhershme:<\/strong> Pasi sh\u00ebrimi t\u00eb ket\u00eb mbaruar, nj\u00eb protez\u00eb dentare e b\u00ebr\u00eb me porosi vendoset n\u00eb implant.<\/li><\/ol><p><strong>Implantet e Zirkonit: Q\u00ebndrueshm\u00ebria dhe Estetika e Kombinuar<\/strong><\/p><p>T\u00eb zhvilluara si nj\u00eb alternativ\u00eb ndaj implanteve tradicionale t\u00eb titanit, implantet e zirkonit dallohen p\u00ebr q\u00ebndrueshm\u00ebrin\u00eb dhe pamjen e tyre estetike. Ve\u00e7an\u00ebrisht t\u00eb preferuara n\u00eb rastet e nofullave t\u00eb ngushta, implantet e zirkonit ofrojn\u00eb nj\u00eb zgjidhje estetike me bardh\u00ebsin\u00eb e tyre natyrale si t\u00eb dh\u00ebmb\u00ebve.<\/p><p>K\u00ebto metoda inovative trajtimi n\u00eb stomatologjin\u00eb moderne u ofrojn\u00eb pacient\u00ebve zgjidhje me cil\u00ebsi t\u00eb lart\u00eb si n\u00eb aspektin e estetik\u00ebs ashtu edhe n\u00eb at\u00eb t\u00eb funksionit.<\/p><\/div>\n\t\t\t\t<\/div>\n\t\t\t\t\t<\/div>\n\t\t<\/div>\n\t\t\t\t\t<\/div>\n\t\t<\/section>\t\t<\/div>","protected":false},"excerpt":{"rendered":"<p>\u0130mplant Tedavisi Hastanede Kal\u0131\u015f S\u00fcresi: Gerekli De\u011fil Operasyon S\u00fcresi: 6-8 Saat Anestezi: Lokal \u0130yile\u015fme S\u00fcresi: 3 Ay Hemen Randevu Al\u0131n Teknolojinin h\u0131zla geli\u015fimi, modern t\u0131pta \u00e7e\u015fitli alanlarda \u00f6nemli ilerlemelere yol a\u00e7maktad\u0131r. Bu kapsamda di\u015f hekimli\u011fi de, estetik ve fonksiyonel a\u00e7\u0131dan \u00e7\u00f6z\u00fcmler sunan yenilik\u00e7i tedavi y\u00f6ntemleri ile b\u00fcy\u00fck bir d\u00f6n\u00fc\u015f\u00fcm ya\u015famaktad\u0131r. Bu yaz\u0131da, modern di\u015f hekimli\u011finin [&hellip;]<\/p>\n","protected":false},"author":2,"featured_media":0,"parent":0,"menu_order":0,"comment_status":"closed","ping_status":"closed","template":"","meta":{"postBodyMargin":[],"postBodyPadding":[],"postBodyBackground":{"backgroundType":"classic","gradient":""},"footnotes":""},"class_list":["post-13566","page","type-page","status-publish","hentry"],"_links":{"self":[{"href":"https:\/\/seldacenter.com\/sq\/wp-json\/wp\/v2\/pages\/13566","targetHints":{"allow":["GET"]}}],"collection":[{"href":"https:\/\/seldacenter.com\/sq\/wp-json\/wp\/v2\/pages"}],"about":[{"href":"https:\/\/seldacenter.com\/sq\/wp-json\/wp\/v2\/types\/page"}],"author":[{"embeddable":true,"href":"https:\/\/seldacenter.com\/sq\/wp-json\/wp\/v2\/users\/2"}],"replies":[{"embeddable":true,"href":"https:\/\/seldacenter.com\/sq\/wp-json\/wp\/v2\/comments?post=13566"}],"version-history":[{"count":10,"href":"https:\/\/seldacenter.com\/sq\/wp-json\/wp\/v2\/pages\/13566\/revisions"}],"predecessor-version":[{"id":14196,"href":"https:\/\/seldacenter.com\/sq\/wp-json\/wp\/v2\/pages\/13566\/revisions\/14196"}],"wp:attachment":[{"href":"https:\/\/seldacenter.com\/sq\/wp-json\/wp\/v2\/media?parent=13566"}],"curies":[{"name":"wp","href":"https:\/\/api.w.org\/{rel}","templated":true}]}}