{"id":13564,"date":"2024-02-17T18:33:36","date_gmt":"2024-02-17T18:33:36","guid":{"rendered":"https:\/\/seldacenter.com\/yeniyapi\/?page_id=13564"},"modified":"2024-03-02T01:56:41","modified_gmt":"2024-03-02T01:56:41","slug":"e-max-veneers","status":"publish","type":"page","link":"https:\/\/seldacenter.com\/sq\/e-max-veneers\/","title":{"rendered":"Fasetat E-Max"},"content":{"rendered":"<div data-elementor-type=\"wp-page\" data-elementor-id=\"13564\" class=\"elementor elementor-13564\" data-elementor-post-type=\"page\">\n\t\t\t\t<section class=\"elementor-section elementor-top-section elementor-element elementor-element-2444759 elementor-section-boxed elementor-section-height-default elementor-section-height-default\" data-id=\"2444759\" data-element_type=\"section\">\n\t\t\t\t\t\t<div class=\"elementor-container elementor-column-gap-default\">\n\t\t\t\t\t<div class=\"elementor-column elementor-col-50 elementor-top-column elementor-element elementor-element-5beef38\" data-id=\"5beef38\" data-element_type=\"column\" data-settings=\"{&quot;background_background&quot;:&quot;classic&quot;}\">\n\t\t\t<div class=\"elementor-widget-wrap elementor-element-populated\">\n\t\t\t\t\t\t<div class=\"elementor-element elementor-element-85ee19f elementor-widget elementor-widget-image\" data-id=\"85ee19f\" data-element_type=\"widget\" data-widget_type=\"image.default\">\n\t\t\t\t<div class=\"elementor-widget-container\">\n\t\t\t\t\t\t\t\t\t\t\t\t\t\t\t<img fetchpriority=\"high\" decoding=\"async\" width=\"996\" height=\"664\" src=\"https:\/\/seldacenter.com\/wp-content\/uploads\/2024\/03\/dentist-with-smile_144627-891.jpg\" class=\"attachment-full size-full wp-image-14211\" alt=\"\" srcset=\"https:\/\/seldacenter.com\/wp-content\/uploads\/2024\/03\/dentist-with-smile_144627-891.jpg 996w, https:\/\/seldacenter.com\/wp-content\/uploads\/2024\/03\/dentist-with-smile_144627-891-600x400.jpg 600w, https:\/\/seldacenter.com\/wp-content\/uploads\/2024\/03\/dentist-with-smile_144627-891-300x200.jpg 300w, https:\/\/seldacenter.com\/wp-content\/uploads\/2024\/03\/dentist-with-smile_144627-891-768x512.jpg 768w\" sizes=\"(max-width: 996px) 100vw, 996px\" \/>\t\t\t\t\t\t\t\t\t\t\t\t\t\t\t<\/div>\n\t\t\t\t<\/div>\n\t\t\t\t\t<\/div>\n\t\t<\/div>\n\t\t\t\t<div class=\"elementor-column elementor-col-50 elementor-top-column elementor-element elementor-element-f9dd004\" data-id=\"f9dd004\" data-element_type=\"column\">\n\t\t\t<div class=\"elementor-widget-wrap elementor-element-populated\">\n\t\t\t\t\t\t<div class=\"elementor-element elementor-element-b2a9459 elementor-widget-divider--view-line_text elementor-widget-divider--element-align-left elementor-widget elementor-widget-divider\" data-id=\"b2a9459\" data-element_type=\"widget\" data-widget_type=\"divider.default\">\n\t\t\t\t<div class=\"elementor-widget-container\">\n\t\t\t\t\t\t\t<div class=\"elementor-divider\">\n\t\t\t<span class=\"elementor-divider-separator\">\n\t\t\t\t\t\t\t<h3 class=\"elementor-divider__text elementor-divider__element\">\n\t\t\t\tFasetat E-Max\t\t\t\t<\/h3>\n\t\t\t\t\t\t<\/span>\n\t\t<\/div>\n\t\t\t\t\t\t<\/div>\n\t\t\t\t<\/div>\n\t\t\t\t<div class=\"elementor-element elementor-element-3e017ee elementor-align-left elementor-icon-list--layout-traditional elementor-list-item-link-full_width elementor-widget elementor-widget-icon-list\" data-id=\"3e017ee\" data-element_type=\"widget\" data-widget_type=\"icon-list.default\">\n\t\t\t\t<div class=\"elementor-widget-container\">\n\t\t\t\t\t\t\t<ul class=\"elementor-icon-list-items\">\n\t\t\t\t\t\t\t<li class=\"elementor-icon-list-item\">\n\t\t\t\t\t\t\t\t\t\t\t<span class=\"elementor-icon-list-icon\">\n\t\t\t\t\t\t\t<svg aria-hidden=\"true\" class=\"e-font-icon-svg e-far-hospital\" viewbox=\"0 0 448 512\" xmlns=\"http:\/\/www.w3.org\/2000\/svg\"><path d=\"M128 244v-40c0-6.627 5.373-12 12-12h40c6.627 0 12 5.373 12 12v40c0 6.627-5.373 12-12 12h-40c-6.627 0-12-5.373-12-12zm140 12h40c6.627 0 12-5.373 12-12v-40c0-6.627-5.373-12-12-12h-40c-6.627 0-12 5.373-12 12v40c0 6.627 5.373 12 12 12zm-76 84v-40c0-6.627-5.373-12-12-12h-40c-6.627 0-12 5.373-12 12v40c0 6.627 5.373 12 12 12h40c6.627 0 12-5.373 12-12zm76 12h40c6.627 0 12-5.373 12-12v-40c0-6.627-5.373-12-12-12h-40c-6.627 0-12 5.373-12 12v40c0 6.627 5.373 12 12 12zm180 124v36H0v-36c0-6.627 5.373-12 12-12h19.5V85.035C31.5 73.418 42.245 64 55.5 64H144V24c0-13.255 10.745-24 24-24h112c13.255 0 24 10.745 24 24v40h88.5c13.255 0 24 9.418 24 21.035V464H436c6.627 0 12 5.373 12 12zM79.5 463H192v-67c0-6.627 5.373-12 12-12h40c6.627 0 12 5.373 12 12v67h112.5V112H304v24c0 13.255-10.745 24-24 24H168c-13.255 0-24-10.745-24-24v-24H79.5v351zM266 64h-26V38a6 6 0 0 0-6-6h-20a6 6 0 0 0-6 6v26h-26a6 6 0 0 0-6 6v20a6 6 0 0 0 6 6h26v26a6 6 0 0 0 6 6h20a6 6 0 0 0 6-6V96h26a6 6 0 0 0 6-6V70a6 6 0 0 0-6-6z\"><\/path><\/svg>\t\t\t\t\t\t<\/span>\n\t\t\t\t\t\t\t\t\t\t<span class=\"elementor-icon-list-text\">Q\u00ebndrimi n\u00eb spital: Nuk k\u00ebrkohet<\/span>\n\t\t\t\t\t\t\t\t\t<\/li>\n\t\t\t\t\t\t\t\t<li class=\"elementor-icon-list-item\">\n\t\t\t\t\t\t\t\t\t\t\t<span class=\"elementor-icon-list-icon\">\n\t\t\t\t\t\t\t<svg aria-hidden=\"true\" class=\"e-font-icon-svg e-far-clock\" viewbox=\"0 0 512 512\" xmlns=\"http:\/\/www.w3.org\/2000\/svg\"><path d=\"M256 8C119 8 8 119 8 256s111 248 248 248 248-111 248-248S393 8 256 8zm0 448c-110.5 0-200-89.5-200-200S145.5 56 256 56s200 89.5 200 200-89.5 200-200 200zm61.8-104.4l-84.9-61.7c-3.1-2.3-4.9-5.9-4.9-9.7V116c0-6.6 5.4-12 12-12h32c6.6 0 12 5.4 12 12v141.7l66.8 48.6c5.4 3.9 6.5 11.4 2.6 16.8L334.6 349c-3.9 5.3-11.4 6.5-16.8 2.6z\"><\/path><\/svg>\t\t\t\t\t\t<\/span>\n\t\t\t\t\t\t\t\t\t\t<span class=\"elementor-icon-list-text\">Koha e Funksionimit: 6-8 Or\u00eb<\/span>\n\t\t\t\t\t\t\t\t\t<\/li>\n\t\t\t\t\t\t\t\t<li class=\"elementor-icon-list-item\">\n\t\t\t\t\t\t\t\t\t\t\t<span class=\"elementor-icon-list-icon\">\n\t\t\t\t\t\t\t<svg aria-hidden=\"true\" class=\"e-font-icon-svg e-fas-syringe\" viewbox=\"0 0 512 512\" xmlns=\"http:\/\/www.w3.org\/2000\/svg\"><path d=\"M201.5 174.8l55.7 55.8c3.1 3.1 3.1 8.2 0 11.3l-11.3 11.3c-3.1 3.1-8.2 3.1-11.3 0l-55.7-55.8-45.3 45.3 55.8 55.8c3.1 3.1 3.1 8.2 0 11.3l-11.3 11.3c-3.1 3.1-8.2 3.1-11.3 0L111 265.2l-26.4 26.4c-17.3 17.3-25.6 41.1-23 65.4l7.1 63.6L2.3 487c-3.1 3.1-3.1 8.2 0 11.3l11.3 11.3c3.1 3.1 8.2 3.1 11.3 0l66.3-66.3 63.6 7.1c23.9 2.6 47.9-5.4 65.4-23l181.9-181.9-135.7-135.7-64.9 65zm308.2-93.3L430.5 2.3c-3.1-3.1-8.2-3.1-11.3 0l-11.3 11.3c-3.1 3.1-3.1 8.2 0 11.3l28.3 28.3-45.3 45.3-56.6-56.6-17-17c-3.1-3.1-8.2-3.1-11.3 0l-33.9 33.9c-3.1 3.1-3.1 8.2 0 11.3l17 17L424.8 223l17 17c3.1 3.1 8.2 3.1 11.3 0l33.9-34c3.1-3.1 3.1-8.2 0-11.3l-73.5-73.5 45.3-45.3 28.3 28.3c3.1 3.1 8.2 3.1 11.3 0l11.3-11.3c3.1-3.2 3.1-8.2 0-11.4z\"><\/path><\/svg>\t\t\t\t\t\t<\/span>\n\t\t\t\t\t\t\t\t\t\t<span class=\"elementor-icon-list-text\">Anestezi: Lokale<\/span>\n\t\t\t\t\t\t\t\t\t<\/li>\n\t\t\t\t\t\t\t\t<li class=\"elementor-icon-list-item\">\n\t\t\t\t\t\t\t\t\t\t\t<span class=\"elementor-icon-list-icon\">\n\t\t\t\t\t\t\t<svg aria-hidden=\"true\" class=\"e-font-icon-svg e-far-heart\" viewbox=\"0 0 512 512\" xmlns=\"http:\/\/www.w3.org\/2000\/svg\"><path d=\"M458.4 64.3C400.6 15.7 311.3 23 256 79.3 200.7 23 111.4 15.6 53.6 64.3-21.6 127.6-10.6 230.8 43 285.5l175.4 178.7c10 10.2 23.4 15.9 37.6 15.9 14.3 0 27.6-5.6 37.6-15.8L469 285.6c53.5-54.7 64.7-157.9-10.6-221.3zm-23.6 187.5L259.4 430.5c-2.4 2.4-4.4 2.4-6.8 0L77.2 251.8c-36.5-37.2-43.9-107.6 7.3-150.7 38.9-32.7 98.9-27.8 136.5 10.5l35 35.7 35-35.7c37.8-38.5 97.8-43.2 136.5-10.6 51.1 43.1 43.5 113.9 7.3 150.8z\"><\/path><\/svg>\t\t\t\t\t\t<\/span>\n\t\t\t\t\t\t\t\t\t\t<span class=\"elementor-icon-list-text\">Koha e Rim\u00ebk\u00ebmbjes: I menj\u00ebhersh\u00ebm<\/span>\n\t\t\t\t\t\t\t\t\t<\/li>\n\t\t\t\t\t\t<\/ul>\n\t\t\t\t\t\t<\/div>\n\t\t\t\t<\/div>\n\t\t\t\t<div class=\"elementor-element elementor-element-2fbe254 elementor-align-justify elementor-widget elementor-widget-button\" data-id=\"2fbe254\" data-element_type=\"widget\" data-widget_type=\"button.default\">\n\t\t\t\t<div class=\"elementor-widget-container\">\n\t\t\t\t\t\t\t\t\t<div class=\"elementor-button-wrapper\">\n\t\t\t\t\t<a class=\"elementor-button elementor-button-link elementor-size-sm elementor-animation-buzz\" href=\"https:\/\/seldacenter.com\/sq\/\">\n\t\t\t\t\t\t<span class=\"elementor-button-content-wrapper\">\n\t\t\t\t\t\t\t\t\t<span class=\"elementor-button-text\">Rezervoni nj\u00eb takim tani<\/span>\n\t\t\t\t\t<\/span>\n\t\t\t\t\t<\/a>\n\t\t\t\t<\/div>\n\t\t\t\t\t\t\t\t<\/div>\n\t\t\t\t<\/div>\n\t\t\t\t\t<\/div>\n\t\t<\/div>\n\t\t\t\t\t<\/div>\n\t\t<\/section>\n\t\t\t\t<section class=\"elementor-section elementor-top-section elementor-element elementor-element-2479ad56 elementor-section-boxed elementor-section-height-default elementor-section-height-default\" data-id=\"2479ad56\" data-element_type=\"section\">\n\t\t\t\t\t\t<div class=\"elementor-container elementor-column-gap-default\">\n\t\t\t\t\t<div class=\"elementor-column elementor-col-100 elementor-top-column elementor-element elementor-element-4ee14440\" data-id=\"4ee14440\" data-element_type=\"column\">\n\t\t\t<div class=\"elementor-widget-wrap elementor-element-populated\">\n\t\t\t\t\t\t<div class=\"elementor-element elementor-element-3bfbc355 elementor-widget elementor-widget-text-editor\" data-id=\"3bfbc355\" data-element_type=\"widget\" data-widget_type=\"text-editor.default\">\n\t\t\t\t<div class=\"elementor-widget-container\"><p>Sot, stomatologjia estetike ka p\u00ebsuar nj\u00eb evolucion t\u00eb madh me materialet dhe metodat e p\u00ebrparuara q\u00eb ofron teknologjia. Fasetat E-Max dallohen si nj\u00eb nga k\u00ebto inovacione, duke u ofruar pacient\u00ebve nj\u00eb kombinim t\u00eb shk\u00eblqyer t\u00eb estetik\u00ebs dhe q\u00ebndrueshm\u00ebris\u00eb. Ky artikull do t&#039;u p\u00ebrgjigjet n\u00eb m\u00ebnyr\u00eb gjith\u00ebp\u00ebrfshir\u00ebse pyetjeve t\u00eb tilla si \u00e7far\u00eb jan\u00eb fasetat E-Max, cilat jan\u00eb avantazhet e tyre, si aplikohen dhe p\u00ebr k\u00eb jan\u00eb t\u00eb p\u00ebrshtatshme.<\/p><p><strong>\u00c7far\u00eb jan\u00eb fasetat E-Max?<\/strong><\/p><p>Fasetat E-Max jan\u00eb veshje t\u00eb holla t\u00eb b\u00ebra nga materiali i porcelanit disilikat litiumi. T\u00eb aplikuara ve\u00e7an\u00ebrisht n\u00eb dh\u00ebmb\u00ebt e p\u00ebrparm\u00eb, k\u00ebto faseta jan\u00eb nj\u00eb zgjidhje ideale p\u00ebr pacient\u00ebt me shqet\u00ebsime estetike. Materiali disilikat litiumi ka veti shum\u00eb t\u00eb ngjashme me dh\u00ebmb\u00ebt natyral\u00eb dhe \u00ebsht\u00eb i njohur p\u00ebr q\u00ebndrueshm\u00ebrin\u00eb e tij.<\/p><p><strong>Avantazhet<\/strong><\/p><p><strong>1. Pamja estetike<\/strong><\/p><p>Fasetat E-Max jan\u00eb veshje transparente dhe t\u00eb holla q\u00eb imitojn\u00eb pamjen e dh\u00ebmb\u00ebve natyral\u00eb. Fal\u00eb vetive t\u00eb tyre t\u00eb transmetimit t\u00eb drit\u00ebs, ato shk\u00eblqejn\u00eb si dh\u00ebmb\u00ebt natyral\u00eb dhe u premtojn\u00eb pacient\u00ebve nj\u00eb buz\u00ebqeshje estetikisht t\u00eb k\u00ebndshme.<\/p><p><strong>2. Q\u00ebndrueshm\u00ebri e lart\u00eb<\/strong><\/p><p>Materiali i disilikatit t\u00eb litiumit i b\u00ebn fasetat E-Max shum\u00eb rezistente dhe t\u00eb q\u00ebndrueshme ndaj dh\u00ebmb\u00ebve. Ato mund t&#039;i rezistojn\u00eb aktiviteteve t\u00eb p\u00ebrditshme dhe ofrojn\u00eb nj\u00eb zgjidhje afatgjat\u00eb.<\/p><p><strong>3. Biokompatibil<\/strong><\/p><p>Fasetat E-Max p\u00ebrmbajn\u00eb disilikat litiumi, nj\u00eb material biodegradues. Kjo minimizon rrezikun e reaksioneve alergjike dhe rrit biokompatibilitetin.<\/p><p><strong>4. Minimalisht invazive<\/strong><\/p><p>L\u00ebmimi i dh\u00ebmb\u00ebve \u00ebsht\u00eb minimal, q\u00eb do t\u00eb thot\u00eb nj\u00eb proces trajtimi m\u00eb pak invaziv. Dentist\u00ebt ndjekin nj\u00eb qasje m\u00eb delikate p\u00ebr ruajtjen e indeve t\u00eb sh\u00ebndetshme t\u00eb dh\u00ebmb\u00ebve.<\/p><p><strong>5. Stabiliteti i ngjyr\u00ebs<\/strong><\/p><p>Fasetat E-Max kan\u00eb aft\u00ebsin\u00eb t&#039;i rezistojn\u00eb ndryshimit t\u00eb ngjyr\u00ebs me kalimin e koh\u00ebs. Kjo i ndihmon ato t\u00eb ruajn\u00eb pamjen e tyre estetike n\u00eb planin afatgjat\u00eb.<\/p><p><strong>Procesi i Aplikimit<\/strong><\/p><p><strong>1. Inspektimi dhe Planifikimi<\/strong><\/p><p>Dentisti vler\u00ebson nevojat e pacientit, shqyrton struktur\u00ebn e dh\u00ebmb\u00ebve t\u00eb tij dhe krijon nj\u00eb plan trajtimi. P\u00ebrcaktohet ngjyra dhe forma e fasetave.<\/p><p><strong>2. Faza e P\u00ebrgatitjes<\/strong><\/p><p>Sip\u00ebrfaqet e p\u00ebrparme t\u00eb dh\u00ebmb\u00ebve limohen minimalisht. Dentisti merr p\u00ebrshtypje dhe p\u00ebrgatit fasetat e p\u00ebrshtatshme p\u00ebr struktur\u00ebn e dh\u00ebmb\u00ebve t\u00eb pacientit.<\/p><p><strong>3. P\u00ebrgatitja e Laboratorit<\/strong><\/p><p>Matjet d\u00ebrgohen n\u00eb nj\u00eb laborator dentar, ku teknik\u00eb ekspert\u00eb p\u00ebrgatisin fasetat e personalizuara.<\/p><p><strong>4. Vendosja<\/strong><\/p><p>Fasetat p\u00ebrgatiten dhe m\u00eb pas vendosen n\u00eb dh\u00ebmb\u00ebt e pacientit nga dentisti. Kontrollohet ngjyra dhe p\u00ebrshtatshm\u00ebria.<\/p><p><strong>5. Korrigjimi dhe Ngjitja<\/strong><\/p><p>N\u00ebse \u00ebsht\u00eb e nevojshme, b\u00ebhen rregullime dhe fasetat vendosen p\u00ebrgjithmon\u00eb n\u00eb dh\u00ebmb\u00eb duke p\u00ebrdorur ngjit\u00ebs t\u00eb ve\u00e7ant\u00eb.<\/p><p><strong>P\u00ebr k\u00eb \u00ebsht\u00eb i p\u00ebrshtatsh\u00ebm?<\/strong><\/p><p>Fasetat E-Max jan\u00eb nj\u00eb opsion i p\u00ebrshtatsh\u00ebm p\u00ebr k\u00ebdo q\u00eb ka shqet\u00ebsime estetike dhe d\u00ebshiron t\u00eb p\u00ebrmir\u00ebsoj\u00eb pamjen e dh\u00ebmb\u00ebve t\u00eb tij. Pacient\u00ebt q\u00eb duan t\u00eb korrigjojn\u00eb njollat e dh\u00ebmb\u00ebve, t\u00eb mbyllin \u00e7arje, t\u00eb mbushin boshll\u00ebqet dhe t\u00eb riform\u00ebsojn\u00eb dh\u00ebmb\u00ebt e tyre mund ta marrin n\u00eb konsiderat\u00eb k\u00ebt\u00eb trajtim.<\/p><p><strong>P\u00ebrfundim<\/strong><\/p><p>Fasetat E-Max p\u00ebrfaq\u00ebsojn\u00eb nj\u00eb p\u00ebrparim t\u00eb r\u00ebnd\u00ebsish\u00ebm n\u00eb stomatologjin\u00eb estetike, duke u premtuar pacient\u00ebve nj\u00eb buz\u00ebqeshje me pamje natyrale, t\u00eb q\u00ebndrueshme dhe jet\u00ebgjat\u00eb. Duke u konsultuar me dentistin tuaj, ju mund t\u00eb krijoni planin m\u00eb t\u00eb p\u00ebrshtatsh\u00ebm t\u00eb trajtimit p\u00ebr ju dhe t\u00eb arrini buz\u00ebqeshjen e \u00ebndrrave tuaja me fasetat E-Max. Mos harroni, nj\u00eb buz\u00ebqeshje e bukur nuk \u00ebsht\u00eb vet\u00ebm estetikisht e k\u00ebndshme, por gjithashtu mund t\u00eb rris\u00eb vet\u00ebbesimin tuaj.<\/p><\/div>\n\t\t\t\t<\/div>\n\t\t\t\t\t<\/div>\n\t\t<\/div>\n\t\t\t\t\t<\/div>\n\t\t<\/section>\t\t<\/div>","protected":false},"excerpt":{"rendered":"<p>E-Max Veneers Hastanede Kal\u0131\u015f S\u00fcresi: Gerekli De\u011fil Operasyon S\u00fcresi: 6-8 Saat Anestezi: Lokal \u0130yile\u015fme S\u00fcresi: Hemen Hemen Randevu Al\u0131n G\u00fcn\u00fcm\u00fczde estetik di\u015f hekimli\u011fi, teknolojinin sundu\u011fu ileri malzemeler ve y\u00f6ntemlerle b\u00fcy\u00fck bir evrim ge\u00e7irmi\u015ftir. E-Max veneers, bu yeniliklerden biri olarak \u00f6ne \u00e7\u0131kmakta ve hastalara m\u00fckemmel bir estetik ve dayan\u0131kl\u0131l\u0131k kombinasyonu sunmaktad\u0131r. Bu makalede, E-Max veneers&#8217;\u0131n nedir, [&hellip;]<\/p>\n","protected":false},"author":2,"featured_media":0,"parent":0,"menu_order":0,"comment_status":"closed","ping_status":"closed","template":"","meta":{"postBodyMargin":[],"postBodyPadding":[],"postBodyBackground":{"backgroundType":"classic","gradient":""},"footnotes":""},"class_list":["post-13564","page","type-page","status-publish","hentry"],"_links":{"self":[{"href":"https:\/\/seldacenter.com\/sq\/wp-json\/wp\/v2\/pages\/13564","targetHints":{"allow":["GET"]}}],"collection":[{"href":"https:\/\/seldacenter.com\/sq\/wp-json\/wp\/v2\/pages"}],"about":[{"href":"https:\/\/seldacenter.com\/sq\/wp-json\/wp\/v2\/types\/page"}],"author":[{"embeddable":true,"href":"https:\/\/seldacenter.com\/sq\/wp-json\/wp\/v2\/users\/2"}],"replies":[{"embeddable":true,"href":"https:\/\/seldacenter.com\/sq\/wp-json\/wp\/v2\/comments?post=13564"}],"version-history":[{"count":10,"href":"https:\/\/seldacenter.com\/sq\/wp-json\/wp\/v2\/pages\/13564\/revisions"}],"predecessor-version":[{"id":14214,"href":"https:\/\/seldacenter.com\/sq\/wp-json\/wp\/v2\/pages\/13564\/revisions\/14214"}],"wp:attachment":[{"href":"https:\/\/seldacenter.com\/sq\/wp-json\/wp\/v2\/media?parent=13564"}],"curies":[{"name":"wp","href":"https:\/\/api.w.org\/{rel}","templated":true}]}}