{"id":13562,"date":"2024-02-17T18:32:34","date_gmt":"2024-02-17T18:32:34","guid":{"rendered":"https:\/\/seldacenter.com\/yeniyapi\/?page_id=13562"},"modified":"2024-03-02T01:37:49","modified_gmt":"2024-03-02T01:37:49","slug":"dis-temizleme-islemi","status":"publish","type":"page","link":"https:\/\/seldacenter.com\/sq\/dis-temizleme-islemi\/","title":{"rendered":"Procedura e Pastrimit t\u00eb Dh\u00ebmb\u00ebve"},"content":{"rendered":"<div data-elementor-type=\"wp-page\" data-elementor-id=\"13562\" class=\"elementor elementor-13562\" data-elementor-post-type=\"page\">\n\t\t\t\t\t\t<section class=\"elementor-section elementor-top-section elementor-element elementor-element-faeafbb elementor-section-boxed elementor-section-height-default elementor-section-height-default\" data-id=\"faeafbb\" data-element_type=\"section\">\n\t\t\t\t\t\t<div class=\"elementor-container elementor-column-gap-default\">\n\t\t\t\t\t<div class=\"elementor-column elementor-col-50 elementor-top-column elementor-element elementor-element-22a9123\" data-id=\"22a9123\" data-element_type=\"column\" data-settings=\"{&quot;background_background&quot;:&quot;classic&quot;}\">\n\t\t\t<div class=\"elementor-widget-wrap elementor-element-populated\">\n\t\t\t\t\t\t<div class=\"elementor-element elementor-element-815f20b elementor-widget elementor-widget-image\" data-id=\"815f20b\" data-element_type=\"widget\" data-widget_type=\"image.default\">\n\t\t\t\t<div class=\"elementor-widget-container\">\n\t\t\t\t\t\t\t\t\t\t\t\t\t\t\t<img fetchpriority=\"high\" decoding=\"async\" width=\"996\" height=\"664\" src=\"https:\/\/seldacenter.com\/wp-content\/uploads\/2024\/03\/beautiful-blond-girl-with-long-healthy-hair-laughing-smiling-camera-standing-summer-clothes-white-background_176420-50447.jpg\" class=\"attachment-full size-full wp-image-14180\" alt=\"\" srcset=\"https:\/\/seldacenter.com\/wp-content\/uploads\/2024\/03\/beautiful-blond-girl-with-long-healthy-hair-laughing-smiling-camera-standing-summer-clothes-white-background_176420-50447.jpg 996w, https:\/\/seldacenter.com\/wp-content\/uploads\/2024\/03\/beautiful-blond-girl-with-long-healthy-hair-laughing-smiling-camera-standing-summer-clothes-white-background_176420-50447-600x400.jpg 600w, https:\/\/seldacenter.com\/wp-content\/uploads\/2024\/03\/beautiful-blond-girl-with-long-healthy-hair-laughing-smiling-camera-standing-summer-clothes-white-background_176420-50447-300x200.jpg 300w, https:\/\/seldacenter.com\/wp-content\/uploads\/2024\/03\/beautiful-blond-girl-with-long-healthy-hair-laughing-smiling-camera-standing-summer-clothes-white-background_176420-50447-768x512.jpg 768w\" sizes=\"(max-width: 996px) 100vw, 996px\" \/>\t\t\t\t\t\t\t\t\t\t\t\t\t\t\t<\/div>\n\t\t\t\t<\/div>\n\t\t\t\t\t<\/div>\n\t\t<\/div>\n\t\t\t\t<div class=\"elementor-column elementor-col-50 elementor-top-column elementor-element elementor-element-841d1a4\" data-id=\"841d1a4\" data-element_type=\"column\">\n\t\t\t<div class=\"elementor-widget-wrap elementor-element-populated\">\n\t\t\t\t\t\t<div class=\"elementor-element elementor-element-258ed84 elementor-widget-divider--view-line_text elementor-widget-divider--element-align-left elementor-widget elementor-widget-divider\" data-id=\"258ed84\" data-element_type=\"widget\" data-widget_type=\"divider.default\">\n\t\t\t\t<div class=\"elementor-widget-container\">\n\t\t\t\t\t\t\t<div class=\"elementor-divider\">\n\t\t\t<span class=\"elementor-divider-separator\">\n\t\t\t\t\t\t\t<h3 class=\"elementor-divider__text elementor-divider__element\">\n\t\t\t\tPastrimi i dh\u00ebmb\u00ebve\t\t\t\t<\/h3>\n\t\t\t\t\t\t<\/span>\n\t\t<\/div>\n\t\t\t\t\t\t<\/div>\n\t\t\t\t<\/div>\n\t\t\t\t<div class=\"elementor-element elementor-element-0800635 elementor-align-left elementor-icon-list--layout-traditional elementor-list-item-link-full_width elementor-widget elementor-widget-icon-list\" data-id=\"0800635\" data-element_type=\"widget\" data-widget_type=\"icon-list.default\">\n\t\t\t\t<div class=\"elementor-widget-container\">\n\t\t\t\t\t\t\t<ul class=\"elementor-icon-list-items\">\n\t\t\t\t\t\t\t<li class=\"elementor-icon-list-item\">\n\t\t\t\t\t\t\t\t\t\t\t<span class=\"elementor-icon-list-icon\">\n\t\t\t\t\t\t\t<svg aria-hidden=\"true\" class=\"e-font-icon-svg e-far-hospital\" viewbox=\"0 0 448 512\" xmlns=\"http:\/\/www.w3.org\/2000\/svg\"><path d=\"M128 244v-40c0-6.627 5.373-12 12-12h40c6.627 0 12 5.373 12 12v40c0 6.627-5.373 12-12 12h-40c-6.627 0-12-5.373-12-12zm140 12h40c6.627 0 12-5.373 12-12v-40c0-6.627-5.373-12-12-12h-40c-6.627 0-12 5.373-12 12v40c0 6.627 5.373 12 12 12zm-76 84v-40c0-6.627-5.373-12-12-12h-40c-6.627 0-12 5.373-12 12v40c0 6.627 5.373 12 12 12h40c6.627 0 12-5.373 12-12zm76 12h40c6.627 0 12-5.373 12-12v-40c0-6.627-5.373-12-12-12h-40c-6.627 0-12 5.373-12 12v40c0 6.627 5.373 12 12 12zm180 124v36H0v-36c0-6.627 5.373-12 12-12h19.5V85.035C31.5 73.418 42.245 64 55.5 64H144V24c0-13.255 10.745-24 24-24h112c13.255 0 24 10.745 24 24v40h88.5c13.255 0 24 9.418 24 21.035V464H436c6.627 0 12 5.373 12 12zM79.5 463H192v-67c0-6.627 5.373-12 12-12h40c6.627 0 12 5.373 12 12v67h112.5V112H304v24c0 13.255-10.745 24-24 24H168c-13.255 0-24-10.745-24-24v-24H79.5v351zM266 64h-26V38a6 6 0 0 0-6-6h-20a6 6 0 0 0-6 6v26h-26a6 6 0 0 0-6 6v20a6 6 0 0 0 6 6h26v26a6 6 0 0 0 6 6h20a6 6 0 0 0 6-6V96h26a6 6 0 0 0 6-6V70a6 6 0 0 0-6-6z\"><\/path><\/svg>\t\t\t\t\t\t<\/span>\n\t\t\t\t\t\t\t\t\t\t<span class=\"elementor-icon-list-text\">Q\u00ebndrimi n\u00eb spital: Nuk k\u00ebrkohet<\/span>\n\t\t\t\t\t\t\t\t\t<\/li>\n\t\t\t\t\t\t\t\t<li class=\"elementor-icon-list-item\">\n\t\t\t\t\t\t\t\t\t\t\t<span class=\"elementor-icon-list-icon\">\n\t\t\t\t\t\t\t<svg aria-hidden=\"true\" class=\"e-font-icon-svg e-far-clock\" viewbox=\"0 0 512 512\" xmlns=\"http:\/\/www.w3.org\/2000\/svg\"><path d=\"M256 8C119 8 8 119 8 256s111 248 248 248 248-111 248-248S393 8 256 8zm0 448c-110.5 0-200-89.5-200-200S145.5 56 256 56s200 89.5 200 200-89.5 200-200 200zm61.8-104.4l-84.9-61.7c-3.1-2.3-4.9-5.9-4.9-9.7V116c0-6.6 5.4-12 12-12h32c6.6 0 12 5.4 12 12v141.7l66.8 48.6c5.4 3.9 6.5 11.4 2.6 16.8L334.6 349c-3.9 5.3-11.4 6.5-16.8 2.6z\"><\/path><\/svg>\t\t\t\t\t\t<\/span>\n\t\t\t\t\t\t\t\t\t\t<span class=\"elementor-icon-list-text\">Koha e Funksionimit: 6-8 Or\u00eb<\/span>\n\t\t\t\t\t\t\t\t\t<\/li>\n\t\t\t\t\t\t\t\t<li class=\"elementor-icon-list-item\">\n\t\t\t\t\t\t\t\t\t\t\t<span class=\"elementor-icon-list-icon\">\n\t\t\t\t\t\t\t<svg aria-hidden=\"true\" class=\"e-font-icon-svg e-fas-syringe\" viewbox=\"0 0 512 512\" xmlns=\"http:\/\/www.w3.org\/2000\/svg\"><path d=\"M201.5 174.8l55.7 55.8c3.1 3.1 3.1 8.2 0 11.3l-11.3 11.3c-3.1 3.1-8.2 3.1-11.3 0l-55.7-55.8-45.3 45.3 55.8 55.8c3.1 3.1 3.1 8.2 0 11.3l-11.3 11.3c-3.1 3.1-8.2 3.1-11.3 0L111 265.2l-26.4 26.4c-17.3 17.3-25.6 41.1-23 65.4l7.1 63.6L2.3 487c-3.1 3.1-3.1 8.2 0 11.3l11.3 11.3c3.1 3.1 8.2 3.1 11.3 0l66.3-66.3 63.6 7.1c23.9 2.6 47.9-5.4 65.4-23l181.9-181.9-135.7-135.7-64.9 65zm308.2-93.3L430.5 2.3c-3.1-3.1-8.2-3.1-11.3 0l-11.3 11.3c-3.1 3.1-3.1 8.2 0 11.3l28.3 28.3-45.3 45.3-56.6-56.6-17-17c-3.1-3.1-8.2-3.1-11.3 0l-33.9 33.9c-3.1 3.1-3.1 8.2 0 11.3l17 17L424.8 223l17 17c3.1 3.1 8.2 3.1 11.3 0l33.9-34c3.1-3.1 3.1-8.2 0-11.3l-73.5-73.5 45.3-45.3 28.3 28.3c3.1 3.1 8.2 3.1 11.3 0l11.3-11.3c3.1-3.2 3.1-8.2 0-11.4z\"><\/path><\/svg>\t\t\t\t\t\t<\/span>\n\t\t\t\t\t\t\t\t\t\t<span class=\"elementor-icon-list-text\">Anestezi: Lokale<\/span>\n\t\t\t\t\t\t\t\t\t<\/li>\n\t\t\t\t\t\t\t\t<li class=\"elementor-icon-list-item\">\n\t\t\t\t\t\t\t\t\t\t\t<span class=\"elementor-icon-list-icon\">\n\t\t\t\t\t\t\t<svg aria-hidden=\"true\" class=\"e-font-icon-svg e-far-heart\" viewbox=\"0 0 512 512\" xmlns=\"http:\/\/www.w3.org\/2000\/svg\"><path d=\"M458.4 64.3C400.6 15.7 311.3 23 256 79.3 200.7 23 111.4 15.6 53.6 64.3-21.6 127.6-10.6 230.8 43 285.5l175.4 178.7c10 10.2 23.4 15.9 37.6 15.9 14.3 0 27.6-5.6 37.6-15.8L469 285.6c53.5-54.7 64.7-157.9-10.6-221.3zm-23.6 187.5L259.4 430.5c-2.4 2.4-4.4 2.4-6.8 0L77.2 251.8c-36.5-37.2-43.9-107.6 7.3-150.7 38.9-32.7 98.9-27.8 136.5 10.5l35 35.7 35-35.7c37.8-38.5 97.8-43.2 136.5-10.6 51.1 43.1 43.5 113.9 7.3 150.8z\"><\/path><\/svg>\t\t\t\t\t\t<\/span>\n\t\t\t\t\t\t\t\t\t\t<span class=\"elementor-icon-list-text\">Koha e Rim\u00ebk\u00ebmbjes: 6-12 Muaj<\/span>\n\t\t\t\t\t\t\t\t\t<\/li>\n\t\t\t\t\t\t<\/ul>\n\t\t\t\t\t\t<\/div>\n\t\t\t\t<\/div>\n\t\t\t\t<div class=\"elementor-element elementor-element-de8505e elementor-align-justify elementor-widget elementor-widget-button\" data-id=\"de8505e\" data-element_type=\"widget\" data-widget_type=\"button.default\">\n\t\t\t\t<div class=\"elementor-widget-container\">\n\t\t\t\t\t\t\t\t\t<div class=\"elementor-button-wrapper\">\n\t\t\t\t\t<a class=\"elementor-button elementor-button-link elementor-size-sm elementor-animation-buzz\" href=\"https:\/\/seldacenter.com\/sq\/\">\n\t\t\t\t\t\t<span class=\"elementor-button-content-wrapper\">\n\t\t\t\t\t\t\t\t\t<span class=\"elementor-button-text\">Rezervoni nj\u00eb takim tani<\/span>\n\t\t\t\t\t<\/span>\n\t\t\t\t\t<\/a>\n\t\t\t\t<\/div>\n\t\t\t\t\t\t\t\t<\/div>\n\t\t\t\t<\/div>\n\t\t\t\t\t<\/div>\n\t\t<\/div>\n\t\t\t\t\t<\/div>\n\t\t<\/section>\n\t\t\t\t<section class=\"elementor-section elementor-top-section elementor-element elementor-element-20952fa5 elementor-section-boxed elementor-section-height-default elementor-section-height-default\" data-id=\"20952fa5\" data-element_type=\"section\">\n\t\t\t\t\t\t<div class=\"elementor-container elementor-column-gap-default\">\n\t\t\t\t\t<div class=\"elementor-column elementor-col-100 elementor-top-column elementor-element elementor-element-2b1c82b7\" data-id=\"2b1c82b7\" data-element_type=\"column\">\n\t\t\t<div class=\"elementor-widget-wrap elementor-element-populated\">\n\t\t\t\t\t\t<div class=\"elementor-element elementor-element-4030d866 elementor-widget elementor-widget-text-editor\" data-id=\"4030d866\" data-element_type=\"widget\" data-widget_type=\"text-editor.default\">\n\t\t\t\t<div class=\"elementor-widget-container\">\n\t\t\t\t\t\t\t\t\t<strong>\nProcedura e Pastrimit t\u00eb Dh\u00ebmb\u00ebve<\/strong>\n\nPastrimi i dh\u00ebmb\u00ebve i referohet heqjes profesionale t\u00eb mikrobeve, pllak\u00ebs bakteriale dhe njollave q\u00eb grumbullohen n\u00eb dh\u00ebmb\u00eb.\n\n<strong>Si ta b\u00ebsh?<\/strong>\n<ol>\n \t<li><strong>Pastrimi i dh\u00ebmb\u00ebve me mjete dore:<\/strong>\n<ul>\n \t<li>Nj\u00eb dentist ose higjienist dentar p\u00ebrdor instrumente t\u00eb specializuara p\u00ebr t\u00eb hequr pllak\u00ebn dhe tartarin q\u00eb grumbullohet n\u00eb dh\u00ebmb\u00eb.<\/li>\n \t<li>Gur\u00ebt dentar\u00eb posht\u00eb vij\u00ebs s\u00eb mishrave t\u00eb dh\u00ebmb\u00ebve mund t\u00eb hiqen edhe me instrumente dore.<\/li>\n<\/ul>\n<\/li>\n \t<li><strong>Makineri me ultratinguj p\u00ebr heqjen e gur\u00ebzave t\u00eb dh\u00ebmb\u00ebve:<\/strong>\n<ul>\n \t<li>Majat vibruese me frekuenc\u00eb t\u00eb lart\u00eb shkat\u00ebrrojn\u00eb pllak\u00ebn dentare.<\/li>\n \t<li>P\u00ebrdoret s\u00eb bashku me nj\u00eb funksion sp\u00ebrkatjeje me uj\u00eb.<\/li>\n<\/ul>\n<\/li>\n \t<li><strong>Pastrimi i dh\u00ebmb\u00ebve me mjete lustruese:<\/strong>\n<ul>\n \t<li>Lustrimi mund t\u00eb b\u00ebhet me makina q\u00eb p\u00ebrdorin uj\u00eb dhe pluhur me presion t\u00eb lart\u00eb.<\/li>\n \t<li>Dh\u00ebmb\u00ebt mund t\u00eb lustrohen duke p\u00ebrdorur fur\u00e7a dhe sete lustruese.<\/li>\n<\/ul>\n<\/li>\n<\/ol>\n<strong>Pse b\u00ebhet?<\/strong>\n<ul>\n \t<li>Higjiena dentare mbron sh\u00ebndetin e mishrave t\u00eb dh\u00ebmb\u00ebve dhe ndihmon n\u00eb parandalimin e prishjes s\u00eb dh\u00ebmb\u00ebve dhe s\u00ebmundjeve t\u00eb mishrave t\u00eb dh\u00ebmb\u00ebve.<\/li>\n \t<li>Pastrimi i dh\u00ebmb\u00ebve mund t\u00eb kryhet edhe p\u00ebr q\u00ebllime estetike. Q\u00ebllimi \u00ebsht\u00eb t\u00eb hiqen njollat e shkaktuara nga ushqimet me ngjyr\u00eb t\u00eb tep\u00ebrt.<\/li>\n<\/ul>\n<strong>P\u00ebrfitimet:<\/strong>\n<ol>\n \t<li><strong>Sh\u00ebndeti Dentar:<\/strong>\n<ul>\n \t<li>Heqja e pllak\u00ebs dhe gur\u00ebzave ndihmon n\u00eb parandalimin e s\u00ebmundjeve t\u00eb mishrave t\u00eb dh\u00ebmb\u00ebve.<\/li>\n \t<li>Rreziku i prishjes s\u00eb dh\u00ebmb\u00ebve dhe problemeve t\u00eb tjera orale zvog\u00eblohet.<\/li>\n<\/ul>\n<\/li>\n \t<li><strong>Efekti zbardhues:<\/strong>\n<ul>\n \t<li>Pastrimi i dh\u00ebmb\u00ebve zvog\u00eblon njollat, duke rezultuar n\u00eb dh\u00ebmb\u00eb t\u00eb bardh\u00eb estetikisht t\u00eb k\u00ebndsh\u00ebm.<\/li>\n<\/ul>\n<\/li>\n \t<li><strong>Kontrolli bakterial:<\/strong>\n<ul>\n \t<li>Pastrimi i dh\u00ebmb\u00ebve ndihmon n\u00eb kontrollin e numrit t\u00eb baktereve n\u00eb goj\u00eb.<\/li>\n \t<li>Mund t\u00eb zvog\u00ebloj\u00eb rrezikun e s\u00ebmundjeve neurologjike t\u00eb shoq\u00ebruara me tartarin dentar.<\/li>\n<\/ul>\n<\/li>\n<\/ol>\n<strong>Llojet e metodave t\u00eb pastrimit t\u00eb dh\u00ebmb\u00ebve:<\/strong>\n<ul>\n \t<li><strong>Heqja e gur\u00ebzave dentare:<\/strong> Kjo p\u00ebrfshin heqjen e gur\u00ebzave dentare nga profesionist\u00ebt.<\/li>\n \t<li><strong>Lyerja dhe lustrimi i dh\u00ebmb\u00ebve:<\/strong> Sip\u00ebrfaqja e dh\u00ebmb\u00ebve \u00ebsht\u00eb e l\u00ebmuar dhe i jepet shk\u00eblqim.<\/li>\n<\/ul>\n<strong>Pastrimi dhe zbardhja e dh\u00ebmb\u00ebve:<\/strong>\n<ul>\n \t<li>Pastrimi i dh\u00ebmb\u00ebve zakonisht b\u00ebhet p\u00ebr t\u00eb ruajtur mishrat dhe dh\u00ebmb\u00ebt e sh\u00ebndetsh\u00ebm, jo p\u00ebr t&#039;i zbardhur ato. Megjithat\u00eb, zbardhja mund t\u00eb arrihet natyrsh\u00ebm.<\/li>\n<\/ul>\n<strong>Mjete p\u00ebr pastrimin e dh\u00ebmb\u00ebve:<\/strong>\n<ul>\n \t<li><strong>Mjete dore:<\/strong> P\u00ebrdoret p\u00ebr t\u00eb hequr pllak\u00ebn dhe tartarin n\u00ebn mbik\u00ebqyrjen e nj\u00eb specialisti.<\/li>\n \t<li><strong>Makineri me ultratinguj p\u00ebr heqjen e gur\u00ebzave t\u00eb dh\u00ebmb\u00ebve:<\/strong> Ai cop\u00ebton pllak\u00ebn dentare me maja vibruese me frekuenc\u00eb t\u00eb lart\u00eb.<\/li>\n \t<li><strong>Pastrimi i dh\u00ebmb\u00ebve me lazer:<\/strong> Pastrimi i dh\u00ebmb\u00ebve dhe mishrave t\u00eb dh\u00ebmb\u00ebve kryhet duke p\u00ebrdorur teknologjin\u00eb lazer.<\/li>\n<\/ul>\n<strong>\u00c7mimi i Pastrimit t\u00eb Dentar\u00ebve:<\/strong>\n<ul>\n \t<li>Ekziston nj\u00eb pag\u00eb minimale e p\u00ebrcaktuar nga Shoqata Mjek\u00ebsore Turke.<\/li>\n \t<li>\u00c7mimi i pastrimit t\u00eb dh\u00ebmb\u00ebve mund t\u00eb ndryshoj\u00eb n\u00eb var\u00ebsi t\u00eb pajisjeve dhe materialeve t\u00eb p\u00ebrdorura.<\/li>\n<\/ul>\n<strong>A \u00ebsht\u00eb pluhuri p\u00ebr pastrimin e dh\u00ebmb\u00ebve i d\u00ebmsh\u00ebm?<\/strong>\n<ul>\n \t<li>P\u00ebrdorimi pa kriter i pluhurave p\u00ebr pastrimin e dh\u00ebmb\u00ebve dhe produkteve t\u00eb ngjashme mund t\u00eb d\u00ebmtoj\u00eb dh\u00ebmb\u00ebt.<\/li>\n \t<li>Nuk duhet t\u00eb p\u00ebrdoret pa rekomandimin e mjekut.<\/li>\n<\/ul>\n<strong>Cilat jan\u00eb disa mjete q\u00eb p\u00ebrdoren si mjete pastrimi dh\u00ebmb\u00ebsh?<\/strong>\n<ul>\n \t<li>Mund t\u00eb p\u00ebrdoren vegla dore, pastrues tejzanor dhe teknologji lazeri.<\/li>\n \t<li>Zgjedhja e metod\u00ebs \u00ebsht\u00eb nj\u00eb vendim i marr\u00eb bashk\u00ebrisht nga mjeku dhe pacienti.<\/li>\n<\/ul>\nPastrimi i dh\u00ebmb\u00ebve \u00ebsht\u00eb i r\u00ebnd\u00ebsish\u00ebm jo vet\u00ebm p\u00ebr arritjen e bardh\u00ebsis\u00eb estetike, por edhe p\u00ebr ruajtjen e sh\u00ebndetit oral. Pacienti dhe mjeku duhet t\u00eb punojn\u00eb s\u00eb bashku p\u00ebr t\u00eb zgjedhur metod\u00ebn m\u00eb t\u00eb p\u00ebrshtatshme t\u00eb pastrimit.\t\t\t\t\t\t\t\t<\/div>\n\t\t\t\t<\/div>\n\t\t\t\t\t<\/div>\n\t\t<\/div>\n\t\t\t\t\t<\/div>\n\t\t<\/section>\n\t\t\t\t<\/div>","protected":false},"excerpt":{"rendered":"<p>Di\u015f Temizleme Hastanede Kal\u0131\u015f S\u00fcresi: Gerekli De\u011fil Operasyon S\u00fcresi: 6-8 Saat Anestezi: Lokal \u0130yile\u015fme S\u00fcresi: 6-12 Ay Hemen Randevu Al\u0131n Di\u015f Temizleme \u0130\u015flemi Di\u015f temizleme i\u015flemi, di\u015flerde biriken mikroplar, bakteri pla\u011f\u0131 ve renklenmelerin uzmanlar taraf\u0131ndan temizlenmesini ifade eder. Nas\u0131l Yap\u0131l\u0131r? El Aletleri ile Di\u015f Temizleme: Di\u015f hekimi veya di\u015f hijyenisti, \u00f6zel aletler kullanarak di\u015flerde biriken [&hellip;]<\/p>\n","protected":false},"author":2,"featured_media":0,"parent":0,"menu_order":0,"comment_status":"closed","ping_status":"closed","template":"","meta":{"postBodyMargin":[],"postBodyPadding":[],"postBodyBackground":{"backgroundType":"classic","gradient":""},"footnotes":""},"class_list":["post-13562","page","type-page","status-publish","hentry"],"_links":{"self":[{"href":"https:\/\/seldacenter.com\/sq\/wp-json\/wp\/v2\/pages\/13562","targetHints":{"allow":["GET"]}}],"collection":[{"href":"https:\/\/seldacenter.com\/sq\/wp-json\/wp\/v2\/pages"}],"about":[{"href":"https:\/\/seldacenter.com\/sq\/wp-json\/wp\/v2\/types\/page"}],"author":[{"embeddable":true,"href":"https:\/\/seldacenter.com\/sq\/wp-json\/wp\/v2\/users\/2"}],"replies":[{"embeddable":true,"href":"https:\/\/seldacenter.com\/sq\/wp-json\/wp\/v2\/comments?post=13562"}],"version-history":[{"count":7,"href":"https:\/\/seldacenter.com\/sq\/wp-json\/wp\/v2\/pages\/13562\/revisions"}],"predecessor-version":[{"id":14183,"href":"https:\/\/seldacenter.com\/sq\/wp-json\/wp\/v2\/pages\/13562\/revisions\/14183"}],"wp:attachment":[{"href":"https:\/\/seldacenter.com\/sq\/wp-json\/wp\/v2\/media?parent=13562"}],"curies":[{"name":"wp","href":"https:\/\/api.w.org\/{rel}","templated":true}]}}