{"id":13560,"date":"2024-02-17T18:31:03","date_gmt":"2024-02-17T18:31:03","guid":{"rendered":"https:\/\/seldacenter.com\/yeniyapi\/?page_id=13560"},"modified":"2024-03-02T01:43:05","modified_gmt":"2024-03-02T01:43:05","slug":"dis-beyazlatma-operasyonu","status":"publish","type":"page","link":"https:\/\/seldacenter.com\/sq\/dis-beyazlatma-operasyonu\/","title":{"rendered":"Kirurgjia e zbardhjes s\u00eb dh\u00ebmb\u00ebve"},"content":{"rendered":"<div data-elementor-type=\"wp-page\" data-elementor-id=\"13560\" class=\"elementor elementor-13560\" data-elementor-post-type=\"page\">\n\t\t\t\t\t\t<section class=\"elementor-section elementor-top-section elementor-element elementor-element-1b90146 elementor-section-boxed elementor-section-height-default elementor-section-height-default\" data-id=\"1b90146\" data-element_type=\"section\">\n\t\t\t\t\t\t<div class=\"elementor-container elementor-column-gap-default\">\n\t\t\t\t\t<div class=\"elementor-column elementor-col-50 elementor-top-column elementor-element elementor-element-08b4e71\" data-id=\"08b4e71\" data-element_type=\"column\" data-settings=\"{&quot;background_background&quot;:&quot;classic&quot;}\">\n\t\t\t<div class=\"elementor-widget-wrap elementor-element-populated\">\n\t\t\t\t\t\t<div class=\"elementor-element elementor-element-d121118 elementor-widget elementor-widget-image\" data-id=\"d121118\" data-element_type=\"widget\" data-widget_type=\"image.default\">\n\t\t\t\t<div class=\"elementor-widget-container\">\n\t\t\t\t\t\t\t\t\t\t\t\t\t\t\t<img fetchpriority=\"high\" decoding=\"async\" width=\"740\" height=\"493\" src=\"https:\/\/seldacenter.com\/wp-content\/uploads\/2024\/03\/woman-holding-tablet_144627-597-1.jpg\" class=\"attachment-full size-full wp-image-14189\" alt=\"\" srcset=\"https:\/\/seldacenter.com\/wp-content\/uploads\/2024\/03\/woman-holding-tablet_144627-597-1.jpg 740w, https:\/\/seldacenter.com\/wp-content\/uploads\/2024\/03\/woman-holding-tablet_144627-597-1-600x400.jpg 600w, https:\/\/seldacenter.com\/wp-content\/uploads\/2024\/03\/woman-holding-tablet_144627-597-1-300x200.jpg 300w\" sizes=\"(max-width: 740px) 100vw, 740px\" \/>\t\t\t\t\t\t\t\t\t\t\t\t\t\t\t<\/div>\n\t\t\t\t<\/div>\n\t\t\t\t\t<\/div>\n\t\t<\/div>\n\t\t\t\t<div class=\"elementor-column elementor-col-50 elementor-top-column elementor-element elementor-element-7d01ef4\" data-id=\"7d01ef4\" data-element_type=\"column\">\n\t\t\t<div class=\"elementor-widget-wrap elementor-element-populated\">\n\t\t\t\t\t\t<div class=\"elementor-element elementor-element-5b057be elementor-widget-divider--view-line_text elementor-widget-divider--element-align-left elementor-widget elementor-widget-divider\" data-id=\"5b057be\" data-element_type=\"widget\" data-widget_type=\"divider.default\">\n\t\t\t\t<div class=\"elementor-widget-container\">\n\t\t\t\t\t\t\t<div class=\"elementor-divider\">\n\t\t\t<span class=\"elementor-divider-separator\">\n\t\t\t\t\t\t\t<h3 class=\"elementor-divider__text elementor-divider__element\">\n\t\t\t\tZbardhje dh\u00ebmb\u00ebsh\t\t\t\t<\/h3>\n\t\t\t\t\t\t<\/span>\n\t\t<\/div>\n\t\t\t\t\t\t<\/div>\n\t\t\t\t<\/div>\n\t\t\t\t<div class=\"elementor-element elementor-element-3c2da23 elementor-align-left elementor-icon-list--layout-traditional elementor-list-item-link-full_width elementor-widget elementor-widget-icon-list\" data-id=\"3c2da23\" data-element_type=\"widget\" data-widget_type=\"icon-list.default\">\n\t\t\t\t<div class=\"elementor-widget-container\">\n\t\t\t\t\t\t\t<ul class=\"elementor-icon-list-items\">\n\t\t\t\t\t\t\t<li class=\"elementor-icon-list-item\">\n\t\t\t\t\t\t\t\t\t\t\t<span class=\"elementor-icon-list-icon\">\n\t\t\t\t\t\t\t<svg aria-hidden=\"true\" class=\"e-font-icon-svg e-far-hospital\" viewbox=\"0 0 448 512\" xmlns=\"http:\/\/www.w3.org\/2000\/svg\"><path d=\"M128 244v-40c0-6.627 5.373-12 12-12h40c6.627 0 12 5.373 12 12v40c0 6.627-5.373 12-12 12h-40c-6.627 0-12-5.373-12-12zm140 12h40c6.627 0 12-5.373 12-12v-40c0-6.627-5.373-12-12-12h-40c-6.627 0-12 5.373-12 12v40c0 6.627 5.373 12 12 12zm-76 84v-40c0-6.627-5.373-12-12-12h-40c-6.627 0-12 5.373-12 12v40c0 6.627 5.373 12 12 12h40c6.627 0 12-5.373 12-12zm76 12h40c6.627 0 12-5.373 12-12v-40c0-6.627-5.373-12-12-12h-40c-6.627 0-12 5.373-12 12v40c0 6.627 5.373 12 12 12zm180 124v36H0v-36c0-6.627 5.373-12 12-12h19.5V85.035C31.5 73.418 42.245 64 55.5 64H144V24c0-13.255 10.745-24 24-24h112c13.255 0 24 10.745 24 24v40h88.5c13.255 0 24 9.418 24 21.035V464H436c6.627 0 12 5.373 12 12zM79.5 463H192v-67c0-6.627 5.373-12 12-12h40c6.627 0 12 5.373 12 12v67h112.5V112H304v24c0 13.255-10.745 24-24 24H168c-13.255 0-24-10.745-24-24v-24H79.5v351zM266 64h-26V38a6 6 0 0 0-6-6h-20a6 6 0 0 0-6 6v26h-26a6 6 0 0 0-6 6v20a6 6 0 0 0 6 6h26v26a6 6 0 0 0 6 6h20a6 6 0 0 0 6-6V96h26a6 6 0 0 0 6-6V70a6 6 0 0 0-6-6z\"><\/path><\/svg>\t\t\t\t\t\t<\/span>\n\t\t\t\t\t\t\t\t\t\t<span class=\"elementor-icon-list-text\">Q\u00ebndrimi n\u00eb spital: Nuk k\u00ebrkohet<\/span>\n\t\t\t\t\t\t\t\t\t<\/li>\n\t\t\t\t\t\t\t\t<li class=\"elementor-icon-list-item\">\n\t\t\t\t\t\t\t\t\t\t\t<span class=\"elementor-icon-list-icon\">\n\t\t\t\t\t\t\t<svg aria-hidden=\"true\" class=\"e-font-icon-svg e-far-clock\" viewbox=\"0 0 512 512\" xmlns=\"http:\/\/www.w3.org\/2000\/svg\"><path d=\"M256 8C119 8 8 119 8 256s111 248 248 248 248-111 248-248S393 8 256 8zm0 448c-110.5 0-200-89.5-200-200S145.5 56 256 56s200 89.5 200 200-89.5 200-200 200zm61.8-104.4l-84.9-61.7c-3.1-2.3-4.9-5.9-4.9-9.7V116c0-6.6 5.4-12 12-12h32c6.6 0 12 5.4 12 12v141.7l66.8 48.6c5.4 3.9 6.5 11.4 2.6 16.8L334.6 349c-3.9 5.3-11.4 6.5-16.8 2.6z\"><\/path><\/svg>\t\t\t\t\t\t<\/span>\n\t\t\t\t\t\t\t\t\t\t<span class=\"elementor-icon-list-text\">Koha e Funksionimit: 6-8 Or\u00eb<\/span>\n\t\t\t\t\t\t\t\t\t<\/li>\n\t\t\t\t\t\t\t\t<li class=\"elementor-icon-list-item\">\n\t\t\t\t\t\t\t\t\t\t\t<span class=\"elementor-icon-list-icon\">\n\t\t\t\t\t\t\t<svg aria-hidden=\"true\" class=\"e-font-icon-svg e-fas-syringe\" viewbox=\"0 0 512 512\" xmlns=\"http:\/\/www.w3.org\/2000\/svg\"><path d=\"M201.5 174.8l55.7 55.8c3.1 3.1 3.1 8.2 0 11.3l-11.3 11.3c-3.1 3.1-8.2 3.1-11.3 0l-55.7-55.8-45.3 45.3 55.8 55.8c3.1 3.1 3.1 8.2 0 11.3l-11.3 11.3c-3.1 3.1-8.2 3.1-11.3 0L111 265.2l-26.4 26.4c-17.3 17.3-25.6 41.1-23 65.4l7.1 63.6L2.3 487c-3.1 3.1-3.1 8.2 0 11.3l11.3 11.3c3.1 3.1 8.2 3.1 11.3 0l66.3-66.3 63.6 7.1c23.9 2.6 47.9-5.4 65.4-23l181.9-181.9-135.7-135.7-64.9 65zm308.2-93.3L430.5 2.3c-3.1-3.1-8.2-3.1-11.3 0l-11.3 11.3c-3.1 3.1-3.1 8.2 0 11.3l28.3 28.3-45.3 45.3-56.6-56.6-17-17c-3.1-3.1-8.2-3.1-11.3 0l-33.9 33.9c-3.1 3.1-3.1 8.2 0 11.3l17 17L424.8 223l17 17c3.1 3.1 8.2 3.1 11.3 0l33.9-34c3.1-3.1 3.1-8.2 0-11.3l-73.5-73.5 45.3-45.3 28.3 28.3c3.1 3.1 8.2 3.1 11.3 0l11.3-11.3c3.1-3.2 3.1-8.2 0-11.4z\"><\/path><\/svg>\t\t\t\t\t\t<\/span>\n\t\t\t\t\t\t\t\t\t\t<span class=\"elementor-icon-list-text\">Anestezi: Lokale<\/span>\n\t\t\t\t\t\t\t\t\t<\/li>\n\t\t\t\t\t\t\t\t<li class=\"elementor-icon-list-item\">\n\t\t\t\t\t\t\t\t\t\t\t<span class=\"elementor-icon-list-icon\">\n\t\t\t\t\t\t\t<svg aria-hidden=\"true\" class=\"e-font-icon-svg e-far-heart\" viewbox=\"0 0 512 512\" xmlns=\"http:\/\/www.w3.org\/2000\/svg\"><path d=\"M458.4 64.3C400.6 15.7 311.3 23 256 79.3 200.7 23 111.4 15.6 53.6 64.3-21.6 127.6-10.6 230.8 43 285.5l175.4 178.7c10 10.2 23.4 15.9 37.6 15.9 14.3 0 27.6-5.6 37.6-15.8L469 285.6c53.5-54.7 64.7-157.9-10.6-221.3zm-23.6 187.5L259.4 430.5c-2.4 2.4-4.4 2.4-6.8 0L77.2 251.8c-36.5-37.2-43.9-107.6 7.3-150.7 38.9-32.7 98.9-27.8 136.5 10.5l35 35.7 35-35.7c37.8-38.5 97.8-43.2 136.5-10.6 51.1 43.1 43.5 113.9 7.3 150.8z\"><\/path><\/svg>\t\t\t\t\t\t<\/span>\n\t\t\t\t\t\t\t\t\t\t<span class=\"elementor-icon-list-text\">Koha e Rim\u00ebk\u00ebmbjes: 6-12 Muaj<\/span>\n\t\t\t\t\t\t\t\t\t<\/li>\n\t\t\t\t\t\t<\/ul>\n\t\t\t\t\t\t<\/div>\n\t\t\t\t<\/div>\n\t\t\t\t<div class=\"elementor-element elementor-element-1dcd38f elementor-align-justify elementor-widget elementor-widget-button\" data-id=\"1dcd38f\" data-element_type=\"widget\" data-widget_type=\"button.default\">\n\t\t\t\t<div class=\"elementor-widget-container\">\n\t\t\t\t\t\t\t\t\t<div class=\"elementor-button-wrapper\">\n\t\t\t\t\t<a class=\"elementor-button elementor-button-link elementor-size-sm elementor-animation-buzz\" href=\"https:\/\/seldacenter.com\/sq\/\">\n\t\t\t\t\t\t<span class=\"elementor-button-content-wrapper\">\n\t\t\t\t\t\t\t\t\t<span class=\"elementor-button-text\">Rezervoni nj\u00eb takim tani<\/span>\n\t\t\t\t\t<\/span>\n\t\t\t\t\t<\/a>\n\t\t\t\t<\/div>\n\t\t\t\t\t\t\t\t<\/div>\n\t\t\t\t<\/div>\n\t\t\t\t\t<\/div>\n\t\t<\/div>\n\t\t\t\t\t<\/div>\n\t\t<\/section>\n\t\t\t\t<section class=\"elementor-section elementor-top-section elementor-element elementor-element-ea82de2 elementor-section-boxed elementor-section-height-default elementor-section-height-default\" data-id=\"ea82de2\" data-element_type=\"section\">\n\t\t\t\t\t\t<div class=\"elementor-container elementor-column-gap-default\">\n\t\t\t\t\t<div class=\"elementor-column elementor-col-100 elementor-top-column elementor-element elementor-element-32e93321\" data-id=\"32e93321\" data-element_type=\"column\">\n\t\t\t<div class=\"elementor-widget-wrap elementor-element-populated\">\n\t\t\t\t\t\t<div class=\"elementor-element elementor-element-2bcec536 elementor-widget elementor-widget-text-editor\" data-id=\"2bcec536\" data-element_type=\"widget\" data-widget_type=\"text-editor.default\">\n\t\t\t\t<div class=\"elementor-widget-container\">\n\t\t\t\t\t\t\t\t\t<strong>Kirurgjia e zbardhjes s\u00eb dh\u00ebmb\u00ebve: B\u00ebni nj\u00eb hap drejt nj\u00eb buz\u00ebqeshjeje t\u00eb sh\u00ebndetshme<\/strong>\n\nDh\u00ebmb\u00ebt e sh\u00ebndetsh\u00ebm jan\u00eb nj\u00eb gur themeli i bukuris\u00eb dhe vet\u00ebbesimit. Megjithat\u00eb, me kalimin e koh\u00ebs, faktor\u00eb t\u00eb till\u00eb si pirja e duhanit dhe konsumimi i kafes\u00eb dhe \u00e7ajit mund t\u00eb shkaktojn\u00eb zverdhjen dhe njollosjen e dh\u00ebmb\u00ebve. Kjo mund t\u00eb ndikoj\u00eb negativisht n\u00eb vet\u00ebbesimin e nj\u00eb individi, p\u00ebrve\u00e7se shkakton shqet\u00ebsime estetike. Kirurgjia e zbardhjes s\u00eb dh\u00ebmb\u00ebve shquhet si nj\u00eb metod\u00eb efektive q\u00eb ofron nj\u00eb zgjidhje p\u00ebr k\u00ebto probleme estetike.\n\n<strong>\u00c7far\u00eb \u00ebsht\u00eb nj\u00eb procedur\u00eb zbardhuese e dh\u00ebmb\u00ebve?<\/strong>\n\nZbardhja e dh\u00ebmb\u00ebve \u00ebsht\u00eb nj\u00eb procedur\u00eb estetike dentare q\u00eb kryhet p\u00ebr t\u00eb hequr njollat nga dh\u00ebmb\u00ebt dhe p\u00ebr t\u00eb arritur nj\u00eb buz\u00ebqeshje m\u00eb t\u00eb bardh\u00eb. Kjo procedur\u00eb zakonisht kryhet n\u00ebn mbik\u00ebqyrjen dhe ekspertiz\u00ebn e nj\u00eb dentisti. Ekzistojn\u00eb dy metoda kryesore t\u00eb zbardhjes s\u00eb dh\u00ebmb\u00ebve:\n<ol>\n \t<li><strong>Zbardhja e Dh\u00ebmb\u00ebve n\u00eb Klinik\u00eb:<\/strong>\n<ul>\n \t<li>Ajo kryhet n\u00eb klinik\u00ebn e stomatologut.<\/li>\n \t<li>P\u00ebrdoret nj\u00eb xhel i fort\u00eb zbardhues dh\u00ebmb\u00ebsh.<\/li>\n \t<li>Nd\u00ebrveprimi mund t\u00eb arrihet me nj\u00eb lazer ose nj\u00eb burim t\u00eb ve\u00e7ant\u00eb drite.<\/li>\n \t<li>Mund t\u00eb arrihen rezultate t\u00eb shpejta dhe efektive.<\/li>\n<\/ul>\n<\/li>\n \t<li><strong>Zbardhja e dh\u00ebmb\u00ebve n\u00eb sht\u00ebpi:<\/strong>\n<ul>\n \t<li>P\u00ebrdoren tabaka t\u00eb punuara me porosi t\u00eb p\u00ebrgatitura nga dentisti.<\/li>\n \t<li>Pacienti i p\u00ebrdor k\u00ebto aparate p\u00ebr ndri\u00e7im n\u00eb sht\u00ebpi p\u00ebr nj\u00eb periudh\u00eb t\u00eb caktuar kohore.<\/li>\n \t<li>\u00cbsht\u00eb nj\u00eb proces m\u00eb i gjat\u00eb, por siguron zbardhje graduale.<\/li>\n<\/ul>\n<\/li>\n<\/ol>\n<strong>Si kryhet nj\u00eb procedur\u00eb zbardhimi dh\u00ebmb\u00ebsh?<\/strong>\n<ol>\n \t<li><strong>Inspektimi dhe Planifikimi:<\/strong>\n<ul>\n \t<li>Dentisti vler\u00ebson sh\u00ebndetin e p\u00ebrgjithsh\u00ebm t\u00eb dh\u00ebmb\u00ebve t\u00eb pacientit.<\/li>\n \t<li>P\u00ebrcaktohet ngjyra aktuale e dh\u00ebmbit dhe merret nj\u00eb vendim p\u00ebr ngjyr\u00ebn e synuar.<\/li>\n<\/ul>\n<\/li>\n \t<li><strong>Pastrimi i dh\u00ebmb\u00ebve:<\/strong>\n<ul>\n \t<li>Pllaka dhe gur\u00ebzat hiqen, duke p\u00ebrgatitur sip\u00ebrfaqen e dh\u00ebmbit.<\/li>\n<\/ul>\n<\/li>\n \t<li><strong>Aplikimi i xhelit:<\/strong>\n<ul>\n \t<li>Nj\u00eb xhel i ve\u00e7ant\u00eb zbardhues aplikohet n\u00eb dh\u00ebmb\u00eb.<\/li>\n \t<li>K\u00ebto xhel zakonisht p\u00ebrmbajn\u00eb peroksid hidrogjeni.<\/li>\n<\/ul>\n<\/li>\n \t<li><strong>Aktivizimi me drit\u00eb ose lazer:<\/strong>\n<ul>\n \t<li>Xheli ekspozohet ndaj nj\u00eb burimi t\u00eb ve\u00e7ant\u00eb drite.<\/li>\n \t<li>Kjo p\u00ebrshpejton procesin e zbardhjes.<\/li>\n<\/ul>\n<\/li>\n \t<li><strong>Ndjekja dhe Seanca e Dyt\u00eb (Opsionale):<\/strong>\n<ul>\n \t<li>Kontrollohet ngjyra e dh\u00ebmb\u00ebve dhe n\u00ebse \u00ebsht\u00eb e nevojshme mund t\u00eb kryhet nj\u00eb seanc\u00eb e dyt\u00eb.<\/li>\n<\/ul>\n<\/li>\n<\/ol>\n<strong>Avantazhet:<\/strong>\n<ol>\n \t<li><strong>Zhvillimi Estetik:<\/strong> Heqja e njollave nga dh\u00ebmb\u00ebt dhe arritja e nj\u00eb buz\u00ebqeshjeje m\u00eb t\u00eb bardh\u00eb.<\/li>\n \t<li><strong>Rezultate t\u00eb shpejta:<\/strong> Zbardhja e dh\u00ebmb\u00ebve n\u00eb klinik\u00eb jep rezultate t\u00eb menj\u00ebhershme.<\/li>\n \t<li><strong>I sigurt dhe i kontrolluar:<\/strong> Kjo b\u00ebhet n\u00ebn mbik\u00ebqyrjen e dentist\u00ebve specialist\u00eb.<\/li>\n<\/ol>\n<strong>Gj\u00ebra p\u00ebr t&#039;u marr\u00eb n\u00eb konsiderat\u00eb:<\/strong>\n<ol>\n \t<li><strong>Ndjeshm\u00ebria:<\/strong> Pas procedur\u00ebs, mund t\u00eb shfaqet ndjeshm\u00ebri e p\u00ebrkohshme e dh\u00ebmb\u00ebve.<\/li>\n \t<li><strong>P\u00ebrs\u00ebritshm\u00ebria:<\/strong> Trajtimet p\u00ebr zbardhjen e dh\u00ebmb\u00ebve mund t\u00eb p\u00ebrs\u00ebriten me kalimin e koh\u00ebs.<\/li>\n \t<li><strong>Mir\u00ebmbajtja Afatgjat\u00eb:<\/strong> P\u00ebr rezultate t\u00eb q\u00ebndrueshme, \u00ebsht\u00eb e r\u00ebnd\u00ebsishme t\u00eb ruani higjien\u00ebn orale rregullisht dhe t\u00eb vazhdoni vizitat te dentisti.<\/li>\n<\/ol>\n<strong>P\u00ebrfundim:<\/strong>\n\nKirurgjia e zbardhjes s\u00eb dh\u00ebmb\u00ebve ofron nj\u00eb mund\u00ebsi efektive p\u00ebr t\u00eb arritur nj\u00eb buz\u00ebqeshje t\u00eb sh\u00ebndetshme dhe estetikisht t\u00eb k\u00ebndshme. Kur kryhet nga dentist\u00eb ekspert\u00eb, kjo procedur\u00eb ofron rezultate t\u00eb sigurta dhe t\u00eb suksesshme. Mos harroni, nj\u00eb buz\u00ebqeshje e sh\u00ebndetshme mund t\u00eb rris\u00eb vet\u00ebbesimin tuaj t\u00eb p\u00ebrgjithsh\u00ebm dhe t\u00eb ndikoj\u00eb pozitivisht n\u00eb marr\u00ebdh\u00ebniet tuaja shoq\u00ebrore.\t\t\t\t\t\t\t\t<\/div>\n\t\t\t\t<\/div>\n\t\t\t\t\t<\/div>\n\t\t<\/div>\n\t\t\t\t\t<\/div>\n\t\t<\/section>\n\t\t\t\t<\/div>","protected":false},"excerpt":{"rendered":"<p>Di\u015f Beyazlatma Hastanede Kal\u0131\u015f S\u00fcresi: Gerekli De\u011fil Operasyon S\u00fcresi: 6-8 Saat Anestezi: Lokal \u0130yile\u015fme S\u00fcresi: 6-12 Ay Hemen Randevu Al\u0131n Di\u015f Beyazlatma Operasyonu: Sa\u011fl\u0131kl\u0131 G\u00fcl\u00fc\u015fe Ad\u0131m At\u0131n Sa\u011fl\u0131kl\u0131 di\u015fler, g\u00fczellik ve \u00f6zg\u00fcvenin temel ta\u015flar\u0131ndan biridir. Ancak zamanla, sigara i\u00e7me, kahve ve \u00e7ay t\u00fcketimi gibi etkenler, di\u015flerin sararmas\u0131na ve lekelenmesine neden olabilir. Bu durum, estetik kayg\u0131lar\u0131n [&hellip;]<\/p>\n","protected":false},"author":2,"featured_media":0,"parent":0,"menu_order":0,"comment_status":"closed","ping_status":"closed","template":"","meta":{"postBodyMargin":[],"postBodyPadding":[],"postBodyBackground":{"backgroundType":"classic","gradient":""},"footnotes":""},"class_list":["post-13560","page","type-page","status-publish","hentry"],"_links":{"self":[{"href":"https:\/\/seldacenter.com\/sq\/wp-json\/wp\/v2\/pages\/13560","targetHints":{"allow":["GET"]}}],"collection":[{"href":"https:\/\/seldacenter.com\/sq\/wp-json\/wp\/v2\/pages"}],"about":[{"href":"https:\/\/seldacenter.com\/sq\/wp-json\/wp\/v2\/types\/page"}],"author":[{"embeddable":true,"href":"https:\/\/seldacenter.com\/sq\/wp-json\/wp\/v2\/users\/2"}],"replies":[{"embeddable":true,"href":"https:\/\/seldacenter.com\/sq\/wp-json\/wp\/v2\/comments?post=13560"}],"version-history":[{"count":8,"href":"https:\/\/seldacenter.com\/sq\/wp-json\/wp\/v2\/pages\/13560\/revisions"}],"predecessor-version":[{"id":14192,"href":"https:\/\/seldacenter.com\/sq\/wp-json\/wp\/v2\/pages\/13560\/revisions\/14192"}],"wp:attachment":[{"href":"https:\/\/seldacenter.com\/sq\/wp-json\/wp\/v2\/media?parent=13560"}],"curies":[{"name":"wp","href":"https:\/\/api.w.org\/{rel}","templated":true}]}}