{"id":13558,"date":"2024-02-17T16:13:01","date_gmt":"2024-02-17T16:13:01","guid":{"rendered":"https:\/\/seldacenter.com\/yeniyapi\/?page_id=13558"},"modified":"2024-03-02T01:18:45","modified_gmt":"2024-03-02T01:18:45","slug":"lip-lift-ameliyati","status":"publish","type":"page","link":"https:\/\/seldacenter.com\/sq\/lip-lift-ameliyati\/","title":{"rendered":"Kirurgji p\u00ebr ngritjen e buz\u00ebve"},"content":{"rendered":"<div data-elementor-type=\"wp-page\" data-elementor-id=\"13558\" class=\"elementor elementor-13558\" data-elementor-post-type=\"page\">\n\t\t\t\t\t\t<section class=\"elementor-section elementor-top-section elementor-element elementor-element-289ae64 elementor-section-boxed elementor-section-height-default elementor-section-height-default\" data-id=\"289ae64\" data-element_type=\"section\">\n\t\t\t\t\t\t<div class=\"elementor-container elementor-column-gap-default\">\n\t\t\t\t\t<div class=\"elementor-column elementor-col-50 elementor-top-column elementor-element elementor-element-84bfafc\" data-id=\"84bfafc\" data-element_type=\"column\" data-settings=\"{&quot;background_background&quot;:&quot;classic&quot;}\">\n\t\t\t<div class=\"elementor-widget-wrap elementor-element-populated\">\n\t\t\t\t\t\t<div class=\"elementor-element elementor-element-1ed5e16 elementor-widget elementor-widget-image\" data-id=\"1ed5e16\" data-element_type=\"widget\" data-widget_type=\"image.default\">\n\t\t\t\t<div class=\"elementor-widget-container\">\n\t\t\t\t\t\t\t\t\t\t\t\t\t\t\t<img fetchpriority=\"high\" decoding=\"async\" width=\"996\" height=\"664\" src=\"https:\/\/seldacenter.com\/wp-content\/uploads\/2024\/03\/feminine-woman-sending-air-kiss-camera-coquettish-flirty-pose-kissing-standing-white-background-copy-space_1258-87947.jpg\" class=\"attachment-full size-full wp-image-14168\" alt=\"\" srcset=\"https:\/\/seldacenter.com\/wp-content\/uploads\/2024\/03\/feminine-woman-sending-air-kiss-camera-coquettish-flirty-pose-kissing-standing-white-background-copy-space_1258-87947.jpg 996w, https:\/\/seldacenter.com\/wp-content\/uploads\/2024\/03\/feminine-woman-sending-air-kiss-camera-coquettish-flirty-pose-kissing-standing-white-background-copy-space_1258-87947-600x400.jpg 600w, https:\/\/seldacenter.com\/wp-content\/uploads\/2024\/03\/feminine-woman-sending-air-kiss-camera-coquettish-flirty-pose-kissing-standing-white-background-copy-space_1258-87947-300x200.jpg 300w, https:\/\/seldacenter.com\/wp-content\/uploads\/2024\/03\/feminine-woman-sending-air-kiss-camera-coquettish-flirty-pose-kissing-standing-white-background-copy-space_1258-87947-768x512.jpg 768w\" sizes=\"(max-width: 996px) 100vw, 996px\" \/>\t\t\t\t\t\t\t\t\t\t\t\t\t\t\t<\/div>\n\t\t\t\t<\/div>\n\t\t\t\t\t<\/div>\n\t\t<\/div>\n\t\t\t\t<div class=\"elementor-column elementor-col-50 elementor-top-column elementor-element elementor-element-6fd7abe\" data-id=\"6fd7abe\" data-element_type=\"column\">\n\t\t\t<div class=\"elementor-widget-wrap elementor-element-populated\">\n\t\t\t\t\t\t<div class=\"elementor-element elementor-element-1abd14d elementor-widget-divider--view-line_text elementor-widget-divider--element-align-left elementor-widget elementor-widget-divider\" data-id=\"1abd14d\" data-element_type=\"widget\" data-widget_type=\"divider.default\">\n\t\t\t\t<div class=\"elementor-widget-container\">\n\t\t\t\t\t\t\t<div class=\"elementor-divider\">\n\t\t\t<span class=\"elementor-divider-separator\">\n\t\t\t\t\t\t\t<h3 class=\"elementor-divider__text elementor-divider__element\">\n\t\t\t\tLifting buz\u00ebsh\t\t\t\t<\/h3>\n\t\t\t\t\t\t<\/span>\n\t\t<\/div>\n\t\t\t\t\t\t<\/div>\n\t\t\t\t<\/div>\n\t\t\t\t<div class=\"elementor-element elementor-element-585d0a5 elementor-align-left elementor-icon-list--layout-traditional elementor-list-item-link-full_width elementor-widget elementor-widget-icon-list\" data-id=\"585d0a5\" data-element_type=\"widget\" data-widget_type=\"icon-list.default\">\n\t\t\t\t<div class=\"elementor-widget-container\">\n\t\t\t\t\t\t\t<ul class=\"elementor-icon-list-items\">\n\t\t\t\t\t\t\t<li class=\"elementor-icon-list-item\">\n\t\t\t\t\t\t\t\t\t\t\t<span class=\"elementor-icon-list-icon\">\n\t\t\t\t\t\t\t<svg aria-hidden=\"true\" class=\"e-font-icon-svg e-far-hospital\" viewbox=\"0 0 448 512\" xmlns=\"http:\/\/www.w3.org\/2000\/svg\"><path d=\"M128 244v-40c0-6.627 5.373-12 12-12h40c6.627 0 12 5.373 12 12v40c0 6.627-5.373 12-12 12h-40c-6.627 0-12-5.373-12-12zm140 12h40c6.627 0 12-5.373 12-12v-40c0-6.627-5.373-12-12-12h-40c-6.627 0-12 5.373-12 12v40c0 6.627 5.373 12 12 12zm-76 84v-40c0-6.627-5.373-12-12-12h-40c-6.627 0-12 5.373-12 12v40c0 6.627 5.373 12 12 12h40c6.627 0 12-5.373 12-12zm76 12h40c6.627 0 12-5.373 12-12v-40c0-6.627-5.373-12-12-12h-40c-6.627 0-12 5.373-12 12v40c0 6.627 5.373 12 12 12zm180 124v36H0v-36c0-6.627 5.373-12 12-12h19.5V85.035C31.5 73.418 42.245 64 55.5 64H144V24c0-13.255 10.745-24 24-24h112c13.255 0 24 10.745 24 24v40h88.5c13.255 0 24 9.418 24 21.035V464H436c6.627 0 12 5.373 12 12zM79.5 463H192v-67c0-6.627 5.373-12 12-12h40c6.627 0 12 5.373 12 12v67h112.5V112H304v24c0 13.255-10.745 24-24 24H168c-13.255 0-24-10.745-24-24v-24H79.5v351zM266 64h-26V38a6 6 0 0 0-6-6h-20a6 6 0 0 0-6 6v26h-26a6 6 0 0 0-6 6v20a6 6 0 0 0 6 6h26v26a6 6 0 0 0 6 6h20a6 6 0 0 0 6-6V96h26a6 6 0 0 0 6-6V70a6 6 0 0 0-6-6z\"><\/path><\/svg>\t\t\t\t\t\t<\/span>\n\t\t\t\t\t\t\t\t\t\t<span class=\"elementor-icon-list-text\">Q\u00ebndrimi n\u00eb spital: Nuk k\u00ebrkohet<\/span>\n\t\t\t\t\t\t\t\t\t<\/li>\n\t\t\t\t\t\t\t\t<li class=\"elementor-icon-list-item\">\n\t\t\t\t\t\t\t\t\t\t\t<span class=\"elementor-icon-list-icon\">\n\t\t\t\t\t\t\t<svg aria-hidden=\"true\" class=\"e-font-icon-svg e-far-clock\" viewbox=\"0 0 512 512\" xmlns=\"http:\/\/www.w3.org\/2000\/svg\"><path d=\"M256 8C119 8 8 119 8 256s111 248 248 248 248-111 248-248S393 8 256 8zm0 448c-110.5 0-200-89.5-200-200S145.5 56 256 56s200 89.5 200 200-89.5 200-200 200zm61.8-104.4l-84.9-61.7c-3.1-2.3-4.9-5.9-4.9-9.7V116c0-6.6 5.4-12 12-12h32c6.6 0 12 5.4 12 12v141.7l66.8 48.6c5.4 3.9 6.5 11.4 2.6 16.8L334.6 349c-3.9 5.3-11.4 6.5-16.8 2.6z\"><\/path><\/svg>\t\t\t\t\t\t<\/span>\n\t\t\t\t\t\t\t\t\t\t<span class=\"elementor-icon-list-text\">Koha e Funksionimit: 6-8 Or\u00eb<\/span>\n\t\t\t\t\t\t\t\t\t<\/li>\n\t\t\t\t\t\t\t\t<li class=\"elementor-icon-list-item\">\n\t\t\t\t\t\t\t\t\t\t\t<span class=\"elementor-icon-list-icon\">\n\t\t\t\t\t\t\t<svg aria-hidden=\"true\" class=\"e-font-icon-svg e-fas-syringe\" viewbox=\"0 0 512 512\" xmlns=\"http:\/\/www.w3.org\/2000\/svg\"><path d=\"M201.5 174.8l55.7 55.8c3.1 3.1 3.1 8.2 0 11.3l-11.3 11.3c-3.1 3.1-8.2 3.1-11.3 0l-55.7-55.8-45.3 45.3 55.8 55.8c3.1 3.1 3.1 8.2 0 11.3l-11.3 11.3c-3.1 3.1-8.2 3.1-11.3 0L111 265.2l-26.4 26.4c-17.3 17.3-25.6 41.1-23 65.4l7.1 63.6L2.3 487c-3.1 3.1-3.1 8.2 0 11.3l11.3 11.3c3.1 3.1 8.2 3.1 11.3 0l66.3-66.3 63.6 7.1c23.9 2.6 47.9-5.4 65.4-23l181.9-181.9-135.7-135.7-64.9 65zm308.2-93.3L430.5 2.3c-3.1-3.1-8.2-3.1-11.3 0l-11.3 11.3c-3.1 3.1-3.1 8.2 0 11.3l28.3 28.3-45.3 45.3-56.6-56.6-17-17c-3.1-3.1-8.2-3.1-11.3 0l-33.9 33.9c-3.1 3.1-3.1 8.2 0 11.3l17 17L424.8 223l17 17c3.1 3.1 8.2 3.1 11.3 0l33.9-34c3.1-3.1 3.1-8.2 0-11.3l-73.5-73.5 45.3-45.3 28.3 28.3c3.1 3.1 8.2 3.1 11.3 0l11.3-11.3c3.1-3.2 3.1-8.2 0-11.4z\"><\/path><\/svg>\t\t\t\t\t\t<\/span>\n\t\t\t\t\t\t\t\t\t\t<span class=\"elementor-icon-list-text\">Anestezi: Lokale<\/span>\n\t\t\t\t\t\t\t\t\t<\/li>\n\t\t\t\t\t\t\t\t<li class=\"elementor-icon-list-item\">\n\t\t\t\t\t\t\t\t\t\t\t<span class=\"elementor-icon-list-icon\">\n\t\t\t\t\t\t\t<svg aria-hidden=\"true\" class=\"e-font-icon-svg e-far-heart\" viewbox=\"0 0 512 512\" xmlns=\"http:\/\/www.w3.org\/2000\/svg\"><path d=\"M458.4 64.3C400.6 15.7 311.3 23 256 79.3 200.7 23 111.4 15.6 53.6 64.3-21.6 127.6-10.6 230.8 43 285.5l175.4 178.7c10 10.2 23.4 15.9 37.6 15.9 14.3 0 27.6-5.6 37.6-15.8L469 285.6c53.5-54.7 64.7-157.9-10.6-221.3zm-23.6 187.5L259.4 430.5c-2.4 2.4-4.4 2.4-6.8 0L77.2 251.8c-36.5-37.2-43.9-107.6 7.3-150.7 38.9-32.7 98.9-27.8 136.5 10.5l35 35.7 35-35.7c37.8-38.5 97.8-43.2 136.5-10.6 51.1 43.1 43.5 113.9 7.3 150.8z\"><\/path><\/svg>\t\t\t\t\t\t<\/span>\n\t\t\t\t\t\t\t\t\t\t<span class=\"elementor-icon-list-text\">Koha e Rim\u00ebk\u00ebmbjes: 6-12 Muaj<\/span>\n\t\t\t\t\t\t\t\t\t<\/li>\n\t\t\t\t\t\t<\/ul>\n\t\t\t\t\t\t<\/div>\n\t\t\t\t<\/div>\n\t\t\t\t<div class=\"elementor-element elementor-element-fab10d7 elementor-align-justify elementor-widget elementor-widget-button\" data-id=\"fab10d7\" data-element_type=\"widget\" data-widget_type=\"button.default\">\n\t\t\t\t<div class=\"elementor-widget-container\">\n\t\t\t\t\t\t\t\t\t<div class=\"elementor-button-wrapper\">\n\t\t\t\t\t<a class=\"elementor-button elementor-button-link elementor-size-sm elementor-animation-buzz\" href=\"https:\/\/seldacenter.com\/sq\/\">\n\t\t\t\t\t\t<span class=\"elementor-button-content-wrapper\">\n\t\t\t\t\t\t\t\t\t<span class=\"elementor-button-text\">Rezervoni nj\u00eb takim tani<\/span>\n\t\t\t\t\t<\/span>\n\t\t\t\t\t<\/a>\n\t\t\t\t<\/div>\n\t\t\t\t\t\t\t\t<\/div>\n\t\t\t\t<\/div>\n\t\t\t\t\t<\/div>\n\t\t<\/div>\n\t\t\t\t\t<\/div>\n\t\t<\/section>\n\t\t\t\t<section class=\"elementor-section elementor-top-section elementor-element elementor-element-2dbbd2e2 elementor-section-boxed elementor-section-height-default elementor-section-height-default\" data-id=\"2dbbd2e2\" data-element_type=\"section\">\n\t\t\t\t\t\t<div class=\"elementor-container elementor-column-gap-default\">\n\t\t\t\t\t<div class=\"elementor-column elementor-col-100 elementor-top-column elementor-element elementor-element-5b6d38e8\" data-id=\"5b6d38e8\" data-element_type=\"column\">\n\t\t\t<div class=\"elementor-widget-wrap elementor-element-populated\">\n\t\t\t\t\t\t<div class=\"elementor-element elementor-element-7095a35a elementor-widget elementor-widget-text-editor\" data-id=\"7095a35a\" data-element_type=\"widget\" data-widget_type=\"text-editor.default\">\n\t\t\t\t<div class=\"elementor-widget-container\">\n\t\t\t\t\t\t\t\t\tKirurgjia e ngritjes s\u00eb buz\u00ebve, e njohur edhe si shkurtimi i buz\u00ebs s\u00eb sip\u00ebrme, \u00ebsht\u00eb nj\u00eb procedur\u00eb kirurgjikale kozmetike q\u00eb n\u00eb p\u00ebrgjith\u00ebsi ofron nj\u00eb zgjidhje ideale p\u00ebr individ\u00ebt e pak\u00ebnaqur me gjat\u00ebsin\u00eb e buz\u00ebs s\u00eb sip\u00ebrme. N\u00eb k\u00ebt\u00eb rast, kur pjesa e kuqe e buz\u00ebs \u00ebsht\u00eb m\u00eb pak e dukshme, buza e sip\u00ebrme mund t\u00eb perceptohet si e shkurt\u00ebr dhe distanca midis buz\u00ebs dhe hund\u00ebs mund t\u00eb duket m\u00eb e gjat\u00eb. Nd\u00ebrsa grat\u00eb mund t\u00eb p\u00ebrpiqen ta kamuflojn\u00eb k\u00ebt\u00eb duke aplikuar buz\u00ebkuq lart p\u00ebr t\u00eb theksuar buz\u00ebt e tyre, kjo \u00ebsht\u00eb vet\u00ebm nj\u00eb zgjidhje e p\u00ebrkohshme. Kirurgjia e ngritjes s\u00eb buz\u00ebve synon t\u00eb ofroj\u00eb nj\u00eb zgjidhje t\u00eb p\u00ebrhershme dhe efektive p\u00ebr k\u00ebt\u00eb problem estetik. Gjat\u00eb operacionit, b\u00ebhet nj\u00eb prerje e vog\u00ebl n\u00eb kryq\u00ebzimin e buz\u00ebs s\u00eb sip\u00ebrme dhe hund\u00ebs, direkt n\u00ebn hund\u00eb. Pas k\u00ebsaj prerjeje, l\u00ebkura e tep\u00ebrt hiqet. P\u00ebr t\u00eb ruajtur form\u00ebn natyrale t\u00eb l\u00ebkur\u00ebs dhe p\u00ebr t\u00eb siguruar mb\u00ebshtetje t\u00eb mjaftueshme p\u00ebr buz\u00ebt, qepjet vendosen me kujdes n\u00ebn l\u00ebkur\u00eb. Qepjet e thella ndihmojn\u00eb n\u00eb ruajtjen e form\u00ebs s\u00eb buz\u00ebs dhe qepjet mbyllen me kujdes n\u00eb m\u00ebnyr\u00eb q\u00eb t\u00eb mos jen\u00eb t\u00eb dukshme. Kirurgjia e ngritjes s\u00eb buz\u00ebve riform\u00ebson &quot;harkun e kupidit&quot;, dy majat e dallueshme mbi buz\u00ebn e sip\u00ebrme, dhe synon t\u00eb krijoj\u00eb nj\u00eb efekt krahu engj\u00eblli duke zvog\u00ebluar distanc\u00ebn midis baz\u00ebs s\u00eb hund\u00ebs dhe buz\u00ebs s\u00eb sip\u00ebrme. Specialist\u00ebt e estetik\u00ebs n\u00eb p\u00ebrgjith\u00ebsi besojn\u00eb se gjat\u00ebsia ideale e k\u00ebsaj zone vertikale duhet t\u00eb jet\u00eb midis 12-15 milimetra (mm). Nj\u00eb nga avantazhet m\u00eb t\u00eb r\u00ebnd\u00ebsishme t\u00eb kirurgjis\u00eb s\u00eb liftingut t\u00eb buz\u00ebve \u00ebsht\u00eb se shenjat jan\u00eb pothuajse t\u00eb padukshme fal\u00eb vendosjes s\u00eb sakt\u00eb t\u00eb prerjes. Meqen\u00ebse skajet e l\u00ebkur\u00ebs jan\u00eb t\u00eb rreshtuara me kujdes, fshehja dhe hija e shenjave pas operacionit arrihet me sukses. Gjat\u00eb procesit t\u00eb sh\u00ebrimit, pacient\u00ebt fitojn\u00eb nj\u00eb pamje m\u00eb t\u00eb re dhe m\u00eb t\u00eb fresk\u00ebt me besimin q\u00eb vjen nga buz\u00ebt rinore dhe t\u00eb p\u00ebrcaktuara. Kjo procedur\u00eb kirurgjikale estetike \u00ebsht\u00eb e rregullueshme, duke lejuar heqjen e sasis\u00eb s\u00eb l\u00ebkur\u00ebs n\u00eb var\u00ebsi t\u00eb d\u00ebshirave t\u00eb individit. P\u00ebrve\u00e7 k\u00ebsaj, mbush\u00ebsit e injektuesh\u00ebm mund t\u00eb aplikohen tek pacient\u00ebt q\u00eb d\u00ebshirojn\u00eb buz\u00eb m\u00eb t\u00eb plota. Kirurgjia e liftingut t\u00eb buz\u00ebve i ndihmon pacient\u00ebt t\u00eb ndihen m\u00eb mir\u00eb me veten duke balancuar tiparet e fytyr\u00ebs s\u00eb tyre dhe duke shtuar nj\u00eb pamje estetike n\u00eb buz\u00ebt e tyre. Kjo kirurgji dallohet si nj\u00eb zgjidhje q\u00eb ofron rezultate estetikisht t\u00eb k\u00ebndshme dhe afatgjata.\t\t\t\t\t\t\t\t<\/div>\n\t\t\t\t<\/div>\n\t\t\t\t\t<\/div>\n\t\t<\/div>\n\t\t\t\t\t<\/div>\n\t\t<\/section>\n\t\t\t\t<\/div>","protected":false},"excerpt":{"rendered":"<p>Lip Lift Hastanede Kal\u0131\u015f S\u00fcresi: Gerekli De\u011fil Operasyon S\u00fcresi: 6-8 Saat Anestezi: Lokal \u0130yile\u015fme S\u00fcresi: 6-12 Ay Hemen Randevu Al\u0131n Lip lift ameliyat\u0131, \u00fcst dudak k\u0131sal\u0131\u011f\u0131 olarak da an\u0131lan bir estetik cerrahi prosed\u00fcrd\u00fcr ve genellikle \u00fcst dudak b\u00f6lgesinin uzunlu\u011fundan memnun olmayan bireyler i\u00e7in ideal bir \u00e7\u00f6z\u00fcm sunar. Bu durumda, dudaklar\u0131n k\u0131rm\u0131z\u0131 b\u00f6lgesi, yani vermillion k\u0131sm\u0131, [&hellip;]<\/p>\n","protected":false},"author":2,"featured_media":0,"parent":0,"menu_order":0,"comment_status":"closed","ping_status":"closed","template":"","meta":{"postBodyMargin":[],"postBodyPadding":[],"postBodyBackground":{"backgroundType":"classic","gradient":""},"footnotes":""},"class_list":["post-13558","page","type-page","status-publish","hentry"],"_links":{"self":[{"href":"https:\/\/seldacenter.com\/sq\/wp-json\/wp\/v2\/pages\/13558","targetHints":{"allow":["GET"]}}],"collection":[{"href":"https:\/\/seldacenter.com\/sq\/wp-json\/wp\/v2\/pages"}],"about":[{"href":"https:\/\/seldacenter.com\/sq\/wp-json\/wp\/v2\/types\/page"}],"author":[{"embeddable":true,"href":"https:\/\/seldacenter.com\/sq\/wp-json\/wp\/v2\/users\/2"}],"replies":[{"embeddable":true,"href":"https:\/\/seldacenter.com\/sq\/wp-json\/wp\/v2\/comments?post=13558"}],"version-history":[{"count":7,"href":"https:\/\/seldacenter.com\/sq\/wp-json\/wp\/v2\/pages\/13558\/revisions"}],"predecessor-version":[{"id":14171,"href":"https:\/\/seldacenter.com\/sq\/wp-json\/wp\/v2\/pages\/13558\/revisions\/14171"}],"wp:attachment":[{"href":"https:\/\/seldacenter.com\/sq\/wp-json\/wp\/v2\/media?parent=13558"}],"curies":[{"name":"wp","href":"https:\/\/api.w.org\/{rel}","templated":true}]}}