{"id":13556,"date":"2024-02-17T16:11:18","date_gmt":"2024-02-17T16:11:18","guid":{"rendered":"https:\/\/seldacenter.com\/yeniyapi\/?page_id=13556"},"modified":"2024-02-17T16:11:19","modified_gmt":"2024-02-17T16:11:19","slug":"otoplasti-tedavisi","status":"publish","type":"page","link":"https:\/\/seldacenter.com\/sq\/otoplasti-tedavisi\/","title":{"rendered":"Otoplasti Tedavisi"},"content":{"rendered":"<p>Otoplasti, kelime anlam\u0131yla &#8220;kulak esteti\u011fi&#8221; olarak ifade edilen bir cerrahi i\u015flemdir. Bu estetik operasyon, kulak kep\u00e7esinin, yani aurikulan\u0131n \u015feklinin yeniden d\u00fczenlenerek daha do\u011fal ve estetik bir g\u00f6r\u00fcn\u00fcm kazand\u0131r\u0131lmas\u0131 i\u015flemidir. Otoplasti i\u00e7in bir\u00e7ok farkl\u0131 ameliyat tekni\u011fi ve y\u00f6ntemi bulunmaktad\u0131r, ve bu teknikler say\u0131l\u0131 cerrahlar taraf\u0131ndan ba\u015far\u0131yla uygulanabilmektedir.<\/p>\n<p>Otoplasti, genellikle kulak \u015feklinden memnun olmayan bireylere y\u00f6nelik bir \u00e7\u00f6z\u00fcm sunar. Kep\u00e7e \u015feklinde ya da b\u00fcy\u00fck g\u00f6r\u00fcnen kulaklar, antiheliks yoklu\u011fu veya zay\u0131fl\u0131\u011f\u0131, kavum konka hipertrofisi gibi patolojik durumlar, \u00e7e\u015fitli otoplasti teknikleri kullan\u0131larak d\u00fczeltilerek do\u011fal ve hastay\u0131 memnun edici sonu\u00e7lar elde edilebilir. Bu estetik operasyon \u00f6zellikle okul \u00f6ncesi \u00e7ocuklarda, genellikle ortalama 5 ya\u015f civar\u0131nda, en uygun zamanda ger\u00e7ekle\u015ftirilir. \u00c7\u00fcnk\u00fc okul \u00e7a\u011f\u0131nda kep\u00e7e kula\u011f\u0131n dalga konusu olmas\u0131, \u00e7ocuk psikolojisini olumsuz etkileyebilir.<\/p>\n<p>Otoplasti ameliyat\u0131 genellikle genel anestezi alt\u0131nda ger\u00e7ekle\u015ftirilir ve ortalama olarak 1-2 saat s\u00fcrebilir. Kulak arkas\u0131ndan yap\u0131lan bir insizyonla, istenilen kulak \u015fekli belirlenir ve s\u00fct\u00fcr teknikleri kullan\u0131larak ameliyat ger\u00e7ekle\u015ftirilir. Ameliyat s\u0131ras\u0131nda gerekti\u011finde k\u0131k\u0131rdak eksizyonu yap\u0131l\u0131r ve do\u011fal estetik bir kulak elde edilmeye \u00e7al\u0131\u015f\u0131l\u0131r. Ameliyat sonras\u0131nda kulak arkas\u0131ndaki kesi s\u00fct\u00fcr ile kapat\u0131l\u0131r ve bu nedenle genellikle rahats\u0131z etmeyen, g\u00f6ze \u00e7arpmayan bir iz olu\u015fur.<\/p>\n<p>Operasyon s\u0131ras\u0131nda ve sonras\u0131nda uygun hijyen ve sterilizasyon sa\u011fland\u0131\u011f\u0131nda enfeksiyon riski minimuma indirilir. Kullan\u0131lan diki\u015flerin kalitesi ve uygunlu\u011fu, kulakta a\u00e7\u0131lma, tekrar kep\u00e7ele\u015fme veya \u015fekil bozuklu\u011fu gibi sorunlar\u0131n \u00f6n\u00fcne ge\u00e7er. Ameliyat sonras\u0131nda yap\u0131lan pansumanlar, uygun bir kanama kontrol\u00fc ve postoperatif takip ile hematom olu\u015fumu engellenir. Ameliyat sonras\u0131 pansuman ve kontroller genellikle 10 g\u00fcn s\u00fcrer, onuncu g\u00fcn diki\u015fler al\u0131nd\u0131ktan sonra hasta g\u00fcnl\u00fck sosyal hayat\u0131na d\u00f6nebilir. Sadece gece elastik kafa bandaj\u0131 kullan\u0131m\u0131, daha iyi sonu\u00e7lar elde etmek i\u00e7in \u00f6nerilebilir.<\/p>\n<p>Otoplasti, hastalar\u0131n kendilerini daha iyi hissetmelerine ve gen\u00e7 ve do\u011fal bir g\u00f6r\u00fcn\u00fcme kavu\u015fmalar\u0131na yard\u0131mc\u0131 olan etkili bir estetik cerrahi prosed\u00fcrd\u00fcr. Ameliyat \u00f6ncesinde detayl\u0131 bir muayene ve cerrahi planlama yap\u0131lmas\u0131, hastalar\u0131n beklentilerini kar\u015f\u0131lamak ad\u0131na \u00f6nemlidir.<\/p>\n<p>Fillimi i Form\u00ebs<\/p>","protected":false},"excerpt":{"rendered":"<p>Otoplasti, kelime anlam\u0131yla &#8220;kulak esteti\u011fi&#8221; olarak ifade edilen bir cerrahi i\u015flemdir. Bu estetik operasyon, kulak kep\u00e7esinin, yani aurikulan\u0131n \u015feklinin yeniden d\u00fczenlenerek daha do\u011fal ve estetik bir g\u00f6r\u00fcn\u00fcm kazand\u0131r\u0131lmas\u0131 i\u015flemidir. Otoplasti i\u00e7in bir\u00e7ok farkl\u0131 ameliyat tekni\u011fi ve y\u00f6ntemi bulunmaktad\u0131r, ve bu teknikler say\u0131l\u0131 cerrahlar taraf\u0131ndan ba\u015far\u0131yla uygulanabilmektedir. Otoplasti, genellikle kulak \u015feklinden memnun olmayan bireylere y\u00f6nelik bir [&hellip;]<\/p>\n","protected":false},"author":2,"featured_media":0,"parent":0,"menu_order":0,"comment_status":"closed","ping_status":"closed","template":"","meta":{"postBodyMargin":[],"postBodyPadding":[],"postBodyBackground":{"backgroundType":"classic","gradient":""},"footnotes":""},"class_list":["post-13556","page","type-page","status-publish","hentry"],"_links":{"self":[{"href":"https:\/\/seldacenter.com\/sq\/wp-json\/wp\/v2\/pages\/13556","targetHints":{"allow":["GET"]}}],"collection":[{"href":"https:\/\/seldacenter.com\/sq\/wp-json\/wp\/v2\/pages"}],"about":[{"href":"https:\/\/seldacenter.com\/sq\/wp-json\/wp\/v2\/types\/page"}],"author":[{"embeddable":true,"href":"https:\/\/seldacenter.com\/sq\/wp-json\/wp\/v2\/users\/2"}],"replies":[{"embeddable":true,"href":"https:\/\/seldacenter.com\/sq\/wp-json\/wp\/v2\/comments?post=13556"}],"version-history":[{"count":1,"href":"https:\/\/seldacenter.com\/sq\/wp-json\/wp\/v2\/pages\/13556\/revisions"}],"predecessor-version":[{"id":13557,"href":"https:\/\/seldacenter.com\/sq\/wp-json\/wp\/v2\/pages\/13556\/revisions\/13557"}],"wp:attachment":[{"href":"https:\/\/seldacenter.com\/sq\/wp-json\/wp\/v2\/media?parent=13556"}],"curies":[{"name":"wp","href":"https:\/\/api.w.org\/{rel}","templated":true}]}}