{"id":13546,"date":"2024-02-17T16:02:26","date_gmt":"2024-02-17T16:02:26","guid":{"rendered":"https:\/\/seldacenter.com\/yeniyapi\/?page_id=13546"},"modified":"2024-02-17T16:02:27","modified_gmt":"2024-02-17T16:02:27","slug":"sac-lazeri-nedir","status":"publish","type":"page","link":"https:\/\/seldacenter.com\/sq\/sac-lazeri-nedir\/","title":{"rendered":"\u00c7far\u00eb \u00ebsht\u00eb heqja e qimeve me lazer?"},"content":{"rendered":"<p>Flok\u00ebt jan\u00eb nj\u00eb faktor i r\u00ebnd\u00ebsish\u00ebm n\u00eb pamjen estetike si t\u00eb grave ashtu edhe t\u00eb burrave. Megjithat\u00eb, kushtet e pash\u00ebndetshme t\u00eb jetes\u00ebs, stresi, faktor\u00ebt gjenetik\u00eb dhe problemet e ndryshme sh\u00ebndet\u00ebsore t\u00eb shkaktuara nga jeta moderne mund t\u00eb shkaktojn\u00eb r\u00ebnien e flok\u00ebve. R\u00ebnia e flok\u00ebve mund t\u00eb ndikoj\u00eb n\u00eb motivimin dhe vet\u00ebbesimin e njer\u00ebzve, duke ulur cil\u00ebsin\u00eb e jet\u00ebs s\u00eb tyre. N\u00eb k\u00ebt\u00eb kontekst, depilimi me lazer ofron nj\u00eb zgjidhje efektive p\u00ebr ata q\u00eb duan t\u00eb forcojn\u00eb flok\u00ebt e tyre dhe t\u00eb ndalojn\u00eb r\u00ebnien e tyre.<\/p>\n<p><strong>\u00c7far\u00eb \u00ebsht\u00eb heqja e qimeve me lazer?<\/strong><\/p>\n<p>Sa\u00e7 lazeri, modern teknolojinin \u00fcr\u00fcn\u00fc olan lazer cihazlar\u0131 kullan\u0131larak sa\u00e7 b\u00f6lgesindeki kan dola\u015f\u0131m\u0131n\u0131 art\u0131rarak sa\u00e7lar\u0131n g\u00fc\u00e7lenmesini ve sa\u011fl\u0131kl\u0131 bir \u015fekilde b\u00fcy\u00fcmesini sa\u011flayan bir tedavi y\u00f6ntemidir. Bu y\u00f6ntem, sa\u00e7s\u0131z alanlarda yeni sa\u00e7 \u00e7\u0131kmas\u0131n\u0131 tetikleyerek sa\u00e7 kayb\u0131na kar\u015f\u0131 etkili bir \u00e7\u00f6z\u00fcm sunar.<\/p>\n<p>Sa\u00e7 lazeri tedavisi, sa\u00e7 derisine d\u00fc\u015f\u00fck seviyeli lazer \u0131\u015f\u0131\u011f\u0131 veya LED \u0131\u015f\u0131klar\u0131 uygulayarak sa\u00e7 k\u00f6klerini uyar\u0131r. Bu uyar\u0131, h\u00fccresel aktiviteyi art\u0131r\u0131r, kan dola\u015f\u0131m\u0131n\u0131 h\u0131zland\u0131r\u0131r ve sa\u00e7 k\u00f6klerini canland\u0131rarak sa\u00e7 d\u00f6k\u00fclmesini azalt\u0131r. Ayr\u0131ca, incelmi\u015f sa\u00e7 tellerini kal\u0131nla\u015ft\u0131r\u0131r ve sa\u00e7lar\u0131n sa\u011fl\u0131kl\u0131 bir g\u00f6r\u00fcn\u00fcm kazanmas\u0131n\u0131 destekler.<\/p>\n<p><strong>Si aplikohet trajtimi me lazer p\u00ebr heqjen e qimeve?<\/strong><\/p>\n<p>Trajtimi me lazer i flok\u00ebve p\u00ebrfshin hapat e m\u00ebposht\u00ebm:<\/p>\n<ol>\n<li><strong>Konsultim dhe Analiz\u00eb e Flok\u00ebve:<\/strong> Nj\u00eb dermatolog specialist do t\u00eb vler\u00ebsoj\u00eb struktur\u00ebn e flok\u00ebve t\u00eb individit dhe shkall\u00ebn e r\u00ebnies s\u00eb tyre.<\/li>\n<li><strong>Planifikimi i Trajtimit:<\/strong> Nj\u00eb plan trajtimi i personalizuar p\u00ebrcaktohet bazuar n\u00eb analiz\u00ebn e flok\u00ebve. Gjithashtu p\u00ebrcaktohet numri dhe frekuenca e seancave.<\/li>\n<li><strong>P\u00ebrgatitja:<\/strong> L\u00ebkura e kok\u00ebs pastrohet dhe kanale t\u00eb vogla hapen me nj\u00eb dermapen p\u00ebr t\u00eb aplikuar nj\u00eb serum q\u00eb p\u00ebrshpejton ushqyerjen e flok\u00ebve.<\/li>\n<li><strong>Aplikimi i lazerit:<\/strong> Rrezet lazer aplikohen n\u00eb kapilar\u00ebt jofunksional\u00eb n\u00ebn skalp p\u00ebr t\u00eb rritur qarkullimin e gjakut.<\/li>\n<li><strong>P\u00ebrfundimi dhe Mir\u00ebmbajtja:<\/strong> Pas procedur\u00ebs, dermapeni dhe serumi p\u00ebrdoren p\u00ebr t\u00eb rritur efektivitetin e trajtimit me lazer.<\/li>\n<li><strong>Koh\u00ebzgjatja dhe Frekuenca e Seanc\u00ebs:<\/strong> Fillimisht, trajtimi p\u00ebrb\u00ebhet nga dy seanca 20-minut\u00ebshe n\u00eb jav\u00eb. Rezultate t\u00eb dukshme mund t\u00eb shihen pas gjithsej 10 seancave.<\/li>\n<\/ol>\n<p><strong>Trajtimi me lazer p\u00ebr flok\u00ebt dhe avantazhet e tij:<\/strong><\/p>\n<ul>\n<li><strong>Pa dhimbje dhe i sigurt:<\/strong> Trajtimi me lazer p\u00ebr flok\u00ebt \u00ebsht\u00eb nj\u00eb procedur\u00eb pa dhimbje dhe n\u00eb p\u00ebrgjith\u00ebsi ka efekte an\u00ebsore minimale.<\/li>\n<li><strong>Flok\u00eb t\u00eb trash\u00eb dhe me shk\u00eblqim:<\/strong> Trajtimi forcon folikulat e flok\u00ebve, duke nxitur rritjen e flok\u00ebve t\u00eb trash\u00eb dhe me shk\u00eblqim.<\/li>\n<li><strong>P\u00ebrdorim i kombinuar me transplantimin e flok\u00ebve:<\/strong> Trajtimi me lazer p\u00ebr flok\u00ebt mund t\u00eb p\u00ebrdoret para dhe pas transplantimit t\u00eb flok\u00ebve p\u00ebr t\u00eb ndihmuar n\u00eb arritjen e rezultateve m\u00eb efektive.<\/li>\n<\/ul>\n<p><strong>Trajtimi i flok\u00ebve me lazer dhe grat\u00eb:<\/strong><\/p>\n<p>Kad\u0131nlarda sa\u00e7 d\u00f6k\u00fclmesi genellikle genetik, hormonel ve beslenme kaynakl\u0131d\u0131r. Sa\u00e7 lazeri tedavisi, kad\u0131nlarda sa\u00e7 d\u00f6k\u00fclmesine kar\u015f\u0131 etkili bir \u00e7\u00f6z\u00fcm sunar. Tedavi, sa\u00e7 kayb\u0131n\u0131 durdurmak, sa\u00e7lar\u0131 g\u00fc\u00e7lendirmek ve canland\u0131rmak amac\u0131yla kullan\u0131l\u0131r. Sa\u00e7 d\u00f6k\u00fclmesine kar\u015f\u0131 kullan\u0131lan di\u011fer tedavilerle kombine edilebilir ve kad\u0131nlarda sa\u00e7 sa\u011fl\u0131\u011f\u0131n\u0131 yeniden kazand\u0131rmak i\u00e7in uygundur.<\/p>\n<p>Sonu\u00e7 olarak, sa\u00e7 lazeri tedavisi modern teknolojinin getirdi\u011fi yenilik\u00e7i bir y\u00f6ntem olup, sa\u011fl\u0131kl\u0131, g\u00fcvenli ve etkili bir \u015fekilde sa\u00e7 d\u00f6k\u00fclmesine kar\u015f\u0131 m\u00fccadele etmeye yard\u0131mc\u0131 olabilir. Uygulama sonras\u0131nda ki\u015finin sa\u00e7lar\u0131nda g\u00f6zle g\u00f6r\u00fcl\u00fcr bir iyile\u015fme ve g\u00fc\u00e7lenme sa\u011flanabilir. Unutulmamal\u0131d\u0131r ki, tedavi \u00f6ncesinde uzman bir dermatologla kons\u00fcltasyon yapmak \u00f6nemlidir.<\/p>","protected":false},"excerpt":{"rendered":"<p>Sa\u00e7lar, hem kad\u0131nlar\u0131n hem de erkeklerin estetik g\u00f6r\u00fcn\u00fcmlerini belirleyen \u00f6nemli bir unsurdur. Ancak modern ya\u015fam\u0131n getirdi\u011fi sa\u011fl\u0131ks\u0131z ko\u015fullar, stres, genetik fakt\u00f6rler ve \u00e7e\u015fitli sa\u011fl\u0131k sorunlar\u0131, sa\u00e7 d\u00f6k\u00fclmesine neden olabilmektedir. Sa\u00e7 kayb\u0131, insanlar\u0131n motivasyon ve \u00f6zg\u00fcvenini etkileyerek ya\u015fam kalitelerini d\u00fc\u015f\u00fcrebilir. Bu noktada sa\u00e7 lazeri tedavisi, sa\u00e7lar\u0131 g\u00fc\u00e7lendirmek ve d\u00f6k\u00fclmeyi durdurmak isteyenler i\u00e7in etkili bir \u00e7\u00f6z\u00fcm sunmaktad\u0131r. [&hellip;]<\/p>\n","protected":false},"author":2,"featured_media":0,"parent":0,"menu_order":0,"comment_status":"closed","ping_status":"closed","template":"","meta":{"postBodyMargin":[],"postBodyPadding":[],"postBodyBackground":{"backgroundType":"classic","gradient":""},"footnotes":""},"class_list":["post-13546","page","type-page","status-publish","hentry"],"_links":{"self":[{"href":"https:\/\/seldacenter.com\/sq\/wp-json\/wp\/v2\/pages\/13546","targetHints":{"allow":["GET"]}}],"collection":[{"href":"https:\/\/seldacenter.com\/sq\/wp-json\/wp\/v2\/pages"}],"about":[{"href":"https:\/\/seldacenter.com\/sq\/wp-json\/wp\/v2\/types\/page"}],"author":[{"embeddable":true,"href":"https:\/\/seldacenter.com\/sq\/wp-json\/wp\/v2\/users\/2"}],"replies":[{"embeddable":true,"href":"https:\/\/seldacenter.com\/sq\/wp-json\/wp\/v2\/comments?post=13546"}],"version-history":[{"count":1,"href":"https:\/\/seldacenter.com\/sq\/wp-json\/wp\/v2\/pages\/13546\/revisions"}],"predecessor-version":[{"id":13547,"href":"https:\/\/seldacenter.com\/sq\/wp-json\/wp\/v2\/pages\/13546\/revisions\/13547"}],"wp:attachment":[{"href":"https:\/\/seldacenter.com\/sq\/wp-json\/wp\/v2\/media?parent=13546"}],"curies":[{"name":"wp","href":"https:\/\/api.w.org\/{rel}","templated":true}]}}