{"id":11352,"date":"2022-09-16T12:40:14","date_gmt":"2022-09-16T09:40:14","guid":{"rendered":"https:\/\/seldacenter.com\/?page_id=11352"},"modified":"2023-11-28T21:08:40","modified_gmt":"2023-11-28T21:08:40","slug":"genclik-asisi","status":"publish","type":"page","link":"https:\/\/seldacenter.com\/sq\/genclik-asisi\/","title":{"rendered":"Vaksina p\u00ebr t\u00eb rinj"},"content":{"rendered":"<div data-elementor-type=\"wp-page\" data-elementor-id=\"11352\" class=\"elementor elementor-11352\" data-elementor-post-type=\"page\">\n\t\t\t\t\t\t<section class=\"elementor-section elementor-top-section elementor-element elementor-element-fb14b85 elementor-section-content-middle elementor-section-boxed elementor-section-height-default elementor-section-height-default\" data-id=\"fb14b85\" data-element_type=\"section\">\n\t\t\t\t\t\t<div class=\"elementor-container elementor-column-gap-default\">\n\t\t\t\t\t<div class=\"elementor-column elementor-col-50 elementor-top-column elementor-element elementor-element-96f49ee\" data-id=\"96f49ee\" data-element_type=\"column\" data-settings=\"{&quot;background_background&quot;:&quot;classic&quot;}\">\n\t\t\t<div class=\"elementor-widget-wrap elementor-element-populated\">\n\t\t\t\t\t\t<div class=\"elementor-element elementor-element-415bdf21 elementor-widget elementor-widget-image\" data-id=\"415bdf21\" data-element_type=\"widget\" data-widget_type=\"image.default\">\n\t\t\t\t<div class=\"elementor-widget-container\">\n\t\t\t\t\t\t\t\t\t\t\t\t\t\t\t<img decoding=\"async\" src=\"https:\/\/seldacenter.com\/wp-content\/uploads\/2022\/09\/genclik-asisi-scaled.jpg\" title=\"\" alt=\"\" loading=\"lazy\" \/>\t\t\t\t\t\t\t\t\t\t\t\t\t\t\t<\/div>\n\t\t\t\t<\/div>\n\t\t\t\t\t<\/div>\n\t\t<\/div>\n\t\t\t\t<div class=\"elementor-column elementor-col-50 elementor-top-column elementor-element elementor-element-76860a2\" data-id=\"76860a2\" data-element_type=\"column\">\n\t\t\t<div class=\"elementor-widget-wrap elementor-element-populated\">\n\t\t\t\t\t\t<div class=\"elementor-element elementor-element-4fad079 elementor-widget-divider--view-line_text elementor-widget-divider--element-align-left elementor-widget elementor-widget-divider\" data-id=\"4fad079\" data-element_type=\"widget\" data-widget_type=\"divider.default\">\n\t\t\t\t<div class=\"elementor-widget-container\">\n\t\t\t\t\t\t\t<div class=\"elementor-divider\">\n\t\t\t<span class=\"elementor-divider-separator\">\n\t\t\t\t\t\t\t<h3 class=\"elementor-divider__text elementor-divider__element\">\n\t\t\t\tVaksina p\u00ebr t\u00eb rinj\t\t\t\t<\/h3>\n\t\t\t\t\t\t<\/span>\n\t\t<\/div>\n\t\t\t\t\t\t<\/div>\n\t\t\t\t<\/div>\n\t\t\t\t<div class=\"elementor-element elementor-element-f31c559 elementor-align-left elementor-icon-list--layout-traditional elementor-list-item-link-full_width elementor-widget elementor-widget-icon-list\" data-id=\"f31c559\" data-element_type=\"widget\" data-widget_type=\"icon-list.default\">\n\t\t\t\t<div class=\"elementor-widget-container\">\n\t\t\t\t\t\t\t<ul class=\"elementor-icon-list-items\">\n\t\t\t\t\t\t\t<li class=\"elementor-icon-list-item\">\n\t\t\t\t\t\t\t\t\t\t\t<span class=\"elementor-icon-list-icon\">\n\t\t\t\t\t\t\t<svg aria-hidden=\"true\" class=\"e-font-icon-svg e-far-hospital\" viewbox=\"0 0 448 512\" xmlns=\"http:\/\/www.w3.org\/2000\/svg\"><path d=\"M128 244v-40c0-6.627 5.373-12 12-12h40c6.627 0 12 5.373 12 12v40c0 6.627-5.373 12-12 12h-40c-6.627 0-12-5.373-12-12zm140 12h40c6.627 0 12-5.373 12-12v-40c0-6.627-5.373-12-12-12h-40c-6.627 0-12 5.373-12 12v40c0 6.627 5.373 12 12 12zm-76 84v-40c0-6.627-5.373-12-12-12h-40c-6.627 0-12 5.373-12 12v40c0 6.627 5.373 12 12 12h40c6.627 0 12-5.373 12-12zm76 12h40c6.627 0 12-5.373 12-12v-40c0-6.627-5.373-12-12-12h-40c-6.627 0-12 5.373-12 12v40c0 6.627 5.373 12 12 12zm180 124v36H0v-36c0-6.627 5.373-12 12-12h19.5V85.035C31.5 73.418 42.245 64 55.5 64H144V24c0-13.255 10.745-24 24-24h112c13.255 0 24 10.745 24 24v40h88.5c13.255 0 24 9.418 24 21.035V464H436c6.627 0 12 5.373 12 12zM79.5 463H192v-67c0-6.627 5.373-12 12-12h40c6.627 0 12 5.373 12 12v67h112.5V112H304v24c0 13.255-10.745 24-24 24H168c-13.255 0-24-10.745-24-24v-24H79.5v351zM266 64h-26V38a6 6 0 0 0-6-6h-20a6 6 0 0 0-6 6v26h-26a6 6 0 0 0-6 6v20a6 6 0 0 0 6 6h26v26a6 6 0 0 0 6 6h20a6 6 0 0 0 6-6V96h26a6 6 0 0 0 6-6V70a6 6 0 0 0-6-6z\"><\/path><\/svg>\t\t\t\t\t\t<\/span>\n\t\t\t\t\t\t\t\t\t\t<span class=\"elementor-icon-list-text\">Q\u00ebndrimi n\u00eb spital: 0 dit\u00eb<\/span>\n\t\t\t\t\t\t\t\t\t<\/li>\n\t\t\t\t\t\t\t\t<li class=\"elementor-icon-list-item\">\n\t\t\t\t\t\t\t\t\t\t\t<span class=\"elementor-icon-list-icon\">\n\t\t\t\t\t\t\t<svg aria-hidden=\"true\" class=\"e-font-icon-svg e-far-clock\" viewbox=\"0 0 512 512\" xmlns=\"http:\/\/www.w3.org\/2000\/svg\"><path d=\"M256 8C119 8 8 119 8 256s111 248 248 248 248-111 248-248S393 8 256 8zm0 448c-110.5 0-200-89.5-200-200S145.5 56 256 56s200 89.5 200 200-89.5 200-200 200zm61.8-104.4l-84.9-61.7c-3.1-2.3-4.9-5.9-4.9-9.7V116c0-6.6 5.4-12 12-12h32c6.6 0 12 5.4 12 12v141.7l66.8 48.6c5.4 3.9 6.5 11.4 2.6 16.8L334.6 349c-3.9 5.3-11.4 6.5-16.8 2.6z\"><\/path><\/svg>\t\t\t\t\t\t<\/span>\n\t\t\t\t\t\t\t\t\t\t<span class=\"elementor-icon-list-text\">Koha e Funksionimit: 2-4 Or\u00eb<\/span>\n\t\t\t\t\t\t\t\t\t<\/li>\n\t\t\t\t\t\t\t\t<li class=\"elementor-icon-list-item\">\n\t\t\t\t\t\t\t\t\t\t\t<span class=\"elementor-icon-list-icon\">\n\t\t\t\t\t\t\t<svg aria-hidden=\"true\" class=\"e-font-icon-svg e-fas-syringe\" viewbox=\"0 0 512 512\" xmlns=\"http:\/\/www.w3.org\/2000\/svg\"><path d=\"M201.5 174.8l55.7 55.8c3.1 3.1 3.1 8.2 0 11.3l-11.3 11.3c-3.1 3.1-8.2 3.1-11.3 0l-55.7-55.8-45.3 45.3 55.8 55.8c3.1 3.1 3.1 8.2 0 11.3l-11.3 11.3c-3.1 3.1-8.2 3.1-11.3 0L111 265.2l-26.4 26.4c-17.3 17.3-25.6 41.1-23 65.4l7.1 63.6L2.3 487c-3.1 3.1-3.1 8.2 0 11.3l11.3 11.3c3.1 3.1 8.2 3.1 11.3 0l66.3-66.3 63.6 7.1c23.9 2.6 47.9-5.4 65.4-23l181.9-181.9-135.7-135.7-64.9 65zm308.2-93.3L430.5 2.3c-3.1-3.1-8.2-3.1-11.3 0l-11.3 11.3c-3.1 3.1-3.1 8.2 0 11.3l28.3 28.3-45.3 45.3-56.6-56.6-17-17c-3.1-3.1-8.2-3.1-11.3 0l-33.9 33.9c-3.1 3.1-3.1 8.2 0 11.3l17 17L424.8 223l17 17c3.1 3.1 8.2 3.1 11.3 0l33.9-34c3.1-3.1 3.1-8.2 0-11.3l-73.5-73.5 45.3-45.3 28.3 28.3c3.1 3.1 8.2 3.1 11.3 0l11.3-11.3c3.1-3.2 3.1-8.2 0-11.4z\"><\/path><\/svg>\t\t\t\t\t\t<\/span>\n\t\t\t\t\t\t\t\t\t\t<span class=\"elementor-icon-list-text\">Anestezi: E p\u00ebrgjithshme<\/span>\n\t\t\t\t\t\t\t\t\t<\/li>\n\t\t\t\t\t\t\t\t<li class=\"elementor-icon-list-item\">\n\t\t\t\t\t\t\t\t\t\t\t<span class=\"elementor-icon-list-icon\">\n\t\t\t\t\t\t\t<svg aria-hidden=\"true\" class=\"e-font-icon-svg e-far-heart\" viewbox=\"0 0 512 512\" xmlns=\"http:\/\/www.w3.org\/2000\/svg\"><path d=\"M458.4 64.3C400.6 15.7 311.3 23 256 79.3 200.7 23 111.4 15.6 53.6 64.3-21.6 127.6-10.6 230.8 43 285.5l175.4 178.7c10 10.2 23.4 15.9 37.6 15.9 14.3 0 27.6-5.6 37.6-15.8L469 285.6c53.5-54.7 64.7-157.9-10.6-221.3zm-23.6 187.5L259.4 430.5c-2.4 2.4-4.4 2.4-6.8 0L77.2 251.8c-36.5-37.2-43.9-107.6 7.3-150.7 38.9-32.7 98.9-27.8 136.5 10.5l35 35.7 35-35.7c37.8-38.5 97.8-43.2 136.5-10.6 51.1 43.1 43.5 113.9 7.3 150.8z\"><\/path><\/svg>\t\t\t\t\t\t<\/span>\n\t\t\t\t\t\t\t\t\t\t<span class=\"elementor-icon-list-text\">Koha e Rim\u00ebk\u00ebmbjes: 0 Jav\u00eb<\/span>\n\t\t\t\t\t\t\t\t\t<\/li>\n\t\t\t\t\t\t<\/ul>\n\t\t\t\t\t\t<\/div>\n\t\t\t\t<\/div>\n\t\t\t\t<div class=\"elementor-element elementor-element-2049b73 elementor-align-justify elementor-widget elementor-widget-button\" data-id=\"2049b73\" data-element_type=\"widget\" data-widget_type=\"button.default\">\n\t\t\t\t<div class=\"elementor-widget-container\">\n\t\t\t\t\t\t\t\t\t<div class=\"elementor-button-wrapper\">\n\t\t\t\t\t<a class=\"elementor-button elementor-button-link elementor-size-sm elementor-animation-buzz\" href=\"https:\/\/seldacenter.com\/sq\/\">\n\t\t\t\t\t\t<span class=\"elementor-button-content-wrapper\">\n\t\t\t\t\t\t\t\t\t<span class=\"elementor-button-text\">Rezervoni nj\u00eb takim tani<\/span>\n\t\t\t\t\t<\/span>\n\t\t\t\t\t<\/a>\n\t\t\t\t<\/div>\n\t\t\t\t\t\t\t\t<\/div>\n\t\t\t\t<\/div>\n\t\t\t\t\t<\/div>\n\t\t<\/div>\n\t\t\t\t\t<\/div>\n\t\t<\/section>\n\t\t\t\t<section class=\"elementor-section elementor-top-section elementor-element elementor-element-51026d7c elementor-section-boxed elementor-section-height-default elementor-section-height-default\" data-id=\"51026d7c\" data-element_type=\"section\">\n\t\t\t\t\t\t<div class=\"elementor-container elementor-column-gap-default\">\n\t\t\t\t\t<div class=\"elementor-column elementor-col-100 elementor-top-column elementor-element elementor-element-1d02f62a\" data-id=\"1d02f62a\" data-element_type=\"column\">\n\t\t\t<div class=\"elementor-widget-wrap elementor-element-populated\">\n\t\t\t\t\t\t<div class=\"elementor-element elementor-element-32a7aab0 elementor-widget elementor-widget-spacer\" data-id=\"32a7aab0\" data-element_type=\"widget\" data-widget_type=\"spacer.default\">\n\t\t\t\t<div class=\"elementor-widget-container\">\n\t\t\t\t\t\t\t<div class=\"elementor-spacer\">\n\t\t\t<div class=\"elementor-spacer-inner\"><\/div>\n\t\t<\/div>\n\t\t\t\t\t\t<\/div>\n\t\t\t\t<\/div>\n\t\t\t\t\t<\/div>\n\t\t<\/div>\n\t\t\t\t\t<\/div>\n\t\t<\/section>\n\t\t\t\t<section class=\"elementor-section elementor-top-section elementor-element elementor-element-7ff8ef03 elementor-section-boxed elementor-section-height-default elementor-section-height-default\" data-id=\"7ff8ef03\" data-element_type=\"section\">\n\t\t\t\t\t\t<div class=\"elementor-container elementor-column-gap-default\">\n\t\t\t\t\t<div class=\"elementor-column elementor-col-100 elementor-top-column elementor-element elementor-element-4e98fbf2\" data-id=\"4e98fbf2\" data-element_type=\"column\">\n\t\t\t<div class=\"elementor-widget-wrap elementor-element-populated\">\n\t\t\t\t\t\t<div class=\"elementor-element elementor-element-61a14b5a elementor-widget elementor-widget-text-editor\" data-id=\"61a14b5a\" data-element_type=\"widget\" data-widget_type=\"text-editor.default\">\n\t\t\t\t<div class=\"elementor-widget-container\">\n\t\t\t\t\t\t\t\t\t<section class=\"services_page_header\"><section class=\"services_page_header\"><p>Vaksina kund\u00ebr t\u00eb rinjve, e zhvilluar p\u00ebr t\u00eb ndaluar plakjen, p\u00ebrdoret p\u00ebr t\u00eb shtr\u00ebnguar l\u00ebkur\u00ebn e varur, p\u00ebr t\u00eb zvog\u00ebluar rrudhat dhe p\u00ebr ta rigjall\u00ebruar at\u00eb me kalimin e koh\u00ebs.<\/p><p>Nd\u00ebrsa aft\u00ebsia e l\u00ebkur\u00ebs p\u00ebr t\u00eb mbajtur ujin dhe sinteza e kolagjenit ulen me kalimin e koh\u00ebs, efektet negative t\u00eb radikaleve t\u00eb lira n\u00eb l\u00ebkur\u00eb rriten, duke e b\u00ebr\u00eb plakjen t\u00eb pashmangshme. P\u00ebr ta ndryshuar k\u00ebt\u00eb, \u00ebsht\u00eb e nevojshme t\u00eb rritet nevoja m\u00eb e r\u00ebnd\u00ebsishme e l\u00ebkur\u00ebs: lag\u00ebshtia, dhe t\u00eb stimulohet prodhimi i kolagjenit n\u00eb indet n\u00ebnl\u00ebkurore. Shum\u00eb trajtime mjek\u00ebsore p\u00ebr kujdesin e l\u00ebkur\u00ebs dhe p\u00ebrt\u00ebritjen e l\u00ebkur\u00ebs bazohen n\u00eb k\u00ebto dy parime themelore. Vaksina e t\u00eb rinjve, me p\u00ebrqendrimin e saj t\u00eb lart\u00eb t\u00eb acidit hialuronik, hidraton l\u00ebkur\u00ebn duke rritur p\u00ebrgjithmon\u00eb aft\u00ebsin\u00eb e saj p\u00ebr t\u00eb mbajtur ujin dhe duke stimuluar prodhimin e kolagjenit.<\/p><h3>\u00c7far\u00eb \u00ebsht\u00eb vaksina p\u00ebr t\u00eb rinj?<\/h3><p>Vaksina p\u00ebr t\u00eb rinj \u00ebsht\u00eb nj\u00eb trajtim jo-kirurgjikal p\u00ebr rinovimin e fytyr\u00ebs q\u00eb p\u00ebrdoret p\u00ebr t\u00eb adresuar efektet e plakjes, si\u00e7 jan\u00eb l\u00ebkura e varur, rrudhat dhe toni i zbeht\u00eb i l\u00ebkur\u00ebs.<\/p><p>Humbja e q\u00ebndrueshm\u00ebris\u00eb s\u00eb l\u00ebkur\u00ebs b\u00ebn q\u00eb fytyra t\u00eb p\u00ebrkulet posht\u00eb p\u00ebr shkak t\u00eb gravitetit, duke turbulluar tiparet e fytyr\u00ebs, duke \u00e7uar n\u00eb qeska posht\u00eb syve dhe nj\u00eb mjek\u00ebr t\u00eb varur. L\u00ebkura e varur fillon t\u00eb rrudhoset n\u00eb form\u00eb vijash. Ky lirim, q\u00eb fillon n\u00ebn l\u00ebkur\u00eb, gjithashtu ngadal\u00ebson qarkullimin e gjakut dhe rrjedh\u00ebn limfatike. L\u00ebkura b\u00ebhet e zbeht\u00eb dhe humbet vitalitetin e saj dit\u00eb pas dite.<\/p><\/section><p>Parimi i tij i pun\u00ebs \u00ebsht\u00eb t\u00eb rimbush\u00eb t\u00eb gjitha l\u00ebnd\u00ebt ushqyese thelb\u00ebsore q\u00eb indet n\u00ebnl\u00ebkurore humbasin me kalimin e koh\u00ebs, duke stimuluar k\u00ebshtu rigjenerimin e l\u00ebkur\u00ebs.<\/p><p>Efektet e vaksin\u00ebs s\u00eb t\u00eb rinjve n\u00eb l\u00ebkur\u00eb mund t\u00eb renditen si m\u00eb posht\u00eb:<\/p><ul><li>Rikthen elasticitetin e humbur t\u00eb l\u00ebkur\u00ebs.<\/li><li>E ngre l\u00ebkur\u00ebn lart me efektin e saj ngrit\u00ebs.<\/li><li>Eliminon rrudhat e im\u00ebta, zvog\u00eblon ndjesh\u00ebm shfaqjen e rrudhave t\u00eb thella dhe parandalon formimin e rrudhave t\u00eb reja. <\/li><li>Hidraton l\u00ebkur\u00ebn dhe shton v\u00ebllim. <\/li><li>Rigjall\u00ebron l\u00ebkur\u00ebn, duke e b\u00ebr\u00eb at\u00eb t\u00eb duket m\u00eb e re dhe m\u00eb e sh\u00ebndetshme. <\/li><li>Zbardh njollat e l\u00ebkur\u00ebs dhe nj\u00ebtrajt\u00ebson ngjyr\u00ebn e saj.<\/li><\/ul><\/section>\t\t\t\t\t\t\t\t<\/div>\n\t\t\t\t<\/div>\n\t\t\t\t\t<\/div>\n\t\t<\/div>\n\t\t\t\t\t<\/div>\n\t\t<\/section>\n\t\t\t\t<\/div>","protected":false},"excerpt":{"rendered":"<p>Gen\u00e7lik A\u015f\u0131s\u0131 Hastanede Kal\u0131\u015f S\u00fcresi: 0 G\u00fcn Operasyon S\u00fcresi: 2-4 Saat Anestezi: Genel \u0130yile\u015fme S\u00fcresi: 0 Hafta Hemen Randevu Al\u0131n Ya\u015flanmay\u0131 durdurmak i\u00e7in geli\u015ftirilen gen\u00e7lik a\u015f\u0131s\u0131; zamanla sarkan cildi toparlamak, k\u0131r\u0131\u015f\u0131kl\u0131klar\u0131 gidermek ve cildi canland\u0131rmak i\u00e7in kullan\u0131l\u0131yor. Cildin su tutma kapasitesi ve kolajen sentezi zamanla azald\u0131\u011f\u0131 i\u00e7in serbest radikallerin cilt \u00fczerindeki olumsuz etkileri artar ve [&hellip;]<\/p>\n","protected":false},"author":2,"featured_media":0,"parent":0,"menu_order":0,"comment_status":"closed","ping_status":"closed","template":"","meta":{"postBodyMargin":[],"postBodyPadding":[],"postBodyBackground":{"backgroundType":"classic","gradient":""},"footnotes":""},"class_list":["post-11352","page","type-page","status-publish","hentry"],"_links":{"self":[{"href":"https:\/\/seldacenter.com\/sq\/wp-json\/wp\/v2\/pages\/11352","targetHints":{"allow":["GET"]}}],"collection":[{"href":"https:\/\/seldacenter.com\/sq\/wp-json\/wp\/v2\/pages"}],"about":[{"href":"https:\/\/seldacenter.com\/sq\/wp-json\/wp\/v2\/types\/page"}],"author":[{"embeddable":true,"href":"https:\/\/seldacenter.com\/sq\/wp-json\/wp\/v2\/users\/2"}],"replies":[{"embeddable":true,"href":"https:\/\/seldacenter.com\/sq\/wp-json\/wp\/v2\/comments?post=11352"}],"version-history":[{"count":6,"href":"https:\/\/seldacenter.com\/sq\/wp-json\/wp\/v2\/pages\/11352\/revisions"}],"predecessor-version":[{"id":13213,"href":"https:\/\/seldacenter.com\/sq\/wp-json\/wp\/v2\/pages\/11352\/revisions\/13213"}],"wp:attachment":[{"href":"https:\/\/seldacenter.com\/sq\/wp-json\/wp\/v2\/media?parent=11352"}],"curies":[{"name":"wp","href":"https:\/\/api.w.org\/{rel}","templated":true}]}}