{"id":11273,"date":"2022-09-16T12:40:14","date_gmt":"2022-09-16T09:40:14","guid":{"rendered":"https:\/\/seldacenter.com\/?page_id=11273"},"modified":"2024-02-28T18:57:10","modified_gmt":"2024-02-28T18:57:10","slug":"karin-germe","status":"publish","type":"page","link":"https:\/\/seldacenter.com\/sq\/karin-germe\/","title":{"rendered":"Tummy Tuck"},"content":{"rendered":"<div data-elementor-type=\"wp-page\" data-elementor-id=\"11273\" class=\"elementor elementor-11273\" data-elementor-post-type=\"page\">\n\t\t\t\t\t\t<section class=\"elementor-section elementor-top-section elementor-element elementor-element-2e46ba7 elementor-section-content-middle elementor-section-boxed elementor-section-height-default elementor-section-height-default\" data-id=\"2e46ba7\" data-element_type=\"section\">\n\t\t\t\t\t\t<div class=\"elementor-container elementor-column-gap-default\">\n\t\t\t\t\t<div class=\"elementor-column elementor-col-50 elementor-top-column elementor-element elementor-element-228f947\" data-id=\"228f947\" data-element_type=\"column\" data-settings=\"{&quot;background_background&quot;:&quot;classic&quot;}\">\n\t\t\t<div class=\"elementor-widget-wrap elementor-element-populated\">\n\t\t\t\t\t\t<div class=\"elementor-element elementor-element-415bdf21 elementor-widget elementor-widget-image\" data-id=\"415bdf21\" data-element_type=\"widget\" data-widget_type=\"image.default\">\n\t\t\t\t<div class=\"elementor-widget-container\">\n\t\t\t\t\t\t\t\t\t\t\t\t\t\t\t<img decoding=\"async\" src=\"https:\/\/seldacenter.com\/wp-content\/uploads\/2021\/06\/karin-germe-selda-hair-center.jpg\" title=\"\" alt=\"Kar\u0131n germe selda hair center\" loading=\"lazy\" \/>\t\t\t\t\t\t\t\t\t\t\t\t\t\t\t<\/div>\n\t\t\t\t<\/div>\n\t\t\t\t\t<\/div>\n\t\t<\/div>\n\t\t\t\t<div class=\"elementor-column elementor-col-50 elementor-top-column elementor-element elementor-element-7334a62\" data-id=\"7334a62\" data-element_type=\"column\">\n\t\t\t<div class=\"elementor-widget-wrap elementor-element-populated\">\n\t\t\t\t\t\t<div class=\"elementor-element elementor-element-c148f9e elementor-widget-divider--view-line_text elementor-widget-divider--element-align-left elementor-widget elementor-widget-divider\" data-id=\"c148f9e\" data-element_type=\"widget\" data-widget_type=\"divider.default\">\n\t\t\t\t<div class=\"elementor-widget-container\">\n\t\t\t\t\t\t\t<div class=\"elementor-divider\">\n\t\t\t<span class=\"elementor-divider-separator\">\n\t\t\t\t\t\t\t<h3 class=\"elementor-divider__text elementor-divider__element\">\n\t\t\t\tTummy Tuck\t\t\t\t<\/h3>\n\t\t\t\t\t\t<\/span>\n\t\t<\/div>\n\t\t\t\t\t\t<\/div>\n\t\t\t\t<\/div>\n\t\t\t\t<div class=\"elementor-element elementor-element-d50d2ec elementor-align-left elementor-icon-list--layout-traditional elementor-list-item-link-full_width elementor-widget elementor-widget-icon-list\" data-id=\"d50d2ec\" data-element_type=\"widget\" data-widget_type=\"icon-list.default\">\n\t\t\t\t<div class=\"elementor-widget-container\">\n\t\t\t\t\t\t\t<ul class=\"elementor-icon-list-items\">\n\t\t\t\t\t\t\t<li class=\"elementor-icon-list-item\">\n\t\t\t\t\t\t\t\t\t\t\t<span class=\"elementor-icon-list-icon\">\n\t\t\t\t\t\t\t<svg aria-hidden=\"true\" class=\"e-font-icon-svg e-far-hospital\" viewbox=\"0 0 448 512\" xmlns=\"http:\/\/www.w3.org\/2000\/svg\"><path d=\"M128 244v-40c0-6.627 5.373-12 12-12h40c6.627 0 12 5.373 12 12v40c0 6.627-5.373 12-12 12h-40c-6.627 0-12-5.373-12-12zm140 12h40c6.627 0 12-5.373 12-12v-40c0-6.627-5.373-12-12-12h-40c-6.627 0-12 5.373-12 12v40c0 6.627 5.373 12 12 12zm-76 84v-40c0-6.627-5.373-12-12-12h-40c-6.627 0-12 5.373-12 12v40c0 6.627 5.373 12 12 12h40c6.627 0 12-5.373 12-12zm76 12h40c6.627 0 12-5.373 12-12v-40c0-6.627-5.373-12-12-12h-40c-6.627 0-12 5.373-12 12v40c0 6.627 5.373 12 12 12zm180 124v36H0v-36c0-6.627 5.373-12 12-12h19.5V85.035C31.5 73.418 42.245 64 55.5 64H144V24c0-13.255 10.745-24 24-24h112c13.255 0 24 10.745 24 24v40h88.5c13.255 0 24 9.418 24 21.035V464H436c6.627 0 12 5.373 12 12zM79.5 463H192v-67c0-6.627 5.373-12 12-12h40c6.627 0 12 5.373 12 12v67h112.5V112H304v24c0 13.255-10.745 24-24 24H168c-13.255 0-24-10.745-24-24v-24H79.5v351zM266 64h-26V38a6 6 0 0 0-6-6h-20a6 6 0 0 0-6 6v26h-26a6 6 0 0 0-6 6v20a6 6 0 0 0 6 6h26v26a6 6 0 0 0 6 6h20a6 6 0 0 0 6-6V96h26a6 6 0 0 0 6-6V70a6 6 0 0 0-6-6z\"><\/path><\/svg>\t\t\t\t\t\t<\/span>\n\t\t\t\t\t\t\t\t\t\t<span class=\"elementor-icon-list-text\">Q\u00ebndrimi n\u00eb spital: 2 dit\u00eb<\/span>\n\t\t\t\t\t\t\t\t\t<\/li>\n\t\t\t\t\t\t\t\t<li class=\"elementor-icon-list-item\">\n\t\t\t\t\t\t\t\t\t\t\t<span class=\"elementor-icon-list-icon\">\n\t\t\t\t\t\t\t<svg aria-hidden=\"true\" class=\"e-font-icon-svg e-far-clock\" viewbox=\"0 0 512 512\" xmlns=\"http:\/\/www.w3.org\/2000\/svg\"><path d=\"M256 8C119 8 8 119 8 256s111 248 248 248 248-111 248-248S393 8 256 8zm0 448c-110.5 0-200-89.5-200-200S145.5 56 256 56s200 89.5 200 200-89.5 200-200 200zm61.8-104.4l-84.9-61.7c-3.1-2.3-4.9-5.9-4.9-9.7V116c0-6.6 5.4-12 12-12h32c6.6 0 12 5.4 12 12v141.7l66.8 48.6c5.4 3.9 6.5 11.4 2.6 16.8L334.6 349c-3.9 5.3-11.4 6.5-16.8 2.6z\"><\/path><\/svg>\t\t\t\t\t\t<\/span>\n\t\t\t\t\t\t\t\t\t\t<span class=\"elementor-icon-list-text\">Koha e Funksionimit: 3-5 Or\u00eb<\/span>\n\t\t\t\t\t\t\t\t\t<\/li>\n\t\t\t\t\t\t\t\t<li class=\"elementor-icon-list-item\">\n\t\t\t\t\t\t\t\t\t\t\t<span class=\"elementor-icon-list-icon\">\n\t\t\t\t\t\t\t<svg aria-hidden=\"true\" class=\"e-font-icon-svg e-fas-syringe\" viewbox=\"0 0 512 512\" xmlns=\"http:\/\/www.w3.org\/2000\/svg\"><path d=\"M201.5 174.8l55.7 55.8c3.1 3.1 3.1 8.2 0 11.3l-11.3 11.3c-3.1 3.1-8.2 3.1-11.3 0l-55.7-55.8-45.3 45.3 55.8 55.8c3.1 3.1 3.1 8.2 0 11.3l-11.3 11.3c-3.1 3.1-8.2 3.1-11.3 0L111 265.2l-26.4 26.4c-17.3 17.3-25.6 41.1-23 65.4l7.1 63.6L2.3 487c-3.1 3.1-3.1 8.2 0 11.3l11.3 11.3c3.1 3.1 8.2 3.1 11.3 0l66.3-66.3 63.6 7.1c23.9 2.6 47.9-5.4 65.4-23l181.9-181.9-135.7-135.7-64.9 65zm308.2-93.3L430.5 2.3c-3.1-3.1-8.2-3.1-11.3 0l-11.3 11.3c-3.1 3.1-3.1 8.2 0 11.3l28.3 28.3-45.3 45.3-56.6-56.6-17-17c-3.1-3.1-8.2-3.1-11.3 0l-33.9 33.9c-3.1 3.1-3.1 8.2 0 11.3l17 17L424.8 223l17 17c3.1 3.1 8.2 3.1 11.3 0l33.9-34c3.1-3.1 3.1-8.2 0-11.3l-73.5-73.5 45.3-45.3 28.3 28.3c3.1 3.1 8.2 3.1 11.3 0l11.3-11.3c3.1-3.2 3.1-8.2 0-11.4z\"><\/path><\/svg>\t\t\t\t\t\t<\/span>\n\t\t\t\t\t\t\t\t\t\t<span class=\"elementor-icon-list-text\">Anestezi: E p\u00ebrgjithshme<\/span>\n\t\t\t\t\t\t\t\t\t<\/li>\n\t\t\t\t\t\t\t\t<li class=\"elementor-icon-list-item\">\n\t\t\t\t\t\t\t\t\t\t\t<span class=\"elementor-icon-list-icon\">\n\t\t\t\t\t\t\t<svg aria-hidden=\"true\" class=\"e-font-icon-svg e-far-heart\" viewbox=\"0 0 512 512\" xmlns=\"http:\/\/www.w3.org\/2000\/svg\"><path d=\"M458.4 64.3C400.6 15.7 311.3 23 256 79.3 200.7 23 111.4 15.6 53.6 64.3-21.6 127.6-10.6 230.8 43 285.5l175.4 178.7c10 10.2 23.4 15.9 37.6 15.9 14.3 0 27.6-5.6 37.6-15.8L469 285.6c53.5-54.7 64.7-157.9-10.6-221.3zm-23.6 187.5L259.4 430.5c-2.4 2.4-4.4 2.4-6.8 0L77.2 251.8c-36.5-37.2-43.9-107.6 7.3-150.7 38.9-32.7 98.9-27.8 136.5 10.5l35 35.7 35-35.7c37.8-38.5 97.8-43.2 136.5-10.6 51.1 43.1 43.5 113.9 7.3 150.8z\"><\/path><\/svg>\t\t\t\t\t\t<\/span>\n\t\t\t\t\t\t\t\t\t\t<span class=\"elementor-icon-list-text\">Koha e Rim\u00ebk\u00ebmbjes: 3-4 Jav\u00eb<\/span>\n\t\t\t\t\t\t\t\t\t<\/li>\n\t\t\t\t\t\t<\/ul>\n\t\t\t\t\t\t<\/div>\n\t\t\t\t<\/div>\n\t\t\t\t<div class=\"elementor-element elementor-element-bf48b75 elementor-align-justify elementor-widget elementor-widget-button\" data-id=\"bf48b75\" data-element_type=\"widget\" data-widget_type=\"button.default\">\n\t\t\t\t<div class=\"elementor-widget-container\">\n\t\t\t\t\t\t\t\t\t<div class=\"elementor-button-wrapper\">\n\t\t\t\t\t<a class=\"elementor-button elementor-button-link elementor-size-sm elementor-animation-buzz\" href=\"https:\/\/seldacenter.com\/sq\/\">\n\t\t\t\t\t\t<span class=\"elementor-button-content-wrapper\">\n\t\t\t\t\t\t\t\t\t<span class=\"elementor-button-text\">Rezervoni nj\u00eb takim tani<\/span>\n\t\t\t\t\t<\/span>\n\t\t\t\t\t<\/a>\n\t\t\t\t<\/div>\n\t\t\t\t\t\t\t\t<\/div>\n\t\t\t\t<\/div>\n\t\t\t\t\t<\/div>\n\t\t<\/div>\n\t\t\t\t\t<\/div>\n\t\t<\/section>\n\t\t\t\t<section class=\"elementor-section elementor-top-section elementor-element elementor-element-7ff8ef03 elementor-section-boxed elementor-section-height-default elementor-section-height-default\" data-id=\"7ff8ef03\" data-element_type=\"section\">\n\t\t\t\t\t\t<div class=\"elementor-container elementor-column-gap-default\">\n\t\t\t\t\t<div class=\"elementor-column elementor-col-100 elementor-top-column elementor-element elementor-element-4e98fbf2\" data-id=\"4e98fbf2\" data-element_type=\"column\">\n\t\t\t<div class=\"elementor-widget-wrap elementor-element-populated\">\n\t\t\t\t\t\t<div class=\"elementor-element elementor-element-61a14b5a elementor-widget elementor-widget-text-editor\" data-id=\"61a14b5a\" data-element_type=\"widget\" data-widget_type=\"text-editor.default\">\n\t\t\t\t<div class=\"elementor-widget-container\">\n\t\t\t\t\t\t\t\t\t<section class=\"services_page_header\"><section class=\"services_page_header\"><h3>SHTR\u00cbNGIMI I BARKUT<\/h3><p>P\u00ebr ata q\u00eb duan nj\u00eb pamje m\u00eb t\u00eb tonifikuar, kryhet nj\u00eb operacion barku (ngritje barku) p\u00ebr t\u00eb hequr dhjamin e tep\u00ebrt nga zona e barkut. Procedura lejon heqjen e l\u00ebkur\u00ebs s\u00eb tep\u00ebrt dhe varjen e tij, duke rezultuar n\u00eb nj\u00eb pamje shum\u00eb m\u00eb t\u00eb shesht\u00eb t\u00eb barkut. Nj\u00eb prerje e b\u00ebr\u00eb posht\u00eb k\u00ebrthiz\u00ebs ndihmon n\u00eb eliminimin e strijave. N\u00eb k\u00ebt\u00eb artikull, do t\u00eb gjeni p\u00ebrgjigje p\u00ebr pyetje t\u00eb tilla si: \u00c7far\u00eb \u00ebsht\u00eb operacioni i barkut? N\u00eb \u00e7far\u00eb kushtesh kryhet?<\/p><h3>\u00c7far\u00eb \u00ebsht\u00eb nj\u00eb operacion barku?<\/h3><p>Ne shpjegojm\u00eb se deformimet e barkut q\u00eb ndodhin gjat\u00eb shtatz\u00ebnis\u00eb ose pas shtimit ose humbjes s\u00eb shpejt\u00eb t\u00eb pesh\u00ebs mund t\u00eb shkaktojn\u00eb nj\u00eb pamje t\u00eb pak\u00ebndshme. Ju mund t\u00eb k\u00ebrkoni kirurgjin\u00eb Tummy Tuck p\u00ebr t\u00eb eliminuar dhjamin e tep\u00ebrt dhe p\u00ebr t\u00eb korrigjuar k\u00ebt\u00eb pamje t\u00eb pad\u00ebshirueshme. Ne theksojm\u00eb se kjo do t&#039;i jap\u00eb zon\u00ebs suaj t\u00eb barkut nj\u00eb pamje m\u00eb t\u00eb shesht\u00eb. Me k\u00ebt\u00eb proces, gjat\u00eb t\u00eb cilit duhet t\u00eb shmangni l\u00ebvizjet e papritura p\u00ebr nj\u00eb periudh\u00eb t\u00eb caktuar, shqet\u00ebsimet tuaja estetike do t\u00eb eliminohen.<\/p><h3>Cilat jan\u00eb gj\u00ebrat q\u00eb duhen marr\u00eb n\u00eb konsiderat\u00eb kur b\u00ebhet nj\u00eb operacion barku?<\/h3><p>Mund t\u00eb merrni informacion n\u00eb lidhje me disa pika t\u00eb r\u00ebnd\u00ebsishme q\u00eb duhen marr\u00eb n\u00eb konsiderat\u00eb para k\u00ebtij operacioni. Ata q\u00eb vendosin t\u00eb b\u00ebjn\u00eb nj\u00eb operacion kirurgjikal duhet t\u00eb l\u00ebn\u00eb duhanin nj\u00eb koh\u00eb t\u00eb caktuar m\u00eb par\u00eb. Rekomandohet q\u00eb ta lini k\u00ebt\u00eb zakon af\u00ebrsisht 2 jav\u00eb m\u00eb par\u00eb dhe duhet t\u00eb shmangni ekspozimin n\u00eb diell. \u00cbsht\u00eb gjithashtu e preferueshme t\u00eb shmangni dietat dhe regjimet e rrepta dhe t\u00eb mos keni ftohje.<\/p><h3>\u00c7far\u00eb masash paraprake duhet t\u00eb merren pas nj\u00eb operacioni p\u00ebr heqjen e barkut?<\/h3><p>Operacioni, i cili zgjat af\u00ebrsisht 3-4 or\u00eb, mund t\u00eb p\u00ebrfundoj\u00eb n\u00eb 5-6 or\u00eb n\u00ebse kryhet s\u00eb bashku me liposuksionin. Megjithat\u00eb, kjo koh\u00ebzgjatje ndryshon n\u00eb var\u00ebsi t\u00eb sasis\u00eb s\u00eb dhjamit dhe shkall\u00ebs s\u00eb varjes. Mund t\u00eb m\u00ebsoni nga mjeku juaj se \u00e7far\u00eb lloj veshjeje kompresuese duhet t\u00eb vishni p\u00ebr muajin e par\u00eb pas operacionit. Mund t\u00eb ktheheni n\u00eb jet\u00ebn tuaj t\u00eb p\u00ebrditshme brenda 2-3 jav\u00ebsh. Rekomandohet t\u00eb prisni nj\u00eb vit pas nj\u00eb nd\u00ebrhyrjeje kirurgjikale p\u00ebr barkun para se t\u00eb p\u00ebrpiqeni t\u00eb mbeteni shtatz\u00ebn\u00eb. Mund t\u00eb na kontaktoni p\u00ebr t\u00eb m\u00ebsuar rreth \u00e7mimeve, t\u00eb cilat ndryshojn\u00eb n\u00eb var\u00ebsi t\u00eb individit dhe procedurave t\u00eb kryera. N\u00eb 3 muajt e par\u00eb, zona mund t\u00eb jet\u00eb roz\u00eb ose vjollc\u00eb, dhe pas 6 muajsh, ju pret nj\u00eb ngjyr\u00eb m\u00eb e zbeht\u00eb.<\/p><\/section><\/section>\t\t\t\t\t\t\t\t<\/div>\n\t\t\t\t<\/div>\n\t\t\t\t\t<\/div>\n\t\t<\/div>\n\t\t\t\t\t<\/div>\n\t\t<\/section>\n\t\t\t\t<\/div>","protected":false},"excerpt":{"rendered":"<p>Kar\u0131n Germe Hastanede Kal\u0131\u015f S\u00fcresi: 2 G\u00fcn Operasyon S\u00fcresi: 3-5 Saat Anestezi: Genel \u0130yile\u015fme S\u00fcresi: 3-4 Hafta Hemen Randevu Al\u0131n KARIN GERME Daha d\u00fczg\u00fcn bir g\u00f6r\u00fcn\u00fcme sahip olmak isteyenlerin kar\u0131n b\u00f6lgesindeki fazla ya\u011flardan kurtulmalar\u0131 i\u00e7in Kar\u0131n Germe operasyonu ger\u00e7ekle\u015ftirilmektedir. Fazla derilerin ve sarkma sorunlar\u0131n\u0131n ortadan kald\u0131r\u0131lmas\u0131 i\u00e7in ya\u011flar\u0131n al\u0131nmas\u0131na olanak verilecektir. B\u00f6ylece kar\u0131n b\u00f6lgesi \u00e7ok [&hellip;]<\/p>\n","protected":false},"author":2,"featured_media":0,"parent":0,"menu_order":0,"comment_status":"closed","ping_status":"closed","template":"","meta":{"postBodyMargin":[],"postBodyPadding":[],"postBodyBackground":{"backgroundType":"classic","gradient":""},"footnotes":""},"class_list":["post-11273","page","type-page","status-publish","hentry"],"_links":{"self":[{"href":"https:\/\/seldacenter.com\/sq\/wp-json\/wp\/v2\/pages\/11273","targetHints":{"allow":["GET"]}}],"collection":[{"href":"https:\/\/seldacenter.com\/sq\/wp-json\/wp\/v2\/pages"}],"about":[{"href":"https:\/\/seldacenter.com\/sq\/wp-json\/wp\/v2\/types\/page"}],"author":[{"embeddable":true,"href":"https:\/\/seldacenter.com\/sq\/wp-json\/wp\/v2\/users\/2"}],"replies":[{"embeddable":true,"href":"https:\/\/seldacenter.com\/sq\/wp-json\/wp\/v2\/comments?post=11273"}],"version-history":[{"count":6,"href":"https:\/\/seldacenter.com\/sq\/wp-json\/wp\/v2\/pages\/11273\/revisions"}],"predecessor-version":[{"id":13970,"href":"https:\/\/seldacenter.com\/sq\/wp-json\/wp\/v2\/pages\/11273\/revisions\/13970"}],"wp:attachment":[{"href":"https:\/\/seldacenter.com\/sq\/wp-json\/wp\/v2\/media?parent=11273"}],"curies":[{"name":"wp","href":"https:\/\/api.w.org\/{rel}","templated":true}]}}