{"id":11233,"date":"2022-09-16T12:40:14","date_gmt":"2022-09-16T09:40:14","guid":{"rendered":"https:\/\/seldacenter.com\/?page_id=11233"},"modified":"2023-11-28T20:36:39","modified_gmt":"2023-11-28T20:36:39","slug":"rinoplasti","status":"publish","type":"page","link":"https:\/\/seldacenter.com\/sq\/rinoplasti\/","title":{"rendered":"Rinoplastik\u00eb"},"content":{"rendered":"<div data-elementor-type=\"wp-page\" data-elementor-id=\"11233\" class=\"elementor elementor-11233\" data-elementor-post-type=\"page\">\n\t\t\t\t\t\t<section class=\"elementor-section elementor-top-section elementor-element elementor-element-504df927 elementor-section-boxed elementor-section-height-default elementor-section-height-default\" data-id=\"504df927\" data-element_type=\"section\">\n\t\t\t\t\t\t<div class=\"elementor-container elementor-column-gap-default\">\n\t\t\t\t\t<div class=\"elementor-column elementor-col-100 elementor-top-column elementor-element elementor-element-7942b19c\" data-id=\"7942b19c\" data-element_type=\"column\">\n\t\t\t<div class=\"elementor-widget-wrap elementor-element-populated\">\n\t\t\t\t\t\t<div class=\"elementor-element elementor-element-7579f7e6 elementor-widget elementor-widget-spacer\" data-id=\"7579f7e6\" data-element_type=\"widget\" data-widget_type=\"spacer.default\">\n\t\t\t\t<div class=\"elementor-widget-container\">\n\t\t\t\t\t\t\t<div class=\"elementor-spacer\">\n\t\t\t<div class=\"elementor-spacer-inner\"><\/div>\n\t\t<\/div>\n\t\t\t\t\t\t<\/div>\n\t\t\t\t<\/div>\n\t\t\t\t\t<\/div>\n\t\t<\/div>\n\t\t\t\t\t<\/div>\n\t\t<\/section>\n\t\t\t\t<section class=\"elementor-section elementor-top-section elementor-element elementor-element-49101149 elementor-section-content-middle elementor-section-boxed elementor-section-height-default elementor-section-height-default\" data-id=\"49101149\" data-element_type=\"section\">\n\t\t\t\t\t\t<div class=\"elementor-container elementor-column-gap-default\">\n\t\t\t\t\t<div class=\"elementor-column elementor-col-50 elementor-top-column elementor-element elementor-element-ac2ffaf\" data-id=\"ac2ffaf\" data-element_type=\"column\" data-settings=\"{&quot;background_background&quot;:&quot;classic&quot;}\">\n\t\t\t<div class=\"elementor-widget-wrap elementor-element-populated\">\n\t\t\t\t\t\t<div class=\"elementor-element elementor-element-415bdf21 elementor-widget elementor-widget-image\" data-id=\"415bdf21\" data-element_type=\"widget\" data-widget_type=\"image.default\">\n\t\t\t\t<div class=\"elementor-widget-container\">\n\t\t\t\t\t\t\t\t\t\t\t\t\t\t\t<img decoding=\"async\" src=\"https:\/\/seldacenter.com\/wp-content\/uploads\/2021\/06\/rinoplasti-selda-hair-center-banner.jpg\" title=\"\" alt=\"rinoplasti\" loading=\"lazy\" \/>\t\t\t\t\t\t\t\t\t\t\t\t\t\t\t<\/div>\n\t\t\t\t<\/div>\n\t\t\t\t\t<\/div>\n\t\t<\/div>\n\t\t\t\t<div class=\"elementor-column elementor-col-50 elementor-top-column elementor-element elementor-element-632f71ef\" data-id=\"632f71ef\" data-element_type=\"column\">\n\t\t\t<div class=\"elementor-widget-wrap elementor-element-populated\">\n\t\t\t\t\t\t<div class=\"elementor-element elementor-element-11f2a67c elementor-widget-divider--view-line_text elementor-widget-divider--element-align-left elementor-widget elementor-widget-divider\" data-id=\"11f2a67c\" data-element_type=\"widget\" data-widget_type=\"divider.default\">\n\t\t\t\t<div class=\"elementor-widget-container\">\n\t\t\t\t\t\t\t<div class=\"elementor-divider\">\n\t\t\t<span class=\"elementor-divider-separator\">\n\t\t\t\t\t\t\t<h3 class=\"elementor-divider__text elementor-divider__element\">\n\t\t\t\tRinoplastik\u00eb\t\t\t\t<\/h3>\n\t\t\t\t\t\t<\/span>\n\t\t<\/div>\n\t\t\t\t\t\t<\/div>\n\t\t\t\t<\/div>\n\t\t\t\t<div class=\"elementor-element elementor-element-3bbffcfc elementor-align-left elementor-icon-list--layout-traditional elementor-list-item-link-full_width elementor-widget elementor-widget-icon-list\" data-id=\"3bbffcfc\" data-element_type=\"widget\" data-widget_type=\"icon-list.default\">\n\t\t\t\t<div class=\"elementor-widget-container\">\n\t\t\t\t\t\t\t<ul class=\"elementor-icon-list-items\">\n\t\t\t\t\t\t\t<li class=\"elementor-icon-list-item\">\n\t\t\t\t\t\t\t\t\t\t\t<span class=\"elementor-icon-list-icon\">\n\t\t\t\t\t\t\t<svg aria-hidden=\"true\" class=\"e-font-icon-svg e-far-hospital\" viewbox=\"0 0 448 512\" xmlns=\"http:\/\/www.w3.org\/2000\/svg\"><path d=\"M128 244v-40c0-6.627 5.373-12 12-12h40c6.627 0 12 5.373 12 12v40c0 6.627-5.373 12-12 12h-40c-6.627 0-12-5.373-12-12zm140 12h40c6.627 0 12-5.373 12-12v-40c0-6.627-5.373-12-12-12h-40c-6.627 0-12 5.373-12 12v40c0 6.627 5.373 12 12 12zm-76 84v-40c0-6.627-5.373-12-12-12h-40c-6.627 0-12 5.373-12 12v40c0 6.627 5.373 12 12 12h40c6.627 0 12-5.373 12-12zm76 12h40c6.627 0 12-5.373 12-12v-40c0-6.627-5.373-12-12-12h-40c-6.627 0-12 5.373-12 12v40c0 6.627 5.373 12 12 12zm180 124v36H0v-36c0-6.627 5.373-12 12-12h19.5V85.035C31.5 73.418 42.245 64 55.5 64H144V24c0-13.255 10.745-24 24-24h112c13.255 0 24 10.745 24 24v40h88.5c13.255 0 24 9.418 24 21.035V464H436c6.627 0 12 5.373 12 12zM79.5 463H192v-67c0-6.627 5.373-12 12-12h40c6.627 0 12 5.373 12 12v67h112.5V112H304v24c0 13.255-10.745 24-24 24H168c-13.255 0-24-10.745-24-24v-24H79.5v351zM266 64h-26V38a6 6 0 0 0-6-6h-20a6 6 0 0 0-6 6v26h-26a6 6 0 0 0-6 6v20a6 6 0 0 0 6 6h26v26a6 6 0 0 0 6 6h20a6 6 0 0 0 6-6V96h26a6 6 0 0 0 6-6V70a6 6 0 0 0-6-6z\"><\/path><\/svg>\t\t\t\t\t\t<\/span>\n\t\t\t\t\t\t\t\t\t\t<span class=\"elementor-icon-list-text\">Q\u00ebndrimi n\u00eb spital: 1 dit\u00eb<\/span>\n\t\t\t\t\t\t\t\t\t<\/li>\n\t\t\t\t\t\t\t\t<li class=\"elementor-icon-list-item\">\n\t\t\t\t\t\t\t\t\t\t\t<span class=\"elementor-icon-list-icon\">\n\t\t\t\t\t\t\t<svg aria-hidden=\"true\" class=\"e-font-icon-svg e-far-clock\" viewbox=\"0 0 512 512\" xmlns=\"http:\/\/www.w3.org\/2000\/svg\"><path d=\"M256 8C119 8 8 119 8 256s111 248 248 248 248-111 248-248S393 8 256 8zm0 448c-110.5 0-200-89.5-200-200S145.5 56 256 56s200 89.5 200 200-89.5 200-200 200zm61.8-104.4l-84.9-61.7c-3.1-2.3-4.9-5.9-4.9-9.7V116c0-6.6 5.4-12 12-12h32c6.6 0 12 5.4 12 12v141.7l66.8 48.6c5.4 3.9 6.5 11.4 2.6 16.8L334.6 349c-3.9 5.3-11.4 6.5-16.8 2.6z\"><\/path><\/svg>\t\t\t\t\t\t<\/span>\n\t\t\t\t\t\t\t\t\t\t<span class=\"elementor-icon-list-text\">Koha e Funksionimit: 2-4 Or\u00eb<\/span>\n\t\t\t\t\t\t\t\t\t<\/li>\n\t\t\t\t\t\t\t\t<li class=\"elementor-icon-list-item\">\n\t\t\t\t\t\t\t\t\t\t\t<span class=\"elementor-icon-list-icon\">\n\t\t\t\t\t\t\t<svg aria-hidden=\"true\" class=\"e-font-icon-svg e-fas-syringe\" viewbox=\"0 0 512 512\" xmlns=\"http:\/\/www.w3.org\/2000\/svg\"><path d=\"M201.5 174.8l55.7 55.8c3.1 3.1 3.1 8.2 0 11.3l-11.3 11.3c-3.1 3.1-8.2 3.1-11.3 0l-55.7-55.8-45.3 45.3 55.8 55.8c3.1 3.1 3.1 8.2 0 11.3l-11.3 11.3c-3.1 3.1-8.2 3.1-11.3 0L111 265.2l-26.4 26.4c-17.3 17.3-25.6 41.1-23 65.4l7.1 63.6L2.3 487c-3.1 3.1-3.1 8.2 0 11.3l11.3 11.3c3.1 3.1 8.2 3.1 11.3 0l66.3-66.3 63.6 7.1c23.9 2.6 47.9-5.4 65.4-23l181.9-181.9-135.7-135.7-64.9 65zm308.2-93.3L430.5 2.3c-3.1-3.1-8.2-3.1-11.3 0l-11.3 11.3c-3.1 3.1-3.1 8.2 0 11.3l28.3 28.3-45.3 45.3-56.6-56.6-17-17c-3.1-3.1-8.2-3.1-11.3 0l-33.9 33.9c-3.1 3.1-3.1 8.2 0 11.3l17 17L424.8 223l17 17c3.1 3.1 8.2 3.1 11.3 0l33.9-34c3.1-3.1 3.1-8.2 0-11.3l-73.5-73.5 45.3-45.3 28.3 28.3c3.1 3.1 8.2 3.1 11.3 0l11.3-11.3c3.1-3.2 3.1-8.2 0-11.4z\"><\/path><\/svg>\t\t\t\t\t\t<\/span>\n\t\t\t\t\t\t\t\t\t\t<span class=\"elementor-icon-list-text\">Anestezi: E p\u00ebrgjithshme<\/span>\n\t\t\t\t\t\t\t\t\t<\/li>\n\t\t\t\t\t\t\t\t<li class=\"elementor-icon-list-item\">\n\t\t\t\t\t\t\t\t\t\t\t<span class=\"elementor-icon-list-icon\">\n\t\t\t\t\t\t\t<svg aria-hidden=\"true\" class=\"e-font-icon-svg e-far-heart\" viewbox=\"0 0 512 512\" xmlns=\"http:\/\/www.w3.org\/2000\/svg\"><path d=\"M458.4 64.3C400.6 15.7 311.3 23 256 79.3 200.7 23 111.4 15.6 53.6 64.3-21.6 127.6-10.6 230.8 43 285.5l175.4 178.7c10 10.2 23.4 15.9 37.6 15.9 14.3 0 27.6-5.6 37.6-15.8L469 285.6c53.5-54.7 64.7-157.9-10.6-221.3zm-23.6 187.5L259.4 430.5c-2.4 2.4-4.4 2.4-6.8 0L77.2 251.8c-36.5-37.2-43.9-107.6 7.3-150.7 38.9-32.7 98.9-27.8 136.5 10.5l35 35.7 35-35.7c37.8-38.5 97.8-43.2 136.5-10.6 51.1 43.1 43.5 113.9 7.3 150.8z\"><\/path><\/svg>\t\t\t\t\t\t<\/span>\n\t\t\t\t\t\t\t\t\t\t<span class=\"elementor-icon-list-text\">Koha e Rim\u00ebk\u00ebmbjes: 1-2 Jav\u00eb<\/span>\n\t\t\t\t\t\t\t\t\t<\/li>\n\t\t\t\t\t\t<\/ul>\n\t\t\t\t\t\t<\/div>\n\t\t\t\t<\/div>\n\t\t\t\t<div class=\"elementor-element elementor-element-b53d25a elementor-align-justify elementor-widget elementor-widget-button\" data-id=\"b53d25a\" data-element_type=\"widget\" data-widget_type=\"button.default\">\n\t\t\t\t<div class=\"elementor-widget-container\">\n\t\t\t\t\t\t\t\t\t<div class=\"elementor-button-wrapper\">\n\t\t\t\t\t<a class=\"elementor-button elementor-button-link elementor-size-sm elementor-animation-buzz\" href=\"https:\/\/seldacenter.com\/sq\/\">\n\t\t\t\t\t\t<span class=\"elementor-button-content-wrapper\">\n\t\t\t\t\t\t\t\t\t<span class=\"elementor-button-text\">Rezervoni nj\u00eb takim tani<\/span>\n\t\t\t\t\t<\/span>\n\t\t\t\t\t<\/a>\n\t\t\t\t<\/div>\n\t\t\t\t\t\t\t\t<\/div>\n\t\t\t\t<\/div>\n\t\t\t\t\t<\/div>\n\t\t<\/div>\n\t\t\t\t\t<\/div>\n\t\t<\/section>\n\t\t\t\t<section class=\"elementor-section elementor-top-section elementor-element elementor-element-51026d7c elementor-section-boxed elementor-section-height-default elementor-section-height-default\" data-id=\"51026d7c\" data-element_type=\"section\">\n\t\t\t\t\t\t<div class=\"elementor-container elementor-column-gap-default\">\n\t\t\t\t\t<div class=\"elementor-column elementor-col-100 elementor-top-column elementor-element elementor-element-1d02f62a\" data-id=\"1d02f62a\" data-element_type=\"column\">\n\t\t\t<div class=\"elementor-widget-wrap elementor-element-populated\">\n\t\t\t\t\t\t<div class=\"elementor-element elementor-element-32a7aab0 elementor-widget elementor-widget-spacer\" data-id=\"32a7aab0\" data-element_type=\"widget\" data-widget_type=\"spacer.default\">\n\t\t\t\t<div class=\"elementor-widget-container\">\n\t\t\t\t\t\t\t<div class=\"elementor-spacer\">\n\t\t\t<div class=\"elementor-spacer-inner\"><\/div>\n\t\t<\/div>\n\t\t\t\t\t\t<\/div>\n\t\t\t\t<\/div>\n\t\t\t\t\t<\/div>\n\t\t<\/div>\n\t\t\t\t\t<\/div>\n\t\t<\/section>\n\t\t\t\t<section class=\"elementor-section elementor-top-section elementor-element elementor-element-7ff8ef03 elementor-section-boxed elementor-section-height-default elementor-section-height-default\" data-id=\"7ff8ef03\" data-element_type=\"section\">\n\t\t\t\t\t\t<div class=\"elementor-container elementor-column-gap-default\">\n\t\t\t\t\t<div class=\"elementor-column elementor-col-100 elementor-top-column elementor-element elementor-element-4e98fbf2\" data-id=\"4e98fbf2\" data-element_type=\"column\">\n\t\t\t<div class=\"elementor-widget-wrap elementor-element-populated\">\n\t\t\t\t\t\t<div class=\"elementor-element elementor-element-61a14b5a elementor-widget elementor-widget-text-editor\" data-id=\"61a14b5a\" data-element_type=\"widget\" data-widget_type=\"text-editor.default\">\n\t\t\t\t<div class=\"elementor-widget-container\">\n\t\t\t\t\t\t\t\t\t<section class=\"services_page_header\"><section class=\"services_page_header\"><h2 class=\"services_page_title\">Rinoplastik\u00eb<\/h2><\/section><section class=\"services_page_content entry-content\">Problemet me frym\u00ebmarrjen mund t\u00eb ndodhin p\u00ebr shkak t\u00eb devijimeve t\u00eb hund\u00ebs, qofshin t\u00eb lindura apo t\u00eb shkaktuara nga aksidente ose l\u00ebndime. Nd\u00ebrhyrja kirurgjikale do t\u00eb jet\u00eb e nevojshme p\u00ebr t\u00eb b\u00ebr\u00eb ndryshime t\u00eb caktuara n\u00eb strukturat e kockave dhe k\u00ebrceve. P\u00ebr t\u00eb m\u00ebsuar rreth detajeve, kostove dhe proceseve t\u00eb procedurave t\u00eb tilla, duhet t\u00eb na kontaktoni.<\/section><section><\/section><\/section><h3>\u00a0<\/h3><h3>Cilat jan\u00eb konsideratat e r\u00ebnd\u00ebsishme p\u00ebr rinoplastik\u00ebn?<\/h3><p>Nj\u00eb s\u00ebr\u00eb pyetjesh b\u00ebhen n\u00eb lidhje me historin\u00eb e pacientit, duke p\u00ebrfshir\u00eb \u00e7do nd\u00ebrhyrje kirurgjikale ose medikamente t\u00eb m\u00ebparshme. P\u00ebrve\u00e7 k\u00ebsaj, b\u00ebhen pyetje n\u00eb lidhje me pritjet e tyre p\u00ebr t\u00eb siguruar nj\u00eb analiz\u00eb dhe planifikim t\u00eb plot\u00eb. Kryerja e nd\u00ebrhyrjes m\u00eb t\u00eb p\u00ebrshtatshme \u00ebsht\u00eb thelb\u00ebsore. P\u00ebr t\u00eb arritur rezultate t\u00eb k\u00ebnaqshme, i kushtohet v\u00ebmendje sigurimit t\u00eb harmonis\u00eb midis struktur\u00ebs s\u00eb hund\u00ebs dhe tipareve t\u00eb fytyr\u00ebs. P\u00ebr t\u00eb shmangur edhe gabimin m\u00eb t\u00eb vog\u00ebl n\u00eb nj\u00eb operacion q\u00eb ndikon n\u00eb pamjen tuaj t\u00eb hund\u00ebs dhe ju lejon t\u00eb arrini rezultate estetikisht t\u00eb k\u00ebndshme, duhet t\u00eb konsultoheni me mjek\u00eb ekspert\u00eb.<\/p><p>\u00a0<\/p><h3>\u00c7far\u00eb masash paraprake duhet t\u00eb merren pas operacionit t\u00eb rinoplastik\u00ebs?<\/h3><p>Individ\u00ebve u duhen af\u00ebrsisht 7 dit\u00eb p\u00ebr t\u00eb p\u00ebrfunduar procesin e tyre t\u00eb plot\u00eb t\u00eb rikuperimit pas operacionit. Duhet t\u00eb jeni t\u00eb kujdessh\u00ebm p\u00ebr nj\u00eb periudh\u00eb prej 3 jav\u00ebsh p\u00ebrpara se t\u00eb ktheheni n\u00eb pun\u00eb, shkoll\u00eb ose jet\u00ebn shoq\u00ebrore. Struktura e hund\u00ebs do t\u00eb marr\u00eb form\u00ebn e saj p\u00ebrfundimtare n\u00eb af\u00ebrsisht 10 muaj. Ju k\u00ebshillojm\u00eb t\u00eb tregoni kujdes p\u00ebr t\u00eb shmangur \u00e7do goditje n\u00eb zon\u00ebn e hund\u00ebs.\u00a0<\/p><p>Mund t\u00eb ndiqni k\u00ebshill\u00ebn e mjekut tuaj, i cili do t&#039;ju rekomandoj\u00eb q\u00eb t\u00eb mos merrni hollues gjaku. Gjat\u00eb k\u00ebtij procesi, duhet t\u00eb shmangni aktivitetet q\u00eb rrisin tensionin e gjakut, si\u00e7 jan\u00eb saunat ose dhomat me avull t\u00eb nxeht\u00eb, dhe t\u00eb q\u00ebndroni larg traumave dhe l\u00ebndimeve. P\u00ebrndryshe, duhet t\u00eb mbani mend se probleme t\u00eb tilla si \u00ebnjtja mund t\u00eb vazhdojn\u00eb p\u00ebr nj\u00eb far\u00eb kohe. N\u00ebse keni nevoj\u00eb p\u00ebr nj\u00eb operacion t\u00eb dyt\u00eb, mjeku juaj, i cili do t\u00eb marr\u00eb nj\u00eb vendim t\u00eb till\u00eb, do t&#039;ju rekomandoj\u00eb t\u00eb prisni rreth nj\u00eb vit pas procedur\u00ebs s\u00eb par\u00eb.<\/p>\t\t\t\t\t\t\t\t<\/div>\n\t\t\t\t<\/div>\n\t\t\t\t\t<\/div>\n\t\t<\/div>\n\t\t\t\t\t<\/div>\n\t\t<\/section>\n\t\t\t\t<\/div>","protected":false},"excerpt":{"rendered":"<p>Rinoplasti Hastanede Kal\u0131\u015f S\u00fcresi: 1 G\u00fcn Operasyon S\u00fcresi: 2-4 Saat Anestezi: Genel \u0130yile\u015fme S\u00fcresi: 1-2 Hafta Hemen Randevu Al\u0131n Rinoplasti Burun \u015feklinde do\u011fumsal veya kaza, yaralanma gibi sebeplerden olu\u015fan e\u011frilik nedeniyle nefes alma problemleri ya\u015fanabilir. Kemik ve k\u0131k\u0131rdak yap\u0131lar\u0131nda birtak\u0131m de\u011fi\u015fikliklerin ger\u00e7ekle\u015ftirilmesi i\u00e7in cerrahi m\u00fcdahaleye gerek duyulacakt\u0131r. Bu t\u00fcr i\u015flemlerin detaylar\u0131n\u0131, fiyatlar\u0131n\u0131 ve s\u00fcre\u00e7lerini \u00f6\u011frenebilmek [&hellip;]<\/p>\n","protected":false},"author":2,"featured_media":0,"parent":0,"menu_order":0,"comment_status":"closed","ping_status":"closed","template":"","meta":{"postBodyMargin":[],"postBodyPadding":[],"postBodyBackground":{"backgroundType":"classic","gradient":""},"footnotes":""},"class_list":["post-11233","page","type-page","status-publish","hentry"],"_links":{"self":[{"href":"https:\/\/seldacenter.com\/sq\/wp-json\/wp\/v2\/pages\/11233","targetHints":{"allow":["GET"]}}],"collection":[{"href":"https:\/\/seldacenter.com\/sq\/wp-json\/wp\/v2\/pages"}],"about":[{"href":"https:\/\/seldacenter.com\/sq\/wp-json\/wp\/v2\/types\/page"}],"author":[{"embeddable":true,"href":"https:\/\/seldacenter.com\/sq\/wp-json\/wp\/v2\/users\/2"}],"replies":[{"embeddable":true,"href":"https:\/\/seldacenter.com\/sq\/wp-json\/wp\/v2\/comments?post=11233"}],"version-history":[{"count":12,"href":"https:\/\/seldacenter.com\/sq\/wp-json\/wp\/v2\/pages\/11233\/revisions"}],"predecessor-version":[{"id":13134,"href":"https:\/\/seldacenter.com\/sq\/wp-json\/wp\/v2\/pages\/11233\/revisions\/13134"}],"wp:attachment":[{"href":"https:\/\/seldacenter.com\/sq\/wp-json\/wp\/v2\/media?parent=11233"}],"curies":[{"name":"wp","href":"https:\/\/api.w.org\/{rel}","templated":true}]}}