{"id":3710,"date":"2019-06-13T11:20:21","date_gmt":"2019-06-13T08:20:21","guid":{"rendered":"https:\/\/seldacenter.com\/?page_id=3710"},"modified":"2023-11-28T21:12:03","modified_gmt":"2023-11-28T21:12:03","slug":"misyonumuz","status":"publish","type":"page","link":"https:\/\/seldacenter.com\/ro\/misyonumuz\/","title":{"rendered":"Viziune \u0219i misiune"},"content":{"rendered":"<div data-elementor-type=\"wp-post\" data-elementor-id=\"3710\" class=\"elementor elementor-3710\" data-elementor-post-type=\"page\">\n\t\t\t\t\t\t<section class=\"elementor-section elementor-top-section elementor-element elementor-element-49459b3a elementor-section-content-middle elementor-section-full_width elementor-section-height-default elementor-section-height-default\" data-id=\"49459b3a\" data-element_type=\"section\" data-settings=\"{&quot;background_background&quot;:&quot;classic&quot;}\">\n\t\t\t\t\t\t\t<div class=\"elementor-background-overlay\"><\/div>\n\t\t\t\t\t\t\t<div class=\"elementor-container elementor-column-gap-no\">\n\t\t\t\t\t<div class=\"elementor-column elementor-col-100 elementor-top-column elementor-element elementor-element-33c6f127\" data-id=\"33c6f127\" data-element_type=\"column\">\n\t\t\t<div class=\"elementor-widget-wrap elementor-element-populated\">\n\t\t\t\t\t\t<div class=\"elementor-element elementor-element-6e014b77 elementor-widget elementor-widget-heading\" data-id=\"6e014b77\" data-element_type=\"widget\" data-widget_type=\"heading.default\">\n\t\t\t\t<div class=\"elementor-widget-container\">\n\t\t\t\t\t<h4 class=\"elementor-heading-title elementor-size-default\">Viziune \u0219i misiune<\/h4>\t\t\t\t<\/div>\n\t\t\t\t<\/div>\n\t\t\t\t<div class=\"elementor-element elementor-element-76e05b01 elementor-widget elementor-widget-heading\" data-id=\"76e05b01\" data-element_type=\"widget\" data-widget_type=\"heading.default\">\n\t\t\t\t<div class=\"elementor-widget-container\">\n\t\t\t\t\t<h5 class=\"elementor-heading-title elementor-size-default\">CENTRUL DE TRANSPLANT DE P\u0102R SELDA<\/h5>\t\t\t\t<\/div>\n\t\t\t\t<\/div>\n\t\t\t\t\t<\/div>\n\t\t<\/div>\n\t\t\t\t\t<\/div>\n\t\t<\/section>\n\t\t\t\t<section class=\"elementor-section elementor-top-section elementor-element elementor-element-46c07ae1 elementor-section-content-middle elementor-section-boxed elementor-section-height-default elementor-section-height-default\" data-id=\"46c07ae1\" data-element_type=\"section\" data-settings=\"{&quot;background_background&quot;:&quot;classic&quot;}\">\n\t\t\t\t\t\t<div class=\"elementor-container elementor-column-gap-no\">\n\t\t\t\t\t<div class=\"elementor-column elementor-col-100 elementor-top-column elementor-element elementor-element-1686a966\" data-id=\"1686a966\" data-element_type=\"column\">\n\t\t\t<div class=\"elementor-widget-wrap elementor-element-populated\">\n\t\t\t\t\t\t<div class=\"elementor-element elementor-element-1f79d600 elementor-widget elementor-widget-heading\" data-id=\"1f79d600\" data-element_type=\"widget\" data-widget_type=\"heading.default\">\n\t\t\t\t<div class=\"elementor-widget-container\">\n\t\t\t\t\t<h5 class=\"elementor-heading-title elementor-size-default\">Viziune \u0219i misiune<\/h5>\t\t\t\t<\/div>\n\t\t\t\t<\/div>\n\t\t\t\t<div class=\"elementor-element elementor-element-3a7eff67 elementor-widget elementor-widget-heading\" data-id=\"3a7eff67\" data-element_type=\"widget\" data-widget_type=\"heading.default\">\n\t\t\t\t<div class=\"elementor-widget-container\">\n\t\t\t\t\t<h4 class=\"elementor-heading-title elementor-size-default\">Centrul de transplant de p\u0103r Selda<\/h4>\t\t\t\t<\/div>\n\t\t\t\t<\/div>\n\t\t\t\t<div class=\"elementor-element elementor-element-7fb8a22e elementor-widget elementor-widget-text-editor\" data-id=\"7fb8a22e\" data-element_type=\"widget\" data-widget_type=\"text-editor.default\">\n\t\t\t\t<div class=\"elementor-widget-container\">\n\t\t\t\t\t\t\t\t\t<p style=\"text-align: left;\">Ca Selda Center, scopul nostru este de a reuni cea mai bun\u0103 echip\u0103 \u0219i exper\u021bi cu pacien\u021bii pentru a oferi servicii peste a\u0219tept\u0103ri, cu puterea pe care o dob\u00e2ndim din experien\u021ba \u0219i cuno\u0219tin\u021bele noastre, asigur\u00e2ndu-ne \u00een acela\u0219i timp c\u0103 pacien\u021bii no\u0219tri se simt \u00een siguran\u021b\u0103 \u0219i \u00eentr-un mediu familial.<\/p><p style=\"text-align: left;\">\u00cenc\u0103 din prima zi \u00een care ne-am desf\u0103\u0219urat activitatea \u00een sectorul turismului de s\u0103n\u0103tate, scopul nostru nu a fost s\u0103 facem afaceri, ci s\u0103 ajut\u0103m oamenii s\u0103 \u00ee\u0219i rec\u00e2\u0219tige \u00eencrederea \u00een sine f\u0103r\u0103 a-i dezam\u0103gi.<\/p><p style=\"text-align: left;\">\u00cen calitate de Selda Center, valorile noastre de baz\u0103 \u00een serviciile pe care le oferim \u00een \u021bar\u0103 \u0219i \u00een str\u0103in\u0103tate sunt; F\u0103r\u0103 compromisuri cu privire la \u00eencredere, calitate, dezvoltare, onestitate, spirit de echip\u0103 \u0219i loialitate.<\/p>\t\t\t\t\t\t\t\t<\/div>\n\t\t\t\t<\/div>\n\t\t\t\t\t<\/div>\n\t\t<\/div>\n\t\t\t\t\t<\/div>\n\t\t<\/section>\n\t\t\t\t<\/div>","protected":false},"excerpt":{"rendered":"<p>Vizyon &#038; Misyon SELDA SA\u00c7 EK\u0130M MERKEZ\u0130 Vizyon &#038; Misyon Selda Sa\u00e7 Ekim Merkezi Selda Center olarak amac\u0131m\u0131z; tecr\u00fcbe ve deneyimlerimizden ald\u0131\u011f\u0131m\u0131z g\u00fc\u00e7le, beklentilerin \u00fcst\u00fcnde hizmet vermek ad\u0131na, en iyi ekip ve uzman\u0131 hastalar ile bulu\u015ftururken, hastalar\u0131m\u0131z\u0131n kendilerini g\u00fcvende ve aile ortam\u0131nda hissetmelerini sa\u011flamakt\u0131r. Sa\u011fl\u0131k Turizmi sekt\u00f6r\u00fcnde hizmet verdi\u011fimiz ilk g\u00fcnden bug\u00fcne amac\u0131m\u0131z ticaret yapmak [&hellip;]<\/p>\n","protected":false},"author":2,"featured_media":0,"parent":0,"menu_order":0,"comment_status":"closed","ping_status":"closed","template":"elementor_header_footer","meta":{"postBodyMargin":[],"postBodyPadding":[],"postBodyBackground":{"backgroundType":"classic","gradient":""},"footnotes":""},"class_list":["post-3710","page","type-page","status-publish","hentry"],"_links":{"self":[{"href":"https:\/\/seldacenter.com\/ro\/wp-json\/wp\/v2\/pages\/3710","targetHints":{"allow":["GET"]}}],"collection":[{"href":"https:\/\/seldacenter.com\/ro\/wp-json\/wp\/v2\/pages"}],"about":[{"href":"https:\/\/seldacenter.com\/ro\/wp-json\/wp\/v2\/types\/page"}],"author":[{"embeddable":true,"href":"https:\/\/seldacenter.com\/ro\/wp-json\/wp\/v2\/users\/2"}],"replies":[{"embeddable":true,"href":"https:\/\/seldacenter.com\/ro\/wp-json\/wp\/v2\/comments?post=3710"}],"version-history":[{"count":3,"href":"https:\/\/seldacenter.com\/ro\/wp-json\/wp\/v2\/pages\/3710\/revisions"}],"predecessor-version":[{"id":13228,"href":"https:\/\/seldacenter.com\/ro\/wp-json\/wp\/v2\/pages\/3710\/revisions\/13228"}],"wp:attachment":[{"href":"https:\/\/seldacenter.com\/ro\/wp-json\/wp\/v2\/media?parent=3710"}],"curies":[{"name":"wp","href":"https:\/\/api.w.org\/{rel}","templated":true}]}}