{"id":13950,"date":"2024-02-28T18:50:29","date_gmt":"2024-02-28T18:50:29","guid":{"rendered":"https:\/\/seldacenter.com\/?page_id=13950"},"modified":"2024-03-02T01:57:01","modified_gmt":"2024-03-02T01:57:01","slug":"e-max-crowns","status":"publish","type":"page","link":"https:\/\/seldacenter.com\/ro\/e-max-crowns\/","title":{"rendered":"Coroane E-Max"},"content":{"rendered":"<div data-elementor-type=\"wp-page\" data-elementor-id=\"13950\" class=\"elementor elementor-13950\" data-elementor-post-type=\"page\">\n\t\t\t\t\t\t<section class=\"elementor-section elementor-top-section elementor-element elementor-element-d678c3c elementor-section-boxed elementor-section-height-default elementor-section-height-default\" data-id=\"d678c3c\" data-element_type=\"section\">\n\t\t\t\t\t\t<div class=\"elementor-container elementor-column-gap-default\">\n\t\t\t\t\t<div class=\"elementor-column elementor-col-50 elementor-top-column elementor-element elementor-element-f36996b\" data-id=\"f36996b\" data-element_type=\"column\" data-settings=\"{&quot;background_background&quot;:&quot;classic&quot;}\">\n\t\t\t<div class=\"elementor-widget-wrap elementor-element-populated\">\n\t\t\t\t\t\t<div class=\"elementor-element elementor-element-b877bd3 elementor-widget elementor-widget-image\" data-id=\"b877bd3\" data-element_type=\"widget\" data-widget_type=\"image.default\">\n\t\t\t\t<div class=\"elementor-widget-container\">\n\t\t\t\t\t\t\t\t\t\t\t\t\t\t\t<img fetchpriority=\"high\" decoding=\"async\" width=\"996\" height=\"664\" src=\"https:\/\/seldacenter.com\/wp-content\/uploads\/2024\/03\/dentist-with-smile_144627-891.jpg\" class=\"attachment-full size-full wp-image-14211\" alt=\"\" srcset=\"https:\/\/seldacenter.com\/wp-content\/uploads\/2024\/03\/dentist-with-smile_144627-891.jpg 996w, https:\/\/seldacenter.com\/wp-content\/uploads\/2024\/03\/dentist-with-smile_144627-891-600x400.jpg 600w, https:\/\/seldacenter.com\/wp-content\/uploads\/2024\/03\/dentist-with-smile_144627-891-300x200.jpg 300w, https:\/\/seldacenter.com\/wp-content\/uploads\/2024\/03\/dentist-with-smile_144627-891-768x512.jpg 768w\" sizes=\"(max-width: 996px) 100vw, 996px\" \/>\t\t\t\t\t\t\t\t\t\t\t\t\t\t\t<\/div>\n\t\t\t\t<\/div>\n\t\t\t\t\t<\/div>\n\t\t<\/div>\n\t\t\t\t<div class=\"elementor-column elementor-col-50 elementor-top-column elementor-element elementor-element-ae8111c\" data-id=\"ae8111c\" data-element_type=\"column\">\n\t\t\t<div class=\"elementor-widget-wrap elementor-element-populated\">\n\t\t\t\t\t\t<div class=\"elementor-element elementor-element-7475c8c elementor-widget-divider--view-line_text elementor-widget-divider--element-align-left elementor-widget elementor-widget-divider\" data-id=\"7475c8c\" data-element_type=\"widget\" data-widget_type=\"divider.default\">\n\t\t\t\t<div class=\"elementor-widget-container\">\n\t\t\t\t\t\t\t<div class=\"elementor-divider\">\n\t\t\t<span class=\"elementor-divider-separator\">\n\t\t\t\t\t\t\t<h3 class=\"elementor-divider__text elementor-divider__element\">\n\t\t\t\tCoroane E-Max\t\t\t\t<\/h3>\n\t\t\t\t\t\t<\/span>\n\t\t<\/div>\n\t\t\t\t\t\t<\/div>\n\t\t\t\t<\/div>\n\t\t\t\t<div class=\"elementor-element elementor-element-0d9a67a elementor-align-left elementor-icon-list--layout-traditional elementor-list-item-link-full_width elementor-widget elementor-widget-icon-list\" data-id=\"0d9a67a\" data-element_type=\"widget\" data-widget_type=\"icon-list.default\">\n\t\t\t\t<div class=\"elementor-widget-container\">\n\t\t\t\t\t\t\t<ul class=\"elementor-icon-list-items\">\n\t\t\t\t\t\t\t<li class=\"elementor-icon-list-item\">\n\t\t\t\t\t\t\t\t\t\t\t<span class=\"elementor-icon-list-icon\">\n\t\t\t\t\t\t\t<svg aria-hidden=\"true\" class=\"e-font-icon-svg e-far-hospital\" viewbox=\"0 0 448 512\" xmlns=\"http:\/\/www.w3.org\/2000\/svg\"><path d=\"M128 244v-40c0-6.627 5.373-12 12-12h40c6.627 0 12 5.373 12 12v40c0 6.627-5.373 12-12 12h-40c-6.627 0-12-5.373-12-12zm140 12h40c6.627 0 12-5.373 12-12v-40c0-6.627-5.373-12-12-12h-40c-6.627 0-12 5.373-12 12v40c0 6.627 5.373 12 12 12zm-76 84v-40c0-6.627-5.373-12-12-12h-40c-6.627 0-12 5.373-12 12v40c0 6.627 5.373 12 12 12h40c6.627 0 12-5.373 12-12zm76 12h40c6.627 0 12-5.373 12-12v-40c0-6.627-5.373-12-12-12h-40c-6.627 0-12 5.373-12 12v40c0 6.627 5.373 12 12 12zm180 124v36H0v-36c0-6.627 5.373-12 12-12h19.5V85.035C31.5 73.418 42.245 64 55.5 64H144V24c0-13.255 10.745-24 24-24h112c13.255 0 24 10.745 24 24v40h88.5c13.255 0 24 9.418 24 21.035V464H436c6.627 0 12 5.373 12 12zM79.5 463H192v-67c0-6.627 5.373-12 12-12h40c6.627 0 12 5.373 12 12v67h112.5V112H304v24c0 13.255-10.745 24-24 24H168c-13.255 0-24-10.745-24-24v-24H79.5v351zM266 64h-26V38a6 6 0 0 0-6-6h-20a6 6 0 0 0-6 6v26h-26a6 6 0 0 0-6 6v20a6 6 0 0 0 6 6h26v26a6 6 0 0 0 6 6h20a6 6 0 0 0 6-6V96h26a6 6 0 0 0 6-6V70a6 6 0 0 0-6-6z\"><\/path><\/svg>\t\t\t\t\t\t<\/span>\n\t\t\t\t\t\t\t\t\t\t<span class=\"elementor-icon-list-text\">Durata \u0219ederii \u00een spital: Nu este necesar\u0103<\/span>\n\t\t\t\t\t\t\t\t\t<\/li>\n\t\t\t\t\t\t\t\t<li class=\"elementor-icon-list-item\">\n\t\t\t\t\t\t\t\t\t\t\t<span class=\"elementor-icon-list-icon\">\n\t\t\t\t\t\t\t<svg aria-hidden=\"true\" class=\"e-font-icon-svg e-far-clock\" viewbox=\"0 0 512 512\" xmlns=\"http:\/\/www.w3.org\/2000\/svg\"><path d=\"M256 8C119 8 8 119 8 256s111 248 248 248 248-111 248-248S393 8 256 8zm0 448c-110.5 0-200-89.5-200-200S145.5 56 256 56s200 89.5 200 200-89.5 200-200 200zm61.8-104.4l-84.9-61.7c-3.1-2.3-4.9-5.9-4.9-9.7V116c0-6.6 5.4-12 12-12h32c6.6 0 12 5.4 12 12v141.7l66.8 48.6c5.4 3.9 6.5 11.4 2.6 16.8L334.6 349c-3.9 5.3-11.4 6.5-16.8 2.6z\"><\/path><\/svg>\t\t\t\t\t\t<\/span>\n\t\t\t\t\t\t\t\t\t\t<span class=\"elementor-icon-list-text\">Timp de func\u021bionare: 6-8 ore<\/span>\n\t\t\t\t\t\t\t\t\t<\/li>\n\t\t\t\t\t\t\t\t<li class=\"elementor-icon-list-item\">\n\t\t\t\t\t\t\t\t\t\t\t<span class=\"elementor-icon-list-icon\">\n\t\t\t\t\t\t\t<svg aria-hidden=\"true\" class=\"e-font-icon-svg e-fas-syringe\" viewbox=\"0 0 512 512\" xmlns=\"http:\/\/www.w3.org\/2000\/svg\"><path d=\"M201.5 174.8l55.7 55.8c3.1 3.1 3.1 8.2 0 11.3l-11.3 11.3c-3.1 3.1-8.2 3.1-11.3 0l-55.7-55.8-45.3 45.3 55.8 55.8c3.1 3.1 3.1 8.2 0 11.3l-11.3 11.3c-3.1 3.1-8.2 3.1-11.3 0L111 265.2l-26.4 26.4c-17.3 17.3-25.6 41.1-23 65.4l7.1 63.6L2.3 487c-3.1 3.1-3.1 8.2 0 11.3l11.3 11.3c3.1 3.1 8.2 3.1 11.3 0l66.3-66.3 63.6 7.1c23.9 2.6 47.9-5.4 65.4-23l181.9-181.9-135.7-135.7-64.9 65zm308.2-93.3L430.5 2.3c-3.1-3.1-8.2-3.1-11.3 0l-11.3 11.3c-3.1 3.1-3.1 8.2 0 11.3l28.3 28.3-45.3 45.3-56.6-56.6-17-17c-3.1-3.1-8.2-3.1-11.3 0l-33.9 33.9c-3.1 3.1-3.1 8.2 0 11.3l17 17L424.8 223l17 17c3.1 3.1 8.2 3.1 11.3 0l33.9-34c3.1-3.1 3.1-8.2 0-11.3l-73.5-73.5 45.3-45.3 28.3 28.3c3.1 3.1 8.2 3.1 11.3 0l11.3-11.3c3.1-3.2 3.1-8.2 0-11.4z\"><\/path><\/svg>\t\t\t\t\t\t<\/span>\n\t\t\t\t\t\t\t\t\t\t<span class=\"elementor-icon-list-text\">Anestezie: Local\u0103<\/span>\n\t\t\t\t\t\t\t\t\t<\/li>\n\t\t\t\t\t\t\t\t<li class=\"elementor-icon-list-item\">\n\t\t\t\t\t\t\t\t\t\t\t<span class=\"elementor-icon-list-icon\">\n\t\t\t\t\t\t\t<svg aria-hidden=\"true\" class=\"e-font-icon-svg e-far-heart\" viewbox=\"0 0 512 512\" xmlns=\"http:\/\/www.w3.org\/2000\/svg\"><path d=\"M458.4 64.3C400.6 15.7 311.3 23 256 79.3 200.7 23 111.4 15.6 53.6 64.3-21.6 127.6-10.6 230.8 43 285.5l175.4 178.7c10 10.2 23.4 15.9 37.6 15.9 14.3 0 27.6-5.6 37.6-15.8L469 285.6c53.5-54.7 64.7-157.9-10.6-221.3zm-23.6 187.5L259.4 430.5c-2.4 2.4-4.4 2.4-6.8 0L77.2 251.8c-36.5-37.2-43.9-107.6 7.3-150.7 38.9-32.7 98.9-27.8 136.5 10.5l35 35.7 35-35.7c37.8-38.5 97.8-43.2 136.5-10.6 51.1 43.1 43.5 113.9 7.3 150.8z\"><\/path><\/svg>\t\t\t\t\t\t<\/span>\n\t\t\t\t\t\t\t\t\t\t<span class=\"elementor-icon-list-text\">Timp de recuperare: Imediat<\/span>\n\t\t\t\t\t\t\t\t\t<\/li>\n\t\t\t\t\t\t<\/ul>\n\t\t\t\t\t\t<\/div>\n\t\t\t\t<\/div>\n\t\t\t\t<div class=\"elementor-element elementor-element-73efc41 elementor-align-justify elementor-widget elementor-widget-button\" data-id=\"73efc41\" data-element_type=\"widget\" data-widget_type=\"button.default\">\n\t\t\t\t<div class=\"elementor-widget-container\">\n\t\t\t\t\t\t\t\t\t<div class=\"elementor-button-wrapper\">\n\t\t\t\t\t<a class=\"elementor-button elementor-button-link elementor-size-sm elementor-animation-buzz\" href=\"https:\/\/seldacenter.com\/ro\/\">\n\t\t\t\t\t\t<span class=\"elementor-button-content-wrapper\">\n\t\t\t\t\t\t\t\t\t<span class=\"elementor-button-text\">Face\u021bi o programare acum<\/span>\n\t\t\t\t\t<\/span>\n\t\t\t\t\t<\/a>\n\t\t\t\t<\/div>\n\t\t\t\t\t\t\t\t<\/div>\n\t\t\t\t<\/div>\n\t\t\t\t\t<\/div>\n\t\t<\/div>\n\t\t\t\t\t<\/div>\n\t\t<\/section>\n\t\t\t\t<section class=\"elementor-section elementor-top-section elementor-element elementor-element-6f03656e elementor-section-boxed elementor-section-height-default elementor-section-height-default\" data-id=\"6f03656e\" data-element_type=\"section\">\n\t\t\t\t\t\t<div class=\"elementor-container elementor-column-gap-default\">\n\t\t\t\t\t<div class=\"elementor-column elementor-col-100 elementor-top-column elementor-element elementor-element-78bf85d4\" data-id=\"78bf85d4\" data-element_type=\"column\">\n\t\t\t<div class=\"elementor-widget-wrap elementor-element-populated\">\n\t\t\t\t\t\t<div class=\"elementor-element elementor-element-3a9f7349 elementor-widget elementor-widget-text-editor\" data-id=\"3a9f7349\" data-element_type=\"widget\" data-widget_type=\"text-editor.default\">\n\t\t\t\t<div class=\"elementor-widget-container\">\n\t\t\t\t\t\t\t\t\tDezvoltarea tehnologiei a deschis u\u0219a c\u0103tre inova\u021bii impresionante \u00een domeniul stomatologiei. Una dintre aceste inova\u021bii este coroanele de por\u021belan estetice \u0219i durabile numite coroane E-Max. \u00cen acest articol, ne vom concentra \u00een detaliu pe subiecte precum ce sunt coroanele E-Max, care sunt avantajele lor, cum sunt aplicate \u0219i pentru cine sunt potrivite.\n\n<strong>Ce sunt coroanele E-Max?<\/strong>\n\nCoroanele E-Max sunt coroane din por\u021belan disilicat de litiu. Medicii stomatologi declar\u0103 c\u0103 acest material special din por\u021belan ofer\u0103 performan\u021be de nivel \u00eenalt \u00een ceea ce prive\u0219te estetica \u0219i durabilitatea. Coroanele E-Max, folosite \u00een special pe din\u021bii frontali, ofer\u0103 un aspect estetic foarte asem\u0103n\u0103tor cu din\u021bii naturali.\n\n<strong>Avantaje<\/strong>\n\n<strong>1. Aspect natural<\/strong>\n\nCoroanele E-Max imit\u0103 permeabilitatea la lumin\u0103 ca din\u021bii naturali. Aceast\u0103 caracteristic\u0103 ajut\u0103 din\u021bii s\u0103 capete un aspect natural \u0219i estetic.\n\n<strong>2. Durabilitate<\/strong>\n\nMaterialul disilicat de litiu confer\u0103 coroanelor E-Max o caracteristic\u0103 care ofer\u0103 durabilitate ridicat\u0103 dintilor. Poate face fa\u021b\u0103 activit\u0103\u021bilor zilnice \u0219i ofer\u0103 o solu\u021bie de lung\u0103 durat\u0103.\n\n<strong>3. Biocompatibil<\/strong>\n\nCoroanele E-Max con\u021bin disilicat de litiu \u0219i sunt considerate un material compatibil cu corpul. Minimizeaz\u0103 riscul de reac\u021bii alergice \u0219i cre\u0219te biocompatibilitatea.\n\n<strong>4. Depozitare minim\u0103<\/strong>\n\nPilirea minim\u0103 se face \u00een timpul aplic\u0103rii coroanelor E-Max. Aceasta \u00eenseamn\u0103 un proces de tratament mai pu\u021bin invaziv \u0219i conservarea unui \u021besut dentar mai intact.\n\n<strong>5. Constanta culorii<\/strong>\n\nCapacitatea de a nu schimba culoarea \u00een timp ajut\u0103 coroanele E-Max s\u0103-\u0219i men\u021bin\u0103 aspectul estetic pe termen lung.\n\n<strong>Procesul de aplicare<\/strong>\n\n<strong>1. Inspec\u021bie \u0219i planificare<\/strong>\n\nDup\u0103 o examinare detaliat\u0103 cu pacientul, este creat un plan de tratament. Coroanele E-Max sunt preg\u0103tite \u00een conformitate cu selec\u021bia culorii \u0219i starea din\u021bilor.\n\n<strong>2. Faza de preg\u0103tire<\/strong>\n\nDintii sunt piliti minim si se fac masuratori. Aceste m\u0103sur\u0103tori sunt trimise la un laborator dentar \u0219i se produc coroane special preg\u0103tite.\n\n<strong>3. Plasarea<\/strong>\n\nCoroanele E-Max preg\u0103tite sunt plasate pe din\u021bii pacientului de c\u0103tre medicul stomatolog. Culoarea \u0219i potrivirea sunt verificate \u0219i se fac corec\u021bii dac\u0103 este necesar.\n\n<strong>4. Lipirea<\/strong>\n\nCoroanele sunt a\u0219ezate permanent pe din\u021bi folosind adezivi speciali. Dup\u0103 procesul de leg\u0103tur\u0103, pacientul poate reveni la activit\u0103\u021bile zilnice normale.\n\n<strong>Pentru cine este potrivit?<\/strong>\n\nCoroanele E-Max sunt o op\u021biune potrivit\u0103 pentru oricine are preocup\u0103ri estetice \u0219i dore\u0219te s\u0103-\u0219i \u00eembun\u0103t\u0103\u021beasc\u0103 aspectul din\u021bilor. \u00centruc\u00e2t este utilizat \u00een special pe din\u021bii din fa\u021b\u0103, pacien\u021bii cu a\u0219tept\u0103ri estetice mari pot lua \u00een considerare aceast\u0103 metod\u0103 de tratament.\n\n<strong>Concluzie<\/strong>\n\nCoroanele E-Max ofer\u0103 o solu\u021bie perfect\u0103 pacien\u021bilor care caut\u0103 estetic\u0103 \u0219i durabilitate. \u00cen urma discu\u021biilor cu medicul dentist, pute\u021bi crea un plan de tratament special pentru dvs. \u0219i pute\u021bi ob\u021bine un z\u00e2mbet s\u0103n\u0103tos, natural \u0219i estetic. Z\u00e2mbetul v\u0103 poate \u00eembun\u0103t\u0103\u021bi nu numai aspectul, ci \u0219i \u00eencrederea \u00een sine. Cu coroanele E-Max, te po\u021bi apropia cu un pas de z\u00e2mbetul visurilor tale. Partea de sus a formularului\t\t\t\t\t\t\t\t<\/div>\n\t\t\t\t<\/div>\n\t\t\t\t\t<\/div>\n\t\t<\/div>\n\t\t\t\t\t<\/div>\n\t\t<\/section>\n\t\t\t\t<\/div>","protected":false},"excerpt":{"rendered":"<p>E-Max Crowns Hastanede Kal\u0131\u015f S\u00fcresi: Gerekli De\u011fil Operasyon S\u00fcresi: 6-8 Saat Anestezi: Lokal \u0130yile\u015fme S\u00fcresi: Hemen Hemen Randevu Al\u0131n Geli\u015fen teknoloji, di\u015f hekimli\u011fi alan\u0131nda da etkileyici yeniliklere kap\u0131 aralam\u0131\u015ft\u0131r. Bu yeniliklerden biri de E-Max crowns olarak adland\u0131r\u0131lan estetik ve dayan\u0131kl\u0131 porselen kaplamalard\u0131r. Bu makalede, E-Max crowns&#8217;\u0131n nedir, avantajlar\u0131 nelerdir, nas\u0131l uygulan\u0131r ve kimler i\u00e7in uygun [&hellip;]<\/p>\n","protected":false},"author":2,"featured_media":0,"parent":0,"menu_order":0,"comment_status":"closed","ping_status":"closed","template":"","meta":{"postBodyMargin":[],"postBodyPadding":[],"postBodyBackground":{"backgroundType":"classic","gradient":""},"footnotes":""},"class_list":["post-13950","page","type-page","status-publish","hentry"],"_links":{"self":[{"href":"https:\/\/seldacenter.com\/ro\/wp-json\/wp\/v2\/pages\/13950","targetHints":{"allow":["GET"]}}],"collection":[{"href":"https:\/\/seldacenter.com\/ro\/wp-json\/wp\/v2\/pages"}],"about":[{"href":"https:\/\/seldacenter.com\/ro\/wp-json\/wp\/v2\/types\/page"}],"author":[{"embeddable":true,"href":"https:\/\/seldacenter.com\/ro\/wp-json\/wp\/v2\/users\/2"}],"replies":[{"embeddable":true,"href":"https:\/\/seldacenter.com\/ro\/wp-json\/wp\/v2\/comments?post=13950"}],"version-history":[{"count":10,"href":"https:\/\/seldacenter.com\/ro\/wp-json\/wp\/v2\/pages\/13950\/revisions"}],"predecessor-version":[{"id":14217,"href":"https:\/\/seldacenter.com\/ro\/wp-json\/wp\/v2\/pages\/13950\/revisions\/14217"}],"wp:attachment":[{"href":"https:\/\/seldacenter.com\/ro\/wp-json\/wp\/v2\/media?parent=13950"}],"curies":[{"name":"wp","href":"https:\/\/api.w.org\/{rel}","templated":true}]}}