{"id":13691,"date":"2024-02-21T23:23:13","date_gmt":"2024-02-21T23:23:13","guid":{"rendered":"https:\/\/seldacenter.com\/?page_id=13691"},"modified":"2024-03-02T00:31:42","modified_gmt":"2024-03-02T00:31:42","slug":"sport-bbl","status":"publish","type":"page","link":"https:\/\/seldacenter.com\/ro\/sport-bbl\/","title":{"rendered":"Sport BBL"},"content":{"rendered":"<div data-elementor-type=\"wp-page\" data-elementor-id=\"13691\" class=\"elementor elementor-13691\" data-elementor-post-type=\"page\">\n\t\t\t\t\t\t<section class=\"elementor-section elementor-top-section elementor-element elementor-element-326acfa elementor-section-boxed elementor-section-height-default elementor-section-height-default\" data-id=\"326acfa\" data-element_type=\"section\">\n\t\t\t\t\t\t<div class=\"elementor-container elementor-column-gap-default\">\n\t\t\t\t\t<div class=\"elementor-column elementor-col-50 elementor-top-column elementor-element elementor-element-a82aaad\" data-id=\"a82aaad\" data-element_type=\"column\" data-settings=\"{&quot;background_background&quot;:&quot;classic&quot;}\">\n\t\t\t<div class=\"elementor-widget-wrap elementor-element-populated\">\n\t\t\t\t\t\t<div class=\"elementor-element elementor-element-781d8fc elementor-widget elementor-widget-image\" data-id=\"781d8fc\" data-element_type=\"widget\" data-widget_type=\"image.default\">\n\t\t\t\t<div class=\"elementor-widget-container\">\n\t\t\t\t\t\t\t\t\t\t\t\t\t\t\t<img fetchpriority=\"high\" decoding=\"async\" width=\"2560\" height=\"1707\" src=\"https:\/\/seldacenter.com\/wp-content\/uploads\/2024\/03\/bbl-sport.jpg\" class=\"attachment-full size-full wp-image-14140\" alt=\"\" srcset=\"https:\/\/seldacenter.com\/wp-content\/uploads\/2024\/03\/bbl-sport.jpg 2560w, https:\/\/seldacenter.com\/wp-content\/uploads\/2024\/03\/bbl-sport-600x400.jpg 600w, https:\/\/seldacenter.com\/wp-content\/uploads\/2024\/03\/bbl-sport-300x200.jpg 300w, https:\/\/seldacenter.com\/wp-content\/uploads\/2024\/03\/bbl-sport-1024x683.jpg 1024w, https:\/\/seldacenter.com\/wp-content\/uploads\/2024\/03\/bbl-sport-768x512.jpg 768w, https:\/\/seldacenter.com\/wp-content\/uploads\/2024\/03\/bbl-sport-1536x1024.jpg 1536w, https:\/\/seldacenter.com\/wp-content\/uploads\/2024\/03\/bbl-sport-2048x1366.jpg 2048w\" sizes=\"(max-width: 2560px) 100vw, 2560px\" \/>\t\t\t\t\t\t\t\t\t\t\t\t\t\t\t<\/div>\n\t\t\t\t<\/div>\n\t\t\t\t\t<\/div>\n\t\t<\/div>\n\t\t\t\t<div class=\"elementor-column elementor-col-50 elementor-top-column elementor-element elementor-element-6234056\" data-id=\"6234056\" data-element_type=\"column\">\n\t\t\t<div class=\"elementor-widget-wrap elementor-element-populated\">\n\t\t\t\t\t\t<div class=\"elementor-element elementor-element-e32483f elementor-widget-divider--view-line_text elementor-widget-divider--element-align-left elementor-widget elementor-widget-divider\" data-id=\"e32483f\" data-element_type=\"widget\" data-widget_type=\"divider.default\">\n\t\t\t\t<div class=\"elementor-widget-container\">\n\t\t\t\t\t\t\t<div class=\"elementor-divider\">\n\t\t\t<span class=\"elementor-divider-separator\">\n\t\t\t\t\t\t\t<h3 class=\"elementor-divider__text elementor-divider__element\">\n\t\t\t\tSport BBL\t\t\t\t<\/h3>\n\t\t\t\t\t\t<\/span>\n\t\t<\/div>\n\t\t\t\t\t\t<\/div>\n\t\t\t\t<\/div>\n\t\t\t\t<div class=\"elementor-element elementor-element-69ed53d elementor-align-left elementor-icon-list--layout-traditional elementor-list-item-link-full_width elementor-widget elementor-widget-icon-list\" data-id=\"69ed53d\" data-element_type=\"widget\" data-widget_type=\"icon-list.default\">\n\t\t\t\t<div class=\"elementor-widget-container\">\n\t\t\t\t\t\t\t<ul class=\"elementor-icon-list-items\">\n\t\t\t\t\t\t\t<li class=\"elementor-icon-list-item\">\n\t\t\t\t\t\t\t\t\t\t\t<span class=\"elementor-icon-list-icon\">\n\t\t\t\t\t\t\t<svg aria-hidden=\"true\" class=\"e-font-icon-svg e-far-hospital\" viewbox=\"0 0 448 512\" xmlns=\"http:\/\/www.w3.org\/2000\/svg\"><path d=\"M128 244v-40c0-6.627 5.373-12 12-12h40c6.627 0 12 5.373 12 12v40c0 6.627-5.373 12-12 12h-40c-6.627 0-12-5.373-12-12zm140 12h40c6.627 0 12-5.373 12-12v-40c0-6.627-5.373-12-12-12h-40c-6.627 0-12 5.373-12 12v40c0 6.627 5.373 12 12 12zm-76 84v-40c0-6.627-5.373-12-12-12h-40c-6.627 0-12 5.373-12 12v40c0 6.627 5.373 12 12 12h40c6.627 0 12-5.373 12-12zm76 12h40c6.627 0 12-5.373 12-12v-40c0-6.627-5.373-12-12-12h-40c-6.627 0-12 5.373-12 12v40c0 6.627 5.373 12 12 12zm180 124v36H0v-36c0-6.627 5.373-12 12-12h19.5V85.035C31.5 73.418 42.245 64 55.5 64H144V24c0-13.255 10.745-24 24-24h112c13.255 0 24 10.745 24 24v40h88.5c13.255 0 24 9.418 24 21.035V464H436c6.627 0 12 5.373 12 12zM79.5 463H192v-67c0-6.627 5.373-12 12-12h40c6.627 0 12 5.373 12 12v67h112.5V112H304v24c0 13.255-10.745 24-24 24H168c-13.255 0-24-10.745-24-24v-24H79.5v351zM266 64h-26V38a6 6 0 0 0-6-6h-20a6 6 0 0 0-6 6v26h-26a6 6 0 0 0-6 6v20a6 6 0 0 0 6 6h26v26a6 6 0 0 0 6 6h20a6 6 0 0 0 6-6V96h26a6 6 0 0 0 6-6V70a6 6 0 0 0-6-6z\"><\/path><\/svg>\t\t\t\t\t\t<\/span>\n\t\t\t\t\t\t\t\t\t\t<span class=\"elementor-icon-list-text\">Starea \u00een spital: 2 zile<\/span>\n\t\t\t\t\t\t\t\t\t<\/li>\n\t\t\t\t\t\t\t\t<li class=\"elementor-icon-list-item\">\n\t\t\t\t\t\t\t\t\t\t\t<span class=\"elementor-icon-list-icon\">\n\t\t\t\t\t\t\t<svg aria-hidden=\"true\" class=\"e-font-icon-svg e-far-clock\" viewbox=\"0 0 512 512\" xmlns=\"http:\/\/www.w3.org\/2000\/svg\"><path d=\"M256 8C119 8 8 119 8 256s111 248 248 248 248-111 248-248S393 8 256 8zm0 448c-110.5 0-200-89.5-200-200S145.5 56 256 56s200 89.5 200 200-89.5 200-200 200zm61.8-104.4l-84.9-61.7c-3.1-2.3-4.9-5.9-4.9-9.7V116c0-6.6 5.4-12 12-12h32c6.6 0 12 5.4 12 12v141.7l66.8 48.6c5.4 3.9 6.5 11.4 2.6 16.8L334.6 349c-3.9 5.3-11.4 6.5-16.8 2.6z\"><\/path><\/svg>\t\t\t\t\t\t<\/span>\n\t\t\t\t\t\t\t\t\t\t<span class=\"elementor-icon-list-text\">Timp de func\u021bionare: 6-8 ore<\/span>\n\t\t\t\t\t\t\t\t\t<\/li>\n\t\t\t\t\t\t\t\t<li class=\"elementor-icon-list-item\">\n\t\t\t\t\t\t\t\t\t\t\t<span class=\"elementor-icon-list-icon\">\n\t\t\t\t\t\t\t<svg aria-hidden=\"true\" class=\"e-font-icon-svg e-fas-syringe\" viewbox=\"0 0 512 512\" xmlns=\"http:\/\/www.w3.org\/2000\/svg\"><path d=\"M201.5 174.8l55.7 55.8c3.1 3.1 3.1 8.2 0 11.3l-11.3 11.3c-3.1 3.1-8.2 3.1-11.3 0l-55.7-55.8-45.3 45.3 55.8 55.8c3.1 3.1 3.1 8.2 0 11.3l-11.3 11.3c-3.1 3.1-8.2 3.1-11.3 0L111 265.2l-26.4 26.4c-17.3 17.3-25.6 41.1-23 65.4l7.1 63.6L2.3 487c-3.1 3.1-3.1 8.2 0 11.3l11.3 11.3c3.1 3.1 8.2 3.1 11.3 0l66.3-66.3 63.6 7.1c23.9 2.6 47.9-5.4 65.4-23l181.9-181.9-135.7-135.7-64.9 65zm308.2-93.3L430.5 2.3c-3.1-3.1-8.2-3.1-11.3 0l-11.3 11.3c-3.1 3.1-3.1 8.2 0 11.3l28.3 28.3-45.3 45.3-56.6-56.6-17-17c-3.1-3.1-8.2-3.1-11.3 0l-33.9 33.9c-3.1 3.1-3.1 8.2 0 11.3l17 17L424.8 223l17 17c3.1 3.1 8.2 3.1 11.3 0l33.9-34c3.1-3.1 3.1-8.2 0-11.3l-73.5-73.5 45.3-45.3 28.3 28.3c3.1 3.1 8.2 3.1 11.3 0l11.3-11.3c3.1-3.2 3.1-8.2 0-11.4z\"><\/path><\/svg>\t\t\t\t\t\t<\/span>\n\t\t\t\t\t\t\t\t\t\t<span class=\"elementor-icon-list-text\">Anestezie: Local\u0103<\/span>\n\t\t\t\t\t\t\t\t\t<\/li>\n\t\t\t\t\t\t\t\t<li class=\"elementor-icon-list-item\">\n\t\t\t\t\t\t\t\t\t\t\t<span class=\"elementor-icon-list-icon\">\n\t\t\t\t\t\t\t<svg aria-hidden=\"true\" class=\"e-font-icon-svg e-far-heart\" viewbox=\"0 0 512 512\" xmlns=\"http:\/\/www.w3.org\/2000\/svg\"><path d=\"M458.4 64.3C400.6 15.7 311.3 23 256 79.3 200.7 23 111.4 15.6 53.6 64.3-21.6 127.6-10.6 230.8 43 285.5l175.4 178.7c10 10.2 23.4 15.9 37.6 15.9 14.3 0 27.6-5.6 37.6-15.8L469 285.6c53.5-54.7 64.7-157.9-10.6-221.3zm-23.6 187.5L259.4 430.5c-2.4 2.4-4.4 2.4-6.8 0L77.2 251.8c-36.5-37.2-43.9-107.6 7.3-150.7 38.9-32.7 98.9-27.8 136.5 10.5l35 35.7 35-35.7c37.8-38.5 97.8-43.2 136.5-10.6 51.1 43.1 43.5 113.9 7.3 150.8z\"><\/path><\/svg>\t\t\t\t\t\t<\/span>\n\t\t\t\t\t\t\t\t\t\t<span class=\"elementor-icon-list-text\">Timp de recuperare: 6-12 luni<\/span>\n\t\t\t\t\t\t\t\t\t<\/li>\n\t\t\t\t\t\t<\/ul>\n\t\t\t\t\t\t<\/div>\n\t\t\t\t<\/div>\n\t\t\t\t<div class=\"elementor-element elementor-element-67b739d elementor-align-justify elementor-widget elementor-widget-button\" data-id=\"67b739d\" data-element_type=\"widget\" data-widget_type=\"button.default\">\n\t\t\t\t<div class=\"elementor-widget-container\">\n\t\t\t\t\t\t\t\t\t<div class=\"elementor-button-wrapper\">\n\t\t\t\t\t<a class=\"elementor-button elementor-button-link elementor-size-sm elementor-animation-buzz\" href=\"https:\/\/seldacenter.com\/ro\/\">\n\t\t\t\t\t\t<span class=\"elementor-button-content-wrapper\">\n\t\t\t\t\t\t\t\t\t<span class=\"elementor-button-text\">Face\u021bi o programare acum<\/span>\n\t\t\t\t\t<\/span>\n\t\t\t\t\t<\/a>\n\t\t\t\t<\/div>\n\t\t\t\t\t\t\t\t<\/div>\n\t\t\t\t<\/div>\n\t\t\t\t\t<\/div>\n\t\t<\/div>\n\t\t\t\t\t<\/div>\n\t\t<\/section>\n\t\t\t\t<section class=\"elementor-section elementor-top-section elementor-element elementor-element-51ea3f4b elementor-section-boxed elementor-section-height-default elementor-section-height-default\" data-id=\"51ea3f4b\" data-element_type=\"section\">\n\t\t\t\t\t\t<div class=\"elementor-container elementor-column-gap-default\">\n\t\t\t\t\t<div class=\"elementor-column elementor-col-100 elementor-top-column elementor-element elementor-element-5836d06a\" data-id=\"5836d06a\" data-element_type=\"column\">\n\t\t\t<div class=\"elementor-widget-wrap elementor-element-populated\">\n\t\t\t\t\t\t<div class=\"elementor-element elementor-element-44e6c5d2 elementor-widget elementor-widget-text-editor\" data-id=\"44e6c5d2\" data-element_type=\"widget\" data-widget_type=\"text-editor.default\">\n\t\t\t\t<div class=\"elementor-widget-container\">\n\t\t\t\t\t\t\t\t\tBrazilian Butt Lift (BBL), cunoscut\u0103 \u00een mod popular sub numele de estetica \u0219oldului, este o interven\u021bie chirurgical\u0103 de modelare a corpului efectuat\u0103 pentru a corecta forma \u00een zona feselor \u0219i a revitaliza un aspect lasat sau plat. Aceast\u0103 opera\u021bie plastic\u0103 implic\u0103 procesarea gr\u0103simii prelevate din alte p\u0103r\u021bi ale corpului \u0219i injectarea acesteia \u00een zona feselor. \u00cen acest articol, vom examina \u00een detaliu etapele, avantajele \u0219i \u00eengrijirea postoperatorie ale opera\u021biei BBL.\n\n<strong>Etapele chirurgiei BBL<\/strong>\n\n<strong>1. Liposuc\u021bie \u2013 Chirurgie de \u00eendep\u0103rtare a gr\u0103similor<\/strong>\n\n\u00cen prima parte a opera\u021biei, gr\u0103simea este \u00eendep\u0103rtat\u0103 din zonele nedorite ale pacientului prin liposuc\u021bie vaser. Aceast\u0103 etap\u0103 se realizeaz\u0103 pentru a sub\u021bire talia, a reduce excesul de gr\u0103sime de pe \u0219olduri \u0219i a corecta contururile generale ale corpului.\n\n<strong>2. Injectarea \u0219i modelarea gr\u0103simii la fund<\/strong>\n\nGr\u0103simea extras\u0103 este injectat\u0103 \u00een zonele deformate sau lips\u0103 din zona feselor, asigur\u00e2ndu-se c\u0103 fundul devine mai plin, mai erect \u0219i mai pl\u0103cut din punct de vedere estetic. Aceast\u0103 etap\u0103 este special planificat\u0103 \u0219i implementat\u0103 \u00een func\u021bie de forma corpului pacientului.\n\n<strong>3. Planificarea interven\u021biei chirurgicale<\/strong>\n\nPentru injectarea de gr\u0103sime la fese, pacientul trebuie s\u0103 aib\u0103 o cantitate suficient\u0103 de gr\u0103sime \u00een organism. Prin urmare, dup\u0103 examinarea unui medic, se evalueaz\u0103 poten\u021bialul pacientului pentru celulele adipoase \u0219i se face un plan de interven\u021bie chirurgical\u0103.\n\n<strong>\u00cengrijire postoperatorie<\/strong>\n\nTrebuie luate anumite m\u0103suri de precau\u021bie pentru a asigura o recuperare cu succes \u0219i f\u0103r\u0103 probleme dup\u0103 opera\u021bia BBL.\n<ul>\n \t<li><strong>Utilizarea corsetului:<\/strong> Se recomand\u0103 utilizarea unui corset \u00een prima lun\u0103. Aceasta sus\u021bine corpul dup\u0103 o interven\u021bie chirurgical\u0103 \u0219i ajut\u0103 la procesul de modelare.<\/li>\n \t<li><strong>Odihn\u0103:<\/strong> Odihna este recomandat\u0103 pentru aproximativ 10 zile. \u00cen aceast\u0103 perioad\u0103, trebuie evitat s\u0103 sta\u021bi culcat cu fa\u021ba \u00een jos \u0219i s\u0103 v\u0103 a\u0219eza\u021bi pe suprafe\u021be moi.<\/li>\n \t<li><strong>\u00cembr\u0103cat \u0219i \u00eemb\u0103iere:<\/strong> Ziua 4-5 de opera\u021bie. \u00cen prima zi, se face \u00eembr\u0103carea \u0219i \u00eencepe procesul de \u00eemb\u0103iere. Acest lucru ajut\u0103 la men\u021binerea igienei \u0219i la asigurarea faptului c\u0103 locul chirurgical este supus unui proces de vindecare s\u0103n\u0103tos.<\/li>\n \t<li><strong>Umflare \u0219i v\u00e2n\u0103t\u0103i:<\/strong> Umflarea \u0219i v\u00e2n\u0103t\u0103ile observate \u00een prima s\u0103pt\u0103m\u00e2n\u0103 dispar de obicei \u00een decurs de o s\u0103pt\u0103m\u00e2n\u0103. Cu toate acestea, procesul complet de recuperare poate dura c\u00e2teva s\u0103pt\u0103m\u00e2ni.<\/li>\n<\/ul>\n<strong>Concluzie<\/strong>\n\nBrazilian Butt Lift, ca opera\u021bie estetic\u0103 \u0219i de modelare a feselor, este o op\u021biune solicitat\u0103 \u00een modelarea corpului. Aceast\u0103 interven\u021bie chirurgical\u0103 ofer\u0103 poten\u021bialul de a ob\u021bine rezultate naturale \u0219i permanente datorit\u0103 utiliz\u0103rii gr\u0103simii proprii a pacientului. Cu toate acestea, ca \u0219i \u00een cazul oric\u0103rei interven\u021bii chirurgicale, aceasta trebuie efectuat\u0103 de un chirurg specialist \u0219i instruc\u021biunile de \u00eengrijire postoperatorie trebuie urmate cu meticulozitate.\t\t\t\t\t\t\t\t<\/div>\n\t\t\t\t<\/div>\n\t\t\t\t\t<\/div>\n\t\t<\/div>\n\t\t\t\t\t<\/div>\n\t\t<\/section>\n\t\t\t\t<\/div>","protected":false},"excerpt":{"rendered":"<p>Sport BBL Hastanede Kal\u0131\u015f S\u00fcresi: 2 G\u00fcn Operasyon S\u00fcresi: 6-8 Saat Anestezi: Lokal \u0130yile\u015fme S\u00fcresi: 6-12 Ay Hemen Randevu Al\u0131n Brazilian Butt Lift (BBL), pop\u00fcler ad\u0131yla bilinen kal\u00e7a esteti\u011fi, popo b\u00f6lgesindeki formu d\u00fczeltmek, sarkm\u0131\u015f veya d\u00fczle\u015fmi\u015f bir g\u00f6r\u00fcn\u00fcm\u00fc canland\u0131rmak i\u00e7in uygulanan bir v\u00fccut \u015fekillendirme ameliyat\u0131d\u0131r. Bu estetik cerrahi, v\u00fccuttaki di\u011fer b\u00f6lgelerden al\u0131nan ya\u011f\u0131n i\u015flenip popo [&hellip;]<\/p>\n","protected":false},"author":2,"featured_media":0,"parent":0,"menu_order":0,"comment_status":"closed","ping_status":"closed","template":"","meta":{"postBodyMargin":[],"postBodyPadding":[],"postBodyBackground":{"backgroundType":"classic","gradient":""},"footnotes":""},"class_list":["post-13691","page","type-page","status-publish","hentry"],"_links":{"self":[{"href":"https:\/\/seldacenter.com\/ro\/wp-json\/wp\/v2\/pages\/13691","targetHints":{"allow":["GET"]}}],"collection":[{"href":"https:\/\/seldacenter.com\/ro\/wp-json\/wp\/v2\/pages"}],"about":[{"href":"https:\/\/seldacenter.com\/ro\/wp-json\/wp\/v2\/types\/page"}],"author":[{"embeddable":true,"href":"https:\/\/seldacenter.com\/ro\/wp-json\/wp\/v2\/users\/2"}],"replies":[{"embeddable":true,"href":"https:\/\/seldacenter.com\/ro\/wp-json\/wp\/v2\/comments?post=13691"}],"version-history":[{"count":11,"href":"https:\/\/seldacenter.com\/ro\/wp-json\/wp\/v2\/pages\/13691\/revisions"}],"predecessor-version":[{"id":14143,"href":"https:\/\/seldacenter.com\/ro\/wp-json\/wp\/v2\/pages\/13691\/revisions\/14143"}],"wp:attachment":[{"href":"https:\/\/seldacenter.com\/ro\/wp-json\/wp\/v2\/media?parent=13691"}],"curies":[{"name":"wp","href":"https:\/\/api.w.org\/{rel}","templated":true}]}}