{"id":13687,"date":"2024-02-21T23:22:09","date_gmt":"2024-02-21T23:22:09","guid":{"rendered":"https:\/\/seldacenter.com\/?page_id=13687"},"modified":"2024-02-25T06:00:15","modified_gmt":"2024-02-25T06:00:15","slug":"sac-lazeri-nedir-2","status":"publish","type":"page","link":"https:\/\/seldacenter.com\/ro\/sac-lazeri-nedir-2\/","title":{"rendered":"Ce este Hair Laser?"},"content":{"rendered":"<div data-elementor-type=\"wp-page\" data-elementor-id=\"13687\" class=\"elementor elementor-13687\" data-elementor-post-type=\"page\">\n\t\t\t\t\t\t<section class=\"elementor-section elementor-top-section elementor-element elementor-element-d68dfde elementor-section-boxed elementor-section-height-default elementor-section-height-default\" data-id=\"d68dfde\" data-element_type=\"section\">\n\t\t\t\t\t\t<div class=\"elementor-container elementor-column-gap-default\">\n\t\t\t\t\t<div class=\"elementor-column elementor-col-50 elementor-top-column elementor-element elementor-element-a034619\" data-id=\"a034619\" data-element_type=\"column\" data-settings=\"{&quot;background_background&quot;:&quot;classic&quot;}\">\n\t\t\t<div class=\"elementor-widget-wrap elementor-element-populated\">\n\t\t\t\t\t\t<div class=\"elementor-element elementor-element-7d93861 elementor-widget elementor-widget-image\" data-id=\"7d93861\" data-element_type=\"widget\" data-widget_type=\"image.default\">\n\t\t\t\t<div class=\"elementor-widget-container\">\n\t\t\t\t\t\t\t\t\t\t\t\t\t\t\t<img decoding=\"async\" src=\"https:\/\/seldacenter.com\/wp-content\/uploads\/2022\/08\/sac-ekimi-scaled.jpg\" title=\"\" alt=\"sa\u00e7 ekimi\" loading=\"lazy\" \/>\t\t\t\t\t\t\t\t\t\t\t\t\t\t\t<\/div>\n\t\t\t\t<\/div>\n\t\t\t\t\t<\/div>\n\t\t<\/div>\n\t\t\t\t<div class=\"elementor-column elementor-col-50 elementor-top-column elementor-element elementor-element-4f83392\" data-id=\"4f83392\" data-element_type=\"column\">\n\t\t\t<div class=\"elementor-widget-wrap elementor-element-populated\">\n\t\t\t\t\t\t<div class=\"elementor-element elementor-element-3a415a1 elementor-widget-divider--view-line_text elementor-widget-divider--element-align-left elementor-widget elementor-widget-divider\" data-id=\"3a415a1\" data-element_type=\"widget\" data-widget_type=\"divider.default\">\n\t\t\t\t<div class=\"elementor-widget-container\">\n\t\t\t\t\t\t\t<div class=\"elementor-divider\">\n\t\t\t<span class=\"elementor-divider-separator\">\n\t\t\t\t\t\t\t<h3 class=\"elementor-divider__text elementor-divider__element\">\n\t\t\t\tLaser pentru p\u0103r\t\t\t\t<\/h3>\n\t\t\t\t\t\t<\/span>\n\t\t<\/div>\n\t\t\t\t\t\t<\/div>\n\t\t\t\t<\/div>\n\t\t\t\t<div class=\"elementor-element elementor-element-7e9f881 elementor-align-left elementor-icon-list--layout-traditional elementor-list-item-link-full_width elementor-widget elementor-widget-icon-list\" data-id=\"7e9f881\" data-element_type=\"widget\" data-widget_type=\"icon-list.default\">\n\t\t\t\t<div class=\"elementor-widget-container\">\n\t\t\t\t\t\t\t<ul class=\"elementor-icon-list-items\">\n\t\t\t\t\t\t\t<li class=\"elementor-icon-list-item\">\n\t\t\t\t\t\t\t\t\t\t\t<span class=\"elementor-icon-list-icon\">\n\t\t\t\t\t\t\t<svg aria-hidden=\"true\" class=\"e-font-icon-svg e-far-hospital\" viewbox=\"0 0 448 512\" xmlns=\"http:\/\/www.w3.org\/2000\/svg\"><path d=\"M128 244v-40c0-6.627 5.373-12 12-12h40c6.627 0 12 5.373 12 12v40c0 6.627-5.373 12-12 12h-40c-6.627 0-12-5.373-12-12zm140 12h40c6.627 0 12-5.373 12-12v-40c0-6.627-5.373-12-12-12h-40c-6.627 0-12 5.373-12 12v40c0 6.627 5.373 12 12 12zm-76 84v-40c0-6.627-5.373-12-12-12h-40c-6.627 0-12 5.373-12 12v40c0 6.627 5.373 12 12 12h40c6.627 0 12-5.373 12-12zm76 12h40c6.627 0 12-5.373 12-12v-40c0-6.627-5.373-12-12-12h-40c-6.627 0-12 5.373-12 12v40c0 6.627 5.373 12 12 12zm180 124v36H0v-36c0-6.627 5.373-12 12-12h19.5V85.035C31.5 73.418 42.245 64 55.5 64H144V24c0-13.255 10.745-24 24-24h112c13.255 0 24 10.745 24 24v40h88.5c13.255 0 24 9.418 24 21.035V464H436c6.627 0 12 5.373 12 12zM79.5 463H192v-67c0-6.627 5.373-12 12-12h40c6.627 0 12 5.373 12 12v67h112.5V112H304v24c0 13.255-10.745 24-24 24H168c-13.255 0-24-10.745-24-24v-24H79.5v351zM266 64h-26V38a6 6 0 0 0-6-6h-20a6 6 0 0 0-6 6v26h-26a6 6 0 0 0-6 6v20a6 6 0 0 0 6 6h26v26a6 6 0 0 0 6 6h20a6 6 0 0 0 6-6V96h26a6 6 0 0 0 6-6V70a6 6 0 0 0-6-6z\"><\/path><\/svg>\t\t\t\t\t\t<\/span>\n\t\t\t\t\t\t\t\t\t\t<span class=\"elementor-icon-list-text\">Durata \u0219ederii \u00een spital: Nu este necesar\u0103<\/span>\n\t\t\t\t\t\t\t\t\t<\/li>\n\t\t\t\t\t\t\t\t<li class=\"elementor-icon-list-item\">\n\t\t\t\t\t\t\t\t\t\t\t<span class=\"elementor-icon-list-icon\">\n\t\t\t\t\t\t\t<svg aria-hidden=\"true\" class=\"e-font-icon-svg e-far-clock\" viewbox=\"0 0 512 512\" xmlns=\"http:\/\/www.w3.org\/2000\/svg\"><path d=\"M256 8C119 8 8 119 8 256s111 248 248 248 248-111 248-248S393 8 256 8zm0 448c-110.5 0-200-89.5-200-200S145.5 56 256 56s200 89.5 200 200-89.5 200-200 200zm61.8-104.4l-84.9-61.7c-3.1-2.3-4.9-5.9-4.9-9.7V116c0-6.6 5.4-12 12-12h32c6.6 0 12 5.4 12 12v141.7l66.8 48.6c5.4 3.9 6.5 11.4 2.6 16.8L334.6 349c-3.9 5.3-11.4 6.5-16.8 2.6z\"><\/path><\/svg>\t\t\t\t\t\t<\/span>\n\t\t\t\t\t\t\t\t\t\t<span class=\"elementor-icon-list-text\">Timp de func\u021bionare: 6-8 ore<\/span>\n\t\t\t\t\t\t\t\t\t<\/li>\n\t\t\t\t\t\t\t\t<li class=\"elementor-icon-list-item\">\n\t\t\t\t\t\t\t\t\t\t\t<span class=\"elementor-icon-list-icon\">\n\t\t\t\t\t\t\t<svg aria-hidden=\"true\" class=\"e-font-icon-svg e-fas-syringe\" viewbox=\"0 0 512 512\" xmlns=\"http:\/\/www.w3.org\/2000\/svg\"><path d=\"M201.5 174.8l55.7 55.8c3.1 3.1 3.1 8.2 0 11.3l-11.3 11.3c-3.1 3.1-8.2 3.1-11.3 0l-55.7-55.8-45.3 45.3 55.8 55.8c3.1 3.1 3.1 8.2 0 11.3l-11.3 11.3c-3.1 3.1-8.2 3.1-11.3 0L111 265.2l-26.4 26.4c-17.3 17.3-25.6 41.1-23 65.4l7.1 63.6L2.3 487c-3.1 3.1-3.1 8.2 0 11.3l11.3 11.3c3.1 3.1 8.2 3.1 11.3 0l66.3-66.3 63.6 7.1c23.9 2.6 47.9-5.4 65.4-23l181.9-181.9-135.7-135.7-64.9 65zm308.2-93.3L430.5 2.3c-3.1-3.1-8.2-3.1-11.3 0l-11.3 11.3c-3.1 3.1-3.1 8.2 0 11.3l28.3 28.3-45.3 45.3-56.6-56.6-17-17c-3.1-3.1-8.2-3.1-11.3 0l-33.9 33.9c-3.1 3.1-3.1 8.2 0 11.3l17 17L424.8 223l17 17c3.1 3.1 8.2 3.1 11.3 0l33.9-34c3.1-3.1 3.1-8.2 0-11.3l-73.5-73.5 45.3-45.3 28.3 28.3c3.1 3.1 8.2 3.1 11.3 0l11.3-11.3c3.1-3.2 3.1-8.2 0-11.4z\"><\/path><\/svg>\t\t\t\t\t\t<\/span>\n\t\t\t\t\t\t\t\t\t\t<span class=\"elementor-icon-list-text\">Anestezie: Local\u0103<\/span>\n\t\t\t\t\t\t\t\t\t<\/li>\n\t\t\t\t\t\t\t\t<li class=\"elementor-icon-list-item\">\n\t\t\t\t\t\t\t\t\t\t\t<span class=\"elementor-icon-list-icon\">\n\t\t\t\t\t\t\t<svg aria-hidden=\"true\" class=\"e-font-icon-svg e-far-heart\" viewbox=\"0 0 512 512\" xmlns=\"http:\/\/www.w3.org\/2000\/svg\"><path d=\"M458.4 64.3C400.6 15.7 311.3 23 256 79.3 200.7 23 111.4 15.6 53.6 64.3-21.6 127.6-10.6 230.8 43 285.5l175.4 178.7c10 10.2 23.4 15.9 37.6 15.9 14.3 0 27.6-5.6 37.6-15.8L469 285.6c53.5-54.7 64.7-157.9-10.6-221.3zm-23.6 187.5L259.4 430.5c-2.4 2.4-4.4 2.4-6.8 0L77.2 251.8c-36.5-37.2-43.9-107.6 7.3-150.7 38.9-32.7 98.9-27.8 136.5 10.5l35 35.7 35-35.7c37.8-38.5 97.8-43.2 136.5-10.6 51.1 43.1 43.5 113.9 7.3 150.8z\"><\/path><\/svg>\t\t\t\t\t\t<\/span>\n\t\t\t\t\t\t\t\t\t\t<span class=\"elementor-icon-list-text\">Timp de recuperare: 6-12 luni<\/span>\n\t\t\t\t\t\t\t\t\t<\/li>\n\t\t\t\t\t\t<\/ul>\n\t\t\t\t\t\t<\/div>\n\t\t\t\t<\/div>\n\t\t\t\t<div class=\"elementor-element elementor-element-dc56b13 elementor-align-justify elementor-widget elementor-widget-button\" data-id=\"dc56b13\" data-element_type=\"widget\" data-widget_type=\"button.default\">\n\t\t\t\t<div class=\"elementor-widget-container\">\n\t\t\t\t\t\t\t\t\t<div class=\"elementor-button-wrapper\">\n\t\t\t\t\t<a class=\"elementor-button elementor-button-link elementor-size-sm elementor-animation-buzz\" href=\"https:\/\/seldacenter.com\/ro\/\">\n\t\t\t\t\t\t<span class=\"elementor-button-content-wrapper\">\n\t\t\t\t\t\t\t\t\t<span class=\"elementor-button-text\">Face\u021bi o programare acum<\/span>\n\t\t\t\t\t<\/span>\n\t\t\t\t\t<\/a>\n\t\t\t\t<\/div>\n\t\t\t\t\t\t\t\t<\/div>\n\t\t\t\t<\/div>\n\t\t\t\t\t<\/div>\n\t\t<\/div>\n\t\t\t\t\t<\/div>\n\t\t<\/section>\n\t\t\t\t<section class=\"elementor-section elementor-top-section elementor-element elementor-element-559ad978 elementor-section-boxed elementor-section-height-default elementor-section-height-default\" data-id=\"559ad978\" data-element_type=\"section\">\n\t\t\t\t\t\t<div class=\"elementor-container elementor-column-gap-default\">\n\t\t\t\t\t<div class=\"elementor-column elementor-col-100 elementor-top-column elementor-element elementor-element-3bb340b9\" data-id=\"3bb340b9\" data-element_type=\"column\">\n\t\t\t<div class=\"elementor-widget-wrap elementor-element-populated\">\n\t\t\t\t\t\t<div class=\"elementor-element elementor-element-50d3c1df elementor-widget elementor-widget-text-editor\" data-id=\"50d3c1df\" data-element_type=\"widget\" data-widget_type=\"text-editor.default\">\n\t\t\t\t<div class=\"elementor-widget-container\">\n\t\t\t\t\t\t\t\t\tP\u0103rul este un element important care determin\u0103 aspectul estetic at\u00e2t al femeilor, c\u00e2t \u0219i al b\u0103rba\u021bilor. Cu toate acestea, condi\u021biile nes\u0103n\u0103toase aduse de via\u021ba modern\u0103, stresul, factorii genetici \u0219i diverse probleme de s\u0103n\u0103tate pot provoca c\u0103derea p\u0103rului. C\u0103derea p\u0103rului poate reduce calitatea vie\u021bii oamenilor, afect\u00e2ndu-le motiva\u021bia \u0219i \u00eencrederea \u00een sine. \u00cen acest moment, tratamentul cu laser pentru p\u0103r ofer\u0103 o solu\u021bie eficient\u0103 pentru cei care doresc s\u0103 \u00eent\u0103reasc\u0103 p\u0103rul \u0219i s\u0103 opreasc\u0103 c\u0103derea p\u0103rului.\n\n<strong>Ce este Hair Laser?<\/strong>\n\nLaserul pentru p\u0103r este o metod\u0103 de tratament care permite p\u0103rului s\u0103 creasc\u0103 mai puternic \u0219i s\u0103 creasc\u0103 mai s\u0103n\u0103tos prin cre\u0219terea circula\u021biei s\u00e2ngelui \u00een zona p\u0103rului folosind dispozitive laser care sunt produse ale tehnologiei moderne. Aceast\u0103 metod\u0103 ofer\u0103 o solu\u021bie eficient\u0103 \u00eempotriva c\u0103derii p\u0103rului prin declan\u0219area unei noi cre\u0219teri a p\u0103rului \u00een zonele cu chelie. Tratamentul cu laser pentru p\u0103r stimuleaz\u0103 foliculii de p\u0103r prin aplicarea de lumin\u0103 laser de nivel sc\u0103zut sau lumini LED pe scalp. Aceast\u0103 stimulare cre\u0219te activitatea celular\u0103, accelereaz\u0103 circula\u021bia s\u00e2ngelui \u0219i reduce c\u0103derea p\u0103rului prin revitalizarea foliculilor de p\u0103r. \u00cen plus, \u00eengroa\u0219\u0103 firele sub\u021biri de p\u0103r \u0219i sprijin\u0103 p\u0103rul pentru a ob\u021bine un aspect s\u0103n\u0103tos.\n\n<strong>Cum se aplic\u0103 tratamentul cu laser pentru p\u0103r?<\/strong>\n\nTratamentul cu laser pentru p\u0103r include urm\u0103torii pa\u0219i:\n<ol>\n \t<li><strong>Consultatie si analiza parului:<\/strong> Structura p\u0103rului \u0219i gradul de c\u0103dere ale persoanei sunt evaluate de un dermatolog specialist.<\/li>\n \t<li><strong>Planificarea tratamentului:<\/strong> Pe baza analizei p\u0103rului se stabile\u0219te un plan de tratament personalizat. Num\u0103rul \u0219i frecven\u021ba sesiunilor sunt determinate.<\/li>\n \t<li><strong>Preparare:<\/strong> Se cur\u0103\u021b\u0103 zona p\u0103rului \u0219i se aplic\u0103 un ser care accelereaz\u0103 nutri\u021bia p\u0103rului prin deschiderea unor canale minuscule cu un dermapen.<\/li>\n \t<li><strong>Aplica\u021bie cu laser:<\/strong> Circula\u021bia s\u00e2ngelui este crescut\u0103 prin aplicarea de fascicule laser pe capilarele disfunc\u021bionale de sub scalp.<\/li>\n \t<li><strong>Finalizare \u0219i \u00eentre\u021binere:<\/strong> Dup\u0103 aplicare, dermapenul \u0219i serul sunt folosite pentru a cre\u0219te eficacitatea aplic\u0103rii cu laser.<\/li>\n \t<li><strong>Durata \u0219i frecven\u021ba \u0219edin\u021belor:<\/strong> \u00cen prima etap\u0103, se aplic\u0103 \u00een \u0219edin\u021be de 20 de minute de dou\u0103 ori pe s\u0103pt\u0103m\u00e2n\u0103. Rezultate vizibile pot fi ob\u021binute dup\u0103 10 \u0219edin\u021be \u00een total.<\/li>\n<\/ol>\n<strong>Tratamentul cu laser pentru p\u0103r \u0219i avantaje:<\/strong>\n<ul>\n \t<li><strong>Nedureros \u0219i sigur:<\/strong> Tratamentul cu laser pentru p\u0103r este o procedur\u0103 nedureroas\u0103 \u0219i are \u00een general efecte secundare minime.<\/li>\n \t<li><strong>P\u0103r gros \u0219i str\u0103lucitor:<\/strong> Tratamentul sprijin\u0103 formarea p\u0103rului gros \u0219i str\u0103lucitor prin \u00eent\u0103rirea foliculilor de p\u0103r.<\/li>\n \t<li><strong>Utilizare combinat\u0103 cu transplantul de p\u0103r:<\/strong> Tratamentul cu laser pentru p\u0103r poate ajuta la ob\u021binerea unor rezultate mai eficiente prin utilizarea acestuia \u00eenainte \u0219i dup\u0103 transplantul de p\u0103r.<\/li>\n<\/ul>\n<strong>Tratamentul cu laser pentru p\u0103r \u0219i femei:<\/strong>\n\nC\u0103derea p\u0103rului la femei se datoreaz\u0103 de obicei surselor genetice, hormonale \u0219i nutri\u021bionale. Tratamentul cu laser pentru p\u0103r ofer\u0103 o solu\u021bie eficient\u0103 \u00eempotriva c\u0103derii p\u0103rului la femei. Tratamentul este folosit pentru a opri caderea parului, intari si revitaliza parul. Poate fi combinat cu alte tratamente folosite \u00eempotriva c\u0103derii p\u0103rului \u0219i este potrivit pentru restabilirea s\u0103n\u0103t\u0103\u021bii p\u0103rului la femei. \u00cen concluzie, tratamentul cu laser pentru p\u0103r este o metod\u0103 inovatoare adus\u0103 de tehnologia modern\u0103 \u0219i poate ajuta la combaterea c\u0103derii p\u0103rului \u00eentr-un mod s\u0103n\u0103tos, sigur \u0219i eficient. Dup\u0103 aplicare, se poate ob\u021bine o \u00eembun\u0103t\u0103\u021bire vizibil\u0103 \u0219i o \u00eent\u0103rire a p\u0103rului persoanei. Nu trebuie uitat c\u0103 este important s\u0103 consulta\u021bi un dermatolog specialist \u00eenainte de tratament.\t\t\t\t\t\t\t\t<\/div>\n\t\t\t\t<\/div>\n\t\t\t\t\t<\/div>\n\t\t<\/div>\n\t\t\t\t\t<\/div>\n\t\t<\/section>\n\t\t\t\t<\/div>","protected":false},"excerpt":{"rendered":"<p>Sa\u00e7 Lazeri Hastanede Kal\u0131\u015f S\u00fcresi: Gerekli De\u011fil Operasyon S\u00fcresi: 6-8 Saat Anestezi: Lokal \u0130yile\u015fme S\u00fcresi: 6-12 Ay Hemen Randevu Al\u0131n Sa\u00e7lar, hem kad\u0131nlar\u0131n hem de erkeklerin estetik g\u00f6r\u00fcn\u00fcmlerini belirleyen \u00f6nemli bir unsurdur. Ancak modern ya\u015fam\u0131n getirdi\u011fi sa\u011fl\u0131ks\u0131z ko\u015fullar, stres, genetik fakt\u00f6rler ve \u00e7e\u015fitli sa\u011fl\u0131k sorunlar\u0131, sa\u00e7 d\u00f6k\u00fclmesine neden olabilmektedir. Sa\u00e7 kayb\u0131, insanlar\u0131n motivasyon ve \u00f6zg\u00fcvenini [&hellip;]<\/p>\n","protected":false},"author":2,"featured_media":0,"parent":0,"menu_order":0,"comment_status":"closed","ping_status":"closed","template":"","meta":{"postBodyMargin":[],"postBodyPadding":[],"postBodyBackground":{"backgroundType":"classic","gradient":""},"footnotes":""},"class_list":["post-13687","page","type-page","status-publish","hentry"],"_links":{"self":[{"href":"https:\/\/seldacenter.com\/ro\/wp-json\/wp\/v2\/pages\/13687","targetHints":{"allow":["GET"]}}],"collection":[{"href":"https:\/\/seldacenter.com\/ro\/wp-json\/wp\/v2\/pages"}],"about":[{"href":"https:\/\/seldacenter.com\/ro\/wp-json\/wp\/v2\/types\/page"}],"author":[{"embeddable":true,"href":"https:\/\/seldacenter.com\/ro\/wp-json\/wp\/v2\/users\/2"}],"replies":[{"embeddable":true,"href":"https:\/\/seldacenter.com\/ro\/wp-json\/wp\/v2\/comments?post=13687"}],"version-history":[{"count":4,"href":"https:\/\/seldacenter.com\/ro\/wp-json\/wp\/v2\/pages\/13687\/revisions"}],"predecessor-version":[{"id":13847,"href":"https:\/\/seldacenter.com\/ro\/wp-json\/wp\/v2\/pages\/13687\/revisions\/13847"}],"wp:attachment":[{"href":"https:\/\/seldacenter.com\/ro\/wp-json\/wp\/v2\/media?parent=13687"}],"curies":[{"name":"wp","href":"https:\/\/api.w.org\/{rel}","templated":true}]}}