{"id":13685,"date":"2024-02-21T23:21:40","date_gmt":"2024-02-21T23:21:40","guid":{"rendered":"https:\/\/seldacenter.com\/?page_id=13685"},"modified":"2024-03-02T01:29:00","modified_gmt":"2024-03-02T01:29:00","slug":"rinoplasti-2","status":"publish","type":"page","link":"https:\/\/seldacenter.com\/ro\/rinoplasti-2\/","title":{"rendered":"rinoplastie"},"content":{"rendered":"<div data-elementor-type=\"wp-page\" data-elementor-id=\"13685\" class=\"elementor elementor-13685\" data-elementor-post-type=\"page\">\n\t\t\t\t\t\t<section class=\"elementor-section elementor-top-section elementor-element elementor-element-cd7d854 elementor-section-boxed elementor-section-height-default elementor-section-height-default\" data-id=\"cd7d854\" data-element_type=\"section\">\n\t\t\t\t\t\t<div class=\"elementor-container elementor-column-gap-default\">\n\t\t\t\t\t<div class=\"elementor-column elementor-col-50 elementor-top-column elementor-element elementor-element-d9da8ec\" data-id=\"d9da8ec\" data-element_type=\"column\" data-settings=\"{&quot;background_background&quot;:&quot;classic&quot;}\">\n\t\t\t<div class=\"elementor-widget-wrap elementor-element-populated\">\n\t\t\t\t\t\t<div class=\"elementor-element elementor-element-400b60a elementor-widget elementor-widget-image\" data-id=\"400b60a\" data-element_type=\"widget\" data-widget_type=\"image.default\">\n\t\t\t\t<div class=\"elementor-widget-container\">\n\t\t\t\t\t\t\t\t\t\t\t\t\t\t\t<img fetchpriority=\"high\" decoding=\"async\" width=\"996\" height=\"664\" src=\"https:\/\/seldacenter.com\/wp-content\/uploads\/2024\/03\/side-view-doctor-checking-patient-before-rhinoplasty_23-2149352174.jpg\" class=\"attachment-full size-full wp-image-14172\" alt=\"\" srcset=\"https:\/\/seldacenter.com\/wp-content\/uploads\/2024\/03\/side-view-doctor-checking-patient-before-rhinoplasty_23-2149352174.jpg 996w, https:\/\/seldacenter.com\/wp-content\/uploads\/2024\/03\/side-view-doctor-checking-patient-before-rhinoplasty_23-2149352174-600x400.jpg 600w, https:\/\/seldacenter.com\/wp-content\/uploads\/2024\/03\/side-view-doctor-checking-patient-before-rhinoplasty_23-2149352174-300x200.jpg 300w, https:\/\/seldacenter.com\/wp-content\/uploads\/2024\/03\/side-view-doctor-checking-patient-before-rhinoplasty_23-2149352174-768x512.jpg 768w\" sizes=\"(max-width: 996px) 100vw, 996px\" \/>\t\t\t\t\t\t\t\t\t\t\t\t\t\t\t<\/div>\n\t\t\t\t<\/div>\n\t\t\t\t\t<\/div>\n\t\t<\/div>\n\t\t\t\t<div class=\"elementor-column elementor-col-50 elementor-top-column elementor-element elementor-element-6d27f7e\" data-id=\"6d27f7e\" data-element_type=\"column\">\n\t\t\t<div class=\"elementor-widget-wrap elementor-element-populated\">\n\t\t\t\t\t\t<div class=\"elementor-element elementor-element-1dd6386 elementor-widget-divider--view-line_text elementor-widget-divider--element-align-left elementor-widget elementor-widget-divider\" data-id=\"1dd6386\" data-element_type=\"widget\" data-widget_type=\"divider.default\">\n\t\t\t\t<div class=\"elementor-widget-container\">\n\t\t\t\t\t\t\t<div class=\"elementor-divider\">\n\t\t\t<span class=\"elementor-divider-separator\">\n\t\t\t\t\t\t\t<h3 class=\"elementor-divider__text elementor-divider__element\">\n\t\t\t\trinoplastie\t\t\t\t<\/h3>\n\t\t\t\t\t\t<\/span>\n\t\t<\/div>\n\t\t\t\t\t\t<\/div>\n\t\t\t\t<\/div>\n\t\t\t\t<div class=\"elementor-element elementor-element-931061c elementor-align-left elementor-icon-list--layout-traditional elementor-list-item-link-full_width elementor-widget elementor-widget-icon-list\" data-id=\"931061c\" data-element_type=\"widget\" data-widget_type=\"icon-list.default\">\n\t\t\t\t<div class=\"elementor-widget-container\">\n\t\t\t\t\t\t\t<ul class=\"elementor-icon-list-items\">\n\t\t\t\t\t\t\t<li class=\"elementor-icon-list-item\">\n\t\t\t\t\t\t\t\t\t\t\t<span class=\"elementor-icon-list-icon\">\n\t\t\t\t\t\t\t<svg aria-hidden=\"true\" class=\"e-font-icon-svg e-far-hospital\" viewbox=\"0 0 448 512\" xmlns=\"http:\/\/www.w3.org\/2000\/svg\"><path d=\"M128 244v-40c0-6.627 5.373-12 12-12h40c6.627 0 12 5.373 12 12v40c0 6.627-5.373 12-12 12h-40c-6.627 0-12-5.373-12-12zm140 12h40c6.627 0 12-5.373 12-12v-40c0-6.627-5.373-12-12-12h-40c-6.627 0-12 5.373-12 12v40c0 6.627 5.373 12 12 12zm-76 84v-40c0-6.627-5.373-12-12-12h-40c-6.627 0-12 5.373-12 12v40c0 6.627 5.373 12 12 12h40c6.627 0 12-5.373 12-12zm76 12h40c6.627 0 12-5.373 12-12v-40c0-6.627-5.373-12-12-12h-40c-6.627 0-12 5.373-12 12v40c0 6.627 5.373 12 12 12zm180 124v36H0v-36c0-6.627 5.373-12 12-12h19.5V85.035C31.5 73.418 42.245 64 55.5 64H144V24c0-13.255 10.745-24 24-24h112c13.255 0 24 10.745 24 24v40h88.5c13.255 0 24 9.418 24 21.035V464H436c6.627 0 12 5.373 12 12zM79.5 463H192v-67c0-6.627 5.373-12 12-12h40c6.627 0 12 5.373 12 12v67h112.5V112H304v24c0 13.255-10.745 24-24 24H168c-13.255 0-24-10.745-24-24v-24H79.5v351zM266 64h-26V38a6 6 0 0 0-6-6h-20a6 6 0 0 0-6 6v26h-26a6 6 0 0 0-6 6v20a6 6 0 0 0 6 6h26v26a6 6 0 0 0 6 6h20a6 6 0 0 0 6-6V96h26a6 6 0 0 0 6-6V70a6 6 0 0 0-6-6z\"><\/path><\/svg>\t\t\t\t\t\t<\/span>\n\t\t\t\t\t\t\t\t\t\t<span class=\"elementor-icon-list-text\">Starea \u00een spital: 1 zi<\/span>\n\t\t\t\t\t\t\t\t\t<\/li>\n\t\t\t\t\t\t\t\t<li class=\"elementor-icon-list-item\">\n\t\t\t\t\t\t\t\t\t\t\t<span class=\"elementor-icon-list-icon\">\n\t\t\t\t\t\t\t<svg aria-hidden=\"true\" class=\"e-font-icon-svg e-far-clock\" viewbox=\"0 0 512 512\" xmlns=\"http:\/\/www.w3.org\/2000\/svg\"><path d=\"M256 8C119 8 8 119 8 256s111 248 248 248 248-111 248-248S393 8 256 8zm0 448c-110.5 0-200-89.5-200-200S145.5 56 256 56s200 89.5 200 200-89.5 200-200 200zm61.8-104.4l-84.9-61.7c-3.1-2.3-4.9-5.9-4.9-9.7V116c0-6.6 5.4-12 12-12h32c6.6 0 12 5.4 12 12v141.7l66.8 48.6c5.4 3.9 6.5 11.4 2.6 16.8L334.6 349c-3.9 5.3-11.4 6.5-16.8 2.6z\"><\/path><\/svg>\t\t\t\t\t\t<\/span>\n\t\t\t\t\t\t\t\t\t\t<span class=\"elementor-icon-list-text\">Timp de func\u021bionare: 6-8 ore<\/span>\n\t\t\t\t\t\t\t\t\t<\/li>\n\t\t\t\t\t\t\t\t<li class=\"elementor-icon-list-item\">\n\t\t\t\t\t\t\t\t\t\t\t<span class=\"elementor-icon-list-icon\">\n\t\t\t\t\t\t\t<svg aria-hidden=\"true\" class=\"e-font-icon-svg e-fas-syringe\" viewbox=\"0 0 512 512\" xmlns=\"http:\/\/www.w3.org\/2000\/svg\"><path d=\"M201.5 174.8l55.7 55.8c3.1 3.1 3.1 8.2 0 11.3l-11.3 11.3c-3.1 3.1-8.2 3.1-11.3 0l-55.7-55.8-45.3 45.3 55.8 55.8c3.1 3.1 3.1 8.2 0 11.3l-11.3 11.3c-3.1 3.1-8.2 3.1-11.3 0L111 265.2l-26.4 26.4c-17.3 17.3-25.6 41.1-23 65.4l7.1 63.6L2.3 487c-3.1 3.1-3.1 8.2 0 11.3l11.3 11.3c3.1 3.1 8.2 3.1 11.3 0l66.3-66.3 63.6 7.1c23.9 2.6 47.9-5.4 65.4-23l181.9-181.9-135.7-135.7-64.9 65zm308.2-93.3L430.5 2.3c-3.1-3.1-8.2-3.1-11.3 0l-11.3 11.3c-3.1 3.1-3.1 8.2 0 11.3l28.3 28.3-45.3 45.3-56.6-56.6-17-17c-3.1-3.1-8.2-3.1-11.3 0l-33.9 33.9c-3.1 3.1-3.1 8.2 0 11.3l17 17L424.8 223l17 17c3.1 3.1 8.2 3.1 11.3 0l33.9-34c3.1-3.1 3.1-8.2 0-11.3l-73.5-73.5 45.3-45.3 28.3 28.3c3.1 3.1 8.2 3.1 11.3 0l11.3-11.3c3.1-3.2 3.1-8.2 0-11.4z\"><\/path><\/svg>\t\t\t\t\t\t<\/span>\n\t\t\t\t\t\t\t\t\t\t<span class=\"elementor-icon-list-text\">Anestezie: general\u0103<\/span>\n\t\t\t\t\t\t\t\t\t<\/li>\n\t\t\t\t\t\t\t\t<li class=\"elementor-icon-list-item\">\n\t\t\t\t\t\t\t\t\t\t\t<span class=\"elementor-icon-list-icon\">\n\t\t\t\t\t\t\t<svg aria-hidden=\"true\" class=\"e-font-icon-svg e-far-heart\" viewbox=\"0 0 512 512\" xmlns=\"http:\/\/www.w3.org\/2000\/svg\"><path d=\"M458.4 64.3C400.6 15.7 311.3 23 256 79.3 200.7 23 111.4 15.6 53.6 64.3-21.6 127.6-10.6 230.8 43 285.5l175.4 178.7c10 10.2 23.4 15.9 37.6 15.9 14.3 0 27.6-5.6 37.6-15.8L469 285.6c53.5-54.7 64.7-157.9-10.6-221.3zm-23.6 187.5L259.4 430.5c-2.4 2.4-4.4 2.4-6.8 0L77.2 251.8c-36.5-37.2-43.9-107.6 7.3-150.7 38.9-32.7 98.9-27.8 136.5 10.5l35 35.7 35-35.7c37.8-38.5 97.8-43.2 136.5-10.6 51.1 43.1 43.5 113.9 7.3 150.8z\"><\/path><\/svg>\t\t\t\t\t\t<\/span>\n\t\t\t\t\t\t\t\t\t\t<span class=\"elementor-icon-list-text\">Timp de recuperare: 6-12 luni<\/span>\n\t\t\t\t\t\t\t\t\t<\/li>\n\t\t\t\t\t\t<\/ul>\n\t\t\t\t\t\t<\/div>\n\t\t\t\t<\/div>\n\t\t\t\t<div class=\"elementor-element elementor-element-13ec053 elementor-align-justify elementor-widget elementor-widget-button\" data-id=\"13ec053\" data-element_type=\"widget\" data-widget_type=\"button.default\">\n\t\t\t\t<div class=\"elementor-widget-container\">\n\t\t\t\t\t\t\t\t\t<div class=\"elementor-button-wrapper\">\n\t\t\t\t\t<a class=\"elementor-button elementor-button-link elementor-size-sm elementor-animation-buzz\" href=\"https:\/\/seldacenter.com\/ro\/\">\n\t\t\t\t\t\t<span class=\"elementor-button-content-wrapper\">\n\t\t\t\t\t\t\t\t\t<span class=\"elementor-button-text\">Face\u021bi o programare acum<\/span>\n\t\t\t\t\t<\/span>\n\t\t\t\t\t<\/a>\n\t\t\t\t<\/div>\n\t\t\t\t\t\t\t\t<\/div>\n\t\t\t\t<\/div>\n\t\t\t\t\t<\/div>\n\t\t<\/div>\n\t\t\t\t\t<\/div>\n\t\t<\/section>\n\t\t\t\t<section class=\"elementor-section elementor-top-section elementor-element elementor-element-6d321162 elementor-section-boxed elementor-section-height-default elementor-section-height-default\" data-id=\"6d321162\" data-element_type=\"section\">\n\t\t\t\t\t\t<div class=\"elementor-container elementor-column-gap-default\">\n\t\t\t\t\t<div class=\"elementor-column elementor-col-100 elementor-top-column elementor-element elementor-element-37bec56d\" data-id=\"37bec56d\" data-element_type=\"column\">\n\t\t\t<div class=\"elementor-widget-wrap elementor-element-populated\">\n\t\t\t\t\t\t<div class=\"elementor-element elementor-element-f4bf81 elementor-widget elementor-widget-text-editor\" data-id=\"f4bf81\" data-element_type=\"widget\" data-widget_type=\"text-editor.default\">\n\t\t\t\t<div class=\"elementor-widget-container\">\n\t\t\t\t\t\t\t\t\tRinoplastia este o procedur\u0103 chirurgical\u0103, cunoscut\u0103 \u0219i sub denumirea de \u201erinoplastie\u201d \u0219i are ca scop schimbarea formei \u0219i aspectului nasului. Aceast\u0103 opera\u021bie, care se efectueaz\u0103 at\u00e2t pentru preocup\u0103ri estetice, c\u00e2t \u0219i pentru corectarea problemelor respiratorii, se efectueaz\u0103 de obicei chirurgical \u0219i implic\u0103 efectuarea de modific\u0103ri ale formei, m\u0103rimii \u0219i raportului nasului fa\u021b\u0103 de fa\u021b\u0103. Operatia de rinoplastie se realizeaza cu doua tehnici principale: rinoplastia inchisa si deschisa. \u00cen rinoplastia \u00eenchis\u0103, chirurgul acceseaz\u0103 prin nas \u0219i toate inciziile se fac \u00een interiorul nasului, f\u0103r\u0103 a l\u0103sa cicatrici vizibile din exterior. \u00cen rinoplastia deschis\u0103, chirurgul face o mic\u0103 incizie sub pielea nasului pentru a expune cartilajul \u0219i \u021besuturile dintre n\u0103ri. Ambele tehnici sunt preferate \u00een anumite situa\u021bii \u0219i variaz\u0103 \u00een func\u021bie de preferin\u021ba chirurgului \u0219i de nevoile pacientului. Opera\u021bia de rinoplastie se efectueaz\u0103 de obicei \u00een urm\u0103toarele situa\u021bii:\n<ol>\n \t<li>Preocup\u0103ri estetice: Rinoplastia poate fi efectuat\u0103 din cauza modific\u0103rilor nedorite ale formei sau m\u0103rimii nasului. Acestea includ condi\u021bii precum v\u00e2rful nasului c\u0103zut, arcade sau curbur\u0103 pe spatele nasului, v\u00e2rful nasului lat sau \u00eengust.<\/li>\n \t<li>Probleme de respira\u021bie: Unii oameni pot avea probleme de respira\u021bie din cauza curburii septului nazal, a cre\u0219terii excesive a cartilajelor nazale sau a altor probleme anatomice. Rinoplastia poate ajuta la corectarea acestor probleme.<\/li>\n<\/ol>\nDup\u0103 opera\u021bia de rinoplastie, pacien\u021bii prezint\u0103 adesea umfl\u0103turi, v\u00e2n\u0103t\u0103i \u0219i disconfort u\u0219or. De\u0219i procesul de recuperare variaz\u0103 de la persoan\u0103 la persoan\u0103, activit\u0103\u021bile sociale pot fi reluate de obicei \u00een c\u00e2teva s\u0103pt\u0103m\u00e2ni, iar rezultatele devin mai evidente \u00een timp. Cu toate acestea, opera\u021bia de rinoplastie implic\u0103 \u00eentotdeauna riscuri \u0219i pot ap\u0103rea rezultate nedorite. Prin urmare, este important pentru oricine care are \u00een vedere rinoplastia s\u0103 se \u00eent\u00e2lneasc\u0103 \u00een detaliu cu un chirurg plastician \u0219i s\u0103 discute a\u0219tept\u0103rile \u0219i riscurile sale. In concluzie, rinoplastia este o procedura chirurgicala care ajuta la schimbarea formei si aspectului nasului atat din motive estetice cat si functionale. Dac\u0103 este f\u0103cut\u0103 corect, poate cre\u0219te satisfac\u021bia pacien\u021bilor cu nasul \u0219i poate corecta problemele de respira\u021bie.\t\t\t\t\t\t\t\t<\/div>\n\t\t\t\t<\/div>\n\t\t\t\t\t<\/div>\n\t\t<\/div>\n\t\t\t\t\t<\/div>\n\t\t<\/section>\n\t\t\t\t<\/div>","protected":false},"excerpt":{"rendered":"<p>Rinoplasti Hastanede Kal\u0131\u015f S\u00fcresi: 1 G\u00fcn Operasyon S\u00fcresi: 6-8 Saat Anestezi: Genel \u0130yile\u015fme S\u00fcresi: 6-12 Ay Hemen Randevu Al\u0131n Rinoplasti, genellikle &#8220;burun esteti\u011fi&#8221; olarak da bilinen bir cerrahi i\u015flemdir ve burun \u015feklini ve g\u00f6r\u00fcn\u00fcm\u00fcn\u00fc de\u011fi\u015ftirmeyi ama\u00e7lar. Hem estetik kayg\u0131lar hem de solunum problemlerini d\u00fczeltmek i\u00e7in yap\u0131lan bu operasyon, genellikle cerrahi olarak ger\u00e7ekle\u015ftirilir ve burunun \u015fekli, [&hellip;]<\/p>\n","protected":false},"author":2,"featured_media":0,"parent":0,"menu_order":0,"comment_status":"closed","ping_status":"closed","template":"","meta":{"postBodyMargin":[],"postBodyPadding":[],"postBodyBackground":{"backgroundType":"classic","gradient":""},"footnotes":""},"class_list":["post-13685","page","type-page","status-publish","hentry"],"_links":{"self":[{"href":"https:\/\/seldacenter.com\/ro\/wp-json\/wp\/v2\/pages\/13685","targetHints":{"allow":["GET"]}}],"collection":[{"href":"https:\/\/seldacenter.com\/ro\/wp-json\/wp\/v2\/pages"}],"about":[{"href":"https:\/\/seldacenter.com\/ro\/wp-json\/wp\/v2\/types\/page"}],"author":[{"embeddable":true,"href":"https:\/\/seldacenter.com\/ro\/wp-json\/wp\/v2\/users\/2"}],"replies":[{"embeddable":true,"href":"https:\/\/seldacenter.com\/ro\/wp-json\/wp\/v2\/comments?post=13685"}],"version-history":[{"count":10,"href":"https:\/\/seldacenter.com\/ro\/wp-json\/wp\/v2\/pages\/13685\/revisions"}],"predecessor-version":[{"id":14175,"href":"https:\/\/seldacenter.com\/ro\/wp-json\/wp\/v2\/pages\/13685\/revisions\/14175"}],"wp:attachment":[{"href":"https:\/\/seldacenter.com\/ro\/wp-json\/wp\/v2\/media?parent=13685"}],"curies":[{"name":"wp","href":"https:\/\/api.w.org\/{rel}","templated":true}]}}