{"id":13681,"date":"2024-02-21T23:18:48","date_gmt":"2024-02-21T23:18:48","guid":{"rendered":"https:\/\/seldacenter.com\/?page_id=13681"},"modified":"2024-03-02T01:34:04","modified_gmt":"2024-03-02T01:34:04","slug":"otoplasti","status":"publish","type":"page","link":"https:\/\/seldacenter.com\/ro\/otoplasti\/","title":{"rendered":"Otoplastie"},"content":{"rendered":"<div data-elementor-type=\"wp-page\" data-elementor-id=\"13681\" class=\"elementor elementor-13681\" data-elementor-post-type=\"page\">\n\t\t\t\t\t\t<section class=\"elementor-section elementor-top-section elementor-element elementor-element-41538fd elementor-section-boxed elementor-section-height-default elementor-section-height-default\" data-id=\"41538fd\" data-element_type=\"section\">\n\t\t\t\t\t\t<div class=\"elementor-container elementor-column-gap-default\">\n\t\t\t\t\t<div class=\"elementor-column elementor-col-50 elementor-top-column elementor-element elementor-element-8e2d9eb\" data-id=\"8e2d9eb\" data-element_type=\"column\" data-settings=\"{&quot;background_background&quot;:&quot;classic&quot;}\">\n\t\t\t<div class=\"elementor-widget-wrap elementor-element-populated\">\n\t\t\t\t\t\t<div class=\"elementor-element elementor-element-24d559d elementor-widget elementor-widget-image\" data-id=\"24d559d\" data-element_type=\"widget\" data-widget_type=\"image.default\">\n\t\t\t\t<div class=\"elementor-widget-container\">\n\t\t\t\t\t\t\t\t\t\t\t\t\t\t\t<img fetchpriority=\"high\" decoding=\"async\" width=\"996\" height=\"664\" src=\"https:\/\/seldacenter.com\/wp-content\/uploads\/2024\/03\/cute-girl-pulling-her-ear-tired-listening-lies-excuses_176420-25707.jpg\" class=\"attachment-full size-full wp-image-14176\" alt=\"\" srcset=\"https:\/\/seldacenter.com\/wp-content\/uploads\/2024\/03\/cute-girl-pulling-her-ear-tired-listening-lies-excuses_176420-25707.jpg 996w, https:\/\/seldacenter.com\/wp-content\/uploads\/2024\/03\/cute-girl-pulling-her-ear-tired-listening-lies-excuses_176420-25707-600x400.jpg 600w, https:\/\/seldacenter.com\/wp-content\/uploads\/2024\/03\/cute-girl-pulling-her-ear-tired-listening-lies-excuses_176420-25707-300x200.jpg 300w, https:\/\/seldacenter.com\/wp-content\/uploads\/2024\/03\/cute-girl-pulling-her-ear-tired-listening-lies-excuses_176420-25707-768x512.jpg 768w\" sizes=\"(max-width: 996px) 100vw, 996px\" \/>\t\t\t\t\t\t\t\t\t\t\t\t\t\t\t<\/div>\n\t\t\t\t<\/div>\n\t\t\t\t\t<\/div>\n\t\t<\/div>\n\t\t\t\t<div class=\"elementor-column elementor-col-50 elementor-top-column elementor-element elementor-element-5c6289e\" data-id=\"5c6289e\" data-element_type=\"column\">\n\t\t\t<div class=\"elementor-widget-wrap elementor-element-populated\">\n\t\t\t\t\t\t<div class=\"elementor-element elementor-element-6378143 elementor-widget-divider--view-line_text elementor-widget-divider--element-align-left elementor-widget elementor-widget-divider\" data-id=\"6378143\" data-element_type=\"widget\" data-widget_type=\"divider.default\">\n\t\t\t\t<div class=\"elementor-widget-container\">\n\t\t\t\t\t\t\t<div class=\"elementor-divider\">\n\t\t\t<span class=\"elementor-divider-separator\">\n\t\t\t\t\t\t\t<h3 class=\"elementor-divider__text elementor-divider__element\">\n\t\t\t\tOtoplastie\t\t\t\t<\/h3>\n\t\t\t\t\t\t<\/span>\n\t\t<\/div>\n\t\t\t\t\t\t<\/div>\n\t\t\t\t<\/div>\n\t\t\t\t<div class=\"elementor-element elementor-element-60eb70b elementor-align-left elementor-icon-list--layout-traditional elementor-list-item-link-full_width elementor-widget elementor-widget-icon-list\" data-id=\"60eb70b\" data-element_type=\"widget\" data-widget_type=\"icon-list.default\">\n\t\t\t\t<div class=\"elementor-widget-container\">\n\t\t\t\t\t\t\t<ul class=\"elementor-icon-list-items\">\n\t\t\t\t\t\t\t<li class=\"elementor-icon-list-item\">\n\t\t\t\t\t\t\t\t\t\t\t<span class=\"elementor-icon-list-icon\">\n\t\t\t\t\t\t\t<svg aria-hidden=\"true\" class=\"e-font-icon-svg e-far-hospital\" viewbox=\"0 0 448 512\" xmlns=\"http:\/\/www.w3.org\/2000\/svg\"><path d=\"M128 244v-40c0-6.627 5.373-12 12-12h40c6.627 0 12 5.373 12 12v40c0 6.627-5.373 12-12 12h-40c-6.627 0-12-5.373-12-12zm140 12h40c6.627 0 12-5.373 12-12v-40c0-6.627-5.373-12-12-12h-40c-6.627 0-12 5.373-12 12v40c0 6.627 5.373 12 12 12zm-76 84v-40c0-6.627-5.373-12-12-12h-40c-6.627 0-12 5.373-12 12v40c0 6.627 5.373 12 12 12h40c6.627 0 12-5.373 12-12zm76 12h40c6.627 0 12-5.373 12-12v-40c0-6.627-5.373-12-12-12h-40c-6.627 0-12 5.373-12 12v40c0 6.627 5.373 12 12 12zm180 124v36H0v-36c0-6.627 5.373-12 12-12h19.5V85.035C31.5 73.418 42.245 64 55.5 64H144V24c0-13.255 10.745-24 24-24h112c13.255 0 24 10.745 24 24v40h88.5c13.255 0 24 9.418 24 21.035V464H436c6.627 0 12 5.373 12 12zM79.5 463H192v-67c0-6.627 5.373-12 12-12h40c6.627 0 12 5.373 12 12v67h112.5V112H304v24c0 13.255-10.745 24-24 24H168c-13.255 0-24-10.745-24-24v-24H79.5v351zM266 64h-26V38a6 6 0 0 0-6-6h-20a6 6 0 0 0-6 6v26h-26a6 6 0 0 0-6 6v20a6 6 0 0 0 6 6h26v26a6 6 0 0 0 6 6h20a6 6 0 0 0 6-6V96h26a6 6 0 0 0 6-6V70a6 6 0 0 0-6-6z\"><\/path><\/svg>\t\t\t\t\t\t<\/span>\n\t\t\t\t\t\t\t\t\t\t<span class=\"elementor-icon-list-text\">Durata \u0219ederii \u00een spital: Nu este necesar\u0103<\/span>\n\t\t\t\t\t\t\t\t\t<\/li>\n\t\t\t\t\t\t\t\t<li class=\"elementor-icon-list-item\">\n\t\t\t\t\t\t\t\t\t\t\t<span class=\"elementor-icon-list-icon\">\n\t\t\t\t\t\t\t<svg aria-hidden=\"true\" class=\"e-font-icon-svg e-far-clock\" viewbox=\"0 0 512 512\" xmlns=\"http:\/\/www.w3.org\/2000\/svg\"><path d=\"M256 8C119 8 8 119 8 256s111 248 248 248 248-111 248-248S393 8 256 8zm0 448c-110.5 0-200-89.5-200-200S145.5 56 256 56s200 89.5 200 200-89.5 200-200 200zm61.8-104.4l-84.9-61.7c-3.1-2.3-4.9-5.9-4.9-9.7V116c0-6.6 5.4-12 12-12h32c6.6 0 12 5.4 12 12v141.7l66.8 48.6c5.4 3.9 6.5 11.4 2.6 16.8L334.6 349c-3.9 5.3-11.4 6.5-16.8 2.6z\"><\/path><\/svg>\t\t\t\t\t\t<\/span>\n\t\t\t\t\t\t\t\t\t\t<span class=\"elementor-icon-list-text\">Timp de func\u021bionare: 6-8 ore<\/span>\n\t\t\t\t\t\t\t\t\t<\/li>\n\t\t\t\t\t\t\t\t<li class=\"elementor-icon-list-item\">\n\t\t\t\t\t\t\t\t\t\t\t<span class=\"elementor-icon-list-icon\">\n\t\t\t\t\t\t\t<svg aria-hidden=\"true\" class=\"e-font-icon-svg e-fas-syringe\" viewbox=\"0 0 512 512\" xmlns=\"http:\/\/www.w3.org\/2000\/svg\"><path d=\"M201.5 174.8l55.7 55.8c3.1 3.1 3.1 8.2 0 11.3l-11.3 11.3c-3.1 3.1-8.2 3.1-11.3 0l-55.7-55.8-45.3 45.3 55.8 55.8c3.1 3.1 3.1 8.2 0 11.3l-11.3 11.3c-3.1 3.1-8.2 3.1-11.3 0L111 265.2l-26.4 26.4c-17.3 17.3-25.6 41.1-23 65.4l7.1 63.6L2.3 487c-3.1 3.1-3.1 8.2 0 11.3l11.3 11.3c3.1 3.1 8.2 3.1 11.3 0l66.3-66.3 63.6 7.1c23.9 2.6 47.9-5.4 65.4-23l181.9-181.9-135.7-135.7-64.9 65zm308.2-93.3L430.5 2.3c-3.1-3.1-8.2-3.1-11.3 0l-11.3 11.3c-3.1 3.1-3.1 8.2 0 11.3l28.3 28.3-45.3 45.3-56.6-56.6-17-17c-3.1-3.1-8.2-3.1-11.3 0l-33.9 33.9c-3.1 3.1-3.1 8.2 0 11.3l17 17L424.8 223l17 17c3.1 3.1 8.2 3.1 11.3 0l33.9-34c3.1-3.1 3.1-8.2 0-11.3l-73.5-73.5 45.3-45.3 28.3 28.3c3.1 3.1 8.2 3.1 11.3 0l11.3-11.3c3.1-3.2 3.1-8.2 0-11.4z\"><\/path><\/svg>\t\t\t\t\t\t<\/span>\n\t\t\t\t\t\t\t\t\t\t<span class=\"elementor-icon-list-text\">Anestezie: Local\u0103<\/span>\n\t\t\t\t\t\t\t\t\t<\/li>\n\t\t\t\t\t\t\t\t<li class=\"elementor-icon-list-item\">\n\t\t\t\t\t\t\t\t\t\t\t<span class=\"elementor-icon-list-icon\">\n\t\t\t\t\t\t\t<svg aria-hidden=\"true\" class=\"e-font-icon-svg e-far-heart\" viewbox=\"0 0 512 512\" xmlns=\"http:\/\/www.w3.org\/2000\/svg\"><path d=\"M458.4 64.3C400.6 15.7 311.3 23 256 79.3 200.7 23 111.4 15.6 53.6 64.3-21.6 127.6-10.6 230.8 43 285.5l175.4 178.7c10 10.2 23.4 15.9 37.6 15.9 14.3 0 27.6-5.6 37.6-15.8L469 285.6c53.5-54.7 64.7-157.9-10.6-221.3zm-23.6 187.5L259.4 430.5c-2.4 2.4-4.4 2.4-6.8 0L77.2 251.8c-36.5-37.2-43.9-107.6 7.3-150.7 38.9-32.7 98.9-27.8 136.5 10.5l35 35.7 35-35.7c37.8-38.5 97.8-43.2 136.5-10.6 51.1 43.1 43.5 113.9 7.3 150.8z\"><\/path><\/svg>\t\t\t\t\t\t<\/span>\n\t\t\t\t\t\t\t\t\t\t<span class=\"elementor-icon-list-text\">Timp de recuperare: 6-12 luni<\/span>\n\t\t\t\t\t\t\t\t\t<\/li>\n\t\t\t\t\t\t<\/ul>\n\t\t\t\t\t\t<\/div>\n\t\t\t\t<\/div>\n\t\t\t\t<div class=\"elementor-element elementor-element-c2f9d78 elementor-align-justify elementor-widget elementor-widget-button\" data-id=\"c2f9d78\" data-element_type=\"widget\" data-widget_type=\"button.default\">\n\t\t\t\t<div class=\"elementor-widget-container\">\n\t\t\t\t\t\t\t\t\t<div class=\"elementor-button-wrapper\">\n\t\t\t\t\t<a class=\"elementor-button elementor-button-link elementor-size-sm elementor-animation-buzz\" href=\"https:\/\/seldacenter.com\/ro\/\">\n\t\t\t\t\t\t<span class=\"elementor-button-content-wrapper\">\n\t\t\t\t\t\t\t\t\t<span class=\"elementor-button-text\">Face\u021bi o programare acum<\/span>\n\t\t\t\t\t<\/span>\n\t\t\t\t\t<\/a>\n\t\t\t\t<\/div>\n\t\t\t\t\t\t\t\t<\/div>\n\t\t\t\t<\/div>\n\t\t\t\t\t<\/div>\n\t\t<\/div>\n\t\t\t\t\t<\/div>\n\t\t<\/section>\n\t\t\t\t<section class=\"elementor-section elementor-top-section elementor-element elementor-element-412b5cb4 elementor-section-boxed elementor-section-height-default elementor-section-height-default\" data-id=\"412b5cb4\" data-element_type=\"section\">\n\t\t\t\t\t\t<div class=\"elementor-container elementor-column-gap-default\">\n\t\t\t\t\t<div class=\"elementor-column elementor-col-100 elementor-top-column elementor-element elementor-element-1f05119b\" data-id=\"1f05119b\" data-element_type=\"column\">\n\t\t\t<div class=\"elementor-widget-wrap elementor-element-populated\">\n\t\t\t\t\t\t<div class=\"elementor-element elementor-element-7d0c3747 elementor-widget elementor-widget-text-editor\" data-id=\"7d0c3747\" data-element_type=\"widget\" data-widget_type=\"text-editor.default\">\n\t\t\t\t<div class=\"elementor-widget-container\">\n\t\t\t\t\t\t\t\t\tOtoplastia este o procedur\u0103 chirurgical\u0103 care este literalmente denumit\u0103 \u201eestetica urechii\u201d. Aceast\u0103 opera\u021bie estetic\u0103 este procesul de rearanjare a formei auriculei, adic\u0103 a auriculei, pentru a da un aspect mai natural \u0219i mai estetic. Exist\u0103 multe tehnici \u0219i metode chirurgicale diferite pentru otoplastie, iar aceste tehnici pot fi aplicate cu succes de c\u00e2\u021biva chirurgi. Otoplastia ofer\u0103 adesea o solu\u021bie pentru persoanele care sunt nemul\u021bumite de forma urechii lor. Condi\u021biile patologice precum urechile proeminente sau cu aspect mare, absen\u021ba sau sl\u0103biciunea antihelixului \u0219i hipertrofia cornetului cavum pot fi corectate folosind diferite tehnici de otoplastie, rezult\u00e2nd rezultate naturale \u0219i satisf\u0103c\u0103toare pentru pacient. Aceast\u0103 opera\u021bie estetic\u0103 se realizeaz\u0103 la momentul cel mai potrivit, mai ales la copiii de v\u00e2rst\u0103 pre\u0219colar\u0103, de obicei \u00een jurul v\u00e2rstei de 5 ani. Deoarece urechile proeminente care fac obiectul ridicolului la v\u00e2rsta \u0219colar\u0103 pot afecta negativ psihologia copilului. Opera\u021bia de otoplastie se efectueaz\u0103 de obicei sub anestezie general\u0103 \u0219i poate dura \u00een medie 1-2 ore. Cu o incizie f\u0103cut\u0103 \u00een spatele urechii, se determin\u0103 forma dorit\u0103 a urechii \u0219i se realizeaz\u0103 interven\u021bia chirurgical\u0103 folosind tehnici de sutur\u0103. \u00cen timpul interven\u021biei chirurgicale se efectueaz\u0103 excizia cartilajului atunci c\u00e2nd este necesar \u0219i se \u00eencearc\u0103 ob\u021binerea unei urechi estetice naturale. Dup\u0103 interven\u021bie chirurgical\u0103, incizia din spatele urechii este \u00eenchis\u0103 cu suturi, rezult\u00e2nd o cicatrice discret\u0103, care de obicei nu deranjeaz\u0103. Riscul de infec\u021bie este minimizat atunci c\u00e2nd se asigur\u0103 o igien\u0103 \u0219i o sterilizare corespunz\u0103toare \u00een timpul \u0219i dup\u0103 opera\u021bie. Calitatea \u0219i adecvarea cus\u0103turilor utilizate previne probleme precum deschiderea urechii, re-cooparea sau deformarea. Pansamentele postoperatorii, controlul adecvat al s\u00e2nger\u0103rii \u0219i urm\u0103rirea postoperatorie previn formarea hematomului. Pansamentul \u0219i controalele postoperatorii dureaz\u0103 de obicei 10 zile, iar pacientul poate reveni la via\u021ba social\u0103 de zi cu zi dup\u0103 \u00eendep\u0103rtarea cus\u0103turilor \u00een a zecea zi. Utilizarea unui bandaj elastic pentru cap numai noaptea poate fi recomandat\u0103 pentru a ob\u021bine rezultate mai bune. Otoplastia este o procedur\u0103 eficient\u0103 de chirurgie plastic\u0103 care ajut\u0103 pacien\u021bii s\u0103 se simt\u0103 mai bine \u0219i s\u0103 ob\u021bin\u0103 un aspect tineresc \u0219i natural. O examinare detaliat\u0103 \u0219i o planificare chirurgical\u0103 \u00eenainte de opera\u021bie este important\u0103 pentru a r\u0103spunde a\u0219tept\u0103rilor pacien\u021bilor. Partea de sus a formularului\t\t\t\t\t\t\t\t<\/div>\n\t\t\t\t<\/div>\n\t\t\t\t\t<\/div>\n\t\t<\/div>\n\t\t\t\t\t<\/div>\n\t\t<\/section>\n\t\t\t\t<\/div>","protected":false},"excerpt":{"rendered":"<p>Otoplasti Hastanede Kal\u0131\u015f S\u00fcresi: Gerekli De\u011fil Operasyon S\u00fcresi: 6-8 Saat Anestezi: Lokal \u0130yile\u015fme S\u00fcresi: 6-12 Ay Hemen Randevu Al\u0131n Otoplasti, kelime anlam\u0131yla &#8220;kulak esteti\u011fi&#8221; olarak ifade edilen bir cerrahi i\u015flemdir. Bu estetik operasyon, kulak kep\u00e7esinin, yani aurikulan\u0131n \u015feklinin yeniden d\u00fczenlenerek daha do\u011fal ve estetik bir g\u00f6r\u00fcn\u00fcm kazand\u0131r\u0131lmas\u0131 i\u015flemidir. Otoplasti i\u00e7in bir\u00e7ok farkl\u0131 ameliyat tekni\u011fi ve [&hellip;]<\/p>\n","protected":false},"author":2,"featured_media":0,"parent":0,"menu_order":0,"comment_status":"closed","ping_status":"closed","template":"","meta":{"postBodyMargin":[],"postBodyPadding":[],"postBodyBackground":{"backgroundType":"classic","gradient":""},"footnotes":""},"class_list":["post-13681","page","type-page","status-publish","hentry"],"_links":{"self":[{"href":"https:\/\/seldacenter.com\/ro\/wp-json\/wp\/v2\/pages\/13681","targetHints":{"allow":["GET"]}}],"collection":[{"href":"https:\/\/seldacenter.com\/ro\/wp-json\/wp\/v2\/pages"}],"about":[{"href":"https:\/\/seldacenter.com\/ro\/wp-json\/wp\/v2\/types\/page"}],"author":[{"embeddable":true,"href":"https:\/\/seldacenter.com\/ro\/wp-json\/wp\/v2\/users\/2"}],"replies":[{"embeddable":true,"href":"https:\/\/seldacenter.com\/ro\/wp-json\/wp\/v2\/comments?post=13681"}],"version-history":[{"count":7,"href":"https:\/\/seldacenter.com\/ro\/wp-json\/wp\/v2\/pages\/13681\/revisions"}],"predecessor-version":[{"id":14179,"href":"https:\/\/seldacenter.com\/ro\/wp-json\/wp\/v2\/pages\/13681\/revisions\/14179"}],"wp:attachment":[{"href":"https:\/\/seldacenter.com\/ro\/wp-json\/wp\/v2\/media?parent=13681"}],"curies":[{"name":"wp","href":"https:\/\/api.w.org\/{rel}","templated":true}]}}