{"id":13671,"date":"2024-02-21T23:16:09","date_gmt":"2024-02-21T23:16:09","guid":{"rendered":"https:\/\/seldacenter.com\/?page_id=13671"},"modified":"2024-02-25T06:23:57","modified_gmt":"2024-02-25T06:23:57","slug":"mide-balonu-2","status":"publish","type":"page","link":"https:\/\/seldacenter.com\/ro\/mide-balonu-2\/","title":{"rendered":"Balon gastric"},"content":{"rendered":"<div data-elementor-type=\"wp-page\" data-elementor-id=\"13671\" class=\"elementor elementor-13671\" data-elementor-post-type=\"page\">\n\t\t\t\t\t\t<section class=\"elementor-section elementor-top-section elementor-element elementor-element-ea12260 elementor-section-boxed elementor-section-height-default elementor-section-height-default\" data-id=\"ea12260\" data-element_type=\"section\">\n\t\t\t\t\t\t<div class=\"elementor-container elementor-column-gap-default\">\n\t\t\t\t\t<div class=\"elementor-column elementor-col-50 elementor-top-column elementor-element elementor-element-05e5b31\" data-id=\"05e5b31\" data-element_type=\"column\" data-settings=\"{&quot;background_background&quot;:&quot;classic&quot;}\">\n\t\t\t<div class=\"elementor-widget-wrap elementor-element-populated\">\n\t\t\t\t\t\t\t<\/div>\n\t\t<\/div>\n\t\t\t\t<div class=\"elementor-column elementor-col-50 elementor-top-column elementor-element elementor-element-a531ee9\" data-id=\"a531ee9\" data-element_type=\"column\">\n\t\t\t<div class=\"elementor-widget-wrap elementor-element-populated\">\n\t\t\t\t\t\t<div class=\"elementor-element elementor-element-f8fbcf6 elementor-widget-divider--view-line_text elementor-widget-divider--element-align-left elementor-widget elementor-widget-divider\" data-id=\"f8fbcf6\" data-element_type=\"widget\" data-widget_type=\"divider.default\">\n\t\t\t\t<div class=\"elementor-widget-container\">\n\t\t\t\t\t\t\t<div class=\"elementor-divider\">\n\t\t\t<span class=\"elementor-divider-separator\">\n\t\t\t\t\t\t\t<h3 class=\"elementor-divider__text elementor-divider__element\">\n\t\t\t\tBalon gastric\t\t\t\t<\/h3>\n\t\t\t\t\t\t<\/span>\n\t\t<\/div>\n\t\t\t\t\t\t<\/div>\n\t\t\t\t<\/div>\n\t\t\t\t<div class=\"elementor-element elementor-element-1bbe128 elementor-align-left elementor-icon-list--layout-traditional elementor-list-item-link-full_width elementor-widget elementor-widget-icon-list\" data-id=\"1bbe128\" data-element_type=\"widget\" data-widget_type=\"icon-list.default\">\n\t\t\t\t<div class=\"elementor-widget-container\">\n\t\t\t\t\t\t\t<ul class=\"elementor-icon-list-items\">\n\t\t\t\t\t\t\t<li class=\"elementor-icon-list-item\">\n\t\t\t\t\t\t\t\t\t\t\t<span class=\"elementor-icon-list-icon\">\n\t\t\t\t\t\t\t<svg aria-hidden=\"true\" class=\"e-font-icon-svg e-far-hospital\" viewbox=\"0 0 448 512\" xmlns=\"http:\/\/www.w3.org\/2000\/svg\"><path d=\"M128 244v-40c0-6.627 5.373-12 12-12h40c6.627 0 12 5.373 12 12v40c0 6.627-5.373 12-12 12h-40c-6.627 0-12-5.373-12-12zm140 12h40c6.627 0 12-5.373 12-12v-40c0-6.627-5.373-12-12-12h-40c-6.627 0-12 5.373-12 12v40c0 6.627 5.373 12 12 12zm-76 84v-40c0-6.627-5.373-12-12-12h-40c-6.627 0-12 5.373-12 12v40c0 6.627 5.373 12 12 12h40c6.627 0 12-5.373 12-12zm76 12h40c6.627 0 12-5.373 12-12v-40c0-6.627-5.373-12-12-12h-40c-6.627 0-12 5.373-12 12v40c0 6.627 5.373 12 12 12zm180 124v36H0v-36c0-6.627 5.373-12 12-12h19.5V85.035C31.5 73.418 42.245 64 55.5 64H144V24c0-13.255 10.745-24 24-24h112c13.255 0 24 10.745 24 24v40h88.5c13.255 0 24 9.418 24 21.035V464H436c6.627 0 12 5.373 12 12zM79.5 463H192v-67c0-6.627 5.373-12 12-12h40c6.627 0 12 5.373 12 12v67h112.5V112H304v24c0 13.255-10.745 24-24 24H168c-13.255 0-24-10.745-24-24v-24H79.5v351zM266 64h-26V38a6 6 0 0 0-6-6h-20a6 6 0 0 0-6 6v26h-26a6 6 0 0 0-6 6v20a6 6 0 0 0 6 6h26v26a6 6 0 0 0 6 6h20a6 6 0 0 0 6-6V96h26a6 6 0 0 0 6-6V70a6 6 0 0 0-6-6z\"><\/path><\/svg>\t\t\t\t\t\t<\/span>\n\t\t\t\t\t\t\t\t\t\t<span class=\"elementor-icon-list-text\">Durata \u0219ederii \u00een spital: Nu este necesar\u0103<\/span>\n\t\t\t\t\t\t\t\t\t<\/li>\n\t\t\t\t\t\t\t\t<li class=\"elementor-icon-list-item\">\n\t\t\t\t\t\t\t\t\t\t\t<span class=\"elementor-icon-list-icon\">\n\t\t\t\t\t\t\t<svg aria-hidden=\"true\" class=\"e-font-icon-svg e-far-clock\" viewbox=\"0 0 512 512\" xmlns=\"http:\/\/www.w3.org\/2000\/svg\"><path d=\"M256 8C119 8 8 119 8 256s111 248 248 248 248-111 248-248S393 8 256 8zm0 448c-110.5 0-200-89.5-200-200S145.5 56 256 56s200 89.5 200 200-89.5 200-200 200zm61.8-104.4l-84.9-61.7c-3.1-2.3-4.9-5.9-4.9-9.7V116c0-6.6 5.4-12 12-12h32c6.6 0 12 5.4 12 12v141.7l66.8 48.6c5.4 3.9 6.5 11.4 2.6 16.8L334.6 349c-3.9 5.3-11.4 6.5-16.8 2.6z\"><\/path><\/svg>\t\t\t\t\t\t<\/span>\n\t\t\t\t\t\t\t\t\t\t<span class=\"elementor-icon-list-text\">Timp de func\u021bionare: 6-8 ore<\/span>\n\t\t\t\t\t\t\t\t\t<\/li>\n\t\t\t\t\t\t\t\t<li class=\"elementor-icon-list-item\">\n\t\t\t\t\t\t\t\t\t\t\t<span class=\"elementor-icon-list-icon\">\n\t\t\t\t\t\t\t<svg aria-hidden=\"true\" class=\"e-font-icon-svg e-fas-syringe\" viewbox=\"0 0 512 512\" xmlns=\"http:\/\/www.w3.org\/2000\/svg\"><path d=\"M201.5 174.8l55.7 55.8c3.1 3.1 3.1 8.2 0 11.3l-11.3 11.3c-3.1 3.1-8.2 3.1-11.3 0l-55.7-55.8-45.3 45.3 55.8 55.8c3.1 3.1 3.1 8.2 0 11.3l-11.3 11.3c-3.1 3.1-8.2 3.1-11.3 0L111 265.2l-26.4 26.4c-17.3 17.3-25.6 41.1-23 65.4l7.1 63.6L2.3 487c-3.1 3.1-3.1 8.2 0 11.3l11.3 11.3c3.1 3.1 8.2 3.1 11.3 0l66.3-66.3 63.6 7.1c23.9 2.6 47.9-5.4 65.4-23l181.9-181.9-135.7-135.7-64.9 65zm308.2-93.3L430.5 2.3c-3.1-3.1-8.2-3.1-11.3 0l-11.3 11.3c-3.1 3.1-3.1 8.2 0 11.3l28.3 28.3-45.3 45.3-56.6-56.6-17-17c-3.1-3.1-8.2-3.1-11.3 0l-33.9 33.9c-3.1 3.1-3.1 8.2 0 11.3l17 17L424.8 223l17 17c3.1 3.1 8.2 3.1 11.3 0l33.9-34c3.1-3.1 3.1-8.2 0-11.3l-73.5-73.5 45.3-45.3 28.3 28.3c3.1 3.1 8.2 3.1 11.3 0l11.3-11.3c3.1-3.2 3.1-8.2 0-11.4z\"><\/path><\/svg>\t\t\t\t\t\t<\/span>\n\t\t\t\t\t\t\t\t\t\t<span class=\"elementor-icon-list-text\">Anestezie: Local\u0103<\/span>\n\t\t\t\t\t\t\t\t\t<\/li>\n\t\t\t\t\t\t\t\t<li class=\"elementor-icon-list-item\">\n\t\t\t\t\t\t\t\t\t\t\t<span class=\"elementor-icon-list-icon\">\n\t\t\t\t\t\t\t<svg aria-hidden=\"true\" class=\"e-font-icon-svg e-far-heart\" viewbox=\"0 0 512 512\" xmlns=\"http:\/\/www.w3.org\/2000\/svg\"><path d=\"M458.4 64.3C400.6 15.7 311.3 23 256 79.3 200.7 23 111.4 15.6 53.6 64.3-21.6 127.6-10.6 230.8 43 285.5l175.4 178.7c10 10.2 23.4 15.9 37.6 15.9 14.3 0 27.6-5.6 37.6-15.8L469 285.6c53.5-54.7 64.7-157.9-10.6-221.3zm-23.6 187.5L259.4 430.5c-2.4 2.4-4.4 2.4-6.8 0L77.2 251.8c-36.5-37.2-43.9-107.6 7.3-150.7 38.9-32.7 98.9-27.8 136.5 10.5l35 35.7 35-35.7c37.8-38.5 97.8-43.2 136.5-10.6 51.1 43.1 43.5 113.9 7.3 150.8z\"><\/path><\/svg>\t\t\t\t\t\t<\/span>\n\t\t\t\t\t\t\t\t\t\t<span class=\"elementor-icon-list-text\">Timp de recuperare: 6-12 luni<\/span>\n\t\t\t\t\t\t\t\t\t<\/li>\n\t\t\t\t\t\t<\/ul>\n\t\t\t\t\t\t<\/div>\n\t\t\t\t<\/div>\n\t\t\t\t<div class=\"elementor-element elementor-element-f650fc2 elementor-align-justify elementor-widget elementor-widget-button\" data-id=\"f650fc2\" data-element_type=\"widget\" data-widget_type=\"button.default\">\n\t\t\t\t<div class=\"elementor-widget-container\">\n\t\t\t\t\t\t\t\t\t<div class=\"elementor-button-wrapper\">\n\t\t\t\t\t<a class=\"elementor-button elementor-button-link elementor-size-sm elementor-animation-buzz\" href=\"https:\/\/seldacenter.com\/ro\/\">\n\t\t\t\t\t\t<span class=\"elementor-button-content-wrapper\">\n\t\t\t\t\t\t\t\t\t<span class=\"elementor-button-text\">Face\u021bi o programare acum<\/span>\n\t\t\t\t\t<\/span>\n\t\t\t\t\t<\/a>\n\t\t\t\t<\/div>\n\t\t\t\t\t\t\t\t<\/div>\n\t\t\t\t<\/div>\n\t\t\t\t\t<\/div>\n\t\t<\/div>\n\t\t\t\t\t<\/div>\n\t\t<\/section>\n\t\t\t\t<section class=\"elementor-section elementor-top-section elementor-element elementor-element-1f155491 elementor-section-boxed elementor-section-height-default elementor-section-height-default\" data-id=\"1f155491\" data-element_type=\"section\">\n\t\t\t\t\t\t<div class=\"elementor-container elementor-column-gap-default\">\n\t\t\t\t\t<div class=\"elementor-column elementor-col-100 elementor-top-column elementor-element elementor-element-69a5267f\" data-id=\"69a5267f\" data-element_type=\"column\">\n\t\t\t<div class=\"elementor-widget-wrap elementor-element-populated\">\n\t\t\t\t\t\t<div class=\"elementor-element elementor-element-5e128659 elementor-widget elementor-widget-text-editor\" data-id=\"5e128659\" data-element_type=\"widget\" data-widget_type=\"text-editor.default\">\n\t\t\t\t<div class=\"elementor-widget-container\">\n\t\t\t\t\t\t\t\t\tAst\u0103zi, controlul greut\u0103\u021bii este o problem\u0103 important\u0103 care afecteaz\u0103 calitatea vie\u021bii multor persoane. \u00cen acest context, balonul gastric este o solu\u021bie nechirurgical\u0103 care devine din ce \u00een ce mai popular\u0103 \u00een gestionarea pierderii \u00een greutate \u0219i a obezit\u0103\u021bii. \u00cen acest articol, vom discuta ce este un balon gastric, cum se introduce, pentru cine este potrivit, avantajele sale \u0219i aspectele de luat \u00een considerare.\n\n<strong>Ce este un balon gastric?<\/strong>\n\nUn balon gastric este un balon care este plasat endoscopic \u00een stomac, f\u0103r\u0103 interven\u021bie chirurgical\u0103 sau suturi, ocup\u00e2nd spa\u021biu \u00een stomac \u0219i facilit\u00e2nd sa\u021bietatea timpurie \u0219i respectarea dietei. Aceast\u0103 metod\u0103 este o op\u021biune de tratament eficient\u0103 care sus\u021bine pierderea \u00een greutate \u0219i ajut\u0103 persoanele care se lupt\u0103 cu obezitatea.\n\n<strong>Cum se introduce un balon gastric?<\/strong>\n\nBalonul gastric este introdus de obicei \u00een dou\u0103 moduri: endoscopic \u0219i sub form\u0103 de capsul\u0103 \u00eenghi\u021bibil\u0103. Baloanele gastrice introduse endoscopic sunt introduse \u00een stomacul pacientului \u00een unitatea de endoscopie. Acest proces dureaz\u0103 de obicei 15 minute, iar pacien\u021bii sunt \u021binu\u021bi sub sedare pe parcursul procedurii, astfel \u00eenc\u00e2t s\u0103 nu simt\u0103 durere sau disconfort. O alt\u0103 metod\u0103 o reprezint\u0103 baloanele gastrice \u00eenghi\u021bibile. Aceste baloane sunt \u00eenghi\u021bite cu ap\u0103 \u0219i umflate cu un lichid special dup\u0103 ce loca\u021bia lor este determinat\u0103 cu o radiografie.\n\n<strong>Pentru cine este potrivit?<\/strong>\n\nBalonul gastric este potrivit pentru persoanele care nu au ob\u021binut rezultate prin diet\u0103 \u0219i exerci\u021bii fizice pentru a pierde \u00een greutate, au v\u00e2rsta cuprins\u0103 \u00eentre 18 \u0219i 55 de ani \u0219i au un indice de mas\u0103 corporal\u0103 peste 27. Cu toate acestea, aceast\u0103 metod\u0103 nu este recomandat\u0103 persoanelor cu ulcere stomacale grave, boli \u00een care o parte sau tot stomacul a fost \u00eendep\u0103rtat \u0219i hernii stomacale semnificative.\n\n<strong>Avantaje \u0219i puncte de luat \u00een considerare<\/strong>\n\nAvantaje:\n<ol>\n \t<li><strong>O op\u021biune non-chirurgical\u0103:<\/strong> Balonul gastric este o metod\u0103 de control al greut\u0103\u021bii non-chirurgical\u0103 care nu necesit\u0103 nicio interven\u021bie chirurgical\u0103.<\/li>\n \t<li><strong>Rezultate rapide:<\/strong> Dup\u0103 aplicarea balonului gastric, pierderea \u00een greutate poate \u00eencepe rapid \u0219i poate cre\u0219te motiva\u021bia.<\/li>\n \t<li><strong>Un proces reversibil:<\/strong> Balonul gastric poate fi \u00eendep\u0103rtat oric\u00e2nd, ceea ce \u00eenseamn\u0103 c\u0103 procedura este reversibil\u0103.<\/li>\n<\/ol>\nPuncte de luat \u00een considerare:\n<ol>\n \t<li><strong>Supraveghere de specialitate:<\/strong> Aplicarea balonului gastric trebuie efectuat\u0103 de c\u0103tre un profesionist calificat din domeniul s\u0103n\u0103t\u0103\u021bii, iar starea general\u0103 de s\u0103n\u0103tate a pacientului trebuie luat\u0103 \u00een considerare.<\/li>\n \t<li><strong>O solu\u021bie temporar\u0103:<\/strong> Efectul balonului gastric este temporar \u0219i trebuie \u00eendep\u0103rtat dup\u0103 o anumit\u0103 perioad\u0103 de timp.<\/li>\n \t<li><strong>Efecte secundare \u0219i riscuri:<\/strong> Unele reac\u021bii adverse, cum ar fi grea\u021ba \u0219i v\u0103rs\u0103turile, pot ap\u0103rea dup\u0103 aplicare. Cu toate acestea, aceste riscuri sunt \u00een general sc\u0103zute.<\/li>\n<\/ol>\n<strong>Balonul gastric \u0219i controlul greut\u0103\u021bii<\/strong>\n\nBalonul gastric creeaz\u0103 o senza\u021bie de sa\u021bietate prin cre\u0219terea volumului stomacului. Astfel, individul m\u0103n\u00e2nc\u0103 mai pu\u021bin \u0219i \u00eencepe procesul de sl\u0103bire. Cu toate acestea, balonul gastric nu este o solu\u021bie miraculoas\u0103 \u00een sine. Pentru a men\u021bine pierderea \u00een greutate, este important s\u0103 se adopte o nutri\u021bie echilibrat\u0103 \u0219i obiceiuri regulate de exerci\u021bii fizice.\n\n<strong>\u00cen concluzie<\/strong>\n\nBalonul gastric se remarc\u0103 ca o op\u021biune eficient\u0103 \u0219i sigur\u0103 pentru controlul greut\u0103\u021bii. Cu toate acestea, deoarece starea de s\u0103n\u0103tate a fiec\u0103rei persoane este diferit\u0103, este important s\u0103 consulta\u021bi un medic specialist \u00eenainte de aplicarea balonului gastric. Persoanele care doresc s\u0103 ob\u021bin\u0103 o pierdere \u00een greutate cu ajutorul unui balon gastric pot contacta medici speciali\u0219ti \u0219i pot crea o evaluare detaliat\u0103 \u0219i un plan de tratament.\t\t\t\t\t\t\t\t<\/div>\n\t\t\t\t<\/div>\n\t\t\t\t\t<\/div>\n\t\t<\/div>\n\t\t\t\t\t<\/div>\n\t\t<\/section>\n\t\t\t\t<\/div>","protected":false},"excerpt":{"rendered":"<p>Mide Balonu Hastanede Kal\u0131\u015f S\u00fcresi: Gerekli De\u011fil Operasyon S\u00fcresi: 6-8 Saat Anestezi: Lokal \u0130yile\u015fme S\u00fcresi: 6-12 Ay Hemen Randevu Al\u0131n G\u00fcn\u00fcm\u00fczde kilo kontrol\u00fc, pek \u00e7ok bireyin ya\u015fam kalitesini etkileyen \u00f6nemli bir konudur. Bu ba\u011flamda, mide balonu, kilo kayb\u0131 ve obezite y\u00f6netimi konusunda giderek daha pop\u00fcler hale gelen ameliyats\u0131z bir \u00e7\u00f6z\u00fcmd\u00fcr. Bu makalede, mide balonunun nedir, [&hellip;]<\/p>\n","protected":false},"author":2,"featured_media":0,"parent":0,"menu_order":0,"comment_status":"closed","ping_status":"closed","template":"","meta":{"postBodyMargin":[],"postBodyPadding":[],"postBodyBackground":{"backgroundType":"classic","gradient":""},"footnotes":""},"class_list":["post-13671","page","type-page","status-publish","hentry"],"_links":{"self":[{"href":"https:\/\/seldacenter.com\/ro\/wp-json\/wp\/v2\/pages\/13671","targetHints":{"allow":["GET"]}}],"collection":[{"href":"https:\/\/seldacenter.com\/ro\/wp-json\/wp\/v2\/pages"}],"about":[{"href":"https:\/\/seldacenter.com\/ro\/wp-json\/wp\/v2\/types\/page"}],"author":[{"embeddable":true,"href":"https:\/\/seldacenter.com\/ro\/wp-json\/wp\/v2\/users\/2"}],"replies":[{"embeddable":true,"href":"https:\/\/seldacenter.com\/ro\/wp-json\/wp\/v2\/comments?post=13671"}],"version-history":[{"count":4,"href":"https:\/\/seldacenter.com\/ro\/wp-json\/wp\/v2\/pages\/13671\/revisions"}],"predecessor-version":[{"id":13928,"href":"https:\/\/seldacenter.com\/ro\/wp-json\/wp\/v2\/pages\/13671\/revisions\/13928"}],"wp:attachment":[{"href":"https:\/\/seldacenter.com\/ro\/wp-json\/wp\/v2\/media?parent=13671"}],"curies":[{"name":"wp","href":"https:\/\/api.w.org\/{rel}","templated":true}]}}