{"id":13660,"date":"2024-02-21T23:09:35","date_gmt":"2024-02-21T23:09:35","guid":{"rendered":"https:\/\/seldacenter.com\/?page_id=13660"},"modified":"2024-02-21T23:09:36","modified_gmt":"2024-02-21T23:09:36","slug":"dhi-kas-ekimi-2","status":"publish","type":"page","link":"https:\/\/seldacenter.com\/ro\/dhi-kas-ekimi-2\/","title":{"rendered":"Transplant de spr\u00e2ncene DHI"},"content":{"rendered":"<p>Spr\u00e2ncenele sunt un element estetic important care define\u0219te cadrul fe\u021bei \u0219i completeaz\u0103 expresia. Cu toate acestea, din cauza factorilor genetici, a modific\u0103rilor hormonale sau a altor motive, spr\u00e2ncenele rare sau lips\u0103 pot afecta negativ \u00eencrederea \u00een sine a multor persoane. Transplantul de spr\u00e2ncene DHI (Direct Hair Implantation) este o solu\u021bie modern\u0103 \u0219i eficient\u0103 dezvoltat\u0103 pentru a rezolva aceste probleme.<\/p><p><strong>Ce este transplantul de spr\u00e2ncene DHI?<\/strong> Transplantul de spr\u00e2ncene DHI este o tehnic\u0103 bazat\u0103 pe principiul prelev\u0103rii directe a foliculilor de p\u0103r \u0219i transplant\u0103rii lor \u00een zona spr\u00e2ncenelor folosind ace cu v\u00e2rf fin \u00eentr-un stilou special. Aceast\u0103 metod\u0103 promite un proces de vindecare mai rapid \u0219i rezultate mai naturale, spre deosebire de transplantul tradi\u021bional de spr\u00e2ncene.<\/p><p><strong>Avantajele tehnicii DHI:<\/strong><\/p><ul class=\"wp-block-list\"><li><strong>Rezultate naturale \u0219i bl\u00e2nde:<\/strong> Tehnica DHI preia direct foliculii de p\u0103r \u0219i \u00eei transplanteaz\u0103, astfel \u00eenc\u00e2t rezultatele au un aspect natural. Sistemul special de stilouri poate face t\u0103ieturi mai precise \u0219i poate crea cu acurate\u021be forma \u0219i densitatea spr\u00e2ncenelor.<\/li>\n\n<li><strong>Durere \u0219i disconfort minime:<\/strong> Deoarece se utilizeaz\u0103 anestezie local\u0103, pacien\u021bii simt de obicei durere \u0219i disconfort minim.<\/li>\n\n<li><strong>Recuperare rapid\u0103:<\/strong> Tehnica DHI permite incizii mai mici \u0219i un timp de recuperare mai rapid. Pacien\u021bii \u00ee\u0219i pot reveni, de obicei, la activit\u0103\u021bile zilnice \u00eentr-o perioad\u0103 scurt\u0103 de timp.<\/li><\/ul><p><strong>Opera\u021bia de transplant de spr\u00e2ncene DHI:<\/strong> Opera\u021bia de transplant de spr\u00e2ncene DHI se efectueaz\u0103 sub anestezie local\u0103. Acele din stiloul special preiau foliculii de p\u0103r unul c\u00e2te unul \u0219i \u00eei plaseaz\u0103 \u00een zona spr\u00e2ncenelor. \u00cen timpul acestei opera\u021bii se simte durere \u0219i disconfort minim.<\/p><p><strong>\u00centreb\u0103ri frecvente:<\/strong><\/p><p><strong>1. Este dureros transplantul de spr\u00e2ncene DHI?<\/strong><\/p><ul class=\"wp-block-list\"><li>Nu, deoarece opera\u021bia se efectueaz\u0103 sub anestezie local\u0103, pacien\u021bii simt de obicei durere \u0219i disconfort minim.<\/li><\/ul><p><strong>2. Cum este procesul de recuperare dup\u0103 un transplant de spr\u00e2ncene?<\/strong><\/p><ul class=\"wp-block-list\"><li>Tehnica DHI utilizeaz\u0103 incizii mici, permi\u021b\u00e2nd o vindecare mai rapid\u0103. Procesul de vindecare este de obicei complet \u00een c\u00e2teva zile.<\/li><\/ul><p><strong>3. C\u00e2nd pot fi observate rezultatele transplantului de spr\u00e2ncene?<\/strong><\/p><ul class=\"wp-block-list\"><li>P\u0103rul transplantat poate c\u0103dea \u00een primele s\u0103pt\u0103m\u00e2ni, dar acesta este un proces normal. P\u0103rul nou \u00eencepe s\u0103 creasc\u0103 \u00een c\u00e2teva luni dup\u0103 opera\u021bie.<\/li><\/ul><p><strong>4. Este transplantul de spr\u00e2ncene permanent?<\/strong><\/p><ul class=\"wp-block-list\"><li>Da, transplantul de spr\u00e2ncene DHI este permanent. Deoarece foliculii de p\u0103r sunt transplanta\u021bi a\u0219a cum au fost preleva\u021bi, ace\u0219tia continu\u0103 s\u0103 creasc\u0103 \u00een mod natural.<\/li><\/ul><p><strong>5. Cine este potrivit pentru transplantul de spr\u00e2ncene?<\/strong><\/p><ul class=\"wp-block-list\"><li>Oricine are raritate sau deficien\u021be \u00een zona spr\u00e2ncenelor, \u0219i \u00een general persoanele s\u0103n\u0103toase, poate lua \u00een considerare transplantul de spr\u00e2ncene DHI.<\/li><\/ul><p><strong>Concluzie:<\/strong> Transplantul de spr\u00e2ncene DHI este o solu\u021bie modern\u0103 \u0219i eficient\u0103 pentru cei care doresc s\u0103 rezolve lipsa sau deficien\u021ba din zona spr\u00e2ncenelor. Rezultatele naturale, durerea minim\u0103 \u0219i un proces rapid de recuperare fac din tehnica DHI o op\u021biune preferat\u0103 pentru estetica spr\u00e2ncenelor.<\/p>","protected":false},"excerpt":{"rendered":"<p>Ka\u015flar, y\u00fcz\u00fcn \u00e7er\u00e7evesini belirleyen ve ifadeyi tamamlayan \u00f6nemli bir estetik \u00f6\u011fedir. Ancak, genetik fakt\u00f6rler, hormonal de\u011fi\u015fiklikler veya di\u011fer nedenlerle seyrek veya eksik ka\u015flar, bir\u00e7ok ki\u015finin \u00f6zg\u00fcvenini olumsuz etkileyebilir. DHI (Direct Hair Implantation) ka\u015f ekimi, bu sorunlar\u0131 \u00e7\u00f6zmek i\u00e7in geli\u015ftirilen modern ve etkili bir \u00e7\u00f6z\u00fcmd\u00fcr. DHI Ka\u015f Ekimi Nedir? DHI ka\u015f ekimi, \u00f6zel bir kalem i\u00e7indeki [&hellip;]<\/p>\n","protected":false},"author":2,"featured_media":0,"parent":0,"menu_order":0,"comment_status":"closed","ping_status":"closed","template":"","meta":{"postBodyMargin":[],"postBodyPadding":[],"postBodyBackground":{"backgroundType":"classic","gradient":""},"footnotes":""},"class_list":["post-13660","page","type-page","status-publish","hentry"],"_links":{"self":[{"href":"https:\/\/seldacenter.com\/ro\/wp-json\/wp\/v2\/pages\/13660","targetHints":{"allow":["GET"]}}],"collection":[{"href":"https:\/\/seldacenter.com\/ro\/wp-json\/wp\/v2\/pages"}],"about":[{"href":"https:\/\/seldacenter.com\/ro\/wp-json\/wp\/v2\/types\/page"}],"author":[{"embeddable":true,"href":"https:\/\/seldacenter.com\/ro\/wp-json\/wp\/v2\/users\/2"}],"replies":[{"embeddable":true,"href":"https:\/\/seldacenter.com\/ro\/wp-json\/wp\/v2\/comments?post=13660"}],"version-history":[{"count":1,"href":"https:\/\/seldacenter.com\/ro\/wp-json\/wp\/v2\/pages\/13660\/revisions"}],"predecessor-version":[{"id":13661,"href":"https:\/\/seldacenter.com\/ro\/wp-json\/wp\/v2\/pages\/13660\/revisions\/13661"}],"wp:attachment":[{"href":"https:\/\/seldacenter.com\/ro\/wp-json\/wp\/v2\/media?parent=13660"}],"curies":[{"name":"wp","href":"https:\/\/api.w.org\/{rel}","templated":true}]}}