{"id":13615,"date":"2024-02-17T19:01:04","date_gmt":"2024-02-17T19:01:04","guid":{"rendered":"https:\/\/seldacenter.com\/yeniyapi\/?page_id=13615"},"modified":"2024-03-02T01:11:42","modified_gmt":"2024-03-02T01:11:42","slug":"bisektomi","status":"publish","type":"page","link":"https:\/\/seldacenter.com\/ro\/bisektomi\/","title":{"rendered":"bichectomie"},"content":{"rendered":"<div data-elementor-type=\"wp-page\" data-elementor-id=\"13615\" class=\"elementor elementor-13615\" data-elementor-post-type=\"page\">\n\t\t\t\t\t\t<section class=\"elementor-section elementor-top-section elementor-element elementor-element-a088df7 elementor-section-boxed elementor-section-height-default elementor-section-height-default\" data-id=\"a088df7\" data-element_type=\"section\">\n\t\t\t\t\t\t<div class=\"elementor-container elementor-column-gap-default\">\n\t\t\t\t\t<div class=\"elementor-column elementor-col-50 elementor-top-column elementor-element elementor-element-023dbba\" data-id=\"023dbba\" data-element_type=\"column\" data-settings=\"{&quot;background_background&quot;:&quot;classic&quot;}\">\n\t\t\t<div class=\"elementor-widget-wrap elementor-element-populated\">\n\t\t\t\t\t\t<div class=\"elementor-element elementor-element-5bf18df elementor-widget elementor-widget-image\" data-id=\"5bf18df\" data-element_type=\"widget\" data-widget_type=\"image.default\">\n\t\t\t\t<div class=\"elementor-widget-container\">\n\t\t\t\t\t\t\t\t\t\t\t\t\t\t\t<img fetchpriority=\"high\" decoding=\"async\" width=\"1024\" height=\"683\" src=\"https:\/\/seldacenter.com\/wp-content\/uploads\/2024\/03\/OIG1.59lNuKE_4BXqX-1.jpeg\" class=\"attachment-full size-full wp-image-14164\" alt=\"\" srcset=\"https:\/\/seldacenter.com\/wp-content\/uploads\/2024\/03\/OIG1.59lNuKE_4BXqX-1.jpeg 1024w, https:\/\/seldacenter.com\/wp-content\/uploads\/2024\/03\/OIG1.59lNuKE_4BXqX-1-600x400.jpeg 600w, https:\/\/seldacenter.com\/wp-content\/uploads\/2024\/03\/OIG1.59lNuKE_4BXqX-1-300x200.jpeg 300w, https:\/\/seldacenter.com\/wp-content\/uploads\/2024\/03\/OIG1.59lNuKE_4BXqX-1-768x512.jpeg 768w\" sizes=\"(max-width: 1024px) 100vw, 1024px\" \/>\t\t\t\t\t\t\t\t\t\t\t\t\t\t\t<\/div>\n\t\t\t\t<\/div>\n\t\t\t\t\t<\/div>\n\t\t<\/div>\n\t\t\t\t<div class=\"elementor-column elementor-col-50 elementor-top-column elementor-element elementor-element-49d40e2\" data-id=\"49d40e2\" data-element_type=\"column\">\n\t\t\t<div class=\"elementor-widget-wrap elementor-element-populated\">\n\t\t\t\t\t\t<div class=\"elementor-element elementor-element-a1aa936 elementor-widget-divider--view-line_text elementor-widget-divider--element-align-left elementor-widget elementor-widget-divider\" data-id=\"a1aa936\" data-element_type=\"widget\" data-widget_type=\"divider.default\">\n\t\t\t\t<div class=\"elementor-widget-container\">\n\t\t\t\t\t\t\t<div class=\"elementor-divider\">\n\t\t\t<span class=\"elementor-divider-separator\">\n\t\t\t\t\t\t\t<h3 class=\"elementor-divider__text elementor-divider__element\">\n\t\t\t\tbichectomie\t\t\t\t<\/h3>\n\t\t\t\t\t\t<\/span>\n\t\t<\/div>\n\t\t\t\t\t\t<\/div>\n\t\t\t\t<\/div>\n\t\t\t\t<div class=\"elementor-element elementor-element-eeb4620 elementor-align-left elementor-icon-list--layout-traditional elementor-list-item-link-full_width elementor-widget elementor-widget-icon-list\" data-id=\"eeb4620\" data-element_type=\"widget\" data-widget_type=\"icon-list.default\">\n\t\t\t\t<div class=\"elementor-widget-container\">\n\t\t\t\t\t\t\t<ul class=\"elementor-icon-list-items\">\n\t\t\t\t\t\t\t<li class=\"elementor-icon-list-item\">\n\t\t\t\t\t\t\t\t\t\t\t<span class=\"elementor-icon-list-icon\">\n\t\t\t\t\t\t\t<svg aria-hidden=\"true\" class=\"e-font-icon-svg e-far-hospital\" viewbox=\"0 0 448 512\" xmlns=\"http:\/\/www.w3.org\/2000\/svg\"><path d=\"M128 244v-40c0-6.627 5.373-12 12-12h40c6.627 0 12 5.373 12 12v40c0 6.627-5.373 12-12 12h-40c-6.627 0-12-5.373-12-12zm140 12h40c6.627 0 12-5.373 12-12v-40c0-6.627-5.373-12-12-12h-40c-6.627 0-12 5.373-12 12v40c0 6.627 5.373 12 12 12zm-76 84v-40c0-6.627-5.373-12-12-12h-40c-6.627 0-12 5.373-12 12v40c0 6.627 5.373 12 12 12h40c6.627 0 12-5.373 12-12zm76 12h40c6.627 0 12-5.373 12-12v-40c0-6.627-5.373-12-12-12h-40c-6.627 0-12 5.373-12 12v40c0 6.627 5.373 12 12 12zm180 124v36H0v-36c0-6.627 5.373-12 12-12h19.5V85.035C31.5 73.418 42.245 64 55.5 64H144V24c0-13.255 10.745-24 24-24h112c13.255 0 24 10.745 24 24v40h88.5c13.255 0 24 9.418 24 21.035V464H436c6.627 0 12 5.373 12 12zM79.5 463H192v-67c0-6.627 5.373-12 12-12h40c6.627 0 12 5.373 12 12v67h112.5V112H304v24c0 13.255-10.745 24-24 24H168c-13.255 0-24-10.745-24-24v-24H79.5v351zM266 64h-26V38a6 6 0 0 0-6-6h-20a6 6 0 0 0-6 6v26h-26a6 6 0 0 0-6 6v20a6 6 0 0 0 6 6h26v26a6 6 0 0 0 6 6h20a6 6 0 0 0 6-6V96h26a6 6 0 0 0 6-6V70a6 6 0 0 0-6-6z\"><\/path><\/svg>\t\t\t\t\t\t<\/span>\n\t\t\t\t\t\t\t\t\t\t<span class=\"elementor-icon-list-text\">Durata \u0219ederii \u00een spital: Nu este necesar\u0103<\/span>\n\t\t\t\t\t\t\t\t\t<\/li>\n\t\t\t\t\t\t\t\t<li class=\"elementor-icon-list-item\">\n\t\t\t\t\t\t\t\t\t\t\t<span class=\"elementor-icon-list-icon\">\n\t\t\t\t\t\t\t<svg aria-hidden=\"true\" class=\"e-font-icon-svg e-far-clock\" viewbox=\"0 0 512 512\" xmlns=\"http:\/\/www.w3.org\/2000\/svg\"><path d=\"M256 8C119 8 8 119 8 256s111 248 248 248 248-111 248-248S393 8 256 8zm0 448c-110.5 0-200-89.5-200-200S145.5 56 256 56s200 89.5 200 200-89.5 200-200 200zm61.8-104.4l-84.9-61.7c-3.1-2.3-4.9-5.9-4.9-9.7V116c0-6.6 5.4-12 12-12h32c6.6 0 12 5.4 12 12v141.7l66.8 48.6c5.4 3.9 6.5 11.4 2.6 16.8L334.6 349c-3.9 5.3-11.4 6.5-16.8 2.6z\"><\/path><\/svg>\t\t\t\t\t\t<\/span>\n\t\t\t\t\t\t\t\t\t\t<span class=\"elementor-icon-list-text\">Timp de func\u021bionare: 6-8 ore<\/span>\n\t\t\t\t\t\t\t\t\t<\/li>\n\t\t\t\t\t\t\t\t<li class=\"elementor-icon-list-item\">\n\t\t\t\t\t\t\t\t\t\t\t<span class=\"elementor-icon-list-icon\">\n\t\t\t\t\t\t\t<svg aria-hidden=\"true\" class=\"e-font-icon-svg e-fas-syringe\" viewbox=\"0 0 512 512\" xmlns=\"http:\/\/www.w3.org\/2000\/svg\"><path d=\"M201.5 174.8l55.7 55.8c3.1 3.1 3.1 8.2 0 11.3l-11.3 11.3c-3.1 3.1-8.2 3.1-11.3 0l-55.7-55.8-45.3 45.3 55.8 55.8c3.1 3.1 3.1 8.2 0 11.3l-11.3 11.3c-3.1 3.1-8.2 3.1-11.3 0L111 265.2l-26.4 26.4c-17.3 17.3-25.6 41.1-23 65.4l7.1 63.6L2.3 487c-3.1 3.1-3.1 8.2 0 11.3l11.3 11.3c3.1 3.1 8.2 3.1 11.3 0l66.3-66.3 63.6 7.1c23.9 2.6 47.9-5.4 65.4-23l181.9-181.9-135.7-135.7-64.9 65zm308.2-93.3L430.5 2.3c-3.1-3.1-8.2-3.1-11.3 0l-11.3 11.3c-3.1 3.1-3.1 8.2 0 11.3l28.3 28.3-45.3 45.3-56.6-56.6-17-17c-3.1-3.1-8.2-3.1-11.3 0l-33.9 33.9c-3.1 3.1-3.1 8.2 0 11.3l17 17L424.8 223l17 17c3.1 3.1 8.2 3.1 11.3 0l33.9-34c3.1-3.1 3.1-8.2 0-11.3l-73.5-73.5 45.3-45.3 28.3 28.3c3.1 3.1 8.2 3.1 11.3 0l11.3-11.3c3.1-3.2 3.1-8.2 0-11.4z\"><\/path><\/svg>\t\t\t\t\t\t<\/span>\n\t\t\t\t\t\t\t\t\t\t<span class=\"elementor-icon-list-text\">Anestezie: Local\u0103<\/span>\n\t\t\t\t\t\t\t\t\t<\/li>\n\t\t\t\t\t\t\t\t<li class=\"elementor-icon-list-item\">\n\t\t\t\t\t\t\t\t\t\t\t<span class=\"elementor-icon-list-icon\">\n\t\t\t\t\t\t\t<svg aria-hidden=\"true\" class=\"e-font-icon-svg e-far-heart\" viewbox=\"0 0 512 512\" xmlns=\"http:\/\/www.w3.org\/2000\/svg\"><path d=\"M458.4 64.3C400.6 15.7 311.3 23 256 79.3 200.7 23 111.4 15.6 53.6 64.3-21.6 127.6-10.6 230.8 43 285.5l175.4 178.7c10 10.2 23.4 15.9 37.6 15.9 14.3 0 27.6-5.6 37.6-15.8L469 285.6c53.5-54.7 64.7-157.9-10.6-221.3zm-23.6 187.5L259.4 430.5c-2.4 2.4-4.4 2.4-6.8 0L77.2 251.8c-36.5-37.2-43.9-107.6 7.3-150.7 38.9-32.7 98.9-27.8 136.5 10.5l35 35.7 35-35.7c37.8-38.5 97.8-43.2 136.5-10.6 51.1 43.1 43.5 113.9 7.3 150.8z\"><\/path><\/svg>\t\t\t\t\t\t<\/span>\n\t\t\t\t\t\t\t\t\t\t<span class=\"elementor-icon-list-text\">Timp de recuperare: 6-12 luni<\/span>\n\t\t\t\t\t\t\t\t\t<\/li>\n\t\t\t\t\t\t<\/ul>\n\t\t\t\t\t\t<\/div>\n\t\t\t\t<\/div>\n\t\t\t\t<div class=\"elementor-element elementor-element-bd127fe elementor-align-justify elementor-widget elementor-widget-button\" data-id=\"bd127fe\" data-element_type=\"widget\" data-widget_type=\"button.default\">\n\t\t\t\t<div class=\"elementor-widget-container\">\n\t\t\t\t\t\t\t\t\t<div class=\"elementor-button-wrapper\">\n\t\t\t\t\t<a class=\"elementor-button elementor-button-link elementor-size-sm elementor-animation-buzz\" href=\"https:\/\/seldacenter.com\/ro\/\">\n\t\t\t\t\t\t<span class=\"elementor-button-content-wrapper\">\n\t\t\t\t\t\t\t\t\t<span class=\"elementor-button-text\">Face\u021bi o programare acum<\/span>\n\t\t\t\t\t<\/span>\n\t\t\t\t\t<\/a>\n\t\t\t\t<\/div>\n\t\t\t\t\t\t\t\t<\/div>\n\t\t\t\t<\/div>\n\t\t\t\t\t<\/div>\n\t\t<\/div>\n\t\t\t\t\t<\/div>\n\t\t<\/section>\n\t\t\t\t<section class=\"elementor-section elementor-top-section elementor-element elementor-element-25d6e46b elementor-section-boxed elementor-section-height-default elementor-section-height-default\" data-id=\"25d6e46b\" data-element_type=\"section\">\n\t\t\t\t\t\t<div class=\"elementor-container elementor-column-gap-default\">\n\t\t\t\t\t<div class=\"elementor-column elementor-col-100 elementor-top-column elementor-element elementor-element-2337d06e\" data-id=\"2337d06e\" data-element_type=\"column\">\n\t\t\t<div class=\"elementor-widget-wrap elementor-element-populated\">\n\t\t\t\t\t\t<div class=\"elementor-element elementor-element-261e854c elementor-widget elementor-widget-text-editor\" data-id=\"261e854c\" data-element_type=\"widget\" data-widget_type=\"text-editor.default\">\n\t\t\t\t<div class=\"elementor-widget-container\">\n\t\t\t\t\t\t\t\t\tBichectomia este una dintre opera\u021biile estetice preferate de persoanele care vizeaz\u0103 un aspect facial ideal. Aceast\u0103 opera\u021bie este efectuat\u0103 pentru a face tr\u0103s\u0103turile faciale mai propor\u021bionale. \u00cen unele cazuri, chiar dac\u0103 persoana are greutatea ideal\u0103, el sau ea poate p\u0103rea supraponderal\u0103 din cauza cantit\u0103\u021bii de gr\u0103sime de pe fa\u021b\u0103. \u021aesutul adipos din zona mijlocie a obrajilor se nume\u0219te \u021besut adipos bucal. Acest \u021besut gras, care este situat anatomic \u00een regiunea inferioar\u0103 a pome\u021bilor, este situat \u00eentre mu\u0219chii fe\u021bei \u0219i se crede c\u0103 contribuie la func\u021biile de sugere la bebelu\u0219i. Cu toate acestea, odat\u0103 cu procesul de \u00eemb\u0103tr\u00e2nire, \u021besutul adipos bucal tinde \u00een general s\u0103 scad\u0103. \u021aesutul adipos bucal este considerat un element important al esteticii faciale. Ca urmare a cre\u0219terii acestui \u021besut, liniile faciale pot deveni rotunjite, obrajii se pot l\u0103sa \u0219i poate ap\u0103rea aspectul fe\u021bei de bebelu\u0219. \u00cendep\u0103rtarea \u021besutului adipos de pe obraji, aceast\u0103 procedur\u0103 cunoscut\u0103 sub denumirea de \u201elipectomie bucal\u0103 par\u021bial\u0103\u201d, este considerat\u0103 o interven\u021bie chirurgical\u0103 important\u0103 din punct de vedere al tr\u0103s\u0103turilor faciale \u0219i al esteticii. Tampoanele de gr\u0103sime din interiorul obrajilor pot face o persoan\u0103 s\u0103 par\u0103 supraponderal\u0103 sau b\u0103tr\u00e2n\u0103.\n\n<strong>Pentru cine este potrivit\u0103 bichectomia?<\/strong>\n\nBichectomia poate fi efectuat\u0103 pe persoane de toate v\u00e2rstele \u0219i genurile, dar limita inferioar\u0103 de v\u00e2rst\u0103 considerat\u0103 \u00een general adecvat\u0103 pentru opera\u021bie este de 25 de ani. La persoanele sub aceast\u0103 v\u00e2rst\u0103, efectul opera\u021biei poate s\u0103 nu fie mai evident, deoarece tr\u0103s\u0103turile faciale nu au fost \u00eenc\u0103 stabilite. Bichectomia poate fi aplicat\u0103 persoanelor care au exces de gr\u0103sime pe obraji, au tr\u0103s\u0103turi faciale neclare, par dolofan, supraponderali sau au linii groase ale fe\u021bei. Opera\u021bia se realizeaz\u0103 prin \u021bintirea propor\u021biei de aur \u0219i tr\u0103s\u0103turile faciale ale persoanei devin mai clare, pome\u021bii \u0219i b\u0103rbia devin proeminente. Candida\u021bii potrivi\u021bi pentru aceast\u0103 interven\u021bie chirurgical\u0103 plastic\u0103 au de obicei urm\u0103toarele caracteristici:\n<ul>\n \t<li>fiind s\u0103n\u0103tos din punct de vedere fizic<\/li>\n \t<li>Av\u00e2nd o greutate corporal\u0103 s\u0103n\u0103toas\u0103<\/li>\n \t<li>Av\u00e2nd o structur\u0103 rotund\u0103 \u0219i plin\u0103 a fe\u021bei<\/li>\n \t<li>Fiind realist \u00een ceea ce prive\u0219te a\u0219tept\u0103rile postoperatorii<\/li>\n \t<li>nefolosind tutun<\/li>\n<\/ul>\nCu toate acestea, aceast\u0103 opera\u021biune poate s\u0103 nu fie potrivit\u0103 pentru toat\u0103 lumea. Aceast\u0103 opera\u021bie poate s\u0103 nu fie potrivit\u0103 pentru cei care au tr\u0103s\u0103turi faciale sub\u021biri \u00een mod natural sau pentru cei care au pierdut deja \u021besutul adipos al obrajilor odat\u0103 cu \u00eemb\u0103tr\u00e2nirea. \u00cen plus, nu trebuie uitat c\u0103 aceast\u0103 opera\u021bie poate face semnele \u00eemb\u0103tr\u00e2nirii mai vizibile la persoanele \u00een v\u00e2rst\u0103.\n\n<strong>Cum se face bichectomia?<\/strong>\n\nOpera\u021bia de bichectomie se efectueaz\u0103 de obicei sub anestezie local\u0103. Cu toate acestea, dac\u0103 este efectuat\u0103 concomitent cu o alt\u0103 interven\u021bie de chirurgie plastic\u0103, poate fi de preferat \u0219i anestezia general\u0103. In timpul operatiei se face o incizie de aproximativ 1 cm in interiorul obrazului. Se ajunge la \u021besutul adipos bucal \u0219i se \u00eendep\u0103rteaz\u0103 o anumit\u0103 parte a acestui \u021besut. Acela\u0219i proces se repet\u0103 \u0219i pentru cel\u0103lalt obraz pentru a ob\u021bine un aspect simetric. \u00cen acela\u0219i timp, o parte din \u021besutul adipos luat pentru a eviden\u021bia pome\u021bii poate fi ad\u0103ugat \u00een aceast\u0103 zon\u0103 pentru a face liniile faciale mai clare \u0219i mai distincte. Pentru a finaliza cu succes opera\u021bia, este important ca pacien\u021bii s\u0103-\u0219i informeze medicul \u00een mod regulat \u00eenainte \u0219i dup\u0103 examinare. \u00cen plus, utilizarea antibioticelor \u00een perioada postoperatorie, acord\u00e2nd aten\u021bie igienei bucale \u0219i respectarea altor instruc\u021biuni de \u00eengrijire recomandate de medic afecteaz\u0103 pozitiv procesul de vindecare.\n\n<strong>Lucruri de luat \u00een considerare \u00eenainte de opera\u021bia de bichectomie<\/strong>\n\n\u00cenainte de opera\u021bia de bichectomie, este important ca pacien\u021bii s\u0103-\u0219i exprime \u00een mod clar a\u0219tept\u0103rile \u0219i obiectivele postoperatorii medicilor lor. De asemenea, trebuie s\u0103 \u00eemp\u0103rt\u0103\u0219easc\u0103 informa\u021bii precum bolile cronice, medicamentele pe care le folosesc, consumul de alcool \u0219i tutun. Aceste informa\u021bii \u00eei ghideaz\u0103 pe medici cu privire la riscurile postoperatorii \u0219i cum poate fi procesul de recuperare. \u00cen timpul examin\u0103rii, medicul examineaz\u0103 fa\u021ba pacientului \u0219i \u00eencearc\u0103 s\u0103 \u00een\u021beleag\u0103 ce aspect dore\u0219te s\u0103 ob\u021bin\u0103. Este important ca pacien\u021bii s\u0103 nu \u00eenceteze s\u0103-\u0219i ia medicamentele obi\u0219nuite \u0219i s\u0103 urmeze recomand\u0103rile medicului \u00eenainte \u0219i dup\u0103 opera\u021bie.\n\n<strong>Lucruri de luat \u00een considerare dup\u0103 opera\u021bia de bichectomie<\/strong>\n\nDup\u0103 opera\u021bia de bichectomie, pacien\u021bii sunt de obicei externa\u021bi imediat \u0219i pot reveni la activit\u0103\u021bile zilnice. Folosirea antibioticelor, aten\u021bia la igiena bucal\u0103 \u0219i respectarea altor instruc\u021biuni de \u00eengrijire dup\u0103 opera\u021bie poate accelera procesul de vindecare. \u00cen plus, pot fi aplicate comprese reci pentru a reduce umflarea \u0219i v\u00e2n\u0103t\u0103ile. Al\u021bi factori de luat \u00een considerare dup\u0103 opera\u021bie includ nefumatul, limitarea consumului de alcool \u0219i nu s\u0103ri\u021bi peste controalele regulate. Implementarea complet\u0103 a tuturor instruc\u021biunilor date de medic este important\u0103 pentru un proces de recuperare de succes. Opera\u021bia de bichectomie ofer\u0103 o solu\u021bie eficient\u0103 pentru cei care doresc s\u0103 clarifice liniile faciale \u0219i s\u0103 ob\u021bin\u0103 un aspect mai estetic. Cu toate acestea, ca orice opera\u021bie estetic\u0103, bichectomia poate da cele mai bune rezultate atunci c\u00e2nd este efectuat\u0103 corect \u0219i pe candida\u021bi potrivi\u021bi \u00een m\u00e2ini experte. Este important ca cei care doresc s\u0103 ob\u021bin\u0103 un aspect facial ideal s\u0103 aib\u0103 o discu\u021bie detaliat\u0103 cu un chirurg plastician specialist \u00eenainte de opera\u021bia de bichectomie \u0219i s\u0103 evalueze dac\u0103 opera\u021bia le este potrivit\u0103.\t\t\t\t\t\t\t\t<\/div>\n\t\t\t\t<\/div>\n\t\t\t\t\t<\/div>\n\t\t<\/div>\n\t\t\t\t\t<\/div>\n\t\t<\/section>\n\t\t\t\t<\/div>","protected":false},"excerpt":{"rendered":"<p>Bi\u015fektomi Hastanede Kal\u0131\u015f S\u00fcresi: Gerekli De\u011fil Operasyon S\u00fcresi: 6-8 Saat Anestezi: Lokal \u0130yile\u015fme S\u00fcresi: 6-12 Ay Hemen Randevu Al\u0131n Bi\u015fektomi, ideal bir y\u00fcz g\u00f6r\u00fcn\u00fcm\u00fc hedefleyen ki\u015filerin tercih etti\u011fi estetik operasyonlardan biridir. Bu operasyon, y\u00fcz hatlar\u0131n\u0131 daha orant\u0131l\u0131 hale getirmek amac\u0131yla uygulan\u0131r. Baz\u0131 durumlarda, ki\u015fi ideal kiloda olsa bile y\u00fczdeki ya\u011f oran\u0131 nedeniyle kilolu bir izlenim [&hellip;]<\/p>\n","protected":false},"author":2,"featured_media":0,"parent":0,"menu_order":0,"comment_status":"closed","ping_status":"closed","template":"","meta":{"postBodyMargin":[],"postBodyPadding":[],"postBodyBackground":{"backgroundType":"classic","gradient":""},"footnotes":""},"class_list":["post-13615","page","type-page","status-publish","hentry"],"_links":{"self":[{"href":"https:\/\/seldacenter.com\/ro\/wp-json\/wp\/v2\/pages\/13615","targetHints":{"allow":["GET"]}}],"collection":[{"href":"https:\/\/seldacenter.com\/ro\/wp-json\/wp\/v2\/pages"}],"about":[{"href":"https:\/\/seldacenter.com\/ro\/wp-json\/wp\/v2\/types\/page"}],"author":[{"embeddable":true,"href":"https:\/\/seldacenter.com\/ro\/wp-json\/wp\/v2\/users\/2"}],"replies":[{"embeddable":true,"href":"https:\/\/seldacenter.com\/ro\/wp-json\/wp\/v2\/comments?post=13615"}],"version-history":[{"count":7,"href":"https:\/\/seldacenter.com\/ro\/wp-json\/wp\/v2\/pages\/13615\/revisions"}],"predecessor-version":[{"id":14167,"href":"https:\/\/seldacenter.com\/ro\/wp-json\/wp\/v2\/pages\/13615\/revisions\/14167"}],"wp:attachment":[{"href":"https:\/\/seldacenter.com\/ro\/wp-json\/wp\/v2\/media?parent=13615"}],"curies":[{"name":"wp","href":"https:\/\/api.w.org\/{rel}","templated":true}]}}