{"id":13613,"date":"2024-02-17T19:00:31","date_gmt":"2024-02-17T19:00:31","guid":{"rendered":"https:\/\/seldacenter.com\/yeniyapi\/?page_id=13613"},"modified":"2024-03-02T00:36:01","modified_gmt":"2024-03-02T00:36:01","slug":"alt-goz-kapagi-ameliyati","status":"publish","type":"page","link":"https:\/\/seldacenter.com\/ro\/alt-goz-kapagi-ameliyati\/","title":{"rendered":"Chirurgia pleoapei inferioare"},"content":{"rendered":"<div data-elementor-type=\"wp-page\" data-elementor-id=\"13613\" class=\"elementor elementor-13613\" data-elementor-post-type=\"page\">\n\t\t\t\t\t\t<section class=\"elementor-section elementor-top-section elementor-element elementor-element-fc9c5f8 elementor-section-boxed elementor-section-height-default elementor-section-height-default\" data-id=\"fc9c5f8\" data-element_type=\"section\">\n\t\t\t\t\t\t<div class=\"elementor-container elementor-column-gap-default\">\n\t\t\t\t\t<div class=\"elementor-column elementor-col-50 elementor-top-column elementor-element elementor-element-b99204d\" data-id=\"b99204d\" data-element_type=\"column\" data-settings=\"{&quot;background_background&quot;:&quot;classic&quot;}\">\n\t\t\t<div class=\"elementor-widget-wrap elementor-element-populated\">\n\t\t\t\t\t\t<div class=\"elementor-element elementor-element-4c622c1 elementor-widget elementor-widget-image\" data-id=\"4c622c1\" data-element_type=\"widget\" data-widget_type=\"image.default\">\n\t\t\t\t<div class=\"elementor-widget-container\">\n\t\t\t\t\t\t\t\t\t\t\t\t\t\t\t<img fetchpriority=\"high\" decoding=\"async\" width=\"996\" height=\"664\" src=\"https:\/\/seldacenter.com\/wp-content\/uploads\/2024\/03\/woman-with-marks-cosmetic-treatment-wearing-surgical-cap_107420-74117.jpg\" class=\"attachment-full size-full wp-image-14148\" alt=\"\" srcset=\"https:\/\/seldacenter.com\/wp-content\/uploads\/2024\/03\/woman-with-marks-cosmetic-treatment-wearing-surgical-cap_107420-74117.jpg 996w, https:\/\/seldacenter.com\/wp-content\/uploads\/2024\/03\/woman-with-marks-cosmetic-treatment-wearing-surgical-cap_107420-74117-600x400.jpg 600w, https:\/\/seldacenter.com\/wp-content\/uploads\/2024\/03\/woman-with-marks-cosmetic-treatment-wearing-surgical-cap_107420-74117-300x200.jpg 300w, https:\/\/seldacenter.com\/wp-content\/uploads\/2024\/03\/woman-with-marks-cosmetic-treatment-wearing-surgical-cap_107420-74117-768x512.jpg 768w\" sizes=\"(max-width: 996px) 100vw, 996px\" \/>\t\t\t\t\t\t\t\t\t\t\t\t\t\t\t<\/div>\n\t\t\t\t<\/div>\n\t\t\t\t\t<\/div>\n\t\t<\/div>\n\t\t\t\t<div class=\"elementor-column elementor-col-50 elementor-top-column elementor-element elementor-element-4df5137\" data-id=\"4df5137\" data-element_type=\"column\">\n\t\t\t<div class=\"elementor-widget-wrap elementor-element-populated\">\n\t\t\t\t\t\t<div class=\"elementor-element elementor-element-f7b567e elementor-widget-divider--view-line_text elementor-widget-divider--element-align-left elementor-widget elementor-widget-divider\" data-id=\"f7b567e\" data-element_type=\"widget\" data-widget_type=\"divider.default\">\n\t\t\t\t<div class=\"elementor-widget-container\">\n\t\t\t\t\t\t\t<div class=\"elementor-divider\">\n\t\t\t<span class=\"elementor-divider-separator\">\n\t\t\t\t\t\t\t<h3 class=\"elementor-divider__text elementor-divider__element\">\n\t\t\t\tPleoapa inferioar\u0103\t\t\t\t<\/h3>\n\t\t\t\t\t\t<\/span>\n\t\t<\/div>\n\t\t\t\t\t\t<\/div>\n\t\t\t\t<\/div>\n\t\t\t\t<div class=\"elementor-element elementor-element-b6fc3c1 elementor-align-left elementor-icon-list--layout-traditional elementor-list-item-link-full_width elementor-widget elementor-widget-icon-list\" data-id=\"b6fc3c1\" data-element_type=\"widget\" data-widget_type=\"icon-list.default\">\n\t\t\t\t<div class=\"elementor-widget-container\">\n\t\t\t\t\t\t\t<ul class=\"elementor-icon-list-items\">\n\t\t\t\t\t\t\t<li class=\"elementor-icon-list-item\">\n\t\t\t\t\t\t\t\t\t\t\t<span class=\"elementor-icon-list-icon\">\n\t\t\t\t\t\t\t<svg aria-hidden=\"true\" class=\"e-font-icon-svg e-far-hospital\" viewbox=\"0 0 448 512\" xmlns=\"http:\/\/www.w3.org\/2000\/svg\"><path d=\"M128 244v-40c0-6.627 5.373-12 12-12h40c6.627 0 12 5.373 12 12v40c0 6.627-5.373 12-12 12h-40c-6.627 0-12-5.373-12-12zm140 12h40c6.627 0 12-5.373 12-12v-40c0-6.627-5.373-12-12-12h-40c-6.627 0-12 5.373-12 12v40c0 6.627 5.373 12 12 12zm-76 84v-40c0-6.627-5.373-12-12-12h-40c-6.627 0-12 5.373-12 12v40c0 6.627 5.373 12 12 12h40c6.627 0 12-5.373 12-12zm76 12h40c6.627 0 12-5.373 12-12v-40c0-6.627-5.373-12-12-12h-40c-6.627 0-12 5.373-12 12v40c0 6.627 5.373 12 12 12zm180 124v36H0v-36c0-6.627 5.373-12 12-12h19.5V85.035C31.5 73.418 42.245 64 55.5 64H144V24c0-13.255 10.745-24 24-24h112c13.255 0 24 10.745 24 24v40h88.5c13.255 0 24 9.418 24 21.035V464H436c6.627 0 12 5.373 12 12zM79.5 463H192v-67c0-6.627 5.373-12 12-12h40c6.627 0 12 5.373 12 12v67h112.5V112H304v24c0 13.255-10.745 24-24 24H168c-13.255 0-24-10.745-24-24v-24H79.5v351zM266 64h-26V38a6 6 0 0 0-6-6h-20a6 6 0 0 0-6 6v26h-26a6 6 0 0 0-6 6v20a6 6 0 0 0 6 6h26v26a6 6 0 0 0 6 6h20a6 6 0 0 0 6-6V96h26a6 6 0 0 0 6-6V70a6 6 0 0 0-6-6z\"><\/path><\/svg>\t\t\t\t\t\t<\/span>\n\t\t\t\t\t\t\t\t\t\t<span class=\"elementor-icon-list-text\">Starea \u00een spital: 1 zi<\/span>\n\t\t\t\t\t\t\t\t\t<\/li>\n\t\t\t\t\t\t\t\t<li class=\"elementor-icon-list-item\">\n\t\t\t\t\t\t\t\t\t\t\t<span class=\"elementor-icon-list-icon\">\n\t\t\t\t\t\t\t<svg aria-hidden=\"true\" class=\"e-font-icon-svg e-far-clock\" viewbox=\"0 0 512 512\" xmlns=\"http:\/\/www.w3.org\/2000\/svg\"><path d=\"M256 8C119 8 8 119 8 256s111 248 248 248 248-111 248-248S393 8 256 8zm0 448c-110.5 0-200-89.5-200-200S145.5 56 256 56s200 89.5 200 200-89.5 200-200 200zm61.8-104.4l-84.9-61.7c-3.1-2.3-4.9-5.9-4.9-9.7V116c0-6.6 5.4-12 12-12h32c6.6 0 12 5.4 12 12v141.7l66.8 48.6c5.4 3.9 6.5 11.4 2.6 16.8L334.6 349c-3.9 5.3-11.4 6.5-16.8 2.6z\"><\/path><\/svg>\t\t\t\t\t\t<\/span>\n\t\t\t\t\t\t\t\t\t\t<span class=\"elementor-icon-list-text\">Timp de func\u021bionare: 6-8 ore<\/span>\n\t\t\t\t\t\t\t\t\t<\/li>\n\t\t\t\t\t\t\t\t<li class=\"elementor-icon-list-item\">\n\t\t\t\t\t\t\t\t\t\t\t<span class=\"elementor-icon-list-icon\">\n\t\t\t\t\t\t\t<svg aria-hidden=\"true\" class=\"e-font-icon-svg e-fas-syringe\" viewbox=\"0 0 512 512\" xmlns=\"http:\/\/www.w3.org\/2000\/svg\"><path d=\"M201.5 174.8l55.7 55.8c3.1 3.1 3.1 8.2 0 11.3l-11.3 11.3c-3.1 3.1-8.2 3.1-11.3 0l-55.7-55.8-45.3 45.3 55.8 55.8c3.1 3.1 3.1 8.2 0 11.3l-11.3 11.3c-3.1 3.1-8.2 3.1-11.3 0L111 265.2l-26.4 26.4c-17.3 17.3-25.6 41.1-23 65.4l7.1 63.6L2.3 487c-3.1 3.1-3.1 8.2 0 11.3l11.3 11.3c3.1 3.1 8.2 3.1 11.3 0l66.3-66.3 63.6 7.1c23.9 2.6 47.9-5.4 65.4-23l181.9-181.9-135.7-135.7-64.9 65zm308.2-93.3L430.5 2.3c-3.1-3.1-8.2-3.1-11.3 0l-11.3 11.3c-3.1 3.1-3.1 8.2 0 11.3l28.3 28.3-45.3 45.3-56.6-56.6-17-17c-3.1-3.1-8.2-3.1-11.3 0l-33.9 33.9c-3.1 3.1-3.1 8.2 0 11.3l17 17L424.8 223l17 17c3.1 3.1 8.2 3.1 11.3 0l33.9-34c3.1-3.1 3.1-8.2 0-11.3l-73.5-73.5 45.3-45.3 28.3 28.3c3.1 3.1 8.2 3.1 11.3 0l11.3-11.3c3.1-3.2 3.1-8.2 0-11.4z\"><\/path><\/svg>\t\t\t\t\t\t<\/span>\n\t\t\t\t\t\t\t\t\t\t<span class=\"elementor-icon-list-text\">Anestezie: general\u0103<\/span>\n\t\t\t\t\t\t\t\t\t<\/li>\n\t\t\t\t\t\t\t\t<li class=\"elementor-icon-list-item\">\n\t\t\t\t\t\t\t\t\t\t\t<span class=\"elementor-icon-list-icon\">\n\t\t\t\t\t\t\t<svg aria-hidden=\"true\" class=\"e-font-icon-svg e-far-heart\" viewbox=\"0 0 512 512\" xmlns=\"http:\/\/www.w3.org\/2000\/svg\"><path d=\"M458.4 64.3C400.6 15.7 311.3 23 256 79.3 200.7 23 111.4 15.6 53.6 64.3-21.6 127.6-10.6 230.8 43 285.5l175.4 178.7c10 10.2 23.4 15.9 37.6 15.9 14.3 0 27.6-5.6 37.6-15.8L469 285.6c53.5-54.7 64.7-157.9-10.6-221.3zm-23.6 187.5L259.4 430.5c-2.4 2.4-4.4 2.4-6.8 0L77.2 251.8c-36.5-37.2-43.9-107.6 7.3-150.7 38.9-32.7 98.9-27.8 136.5 10.5l35 35.7 35-35.7c37.8-38.5 97.8-43.2 136.5-10.6 51.1 43.1 43.5 113.9 7.3 150.8z\"><\/path><\/svg>\t\t\t\t\t\t<\/span>\n\t\t\t\t\t\t\t\t\t\t<span class=\"elementor-icon-list-text\">Timp de recuperare: 6-12 luni<\/span>\n\t\t\t\t\t\t\t\t\t<\/li>\n\t\t\t\t\t\t<\/ul>\n\t\t\t\t\t\t<\/div>\n\t\t\t\t<\/div>\n\t\t\t\t<div class=\"elementor-element elementor-element-5e596e3 elementor-align-justify elementor-widget elementor-widget-button\" data-id=\"5e596e3\" data-element_type=\"widget\" data-widget_type=\"button.default\">\n\t\t\t\t<div class=\"elementor-widget-container\">\n\t\t\t\t\t\t\t\t\t<div class=\"elementor-button-wrapper\">\n\t\t\t\t\t<a class=\"elementor-button elementor-button-link elementor-size-sm elementor-animation-buzz\" href=\"https:\/\/seldacenter.com\/ro\/\">\n\t\t\t\t\t\t<span class=\"elementor-button-content-wrapper\">\n\t\t\t\t\t\t\t\t\t<span class=\"elementor-button-text\">Face\u021bi o programare acum<\/span>\n\t\t\t\t\t<\/span>\n\t\t\t\t\t<\/a>\n\t\t\t\t<\/div>\n\t\t\t\t\t\t\t\t<\/div>\n\t\t\t\t<\/div>\n\t\t\t\t\t<\/div>\n\t\t<\/div>\n\t\t\t\t\t<\/div>\n\t\t<\/section>\n\t\t\t\t<section class=\"elementor-section elementor-top-section elementor-element elementor-element-2fbc577f elementor-section-boxed elementor-section-height-default elementor-section-height-default\" data-id=\"2fbc577f\" data-element_type=\"section\">\n\t\t\t\t\t\t<div class=\"elementor-container elementor-column-gap-default\">\n\t\t\t\t\t<div class=\"elementor-column elementor-col-100 elementor-top-column elementor-element elementor-element-20a25bb0\" data-id=\"20a25bb0\" data-element_type=\"column\">\n\t\t\t<div class=\"elementor-widget-wrap elementor-element-populated\">\n\t\t\t\t\t\t<div class=\"elementor-element elementor-element-258b3b6c elementor-widget elementor-widget-text-editor\" data-id=\"258b3b6c\" data-element_type=\"widget\" data-widget_type=\"text-editor.default\">\n\t\t\t\t<div class=\"elementor-widget-container\">\n\t\t\t\t\t\t\t\t\tPe m\u0103sur\u0103 ce \u00eemb\u0103tr\u00e2nim, \u00een corpul nostru apar multe schimb\u0103ri. Una dintre zonele \u00een care aceste modific\u0103ri sunt cele mai evidente este fa\u021ba \u0219i \u00een jurul ochilor. Punctul, lasarea, ridurile \u0219i deplas\u0103rile \u021besutului adipos, \u00een special la nivelul pleoapei inferioare, pot provoca un aspect \u00eemb\u0103tr\u00e2nit. Cu toate acestea, ast\u0103zi, este posibil\u0103 corectarea acestor simptome prin interven\u021bii de chirurgie plastic\u0103. Estetica pleoapei inferioare este o solu\u021bie eficient\u0103 care ofer\u0103 tinere\u021be \u0219i vitalitate ochilor t\u0103i.\n\n<strong>Simptome de \u00eemb\u0103tr\u00e2nire a pleoapei inferioare:<\/strong>\n\nSemnele de \u00eemb\u0103tr\u00e2nire \u00een pleoapa inferioar\u0103 apar de obicei datorit\u0103 v\u00e2rstei combinate cu factori genetici. Urm\u0103toarele simptome pot fi semne de \u00eemb\u0103tr\u00e2nire \u00een pleoapa inferioar\u0103:\n<ol>\n \t<li><strong>Ambalare \u0219i af\u00e2nare:<\/strong> Pungile de sub ochi fac ca pleoapa inferioar\u0103 s\u0103-\u0219i piard\u0103 aspectul t\u00e2n\u0103r \u0219i proasp\u0103t.<\/li>\n \t<li><strong>Caneluri formate:<\/strong> Formarea de \u0219an\u021buri care limiteaz\u0103 pungile sub ochi indic\u0103 sl\u0103birea structurilor din jurul ochilor.<\/li>\n \t<li><strong>Depresiile obrajilor:<\/strong> Depresiile din zona obrajilor cauzate de gravita\u021bie pot necesita o estetic\u0103 a pleoapelor inferioare.<\/li>\n \t<li><strong>Sub\u021bierea \u0219i ridurile:<\/strong> Sub\u021bierea pielii din jurul ochilor \u0219i ridurile sunt semne evidente ale \u00eemb\u0103tr\u00e2nirii.<\/li>\n \t<li><strong>Liniile picioarelor de corb:<\/strong> Ridurile picioarelor de ciorb care apar \u00een jurul ochilor pot deveni mai vizibile \u00een timp.<\/li>\n \t<li><strong>Sl\u0103birea mu\u0219chilor pleoapelor:<\/strong> Sl\u0103birea mu\u0219chilor pleoapelor poate cre\u0219te problemele estetice din jurul ochilor.<\/li>\n<\/ol>\n<strong>Decizia estetic\u0103 a pleoapei inferioare:<\/strong>\n\nAtunci c\u00e2nd decide\u021bi asupra esteticii pleoapei inferioare, este important s\u0103 evalua\u021bi fa\u021ba pacientului \u00een ansamblu. O examinare fizic\u0103 joac\u0103 un rol cheie \u00een determinarea predispozi\u021biilor genetice \u0219i a modului \u00een care procesul de \u00eemb\u0103tr\u00e2nire le afecteaz\u0103. \u00cemb\u0103tr\u00e2nirea pleoapei inferioare trebuie luat\u0103 \u00een considerare \u00een general \u00eempreun\u0103 cu semnele de \u00eemb\u0103tr\u00e2nire \u00een zona obrajilor. Din acest motiv, estetica pleoapelor inferioare este adesea efectuat\u0103 \u00eempreun\u0103 cu opera\u021bia de lifting la mijlocul fe\u021bei.\n\n<strong>Procedura estetic\u0103 a pleoapei inferioare:<\/strong>\n\nProcedurile estetice ale pleoapei inferioare \u00eencep \u00een general cu o incizie f\u0103cut\u0103 sub pleoapa inferioar\u0103. Prin aceast\u0103 incizie se ridic\u0103 pielea \u0219i mu\u0219chiul pleoapei \u0219i se corecteaz\u0103 tampoanele adipoase. Aceast\u0103 procedur\u0103 are ca scop eliminarea pungilor \u0219i a depresiilor de sub ochi. Chirurgia endoscopic\u0103 poate fi efectuat\u0103 \u0219i pentru a corecta \u021besutul adipos din zona obrajilor. Procedura se efectueaz\u0103 de obicei sub anestezie general\u0103 \u0219i poate dura 2-4 ore.\n\n<strong>Proces dup\u0103 interven\u021bia chirurgical\u0103 a pleoapei inferioare:<\/strong>\n\nProcesul de recuperare al pacientului este \u00een general rapid dup\u0103 estetica pleoapei inferioare. \u00cen primele c\u00e2teva s\u0103pt\u0103m\u00e2ni, umflarea \u0219i v\u00e2n\u0103t\u0103ile scad, iar cicatricile devin mai vizibile. De\u0219i procesul de recuperare variaz\u0103 de la persoan\u0103 la persoan\u0103, pacien\u021bii se pot \u00eentoarce de obicei la activit\u0103\u021bile zilnice normale dup\u0103 o interven\u021bie chirurgical\u0103 care dureaz\u0103 aproximativ 2-4 ore.\n\n<strong>Concluzie:<\/strong>\n\nEstetica pleoapelor inferioare este o op\u021biune eficient\u0103 pentru a reduce efectele \u00eemb\u0103tr\u00e2nirii \u0219i pentru a ob\u021bine un aspect tineresc. Procedura intinereste intreaga fata prin corectarea pungilor, depresiilor si ridurilor de la nivelul pleoapei inferioare. O examinare \u0219i o evaluare detaliat\u0103 \u00eenainte de opera\u021bie este un pas critic \u00een ob\u021binerea celor mai bune rezultate.\t\t\t\t\t\t\t\t<\/div>\n\t\t\t\t<\/div>\n\t\t\t\t\t<\/div>\n\t\t<\/div>\n\t\t\t\t\t<\/div>\n\t\t<\/section>\n\t\t\t\t<\/div>","protected":false},"excerpt":{"rendered":"<p>Alt G\u00f6z Kapa\u011f\u0131 Hastanede Kal\u0131\u015f S\u00fcresi: 1 G\u00fcn Operasyon S\u00fcresi: 6-8 Saat Anestezi: Genel \u0130yile\u015fme S\u00fcresi: 6-12 Ay Hemen Randevu Al\u0131n Ya\u015f\u0131n ilerlemesiyle birlikte, v\u00fccudumuzda pek \u00e7ok de\u011fi\u015fiklik meydana gelir. Bu de\u011fi\u015fikliklerin en belirgin oldu\u011fu b\u00f6lgelerden biri de y\u00fcz ve g\u00f6z \u00e7evresidir. \u00d6zellikle alt g\u00f6z kapa\u011f\u0131nda ortaya \u00e7\u0131kan torbalanma, sarkma, k\u0131r\u0131\u015f\u0131kl\u0131klar ve ya\u011f dokusundaki kaymalar, [&hellip;]<\/p>\n","protected":false},"author":2,"featured_media":0,"parent":0,"menu_order":0,"comment_status":"closed","ping_status":"closed","template":"","meta":{"postBodyMargin":[],"postBodyPadding":[],"postBodyBackground":{"backgroundType":"classic","gradient":""},"footnotes":""},"class_list":["post-13613","page","type-page","status-publish","hentry"],"_links":{"self":[{"href":"https:\/\/seldacenter.com\/ro\/wp-json\/wp\/v2\/pages\/13613","targetHints":{"allow":["GET"]}}],"collection":[{"href":"https:\/\/seldacenter.com\/ro\/wp-json\/wp\/v2\/pages"}],"about":[{"href":"https:\/\/seldacenter.com\/ro\/wp-json\/wp\/v2\/types\/page"}],"author":[{"embeddable":true,"href":"https:\/\/seldacenter.com\/ro\/wp-json\/wp\/v2\/users\/2"}],"replies":[{"embeddable":true,"href":"https:\/\/seldacenter.com\/ro\/wp-json\/wp\/v2\/comments?post=13613"}],"version-history":[{"count":10,"href":"https:\/\/seldacenter.com\/ro\/wp-json\/wp\/v2\/pages\/13613\/revisions"}],"predecessor-version":[{"id":14151,"href":"https:\/\/seldacenter.com\/ro\/wp-json\/wp\/v2\/pages\/13613\/revisions\/14151"}],"wp:attachment":[{"href":"https:\/\/seldacenter.com\/ro\/wp-json\/wp\/v2\/media?parent=13613"}],"curies":[{"name":"wp","href":"https:\/\/api.w.org\/{rel}","templated":true}]}}