{"id":13609,"date":"2024-02-17T18:58:49","date_gmt":"2024-02-17T18:58:49","guid":{"rendered":"https:\/\/seldacenter.com\/yeniyapi\/?page_id=13609"},"modified":"2024-02-17T18:58:50","modified_gmt":"2024-02-17T18:58:50","slug":"uyluk-germe-ameliyati-nedir","status":"publish","type":"page","link":"https:\/\/seldacenter.com\/ro\/uyluk-germe-ameliyati-nedir\/","title":{"rendered":"Ce este chirurgia de lifting al coapselor?"},"content":{"rendered":"<p>Liftingul coapselor este o opera\u021bie estetic\u0103 efectuat\u0103 pentru a elimina pielea l\u0103sat\u0103 din zona coapselor, cauzat\u0103 de factori precum cre\u0219terea \u0219i pierderea excesiv\u0103 \u00een greutate sau procesul de \u00eemb\u0103tr\u00e2nire. Aceast\u0103 interven\u021bie chirurgical\u0103 corecteaz\u0103 excesul de piele \u0219i gr\u0103sime din zona interioar\u0103 a coapsei, oferind un aspect mai ferm, mai t\u00e2n\u0103r \u0219i mai estetic.<\/p>\n<p><strong>Ce este l\u0103sarea coapselor? Care sunt cauzele acesteia?<\/strong><\/p>\n<p>L\u0103sarea coapselor apare din motive precum procesul de \u00eemb\u0103tr\u00e2nire, pierderea elasticit\u0103\u021bii pielii \u0219i pierderea tensiunii pielii ca urmare a cre\u0219terii \u0219i pierderii excesive \u00een greutate. L\u0103sarea \u0219i relaxarea pielii apar pe interiorul coapsei. Aceast\u0103 afec\u021biune se concentreaz\u0103 de obicei pe partea mijlocie a coapsei \u0219i uneori se poate r\u0103sp\u00e2ndi spre zona genunchiului.<\/p>\n<p><strong>Cum se efectueaz\u0103 un lifting de coaps\u0103?<\/strong><\/p>\n<p>Liftingul coapselor este efectuat pentru a corecta excesul de piele \u0219i gr\u0103sime din p\u0103r\u021bile superioare \u0219i interioare ale picioarelor. Se pot utiliza dou\u0103 metode diferite:<\/p>\n<ol>\n<li><strong>\u00cendep\u0103rtarea excesului de piele:<\/strong> La pacien\u021bii slabi cu laxitate redus\u0103 a pielii, excesul de piele este \u00eendep\u0103rtat, \u00eentins \u0219i suturat pentru a l\u0103sa o cicatrice orizontal\u0103 pe interiorul inghinalului.<\/li>\n<li><strong>Metod\u0103 combinat\u0103 cu liposuc\u021bie:<\/strong> Se aplic\u0103 pacien\u021bilor cu exces de piele \u0219i gr\u0103sime folosind metoda liposuc\u021biei. Cu aceast\u0103 metod\u0103, pielea cap\u0103t\u0103 un aspect mai t\u00e2n\u0103r \u0219i mai ferm.<\/li>\n<\/ol>\n<p><strong>Durata \u0219i durerea interven\u021biei chirurgicale de lifting al coapsei<\/strong><\/p>\n<p>\u00cen func\u021bie de starea corporal\u0103 a pacientului, opera\u021bia de lifting al coapselor este de obicei o procedur\u0103 care dureaz\u0103 2-3 ore. Nivelul durerii este minim, iar orice durere care poate ap\u0103rea \u00een primele zile poate fi controlat\u0103 cu analgezice simple.<\/p>\n<p><strong>Tipul de anestezie<\/strong><\/p>\n<p>\u00cen opera\u021biile de lifting al coapselor, pacientului i se administreaz\u0103 de obicei anestezie general\u0103. Aceasta permite pacientului s\u0103 treac\u0103 prin procesul opera\u021biei f\u0103r\u0103 durere \u0219i confortabil.<\/p>\n<p>Opera\u021bia de lifting al coapselor remodeleaz\u0103 pielea l\u0103sat\u0103 cu o solu\u021bie estetic\u0103, oferind pacientului un aspect corporal mai t\u00e2n\u0103r, mai ferm \u0219i mai armonios. Opera\u021bia de lifting al coapselor, care se efectueaz\u0103 cu o consulta\u021bie detaliat\u0103 \u00eenainte de opera\u021bie, o tehnic\u0103 adecvat\u0103 \u0219i m\u00e2ini experte, este o solu\u021bie estetic\u0103 de succes care vizeaz\u0103 cre\u0219terea satisfac\u021biei pacientului.<\/p>","protected":false},"excerpt":{"rendered":"<p>Uyluk germe ameliyat\u0131, a\u015f\u0131r\u0131 kilo al\u0131p verme veya ya\u015flanma s\u00fcreci gibi fakt\u00f6rler nedeniyle olu\u015fan uyluk b\u00f6lgesindeki cilt sarkmalar\u0131n\u0131 gidermek amac\u0131yla ger\u00e7ekle\u015ftirilen estetik bir operasyondur. Bu ameliyat, uyluk i\u00e7 k\u0131sm\u0131ndaki deri bollu\u011funu ve ya\u011flanmay\u0131 d\u00fczelterek daha s\u0131k\u0131, gen\u00e7 ve estetik bir g\u00f6r\u00fcn\u00fcm sa\u011flar. Uyluk Sarkmas\u0131 Nedir? Neden Olur? Uyluk sarkmas\u0131, ya\u015flanma s\u00fcreci ve cilt esnekli\u011fini kaybetme, [&hellip;]<\/p>\n","protected":false},"author":2,"featured_media":0,"parent":0,"menu_order":0,"comment_status":"closed","ping_status":"closed","template":"","meta":{"postBodyMargin":[],"postBodyPadding":[],"postBodyBackground":{"backgroundType":"classic","gradient":""},"footnotes":""},"class_list":["post-13609","page","type-page","status-publish","hentry"],"_links":{"self":[{"href":"https:\/\/seldacenter.com\/ro\/wp-json\/wp\/v2\/pages\/13609","targetHints":{"allow":["GET"]}}],"collection":[{"href":"https:\/\/seldacenter.com\/ro\/wp-json\/wp\/v2\/pages"}],"about":[{"href":"https:\/\/seldacenter.com\/ro\/wp-json\/wp\/v2\/types\/page"}],"author":[{"embeddable":true,"href":"https:\/\/seldacenter.com\/ro\/wp-json\/wp\/v2\/users\/2"}],"replies":[{"embeddable":true,"href":"https:\/\/seldacenter.com\/ro\/wp-json\/wp\/v2\/comments?post=13609"}],"version-history":[{"count":1,"href":"https:\/\/seldacenter.com\/ro\/wp-json\/wp\/v2\/pages\/13609\/revisions"}],"predecessor-version":[{"id":13610,"href":"https:\/\/seldacenter.com\/ro\/wp-json\/wp\/v2\/pages\/13609\/revisions\/13610"}],"wp:attachment":[{"href":"https:\/\/seldacenter.com\/ro\/wp-json\/wp\/v2\/media?parent=13609"}],"curies":[{"name":"wp","href":"https:\/\/api.w.org\/{rel}","templated":true}]}}