{"id":13605,"date":"2024-02-17T18:57:23","date_gmt":"2024-02-17T18:57:23","guid":{"rendered":"https:\/\/seldacenter.com\/yeniyapi\/?page_id=13605"},"modified":"2024-02-17T18:57:24","modified_gmt":"2024-02-17T18:57:24","slug":"brazilian-butt-lift","status":"publish","type":"page","link":"https:\/\/seldacenter.com\/ro\/brazilian-butt-lift\/","title":{"rendered":"Lifting brazilian de fund"},"content":{"rendered":"<p>Brazilian Butt Lift (BBL), cunoscut\u0103 \u00een mod popular sub numele de estetica \u0219oldului, este o interven\u021bie chirurgical\u0103 de modelare a corpului efectuat\u0103 pentru a corecta forma \u00een zona feselor \u0219i a revitaliza un aspect lasat sau plat. Aceast\u0103 opera\u021bie plastic\u0103 implic\u0103 procesarea gr\u0103simii prelevate din alte p\u0103r\u021bi ale corpului \u0219i injectarea acesteia \u00een zona feselor. \u00cen acest articol, vom examina \u00een detaliu etapele, avantajele \u0219i \u00eengrijirea postoperatorie ale opera\u021biei BBL.<\/p>\n<p><strong>Etapele chirurgiei BBL<\/strong><\/p>\n<p><strong>1. Liposuc\u021bie \u2013 Chirurgie de \u00eendep\u0103rtare a gr\u0103similor<\/strong><\/p>\n<p>\u00cen prima parte a opera\u021biei, gr\u0103simea este \u00eendep\u0103rtat\u0103 din zonele nedorite ale pacientului prin liposuc\u021bie vaser. Aceast\u0103 etap\u0103 se realizeaz\u0103 pentru a sub\u021bire talia, a reduce excesul de gr\u0103sime de pe \u0219olduri \u0219i a corecta contururile generale ale corpului.<\/p>\n<p><strong>2. Injectarea \u0219i modelarea gr\u0103simii la fund<\/strong><\/p>\n<p>Gr\u0103simea extras\u0103 este injectat\u0103 \u00een zonele deformate sau lips\u0103 din zona feselor, asigur\u00e2ndu-se c\u0103 fundul devine mai plin, mai erect \u0219i mai pl\u0103cut din punct de vedere estetic. Aceast\u0103 etap\u0103 este special planificat\u0103 \u0219i implementat\u0103 \u00een func\u021bie de forma corpului pacientului.<\/p>\n<p><strong>3. Planificarea interven\u021biei chirurgicale<\/strong><\/p>\n<p>Pentru injectarea de gr\u0103sime la fese, pacientul trebuie s\u0103 aib\u0103 o cantitate suficient\u0103 de gr\u0103sime \u00een organism. Prin urmare, dup\u0103 examinarea unui medic, se evalueaz\u0103 poten\u021bialul pacientului pentru celulele adipoase \u0219i se face un plan de interven\u021bie chirurgical\u0103.<\/p>\n<p><strong>\u00cengrijire postoperatorie<\/strong><\/p>\n<p>Trebuie luate anumite m\u0103suri de precau\u021bie pentru a asigura o recuperare cu succes \u0219i f\u0103r\u0103 probleme dup\u0103 opera\u021bia BBL.<\/p>\n<ul>\n<li><strong>Utilizarea corsetului:<\/strong> Se recomand\u0103 utilizarea unui corset \u00een prima lun\u0103. Aceasta sus\u021bine corpul dup\u0103 o interven\u021bie chirurgical\u0103 \u0219i ajut\u0103 la procesul de modelare.<\/li>\n<li><strong>Odihn\u0103:<\/strong> Odihna este recomandat\u0103 pentru aproximativ 10 zile. \u00cen aceast\u0103 perioad\u0103, trebuie evitat s\u0103 sta\u021bi culcat cu fa\u021ba \u00een jos \u0219i s\u0103 v\u0103 a\u0219eza\u021bi pe suprafe\u021be moi.<\/li>\n<li><strong>\u00cembr\u0103cat \u0219i \u00eemb\u0103iere:<\/strong> Ziua 4-5 de opera\u021bie. \u00cen prima zi, se face \u00eembr\u0103carea \u0219i \u00eencepe procesul de \u00eemb\u0103iere. Acest lucru ajut\u0103 la men\u021binerea igienei \u0219i la asigurarea faptului c\u0103 locul chirurgical este supus unui proces de vindecare s\u0103n\u0103tos.<\/li>\n<li><strong>Umflare \u0219i v\u00e2n\u0103t\u0103i:<\/strong> Umflarea \u0219i v\u00e2n\u0103t\u0103ile observate \u00een prima s\u0103pt\u0103m\u00e2n\u0103 dispar de obicei \u00een decurs de o s\u0103pt\u0103m\u00e2n\u0103. Cu toate acestea, procesul complet de recuperare poate dura c\u00e2teva s\u0103pt\u0103m\u00e2ni.<\/li>\n<\/ul>\n<p><strong>Concluzie<\/strong><\/p>\n<p>Brazilian Butt Lift, ca opera\u021bie estetic\u0103 \u0219i de modelare a feselor, este o op\u021biune solicitat\u0103 \u00een modelarea corpului. Aceast\u0103 interven\u021bie chirurgical\u0103 ofer\u0103 poten\u021bialul de a ob\u021bine rezultate naturale \u0219i permanente datorit\u0103 utiliz\u0103rii gr\u0103simii proprii a pacientului. Cu toate acestea, ca \u0219i \u00een cazul oric\u0103rei interven\u021bii chirurgicale, aceasta trebuie efectuat\u0103 de un chirurg specialist \u0219i instruc\u021biunile de \u00eengrijire postoperatorie trebuie urmate cu meticulozitate.<\/p>","protected":false},"excerpt":{"rendered":"<p>Brazilian Butt Lift (BBL), pop\u00fcler ad\u0131yla bilinen kal\u00e7a esteti\u011fi, popo b\u00f6lgesindeki formu d\u00fczeltmek, sarkm\u0131\u015f veya d\u00fczle\u015fmi\u015f bir g\u00f6r\u00fcn\u00fcm\u00fc canland\u0131rmak i\u00e7in uygulanan bir v\u00fccut \u015fekillendirme ameliyat\u0131d\u0131r. Bu estetik cerrahi, v\u00fccuttaki di\u011fer b\u00f6lgelerden al\u0131nan ya\u011f\u0131n i\u015flenip popo b\u00f6lgesine enjekte edilmesini i\u00e7erir. Bu makalede, BBL operasyonunun a\u015famalar\u0131n\u0131, avantajlar\u0131n\u0131 ve ameliyat sonras\u0131 bak\u0131m\u0131 detayl\u0131 bir \u015fekilde inceleyece\u011fiz. BBL Ameliyat\u0131n\u0131n [&hellip;]<\/p>\n","protected":false},"author":2,"featured_media":0,"parent":0,"menu_order":0,"comment_status":"closed","ping_status":"closed","template":"","meta":{"postBodyMargin":[],"postBodyPadding":[],"postBodyBackground":{"backgroundType":"classic","gradient":""},"footnotes":""},"class_list":["post-13605","page","type-page","status-publish","hentry"],"_links":{"self":[{"href":"https:\/\/seldacenter.com\/ro\/wp-json\/wp\/v2\/pages\/13605","targetHints":{"allow":["GET"]}}],"collection":[{"href":"https:\/\/seldacenter.com\/ro\/wp-json\/wp\/v2\/pages"}],"about":[{"href":"https:\/\/seldacenter.com\/ro\/wp-json\/wp\/v2\/types\/page"}],"author":[{"embeddable":true,"href":"https:\/\/seldacenter.com\/ro\/wp-json\/wp\/v2\/users\/2"}],"replies":[{"embeddable":true,"href":"https:\/\/seldacenter.com\/ro\/wp-json\/wp\/v2\/comments?post=13605"}],"version-history":[{"count":1,"href":"https:\/\/seldacenter.com\/ro\/wp-json\/wp\/v2\/pages\/13605\/revisions"}],"predecessor-version":[{"id":13606,"href":"https:\/\/seldacenter.com\/ro\/wp-json\/wp\/v2\/pages\/13605\/revisions\/13606"}],"wp:attachment":[{"href":"https:\/\/seldacenter.com\/ro\/wp-json\/wp\/v2\/media?parent=13605"}],"curies":[{"name":"wp","href":"https:\/\/api.w.org\/{rel}","templated":true}]}}