{"id":13603,"date":"2024-02-17T18:56:03","date_gmt":"2024-02-17T18:56:03","guid":{"rendered":"https:\/\/seldacenter.com\/yeniyapi\/?page_id=13603"},"modified":"2024-03-02T00:29:38","modified_gmt":"2024-03-02T00:29:38","slug":"penis-buyutme-operasyonu","status":"publish","type":"page","link":"https:\/\/seldacenter.com\/ro\/penis-buyutme-operasyonu\/","title":{"rendered":"Opera\u021bie de m\u0103rire a penisului"},"content":{"rendered":"<div data-elementor-type=\"wp-page\" data-elementor-id=\"13603\" class=\"elementor elementor-13603\" data-elementor-post-type=\"page\">\n\t\t\t\t\t\t<section class=\"elementor-section elementor-top-section elementor-element elementor-element-984763f elementor-section-boxed elementor-section-height-default elementor-section-height-default\" data-id=\"984763f\" data-element_type=\"section\">\n\t\t\t\t\t\t<div class=\"elementor-container elementor-column-gap-default\">\n\t\t\t\t\t<div class=\"elementor-column elementor-col-50 elementor-top-column elementor-element elementor-element-ed8e379\" data-id=\"ed8e379\" data-element_type=\"column\" data-settings=\"{&quot;background_background&quot;:&quot;classic&quot;}\">\n\t\t\t<div class=\"elementor-widget-wrap elementor-element-populated\">\n\t\t\t\t\t\t<div class=\"elementor-element elementor-element-1b42ecd elementor-widget elementor-widget-image\" data-id=\"1b42ecd\" data-element_type=\"widget\" data-widget_type=\"image.default\">\n\t\t\t\t<div class=\"elementor-widget-container\">\n\t\t\t\t\t\t\t\t\t\t\t\t\t\t\t<img fetchpriority=\"high\" decoding=\"async\" width=\"1024\" height=\"1024\" src=\"https:\/\/seldacenter.com\/wp-content\/uploads\/2024\/03\/Adsiz-tasarim.png\" class=\"attachment-full size-full wp-image-14136\" alt=\"\" srcset=\"https:\/\/seldacenter.com\/wp-content\/uploads\/2024\/03\/Adsiz-tasarim.png 1024w, https:\/\/seldacenter.com\/wp-content\/uploads\/2024\/03\/Adsiz-tasarim-300x300.png 300w, https:\/\/seldacenter.com\/wp-content\/uploads\/2024\/03\/Adsiz-tasarim-100x100.png 100w, https:\/\/seldacenter.com\/wp-content\/uploads\/2024\/03\/Adsiz-tasarim-600x600.png 600w, https:\/\/seldacenter.com\/wp-content\/uploads\/2024\/03\/Adsiz-tasarim-150x150.png 150w, https:\/\/seldacenter.com\/wp-content\/uploads\/2024\/03\/Adsiz-tasarim-768x768.png 768w\" sizes=\"(max-width: 1024px) 100vw, 1024px\" \/>\t\t\t\t\t\t\t\t\t\t\t\t\t\t\t<\/div>\n\t\t\t\t<\/div>\n\t\t\t\t\t<\/div>\n\t\t<\/div>\n\t\t\t\t<div class=\"elementor-column elementor-col-50 elementor-top-column elementor-element elementor-element-833374e\" data-id=\"833374e\" data-element_type=\"column\">\n\t\t\t<div class=\"elementor-widget-wrap elementor-element-populated\">\n\t\t\t\t\t\t<div class=\"elementor-element elementor-element-4bf1a7a elementor-widget-divider--view-line_text elementor-widget-divider--element-align-left elementor-widget elementor-widget-divider\" data-id=\"4bf1a7a\" data-element_type=\"widget\" data-widget_type=\"divider.default\">\n\t\t\t\t<div class=\"elementor-widget-container\">\n\t\t\t\t\t\t\t<div class=\"elementor-divider\">\n\t\t\t<span class=\"elementor-divider-separator\">\n\t\t\t\t\t\t\t<h3 class=\"elementor-divider__text elementor-divider__element\">\n\t\t\t\tM\u0103rirea penisului\t\t\t\t<\/h3>\n\t\t\t\t\t\t<\/span>\n\t\t<\/div>\n\t\t\t\t\t\t<\/div>\n\t\t\t\t<\/div>\n\t\t\t\t<div class=\"elementor-element elementor-element-656d6b5 elementor-align-left elementor-icon-list--layout-traditional elementor-list-item-link-full_width elementor-widget elementor-widget-icon-list\" data-id=\"656d6b5\" data-element_type=\"widget\" data-widget_type=\"icon-list.default\">\n\t\t\t\t<div class=\"elementor-widget-container\">\n\t\t\t\t\t\t\t<ul class=\"elementor-icon-list-items\">\n\t\t\t\t\t\t\t<li class=\"elementor-icon-list-item\">\n\t\t\t\t\t\t\t\t\t\t\t<span class=\"elementor-icon-list-icon\">\n\t\t\t\t\t\t\t<svg aria-hidden=\"true\" class=\"e-font-icon-svg e-far-hospital\" viewbox=\"0 0 448 512\" xmlns=\"http:\/\/www.w3.org\/2000\/svg\"><path d=\"M128 244v-40c0-6.627 5.373-12 12-12h40c6.627 0 12 5.373 12 12v40c0 6.627-5.373 12-12 12h-40c-6.627 0-12-5.373-12-12zm140 12h40c6.627 0 12-5.373 12-12v-40c0-6.627-5.373-12-12-12h-40c-6.627 0-12 5.373-12 12v40c0 6.627 5.373 12 12 12zm-76 84v-40c0-6.627-5.373-12-12-12h-40c-6.627 0-12 5.373-12 12v40c0 6.627 5.373 12 12 12h40c6.627 0 12-5.373 12-12zm76 12h40c6.627 0 12-5.373 12-12v-40c0-6.627-5.373-12-12-12h-40c-6.627 0-12 5.373-12 12v40c0 6.627 5.373 12 12 12zm180 124v36H0v-36c0-6.627 5.373-12 12-12h19.5V85.035C31.5 73.418 42.245 64 55.5 64H144V24c0-13.255 10.745-24 24-24h112c13.255 0 24 10.745 24 24v40h88.5c13.255 0 24 9.418 24 21.035V464H436c6.627 0 12 5.373 12 12zM79.5 463H192v-67c0-6.627 5.373-12 12-12h40c6.627 0 12 5.373 12 12v67h112.5V112H304v24c0 13.255-10.745 24-24 24H168c-13.255 0-24-10.745-24-24v-24H79.5v351zM266 64h-26V38a6 6 0 0 0-6-6h-20a6 6 0 0 0-6 6v26h-26a6 6 0 0 0-6 6v20a6 6 0 0 0 6 6h26v26a6 6 0 0 0 6 6h20a6 6 0 0 0 6-6V96h26a6 6 0 0 0 6-6V70a6 6 0 0 0-6-6z\"><\/path><\/svg>\t\t\t\t\t\t<\/span>\n\t\t\t\t\t\t\t\t\t\t<span class=\"elementor-icon-list-text\">Starea \u00een spital: 2 zile<\/span>\n\t\t\t\t\t\t\t\t\t<\/li>\n\t\t\t\t\t\t\t\t<li class=\"elementor-icon-list-item\">\n\t\t\t\t\t\t\t\t\t\t\t<span class=\"elementor-icon-list-icon\">\n\t\t\t\t\t\t\t<svg aria-hidden=\"true\" class=\"e-font-icon-svg e-far-clock\" viewbox=\"0 0 512 512\" xmlns=\"http:\/\/www.w3.org\/2000\/svg\"><path d=\"M256 8C119 8 8 119 8 256s111 248 248 248 248-111 248-248S393 8 256 8zm0 448c-110.5 0-200-89.5-200-200S145.5 56 256 56s200 89.5 200 200-89.5 200-200 200zm61.8-104.4l-84.9-61.7c-3.1-2.3-4.9-5.9-4.9-9.7V116c0-6.6 5.4-12 12-12h32c6.6 0 12 5.4 12 12v141.7l66.8 48.6c5.4 3.9 6.5 11.4 2.6 16.8L334.6 349c-3.9 5.3-11.4 6.5-16.8 2.6z\"><\/path><\/svg>\t\t\t\t\t\t<\/span>\n\t\t\t\t\t\t\t\t\t\t<span class=\"elementor-icon-list-text\">Timp de func\u021bionare: 6-8 ore<\/span>\n\t\t\t\t\t\t\t\t\t<\/li>\n\t\t\t\t\t\t\t\t<li class=\"elementor-icon-list-item\">\n\t\t\t\t\t\t\t\t\t\t\t<span class=\"elementor-icon-list-icon\">\n\t\t\t\t\t\t\t<svg aria-hidden=\"true\" class=\"e-font-icon-svg e-fas-syringe\" viewbox=\"0 0 512 512\" xmlns=\"http:\/\/www.w3.org\/2000\/svg\"><path d=\"M201.5 174.8l55.7 55.8c3.1 3.1 3.1 8.2 0 11.3l-11.3 11.3c-3.1 3.1-8.2 3.1-11.3 0l-55.7-55.8-45.3 45.3 55.8 55.8c3.1 3.1 3.1 8.2 0 11.3l-11.3 11.3c-3.1 3.1-8.2 3.1-11.3 0L111 265.2l-26.4 26.4c-17.3 17.3-25.6 41.1-23 65.4l7.1 63.6L2.3 487c-3.1 3.1-3.1 8.2 0 11.3l11.3 11.3c3.1 3.1 8.2 3.1 11.3 0l66.3-66.3 63.6 7.1c23.9 2.6 47.9-5.4 65.4-23l181.9-181.9-135.7-135.7-64.9 65zm308.2-93.3L430.5 2.3c-3.1-3.1-8.2-3.1-11.3 0l-11.3 11.3c-3.1 3.1-3.1 8.2 0 11.3l28.3 28.3-45.3 45.3-56.6-56.6-17-17c-3.1-3.1-8.2-3.1-11.3 0l-33.9 33.9c-3.1 3.1-3.1 8.2 0 11.3l17 17L424.8 223l17 17c3.1 3.1 8.2 3.1 11.3 0l33.9-34c3.1-3.1 3.1-8.2 0-11.3l-73.5-73.5 45.3-45.3 28.3 28.3c3.1 3.1 8.2 3.1 11.3 0l11.3-11.3c3.1-3.2 3.1-8.2 0-11.4z\"><\/path><\/svg>\t\t\t\t\t\t<\/span>\n\t\t\t\t\t\t\t\t\t\t<span class=\"elementor-icon-list-text\">Anestezie: Local\u0103<\/span>\n\t\t\t\t\t\t\t\t\t<\/li>\n\t\t\t\t\t\t\t\t<li class=\"elementor-icon-list-item\">\n\t\t\t\t\t\t\t\t\t\t\t<span class=\"elementor-icon-list-icon\">\n\t\t\t\t\t\t\t<svg aria-hidden=\"true\" class=\"e-font-icon-svg e-far-heart\" viewbox=\"0 0 512 512\" xmlns=\"http:\/\/www.w3.org\/2000\/svg\"><path d=\"M458.4 64.3C400.6 15.7 311.3 23 256 79.3 200.7 23 111.4 15.6 53.6 64.3-21.6 127.6-10.6 230.8 43 285.5l175.4 178.7c10 10.2 23.4 15.9 37.6 15.9 14.3 0 27.6-5.6 37.6-15.8L469 285.6c53.5-54.7 64.7-157.9-10.6-221.3zm-23.6 187.5L259.4 430.5c-2.4 2.4-4.4 2.4-6.8 0L77.2 251.8c-36.5-37.2-43.9-107.6 7.3-150.7 38.9-32.7 98.9-27.8 136.5 10.5l35 35.7 35-35.7c37.8-38.5 97.8-43.2 136.5-10.6 51.1 43.1 43.5 113.9 7.3 150.8z\"><\/path><\/svg>\t\t\t\t\t\t<\/span>\n\t\t\t\t\t\t\t\t\t\t<span class=\"elementor-icon-list-text\">Timp de recuperare: 6-12 luni<\/span>\n\t\t\t\t\t\t\t\t\t<\/li>\n\t\t\t\t\t\t<\/ul>\n\t\t\t\t\t\t<\/div>\n\t\t\t\t<\/div>\n\t\t\t\t<div class=\"elementor-element elementor-element-d54333f elementor-align-justify elementor-widget elementor-widget-button\" data-id=\"d54333f\" data-element_type=\"widget\" data-widget_type=\"button.default\">\n\t\t\t\t<div class=\"elementor-widget-container\">\n\t\t\t\t\t\t\t\t\t<div class=\"elementor-button-wrapper\">\n\t\t\t\t\t<a class=\"elementor-button elementor-button-link elementor-size-sm elementor-animation-buzz\" href=\"https:\/\/seldacenter.com\/ro\/\">\n\t\t\t\t\t\t<span class=\"elementor-button-content-wrapper\">\n\t\t\t\t\t\t\t\t\t<span class=\"elementor-button-text\">Face\u021bi o programare acum<\/span>\n\t\t\t\t\t<\/span>\n\t\t\t\t\t<\/a>\n\t\t\t\t<\/div>\n\t\t\t\t\t\t\t\t<\/div>\n\t\t\t\t<\/div>\n\t\t\t\t\t<\/div>\n\t\t<\/div>\n\t\t\t\t\t<\/div>\n\t\t<\/section>\n\t\t\t\t<section class=\"elementor-section elementor-top-section elementor-element elementor-element-305ded48 elementor-section-boxed elementor-section-height-default elementor-section-height-default\" data-id=\"305ded48\" data-element_type=\"section\">\n\t\t\t\t\t\t<div class=\"elementor-container elementor-column-gap-default\">\n\t\t\t\t\t<div class=\"elementor-column elementor-col-100 elementor-top-column elementor-element elementor-element-32584a87\" data-id=\"32584a87\" data-element_type=\"column\">\n\t\t\t<div class=\"elementor-widget-wrap elementor-element-populated\">\n\t\t\t\t\t\t<div class=\"elementor-element elementor-element-5d7846e4 elementor-widget elementor-widget-text-editor\" data-id=\"5d7846e4\" data-element_type=\"widget\" data-widget_type=\"text-editor.default\">\n\t\t\t\t<div class=\"elementor-widget-container\">\n\t\t\t\t\t\t\t\t\tProblemele legate de lungimea, grosimea \u0219i func\u021bionalitatea penisului au devenit importante \u00een r\u00e2ndul b\u0103rba\u021bilor din cauza preocup\u0103rilor estetice \u0219i a a\u0219tept\u0103rilor func\u021bionale. Operatiile de estetica penisului ofera o solutie barbatilor care doresc sa se confrunte cu diverse deformari, subtiri si curburi rezultate din aceste probleme.\n\n<strong>O dimensiune normal\u0103 a penisului:<\/strong> Lungimea unui penis care nu este \u00eenc\u0103 erect poate varia \u00eentre 5-8 cm. C\u00e2nd este erect, un penis normal atinge o lungime medie de 13-15 cm. Dimensiunea penisului variaz\u0103 de la persoan\u0103 la persoan\u0103 \u0219i procedurile de m\u0103rire a penisului pot fi aplicate \u00een func\u021bie de cerin\u021bele pacientului.\n\n<strong>Opera\u021bii de m\u0103rire a lungimii penisului:<\/strong> \u00cen opera\u021biile de prelungire a penisului, ligamentele superficiale \u0219i suspensoare ale penisului sunt sl\u0103bite \u0219i partea invizibil\u0103 a penisului este \u00eendep\u0103rtat\u0103. Aceast\u0103 metod\u0103 face ca penisul s\u0103 par\u0103 mai erect \u0219i mai erect. Este una dintre cele mai moderne metode cu o satisfac\u021bie ridicat\u0103 a pacientului. Aceast\u0103 interven\u021bie chirurgical\u0103 implic\u0103 avansarea \u021besutului r\u0103mas al penisului spre exterior \u0219i, de obicei, nu provoac\u0103 pierderea erec\u021biei, a senza\u021biei sau a senza\u021biei. Cu acest procedeu se realizeaza o alungire neta maxima de 3-4 cm.\n\n<strong>\u00cengro\u0219area penisului:<\/strong> \u00cengro\u0219area penisului se face prin injectarea propriului \u021besut adipos al pacientului \u00een penis. Grasimea este indepartata de la pacient prin tehnica liposuctiei, iar zonele preferate sunt in general zona taliei sau interiorul picioarelor. Aceast\u0103 procedur\u0103 confer\u0103 penisului un aspect mai plin.\n\n<strong>Tip de anestezie:<\/strong> Opera\u021biile estetice pe penis sunt \u00een general efectuate cu anestezie local\u0103 \u0219i tehnic\u0103 de anestezie prin sedare. Aceasta \u00eenseamn\u0103 c\u0103 pacientul se poate odihni \u00een spital \u0219i se poate \u00eentoarce acas\u0103 la scurt timp dup\u0103 opera\u021bie, f\u0103r\u0103 s\u0103 simt\u0103 nicio durere \u00een timpul opera\u021biei. \u00cen unele cazuri, poate fi preferat\u0103 anestezia general\u0103, mai ales dac\u0103 liposuc\u021bia va fi efectuat\u0103 pe partea superioar\u0103 a r\u0103d\u0103cinii penisului.\n\n<strong>Concluzie:<\/strong> Opera\u021biile estetice pe penis, atunci c\u00e2nd sunt planificate de chirurgi exper\u021bi, pot ajuta pacien\u021bii s\u0103-\u0219i \u00eendeplineasc\u0103 a\u0219tept\u0103rile estetice \u0219i s\u0103-\u0219i rezolve problemele func\u021bionale. Aceste interven\u021bii chirurgicale pot afecta pozitiv calitatea vie\u021bii indivizilor prin cre\u0219terea \u00eencrederii \u00een sine.\t\t\t\t\t\t\t\t<\/div>\n\t\t\t\t<\/div>\n\t\t\t\t\t<\/div>\n\t\t<\/div>\n\t\t\t\t\t<\/div>\n\t\t<\/section>\n\t\t\t\t<\/div>","protected":false},"excerpt":{"rendered":"<p>Penis B\u00fcy\u00fctme Hastanede Kal\u0131\u015f S\u00fcresi: 2 G\u00fcn Operasyon S\u00fcresi: 6-8 Saat Anestezi: Lokal \u0130yile\u015fme S\u00fcresi: 6-12 Ay Hemen Randevu Al\u0131n Erkekler aras\u0131nda penis boyu, kal\u0131nl\u0131\u011f\u0131 ve i\u015flevselli\u011fi konular\u0131, estetik endi\u015feler ve fonksiyonel beklentiler nedeniyle \u00f6nemli hale gelmi\u015ftir. Penis esteti\u011fi ameliyatlar\u0131, bu sorunlardan kaynaklanan \u00e7e\u015fitli \u015fekil bozukluklar\u0131, incelikler ve e\u011friliklerle ba\u015fa \u00e7\u0131kmak isteyen erkekler i\u00e7in bir [&hellip;]<\/p>\n","protected":false},"author":2,"featured_media":0,"parent":0,"menu_order":0,"comment_status":"closed","ping_status":"closed","template":"","meta":{"postBodyMargin":[],"postBodyPadding":[],"postBodyBackground":{"backgroundType":"classic","gradient":""},"footnotes":""},"class_list":["post-13603","page","type-page","status-publish","hentry"],"_links":{"self":[{"href":"https:\/\/seldacenter.com\/ro\/wp-json\/wp\/v2\/pages\/13603","targetHints":{"allow":["GET"]}}],"collection":[{"href":"https:\/\/seldacenter.com\/ro\/wp-json\/wp\/v2\/pages"}],"about":[{"href":"https:\/\/seldacenter.com\/ro\/wp-json\/wp\/v2\/types\/page"}],"author":[{"embeddable":true,"href":"https:\/\/seldacenter.com\/ro\/wp-json\/wp\/v2\/users\/2"}],"replies":[{"embeddable":true,"href":"https:\/\/seldacenter.com\/ro\/wp-json\/wp\/v2\/comments?post=13603"}],"version-history":[{"count":13,"href":"https:\/\/seldacenter.com\/ro\/wp-json\/wp\/v2\/pages\/13603\/revisions"}],"predecessor-version":[{"id":14139,"href":"https:\/\/seldacenter.com\/ro\/wp-json\/wp\/v2\/pages\/13603\/revisions\/14139"}],"wp:attachment":[{"href":"https:\/\/seldacenter.com\/ro\/wp-json\/wp\/v2\/media?parent=13603"}],"curies":[{"name":"wp","href":"https:\/\/api.w.org\/{rel}","templated":true}]}}