{"id":13601,"date":"2024-02-17T18:55:02","date_gmt":"2024-02-17T18:55:02","guid":{"rendered":"https:\/\/seldacenter.com\/yeniyapi\/?page_id=13601"},"modified":"2024-02-17T18:55:04","modified_gmt":"2024-02-17T18:55:04","slug":"kol-germe-ameliyati-nedir","status":"publish","type":"page","link":"https:\/\/seldacenter.com\/ro\/kol-germe-ameliyati-nedir\/","title":{"rendered":"Ce este chirurgia de lifting al bra\u021belor?"},"content":{"rendered":"<p>Liftingul bra\u021belor este o opera\u021bie de chirurgie plastic\u0103 efectuat\u0103 pentru a \u00eendep\u0103rta \u021besutul adipos subcutanat nedorit \u0219i pielea l\u0103sat\u0103. Aceast\u0103 opera\u021bie este efectuat\u0103 pentru a corecta l\u0103sarea pielii \u00een zona bra\u021belor \u0219i a restabili fermitatea pielii.<\/p>\n<p><strong>De ce se efectueaz\u0103 brahioplastia?<\/strong><\/p>\n<p>Pielea l\u0103sat\u0103 \u0219i l\u0103sat\u0103 a bra\u021belor este o afec\u021biune care provoac\u0103 disconfort fizic \u0219i emo\u021bional. \u00cen special \u00een cazul hainelor f\u0103r\u0103 m\u00e2neci, l\u0103sarea pielii care apare atunci c\u00e2nd bra\u021bele sunt ridicate \u00een lateral devine una dintre sursele de nefericire pentru indivizi. Opera\u021bia de brahioplastie ofer\u0103 at\u00e2t o u\u0219urare fizic\u0103, c\u00e2t \u0219i emo\u021bional\u0103, elimin\u00e2nd aceast\u0103 problem\u0103 estetic\u0103.<\/p>\n<p><strong>De ce se las\u0103 pielea bra\u021belor?<\/strong><\/p>\n<p>Pielea l\u0103sat\u0103 a bra\u021belor este adesea asociat\u0103 cu factori precum \u00eemb\u0103tr\u00e2nirea, factorii genetici, cre\u0219terea \u0219i pierderea excesiv\u0103 \u00een greutate, expunerea excesiv\u0103 la soare \u0219i efectele gravita\u021biei. Combina\u021bia acestor factori creeaz\u0103 o piele l\u0103sat\u0103 \u0219i acumularea de gr\u0103sime pe spate \u0219i pe partea interioar\u0103 a bra\u021bului.<\/p>\n<p><strong>Cum se efectueaz\u0103 liftingul de bra\u021be?<\/strong><\/p>\n<p>\u00cen chirurgia de lifting al bra\u021belor, excesul de piele este \u00eendep\u0103rtat prin incizii f\u0103cute la nivelul axilei sau \u00een interiorul cotului, iar bra\u021bul este modelat. Dac\u0103 exist\u0103 exces de gr\u0103sime, acesta este \u00eendep\u0103rtat prin liposuc\u021bie sau incizii directe. Inciziile sunt \u00eenchise cu suturi estetice, ob\u021bin\u00e2ndu-se astfel un aspect estetic cu cicatrici minime dup\u0103 opera\u021bie.<\/p>\n<p><strong>Durata \u0219i durerea opera\u021biei de lifting al bra\u021belor<\/strong><\/p>\n<p>Opera\u021bia de lifting al bra\u021belor este o opera\u021bie care dureaz\u0103 de obicei 1-3 ore, \u00een func\u021bie de starea zonei. Durerea \u0219i furnic\u0103turile resim\u021bite dup\u0103 opera\u021bie vor disp\u0103rea treptat cu ajutorul analgezicelor prescrise de medic.<\/p>\n<p><strong>Tipul de anestezie<\/strong><\/p>\n<p>Opera\u021biile de lifting al bra\u021belor se efectueaz\u0103 de obicei \u00een condi\u021bii de spitalizare, pacientul primind anestezie general\u0103 sau sedare \u0219i anestezie local\u0103. \u00cen acest fel, pacientul este supus opera\u021biei f\u0103r\u0103 durere \u0219i confortabil.<\/p>\n<p>Liftingul bra\u021belor este o solu\u021bie eficient\u0103 pentru corectarea pielii l\u0103sate a bra\u021belor cu o not\u0103 estetic\u0103 \u0219i pentru a oferi pacientului un aspect mai tonifiat, mai t\u00e2n\u0103r \u0219i mai relaxant. Atunci c\u00e2nd se efectueaz\u0103 o consulta\u021bie detaliat\u0103 \u00eenainte de opera\u021bie, sub conducerea unui chirurg specialist \u0219i cu tehnica adecvat\u0103, aceasta poate cre\u0219te satisfac\u021bia pacientului \u0219i \u00eel poate ajuta s\u0103 \u00ee\u0219i rec\u00e2\u0219tige \u00eencrederea \u00een sine.<\/p>","protected":false},"excerpt":{"rendered":"<p>Kol germe ameliyat\u0131, istenmeyen deri alt\u0131 ya\u011f dokusunun ve sarkan derinin giderilmesi amac\u0131yla uygulanan bir plastik cerrahi operasyondur. Bu operasyon, kol b\u00f6lgesindeki sarkmalar\u0131n d\u00fczeltilmesi ve cildin gerginli\u011finin yeniden sa\u011flanmas\u0131 i\u00e7in ger\u00e7ekle\u015ftirilir. Brakioplasti Neden Yap\u0131l\u0131r? Gev\u015femi\u015f ve sarkm\u0131\u015f kol derisi, bireylerin fiziksel ve duygusal rahats\u0131zl\u0131k ya\u015fad\u0131\u011f\u0131 bir durumdur. \u00d6zellikle kolsuz giysilerde, kollar iki yana kald\u0131r\u0131ld\u0131\u011f\u0131nda ortaya [&hellip;]<\/p>\n","protected":false},"author":2,"featured_media":0,"parent":0,"menu_order":0,"comment_status":"closed","ping_status":"closed","template":"","meta":{"postBodyMargin":[],"postBodyPadding":[],"postBodyBackground":{"backgroundType":"classic","gradient":""},"footnotes":""},"class_list":["post-13601","page","type-page","status-publish","hentry"],"_links":{"self":[{"href":"https:\/\/seldacenter.com\/ro\/wp-json\/wp\/v2\/pages\/13601","targetHints":{"allow":["GET"]}}],"collection":[{"href":"https:\/\/seldacenter.com\/ro\/wp-json\/wp\/v2\/pages"}],"about":[{"href":"https:\/\/seldacenter.com\/ro\/wp-json\/wp\/v2\/types\/page"}],"author":[{"embeddable":true,"href":"https:\/\/seldacenter.com\/ro\/wp-json\/wp\/v2\/users\/2"}],"replies":[{"embeddable":true,"href":"https:\/\/seldacenter.com\/ro\/wp-json\/wp\/v2\/comments?post=13601"}],"version-history":[{"count":1,"href":"https:\/\/seldacenter.com\/ro\/wp-json\/wp\/v2\/pages\/13601\/revisions"}],"predecessor-version":[{"id":13602,"href":"https:\/\/seldacenter.com\/ro\/wp-json\/wp\/v2\/pages\/13601\/revisions\/13602"}],"wp:attachment":[{"href":"https:\/\/seldacenter.com\/ro\/wp-json\/wp\/v2\/media?parent=13601"}],"curies":[{"name":"wp","href":"https:\/\/api.w.org\/{rel}","templated":true}]}}