{"id":13594,"date":"2024-02-17T18:51:29","date_gmt":"2024-02-17T18:51:29","guid":{"rendered":"https:\/\/seldacenter.com\/yeniyapi\/?page_id=13594"},"modified":"2024-03-02T02:01:27","modified_gmt":"2024-03-02T02:01:27","slug":"tup-mide-ameliyati","status":"publish","type":"page","link":"https:\/\/seldacenter.com\/ro\/tup-mide-ameliyati\/","title":{"rendered":"Chirurgia Man\u0219onului gastric"},"content":{"rendered":"<div data-elementor-type=\"wp-page\" data-elementor-id=\"13594\" class=\"elementor elementor-13594\" data-elementor-post-type=\"page\">\n\t\t\t\t\t\t<section class=\"elementor-section elementor-top-section elementor-element elementor-element-533ea1d elementor-section-boxed elementor-section-height-default elementor-section-height-default\" data-id=\"533ea1d\" data-element_type=\"section\">\n\t\t\t\t\t\t<div class=\"elementor-container elementor-column-gap-default\">\n\t\t\t\t\t<div class=\"elementor-column elementor-col-50 elementor-top-column elementor-element elementor-element-dff7ab6\" data-id=\"dff7ab6\" data-element_type=\"column\" data-settings=\"{&quot;background_background&quot;:&quot;classic&quot;}\">\n\t\t\t<div class=\"elementor-widget-wrap elementor-element-populated\">\n\t\t\t\t\t\t<div class=\"elementor-element elementor-element-d2cb36b elementor-widget elementor-widget-image\" data-id=\"d2cb36b\" data-element_type=\"widget\" data-widget_type=\"image.default\">\n\t\t\t\t<div class=\"elementor-widget-container\">\n\t\t\t\t\t\t\t\t\t\t\t\t\t\t\t<img fetchpriority=\"high\" decoding=\"async\" width=\"1152\" height=\"896\" src=\"https:\/\/seldacenter.com\/wp-content\/uploads\/2024\/03\/image-15.png\" class=\"attachment-full size-full wp-image-14112\" alt=\"\" srcset=\"https:\/\/seldacenter.com\/wp-content\/uploads\/2024\/03\/image-15.png 1152w, https:\/\/seldacenter.com\/wp-content\/uploads\/2024\/03\/image-15-600x467.png 600w, https:\/\/seldacenter.com\/wp-content\/uploads\/2024\/03\/image-15-300x233.png 300w, https:\/\/seldacenter.com\/wp-content\/uploads\/2024\/03\/image-15-1024x796.png 1024w, https:\/\/seldacenter.com\/wp-content\/uploads\/2024\/03\/image-15-768x597.png 768w\" sizes=\"(max-width: 1152px) 100vw, 1152px\" \/>\t\t\t\t\t\t\t\t\t\t\t\t\t\t\t<\/div>\n\t\t\t\t<\/div>\n\t\t\t\t\t<\/div>\n\t\t<\/div>\n\t\t\t\t<div class=\"elementor-column elementor-col-50 elementor-top-column elementor-element elementor-element-9ee2532\" data-id=\"9ee2532\" data-element_type=\"column\">\n\t\t\t<div class=\"elementor-widget-wrap elementor-element-populated\">\n\t\t\t\t\t\t<div class=\"elementor-element elementor-element-bcaf91e elementor-widget-divider--view-line_text elementor-widget-divider--element-align-left elementor-widget elementor-widget-divider\" data-id=\"bcaf91e\" data-element_type=\"widget\" data-widget_type=\"divider.default\">\n\t\t\t\t<div class=\"elementor-widget-container\">\n\t\t\t\t\t\t\t<div class=\"elementor-divider\">\n\t\t\t<span class=\"elementor-divider-separator\">\n\t\t\t\t\t\t\t<h3 class=\"elementor-divider__text elementor-divider__element\">\n\t\t\t\tMan\u0219on gastric\t\t\t\t<\/h3>\n\t\t\t\t\t\t<\/span>\n\t\t<\/div>\n\t\t\t\t\t\t<\/div>\n\t\t\t\t<\/div>\n\t\t\t\t<div class=\"elementor-element elementor-element-3eb4883 elementor-align-left elementor-icon-list--layout-traditional elementor-list-item-link-full_width elementor-widget elementor-widget-icon-list\" data-id=\"3eb4883\" data-element_type=\"widget\" data-widget_type=\"icon-list.default\">\n\t\t\t\t<div class=\"elementor-widget-container\">\n\t\t\t\t\t\t\t<ul class=\"elementor-icon-list-items\">\n\t\t\t\t\t\t\t<li class=\"elementor-icon-list-item\">\n\t\t\t\t\t\t\t\t\t\t\t<span class=\"elementor-icon-list-icon\">\n\t\t\t\t\t\t\t<svg aria-hidden=\"true\" class=\"e-font-icon-svg e-far-hospital\" viewbox=\"0 0 448 512\" xmlns=\"http:\/\/www.w3.org\/2000\/svg\"><path d=\"M128 244v-40c0-6.627 5.373-12 12-12h40c6.627 0 12 5.373 12 12v40c0 6.627-5.373 12-12 12h-40c-6.627 0-12-5.373-12-12zm140 12h40c6.627 0 12-5.373 12-12v-40c0-6.627-5.373-12-12-12h-40c-6.627 0-12 5.373-12 12v40c0 6.627 5.373 12 12 12zm-76 84v-40c0-6.627-5.373-12-12-12h-40c-6.627 0-12 5.373-12 12v40c0 6.627 5.373 12 12 12h40c6.627 0 12-5.373 12-12zm76 12h40c6.627 0 12-5.373 12-12v-40c0-6.627-5.373-12-12-12h-40c-6.627 0-12 5.373-12 12v40c0 6.627 5.373 12 12 12zm180 124v36H0v-36c0-6.627 5.373-12 12-12h19.5V85.035C31.5 73.418 42.245 64 55.5 64H144V24c0-13.255 10.745-24 24-24h112c13.255 0 24 10.745 24 24v40h88.5c13.255 0 24 9.418 24 21.035V464H436c6.627 0 12 5.373 12 12zM79.5 463H192v-67c0-6.627 5.373-12 12-12h40c6.627 0 12 5.373 12 12v67h112.5V112H304v24c0 13.255-10.745 24-24 24H168c-13.255 0-24-10.745-24-24v-24H79.5v351zM266 64h-26V38a6 6 0 0 0-6-6h-20a6 6 0 0 0-6 6v26h-26a6 6 0 0 0-6 6v20a6 6 0 0 0 6 6h26v26a6 6 0 0 0 6 6h20a6 6 0 0 0 6-6V96h26a6 6 0 0 0 6-6V70a6 6 0 0 0-6-6z\"><\/path><\/svg>\t\t\t\t\t\t<\/span>\n\t\t\t\t\t\t\t\t\t\t<span class=\"elementor-icon-list-text\">Starea \u00een spital: 3 zile<\/span>\n\t\t\t\t\t\t\t\t\t<\/li>\n\t\t\t\t\t\t\t\t<li class=\"elementor-icon-list-item\">\n\t\t\t\t\t\t\t\t\t\t\t<span class=\"elementor-icon-list-icon\">\n\t\t\t\t\t\t\t<svg aria-hidden=\"true\" class=\"e-font-icon-svg e-far-clock\" viewbox=\"0 0 512 512\" xmlns=\"http:\/\/www.w3.org\/2000\/svg\"><path d=\"M256 8C119 8 8 119 8 256s111 248 248 248 248-111 248-248S393 8 256 8zm0 448c-110.5 0-200-89.5-200-200S145.5 56 256 56s200 89.5 200 200-89.5 200-200 200zm61.8-104.4l-84.9-61.7c-3.1-2.3-4.9-5.9-4.9-9.7V116c0-6.6 5.4-12 12-12h32c6.6 0 12 5.4 12 12v141.7l66.8 48.6c5.4 3.9 6.5 11.4 2.6 16.8L334.6 349c-3.9 5.3-11.4 6.5-16.8 2.6z\"><\/path><\/svg>\t\t\t\t\t\t<\/span>\n\t\t\t\t\t\t\t\t\t\t<span class=\"elementor-icon-list-text\">Timp de func\u021bionare: 6-8 ore<\/span>\n\t\t\t\t\t\t\t\t\t<\/li>\n\t\t\t\t\t\t\t\t<li class=\"elementor-icon-list-item\">\n\t\t\t\t\t\t\t\t\t\t\t<span class=\"elementor-icon-list-icon\">\n\t\t\t\t\t\t\t<svg aria-hidden=\"true\" class=\"e-font-icon-svg e-fas-syringe\" viewbox=\"0 0 512 512\" xmlns=\"http:\/\/www.w3.org\/2000\/svg\"><path d=\"M201.5 174.8l55.7 55.8c3.1 3.1 3.1 8.2 0 11.3l-11.3 11.3c-3.1 3.1-8.2 3.1-11.3 0l-55.7-55.8-45.3 45.3 55.8 55.8c3.1 3.1 3.1 8.2 0 11.3l-11.3 11.3c-3.1 3.1-8.2 3.1-11.3 0L111 265.2l-26.4 26.4c-17.3 17.3-25.6 41.1-23 65.4l7.1 63.6L2.3 487c-3.1 3.1-3.1 8.2 0 11.3l11.3 11.3c3.1 3.1 8.2 3.1 11.3 0l66.3-66.3 63.6 7.1c23.9 2.6 47.9-5.4 65.4-23l181.9-181.9-135.7-135.7-64.9 65zm308.2-93.3L430.5 2.3c-3.1-3.1-8.2-3.1-11.3 0l-11.3 11.3c-3.1 3.1-3.1 8.2 0 11.3l28.3 28.3-45.3 45.3-56.6-56.6-17-17c-3.1-3.1-8.2-3.1-11.3 0l-33.9 33.9c-3.1 3.1-3.1 8.2 0 11.3l17 17L424.8 223l17 17c3.1 3.1 8.2 3.1 11.3 0l33.9-34c3.1-3.1 3.1-8.2 0-11.3l-73.5-73.5 45.3-45.3 28.3 28.3c3.1 3.1 8.2 3.1 11.3 0l11.3-11.3c3.1-3.2 3.1-8.2 0-11.4z\"><\/path><\/svg>\t\t\t\t\t\t<\/span>\n\t\t\t\t\t\t\t\t\t\t<span class=\"elementor-icon-list-text\">Anestezie: general\u0103<\/span>\n\t\t\t\t\t\t\t\t\t<\/li>\n\t\t\t\t\t\t\t\t<li class=\"elementor-icon-list-item\">\n\t\t\t\t\t\t\t\t\t\t\t<span class=\"elementor-icon-list-icon\">\n\t\t\t\t\t\t\t<svg aria-hidden=\"true\" class=\"e-font-icon-svg e-far-heart\" viewbox=\"0 0 512 512\" xmlns=\"http:\/\/www.w3.org\/2000\/svg\"><path d=\"M458.4 64.3C400.6 15.7 311.3 23 256 79.3 200.7 23 111.4 15.6 53.6 64.3-21.6 127.6-10.6 230.8 43 285.5l175.4 178.7c10 10.2 23.4 15.9 37.6 15.9 14.3 0 27.6-5.6 37.6-15.8L469 285.6c53.5-54.7 64.7-157.9-10.6-221.3zm-23.6 187.5L259.4 430.5c-2.4 2.4-4.4 2.4-6.8 0L77.2 251.8c-36.5-37.2-43.9-107.6 7.3-150.7 38.9-32.7 98.9-27.8 136.5 10.5l35 35.7 35-35.7c37.8-38.5 97.8-43.2 136.5-10.6 51.1 43.1 43.5 113.9 7.3 150.8z\"><\/path><\/svg>\t\t\t\t\t\t<\/span>\n\t\t\t\t\t\t\t\t\t\t<span class=\"elementor-icon-list-text\">Timp de recuperare: 1-3 luni<\/span>\n\t\t\t\t\t\t\t\t\t<\/li>\n\t\t\t\t\t\t<\/ul>\n\t\t\t\t\t\t<\/div>\n\t\t\t\t<\/div>\n\t\t\t\t<div class=\"elementor-element elementor-element-eca676d elementor-align-justify elementor-widget elementor-widget-button\" data-id=\"eca676d\" data-element_type=\"widget\" data-widget_type=\"button.default\">\n\t\t\t\t<div class=\"elementor-widget-container\">\n\t\t\t\t\t\t\t\t\t<div class=\"elementor-button-wrapper\">\n\t\t\t\t\t<a class=\"elementor-button elementor-button-link elementor-size-sm elementor-animation-buzz\" href=\"https:\/\/seldacenter.com\/ro\/\">\n\t\t\t\t\t\t<span class=\"elementor-button-content-wrapper\">\n\t\t\t\t\t\t\t\t\t<span class=\"elementor-button-text\">Face\u021bi o programare acum<\/span>\n\t\t\t\t\t<\/span>\n\t\t\t\t\t<\/a>\n\t\t\t\t<\/div>\n\t\t\t\t\t\t\t\t<\/div>\n\t\t\t\t<\/div>\n\t\t\t\t\t<\/div>\n\t\t<\/div>\n\t\t\t\t\t<\/div>\n\t\t<\/section>\n\t\t\t\t<section class=\"elementor-section elementor-top-section elementor-element elementor-element-2328e8fd elementor-section-boxed elementor-section-height-default elementor-section-height-default\" data-id=\"2328e8fd\" data-element_type=\"section\">\n\t\t\t\t\t\t<div class=\"elementor-container elementor-column-gap-default\">\n\t\t\t\t\t<div class=\"elementor-column elementor-col-100 elementor-top-column elementor-element elementor-element-53482022\" data-id=\"53482022\" data-element_type=\"column\">\n\t\t\t<div class=\"elementor-widget-wrap elementor-element-populated\">\n\t\t\t\t\t\t<div class=\"elementor-element elementor-element-70a6a0d elementor-widget elementor-widget-text-editor\" data-id=\"70a6a0d\" data-element_type=\"widget\" data-widget_type=\"text-editor.default\">\n\t\t\t\t<div class=\"elementor-widget-container\">\n\t\t\t\t\t\t\t\t\t<strong>Ce este Chirurgia Man\u0219onului Gastric?<\/strong>\n\nChirurgia de sleeve gastric, una dintre cele mai frecvent efectuate interven\u021bii chirurgicale ast\u0103zi, este cunoscut\u0103 sub denumirea de \u201echirurgie de reducere a stomacului\u201d. Aceast\u0103 interven\u021bie chirurgical\u0103 ofer\u0103 rezultate eficiente \u00een tratamentul obezit\u0103\u021bii.\n\n<strong>Procesul Chirurgical<\/strong>\n<ul>\n \t<li><strong>Schimbarea formei stomacului:<\/strong> \u00cen opera\u021bia de m\u00e2nec\u0103 gastric\u0103, stomacul este literalmente transformat \u00eentr-un tub lung \u0219i sub\u021bire. Cu metoda laparoscopic\u0103, 80 la sut\u0103 din stomac este t\u0103iat, ceea ce face ca volumul stomacului s\u0103 fie limitat.<\/li>\n \t<li><strong>Restric\u021bionarea aportului de alimente:<\/strong> Aceast\u0103 modelare a stomacului restr\u00e2nge semnificativ aportul de alimente. \u00cen plus, interven\u021bia chirurgical\u0103 are un efect u\u0219or asupra reducerii absorb\u021biei alimentelor.<\/li>\n \t<li><strong>Sc\u0103derea apetitului \u0219i \u00eentreruperea rezisten\u021bei la insulin\u0103:<\/strong> La persoanele care au suferit o interven\u021bie chirurgical\u0103 la sleeve gastric, apetitul lor scade \u0219i \u00eencepe pierderea \u00een greutate. \u00cen plus, rezisten\u021ba la insulin\u0103 se \u00eembun\u0103t\u0103\u021be\u0219te chiar \u00eenainte s\u0103 apar\u0103.<\/li>\n<\/ul>\n<strong>Durata interven\u021biei chirurgicale<\/strong>\n<ul>\n \t<li>Opera\u021bia de m\u00e2nec\u0103 gastric\u0103 dureaz\u0103 de obicei \u00een medie 1,5 ore. Riscurile postoperatorii sunt sc\u0103zute, iar efectele secundare nedorite sunt minime.<\/li>\n<\/ul>\n<strong>Cea mai frecvent efectuat\u0103 interven\u021bie chirurgical\u0103 de reducere a stomacului<\/strong>\n<ul>\n \t<li>Cea mai frecvent\u0103 interven\u021bie chirurgical\u0103 de reducere a stomacului efectuat\u0103 ast\u0103zi este \u201egastrectomia cu m\u00e2nec\u0103\u201d sau \u201egastrectomia cu m\u00e2nec\u0103\u201d, a\u0219a cum este cunoscut\u0103 \u00een medicin\u0103. Aceast\u0103 interven\u021bie chirurgical\u0103, care are o istorie de 15 ani, este preferat\u0103 deoarece eficien\u021ba sa a fost dovedit\u0103 \u0219i ratele de risc sunt sc\u0103zute.<\/li>\n \t<li>Un alt tip de interven\u021bie chirurgical\u0103 de reducere a stomacului este opera\u021bia de \u201ebypass gastric\u201d. Cu toate acestea, aceast\u0103 metod\u0103 nu este preferat\u0103 dec\u00e2t \u00een cazuri speciale.<\/li>\n<\/ul>\n<strong>Cui se aplic\u0103?<\/strong>\n\nCandida\u021bii potrivi\u021bi pentru opera\u021bia de gastrectomie cu m\u00e2nec\u0103 sunt:\n<ul>\n \t<li>Cei al c\u0103ror indice de mas\u0103 corporal\u0103 (IMC) este de peste 40 kg\/m\u00b2.<\/li>\n \t<li>Cei cu un IMC \u00eentre 35 \u0219i 40, care sunt supraponderali \u0219i au probleme precum diabetul de tip 2, hipertensiunea arterial\u0103 \u0219i apneea \u00een somn.<\/li>\n \t<li>Persoanele cu IMC \u00eentre 30-35 \u0219i diabet zaharat de tip 2 nou \u0219i probleme metabolice (la decizia medicului).<\/li>\n<\/ul>\n<strong>Restrictii de varsta<\/strong>\n<ul>\n \t<li>Chirurgia de m\u00e2nec\u0103 gastric\u0103 se efectueaz\u0103 pe persoane cu v\u00e2rsta cuprins\u0103 \u00eentre 18-65 de ani. Pentru cei sub 18 ani este necesar\u0103 aprobarea p\u0103rin\u021bilor, iar starea de s\u0103n\u0103tate a celor peste 65 de ani este evaluat\u0103.<\/li>\n<\/ul>\n<strong>Durere \u0219i cicatrice postoperatorie<\/strong>\n<ul>\n \t<li>\u00centruc\u00e2t interven\u021bia chirurgical\u0103 efectuat\u0103 cu metoda laparoscopic\u0103 se realizeaz\u0103 prin mici incizii, durerea este minim\u0103. Cicatricile devin invizibile \u00een c\u00e2teva luni.<\/li>\n<\/ul>\n<strong>Pierdere \u00een greutate \u0219i urm\u0103rire<\/strong>\n<ul>\n \t<li>Cei care au o interven\u021bie chirurgical\u0103 de gastrectomie cu m\u00e2nec\u0103 pierd 60% din excesul de greutate la 5 ani dup\u0103 opera\u021bie. Cu toate acestea, poate fi necesar un sprijin continuu cu vitamine \u0219i minerale dup\u0103 interven\u021bie chirurgical\u0103.<\/li>\n<\/ul>\n<strong>Interven\u021bii chirurgicale de rec\u0103p\u0103tare \u0219i revizuire \u00een greutate<\/strong>\n<ul>\n \t<li>Rata de rec\u0103p\u0103tare \u00een greutate este de aproximativ 15%. \u00cen acest caz, pot fi necesare interven\u021bii chirurgicale de revizuire. Aceste interven\u021bii chirurgicale trebuie efectuate de chirurgi cu experien\u021b\u0103.<\/li>\n<\/ul>\n<strong>Urm\u0103rire \u0219i asisten\u021b\u0103<\/strong>\n<ul>\n \t<li>Cei care au o interven\u021bie chirurgical\u0103 de gastrectomie cu m\u00e2nec\u0103 sunt urm\u0103ri\u021bi de echipa de obezitate pe via\u021b\u0103. Aceast\u0103 abordare este important\u0103 pentru a proteja s\u0103n\u0103tatea pacientului \u0219i pentru a interveni atunci c\u00e2nd este necesar.<\/li>\n<\/ul>\nDe\u0219i opera\u021bia de gastrectomie cu m\u00e2nec\u0103 este o op\u021biune eficient\u0103 \u00een gestionarea greut\u0103\u021bii \u0219i combaterea obezit\u0103\u021bii, pacien\u021bii au nevoie de monitorizare \u0219i sprijin regulat \u00eenainte \u0219i dup\u0103 opera\u021bie.\t\t\t\t\t\t\t\t<\/div>\n\t\t\t\t<\/div>\n\t\t\t\t\t<\/div>\n\t\t<\/div>\n\t\t\t\t\t<\/div>\n\t\t<\/section>\n\t\t\t\t<\/div>","protected":false},"excerpt":{"rendered":"<p>Gastric Sleeve Hastanede Kal\u0131\u015f S\u00fcresi: 3 G\u00fcn Operasyon S\u00fcresi: 6-8 Saat Anestezi: Genel \u0130yile\u015fme S\u00fcresi: 1-3 Ay Hemen Randevu Al\u0131n T\u00fcp Mide Ameliyat\u0131 Nedir? G\u00fcn\u00fcm\u00fczde yayg\u0131n olarak uygulanan cerrahi giri\u015fimlerden biri olan t\u00fcp mide ameliyat\u0131, &#8220;mide k\u00fc\u00e7\u00fcltme ameliyat\u0131&#8221; olarak bilinir. Bu ameliyat, obezite tedavisinde etkili sonu\u00e7lar sa\u011flar. Ameliyat S\u00fcreci Mide \u015eeklinin De\u011fi\u015fimi: T\u00fcp mide ameliyat\u0131nda, [&hellip;]<\/p>\n","protected":false},"author":2,"featured_media":0,"parent":0,"menu_order":0,"comment_status":"closed","ping_status":"closed","template":"","meta":{"postBodyMargin":[],"postBodyPadding":[],"postBodyBackground":{"backgroundType":"classic","gradient":""},"footnotes":""},"class_list":["post-13594","page","type-page","status-publish","hentry"],"_links":{"self":[{"href":"https:\/\/seldacenter.com\/ro\/wp-json\/wp\/v2\/pages\/13594","targetHints":{"allow":["GET"]}}],"collection":[{"href":"https:\/\/seldacenter.com\/ro\/wp-json\/wp\/v2\/pages"}],"about":[{"href":"https:\/\/seldacenter.com\/ro\/wp-json\/wp\/v2\/types\/page"}],"author":[{"embeddable":true,"href":"https:\/\/seldacenter.com\/ro\/wp-json\/wp\/v2\/users\/2"}],"replies":[{"embeddable":true,"href":"https:\/\/seldacenter.com\/ro\/wp-json\/wp\/v2\/comments?post=13594"}],"version-history":[{"count":13,"href":"https:\/\/seldacenter.com\/ro\/wp-json\/wp\/v2\/pages\/13594\/revisions"}],"predecessor-version":[{"id":14231,"href":"https:\/\/seldacenter.com\/ro\/wp-json\/wp\/v2\/pages\/13594\/revisions\/14231"}],"wp:attachment":[{"href":"https:\/\/seldacenter.com\/ro\/wp-json\/wp\/v2\/media?parent=13594"}],"curies":[{"name":"wp","href":"https:\/\/api.w.org\/{rel}","templated":true}]}}