{"id":13590,"date":"2024-02-17T18:49:52","date_gmt":"2024-02-17T18:49:52","guid":{"rendered":"https:\/\/seldacenter.com\/yeniyapi\/?page_id=13590"},"modified":"2024-03-02T02:30:14","modified_gmt":"2024-03-02T02:30:14","slug":"yuz-prp","status":"publish","type":"page","link":"https:\/\/seldacenter.com\/ro\/yuz-prp\/","title":{"rendered":"PRP facial"},"content":{"rendered":"<div data-elementor-type=\"wp-page\" data-elementor-id=\"13590\" class=\"elementor elementor-13590\" data-elementor-post-type=\"page\">\n\t\t\t\t\t\t<section class=\"elementor-section elementor-top-section elementor-element elementor-element-a323fd0 elementor-section-boxed elementor-section-height-default elementor-section-height-default\" data-id=\"a323fd0\" data-element_type=\"section\">\n\t\t\t\t\t\t<div class=\"elementor-container elementor-column-gap-default\">\n\t\t\t\t\t<div class=\"elementor-column elementor-col-50 elementor-top-column elementor-element elementor-element-0f16831\" data-id=\"0f16831\" data-element_type=\"column\" data-settings=\"{&quot;background_background&quot;:&quot;classic&quot;}\">\n\t\t\t<div class=\"elementor-widget-wrap elementor-element-populated\">\n\t\t\t\t\t\t<div class=\"elementor-element elementor-element-a3d2a81 elementor-widget elementor-widget-image\" data-id=\"a3d2a81\" data-element_type=\"widget\" data-widget_type=\"image.default\">\n\t\t\t\t<div class=\"elementor-widget-container\">\n\t\t\t\t\t\t\t\t\t\t\t\t\t\t\t<img fetchpriority=\"high\" decoding=\"async\" width=\"996\" height=\"664\" src=\"https:\/\/seldacenter.com\/wp-content\/uploads\/2024\/03\/close-up-doctor-checking-patient_23-2149103552.jpg\" class=\"attachment-full size-full wp-image-14264\" alt=\"\" srcset=\"https:\/\/seldacenter.com\/wp-content\/uploads\/2024\/03\/close-up-doctor-checking-patient_23-2149103552.jpg 996w, https:\/\/seldacenter.com\/wp-content\/uploads\/2024\/03\/close-up-doctor-checking-patient_23-2149103552-600x400.jpg 600w, https:\/\/seldacenter.com\/wp-content\/uploads\/2024\/03\/close-up-doctor-checking-patient_23-2149103552-300x200.jpg 300w, https:\/\/seldacenter.com\/wp-content\/uploads\/2024\/03\/close-up-doctor-checking-patient_23-2149103552-768x512.jpg 768w\" sizes=\"(max-width: 996px) 100vw, 996px\" \/>\t\t\t\t\t\t\t\t\t\t\t\t\t\t\t<\/div>\n\t\t\t\t<\/div>\n\t\t\t\t\t<\/div>\n\t\t<\/div>\n\t\t\t\t<div class=\"elementor-column elementor-col-50 elementor-top-column elementor-element elementor-element-99dcb46\" data-id=\"99dcb46\" data-element_type=\"column\">\n\t\t\t<div class=\"elementor-widget-wrap elementor-element-populated\">\n\t\t\t\t\t\t<div class=\"elementor-element elementor-element-dace4bc elementor-widget-divider--view-line_text elementor-widget-divider--element-align-left elementor-widget elementor-widget-divider\" data-id=\"dace4bc\" data-element_type=\"widget\" data-widget_type=\"divider.default\">\n\t\t\t\t<div class=\"elementor-widget-container\">\n\t\t\t\t\t\t\t<div class=\"elementor-divider\">\n\t\t\t<span class=\"elementor-divider-separator\">\n\t\t\t\t\t\t\t<h3 class=\"elementor-divider__text elementor-divider__element\">\n\t\t\t\tTratament PRP facial\t\t\t\t<\/h3>\n\t\t\t\t\t\t<\/span>\n\t\t<\/div>\n\t\t\t\t\t\t<\/div>\n\t\t\t\t<\/div>\n\t\t\t\t<div class=\"elementor-element elementor-element-a21051c elementor-align-left elementor-icon-list--layout-traditional elementor-list-item-link-full_width elementor-widget elementor-widget-icon-list\" data-id=\"a21051c\" data-element_type=\"widget\" data-widget_type=\"icon-list.default\">\n\t\t\t\t<div class=\"elementor-widget-container\">\n\t\t\t\t\t\t\t<ul class=\"elementor-icon-list-items\">\n\t\t\t\t\t\t\t<li class=\"elementor-icon-list-item\">\n\t\t\t\t\t\t\t\t\t\t\t<span class=\"elementor-icon-list-icon\">\n\t\t\t\t\t\t\t<svg aria-hidden=\"true\" class=\"e-font-icon-svg e-far-hospital\" viewbox=\"0 0 448 512\" xmlns=\"http:\/\/www.w3.org\/2000\/svg\"><path d=\"M128 244v-40c0-6.627 5.373-12 12-12h40c6.627 0 12 5.373 12 12v40c0 6.627-5.373 12-12 12h-40c-6.627 0-12-5.373-12-12zm140 12h40c6.627 0 12-5.373 12-12v-40c0-6.627-5.373-12-12-12h-40c-6.627 0-12 5.373-12 12v40c0 6.627 5.373 12 12 12zm-76 84v-40c0-6.627-5.373-12-12-12h-40c-6.627 0-12 5.373-12 12v40c0 6.627 5.373 12 12 12h40c6.627 0 12-5.373 12-12zm76 12h40c6.627 0 12-5.373 12-12v-40c0-6.627-5.373-12-12-12h-40c-6.627 0-12 5.373-12 12v40c0 6.627 5.373 12 12 12zm180 124v36H0v-36c0-6.627 5.373-12 12-12h19.5V85.035C31.5 73.418 42.245 64 55.5 64H144V24c0-13.255 10.745-24 24-24h112c13.255 0 24 10.745 24 24v40h88.5c13.255 0 24 9.418 24 21.035V464H436c6.627 0 12 5.373 12 12zM79.5 463H192v-67c0-6.627 5.373-12 12-12h40c6.627 0 12 5.373 12 12v67h112.5V112H304v24c0 13.255-10.745 24-24 24H168c-13.255 0-24-10.745-24-24v-24H79.5v351zM266 64h-26V38a6 6 0 0 0-6-6h-20a6 6 0 0 0-6 6v26h-26a6 6 0 0 0-6 6v20a6 6 0 0 0 6 6h26v26a6 6 0 0 0 6 6h20a6 6 0 0 0 6-6V96h26a6 6 0 0 0 6-6V70a6 6 0 0 0-6-6z\"><\/path><\/svg>\t\t\t\t\t\t<\/span>\n\t\t\t\t\t\t\t\t\t\t<span class=\"elementor-icon-list-text\">Durata \u0219ederii \u00een spital: Nu este necesar\u0103<\/span>\n\t\t\t\t\t\t\t\t\t<\/li>\n\t\t\t\t\t\t\t\t<li class=\"elementor-icon-list-item\">\n\t\t\t\t\t\t\t\t\t\t\t<span class=\"elementor-icon-list-icon\">\n\t\t\t\t\t\t\t<svg aria-hidden=\"true\" class=\"e-font-icon-svg e-far-clock\" viewbox=\"0 0 512 512\" xmlns=\"http:\/\/www.w3.org\/2000\/svg\"><path d=\"M256 8C119 8 8 119 8 256s111 248 248 248 248-111 248-248S393 8 256 8zm0 448c-110.5 0-200-89.5-200-200S145.5 56 256 56s200 89.5 200 200-89.5 200-200 200zm61.8-104.4l-84.9-61.7c-3.1-2.3-4.9-5.9-4.9-9.7V116c0-6.6 5.4-12 12-12h32c6.6 0 12 5.4 12 12v141.7l66.8 48.6c5.4 3.9 6.5 11.4 2.6 16.8L334.6 349c-3.9 5.3-11.4 6.5-16.8 2.6z\"><\/path><\/svg>\t\t\t\t\t\t<\/span>\n\t\t\t\t\t\t\t\t\t\t<span class=\"elementor-icon-list-text\">Timp de func\u021bionare: 40 de minute<\/span>\n\t\t\t\t\t\t\t\t\t<\/li>\n\t\t\t\t\t\t\t\t<li class=\"elementor-icon-list-item\">\n\t\t\t\t\t\t\t\t\t\t\t<span class=\"elementor-icon-list-icon\">\n\t\t\t\t\t\t\t<svg aria-hidden=\"true\" class=\"e-font-icon-svg e-fas-syringe\" viewbox=\"0 0 512 512\" xmlns=\"http:\/\/www.w3.org\/2000\/svg\"><path d=\"M201.5 174.8l55.7 55.8c3.1 3.1 3.1 8.2 0 11.3l-11.3 11.3c-3.1 3.1-8.2 3.1-11.3 0l-55.7-55.8-45.3 45.3 55.8 55.8c3.1 3.1 3.1 8.2 0 11.3l-11.3 11.3c-3.1 3.1-8.2 3.1-11.3 0L111 265.2l-26.4 26.4c-17.3 17.3-25.6 41.1-23 65.4l7.1 63.6L2.3 487c-3.1 3.1-3.1 8.2 0 11.3l11.3 11.3c3.1 3.1 8.2 3.1 11.3 0l66.3-66.3 63.6 7.1c23.9 2.6 47.9-5.4 65.4-23l181.9-181.9-135.7-135.7-64.9 65zm308.2-93.3L430.5 2.3c-3.1-3.1-8.2-3.1-11.3 0l-11.3 11.3c-3.1 3.1-3.1 8.2 0 11.3l28.3 28.3-45.3 45.3-56.6-56.6-17-17c-3.1-3.1-8.2-3.1-11.3 0l-33.9 33.9c-3.1 3.1-3.1 8.2 0 11.3l17 17L424.8 223l17 17c3.1 3.1 8.2 3.1 11.3 0l33.9-34c3.1-3.1 3.1-8.2 0-11.3l-73.5-73.5 45.3-45.3 28.3 28.3c3.1 3.1 8.2 3.1 11.3 0l11.3-11.3c3.1-3.2 3.1-8.2 0-11.4z\"><\/path><\/svg>\t\t\t\t\t\t<\/span>\n\t\t\t\t\t\t\t\t\t\t<span class=\"elementor-icon-list-text\">Anestezie: Nu este necesar\u0103<\/span>\n\t\t\t\t\t\t\t\t\t<\/li>\n\t\t\t\t\t\t\t\t<li class=\"elementor-icon-list-item\">\n\t\t\t\t\t\t\t\t\t\t\t<span class=\"elementor-icon-list-icon\">\n\t\t\t\t\t\t\t<svg aria-hidden=\"true\" class=\"e-font-icon-svg e-far-heart\" viewbox=\"0 0 512 512\" xmlns=\"http:\/\/www.w3.org\/2000\/svg\"><path d=\"M458.4 64.3C400.6 15.7 311.3 23 256 79.3 200.7 23 111.4 15.6 53.6 64.3-21.6 127.6-10.6 230.8 43 285.5l175.4 178.7c10 10.2 23.4 15.9 37.6 15.9 14.3 0 27.6-5.6 37.6-15.8L469 285.6c53.5-54.7 64.7-157.9-10.6-221.3zm-23.6 187.5L259.4 430.5c-2.4 2.4-4.4 2.4-6.8 0L77.2 251.8c-36.5-37.2-43.9-107.6 7.3-150.7 38.9-32.7 98.9-27.8 136.5 10.5l35 35.7 35-35.7c37.8-38.5 97.8-43.2 136.5-10.6 51.1 43.1 43.5 113.9 7.3 150.8z\"><\/path><\/svg>\t\t\t\t\t\t<\/span>\n\t\t\t\t\t\t\t\t\t\t<span class=\"elementor-icon-list-text\">Timp de recuperare: Imediat<\/span>\n\t\t\t\t\t\t\t\t\t<\/li>\n\t\t\t\t\t\t<\/ul>\n\t\t\t\t\t\t<\/div>\n\t\t\t\t<\/div>\n\t\t\t\t<div class=\"elementor-element elementor-element-6510383 elementor-align-justify elementor-widget elementor-widget-button\" data-id=\"6510383\" data-element_type=\"widget\" data-widget_type=\"button.default\">\n\t\t\t\t<div class=\"elementor-widget-container\">\n\t\t\t\t\t\t\t\t\t<div class=\"elementor-button-wrapper\">\n\t\t\t\t\t<a class=\"elementor-button elementor-button-link elementor-size-sm elementor-animation-buzz\" href=\"https:\/\/seldacenter.com\/ro\/\">\n\t\t\t\t\t\t<span class=\"elementor-button-content-wrapper\">\n\t\t\t\t\t\t\t\t\t<span class=\"elementor-button-text\">Face\u021bi o programare acum<\/span>\n\t\t\t\t\t<\/span>\n\t\t\t\t\t<\/a>\n\t\t\t\t<\/div>\n\t\t\t\t\t\t\t\t<\/div>\n\t\t\t\t<\/div>\n\t\t\t\t\t<\/div>\n\t\t<\/div>\n\t\t\t\t\t<\/div>\n\t\t<\/section>\n\t\t\t\t<section class=\"elementor-section elementor-top-section elementor-element elementor-element-4d0e101e elementor-section-boxed elementor-section-height-default elementor-section-height-default\" data-id=\"4d0e101e\" data-element_type=\"section\">\n\t\t\t\t\t\t<div class=\"elementor-container elementor-column-gap-default\">\n\t\t\t\t\t<div class=\"elementor-column elementor-col-100 elementor-top-column elementor-element elementor-element-2d3505f0\" data-id=\"2d3505f0\" data-element_type=\"column\">\n\t\t\t<div class=\"elementor-widget-wrap elementor-element-populated\">\n\t\t\t\t\t\t<div class=\"elementor-element elementor-element-434aac17 elementor-widget elementor-widget-text-editor\" data-id=\"434aac17\" data-element_type=\"widget\" data-widget_type=\"text-editor.default\">\n\t\t\t\t<div class=\"elementor-widget-container\">\n\t\t\t\t\t\t\t\t\tAst\u0103zi, tehnologiile \u00een dezvoltare rapid\u0103 din domeniul esteticii \u0219i frumuse\u021bii ofer\u0103 multe op\u021biuni persoanelor care doresc s\u0103 ob\u021bin\u0103 un aspect t\u00e2n\u0103r \u0219i s\u0103n\u0103tos al pielii. Una dintre aceste op\u021biuni este tratamentul cu plasm\u0103 bogat\u0103 \u00een trombocite (PRP). Tratamentul facial PRP este o metod\u0103 de \u00eenfrumuse\u021bare \u0219i \u00eentinerire care presupune injectarea \u00een piele a plasmei bogate \u00een trombocite, ob\u021binut\u0103 din s\u00e2ngele propriu al persoanei. \u00cen acest articol, ne vom concentra asupra detaliilor tratamentului cu PRP facial \u0219i asupra efectelor acestui tratament asupra \u00eentineririi pielii.\n\n<strong>Ce este PRP facial?<\/strong>\n\nPRP este un tip de plasm\u0103 care con\u021bine o concentra\u021bie mare de trombocite \u00een propriul s\u00e2nge al unei persoane. Trombocitele sunt celule care permit coagularea s\u00e2ngelui \u0219i declan\u0219eaz\u0103 vindecarea dup\u0103 leziuni \u00een organism. In tratamentul facial cu PRP, aceasta plasma bogata in trombocite este obtinuta printr-un proces special. Apoi este injectat \u00een piele, av\u00e2nd ca scop \u00eentinerirea pielii.\n\n<strong>Cum se aplic\u0103 PRP facial?<\/strong>\n\nTratamentul cu PRP facial include de obicei urm\u0103torii pa\u0219i:\n\n<strong>Pasul 1: Recoltarea s\u00e2ngelui<\/strong>\n\n\u00cen primul r\u00e2nd, se preleveaz\u0103 o mic\u0103 prob\u0103 de s\u00e2nge de la pacient, de obicei din zona bra\u021bului sau a cotului.\n\n<strong>Pasul 2: Preg\u0103tirea PRP<\/strong>\n\nProba de s\u00e2nge prelevat\u0103 este procesat\u0103 printr-un proces numit centrifugare. \u00cen acest proces, diferite componente ale s\u00e2ngelui sunt separate \u0219i se ob\u021bine plasm\u0103 bogat\u0103 \u00een trombocite.\n\n<strong>Pasul 3: injectare<\/strong>\n\nPRP-ul preparat este injectat \u00een fa\u021b\u0103 prin ace speciale sub\u021biri. Punctele de injectare sunt de obicei concentrate pe zonele \u00een care pielea trebuie \u00eentinerit\u0103 sau zone specifice trebuie \u00eembun\u0103t\u0103\u021bite.\n\n<strong>Pasul 4: Procesul de vindecare<\/strong>\n\nTratamentul facial PRP ofer\u0103 \u00een general un proces de recuperare rapid\u0103. Dup\u0103 tratament pot ap\u0103rea u\u0219oare umfl\u0103turi sau ro\u0219ea\u021b\u0103, dar aceasta dispare de obicei \u00een scurt timp.\n\n<strong>Avantajele PRP facial<\/strong>\n\n<strong>1. \u00centinerirea pielii<\/strong>\n\nTratamentul facial PRP poate cre\u0219te elasticitatea pielii \u0219i poate ajuta la reducerea liniilor fine \u0219i a ridurilor prin stimularea produc\u021biei de colagen.\n\n<strong>2. \u00cembun\u0103t\u0103\u021birea tonului \u0219i texturii pielii<\/strong>\n\nPRP poate uniformiza nuan\u021ba pielii \u0219i poate ajuta pielea s\u0103 aib\u0103 o textur\u0103 mai fin\u0103.\n\n<strong>3. Reducerea pete \u0219i pete<\/strong>\n\nInjec\u021biile cu PRP pot fi eficiente \u00eempotriva petelor solare sau a problemelor de pigmentare, contribuind la un ton mai uniform al pielii.\n\n<strong>4. O metod\u0103 natural\u0103 \u0219i sigur\u0103<\/strong>\n\nTratamentul cu PRP facial este \u00een general considerat o metod\u0103 natural\u0103 \u0219i sigur\u0103 datorit\u0103 utiliz\u0103rii produselor ob\u021binute din s\u00e2ngele propriu al persoanei.\n\n<strong>5. Vindecare rapid\u0103<\/strong>\n\nNecesit\u0103 un timp minim de recuperare dup\u0103 tratament \u0219i oamenii se pot \u00eentoarce de obicei la activit\u0103\u021bile zilnice imediat.\n\n<strong>Pentru cine este potrivit tratamentul cu PRP facial?<\/strong>\n\nTratamentul facial PRP este, \u00een general, potrivit pentru urm\u0103toarele afec\u021biuni:\n<ul>\n \t<li>\n    Dorin\u021ba de a reduce liniile fine \u0219i ridurile<\/li>\n \t<li>\n    Neregularit\u0103\u021bi ale nuan\u021bei pielii sau probleme de pigmentare<\/li>\n \t<li>\n    Dorin\u021ba de a avea o piele \u00eentinerit\u0103<\/li>\n \t<li>\n    Pierderea elasticit\u0103\u021bii sau probleme de lasare<\/li>\n<\/ul>\nCu toate acestea, este posibil s\u0103 nu fie potrivit pentru toat\u0103 lumea \u0219i trebuie luate \u00een considerare istoricul de s\u0103n\u0103tate \u0219i tipul de piele al unei persoane.\n\n<strong>\u00cen concluzie<\/strong>\n\nTratamentul facial PRP se remarc\u0103 ca metod\u0103 natural\u0103 de \u00eentinerire. Cu toate acestea, ca \u0219i \u00een cazul oric\u0103rei interven\u021bii estetice, este important ca persoanele care iau \u00een considerare acest tratament s\u0103 se consulte cu un profesionist calificat. Structura pielii fiec\u0103rei persoane este diferit\u0103, a\u0219a c\u0103 crearea unui plan de tratament personalizat este important\u0103 pentru a ob\u021bine cele mai eficiente rezultate.\t\t\t\t\t\t\t\t<\/div>\n\t\t\t\t<\/div>\n\t\t\t\t\t<\/div>\n\t\t<\/div>\n\t\t\t\t\t<\/div>\n\t\t<\/section>\n\t\t\t\t<\/div>","protected":false},"excerpt":{"rendered":"<p>Y\u00fcz PRP Tedavisi Hastanede Kal\u0131\u015f S\u00fcresi: Gerekli De\u011fil Operasyon S\u00fcresi: 40 Dakika Anestezi: Gerekli De\u011fil \u0130yile\u015fme S\u00fcresi: Hemen Hemen Randevu Al\u0131n G\u00fcn\u00fcm\u00fczde, estetik ve g\u00fczellik alan\u0131nda h\u0131zla geli\u015fen teknolojiler, gen\u00e7 ve sa\u011fl\u0131kl\u0131 bir cilt g\u00f6r\u00fcn\u00fcm\u00fc elde etmek isteyen ki\u015filere bir\u00e7ok se\u00e7enek sunmaktad\u0131r. Bu se\u00e7eneklerden biri de Platelet-Rich Plasma (PRP) tedavisidir. Y\u00fcz PRP tedavisi, ki\u015finin kendi [&hellip;]<\/p>\n","protected":false},"author":2,"featured_media":0,"parent":0,"menu_order":0,"comment_status":"closed","ping_status":"closed","template":"","meta":{"postBodyMargin":[],"postBodyPadding":[],"postBodyBackground":{"backgroundType":"classic","gradient":""},"footnotes":""},"class_list":["post-13590","page","type-page","status-publish","hentry"],"_links":{"self":[{"href":"https:\/\/seldacenter.com\/ro\/wp-json\/wp\/v2\/pages\/13590","targetHints":{"allow":["GET"]}}],"collection":[{"href":"https:\/\/seldacenter.com\/ro\/wp-json\/wp\/v2\/pages"}],"about":[{"href":"https:\/\/seldacenter.com\/ro\/wp-json\/wp\/v2\/types\/page"}],"author":[{"embeddable":true,"href":"https:\/\/seldacenter.com\/ro\/wp-json\/wp\/v2\/users\/2"}],"replies":[{"embeddable":true,"href":"https:\/\/seldacenter.com\/ro\/wp-json\/wp\/v2\/comments?post=13590"}],"version-history":[{"count":10,"href":"https:\/\/seldacenter.com\/ro\/wp-json\/wp\/v2\/pages\/13590\/revisions"}],"predecessor-version":[{"id":14267,"href":"https:\/\/seldacenter.com\/ro\/wp-json\/wp\/v2\/pages\/13590\/revisions\/14267"}],"wp:attachment":[{"href":"https:\/\/seldacenter.com\/ro\/wp-json\/wp\/v2\/media?parent=13590"}],"curies":[{"name":"wp","href":"https:\/\/api.w.org\/{rel}","templated":true}]}}