{"id":13588,"date":"2024-02-17T18:49:20","date_gmt":"2024-02-17T18:49:20","guid":{"rendered":"https:\/\/seldacenter.com\/yeniyapi\/?page_id=13588"},"modified":"2024-02-17T18:49:21","modified_gmt":"2024-02-17T18:49:21","slug":"yuz-germe-ameliyati","status":"publish","type":"page","link":"https:\/\/seldacenter.com\/ro\/yuz-germe-ameliyati\/","title":{"rendered":"Chirurgie de lifting facial"},"content":{"rendered":"<p><strong>Lifting facial: o solu\u021bie eficient\u0103 pentru un aspect t\u00e2n\u0103r \u0219i vibrant<\/strong><\/p>\n<p>Opera\u021bia de lifting facial este o procedur\u0103 chirurgical\u0103 ce ofer\u0103 o solu\u021bie eficient\u0103 pentru cei care doresc s\u0103 fac\u0103 fa\u021b\u0103 semnelor \u00eemb\u0103tr\u00e2nirii \u0219i s\u0103 ob\u021bin\u0103 un aspect mai t\u00e2n\u0103r \u0219i mai vibrant. Iat\u0103 curiozit\u0103\u021bile despre opera\u021bia de lifting facial:<\/p>\n<p>Cum se efectueaz\u0103 opera\u021bia de lifting facial?<\/p>\n<p>Liftingul facial se efectueaz\u0103 conform unui plan bazat pe nevoile persoanei \u0219i pe zonele \u00een care se detecteaz\u0103 deformarea. Pe l\u00e2ng\u0103 l\u0103sarea \u0219i sl\u0103birea pielii, se intervine asupra mu\u0219chilor faciali \u0219i a \u021besuturilor conjunctive. Modelarea tridimensional\u0103 a \u021besuturilor profunde ofer\u0103 rezultate naturale \u0219i permanente. Inciziile sunt de obicei plasate la linia p\u0103rului \u0219i \u00een fa\u021ba urechii, ceea ce permite cicatricilor s\u0103 devin\u0103 invizibile \u00een timp.<\/p>\n<p>Avantajele chirurgiei de lifting facial<\/p>\n<ul>\n<li>Afecteaz\u0103 toate straturile pielii \u0219i ajunge \u00een \u021besuturile profunde.<\/li>\n<li>Poate continua procesul de \u00eentinerire timp de 5 p\u00e2n\u0103 la 10 ani.<\/li>\n<li>Poate fi efectuat\u0103 prin metode endoscopice cu cicatrici minime.<\/li>\n<li>Proces rapid de vindecare \u0219i v\u00e2n\u0103t\u0103i minime.<\/li>\n<\/ul>\n<p>Perioada de permanen\u021b\u0103 pentru lifting facial<\/p>\n<p>\u00cen func\u021bie de planificarea corect\u0103 \u0219i de stilul de via\u021b\u0103 al persoanei, efectele opera\u021biei de lifting facial pot dura de obicei \u00eentre 5 \u0219i 10 ani. Cu toate acestea, factori precum fumatul, consumul de alcool, stresul \u0219i alimenta\u021bia necorespunz\u0103toare pot afecta durata interven\u021biei chirurgicale. Rezultatele interven\u021biei chirurgicale, sus\u021binute de un stil de via\u021b\u0103 s\u0103n\u0103tos, pot fi men\u021binute pentru o perioad\u0103 mai lung\u0103.<\/p>\n<p>Procesul post-chirurgical de lifting facial<\/p>\n<ul>\n<li>Durata \u0219ederii \u00een spital este de obicei una sau dou\u0103 zile.<\/li>\n<li>V\u00e2n\u0103t\u0103ile \u0219i umfl\u0103turile \u00eencep s\u0103 dispar\u0103 \u00een 48 p\u00e2n\u0103 la 72 de ore.<\/li>\n<li>Pacientul se poate \u00eentoarce la munc\u0103 \u00een 7 p\u00e2n\u0103 la 10 zile.<\/li>\n<li>Procesul complet de recuperare poate dura 1,5-2 luni.<\/li>\n<\/ul>\n<p>Pre\u021buri pentru opera\u021bii de lifting facial<\/p>\n<p>Pre\u021burile opera\u021biilor de lifting facial pot varia \u00een func\u021bie de procedura care urmeaz\u0103 a fi efectuat\u0103 \u0219i de materialele care vor fi utilizate.<\/p>","protected":false},"excerpt":{"rendered":"<p>Y\u00fcz Germe Ameliyat\u0131: Gen\u00e7 ve Canl\u0131 Bir G\u00f6r\u00fcn\u00fcm \u0130\u00e7in Etkili \u00c7\u00f6z\u00fcm Y\u00fcz germe ameliyat\u0131, ya\u015fl\u0131l\u0131k belirtileriyle ba\u015fa \u00e7\u0131kmak ve daha gen\u00e7, canl\u0131 bir g\u00f6r\u00fcn\u00fcm elde etmek isteyenler i\u00e7in etkili bir \u00e7\u00f6z\u00fcm sunan bir cerrahi i\u015flemdir. \u0130\u015fte y\u00fcz germe ameliyat\u0131 hakk\u0131nda merak edilenler: Y\u00fcz Germe Ameliyat\u0131 Nas\u0131l Yap\u0131l\u0131r? Y\u00fcz germe ameliyat\u0131, ki\u015finin ihtiya\u00e7lar\u0131na ve deformasyonun tespit [&hellip;]<\/p>\n","protected":false},"author":2,"featured_media":0,"parent":0,"menu_order":0,"comment_status":"closed","ping_status":"closed","template":"","meta":{"postBodyMargin":[],"postBodyPadding":[],"postBodyBackground":{"backgroundType":"classic","gradient":""},"footnotes":""},"class_list":["post-13588","page","type-page","status-publish","hentry"],"_links":{"self":[{"href":"https:\/\/seldacenter.com\/ro\/wp-json\/wp\/v2\/pages\/13588","targetHints":{"allow":["GET"]}}],"collection":[{"href":"https:\/\/seldacenter.com\/ro\/wp-json\/wp\/v2\/pages"}],"about":[{"href":"https:\/\/seldacenter.com\/ro\/wp-json\/wp\/v2\/types\/page"}],"author":[{"embeddable":true,"href":"https:\/\/seldacenter.com\/ro\/wp-json\/wp\/v2\/users\/2"}],"replies":[{"embeddable":true,"href":"https:\/\/seldacenter.com\/ro\/wp-json\/wp\/v2\/comments?post=13588"}],"version-history":[{"count":1,"href":"https:\/\/seldacenter.com\/ro\/wp-json\/wp\/v2\/pages\/13588\/revisions"}],"predecessor-version":[{"id":13589,"href":"https:\/\/seldacenter.com\/ro\/wp-json\/wp\/v2\/pages\/13588\/revisions\/13589"}],"wp:attachment":[{"href":"https:\/\/seldacenter.com\/ro\/wp-json\/wp\/v2\/media?parent=13588"}],"curies":[{"name":"wp","href":"https:\/\/api.w.org\/{rel}","templated":true}]}}