{"id":13582,"date":"2024-02-17T18:44:51","date_gmt":"2024-02-17T18:44:51","guid":{"rendered":"https:\/\/seldacenter.com\/yeniyapi\/?page_id=13582"},"modified":"2024-02-25T05:51:17","modified_gmt":"2024-02-25T05:51:17","slug":"sapphire-kas-ekimi","status":"publish","type":"page","link":"https:\/\/seldacenter.com\/ro\/sapphire-kas-ekimi\/","title":{"rendered":"Transplant de spr\u00e2ncene cu safir"},"content":{"rendered":"<div data-elementor-type=\"wp-page\" data-elementor-id=\"13582\" class=\"elementor elementor-13582\" data-elementor-post-type=\"page\">\n\t\t\t\t\t\t<section class=\"elementor-section elementor-top-section elementor-element elementor-element-5ce851c elementor-section-boxed elementor-section-height-default elementor-section-height-default\" data-id=\"5ce851c\" data-element_type=\"section\">\n\t\t\t\t\t\t<div class=\"elementor-container elementor-column-gap-default\">\n\t\t\t\t\t<div class=\"elementor-column elementor-col-50 elementor-top-column elementor-element elementor-element-ddc6ae6\" data-id=\"ddc6ae6\" data-element_type=\"column\" data-settings=\"{&quot;background_background&quot;:&quot;classic&quot;}\">\n\t\t\t<div class=\"elementor-widget-wrap elementor-element-populated\">\n\t\t\t\t\t\t<div class=\"elementor-element elementor-element-1a32a93 elementor-widget elementor-widget-image\" data-id=\"1a32a93\" data-element_type=\"widget\" data-widget_type=\"image.default\">\n\t\t\t\t<div class=\"elementor-widget-container\">\n\t\t\t\t\t\t\t\t\t\t\t\t\t\t\t<img fetchpriority=\"high\" decoding=\"async\" width=\"900\" height=\"400\" src=\"https:\/\/seldacenter.com\/wp-content\/uploads\/2023\/11\/kas_ekimi.jpg\" class=\"attachment-full size-full wp-image-13193\" alt=\"\" srcset=\"https:\/\/seldacenter.com\/wp-content\/uploads\/2023\/11\/kas_ekimi.jpg 900w, https:\/\/seldacenter.com\/wp-content\/uploads\/2023\/11\/kas_ekimi-600x267.jpg 600w, https:\/\/seldacenter.com\/wp-content\/uploads\/2023\/11\/kas_ekimi-300x133.jpg 300w, https:\/\/seldacenter.com\/wp-content\/uploads\/2023\/11\/kas_ekimi-768x341.jpg 768w\" sizes=\"(max-width: 900px) 100vw, 900px\" \/>\t\t\t\t\t\t\t\t\t\t\t\t\t\t\t<\/div>\n\t\t\t\t<\/div>\n\t\t\t\t\t<\/div>\n\t\t<\/div>\n\t\t\t\t<div class=\"elementor-column elementor-col-50 elementor-top-column elementor-element elementor-element-9b1e40b\" data-id=\"9b1e40b\" data-element_type=\"column\">\n\t\t\t<div class=\"elementor-widget-wrap elementor-element-populated\">\n\t\t\t\t\t\t<div class=\"elementor-element elementor-element-ec0c5cd elementor-widget-divider--view-line_text elementor-widget-divider--element-align-left elementor-widget elementor-widget-divider\" data-id=\"ec0c5cd\" data-element_type=\"widget\" data-widget_type=\"divider.default\">\n\t\t\t\t<div class=\"elementor-widget-container\">\n\t\t\t\t\t\t\t<div class=\"elementor-divider\">\n\t\t\t<span class=\"elementor-divider-separator\">\n\t\t\t\t\t\t\t<h3 class=\"elementor-divider__text elementor-divider__element\">\n\t\t\t\tTransplant de spr\u00e2ncene cu safir\t\t\t\t<\/h3>\n\t\t\t\t\t\t<\/span>\n\t\t<\/div>\n\t\t\t\t\t\t<\/div>\n\t\t\t\t<\/div>\n\t\t\t\t<div class=\"elementor-element elementor-element-98f349d elementor-align-left elementor-icon-list--layout-traditional elementor-list-item-link-full_width elementor-widget elementor-widget-icon-list\" data-id=\"98f349d\" data-element_type=\"widget\" data-widget_type=\"icon-list.default\">\n\t\t\t\t<div class=\"elementor-widget-container\">\n\t\t\t\t\t\t\t<ul class=\"elementor-icon-list-items\">\n\t\t\t\t\t\t\t<li class=\"elementor-icon-list-item\">\n\t\t\t\t\t\t\t\t\t\t\t<span class=\"elementor-icon-list-icon\">\n\t\t\t\t\t\t\t<svg aria-hidden=\"true\" class=\"e-font-icon-svg e-far-hospital\" viewbox=\"0 0 448 512\" xmlns=\"http:\/\/www.w3.org\/2000\/svg\"><path d=\"M128 244v-40c0-6.627 5.373-12 12-12h40c6.627 0 12 5.373 12 12v40c0 6.627-5.373 12-12 12h-40c-6.627 0-12-5.373-12-12zm140 12h40c6.627 0 12-5.373 12-12v-40c0-6.627-5.373-12-12-12h-40c-6.627 0-12 5.373-12 12v40c0 6.627 5.373 12 12 12zm-76 84v-40c0-6.627-5.373-12-12-12h-40c-6.627 0-12 5.373-12 12v40c0 6.627 5.373 12 12 12h40c6.627 0 12-5.373 12-12zm76 12h40c6.627 0 12-5.373 12-12v-40c0-6.627-5.373-12-12-12h-40c-6.627 0-12 5.373-12 12v40c0 6.627 5.373 12 12 12zm180 124v36H0v-36c0-6.627 5.373-12 12-12h19.5V85.035C31.5 73.418 42.245 64 55.5 64H144V24c0-13.255 10.745-24 24-24h112c13.255 0 24 10.745 24 24v40h88.5c13.255 0 24 9.418 24 21.035V464H436c6.627 0 12 5.373 12 12zM79.5 463H192v-67c0-6.627 5.373-12 12-12h40c6.627 0 12 5.373 12 12v67h112.5V112H304v24c0 13.255-10.745 24-24 24H168c-13.255 0-24-10.745-24-24v-24H79.5v351zM266 64h-26V38a6 6 0 0 0-6-6h-20a6 6 0 0 0-6 6v26h-26a6 6 0 0 0-6 6v20a6 6 0 0 0 6 6h26v26a6 6 0 0 0 6 6h20a6 6 0 0 0 6-6V96h26a6 6 0 0 0 6-6V70a6 6 0 0 0-6-6z\"><\/path><\/svg>\t\t\t\t\t\t<\/span>\n\t\t\t\t\t\t\t\t\t\t<span class=\"elementor-icon-list-text\">Durata \u0219ederii \u00een spital: Nu este necesar\u0103<\/span>\n\t\t\t\t\t\t\t\t\t<\/li>\n\t\t\t\t\t\t\t\t<li class=\"elementor-icon-list-item\">\n\t\t\t\t\t\t\t\t\t\t\t<span class=\"elementor-icon-list-icon\">\n\t\t\t\t\t\t\t<svg aria-hidden=\"true\" class=\"e-font-icon-svg e-far-clock\" viewbox=\"0 0 512 512\" xmlns=\"http:\/\/www.w3.org\/2000\/svg\"><path d=\"M256 8C119 8 8 119 8 256s111 248 248 248 248-111 248-248S393 8 256 8zm0 448c-110.5 0-200-89.5-200-200S145.5 56 256 56s200 89.5 200 200-89.5 200-200 200zm61.8-104.4l-84.9-61.7c-3.1-2.3-4.9-5.9-4.9-9.7V116c0-6.6 5.4-12 12-12h32c6.6 0 12 5.4 12 12v141.7l66.8 48.6c5.4 3.9 6.5 11.4 2.6 16.8L334.6 349c-3.9 5.3-11.4 6.5-16.8 2.6z\"><\/path><\/svg>\t\t\t\t\t\t<\/span>\n\t\t\t\t\t\t\t\t\t\t<span class=\"elementor-icon-list-text\">Timp de func\u021bionare: 6-8 ore<\/span>\n\t\t\t\t\t\t\t\t\t<\/li>\n\t\t\t\t\t\t\t\t<li class=\"elementor-icon-list-item\">\n\t\t\t\t\t\t\t\t\t\t\t<span class=\"elementor-icon-list-icon\">\n\t\t\t\t\t\t\t<svg aria-hidden=\"true\" class=\"e-font-icon-svg e-fas-syringe\" viewbox=\"0 0 512 512\" xmlns=\"http:\/\/www.w3.org\/2000\/svg\"><path d=\"M201.5 174.8l55.7 55.8c3.1 3.1 3.1 8.2 0 11.3l-11.3 11.3c-3.1 3.1-8.2 3.1-11.3 0l-55.7-55.8-45.3 45.3 55.8 55.8c3.1 3.1 3.1 8.2 0 11.3l-11.3 11.3c-3.1 3.1-8.2 3.1-11.3 0L111 265.2l-26.4 26.4c-17.3 17.3-25.6 41.1-23 65.4l7.1 63.6L2.3 487c-3.1 3.1-3.1 8.2 0 11.3l11.3 11.3c3.1 3.1 8.2 3.1 11.3 0l66.3-66.3 63.6 7.1c23.9 2.6 47.9-5.4 65.4-23l181.9-181.9-135.7-135.7-64.9 65zm308.2-93.3L430.5 2.3c-3.1-3.1-8.2-3.1-11.3 0l-11.3 11.3c-3.1 3.1-3.1 8.2 0 11.3l28.3 28.3-45.3 45.3-56.6-56.6-17-17c-3.1-3.1-8.2-3.1-11.3 0l-33.9 33.9c-3.1 3.1-3.1 8.2 0 11.3l17 17L424.8 223l17 17c3.1 3.1 8.2 3.1 11.3 0l33.9-34c3.1-3.1 3.1-8.2 0-11.3l-73.5-73.5 45.3-45.3 28.3 28.3c3.1 3.1 8.2 3.1 11.3 0l11.3-11.3c3.1-3.2 3.1-8.2 0-11.4z\"><\/path><\/svg>\t\t\t\t\t\t<\/span>\n\t\t\t\t\t\t\t\t\t\t<span class=\"elementor-icon-list-text\">Anestezie: Local\u0103<\/span>\n\t\t\t\t\t\t\t\t\t<\/li>\n\t\t\t\t\t\t\t\t<li class=\"elementor-icon-list-item\">\n\t\t\t\t\t\t\t\t\t\t\t<span class=\"elementor-icon-list-icon\">\n\t\t\t\t\t\t\t<svg aria-hidden=\"true\" class=\"e-font-icon-svg e-far-heart\" viewbox=\"0 0 512 512\" xmlns=\"http:\/\/www.w3.org\/2000\/svg\"><path d=\"M458.4 64.3C400.6 15.7 311.3 23 256 79.3 200.7 23 111.4 15.6 53.6 64.3-21.6 127.6-10.6 230.8 43 285.5l175.4 178.7c10 10.2 23.4 15.9 37.6 15.9 14.3 0 27.6-5.6 37.6-15.8L469 285.6c53.5-54.7 64.7-157.9-10.6-221.3zm-23.6 187.5L259.4 430.5c-2.4 2.4-4.4 2.4-6.8 0L77.2 251.8c-36.5-37.2-43.9-107.6 7.3-150.7 38.9-32.7 98.9-27.8 136.5 10.5l35 35.7 35-35.7c37.8-38.5 97.8-43.2 136.5-10.6 51.1 43.1 43.5 113.9 7.3 150.8z\"><\/path><\/svg>\t\t\t\t\t\t<\/span>\n\t\t\t\t\t\t\t\t\t\t<span class=\"elementor-icon-list-text\">Timp de recuperare: 6-12 luni<\/span>\n\t\t\t\t\t\t\t\t\t<\/li>\n\t\t\t\t\t\t<\/ul>\n\t\t\t\t\t\t<\/div>\n\t\t\t\t<\/div>\n\t\t\t\t<div class=\"elementor-element elementor-element-37a2ca8 elementor-align-justify elementor-widget elementor-widget-button\" data-id=\"37a2ca8\" data-element_type=\"widget\" data-widget_type=\"button.default\">\n\t\t\t\t<div class=\"elementor-widget-container\">\n\t\t\t\t\t\t\t\t\t<div class=\"elementor-button-wrapper\">\n\t\t\t\t\t<a class=\"elementor-button elementor-button-link elementor-size-sm elementor-animation-buzz\" href=\"https:\/\/seldacenter.com\/ro\/\">\n\t\t\t\t\t\t<span class=\"elementor-button-content-wrapper\">\n\t\t\t\t\t\t\t\t\t<span class=\"elementor-button-text\">Face\u021bi o programare acum<\/span>\n\t\t\t\t\t<\/span>\n\t\t\t\t\t<\/a>\n\t\t\t\t<\/div>\n\t\t\t\t\t\t\t\t<\/div>\n\t\t\t\t<\/div>\n\t\t\t\t\t<\/div>\n\t\t<\/div>\n\t\t\t\t\t<\/div>\n\t\t<\/section>\n\t\t\t\t<section class=\"elementor-section elementor-top-section elementor-element elementor-element-3c2fc51c elementor-section-boxed elementor-section-height-default elementor-section-height-default\" data-id=\"3c2fc51c\" data-element_type=\"section\">\n\t\t\t\t\t\t<div class=\"elementor-container elementor-column-gap-default\">\n\t\t\t\t\t<div class=\"elementor-column elementor-col-100 elementor-top-column elementor-element elementor-element-369c09\" data-id=\"369c09\" data-element_type=\"column\">\n\t\t\t<div class=\"elementor-widget-wrap elementor-element-populated\">\n\t\t\t\t\t\t<div class=\"elementor-element elementor-element-7ef52623 elementor-widget elementor-widget-text-editor\" data-id=\"7ef52623\" data-element_type=\"widget\" data-widget_type=\"text-editor.default\">\n\t\t\t\t<div class=\"elementor-widget-container\">\n\t\t\t\t\t\t\t\t\tSpr\u00e2ncenele sunt o parte important\u0103 a frumuse\u021bii faciale, iar lumea esteticii a intrat \u00eentr-o nou\u0103 er\u0103 \u00een acest domeniu odat\u0103 cu inova\u021bia adus\u0103 de tehnologia SAPPHIRE. Lamele cu v\u00e2rf de safir reunesc naturale\u021bea \u0219i perfec\u021biunea \u00een timp ce adaug\u0103 o not\u0103 estetic\u0103 opera\u021biunilor de transplant de spr\u00e2ncene.\n\n<strong>Tehnologia SAPPHIRE \u0219i transplantul de spr\u00e2ncene:<\/strong> Tehnologia SAPPHIRE ofer\u0103 o abordare inovatoare a opera\u021biunilor de transplant de spr\u00e2ncene folosind v\u00e2rfuri de safir special concepute. Aceast\u0103 tehnologie ofer\u0103 rezultate naturale \u0219i estetice \u00een zona spr\u00e2ncenelor cu capacitatea de a face t\u0103ieturi mai sub\u021biri \u0219i mai precise.\n\n<strong>Avantajele estetice ale v\u00e2rfurilor Sapphire:<\/strong>\n<ul>\n \t<li><strong>Taieturi naturale:<\/strong> V\u00e2rfurile de safir ofer\u0103 unghiuri \u0219i t\u0103ieturi mai naturale \u00een timpul transplantului de spr\u00e2ncene. Acest lucru face posibil ca p\u0103rul transplantat s\u0103 aib\u0103 un aspect natural.<\/li>\n \t<li><strong>Durabilitate:<\/strong> Deoarece safirul este un material durabil, ofer\u0103 o performan\u021b\u0103 mai eficient\u0103 \u0219i de lung\u0103 durat\u0103 \u00een timpul func\u021bion\u0103rii.<\/li>\n \t<li><strong>Transport de precizie:<\/strong> V\u00e2rfurile de safir folosite \u00een timpul transplantului de spr\u00e2ncene permit \u00eendep\u0103rtarea \u0219i transplantarea foliculilor de p\u0103r mai precis.<\/li>\n<\/ul>\n<strong>Opera\u021bia de transplant de spr\u00e2ncene SAPPHIRE:<\/strong> Operatia de transplant de sprancene SAPPHIRE se face sub anestezie locala. V\u00e2rfurile de safir sunt folosite pentru a crea linia spr\u00e2ncenelor \u0219i pentru a pozi\u021biona cu precizie foliculii. Durerea minim\u0103 \u0219i recuperarea rapid\u0103 dup\u0103 opera\u021bie ofer\u0103 pacien\u021bilor o experien\u021b\u0103 confortabil\u0103.\n\n<strong>\u00centreb\u0103ri frecvente:<\/strong>\n\n<strong>1. Ce este Tehnologia SAPPHIRE?<\/strong>\n<ul>\n \t<li>SAFIR se refer\u0103 la materialul lamei cu v\u00e2rf de safir utilizat \u00een opera\u021biunile de transplant de spr\u00e2ncene. Acest material este cunoscut pentru capacitatea sa de a face t\u0103ieturi mai sub\u021biri \u0219i mai precise.<\/li>\n<\/ul>\n<strong>2. Cum progreseaz\u0103 procesul de vindecare dup\u0103 transplantul de spr\u00e2ncene SAPPHIRE?<\/strong>\n<ul>\n \t<li>Opera\u021bia de transplant de spr\u00e2ncene SAPPHIRE ofer\u0103 un proces de recuperare rapid\u0103 datorit\u0103 t\u0103ieturilor mici \u0219i procedurilor delicate. Procesul de recuperare poate varia de la o persoan\u0103 la alta, dar pacien\u021bii se pot \u00eentoarce de obicei la activit\u0103\u021bile lor zilnice \u00een c\u00e2teva zile.<\/li>\n<\/ul>\n<strong>3. De ce sunt v\u00e2rfurile de safir mai bune dec\u00e2t alte materiale?<\/strong>\n<ul>\n \t<li>V\u00e2rfurile de safir se remarc\u0103 prin faptul c\u0103 sunt mai ascu\u021bite \u0219i mai durabile. Aceste caracteristici ofer\u0103 o performan\u021b\u0103 mai precis\u0103 \u0219i mai eficient\u0103 \u00een opera\u021biile de chirurgie plastic\u0103.<\/li>\n<\/ul>\n<strong>4. Transplantul de spr\u00e2ncene SAPPHIRE este permanent?<\/strong>\n<ul>\n \t<li>Da, transplantul de sprancene SAPPHIRE este permanent. Foliculii de p\u0103r transplanta\u021bi continu\u0103 s\u0103 creasc\u0103 natural, la fel cum au f\u0103cut-o de unde au fost preleva\u021bi.<\/li>\n<\/ul>\n<strong>5. Cine este potrivit pentru transplantul de spr\u00e2ncene SAPPHIRE?<\/strong>\n<ul>\n \t<li>Oricine se confrunt\u0103 cu rar\u0103 sau deficien\u021b\u0103 \u00een zona spr\u00e2ncenelor \u0219i, \u00een general, persoanele s\u0103n\u0103toase, pot lua \u00een considerare transplantul de spr\u00e2ncene SAPPHIRE.<\/li>\n<\/ul>\n<strong>Concluzie:<\/strong> Transplantul de sprancene realizat cu tehnologia SAPPHIRE ofera o solutie inovatoare lumii estetice care combina naturaletea si perfectiunea. V\u00e2rfurile de safir marcheaz\u0103 o nou\u0103 er\u0103 \u00een frumuse\u021be, duc\u00e2nd estetica spr\u00e2ncenelor la un nivel mai sub\u021bire, mai natural \u0219i mai estetic.\t\t\t\t\t\t\t\t<\/div>\n\t\t\t\t<\/div>\n\t\t\t\t\t<\/div>\n\t\t<\/div>\n\t\t\t\t\t<\/div>\n\t\t<\/section>\n\t\t\t\t<\/div>","protected":false},"excerpt":{"rendered":"<p>Sapphire Ka\u015f Ekimi Hastanede Kal\u0131\u015f S\u00fcresi: Gerekli De\u011fil Operasyon S\u00fcresi: 6-8 Saat Anestezi: Lokal \u0130yile\u015fme S\u00fcresi: 6-12 Ay Hemen Randevu Al\u0131n Ka\u015flar, y\u00fcz g\u00fczelli\u011finin \u00f6nemli bir par\u00e7as\u0131d\u0131r ve estetik d\u00fcnyas\u0131, SAPPHIRE teknolojisinin getirdi\u011fi inovasyon ile bu alanda yeni bir d\u00f6neme girmi\u015ftir. Safir u\u00e7lu b\u0131\u00e7aklar, ka\u015f ekimi operasyonlar\u0131na estetik bir dokunu\u015f katarken do\u011fall\u0131\u011f\u0131 ve m\u00fckemmelli\u011fi bir [&hellip;]<\/p>\n","protected":false},"author":2,"featured_media":0,"parent":0,"menu_order":0,"comment_status":"closed","ping_status":"closed","template":"","meta":{"postBodyMargin":[],"postBodyPadding":[],"postBodyBackground":{"backgroundType":"classic","gradient":""},"footnotes":""},"class_list":["post-13582","page","type-page","status-publish","hentry"],"_links":{"self":[{"href":"https:\/\/seldacenter.com\/ro\/wp-json\/wp\/v2\/pages\/13582","targetHints":{"allow":["GET"]}}],"collection":[{"href":"https:\/\/seldacenter.com\/ro\/wp-json\/wp\/v2\/pages"}],"about":[{"href":"https:\/\/seldacenter.com\/ro\/wp-json\/wp\/v2\/types\/page"}],"author":[{"embeddable":true,"href":"https:\/\/seldacenter.com\/ro\/wp-json\/wp\/v2\/users\/2"}],"replies":[{"embeddable":true,"href":"https:\/\/seldacenter.com\/ro\/wp-json\/wp\/v2\/comments?post=13582"}],"version-history":[{"count":13,"href":"https:\/\/seldacenter.com\/ro\/wp-json\/wp\/v2\/pages\/13582\/revisions"}],"predecessor-version":[{"id":13826,"href":"https:\/\/seldacenter.com\/ro\/wp-json\/wp\/v2\/pages\/13582\/revisions\/13826"}],"wp:attachment":[{"href":"https:\/\/seldacenter.com\/ro\/wp-json\/wp\/v2\/media?parent=13582"}],"curies":[{"name":"wp","href":"https:\/\/api.w.org\/{rel}","templated":true}]}}