{"id":13564,"date":"2024-02-17T18:33:36","date_gmt":"2024-02-17T18:33:36","guid":{"rendered":"https:\/\/seldacenter.com\/yeniyapi\/?page_id=13564"},"modified":"2024-03-02T01:56:41","modified_gmt":"2024-03-02T01:56:41","slug":"e-max-veneers","status":"publish","type":"page","link":"https:\/\/seldacenter.com\/ro\/e-max-veneers\/","title":{"rendered":"Fa\u021bete E-Max"},"content":{"rendered":"<div data-elementor-type=\"wp-page\" data-elementor-id=\"13564\" class=\"elementor elementor-13564\" data-elementor-post-type=\"page\">\n\t\t\t\t<section class=\"elementor-section elementor-top-section elementor-element elementor-element-2444759 elementor-section-boxed elementor-section-height-default elementor-section-height-default\" data-id=\"2444759\" data-element_type=\"section\">\n\t\t\t\t\t\t<div class=\"elementor-container elementor-column-gap-default\">\n\t\t\t\t\t<div class=\"elementor-column elementor-col-50 elementor-top-column elementor-element elementor-element-5beef38\" data-id=\"5beef38\" data-element_type=\"column\" data-settings=\"{&quot;background_background&quot;:&quot;classic&quot;}\">\n\t\t\t<div class=\"elementor-widget-wrap elementor-element-populated\">\n\t\t\t\t\t\t<div class=\"elementor-element elementor-element-85ee19f elementor-widget elementor-widget-image\" data-id=\"85ee19f\" data-element_type=\"widget\" data-widget_type=\"image.default\">\n\t\t\t\t<div class=\"elementor-widget-container\">\n\t\t\t\t\t\t\t\t\t\t\t\t\t\t\t<img fetchpriority=\"high\" decoding=\"async\" width=\"996\" height=\"664\" src=\"https:\/\/seldacenter.com\/wp-content\/uploads\/2024\/03\/dentist-with-smile_144627-891.jpg\" class=\"attachment-full size-full wp-image-14211\" alt=\"\" srcset=\"https:\/\/seldacenter.com\/wp-content\/uploads\/2024\/03\/dentist-with-smile_144627-891.jpg 996w, https:\/\/seldacenter.com\/wp-content\/uploads\/2024\/03\/dentist-with-smile_144627-891-600x400.jpg 600w, https:\/\/seldacenter.com\/wp-content\/uploads\/2024\/03\/dentist-with-smile_144627-891-300x200.jpg 300w, https:\/\/seldacenter.com\/wp-content\/uploads\/2024\/03\/dentist-with-smile_144627-891-768x512.jpg 768w\" sizes=\"(max-width: 996px) 100vw, 996px\" \/>\t\t\t\t\t\t\t\t\t\t\t\t\t\t\t<\/div>\n\t\t\t\t<\/div>\n\t\t\t\t\t<\/div>\n\t\t<\/div>\n\t\t\t\t<div class=\"elementor-column elementor-col-50 elementor-top-column elementor-element elementor-element-f9dd004\" data-id=\"f9dd004\" data-element_type=\"column\">\n\t\t\t<div class=\"elementor-widget-wrap elementor-element-populated\">\n\t\t\t\t\t\t<div class=\"elementor-element elementor-element-b2a9459 elementor-widget-divider--view-line_text elementor-widget-divider--element-align-left elementor-widget elementor-widget-divider\" data-id=\"b2a9459\" data-element_type=\"widget\" data-widget_type=\"divider.default\">\n\t\t\t\t<div class=\"elementor-widget-container\">\n\t\t\t\t\t\t\t<div class=\"elementor-divider\">\n\t\t\t<span class=\"elementor-divider-separator\">\n\t\t\t\t\t\t\t<h3 class=\"elementor-divider__text elementor-divider__element\">\n\t\t\t\tFa\u021bete E-Max\t\t\t\t<\/h3>\n\t\t\t\t\t\t<\/span>\n\t\t<\/div>\n\t\t\t\t\t\t<\/div>\n\t\t\t\t<\/div>\n\t\t\t\t<div class=\"elementor-element elementor-element-3e017ee elementor-align-left elementor-icon-list--layout-traditional elementor-list-item-link-full_width elementor-widget elementor-widget-icon-list\" data-id=\"3e017ee\" data-element_type=\"widget\" data-widget_type=\"icon-list.default\">\n\t\t\t\t<div class=\"elementor-widget-container\">\n\t\t\t\t\t\t\t<ul class=\"elementor-icon-list-items\">\n\t\t\t\t\t\t\t<li class=\"elementor-icon-list-item\">\n\t\t\t\t\t\t\t\t\t\t\t<span class=\"elementor-icon-list-icon\">\n\t\t\t\t\t\t\t<svg aria-hidden=\"true\" class=\"e-font-icon-svg e-far-hospital\" viewbox=\"0 0 448 512\" xmlns=\"http:\/\/www.w3.org\/2000\/svg\"><path d=\"M128 244v-40c0-6.627 5.373-12 12-12h40c6.627 0 12 5.373 12 12v40c0 6.627-5.373 12-12 12h-40c-6.627 0-12-5.373-12-12zm140 12h40c6.627 0 12-5.373 12-12v-40c0-6.627-5.373-12-12-12h-40c-6.627 0-12 5.373-12 12v40c0 6.627 5.373 12 12 12zm-76 84v-40c0-6.627-5.373-12-12-12h-40c-6.627 0-12 5.373-12 12v40c0 6.627 5.373 12 12 12h40c6.627 0 12-5.373 12-12zm76 12h40c6.627 0 12-5.373 12-12v-40c0-6.627-5.373-12-12-12h-40c-6.627 0-12 5.373-12 12v40c0 6.627 5.373 12 12 12zm180 124v36H0v-36c0-6.627 5.373-12 12-12h19.5V85.035C31.5 73.418 42.245 64 55.5 64H144V24c0-13.255 10.745-24 24-24h112c13.255 0 24 10.745 24 24v40h88.5c13.255 0 24 9.418 24 21.035V464H436c6.627 0 12 5.373 12 12zM79.5 463H192v-67c0-6.627 5.373-12 12-12h40c6.627 0 12 5.373 12 12v67h112.5V112H304v24c0 13.255-10.745 24-24 24H168c-13.255 0-24-10.745-24-24v-24H79.5v351zM266 64h-26V38a6 6 0 0 0-6-6h-20a6 6 0 0 0-6 6v26h-26a6 6 0 0 0-6 6v20a6 6 0 0 0 6 6h26v26a6 6 0 0 0 6 6h20a6 6 0 0 0 6-6V96h26a6 6 0 0 0 6-6V70a6 6 0 0 0-6-6z\"><\/path><\/svg>\t\t\t\t\t\t<\/span>\n\t\t\t\t\t\t\t\t\t\t<span class=\"elementor-icon-list-text\">Durata \u0219ederii \u00een spital: Nu este necesar\u0103<\/span>\n\t\t\t\t\t\t\t\t\t<\/li>\n\t\t\t\t\t\t\t\t<li class=\"elementor-icon-list-item\">\n\t\t\t\t\t\t\t\t\t\t\t<span class=\"elementor-icon-list-icon\">\n\t\t\t\t\t\t\t<svg aria-hidden=\"true\" class=\"e-font-icon-svg e-far-clock\" viewbox=\"0 0 512 512\" xmlns=\"http:\/\/www.w3.org\/2000\/svg\"><path d=\"M256 8C119 8 8 119 8 256s111 248 248 248 248-111 248-248S393 8 256 8zm0 448c-110.5 0-200-89.5-200-200S145.5 56 256 56s200 89.5 200 200-89.5 200-200 200zm61.8-104.4l-84.9-61.7c-3.1-2.3-4.9-5.9-4.9-9.7V116c0-6.6 5.4-12 12-12h32c6.6 0 12 5.4 12 12v141.7l66.8 48.6c5.4 3.9 6.5 11.4 2.6 16.8L334.6 349c-3.9 5.3-11.4 6.5-16.8 2.6z\"><\/path><\/svg>\t\t\t\t\t\t<\/span>\n\t\t\t\t\t\t\t\t\t\t<span class=\"elementor-icon-list-text\">Timp de func\u021bionare: 6-8 ore<\/span>\n\t\t\t\t\t\t\t\t\t<\/li>\n\t\t\t\t\t\t\t\t<li class=\"elementor-icon-list-item\">\n\t\t\t\t\t\t\t\t\t\t\t<span class=\"elementor-icon-list-icon\">\n\t\t\t\t\t\t\t<svg aria-hidden=\"true\" class=\"e-font-icon-svg e-fas-syringe\" viewbox=\"0 0 512 512\" xmlns=\"http:\/\/www.w3.org\/2000\/svg\"><path d=\"M201.5 174.8l55.7 55.8c3.1 3.1 3.1 8.2 0 11.3l-11.3 11.3c-3.1 3.1-8.2 3.1-11.3 0l-55.7-55.8-45.3 45.3 55.8 55.8c3.1 3.1 3.1 8.2 0 11.3l-11.3 11.3c-3.1 3.1-8.2 3.1-11.3 0L111 265.2l-26.4 26.4c-17.3 17.3-25.6 41.1-23 65.4l7.1 63.6L2.3 487c-3.1 3.1-3.1 8.2 0 11.3l11.3 11.3c3.1 3.1 8.2 3.1 11.3 0l66.3-66.3 63.6 7.1c23.9 2.6 47.9-5.4 65.4-23l181.9-181.9-135.7-135.7-64.9 65zm308.2-93.3L430.5 2.3c-3.1-3.1-8.2-3.1-11.3 0l-11.3 11.3c-3.1 3.1-3.1 8.2 0 11.3l28.3 28.3-45.3 45.3-56.6-56.6-17-17c-3.1-3.1-8.2-3.1-11.3 0l-33.9 33.9c-3.1 3.1-3.1 8.2 0 11.3l17 17L424.8 223l17 17c3.1 3.1 8.2 3.1 11.3 0l33.9-34c3.1-3.1 3.1-8.2 0-11.3l-73.5-73.5 45.3-45.3 28.3 28.3c3.1 3.1 8.2 3.1 11.3 0l11.3-11.3c3.1-3.2 3.1-8.2 0-11.4z\"><\/path><\/svg>\t\t\t\t\t\t<\/span>\n\t\t\t\t\t\t\t\t\t\t<span class=\"elementor-icon-list-text\">Anestezie: Local\u0103<\/span>\n\t\t\t\t\t\t\t\t\t<\/li>\n\t\t\t\t\t\t\t\t<li class=\"elementor-icon-list-item\">\n\t\t\t\t\t\t\t\t\t\t\t<span class=\"elementor-icon-list-icon\">\n\t\t\t\t\t\t\t<svg aria-hidden=\"true\" class=\"e-font-icon-svg e-far-heart\" viewbox=\"0 0 512 512\" xmlns=\"http:\/\/www.w3.org\/2000\/svg\"><path d=\"M458.4 64.3C400.6 15.7 311.3 23 256 79.3 200.7 23 111.4 15.6 53.6 64.3-21.6 127.6-10.6 230.8 43 285.5l175.4 178.7c10 10.2 23.4 15.9 37.6 15.9 14.3 0 27.6-5.6 37.6-15.8L469 285.6c53.5-54.7 64.7-157.9-10.6-221.3zm-23.6 187.5L259.4 430.5c-2.4 2.4-4.4 2.4-6.8 0L77.2 251.8c-36.5-37.2-43.9-107.6 7.3-150.7 38.9-32.7 98.9-27.8 136.5 10.5l35 35.7 35-35.7c37.8-38.5 97.8-43.2 136.5-10.6 51.1 43.1 43.5 113.9 7.3 150.8z\"><\/path><\/svg>\t\t\t\t\t\t<\/span>\n\t\t\t\t\t\t\t\t\t\t<span class=\"elementor-icon-list-text\">Timp de recuperare: Imediat<\/span>\n\t\t\t\t\t\t\t\t\t<\/li>\n\t\t\t\t\t\t<\/ul>\n\t\t\t\t\t\t<\/div>\n\t\t\t\t<\/div>\n\t\t\t\t<div class=\"elementor-element elementor-element-2fbe254 elementor-align-justify elementor-widget elementor-widget-button\" data-id=\"2fbe254\" data-element_type=\"widget\" data-widget_type=\"button.default\">\n\t\t\t\t<div class=\"elementor-widget-container\">\n\t\t\t\t\t\t\t\t\t<div class=\"elementor-button-wrapper\">\n\t\t\t\t\t<a class=\"elementor-button elementor-button-link elementor-size-sm elementor-animation-buzz\" href=\"https:\/\/seldacenter.com\/ro\/\">\n\t\t\t\t\t\t<span class=\"elementor-button-content-wrapper\">\n\t\t\t\t\t\t\t\t\t<span class=\"elementor-button-text\">Face\u021bi o programare acum<\/span>\n\t\t\t\t\t<\/span>\n\t\t\t\t\t<\/a>\n\t\t\t\t<\/div>\n\t\t\t\t\t\t\t\t<\/div>\n\t\t\t\t<\/div>\n\t\t\t\t\t<\/div>\n\t\t<\/div>\n\t\t\t\t\t<\/div>\n\t\t<\/section>\n\t\t\t\t<section class=\"elementor-section elementor-top-section elementor-element elementor-element-2479ad56 elementor-section-boxed elementor-section-height-default elementor-section-height-default\" data-id=\"2479ad56\" data-element_type=\"section\">\n\t\t\t\t\t\t<div class=\"elementor-container elementor-column-gap-default\">\n\t\t\t\t\t<div class=\"elementor-column elementor-col-100 elementor-top-column elementor-element elementor-element-4ee14440\" data-id=\"4ee14440\" data-element_type=\"column\">\n\t\t\t<div class=\"elementor-widget-wrap elementor-element-populated\">\n\t\t\t\t\t\t<div class=\"elementor-element elementor-element-3bfbc355 elementor-widget elementor-widget-text-editor\" data-id=\"3bfbc355\" data-element_type=\"widget\" data-widget_type=\"text-editor.default\">\n\t\t\t\t<div class=\"elementor-widget-container\"><p>Ast\u0103zi, stomatologia estetic\u0103 a suferit o mare evolu\u021bie cu materialele \u0219i metodele avansate oferite de tehnologie. Fa\u021betele E-Max se remarc\u0103 ca una dintre aceste inova\u021bii \u0219i ofer\u0103 pacien\u021bilor o combina\u021bie excelent\u0103 de estetic\u0103 \u0219i durabilitate. \u00cen acest articol, \u00eentreb\u0103ri precum ce sunt fa\u021betele E-Max, care sunt avantajele lor, cum sunt aplicate \u0219i pentru cine sunt potrivite vor primi r\u0103spunsuri cuprinz\u0103toare.<\/p><p><strong>Ce este E-Max Veneers?<\/strong><\/p><p>Fa\u021betele E-Max sunt fa\u021bete sub\u021biri din material por\u021belan disilicat de litiu. Aceste fatete, aplicate in special pe dintii frontali, sunt o solutie ideala pentru pacientii cu probleme estetice. Materialul disilicat de litiu are propriet\u0103\u021bi foarte asem\u0103n\u0103toare cu din\u021bii naturali \u0219i este, de asemenea, cunoscut pentru durabilitatea sa.<\/p><p><strong>Avantaje<\/strong><\/p><p><strong>1. Aspectul estetic<\/strong><\/p><p>Fa\u021betele E-Max sunt fa\u021bete transparente, sub\u021biri, care imit\u0103 aspectul din\u021bilor naturali. Datorit\u0103 permeabilit\u0103\u021bii lor u\u0219oare, str\u0103lucesc ca din\u021bii naturali \u0219i promit pacien\u021bilor un z\u00e2mbet estetic.<\/p><p><strong>2. Durabilitate ridicat\u0103<\/strong><\/p><p>Materialul disilicat de litiu face ca fa\u021betele E-Max s\u0103 fie foarte rezistente \u0219i durabile pentru din\u021bi. Poate face fa\u021b\u0103 activit\u0103\u021bilor zilnice \u0219i ofer\u0103 o solu\u021bie de lung\u0103 durat\u0103.<\/p><p><strong>3. Biocompatibil<\/strong><\/p><p>Fa\u021betele E-Max con\u021bin disilicat de litiu, un material compatibil cu corpul. Aceast\u0103 caracteristic\u0103 minimizeaz\u0103 riscul de reac\u021bii alergice \u0219i cre\u0219te biocompatibilitatea.<\/p><p><strong>4. Minim invaziv<\/strong><\/p><p>Pilirea din\u021bilor este minim\u0103, adic\u0103 un proces de tratament mai pu\u021bin invaziv. Denti\u0219tii adopt\u0103 o abordare mai sensibil\u0103 pentru p\u0103strarea \u021besutului dentar s\u0103n\u0103tos.<\/p><p><strong>5. Constanta culorii<\/strong><\/p><p>Fatetele E-Max au caracteristica de a nu schimba culoarea in timp. Acest lucru \u00eel ajut\u0103 s\u0103-\u0219i men\u021bin\u0103 aspectul estetic pe termen lung.<\/p><p><strong>Procesul de aplicare<\/strong><\/p><p><strong>1. Inspec\u021bie \u0219i planificare<\/strong><\/p><p>Medicul dentist evalueaz\u0103 nevoile pacientului, examineaz\u0103 structura dentar\u0103 \u0219i creeaz\u0103 un plan de tratament. Alegerea culorii \u0219i forma furnirurilor sunt determinate.<\/p><p><strong>2. Faza de preg\u0103tire<\/strong><\/p><p>Suprafa\u021ba frontal\u0103 a din\u021bilor este pilit\u0103 minim. Medicul dentist face m\u0103sur\u0103tori \u0219i preg\u0103te\u0219te fa\u021bete potrivite pentru structura dentar\u0103 a pacientului.<\/p><p><strong>3. Preg\u0103tirea de laborator<\/strong><\/p><p>Amprentele sunt trimise la un laborator dentar \u0219i fa\u021betele speciale sunt preg\u0103tite de tehnicieni exper\u021bi.<\/p><p><strong>4. Plasarea<\/strong><\/p><p>Dup\u0103 ce fa\u021betele sunt preg\u0103tite, acestea sunt a\u0219ezate pe din\u021bii pacientului de c\u0103tre medicul stomatolog. Culoarea \u0219i potrivirea sunt verificate.<\/p><p><strong>5. Decuparea \u0219i lipirea<\/strong><\/p><p>Dac\u0103 este necesar, se fac corec\u021bii \u0219i se pun \u00een permanen\u021b\u0103 fa\u021bete pe din\u021bi cu adezivi speciali.<\/p><p><strong>Pentru cine este potrivit?<\/strong><\/p><p>Fa\u021betele E-Max sunt o op\u021biune potrivit\u0103 pentru oricine are preocup\u0103ri estetice \u0219i dore\u0219te s\u0103-\u0219i \u00eembun\u0103t\u0103\u021beasc\u0103 aspectul din\u021bilor. Pacien\u021bii care doresc s\u0103 corecteze culoarea din\u021bilor, s\u0103 \u00eenchid\u0103 fisurile, s\u0103 \u00eenchid\u0103 golurile \u0219i forma corect\u0103 a din\u021bilor pot lua \u00een considerare acest tratament.<\/p><p><strong>Concluzie<\/strong><\/p><p>Fa\u021betele E-Max reprezint\u0103 un progres semnificativ \u00een stomatologia estetic\u0103 \u0219i promit pacien\u021bilor un z\u00e2mbet cu aspect natural, durabil \u0219i de lung\u0103 durat\u0103. Consult\u00e2ndu-te cu medicul dentist, po\u021bi crea cel mai potrivit plan de tratament pentru tine \u0219i po\u021bi ob\u021bine z\u00e2mbetul visurilor tale cu fatetele E-Max. Aminti\u021bi-v\u0103, un z\u00e2mbet frumos nu este doar estetic, ci v\u0103 poate cre\u0219te \u0219i \u00eencrederea \u00een sine.<\/p><\/div>\n\t\t\t\t<\/div>\n\t\t\t\t\t<\/div>\n\t\t<\/div>\n\t\t\t\t\t<\/div>\n\t\t<\/section>\t\t<\/div>","protected":false},"excerpt":{"rendered":"<p>E-Max Veneers Hastanede Kal\u0131\u015f S\u00fcresi: Gerekli De\u011fil Operasyon S\u00fcresi: 6-8 Saat Anestezi: Lokal \u0130yile\u015fme S\u00fcresi: Hemen Hemen Randevu Al\u0131n G\u00fcn\u00fcm\u00fczde estetik di\u015f hekimli\u011fi, teknolojinin sundu\u011fu ileri malzemeler ve y\u00f6ntemlerle b\u00fcy\u00fck bir evrim ge\u00e7irmi\u015ftir. E-Max veneers, bu yeniliklerden biri olarak \u00f6ne \u00e7\u0131kmakta ve hastalara m\u00fckemmel bir estetik ve dayan\u0131kl\u0131l\u0131k kombinasyonu sunmaktad\u0131r. Bu makalede, E-Max veneers&#8217;\u0131n nedir, [&hellip;]<\/p>\n","protected":false},"author":2,"featured_media":0,"parent":0,"menu_order":0,"comment_status":"closed","ping_status":"closed","template":"","meta":{"postBodyMargin":[],"postBodyPadding":[],"postBodyBackground":{"backgroundType":"classic","gradient":""},"footnotes":""},"class_list":["post-13564","page","type-page","status-publish","hentry"],"_links":{"self":[{"href":"https:\/\/seldacenter.com\/ro\/wp-json\/wp\/v2\/pages\/13564","targetHints":{"allow":["GET"]}}],"collection":[{"href":"https:\/\/seldacenter.com\/ro\/wp-json\/wp\/v2\/pages"}],"about":[{"href":"https:\/\/seldacenter.com\/ro\/wp-json\/wp\/v2\/types\/page"}],"author":[{"embeddable":true,"href":"https:\/\/seldacenter.com\/ro\/wp-json\/wp\/v2\/users\/2"}],"replies":[{"embeddable":true,"href":"https:\/\/seldacenter.com\/ro\/wp-json\/wp\/v2\/comments?post=13564"}],"version-history":[{"count":10,"href":"https:\/\/seldacenter.com\/ro\/wp-json\/wp\/v2\/pages\/13564\/revisions"}],"predecessor-version":[{"id":14214,"href":"https:\/\/seldacenter.com\/ro\/wp-json\/wp\/v2\/pages\/13564\/revisions\/14214"}],"wp:attachment":[{"href":"https:\/\/seldacenter.com\/ro\/wp-json\/wp\/v2\/media?parent=13564"}],"curies":[{"name":"wp","href":"https:\/\/api.w.org\/{rel}","templated":true}]}}